{"id":6582,"date":"2024-02-05T06:12:11","date_gmt":"2024-02-05T06:12:11","guid":{"rendered":"https:\/\/longchangchemical.com\/?post_type=product&#038;p=6582"},"modified":"2026-05-08T03:00:01","modified_gmt":"2026-05-08T03:00:01","slug":"hmf-cas-67-47-0","status":"publish","type":"product","link":"https:\/\/longchangchemical.com\/pt\/product\/hmf-cas-67-47-0\/","title":{"rendered":"Hidroximetilfurfural \/ HMF CAS 67-47-0"},"content":{"rendered":"<h2><strong>Hidroximetilfurfural \/ HMF CAS 67-47-0<\/strong><\/h2>\n<p>O 5-hidroximetilfurfural \u00e9 uma importante mat\u00e9ria-prima qu\u00edmica. Ele cont\u00e9m um grupo alde\u00eddo e um grupo hidroximetil em sua mol\u00e9cula e pode ser usado para a s\u00edntese de muitos compostos \u00fateis e novos materiais polim\u00e9ricos, inclusive produtos farmac\u00eauticos, pl\u00e1sticos resinosos, aditivos para combust\u00edvel diesel etc., por meio de hidrogena\u00e7\u00e3o, desidrogena\u00e7\u00e3o oxidativa, esterifica\u00e7\u00e3o, halogena\u00e7\u00e3o, polimeriza\u00e7\u00e3o, hidr\u00f3lise e outras rea\u00e7\u00f5es qu\u00edmicas. Em particular, os poli\u00e9steres PEF de base biol\u00f3gica baseados em \u00e1cido furanodicarbox\u00edlico demonstraram muitas propriedades superiores \u00e0s do PET (politereftalato de etileno) derivado do petr\u00f3leo.<\/p>\n<p>&nbsp;<\/p>\n<p><strong><b>Padr\u00e3o<\/b><\/strong><\/p>\n<table>\n<tbody>\n<tr>\n<td width=\"189\">Item<\/td>\n<td width=\"264\">Especifica\u00e7\u00e3o<\/td>\n<\/tr>\n<tr>\n<td width=\"189\">Apar\u00eancia<\/td>\n<td width=\"264\">S\u00f3lido marrom e amarelo<\/td>\n<\/tr>\n<tr>\n<td width=\"189\">Ponto de fus\u00e3o<\/td>\n<td width=\"264\">28-34 \u00b0C<\/td>\n<\/tr>\n<tr>\n<td width=\"189\">Ponto de ebuli\u00e7\u00e3o<\/td>\n<td width=\"264\">114-116 \u00b0C a 1 mm Hg<\/td>\n<\/tr>\n<tr>\n<td width=\"189\">Densidade<\/td>\n<td width=\"264\">1,243g\/mL a 25 \u00b0C<\/td>\n<\/tr>\n<\/tbody>\n<\/table>\n<p><strong><b>\u00a0<\/b><\/strong><\/p>\n<p><strong>Aplicativo: <\/strong><\/p>\n<p>Ele pode ser usado em embalagens pl\u00e1sticas degrad\u00e1veis, materiais funcionais especiais, surfactantes, sabores e fragr\u00e2ncias e outros setores de qu\u00edmica fina ou farmac\u00eautico.<\/p>\n<p>&nbsp;<\/p>\n<p><strong><b>P<\/b><\/strong><strong><b>ackag<\/b><\/strong><strong><b>e<\/b><\/strong><strong><b>:<\/b><\/strong>25 kg\/tambor<\/p>\n<p><strong><b>\u00a0<\/b><\/strong><\/p>\n<p><strong><b>Armazenamento: <\/b><\/strong><\/p>\n<p>Sens\u00edvel ao ar, \u00e0 luz e ao calor, com forte absor\u00e7\u00e3o de umidade.<\/p>\n<p>Selado e armazenado em baixa temperatura (&lt;0 \u2103).<\/p>\n<h2><strong><b>Entre em contato conosco agora!<\/b><\/strong><\/h2>\n<h4><strong><b>Se precisar do Price, preencha suas informa\u00e7\u00f5es de contato no formul\u00e1rio abaixo. Normalmente, entraremos em contato dentro de 24 horas. Voc\u00ea tamb\u00e9m pode me enviar um e-mail\u00a0<span style=\"color: #00ccff;\"><a style=\"color: #00ccff;\" href=\"mailto:info@longchangchemical.com\">info@longchangchemical.com<\/a>\u00a0<\/span>durante o hor\u00e1rio comercial (das 8h30 \u00e0s 18h UTC+8 de segunda a s\u00e1bado) ou use o bate-papo ao vivo do site para obter uma resposta imediata.<\/b><\/strong><\/h4>\n<p>&nbsp;<\/p>\n<p><!--more--><\/p>\n<p>Progresso da pesquisa sobre a aplica\u00e7\u00e3o de catalisadores na prote\u00e7\u00e3o ambiental<\/p>\n<p>1. Defini\u00e7\u00e3o de catalisadores de prote\u00e7\u00e3o ambiental Os catalisadores de prote\u00e7\u00e3o ambiental referem-se aos catalisadores usados para proteger e melhorar o ambiente ao redor, tratando subst\u00e2ncias t\u00f3xicas e perigosas de forma direta ou indireta, tornando-as inofensivas ou reduzindo-as para proteger e melhorar o ambiente ao redor. O escopo dos catalisadores de prote\u00e7\u00e3o ambiental pode ser considerado como todos os catalisadores que s\u00e3o ben\u00e9ficos para a prote\u00e7\u00e3o ambiental em um sentido amplo, incluindo processos de s\u00edntese catal\u00edtica que n\u00e3o querem ou n\u00e3o produzem subprodutos nocivos; em um sentido restrito, s\u00e3o os tipos de catalisadores envolvidos com a melhoria do efeito estufa, a destrui\u00e7\u00e3o da camada de oz\u00f4nio, a amplia\u00e7\u00e3o do escopo da chuva \u00e1cida e a polui\u00e7\u00e3o de corpos d'\u00e1gua. Os catalisadores ambientais s\u00e3o divididos em diretos e indiretos. Por exemplo, o catalisador usado para remover \u00f3xidos de nitrog\u00eanio (NOX) do g\u00e1s de escape pertence \u00e0 categoria direta; e o catalisador usado para inibir a produ\u00e7\u00e3o de NOX no processo de combust\u00e3o pertence \u00e0 categoria indireta.<\/p>\n<p>2.1 Catalisadores para ve\u00edculos de queima pobre Quando os motores a diesel s\u00e3o operados em condi\u00e7\u00f5es de queima pobre, a rela\u00e7\u00e3o ar-combust\u00edvel (rela\u00e7\u00e3o entre ar e combust\u00edvel) dos motores a gasolina \u00e9 superior a 17:1, ou at\u00e9 mais. Nesse momento, o desempenho da pot\u00eancia do motor pode ser bastante aprimorado, reduzindo as emiss\u00f5es de CO, hidrocarbonetos e CO2; no entanto, as emiss\u00f5es de NOx aumentam bastante. Para os catalisadores de metais preciosos de tr\u00eas efeitos atualmente populares, uma rela\u00e7\u00e3o ar-combust\u00edvel t\u00e3o alta est\u00e1 al\u00e9m da faixa de opera\u00e7\u00e3o normal e, portanto, n\u00e3o pode melhorar efetivamente a redu\u00e7\u00e3o de NOx. Portanto, devem ser desenvolvidos novos catalisadores automotivos que possam melhorar a convers\u00e3o de NOx em condi\u00e7\u00f5es de baixa press\u00e3o, e a redu\u00e7\u00e3o catal\u00edtica de NOx em condi\u00e7\u00f5es de baixa press\u00e3o tem atra\u00eddo o interesse dos pesquisadores. Quando esse catalisador for pesquisado com sucesso, ele ser\u00e1 amplamente utilizado em ve\u00edculos com motores a diesel e motores a gasolina pobres em \u00f3leo.<\/p>\n<p>2.2 Pesquisa sobre dessulfuriza\u00e7\u00e3o de g\u00e1s de combust\u00e3o O melhor m\u00e9todo para dessulfuriza\u00e7\u00e3o de g\u00e1s de combust\u00e3o \u00e9 a redu\u00e7\u00e3o catal\u00edtica seletiva de SO2 a enxofre elementar. Esse m\u00e9todo n\u00e3o s\u00f3 elimina a fonte de polui\u00e7\u00e3o de SO2 no g\u00e1s de combust\u00e3o, mas tamb\u00e9m recupera o produto, ou seja, o enxofre elementar s\u00f3lido, que n\u00e3o s\u00f3 \u00e9 f\u00e1cil de transportar, mas tamb\u00e9m pode ser reutilizado. No momento, a maioria dos m\u00e9todos de redu\u00e7\u00e3o catal\u00edtica seletiva de SO2 para enxofre elementar est\u00e1 em fase de pesquisa. Os problemas s\u00e3o a interfer\u00eancia do excesso de oxig\u00eanio no g\u00e1s de combust\u00e3o no processo de redu\u00e7\u00e3o e o envenenamento do catalisador.<\/p>\n<p>2.3 Tratamento de oxida\u00e7\u00e3o catal\u00edtica de \u00e1guas residuais org\u00e2nicas n\u00e3o degrad\u00e1veis de alta concentra\u00e7\u00e3o Com o desenvolvimento dos setores farmac\u00eautico, qu\u00edmico e de corantes, h\u00e1 cada vez mais \u00e1guas residuais n\u00e3o degrad\u00e1veis de alta concentra\u00e7\u00e3o, que se caracterizam pela alta toxicidade dos poluentes, alta concentra\u00e7\u00e3o de poluentes, dificuldade de biodegrada\u00e7\u00e3o e alto teor de sais inorg\u00e2nicos. Um dos m\u00e9todos mais eficazes para tratar essas \u00e1guas residuais \u00e9 a oxida\u00e7\u00e3o qu\u00edmica. Atualmente, a tecnologia de oxida\u00e7\u00e3o catal\u00edtica \u00famida de alta efici\u00eancia \u00e9 um t\u00f3pico de pesquisa popular. Esse m\u00e9todo pode oxidar diretamente os poluentes org\u00e2nicos na \u00e1gua ou oxidar os poluentes org\u00e2nicos de mol\u00e9culas grandes na \u00e1gua em poluentes org\u00e2nicos de mol\u00e9culas pequenas, a fim de melhorar a bioqu\u00edmica das \u00e1guas residuais. Com o tratamento bioqu\u00edmico, \u00e9 poss\u00edvel remover melhor os poluentes org\u00e2nicos da \u00e1gua. Esse m\u00e9todo \u00e9 comumente usado para aumentar a oxida\u00e7\u00e3o catal\u00edtica de poluentes org\u00e2nicos. Podem ser usados oxidantes: ar, per\u00f3xido de hidrog\u00eanio, oz\u00f4nio, hipoclorito de s\u00f3dio, di\u00f3xido de cloro e outros oxidantes. A chave para esse m\u00e9todo \u00e9 o desenvolvimento de catalisadores de oxida\u00e7\u00e3o n\u00e3o homog\u00eaneos altamente eficientes.<\/p>\n<p>2.4 Tipos de catalisadores de prote\u00e7\u00e3o ambiental e o uso da situa\u00e7\u00e3o atual H\u00e1 muitos tipos de problemas ambientais na Terra, e os problemas que precisam ser resolvidos com urg\u00eancia no momento s\u00e3o: o efeito estufa, a destrui\u00e7\u00e3o da camada de oz\u00f4nio, a expans\u00e3o do escopo da chuva \u00e1cida, a emiss\u00e3o de metais pesados e outros poluentes ambientais, a redu\u00e7\u00e3o das florestas tropicais e a desertifica\u00e7\u00e3o do solo, etc. Os tr\u00eas primeiros s\u00e3o os problemas mais importantes do mundo. Os tr\u00eas primeiros problemas s\u00e3o causados por subst\u00e2ncias qu\u00edmicas emitidas na atmosfera. Por exemplo, o di\u00f3xido de carbono (CO2), o metano (CH4) e o \u00f3xido nitroso (N2O) est\u00e3o todos relacionados ao efeito estufa, o Freon e o N2O destroem a camada de oz\u00f4nio e o di\u00f3xido de enxofre (SO2) e o NOX s\u00e3o os principais fatores na forma\u00e7\u00e3o da chuva \u00e1cida e do smog fotoqu\u00edmico, que podem ser eliminados ou reduzidos principalmente por meio de m\u00e9todos qu\u00edmicos. Devido \u00e0 baixa quantidade de reagentes envolvidos no processo de emiss\u00e3o dos poluentes acima, a temperatura da rea\u00e7\u00e3o \u00e9 muito alta ou muito baixa, e o tempo de contato entre os reagentes e o catalisador \u00e9 particularmente curto, etc., os catalisadores ambientais, em compara\u00e7\u00e3o com os catalisadores usados em outras rea\u00e7\u00f5es qu\u00edmicas, s\u00e3o mais dif\u00edceis de produzir e t\u00eam requisitos mais altos de atividade, seletividade e durabilidade dos catalisadores.<\/p>\n<p>2.5 Novos catalisadores de prote\u00e7\u00e3o ambiental<\/p>\n<p>2.5.1 Materiais de silicato A argila natural, como a montmorilonita, tem uma estrutura semelhante a uma peneira molecular e \u00e9 um transportador de catalisador e um bom adsorvente para o tratamento de \u00edons de metais pesados no esgoto. Ela \u00e9 amplamente utilizada como ve\u00edculo de catalisadores de prote\u00e7\u00e3o ambiental, como purifica\u00e7\u00e3o de escapamento de autom\u00f3veis, dessulfuriza\u00e7\u00e3o de g\u00e1s de combust\u00e3o, desnitrifica\u00e7\u00e3o e combust\u00e3o catal\u00edtica de g\u00e1s residual org\u00e2nico.<\/p>\n<p>2.5.2 O TiO2 \u00e9 um semicondutor do tipo N com boa condutividade fotossens\u00edvel, frequentemente usado como transportador de catalisador. Atualmente, o TiO2 \u00e9 amplamente utilizado como fotocatalisador e catalisador de eletrodo. Vidros, azulejos, m\u00f3veis e tecidos de cortina autolimpantes revestidos com TiO2 ativo catalisam e purificam automaticamente o ar interno sob a irradia\u00e7\u00e3o da luz solar e da luz.<\/p>\n<p>2.5.3 O processo biocatal\u00edtico geralmente se baseia em materiais biol\u00f3gicos n\u00e3o t\u00f3xicos e inofensivos como mat\u00e9rias-primas, que podem reagir em temperatura e press\u00e3o ambiente, e o processo \u00e9 simples. Os biocatalisadores s\u00e3o catalisadores verdes ideais devido \u00e0 sua alta taxa de convers\u00e3o, alta especificidade, baixos subprodutos e uso repetido. 2.5.4 O l\u00edquido i\u00f4nico em temperatura ambiente pode ser usado como catalisador \u00e1cido e solvente verde. Com as vantagens de f\u00e1cil produ\u00e7\u00e3o, baixa toxicidade, baixo pre\u00e7o, n\u00e3o combust\u00edvel, desempenho ajust\u00e1vel etc., prev\u00ea-se que ele seja um catalisador ecol\u00f3gico com potencial para causar uma revolu\u00e7\u00e3o no setor qu\u00edmico e boas perspectivas de aplica\u00e7\u00e3o industrial.<\/p>","protected":false},"excerpt":{"rendered":"<p><strong>Nome qu\u00edmico:<\/strong>\u00a05-Hidroximetilfurfural<\/p>\n<p><strong>Sin\u00f4nimo: <\/strong>5-(Hidroximetil)-2-furalde\u00eddo, HMF<\/p>\n<p><strong>N\u00ba CAS:<\/strong>\u00a067-47-0<\/p>\n<p><strong>MF<\/strong>: C6H6O3\u00a0 <strong>MW<\/strong><strong>: <\/strong>126.11<\/p>\n<p>&nbsp;<\/p>","protected":false},"featured_media":6721,"comment_status":"open","ping_status":"closed","template":"","meta":[],"product_brand":[],"product_cat":[69],"product_tag":[],"class_list":{"0":"post-6582","1":"product","2":"type-product","3":"status-publish","4":"has-post-thumbnail","6":"product_cat-catalysts-chemical-auxiliary-agents","8":"first","9":"instock","10":"shipping-taxable","11":"product-type-simple"},"yoast_head":"<!-- This site is optimized with the Yoast SEO plugin v25.3.1 - https:\/\/yoast.com\/wordpress\/plugins\/seo\/ -->\n<title>China Hydroxymethylfurfural Manufacturer \/ HMF supplier CAS 67-47-0 - Longchang Chemical<\/title>\n<meta name=\"description\" content=\"5-HMF is an organic compound derived from dehydration of certain sugars (hexoses). This yellow, low-melting solid is highly water-soluble. Buy 5-HMF from Longchang Chemical.\" \/>\n<meta name=\"robots\" content=\"index, follow, max-snippet:-1, max-image-preview:large, max-video-preview:-1\" \/>\n<link rel=\"canonical\" href=\"https:\/\/longchangchemical.com\/pt\/product\/hmf-cas-67-47-0\/\" \/>\n<meta property=\"og:locale\" content=\"pt_BR\" \/>\n<meta property=\"og:type\" content=\"article\" \/>\n<meta property=\"og:title\" content=\"China Hydroxymethylfurfural Manufacturer \/ HMF supplier CAS 67-47-0 - Longchang Chemical\" \/>\n<meta property=\"og:description\" content=\"5-HMF is an organic compound derived from dehydration of certain sugars (hexoses). This yellow, low-melting solid is highly water-soluble. Buy 5-HMF from Longchang Chemical.\" \/>\n<meta property=\"og:url\" content=\"https:\/\/longchangchemical.com\/pt\/product\/hmf-cas-67-47-0\/\" \/>\n<meta property=\"og:site_name\" content=\"Longchang Chemical\" \/>\n<meta property=\"article:modified_time\" content=\"2026-05-08T03:00:01+00:00\" \/>\n<meta property=\"og:image\" content=\"https:\/\/longchangchemical.com\/wp-content\/uploads\/2024\/02\/Hydroxymethylfurfural-HMF-CAS-67-47-0.jpg\" \/>\n\t<meta property=\"og:image:width\" content=\"800\" \/>\n\t<meta property=\"og:image:height\" content=\"800\" \/>\n\t<meta property=\"og:image:type\" content=\"image\/jpeg\" \/>\n<meta name=\"twitter:card\" content=\"summary_large_image\" \/>\n<script type=\"application\/ld+json\" class=\"yoast-schema-graph\">{\"@context\":\"https:\/\/schema.org\",\"@graph\":[{\"@type\":\"WebPage\",\"@id\":\"https:\/\/longchangchemical.com\/product\/hmf-cas-67-47-0\/\",\"url\":\"https:\/\/longchangchemical.com\/product\/hmf-cas-67-47-0\/\",\"name\":\"China Hydroxymethylfurfural Manufacturer \/ HMF supplier CAS 67-47-0 - Longchang Chemical\",\"isPartOf\":{\"@id\":\"https:\/\/longchangchemical.com\/#website\"},\"primaryImageOfPage\":{\"@id\":\"https:\/\/longchangchemical.com\/product\/hmf-cas-67-47-0\/#primaryimage\"},\"image\":{\"@id\":\"https:\/\/longchangchemical.com\/product\/hmf-cas-67-47-0\/#primaryimage\"},\"thumbnailUrl\":\"https:\/\/longchangchemical.com\/wp-content\/uploads\/2024\/02\/Hydroxymethylfurfural-HMF-CAS-67-47-0.jpg\",\"datePublished\":\"2024-02-05T06:12:11+00:00\",\"dateModified\":\"2026-05-08T03:00:01+00:00\",\"description\":\"5-HMF is an organic compound derived from dehydration of certain sugars (hexoses). This yellow, low-melting solid is highly water-soluble. Buy 5-HMF from Longchang Chemical.\",\"breadcrumb\":{\"@id\":\"https:\/\/longchangchemical.com\/product\/hmf-cas-67-47-0\/#breadcrumb\"},\"inLanguage\":\"pt-BR\",\"potentialAction\":[{\"@type\":\"ReadAction\",\"target\":[\"https:\/\/longchangchemical.com\/product\/hmf-cas-67-47-0\/\"]}]},{\"@type\":\"ImageObject\",\"inLanguage\":\"pt-BR\",\"@id\":\"https:\/\/longchangchemical.com\/product\/hmf-cas-67-47-0\/#primaryimage\",\"url\":\"https:\/\/longchangchemical.com\/wp-content\/uploads\/2024\/02\/Hydroxymethylfurfural-HMF-CAS-67-47-0.jpg\",\"contentUrl\":\"https:\/\/longchangchemical.com\/wp-content\/uploads\/2024\/02\/Hydroxymethylfurfural-HMF-CAS-67-47-0.jpg\",\"width\":800,\"height\":800},{\"@type\":\"BreadcrumbList\",\"@id\":\"https:\/\/longchangchemical.com\/product\/hmf-cas-67-47-0\/#breadcrumb\",\"itemListElement\":[{\"@type\":\"ListItem\",\"position\":1,\"name\":\"Home\",\"item\":\"https:\/\/longchangchemical.com\/\"},{\"@type\":\"ListItem\",\"position\":2,\"name\":\"Products Longchang\",\"item\":\"https:\/\/longchangchemical.com\/product\/\"},{\"@type\":\"ListItem\",\"position\":3,\"name\":\"Hydroxymethylfurfural \/ HMF CAS 67-47-0\"}]},{\"@type\":\"WebSite\",\"@id\":\"https:\/\/longchangchemical.com\/#website\",\"url\":\"https:\/\/longchangchemical.com\/\",\"name\":\"Longchang Chemical\",\"description\":\"China chemical manufacturer \uff06 supplier\",\"publisher\":{\"@id\":\"https:\/\/longchangchemical.com\/#organization\"},\"potentialAction\":[{\"@type\":\"SearchAction\",\"target\":{\"@type\":\"EntryPoint\",\"urlTemplate\":\"https:\/\/longchangchemical.com\/?s={search_term_string}\"},\"query-input\":{\"@type\":\"PropertyValueSpecification\",\"valueRequired\":true,\"valueName\":\"search_term_string\"}}],\"inLanguage\":\"pt-BR\"},{\"@type\":\"Organization\",\"@id\":\"https:\/\/longchangchemical.com\/#organization\",\"name\":\"Longchang Chemical\",\"url\":\"https:\/\/longchangchemical.com\/\",\"logo\":{\"@type\":\"ImageObject\",\"inLanguage\":\"pt-BR\",\"@id\":\"https:\/\/longchangchemical.com\/#\/schema\/logo\/image\/\",\"url\":\"https:\/\/longchangchemical.com\/wp-content\/uploads\/2020\/08\/cropped-longchang-logo.png\",\"contentUrl\":\"https:\/\/longchangchemical.com\/wp-content\/uploads\/2020\/08\/cropped-longchang-logo.png\",\"width\":512,\"height\":512,\"caption\":\"Longchang Chemical\"},\"image\":{\"@id\":\"https:\/\/longchangchemical.com\/#\/schema\/logo\/image\/\"}}]}<\/script>\n<!-- \/ Yoast SEO plugin. -->","yoast_head_json":{"title":"Fabricante de hidroximetilfurfural da China \/ fornecedor de HMF CAS 67-47-0 - Longchang Chemical","description":"O 5-HMF \u00e9 um composto org\u00e2nico derivado da desidrata\u00e7\u00e3o de determinados a\u00e7\u00facares (hexoses). Esse s\u00f3lido amarelo, de baixo ponto de fus\u00e3o, \u00e9 altamente sol\u00favel em \u00e1gua. Compre 5-HMF da Longchang Chemical.","robots":{"index":"index","follow":"follow","max-snippet":"max-snippet:-1","max-image-preview":"max-image-preview:large","max-video-preview":"max-video-preview:-1"},"canonical":"https:\/\/longchangchemical.com\/pt\/product\/hmf-cas-67-47-0\/","og_locale":"pt_BR","og_type":"article","og_title":"China Hydroxymethylfurfural Manufacturer \/ HMF supplier CAS 67-47-0 - Longchang Chemical","og_description":"5-HMF is an organic compound derived from dehydration of certain sugars (hexoses). This yellow, low-melting solid is highly water-soluble. Buy 5-HMF from Longchang Chemical.","og_url":"https:\/\/longchangchemical.com\/pt\/product\/hmf-cas-67-47-0\/","og_site_name":"Longchang Chemical","article_modified_time":"2026-05-08T03:00:01+00:00","og_image":[{"width":800,"height":800,"url":"https:\/\/longchangchemical.com\/wp-content\/uploads\/2024\/02\/Hydroxymethylfurfural-HMF-CAS-67-47-0.jpg","type":"image\/jpeg"}],"twitter_card":"summary_large_image","schema":{"@context":"https:\/\/schema.org","@graph":[{"@type":"WebPage","@id":"https:\/\/longchangchemical.com\/product\/hmf-cas-67-47-0\/","url":"https:\/\/longchangchemical.com\/product\/hmf-cas-67-47-0\/","name":"Fabricante de hidroximetilfurfural da China \/ fornecedor de HMF CAS 67-47-0 - Longchang Chemical","isPartOf":{"@id":"https:\/\/longchangchemical.com\/#website"},"primaryImageOfPage":{"@id":"https:\/\/longchangchemical.com\/product\/hmf-cas-67-47-0\/#primaryimage"},"image":{"@id":"https:\/\/longchangchemical.com\/product\/hmf-cas-67-47-0\/#primaryimage"},"thumbnailUrl":"https:\/\/longchangchemical.com\/wp-content\/uploads\/2024\/02\/Hydroxymethylfurfural-HMF-CAS-67-47-0.jpg","datePublished":"2024-02-05T06:12:11+00:00","dateModified":"2026-05-08T03:00:01+00:00","description":"O 5-HMF \u00e9 um composto org\u00e2nico derivado da desidrata\u00e7\u00e3o de determinados a\u00e7\u00facares (hexoses). Esse s\u00f3lido amarelo, de baixo ponto de fus\u00e3o, \u00e9 altamente sol\u00favel em \u00e1gua. Compre 5-HMF da Longchang Chemical.","breadcrumb":{"@id":"https:\/\/longchangchemical.com\/product\/hmf-cas-67-47-0\/#breadcrumb"},"inLanguage":"pt-BR","potentialAction":[{"@type":"ReadAction","target":["https:\/\/longchangchemical.com\/product\/hmf-cas-67-47-0\/"]}]},{"@type":"ImageObject","inLanguage":"pt-BR","@id":"https:\/\/longchangchemical.com\/product\/hmf-cas-67-47-0\/#primaryimage","url":"https:\/\/longchangchemical.com\/wp-content\/uploads\/2024\/02\/Hydroxymethylfurfural-HMF-CAS-67-47-0.jpg","contentUrl":"https:\/\/longchangchemical.com\/wp-content\/uploads\/2024\/02\/Hydroxymethylfurfural-HMF-CAS-67-47-0.jpg","width":800,"height":800},{"@type":"BreadcrumbList","@id":"https:\/\/longchangchemical.com\/product\/hmf-cas-67-47-0\/#breadcrumb","itemListElement":[{"@type":"ListItem","position":1,"name":"Home","item":"https:\/\/longchangchemical.com\/"},{"@type":"ListItem","position":2,"name":"Products Longchang","item":"https:\/\/longchangchemical.com\/product\/"},{"@type":"ListItem","position":3,"name":"Hydroxymethylfurfural \/ HMF CAS 67-47-0"}]},{"@type":"WebSite","@id":"https:\/\/longchangchemical.com\/#website","url":"https:\/\/longchangchemical.com\/","name":"Qu\u00edmica Longchang","description":"Fabricante de produtos qu\u00edmicos na China \uff06 fornecedor","publisher":{"@id":"https:\/\/longchangchemical.com\/#organization"},"potentialAction":[{"@type":"SearchAction","target":{"@type":"EntryPoint","urlTemplate":"https:\/\/longchangchemical.com\/?s={search_term_string}"},"query-input":{"@type":"PropertyValueSpecification","valueRequired":true,"valueName":"search_term_string"}}],"inLanguage":"pt-BR"},{"@type":"Organization","@id":"https:\/\/longchangchemical.com\/#organization","name":"Qu\u00edmica Longchang","url":"https:\/\/longchangchemical.com\/","logo":{"@type":"ImageObject","inLanguage":"pt-BR","@id":"https:\/\/longchangchemical.com\/#\/schema\/logo\/image\/","url":"https:\/\/longchangchemical.com\/wp-content\/uploads\/2020\/08\/cropped-longchang-logo.png","contentUrl":"https:\/\/longchangchemical.com\/wp-content\/uploads\/2020\/08\/cropped-longchang-logo.png","width":512,"height":512,"caption":"Longchang Chemical"},"image":{"@id":"https:\/\/longchangchemical.com\/#\/schema\/logo\/image\/"}}]}},"_links":{"self":[{"href":"https:\/\/longchangchemical.com\/pt\/wp-json\/wp\/v2\/product\/6582","targetHints":{"allow":["GET"]}}],"collection":[{"href":"https:\/\/longchangchemical.com\/pt\/wp-json\/wp\/v2\/product"}],"about":[{"href":"https:\/\/longchangchemical.com\/pt\/wp-json\/wp\/v2\/types\/product"}],"replies":[{"embeddable":true,"href":"https:\/\/longchangchemical.com\/pt\/wp-json\/wp\/v2\/comments?post=6582"}],"wp:featuredmedia":[{"embeddable":true,"href":"https:\/\/longchangchemical.com\/pt\/wp-json\/wp\/v2\/media\/6721"}],"wp:attachment":[{"href":"https:\/\/longchangchemical.com\/pt\/wp-json\/wp\/v2\/media?parent=6582"}],"wp:term":[{"taxonomy":"product_brand","embeddable":true,"href":"https:\/\/longchangchemical.com\/pt\/wp-json\/wp\/v2\/product_brand?post=6582"},{"taxonomy":"product_cat","embeddable":true,"href":"https:\/\/longchangchemical.com\/pt\/wp-json\/wp\/v2\/product_cat?post=6582"},{"taxonomy":"product_tag","embeddable":true,"href":"https:\/\/longchangchemical.com\/pt\/wp-json\/wp\/v2\/product_tag?post=6582"}],"curies":[{"name":"wp","href":"https:\/\/api.w.org\/{rel}","templated":true}]}}