{"id":6369,"date":"2023-12-28T09:39:51","date_gmt":"2023-12-28T09:39:51","guid":{"rendered":"https:\/\/longchangchemical.com\/?post_type=product&#038;p=6369"},"modified":"2025-12-22T06:32:25","modified_gmt":"2025-12-22T06:32:25","slug":"14-butane-sultone-cas-1633-83-6","status":"publish","type":"product","link":"https:\/\/longchangchemical.com\/pt\/product\/14-butane-sultone-cas-1633-83-6\/","title":{"rendered":"1,4-Butano sultona CAS 1633-83-6"},"content":{"rendered":"<p>&nbsp;<\/p>\n<table>\n<tbody>\n<tr>\n<td width=\"189\">Item<\/td>\n<td width=\"264\">Especifica\u00e7\u00e3o<\/td>\n<\/tr>\n<tr>\n<td width=\"189\">Apar\u00eancia<\/td>\n<td width=\"264\">L\u00edquido incolor ou amarelo claro<\/td>\n<\/tr>\n<tr>\n<td width=\"189\">Pureza (GC)<\/td>\n<td width=\"264\">\u226599.0%<\/td>\n<\/tr>\n<tr>\n<td width=\"189\">\u00c1cido livre<\/td>\n<td width=\"264\">\u22641.0%<\/td>\n<\/tr>\n<tr>\n<td width=\"189\">Umidade<\/td>\n<td width=\"264\">\u22641.0%<\/td>\n<\/tr>\n<\/tbody>\n<\/table>\n<p><strong><b>\u00a0<\/b><\/strong><\/p>\n<p><strong>Aplicativo: <\/strong><\/p>\n<p>A lactona do \u00e1cido 1,4-butanossulf\u00f4nico pode ser usada como agente de sulfona\u00e7\u00e3o org\u00e2nica e intermedi\u00e1rios qu\u00edmicos finos, usados em produtos farmac\u00eauticos, materiais fotogr\u00e1ficos, baterias de l\u00edtio, revestimento eletr\u00f4nico, produtos qu\u00edmicos de uso di\u00e1rio e assim por diante.<\/p>\n<p><strong><b>Informa\u00e7\u00f5es gerais:<\/b><\/strong><\/p>\n<p>O 1,4-butanossulfonato de lactona \u00e9 um intermedi\u00e1rio comumente usado na s\u00edntese de surfactantes sulfonados para aplica\u00e7\u00f5es em medicina, reagentes qu\u00edmicos, surfactantes, sensibilizadores de corantes (reveladores de fotos) e tecnologias de galvanoplastia.<\/p>\n<p>&nbsp;<\/p>\n<p><strong><b>P<\/b><\/strong><strong><b>ackag<\/b><\/strong><strong><b>e<\/b><\/strong><strong><b>:<\/b><\/strong><\/p>\n<p>25 kg\/tambor; 250 kg\/tambor<\/p>\n<p><strong><b>Armazenamento: <\/b><\/strong><\/p>\n<p>Armazene em um dep\u00f3sito seco e ventilado.<\/p>\n<h2><strong><b>Entre em contato conosco agora!<\/b><\/strong><\/h2>\n<h4><strong><b>Se precisar de um pre\u00e7o, preencha suas informa\u00e7\u00f5es de contato no formul\u00e1rio abaixo. Normalmente, entraremos em contato dentro de 24 horas. Voc\u00ea tamb\u00e9m pode me enviar um e-mail <a href=\"mailto:info@longchangchemical.com\"><span style=\"color: #00ccff;\">info@longchangchemical.com<\/span><\/a>\u00a0durante o hor\u00e1rio comercial (das 8h30 \u00e0s 18h UTC+8 de segunda a s\u00e1bado) ou use o bate-papo ao vivo do site para obter uma resposta imediata.<\/b><\/strong><\/h4>","protected":false},"excerpt":{"rendered":"<p>&nbsp; Item Especifica\u00e7\u00e3o Apar\u00eancia L\u00edquido incolor ou amarelo claro Pureza (GC) \u226599,0% \u00c1cido livre \u22641,0% Umidade \u22641,0% Aplica\u00e7\u00e3o: A lactona do \u00e1cido 1,4-butanossulf\u00f4nico pode ser usada como agente de sulfona\u00e7\u00e3o org\u00e2nica e intermedi\u00e1rios qu\u00edmicos finos, usados em produtos farmac\u00eauticos, materiais fotogr\u00e1ficos, baterias de l\u00edtio, revestimento eletr\u00f4nico, produtos qu\u00edmicos de uso di\u00e1rio e assim por diante. Informa\u00e7\u00f5es gerais: A lactona 1,4-butanossulfonato \u00e9 um intermedi\u00e1rio comumente usado [...]<\/p>","protected":false},"featured_media":0,"comment_status":"open","ping_status":"closed","template":"","meta":[],"product_brand":[],"product_cat":[113],"product_tag":[],"class_list":{"0":"post-6369","1":"product","2":"type-product","3":"status-publish","5":"product_cat-organic-intermediate","7":"first","8":"instock","9":"shipping-taxable","10":"product-type-simple"},"yoast_head":"<!-- This site is optimized with the Yoast SEO plugin v25.3.1 - https:\/\/yoast.com\/wordpress\/plugins\/seo\/ -->\n<title>China 1,4-Butane sultone CAS 1633-83-6 Manufacturer - Longchang Chemical<\/title>\n<meta name=\"description\" content=\"1,4-Butane sultone CAS 1633-83-6 is a key product of Longchang Chemical. We provide the best price. We are the leading manufacturer in China with the best quality and competitive price.\" \/>\n<meta name=\"robots\" content=\"index, follow, max-snippet:-1, max-image-preview:large, max-video-preview:-1\" \/>\n<link rel=\"canonical\" href=\"https:\/\/longchangchemical.com\/pt\/product\/14-butane-sultone-cas-1633-83-6\/\" \/>\n<meta property=\"og:locale\" content=\"pt_BR\" \/>\n<meta property=\"og:type\" content=\"article\" \/>\n<meta property=\"og:title\" content=\"China 1,4-Butane sultone CAS 1633-83-6 Manufacturer - Longchang Chemical\" \/>\n<meta property=\"og:description\" content=\"1,4-Butane sultone CAS 1633-83-6 is a key product of Longchang Chemical. We provide the best price. We are the leading manufacturer in China with the best quality and competitive price.\" \/>\n<meta property=\"og:url\" content=\"https:\/\/longchangchemical.com\/pt\/product\/14-butane-sultone-cas-1633-83-6\/\" \/>\n<meta property=\"og:site_name\" content=\"Longchang Chemical\" \/>\n<meta property=\"article:modified_time\" content=\"2025-12-22T06:32:25+00:00\" \/>\n<meta property=\"og:image\" content=\"https:\/\/longchangchemical.com\/wp-content\/uploads\/2024\/02\/logo-jpeg.jpg\" \/>\n\t<meta property=\"og:image:width\" content=\"1000\" \/>\n\t<meta property=\"og:image:height\" content=\"1000\" \/>\n\t<meta property=\"og:image:type\" content=\"image\/jpeg\" \/>\n<meta name=\"twitter:card\" content=\"summary_large_image\" \/>\n<script type=\"application\/ld+json\" class=\"yoast-schema-graph\">{\"@context\":\"https:\/\/schema.org\",\"@graph\":[{\"@type\":\"WebPage\",\"@id\":\"https:\/\/longchangchemical.com\/product\/14-butane-sultone-cas-1633-83-6\/\",\"url\":\"https:\/\/longchangchemical.com\/product\/14-butane-sultone-cas-1633-83-6\/\",\"name\":\"China 1,4-Butane sultone CAS 1633-83-6 Manufacturer - Longchang Chemical\",\"isPartOf\":{\"@id\":\"https:\/\/longchangchemical.com\/#website\"},\"datePublished\":\"2023-12-28T09:39:51+00:00\",\"dateModified\":\"2025-12-22T06:32:25+00:00\",\"description\":\"1,4-Butane sultone CAS 1633-83-6 is a key product of Longchang Chemical. We provide the best price. We are the leading manufacturer in China with the best quality and competitive price.\",\"breadcrumb\":{\"@id\":\"https:\/\/longchangchemical.com\/product\/14-butane-sultone-cas-1633-83-6\/#breadcrumb\"},\"inLanguage\":\"pt-BR\",\"potentialAction\":[{\"@type\":\"ReadAction\",\"target\":[\"https:\/\/longchangchemical.com\/product\/14-butane-sultone-cas-1633-83-6\/\"]}]},{\"@type\":\"BreadcrumbList\",\"@id\":\"https:\/\/longchangchemical.com\/product\/14-butane-sultone-cas-1633-83-6\/#breadcrumb\",\"itemListElement\":[{\"@type\":\"ListItem\",\"position\":1,\"name\":\"Home\",\"item\":\"https:\/\/longchangchemical.com\/\"},{\"@type\":\"ListItem\",\"position\":2,\"name\":\"Products Longchang\",\"item\":\"https:\/\/longchangchemical.com\/product\/\"},{\"@type\":\"ListItem\",\"position\":3,\"name\":\"1,4-Butane sultone CAS 1633-83-6\"}]},{\"@type\":\"WebSite\",\"@id\":\"https:\/\/longchangchemical.com\/#website\",\"url\":\"https:\/\/longchangchemical.com\/\",\"name\":\"Longchang Chemical\",\"description\":\"China chemical manufacturer \uff06 supplier\",\"publisher\":{\"@id\":\"https:\/\/longchangchemical.com\/#organization\"},\"potentialAction\":[{\"@type\":\"SearchAction\",\"target\":{\"@type\":\"EntryPoint\",\"urlTemplate\":\"https:\/\/longchangchemical.com\/?s={search_term_string}\"},\"query-input\":{\"@type\":\"PropertyValueSpecification\",\"valueRequired\":true,\"valueName\":\"search_term_string\"}}],\"inLanguage\":\"pt-BR\"},{\"@type\":\"Organization\",\"@id\":\"https:\/\/longchangchemical.com\/#organization\",\"name\":\"Longchang Chemical\",\"url\":\"https:\/\/longchangchemical.com\/\",\"logo\":{\"@type\":\"ImageObject\",\"inLanguage\":\"pt-BR\",\"@id\":\"https:\/\/longchangchemical.com\/#\/schema\/logo\/image\/\",\"url\":\"https:\/\/longchangchemical.com\/wp-content\/uploads\/2020\/08\/cropped-longchang-logo.png\",\"contentUrl\":\"https:\/\/longchangchemical.com\/wp-content\/uploads\/2020\/08\/cropped-longchang-logo.png\",\"width\":512,\"height\":512,\"caption\":\"Longchang Chemical\"},\"image\":{\"@id\":\"https:\/\/longchangchemical.com\/#\/schema\/logo\/image\/\"}}]}<\/script>\n<!-- \/ Yoast SEO plugin. -->","yoast_head_json":{"title":"Fabricante de 1,4-butano sultona CAS 1633-83-6 na China - Longchang Chemical","description":"1,4-Butane sultone CAS 1633-83-6 \u00e9 um produto-chave da Longchang Chemical. Oferecemos o melhor pre\u00e7o. Somos o fabricante l\u00edder na China, com a melhor qualidade e pre\u00e7o competitivo.","robots":{"index":"index","follow":"follow","max-snippet":"max-snippet:-1","max-image-preview":"max-image-preview:large","max-video-preview":"max-video-preview:-1"},"canonical":"https:\/\/longchangchemical.com\/pt\/product\/14-butane-sultone-cas-1633-83-6\/","og_locale":"pt_BR","og_type":"article","og_title":"China 1,4-Butane sultone CAS 1633-83-6 Manufacturer - Longchang Chemical","og_description":"1,4-Butane sultone CAS 1633-83-6 is a key product of Longchang Chemical. We provide the best price. We are the leading manufacturer in China with the best quality and competitive price.","og_url":"https:\/\/longchangchemical.com\/pt\/product\/14-butane-sultone-cas-1633-83-6\/","og_site_name":"Longchang Chemical","article_modified_time":"2025-12-22T06:32:25+00:00","og_image":[{"width":1000,"height":1000,"url":"https:\/\/longchangchemical.com\/wp-content\/uploads\/2024\/02\/logo-jpeg.jpg","type":"image\/jpeg"}],"twitter_card":"summary_large_image","schema":{"@context":"https:\/\/schema.org","@graph":[{"@type":"WebPage","@id":"https:\/\/longchangchemical.com\/product\/14-butane-sultone-cas-1633-83-6\/","url":"https:\/\/longchangchemical.com\/product\/14-butane-sultone-cas-1633-83-6\/","name":"Fabricante de 1,4-butano sultona CAS 1633-83-6 na China - Longchang Chemical","isPartOf":{"@id":"https:\/\/longchangchemical.com\/#website"},"datePublished":"2023-12-28T09:39:51+00:00","dateModified":"2025-12-22T06:32:25+00:00","description":"1,4-Butane sultone CAS 1633-83-6 \u00e9 um produto-chave da Longchang Chemical. Oferecemos o melhor pre\u00e7o. Somos o fabricante l\u00edder na China, com a melhor qualidade e pre\u00e7o competitivo.","breadcrumb":{"@id":"https:\/\/longchangchemical.com\/product\/14-butane-sultone-cas-1633-83-6\/#breadcrumb"},"inLanguage":"pt-BR","potentialAction":[{"@type":"ReadAction","target":["https:\/\/longchangchemical.com\/product\/14-butane-sultone-cas-1633-83-6\/"]}]},{"@type":"BreadcrumbList","@id":"https:\/\/longchangchemical.com\/product\/14-butane-sultone-cas-1633-83-6\/#breadcrumb","itemListElement":[{"@type":"ListItem","position":1,"name":"Home","item":"https:\/\/longchangchemical.com\/"},{"@type":"ListItem","position":2,"name":"Products Longchang","item":"https:\/\/longchangchemical.com\/product\/"},{"@type":"ListItem","position":3,"name":"1,4-Butane sultone CAS 1633-83-6"}]},{"@type":"WebSite","@id":"https:\/\/longchangchemical.com\/#website","url":"https:\/\/longchangchemical.com\/","name":"Qu\u00edmica Longchang","description":"Fabricante de produtos qu\u00edmicos na China \uff06 fornecedor","publisher":{"@id":"https:\/\/longchangchemical.com\/#organization"},"potentialAction":[{"@type":"SearchAction","target":{"@type":"EntryPoint","urlTemplate":"https:\/\/longchangchemical.com\/?s={search_term_string}"},"query-input":{"@type":"PropertyValueSpecification","valueRequired":true,"valueName":"search_term_string"}}],"inLanguage":"pt-BR"},{"@type":"Organization","@id":"https:\/\/longchangchemical.com\/#organization","name":"Qu\u00edmica Longchang","url":"https:\/\/longchangchemical.com\/","logo":{"@type":"ImageObject","inLanguage":"pt-BR","@id":"https:\/\/longchangchemical.com\/#\/schema\/logo\/image\/","url":"https:\/\/longchangchemical.com\/wp-content\/uploads\/2020\/08\/cropped-longchang-logo.png","contentUrl":"https:\/\/longchangchemical.com\/wp-content\/uploads\/2020\/08\/cropped-longchang-logo.png","width":512,"height":512,"caption":"Longchang Chemical"},"image":{"@id":"https:\/\/longchangchemical.com\/#\/schema\/logo\/image\/"}}]}},"_links":{"self":[{"href":"https:\/\/longchangchemical.com\/pt\/wp-json\/wp\/v2\/product\/6369","targetHints":{"allow":["GET"]}}],"collection":[{"href":"https:\/\/longchangchemical.com\/pt\/wp-json\/wp\/v2\/product"}],"about":[{"href":"https:\/\/longchangchemical.com\/pt\/wp-json\/wp\/v2\/types\/product"}],"replies":[{"embeddable":true,"href":"https:\/\/longchangchemical.com\/pt\/wp-json\/wp\/v2\/comments?post=6369"}],"wp:attachment":[{"href":"https:\/\/longchangchemical.com\/pt\/wp-json\/wp\/v2\/media?parent=6369"}],"wp:term":[{"taxonomy":"product_brand","embeddable":true,"href":"https:\/\/longchangchemical.com\/pt\/wp-json\/wp\/v2\/product_brand?post=6369"},{"taxonomy":"product_cat","embeddable":true,"href":"https:\/\/longchangchemical.com\/pt\/wp-json\/wp\/v2\/product_cat?post=6369"},{"taxonomy":"product_tag","embeddable":true,"href":"https:\/\/longchangchemical.com\/pt\/wp-json\/wp\/v2\/product_tag?post=6369"}],"curies":[{"name":"wp","href":"https:\/\/api.w.org\/{rel}","templated":true}]}}