{"id":6360,"date":"2023-12-27T08:52:36","date_gmt":"2023-12-27T08:52:36","guid":{"rendered":"https:\/\/longchangchemical.com\/?post_type=product&#038;p=6360"},"modified":"2024-04-28T02:39:48","modified_gmt":"2024-04-28T02:39:48","slug":"sodium-pyroantimonate-cas-12507-68-5","status":"publish","type":"product","link":"https:\/\/longchangchemical.com\/pt\/product\/sodium-pyroantimonate-cas-12507-68-5\/","title":{"rendered":"Piroantimonato de s\u00f3dio CAS 12507-68-5"},"content":{"rendered":"<h1><strong>Piroantimonato de s\u00f3dio CAS 12507-68-5<\/strong><\/h1>\n<table>\n<tbody>\n<tr>\n<td width=\"189\">Item<\/td>\n<td width=\"264\">Especifica\u00e7\u00e3o<\/td>\n<\/tr>\n<tr>\n<td width=\"189\">Apar\u00eancia<\/td>\n<td width=\"264\">Poder branco<\/td>\n<\/tr>\n<tr>\n<td width=\"189\">Sb(Sb2O3)<\/td>\n<td width=\"264\">58,4\u00b10,8%<\/td>\n<\/tr>\n<tr>\n<td width=\"189\">Na<sub>2<\/sub>O<\/td>\n<td width=\"264\">12-13%<\/td>\n<\/tr>\n<tr>\n<td width=\"189\">Fe<sub>2<\/sub>O<sub>3<\/sub><\/td>\n<td width=\"264\">\u22640,01%<\/td>\n<\/tr>\n<tr>\n<td width=\"189\">Como<sub>2<\/sub>O<sub>3<\/sub><\/td>\n<td width=\"264\">\u22640,02%<\/td>\n<\/tr>\n<tr>\n<td width=\"189\">PbO<\/td>\n<td width=\"264\">\uff1c0,10%<\/td>\n<\/tr>\n<tr>\n<td width=\"189\">Umidade<\/td>\n<td width=\"264\">\u22640.30<\/td>\n<\/tr>\n<\/tbody>\n<\/table>\n<h2><strong>Piroantimonato de s\u00f3dio Aplica\u00e7\u00e3o:<\/strong><\/h2>\n<p>O piroantimonato de s\u00f3dio \u00e9 um composto de sal inorg\u00e2nico de antim\u00f4nio, de baixa toxicidade, produzido a partir de produtos de antim\u00f4nio, como o \u00f3xido de antim\u00f4nio, por meio de \u00e1lcali e produ\u00e7\u00e3o. A apar\u00eancia \u00e9 de p\u00f3 branco, h\u00e1 dois tipos de cristaliza\u00e7\u00e3o granular e cristaliza\u00e7\u00e3o equiaxial. O ponto de fus\u00e3o \u00e9 1200\u00b0C e o ponto de ebuli\u00e7\u00e3o \u00e9 1400\u00b0C. Sol\u00favel em \u00e1cido tart\u00e1rico, solu\u00e7\u00e3o de sulfeto de s\u00f3dio, concentrado, ligeiramente sol\u00favel em \u00e1lcool, sal de am\u00f4nio, insol\u00favel em \u00e1cido ac\u00e9tico, \u00e1lcali dilu\u00eddo e \u00e1cido inorg\u00e2nico dilu\u00eddo, insol\u00favel em \u00e1gua fria. Boa estabilidade qu\u00edmica.<\/p>\n<p>O piroantimonato de s\u00f3dio \u00e9 usado principalmente como agente clarificador e antiespumante para vidro solar fotovoltaico, vidro de tubo de exibi\u00e7\u00e3o colorido e preto e branco. Fibra de vidro, vidro de gema, utens\u00edlios de mesa de vidro de alta qualidade e outros antiespumantes clarificadores de vidro de alta qualidade, al\u00e9m de ser mais amplamente utilizado em termopl\u00e1sticos de engenharia, retardante de chamas de borracha, como carca\u00e7as de equipamentos eletr\u00f4nicos retardantes de chamas, carruagens retardantes de chamas, fios retardantes de chamas. Tamb\u00e9m \u00e9 usado como retardante de chamas para t\u00eaxteis, pl\u00e1sticos e materiais de constru\u00e7\u00e3o. \u00c9 amplamente utilizado como agente clarificador para substituir o \u00f3xido de antim\u00f4nio no mundo.<\/p>\n<p>\u00c9 amplamente utilizado como retardante de chamas para substituir o \u00f3xido de antim\u00f4nio no mercado internacional. Foi confirmado por experimentos cient\u00edficos e pela produ\u00e7\u00e3o que ele tem um desempenho t\u00e9cnico mais excelente. Usado em todos os pol\u00edmeros com retardante de chama mais excelente, usado em poli\u00e9ster saturado e termopl\u00e1sticos de engenharia com menor retardante de luz e menor for\u00e7a de colora\u00e7\u00e3o, tem as caracter\u00edsticas de baixa reatividade, o que \u00e9 uma vantagem nos pol\u00edmeros sens\u00edveis (por exemplo, PET), e o retardante de chama de \u00f3xido de antim\u00f4nio comumente usado \u00e9 propenso \u00e0 despolimeriza\u00e7\u00e3o no processo de opera\u00e7\u00e3o.<\/p>\n<p>&nbsp;<\/p>\n<h2><strong><b>Piroantimonato de s\u00f3dio P<\/b><\/strong><strong><b>ackag<\/b><\/strong><strong><b>e<\/b><\/strong><\/h2>\n<p>25 kg\/saco; 1000 kg\/saco<\/p>\n<p><strong><b>\u00a0<\/b><\/strong><\/p>\n<h2><strong><b>Armazenamento de piroantimonato de s\u00f3dio: <\/b><\/strong><\/h2>\n<p>Protegido da umidade e da chuva.<\/p>\n<p>Evite que a embalagem se quebre durante o transporte.<\/p>\n<p>Armazene em um dep\u00f3sito seco e ventilado.<\/p>","protected":false},"excerpt":{"rendered":"<p>Nome qu\u00edmico: Piroantimonato de s\u00f3dio<br \/>\nN\u00famero CAS: 12507-68-5<br \/>\nMF: NaSb(OH)6 MW: 246,75<\/p>","protected":false},"featured_media":0,"comment_status":"open","ping_status":"closed","template":"","meta":[],"product_brand":[],"product_cat":[153],"product_tag":[],"class_list":{"0":"post-6360","1":"product","2":"type-product","3":"status-publish","5":"product_cat-Lcflare-flame-retardant","7":"first","8":"instock","9":"shipping-taxable","10":"product-type-simple"},"yoast_head":"<!-- This site is optimized with the Yoast SEO plugin v25.3.1 - https:\/\/yoast.com\/wordpress\/plugins\/seo\/ -->\n<title>China Sodium Pyroantimonate Manufacturer CAS 12507-68-5 - Longchang Chemical<\/title>\n<meta name=\"description\" content=\"Buy Sodium pyroantimonate cas 12507-68-5 from Longchang Chemical. leading Distributor supplier of Sodium tolyltriazole.\" \/>\n<meta name=\"robots\" content=\"index, follow, max-snippet:-1, max-image-preview:large, max-video-preview:-1\" \/>\n<link rel=\"canonical\" href=\"https:\/\/longchangchemical.com\/pt\/product\/sodium-pyroantimonate-cas-12507-68-5\/\" \/>\n<meta property=\"og:locale\" content=\"pt_BR\" \/>\n<meta property=\"og:type\" content=\"article\" \/>\n<meta property=\"og:title\" content=\"China Sodium Pyroantimonate Manufacturer CAS 12507-68-5 - Longchang Chemical\" \/>\n<meta property=\"og:description\" content=\"Buy Sodium pyroantimonate cas 12507-68-5 from Longchang Chemical. leading Distributor supplier of Sodium tolyltriazole.\" \/>\n<meta property=\"og:url\" content=\"https:\/\/longchangchemical.com\/pt\/product\/sodium-pyroantimonate-cas-12507-68-5\/\" \/>\n<meta property=\"og:site_name\" content=\"Longchang Chemical\" \/>\n<meta property=\"article:modified_time\" content=\"2024-04-28T02:39:48+00:00\" \/>\n<meta property=\"og:image\" content=\"https:\/\/longchangchemical.com\/wp-content\/uploads\/2024\/02\/logo-jpeg.jpg\" \/>\n\t<meta property=\"og:image:width\" content=\"1000\" \/>\n\t<meta property=\"og:image:height\" content=\"1000\" \/>\n\t<meta property=\"og:image:type\" content=\"image\/jpeg\" \/>\n<meta name=\"twitter:card\" content=\"summary_large_image\" \/>\n<script type=\"application\/ld+json\" class=\"yoast-schema-graph\">{\"@context\":\"https:\/\/schema.org\",\"@graph\":[{\"@type\":\"WebPage\",\"@id\":\"https:\/\/longchangchemical.com\/product\/sodium-pyroantimonate-cas-12507-68-5\/\",\"url\":\"https:\/\/longchangchemical.com\/product\/sodium-pyroantimonate-cas-12507-68-5\/\",\"name\":\"China Sodium Pyroantimonate Manufacturer CAS 12507-68-5 - Longchang Chemical\",\"isPartOf\":{\"@id\":\"https:\/\/longchangchemical.com\/#website\"},\"datePublished\":\"2023-12-27T08:52:36+00:00\",\"dateModified\":\"2024-04-28T02:39:48+00:00\",\"description\":\"Buy Sodium pyroantimonate cas 12507-68-5 from Longchang Chemical. leading Distributor supplier of Sodium tolyltriazole.\",\"breadcrumb\":{\"@id\":\"https:\/\/longchangchemical.com\/product\/sodium-pyroantimonate-cas-12507-68-5\/#breadcrumb\"},\"inLanguage\":\"pt-BR\",\"potentialAction\":[{\"@type\":\"ReadAction\",\"target\":[\"https:\/\/longchangchemical.com\/product\/sodium-pyroantimonate-cas-12507-68-5\/\"]}]},{\"@type\":\"BreadcrumbList\",\"@id\":\"https:\/\/longchangchemical.com\/product\/sodium-pyroantimonate-cas-12507-68-5\/#breadcrumb\",\"itemListElement\":[{\"@type\":\"ListItem\",\"position\":1,\"name\":\"Home\",\"item\":\"https:\/\/longchangchemical.com\/\"},{\"@type\":\"ListItem\",\"position\":2,\"name\":\"Products Longchang\",\"item\":\"https:\/\/longchangchemical.com\/product\/\"},{\"@type\":\"ListItem\",\"position\":3,\"name\":\"Sodium Pyroantimonate CAS 12507-68-5\"}]},{\"@type\":\"WebSite\",\"@id\":\"https:\/\/longchangchemical.com\/#website\",\"url\":\"https:\/\/longchangchemical.com\/\",\"name\":\"Longchang Chemical\",\"description\":\"China chemical manufacturer \uff06 supplier\",\"publisher\":{\"@id\":\"https:\/\/longchangchemical.com\/#organization\"},\"potentialAction\":[{\"@type\":\"SearchAction\",\"target\":{\"@type\":\"EntryPoint\",\"urlTemplate\":\"https:\/\/longchangchemical.com\/?s={search_term_string}\"},\"query-input\":{\"@type\":\"PropertyValueSpecification\",\"valueRequired\":true,\"valueName\":\"search_term_string\"}}],\"inLanguage\":\"pt-BR\"},{\"@type\":\"Organization\",\"@id\":\"https:\/\/longchangchemical.com\/#organization\",\"name\":\"Longchang Chemical\",\"url\":\"https:\/\/longchangchemical.com\/\",\"logo\":{\"@type\":\"ImageObject\",\"inLanguage\":\"pt-BR\",\"@id\":\"https:\/\/longchangchemical.com\/#\/schema\/logo\/image\/\",\"url\":\"https:\/\/longchangchemical.com\/wp-content\/uploads\/2020\/08\/cropped-longchang-logo.png\",\"contentUrl\":\"https:\/\/longchangchemical.com\/wp-content\/uploads\/2020\/08\/cropped-longchang-logo.png\",\"width\":512,\"height\":512,\"caption\":\"Longchang Chemical\"},\"image\":{\"@id\":\"https:\/\/longchangchemical.com\/#\/schema\/logo\/image\/\"}}]}<\/script>\n<!-- \/ Yoast SEO plugin. -->","yoast_head_json":{"title":"Fabricante de piroantimonato de s\u00f3dio na China CAS 12507-68-5 - Longchang Chemical","description":"Compre piroantimonato de s\u00f3dio cas 12507-68-5 da Longchang Chemical. Fornecedor l\u00edder de distribui\u00e7\u00e3o de toliltriazol de s\u00f3dio.","robots":{"index":"index","follow":"follow","max-snippet":"max-snippet:-1","max-image-preview":"max-image-preview:large","max-video-preview":"max-video-preview:-1"},"canonical":"https:\/\/longchangchemical.com\/pt\/product\/sodium-pyroantimonate-cas-12507-68-5\/","og_locale":"pt_BR","og_type":"article","og_title":"China Sodium Pyroantimonate Manufacturer CAS 12507-68-5 - Longchang Chemical","og_description":"Buy Sodium pyroantimonate cas 12507-68-5 from Longchang Chemical. leading Distributor supplier of Sodium tolyltriazole.","og_url":"https:\/\/longchangchemical.com\/pt\/product\/sodium-pyroantimonate-cas-12507-68-5\/","og_site_name":"Longchang Chemical","article_modified_time":"2024-04-28T02:39:48+00:00","og_image":[{"width":1000,"height":1000,"url":"https:\/\/longchangchemical.com\/wp-content\/uploads\/2024\/02\/logo-jpeg.jpg","type":"image\/jpeg"}],"twitter_card":"summary_large_image","schema":{"@context":"https:\/\/schema.org","@graph":[{"@type":"WebPage","@id":"https:\/\/longchangchemical.com\/product\/sodium-pyroantimonate-cas-12507-68-5\/","url":"https:\/\/longchangchemical.com\/product\/sodium-pyroantimonate-cas-12507-68-5\/","name":"Fabricante de piroantimonato de s\u00f3dio na China CAS 12507-68-5 - Longchang Chemical","isPartOf":{"@id":"https:\/\/longchangchemical.com\/#website"},"datePublished":"2023-12-27T08:52:36+00:00","dateModified":"2024-04-28T02:39:48+00:00","description":"Compre piroantimonato de s\u00f3dio cas 12507-68-5 da Longchang Chemical. Fornecedor l\u00edder de distribui\u00e7\u00e3o de toliltriazol de s\u00f3dio.","breadcrumb":{"@id":"https:\/\/longchangchemical.com\/product\/sodium-pyroantimonate-cas-12507-68-5\/#breadcrumb"},"inLanguage":"pt-BR","potentialAction":[{"@type":"ReadAction","target":["https:\/\/longchangchemical.com\/product\/sodium-pyroantimonate-cas-12507-68-5\/"]}]},{"@type":"BreadcrumbList","@id":"https:\/\/longchangchemical.com\/product\/sodium-pyroantimonate-cas-12507-68-5\/#breadcrumb","itemListElement":[{"@type":"ListItem","position":1,"name":"Home","item":"https:\/\/longchangchemical.com\/"},{"@type":"ListItem","position":2,"name":"Products Longchang","item":"https:\/\/longchangchemical.com\/product\/"},{"@type":"ListItem","position":3,"name":"Sodium Pyroantimonate CAS 12507-68-5"}]},{"@type":"WebSite","@id":"https:\/\/longchangchemical.com\/#website","url":"https:\/\/longchangchemical.com\/","name":"Qu\u00edmica Longchang","description":"Fabricante de produtos qu\u00edmicos na China \uff06 fornecedor","publisher":{"@id":"https:\/\/longchangchemical.com\/#organization"},"potentialAction":[{"@type":"SearchAction","target":{"@type":"EntryPoint","urlTemplate":"https:\/\/longchangchemical.com\/?s={search_term_string}"},"query-input":{"@type":"PropertyValueSpecification","valueRequired":true,"valueName":"search_term_string"}}],"inLanguage":"pt-BR"},{"@type":"Organization","@id":"https:\/\/longchangchemical.com\/#organization","name":"Qu\u00edmica Longchang","url":"https:\/\/longchangchemical.com\/","logo":{"@type":"ImageObject","inLanguage":"pt-BR","@id":"https:\/\/longchangchemical.com\/#\/schema\/logo\/image\/","url":"https:\/\/longchangchemical.com\/wp-content\/uploads\/2020\/08\/cropped-longchang-logo.png","contentUrl":"https:\/\/longchangchemical.com\/wp-content\/uploads\/2020\/08\/cropped-longchang-logo.png","width":512,"height":512,"caption":"Longchang Chemical"},"image":{"@id":"https:\/\/longchangchemical.com\/#\/schema\/logo\/image\/"}}]}},"_links":{"self":[{"href":"https:\/\/longchangchemical.com\/pt\/wp-json\/wp\/v2\/product\/6360","targetHints":{"allow":["GET"]}}],"collection":[{"href":"https:\/\/longchangchemical.com\/pt\/wp-json\/wp\/v2\/product"}],"about":[{"href":"https:\/\/longchangchemical.com\/pt\/wp-json\/wp\/v2\/types\/product"}],"replies":[{"embeddable":true,"href":"https:\/\/longchangchemical.com\/pt\/wp-json\/wp\/v2\/comments?post=6360"}],"wp:attachment":[{"href":"https:\/\/longchangchemical.com\/pt\/wp-json\/wp\/v2\/media?parent=6360"}],"wp:term":[{"taxonomy":"product_brand","embeddable":true,"href":"https:\/\/longchangchemical.com\/pt\/wp-json\/wp\/v2\/product_brand?post=6360"},{"taxonomy":"product_cat","embeddable":true,"href":"https:\/\/longchangchemical.com\/pt\/wp-json\/wp\/v2\/product_cat?post=6360"},{"taxonomy":"product_tag","embeddable":true,"href":"https:\/\/longchangchemical.com\/pt\/wp-json\/wp\/v2\/product_tag?post=6360"}],"curies":[{"name":"wp","href":"https:\/\/api.w.org\/{rel}","templated":true}]}}