{"id":6255,"date":"2023-10-11T06:40:25","date_gmt":"2023-10-11T06:40:25","guid":{"rendered":"https:\/\/longchangchemical.com\/?post_type=product&#038;p=6255"},"modified":"2026-01-12T04:08:55","modified_gmt":"2026-01-12T04:08:55","slug":"synocat-bdmaee-cas-3033-62-3","status":"publish","type":"product","link":"https:\/\/longchangchemical.com\/pt\/product\/synocat-bdmaee-cas-3033-62-3\/","title":{"rendered":"BDMAEE CAS 3033-62-3"},"content":{"rendered":"<p><strong>CAS NO.<\/strong>: 3033-62-3<\/p>\n<p><strong>Nome qu\u00edmico:<\/strong>N,N,N',N'-tetrametil-2,2\u2032-oxibis(etilamina)<\/p>\n<p><strong>Sin\u00f4nimo<\/strong>\u00c9TER DE BIS(DIMETILAMINOET\u00cdLICO); JEFFCAT ZF-20; DBACO BL-19; Catalisador NIAX A-99; 2,2'-oxibis[n,n-dimetil-etanamina;2,2'-oxibis[N,N-dimetil-etanamina;A 99 (Amina);dabco bl11;dabco bl19;<\/p>\n<p><strong>Especifica\u00e7\u00e3o:<\/strong><\/p>\n<table width=\"427\">\n<tbody>\n<tr>\n<td width=\"412\">Item<\/td>\n<td width=\"297\">Padr\u00e3o<\/td>\n<\/tr>\n<tr>\n<td width=\"412\">Apar\u00eancia<\/td>\n<td width=\"297\">L\u00edquido incolor<\/td>\n<\/tr>\n<tr>\n<td width=\"412\">Densidade (25\u2103, g\/cm3)<\/td>\n<td width=\"297\">0.85<\/td>\n<\/tr>\n<tr>\n<td width=\"412\">Ponto de fulgor (\u2103)<\/td>\n<td width=\"297\">65<\/td>\n<\/tr>\n<tr>\n<td width=\"412\">Pureza (%)<\/td>\n<td width=\"297\">\u2265 99<\/td>\n<\/tr>\n<tr>\n<td width=\"412\">Umidade (%)<\/td>\n<td width=\"297\">\u2264 0.10<\/td>\n<\/tr>\n<\/tbody>\n<\/table>\n<p><strong>Embalagem<\/strong>:170kgs\/tambor de ferro ou tambor IBC<\/p>\n<p><strong>Aplicativo:<\/strong><\/p>\n<p>Como um catalisador de amina terci\u00e1ria de alta efici\u00eancia, \u00e9 adequado para a produ\u00e7\u00e3o de quase todos os produtos de espuma pl\u00e1stica, principalmente para a produ\u00e7\u00e3o de produtos de espuma flex\u00edvel, especialmente para produtos de alta resili\u00eancia e RIM. Ele se caracteriza pela alta atividade catal\u00edtica, forma\u00e7\u00e3o de espuma est\u00e1vel, grande toler\u00e2ncia ao estanho e f\u00e1cil ajuste da f\u00f3rmula. Os produtos produzidos com ele t\u00eam melhores propriedades f\u00edsicas e qu\u00edmicas, como resili\u00eancia e alongamento, do que outros produtos.<\/p>\n<p><strong><b>Armazenamento:<\/b><\/strong><\/p>\n<p>Mantido em um dep\u00f3sito seco e limpo, com boa ventila\u00e7\u00e3o.<\/p>\n<p>Evite a exposi\u00e7\u00e3o \u00e0 luz e ao aquecimento para evitar a oxida\u00e7\u00e3o.<\/p>\n<p>Proteger o produto contra vazamentos, chuva e insola\u00e7\u00e3o durante o transporte.<\/p>\n<h2><strong><b>Entre em contato conosco agora!<\/b><\/strong><\/h2>\n<h4><strong><b>Se precisar de COA, MSDS ou TDS, preencha suas informa\u00e7\u00f5es de contato no formul\u00e1rio abaixo. Normalmente, entraremos em contato em 24 horas. Voc\u00ea tamb\u00e9m pode me enviar um e-mail\u00a0<a href=\"mailto:info@longchangchemical.com\"><span style=\"color: #00ccff;\">info@longchangchemical.com<\/span><\/a>\u00a0durante o hor\u00e1rio comercial (das 8h30 \u00e0s 18h UTC+8 de segunda a s\u00e1bado) ou use o bate-papo ao vivo do site para obter uma resposta imediata.<\/b><\/strong><\/h4>","protected":false},"excerpt":{"rendered":"<p>Nome qu\u00edmico: \u00c9ter bis(2-dimetilaminoetil)<\/p>\n<p>CAS NO: 3033-62-3<\/p>\n<p>F\u00f3rmula: C8H20N2O<\/p>\n<p>Conte\u00fado: \u226599%<\/p>\n<p>Embalagem: 170kgs\/tambor de ferro ou tambor IBC<\/p>","protected":false},"featured_media":6320,"comment_status":"closed","ping_status":"closed","template":"","meta":[],"product_brand":[],"product_cat":[119],"product_tag":[],"class_list":{"0":"post-6255","1":"product","2":"type-product","3":"status-publish","4":"has-post-thumbnail","6":"product_cat-synocat-polyurethane-catalyst","8":"first","9":"instock","10":"shipping-taxable","11":"product-type-simple"},"yoast_head":"<!-- This site is optimized with the Yoast SEO plugin v25.3.1 - https:\/\/yoast.com\/wordpress\/plugins\/seo\/ -->\n<title>china PU catalyst BDMAEE \/ Bis(2-dimethylaminoethyl) ether Cas 3033-62-3 manufacturer - Longchang Chemical<\/title>\n<meta name=\"description\" content=\"BDMAEE (REACH Covered) can replace BIS(DIMETHYLAMINOETHYL) ETHER; JEFFCAT ZF-20 ;DBACO BL-19; NIAX Catalyst A-99 ;2,2\u2019-oxybis[n,n-dimethyl-ethanamin;2,2\u2019-oxybis[N,N-dimethyl-Ethanamine;A 99 (Amine);dabco bl11;dabco bl19; used as pu catalyst and is the key product of Longchang Chemical. We are the leading PU catalyst manufacturer and supplier in China with the best quanlity and competitive price.\" \/>\n<meta name=\"robots\" content=\"index, follow, max-snippet:-1, max-image-preview:large, max-video-preview:-1\" \/>\n<link rel=\"canonical\" href=\"https:\/\/longchangchemical.com\/pt\/product\/synocat-bdmaee-cas-3033-62-3\/\" \/>\n<meta property=\"og:locale\" content=\"pt_BR\" \/>\n<meta property=\"og:type\" content=\"article\" \/>\n<meta property=\"og:title\" content=\"china PU catalyst BDMAEE \/ Bis(2-dimethylaminoethyl) ether Cas 3033-62-3 manufacturer - Longchang Chemical\" \/>\n<meta property=\"og:description\" content=\"BDMAEE (REACH Covered) can replace BIS(DIMETHYLAMINOETHYL) ETHER; JEFFCAT ZF-20 ;DBACO BL-19; NIAX Catalyst A-99 ;2,2\u2019-oxybis[n,n-dimethyl-ethanamin;2,2\u2019-oxybis[N,N-dimethyl-Ethanamine;A 99 (Amine);dabco bl11;dabco bl19; used as pu catalyst and is the key product of Longchang Chemical. We are the leading PU catalyst manufacturer and supplier in China with the best quanlity and competitive price.\" \/>\n<meta property=\"og:url\" content=\"https:\/\/longchangchemical.com\/pt\/product\/synocat-bdmaee-cas-3033-62-3\/\" \/>\n<meta property=\"og:site_name\" content=\"Longchang Chemical\" \/>\n<meta property=\"article:modified_time\" content=\"2026-01-12T04:08:55+00:00\" \/>\n<meta property=\"og:image\" content=\"https:\/\/longchangchemical.com\/wp-content\/uploads\/2023\/10\/Synocat\u00ae-BDMAEE.jpg\" \/>\n\t<meta property=\"og:image:width\" content=\"800\" \/>\n\t<meta property=\"og:image:height\" content=\"800\" \/>\n\t<meta property=\"og:image:type\" content=\"image\/jpeg\" \/>\n<meta name=\"twitter:card\" content=\"summary_large_image\" \/>\n<script type=\"application\/ld+json\" class=\"yoast-schema-graph\">{\"@context\":\"https:\/\/schema.org\",\"@graph\":[{\"@type\":\"WebPage\",\"@id\":\"https:\/\/longchangchemical.com\/product\/synocat-bdmaee-cas-3033-62-3\/\",\"url\":\"https:\/\/longchangchemical.com\/product\/synocat-bdmaee-cas-3033-62-3\/\",\"name\":\"china PU catalyst BDMAEE \/ Bis(2-dimethylaminoethyl) ether Cas 3033-62-3 manufacturer - Longchang Chemical\",\"isPartOf\":{\"@id\":\"https:\/\/longchangchemical.com\/#website\"},\"primaryImageOfPage\":{\"@id\":\"https:\/\/longchangchemical.com\/product\/synocat-bdmaee-cas-3033-62-3\/#primaryimage\"},\"image\":{\"@id\":\"https:\/\/longchangchemical.com\/product\/synocat-bdmaee-cas-3033-62-3\/#primaryimage\"},\"thumbnailUrl\":\"https:\/\/longchangchemical.com\/wp-content\/uploads\/2023\/10\/Synocat\u00ae-BDMAEE.jpg\",\"datePublished\":\"2023-10-11T06:40:25+00:00\",\"dateModified\":\"2026-01-12T04:08:55+00:00\",\"description\":\"BDMAEE (REACH Covered) can replace BIS(DIMETHYLAMINOETHYL) ETHER; JEFFCAT ZF-20 ;DBACO BL-19; NIAX Catalyst A-99 ;2,2\u2019-oxybis[n,n-dimethyl-ethanamin;2,2\u2019-oxybis[N,N-dimethyl-Ethanamine;A 99 (Amine);dabco bl11;dabco bl19; used as pu catalyst and is the key product of Longchang Chemical. We are the leading PU catalyst manufacturer and supplier in China with the best quanlity and competitive price.\",\"breadcrumb\":{\"@id\":\"https:\/\/longchangchemical.com\/product\/synocat-bdmaee-cas-3033-62-3\/#breadcrumb\"},\"inLanguage\":\"pt-BR\",\"potentialAction\":[{\"@type\":\"ReadAction\",\"target\":[\"https:\/\/longchangchemical.com\/product\/synocat-bdmaee-cas-3033-62-3\/\"]}]},{\"@type\":\"ImageObject\",\"inLanguage\":\"pt-BR\",\"@id\":\"https:\/\/longchangchemical.com\/product\/synocat-bdmaee-cas-3033-62-3\/#primaryimage\",\"url\":\"https:\/\/longchangchemical.com\/wp-content\/uploads\/2023\/10\/Synocat\u00ae-BDMAEE.jpg\",\"contentUrl\":\"https:\/\/longchangchemical.com\/wp-content\/uploads\/2023\/10\/Synocat\u00ae-BDMAEE.jpg\",\"width\":800,\"height\":800},{\"@type\":\"BreadcrumbList\",\"@id\":\"https:\/\/longchangchemical.com\/product\/synocat-bdmaee-cas-3033-62-3\/#breadcrumb\",\"itemListElement\":[{\"@type\":\"ListItem\",\"position\":1,\"name\":\"Home\",\"item\":\"https:\/\/longchangchemical.com\/\"},{\"@type\":\"ListItem\",\"position\":2,\"name\":\"Products Longchang\",\"item\":\"https:\/\/longchangchemical.com\/product\/\"},{\"@type\":\"ListItem\",\"position\":3,\"name\":\"BDMAEE CAS 3033-62-3\"}]},{\"@type\":\"WebSite\",\"@id\":\"https:\/\/longchangchemical.com\/#website\",\"url\":\"https:\/\/longchangchemical.com\/\",\"name\":\"Longchang Chemical\",\"description\":\"China chemical manufacturer \uff06 supplier\",\"publisher\":{\"@id\":\"https:\/\/longchangchemical.com\/#organization\"},\"potentialAction\":[{\"@type\":\"SearchAction\",\"target\":{\"@type\":\"EntryPoint\",\"urlTemplate\":\"https:\/\/longchangchemical.com\/?s={search_term_string}\"},\"query-input\":{\"@type\":\"PropertyValueSpecification\",\"valueRequired\":true,\"valueName\":\"search_term_string\"}}],\"inLanguage\":\"pt-BR\"},{\"@type\":\"Organization\",\"@id\":\"https:\/\/longchangchemical.com\/#organization\",\"name\":\"Longchang Chemical\",\"url\":\"https:\/\/longchangchemical.com\/\",\"logo\":{\"@type\":\"ImageObject\",\"inLanguage\":\"pt-BR\",\"@id\":\"https:\/\/longchangchemical.com\/#\/schema\/logo\/image\/\",\"url\":\"https:\/\/longchangchemical.com\/wp-content\/uploads\/2020\/08\/cropped-longchang-logo.png\",\"contentUrl\":\"https:\/\/longchangchemical.com\/wp-content\/uploads\/2020\/08\/cropped-longchang-logo.png\",\"width\":512,\"height\":512,\"caption\":\"Longchang Chemical\"},\"image\":{\"@id\":\"https:\/\/longchangchemical.com\/#\/schema\/logo\/image\/\"}}]}<\/script>\n<!-- \/ Yoast SEO plugin. -->","yoast_head_json":{"title":"Fabricante do catalisador de PU da China BDMAEE \/ \u00c9ter bis(2-dimetilaminoetil) Cas 3033-62-3 - Longchang Chemical","description":"O BDMAEE (REACH Covered) pode substituir o BIS(DIMETILAMINOETHYL) ETHER; JEFFCAT ZF-20; DBACO BL-19; NIAX Catalyst A-99; 2,2'-oxybis[n,n-dimethyl-ethanamin;2,2'-oxybis[N,N-dimethyl-Ethanamine;A 99 (Amine);dabco bl11;dabco bl19; usado como catalisador de PU e \u00e9 o principal produto da Longchang Chemical. Somos o principal fabricante e fornecedor de catalisador de PU na China, com a melhor qualidade e pre\u00e7o competitivo.","robots":{"index":"index","follow":"follow","max-snippet":"max-snippet:-1","max-image-preview":"max-image-preview:large","max-video-preview":"max-video-preview:-1"},"canonical":"https:\/\/longchangchemical.com\/pt\/product\/synocat-bdmaee-cas-3033-62-3\/","og_locale":"pt_BR","og_type":"article","og_title":"china PU catalyst BDMAEE \/ Bis(2-dimethylaminoethyl) ether Cas 3033-62-3 manufacturer - Longchang Chemical","og_description":"BDMAEE (REACH Covered) can replace BIS(DIMETHYLAMINOETHYL) ETHER; JEFFCAT ZF-20 ;DBACO BL-19; NIAX Catalyst A-99 ;2,2\u2019-oxybis[n,n-dimethyl-ethanamin;2,2\u2019-oxybis[N,N-dimethyl-Ethanamine;A 99 (Amine);dabco bl11;dabco bl19; used as pu catalyst and is the key product of Longchang Chemical. We are the leading PU catalyst manufacturer and supplier in China with the best quanlity and competitive price.","og_url":"https:\/\/longchangchemical.com\/pt\/product\/synocat-bdmaee-cas-3033-62-3\/","og_site_name":"Longchang Chemical","article_modified_time":"2026-01-12T04:08:55+00:00","og_image":[{"width":800,"height":800,"url":"https:\/\/longchangchemical.com\/wp-content\/uploads\/2023\/10\/Synocat\u00ae-BDMAEE.jpg","type":"image\/jpeg"}],"twitter_card":"summary_large_image","schema":{"@context":"https:\/\/schema.org","@graph":[{"@type":"WebPage","@id":"https:\/\/longchangchemical.com\/product\/synocat-bdmaee-cas-3033-62-3\/","url":"https:\/\/longchangchemical.com\/product\/synocat-bdmaee-cas-3033-62-3\/","name":"Fabricante do catalisador de PU da China BDMAEE \/ \u00c9ter bis(2-dimetilaminoetil) Cas 3033-62-3 - Longchang Chemical","isPartOf":{"@id":"https:\/\/longchangchemical.com\/#website"},"primaryImageOfPage":{"@id":"https:\/\/longchangchemical.com\/product\/synocat-bdmaee-cas-3033-62-3\/#primaryimage"},"image":{"@id":"https:\/\/longchangchemical.com\/product\/synocat-bdmaee-cas-3033-62-3\/#primaryimage"},"thumbnailUrl":"https:\/\/longchangchemical.com\/wp-content\/uploads\/2023\/10\/Synocat\u00ae-BDMAEE.jpg","datePublished":"2023-10-11T06:40:25+00:00","dateModified":"2026-01-12T04:08:55+00:00","description":"O BDMAEE (REACH Covered) pode substituir o BIS(DIMETILAMINOETHYL) ETHER; JEFFCAT ZF-20; DBACO BL-19; NIAX Catalyst A-99; 2,2'-oxybis[n,n-dimethyl-ethanamin;2,2'-oxybis[N,N-dimethyl-Ethanamine;A 99 (Amine);dabco bl11;dabco bl19; usado como catalisador de PU e \u00e9 o principal produto da Longchang Chemical. Somos o principal fabricante e fornecedor de catalisador de PU na China, com a melhor qualidade e pre\u00e7o competitivo.","breadcrumb":{"@id":"https:\/\/longchangchemical.com\/product\/synocat-bdmaee-cas-3033-62-3\/#breadcrumb"},"inLanguage":"pt-BR","potentialAction":[{"@type":"ReadAction","target":["https:\/\/longchangchemical.com\/product\/synocat-bdmaee-cas-3033-62-3\/"]}]},{"@type":"ImageObject","inLanguage":"pt-BR","@id":"https:\/\/longchangchemical.com\/product\/synocat-bdmaee-cas-3033-62-3\/#primaryimage","url":"https:\/\/longchangchemical.com\/wp-content\/uploads\/2023\/10\/Synocat\u00ae-BDMAEE.jpg","contentUrl":"https:\/\/longchangchemical.com\/wp-content\/uploads\/2023\/10\/Synocat\u00ae-BDMAEE.jpg","width":800,"height":800},{"@type":"BreadcrumbList","@id":"https:\/\/longchangchemical.com\/product\/synocat-bdmaee-cas-3033-62-3\/#breadcrumb","itemListElement":[{"@type":"ListItem","position":1,"name":"Home","item":"https:\/\/longchangchemical.com\/"},{"@type":"ListItem","position":2,"name":"Products Longchang","item":"https:\/\/longchangchemical.com\/product\/"},{"@type":"ListItem","position":3,"name":"BDMAEE CAS 3033-62-3"}]},{"@type":"WebSite","@id":"https:\/\/longchangchemical.com\/#website","url":"https:\/\/longchangchemical.com\/","name":"Qu\u00edmica Longchang","description":"Fabricante de produtos qu\u00edmicos na China \uff06 fornecedor","publisher":{"@id":"https:\/\/longchangchemical.com\/#organization"},"potentialAction":[{"@type":"SearchAction","target":{"@type":"EntryPoint","urlTemplate":"https:\/\/longchangchemical.com\/?s={search_term_string}"},"query-input":{"@type":"PropertyValueSpecification","valueRequired":true,"valueName":"search_term_string"}}],"inLanguage":"pt-BR"},{"@type":"Organization","@id":"https:\/\/longchangchemical.com\/#organization","name":"Qu\u00edmica Longchang","url":"https:\/\/longchangchemical.com\/","logo":{"@type":"ImageObject","inLanguage":"pt-BR","@id":"https:\/\/longchangchemical.com\/#\/schema\/logo\/image\/","url":"https:\/\/longchangchemical.com\/wp-content\/uploads\/2020\/08\/cropped-longchang-logo.png","contentUrl":"https:\/\/longchangchemical.com\/wp-content\/uploads\/2020\/08\/cropped-longchang-logo.png","width":512,"height":512,"caption":"Longchang Chemical"},"image":{"@id":"https:\/\/longchangchemical.com\/#\/schema\/logo\/image\/"}}]}},"_links":{"self":[{"href":"https:\/\/longchangchemical.com\/pt\/wp-json\/wp\/v2\/product\/6255","targetHints":{"allow":["GET"]}}],"collection":[{"href":"https:\/\/longchangchemical.com\/pt\/wp-json\/wp\/v2\/product"}],"about":[{"href":"https:\/\/longchangchemical.com\/pt\/wp-json\/wp\/v2\/types\/product"}],"replies":[{"embeddable":true,"href":"https:\/\/longchangchemical.com\/pt\/wp-json\/wp\/v2\/comments?post=6255"}],"wp:featuredmedia":[{"embeddable":true,"href":"https:\/\/longchangchemical.com\/pt\/wp-json\/wp\/v2\/media\/6320"}],"wp:attachment":[{"href":"https:\/\/longchangchemical.com\/pt\/wp-json\/wp\/v2\/media?parent=6255"}],"wp:term":[{"taxonomy":"product_brand","embeddable":true,"href":"https:\/\/longchangchemical.com\/pt\/wp-json\/wp\/v2\/product_brand?post=6255"},{"taxonomy":"product_cat","embeddable":true,"href":"https:\/\/longchangchemical.com\/pt\/wp-json\/wp\/v2\/product_cat?post=6255"},{"taxonomy":"product_tag","embeddable":true,"href":"https:\/\/longchangchemical.com\/pt\/wp-json\/wp\/v2\/product_tag?post=6255"}],"curies":[{"name":"wp","href":"https:\/\/api.w.org\/{rel}","templated":true}]}}