{"id":6250,"date":"2023-10-10T07:16:17","date_gmt":"2023-10-10T07:16:17","guid":{"rendered":"https:\/\/longchangchemical.com\/?post_type=product&#038;p=6250"},"modified":"2025-04-01T07:07:21","modified_gmt":"2025-04-01T07:07:21","slug":"agesin-ag-d9000","status":"publish","type":"product","link":"https:\/\/longchangchemical.com\/pt\/product\/agesin-ag-d9000\/","title":{"rendered":"CHLUMICRYL\u00ae AG-D9000 \/ Aditivo antipicha\u00e7\u00e3o Polidimetilsiloxano com grupo hidroxi"},"content":{"rendered":"<div class=\"col-md-6\">\n<p><strong>N\u00famero do produto<\/strong>: AG-D9000<\/p>\n<p><strong>Alternativas equivalentes<\/strong>Tego Protect 5000<\/p>\n<p><strong>Especifica\u00e7\u00e3o<\/strong><\/p>\n<table width=\"100%\" cellspacing=\"0\" cellpadding=\"0\">\n<tbody>\n<tr>\n<td>Composi\u00e7\u00e3o<\/td>\n<td>polidimetilsiloxano com grupo hidroxi<\/td>\n<\/tr>\n<tr>\n<td>Apar\u00eancia<\/td>\n<td>L\u00edquido transparente levemente amarelado<\/td>\n<\/tr>\n<tr>\n<td>Solvente Sinosolv<\/td>\n<td>--<\/td>\n<\/tr>\n<tr>\n<td>Subst\u00e2ncia ativa<\/td>\n<td>100%<\/td>\n<\/tr>\n<tr>\n<td>Densidade<\/td>\n<td>0,95-0,99g\/ml(25\u00b11)\u2103<\/td>\n<\/tr>\n<tr>\n<td>Viscosidade<\/td>\n<td>10-40s(Tu-4 viscometer)(25\u00b10.2)\u2103<\/td>\n<\/tr>\n<tr>\n<td>Valor de hidroxila<\/td>\n<td>45-60 mg KOH\/g<\/td>\n<\/tr>\n<tr>\n<td>Valor de acidez<\/td>\n<td>\u22640,5 mg KOH\/g<\/td>\n<\/tr>\n<tr>\n<td>Ponto de fulgor<\/td>\n<td>\uff1e100\u2103<\/td>\n<\/tr>\n<\/tbody>\n<\/table>\n<p>Observa\u00e7\u00e3o: Esta planilha de dados destina-se a fornecer resultados t\u00edpicos, n\u00e3o padr\u00e3o.<\/p>\n<p><strong>Sistema de aplicativos<\/strong><\/p>\n<p>\u00c0 base de solvente<\/p>\n<p><strong>Propriedades<\/strong><\/p>\n<p>Melhorar a capacidade de limpeza e antipicha\u00e7\u00e3o da superf\u00edcie.<br \/>\nMelhora o \u00e2ngulo de contato com a \u00e1gua. Excelente resist\u00eancia ao bloqueio, resist\u00eancia \u00e0 limpeza com caneta hidrogr\u00e1fica, hidrofobicidade e oleofobicidade.<br \/>\nQuando usado no sistema de duas embalagens (cozimento em baixa temperatura), sugerimos o uso de resina acr\u00edlica com alto valor de hidroxila e o prolongamento do tempo de cozimento para melhorar a propriedade antipicha\u00e7\u00e3o. Avaliar a compatibilidade antes de usar o verniz.<br \/>\nDilu\u00eddo a 10-20% com xileno e, em seguida, adicionado ao sistema. Mexa uniformemente.<\/p>\n<p><strong>Incorpora\u00e7\u00e3o<\/strong><\/p>\n<p>F\u00e1cil de adicionar com solvente pr\u00e9-dilu\u00eddo igual ao do sistema de revestimento. Pode ser p\u00f3s-adicionado.<\/p>\n<p><strong>Sugerir adi\u00e7\u00e3o<\/strong><\/p>\n<p>Adi\u00e7\u00e3o \u00e0 formula\u00e7\u00e3o total 0,5-3%<\/p>\n<p><strong>pacote<\/strong><\/p>\n<p>25KG \/ 180KG<\/p>\n<p><strong><b>Armazenamento:<\/b><\/strong><\/p>\n<div>\n<p>Mantido em um dep\u00f3sito seco e limpo, com boa ventila\u00e7\u00e3o.<\/p>\n<p>Evite a exposi\u00e7\u00e3o \u00e0 luz e ao aquecimento.<\/p>\n<p>Proteger o produto contra vazamentos, chuva e insola\u00e7\u00e3o durante o transporte.<\/p>\n<\/div>\n<\/div>\n<div class=\"col-md-6\">\n<h3>Detalhes<\/h3>\n<\/div>","protected":false},"excerpt":{"rendered":"<p>Descri\u00e7\u00e3o do produto: Polidimetilsiloxano com grupo hidroxi<\/p>\n<p>Alternativas equivalentes: Tego Protect 5000<\/p>\n<p>Sistema de aplica\u00e7\u00e3o: \u00c0 base de solvente<\/p>\n<p>Viscosidade: 10-40s (viscos\u00edmetro Tu-4) (25\u00b10,2)\u2103<\/p>\n<p>Embalagem: 25KG ou 180KG\/tambor<\/p>","protected":false},"featured_media":0,"comment_status":"closed","ping_status":"closed","template":"","meta":[],"product_brand":[],"product_cat":[138,149],"product_tag":[],"class_list":{"0":"post-6250","1":"product","2":"type-product","3":"status-publish","5":"product_cat-coating-and-ink-additives","6":"product_cat-anti-graffiti-additive","8":"first","9":"instock","10":"shipping-taxable","11":"product-type-simple"},"yoast_head":"<!-- This site is optimized with the Yoast SEO plugin v25.3.1 - https:\/\/yoast.com\/wordpress\/plugins\/seo\/ -->\n<title>China CHLUMICRYL\u00ae AG-D9000 \/ Anti-graffiti additive Polydimethylsiloxane with hydroxy group Manufacturer - Longchang Chemical<\/title>\n<meta name=\"description\" content=\"CHLUMICRYL\u00ae AG-D9000 \/ Anti-graffiti additive Polydimethylsiloxane with hydroxy group is a key product of Longchang Chemical. We provide the best price. We are the leading manufacturer in China with the best quality and competitive price.\" \/>\n<meta name=\"robots\" content=\"index, follow, max-snippet:-1, max-image-preview:large, max-video-preview:-1\" \/>\n<link rel=\"canonical\" href=\"https:\/\/longchangchemical.com\/pt\/product\/agesin-ag-d9000\/\" \/>\n<meta property=\"og:locale\" content=\"pt_BR\" \/>\n<meta property=\"og:type\" content=\"article\" \/>\n<meta property=\"og:title\" content=\"China CHLUMICRYL\u00ae AG-D9000 \/ Anti-graffiti additive Polydimethylsiloxane with hydroxy group Manufacturer - Longchang Chemical\" \/>\n<meta property=\"og:description\" content=\"CHLUMICRYL\u00ae AG-D9000 \/ Anti-graffiti additive Polydimethylsiloxane with hydroxy group is a key product of Longchang Chemical. We provide the best price. We are the leading manufacturer in China with the best quality and competitive price.\" \/>\n<meta property=\"og:url\" content=\"https:\/\/longchangchemical.com\/pt\/product\/agesin-ag-d9000\/\" \/>\n<meta property=\"og:site_name\" content=\"Longchang Chemical\" \/>\n<meta property=\"article:modified_time\" content=\"2025-04-01T07:07:21+00:00\" \/>\n<meta property=\"og:image\" content=\"https:\/\/longchangchemical.com\/wp-content\/uploads\/2024\/02\/logo-jpeg.jpg\" \/>\n\t<meta property=\"og:image:width\" content=\"1000\" \/>\n\t<meta property=\"og:image:height\" content=\"1000\" \/>\n\t<meta property=\"og:image:type\" content=\"image\/jpeg\" \/>\n<meta name=\"twitter:card\" content=\"summary_large_image\" \/>\n<script type=\"application\/ld+json\" class=\"yoast-schema-graph\">{\"@context\":\"https:\/\/schema.org\",\"@graph\":[{\"@type\":\"WebPage\",\"@id\":\"https:\/\/longchangchemical.com\/product\/agesin-ag-d9000\/\",\"url\":\"https:\/\/longchangchemical.com\/product\/agesin-ag-d9000\/\",\"name\":\"China CHLUMICRYL\u00ae AG-D9000 \/ Anti-graffiti additive Polydimethylsiloxane with hydroxy group Manufacturer - Longchang Chemical\",\"isPartOf\":{\"@id\":\"https:\/\/longchangchemical.com\/#website\"},\"datePublished\":\"2023-10-10T07:16:17+00:00\",\"dateModified\":\"2025-04-01T07:07:21+00:00\",\"description\":\"CHLUMICRYL\u00ae AG-D9000 \/ Anti-graffiti additive Polydimethylsiloxane with hydroxy group is a key product of Longchang Chemical. We provide the best price. We are the leading manufacturer in China with the best quality and competitive price.\",\"breadcrumb\":{\"@id\":\"https:\/\/longchangchemical.com\/product\/agesin-ag-d9000\/#breadcrumb\"},\"inLanguage\":\"pt-BR\",\"potentialAction\":[{\"@type\":\"ReadAction\",\"target\":[\"https:\/\/longchangchemical.com\/product\/agesin-ag-d9000\/\"]}]},{\"@type\":\"BreadcrumbList\",\"@id\":\"https:\/\/longchangchemical.com\/product\/agesin-ag-d9000\/#breadcrumb\",\"itemListElement\":[{\"@type\":\"ListItem\",\"position\":1,\"name\":\"Home\",\"item\":\"https:\/\/longchangchemical.com\/\"},{\"@type\":\"ListItem\",\"position\":2,\"name\":\"Products Longchang\",\"item\":\"https:\/\/longchangchemical.com\/product\/\"},{\"@type\":\"ListItem\",\"position\":3,\"name\":\"CHLUMICRYL\u00ae AG-D9000 \/ Anti-graffiti additive Polydimethylsiloxane with hydroxy group\"}]},{\"@type\":\"WebSite\",\"@id\":\"https:\/\/longchangchemical.com\/#website\",\"url\":\"https:\/\/longchangchemical.com\/\",\"name\":\"Longchang Chemical\",\"description\":\"China chemical manufacturer \uff06 supplier\",\"publisher\":{\"@id\":\"https:\/\/longchangchemical.com\/#organization\"},\"potentialAction\":[{\"@type\":\"SearchAction\",\"target\":{\"@type\":\"EntryPoint\",\"urlTemplate\":\"https:\/\/longchangchemical.com\/?s={search_term_string}\"},\"query-input\":{\"@type\":\"PropertyValueSpecification\",\"valueRequired\":true,\"valueName\":\"search_term_string\"}}],\"inLanguage\":\"pt-BR\"},{\"@type\":\"Organization\",\"@id\":\"https:\/\/longchangchemical.com\/#organization\",\"name\":\"Longchang Chemical\",\"url\":\"https:\/\/longchangchemical.com\/\",\"logo\":{\"@type\":\"ImageObject\",\"inLanguage\":\"pt-BR\",\"@id\":\"https:\/\/longchangchemical.com\/#\/schema\/logo\/image\/\",\"url\":\"https:\/\/longchangchemical.com\/wp-content\/uploads\/2020\/08\/cropped-longchang-logo.png\",\"contentUrl\":\"https:\/\/longchangchemical.com\/wp-content\/uploads\/2020\/08\/cropped-longchang-logo.png\",\"width\":512,\"height\":512,\"caption\":\"Longchang Chemical\"},\"image\":{\"@id\":\"https:\/\/longchangchemical.com\/#\/schema\/logo\/image\/\"}}]}<\/script>\n<!-- \/ Yoast SEO plugin. -->","yoast_head_json":{"title":"China CHLUMICRYL\u00ae AG-D9000 \/ Aditivo antipicha\u00e7\u00e3o Polidimetilsiloxano com grupo hidroxi Fabricante - Longchang Chemical","description":"CHLUMICRYL\u00ae AG-D9000 \/ Aditivo antipicha\u00e7\u00e3o Polidimetilsiloxano com grupo hidroxi \u00e9 um produto-chave da Longchang Chemical. Oferecemos o melhor pre\u00e7o. Somos o fabricante l\u00edder na China, com a melhor qualidade e pre\u00e7o competitivo.","robots":{"index":"index","follow":"follow","max-snippet":"max-snippet:-1","max-image-preview":"max-image-preview:large","max-video-preview":"max-video-preview:-1"},"canonical":"https:\/\/longchangchemical.com\/pt\/product\/agesin-ag-d9000\/","og_locale":"pt_BR","og_type":"article","og_title":"China CHLUMICRYL\u00ae AG-D9000 \/ Anti-graffiti additive Polydimethylsiloxane with hydroxy group Manufacturer - Longchang Chemical","og_description":"CHLUMICRYL\u00ae AG-D9000 \/ Anti-graffiti additive Polydimethylsiloxane with hydroxy group is a key product of Longchang Chemical. We provide the best price. We are the leading manufacturer in China with the best quality and competitive price.","og_url":"https:\/\/longchangchemical.com\/pt\/product\/agesin-ag-d9000\/","og_site_name":"Longchang Chemical","article_modified_time":"2025-04-01T07:07:21+00:00","og_image":[{"width":1000,"height":1000,"url":"https:\/\/longchangchemical.com\/wp-content\/uploads\/2024\/02\/logo-jpeg.jpg","type":"image\/jpeg"}],"twitter_card":"summary_large_image","schema":{"@context":"https:\/\/schema.org","@graph":[{"@type":"WebPage","@id":"https:\/\/longchangchemical.com\/product\/agesin-ag-d9000\/","url":"https:\/\/longchangchemical.com\/product\/agesin-ag-d9000\/","name":"China CHLUMICRYL\u00ae AG-D9000 \/ Aditivo antipicha\u00e7\u00e3o Polidimetilsiloxano com grupo hidroxi Fabricante - Longchang Chemical","isPartOf":{"@id":"https:\/\/longchangchemical.com\/#website"},"datePublished":"2023-10-10T07:16:17+00:00","dateModified":"2025-04-01T07:07:21+00:00","description":"CHLUMICRYL\u00ae AG-D9000 \/ Aditivo antipicha\u00e7\u00e3o Polidimetilsiloxano com grupo hidroxi \u00e9 um produto-chave da Longchang Chemical. Oferecemos o melhor pre\u00e7o. Somos o fabricante l\u00edder na China, com a melhor qualidade e pre\u00e7o competitivo.","breadcrumb":{"@id":"https:\/\/longchangchemical.com\/product\/agesin-ag-d9000\/#breadcrumb"},"inLanguage":"pt-BR","potentialAction":[{"@type":"ReadAction","target":["https:\/\/longchangchemical.com\/product\/agesin-ag-d9000\/"]}]},{"@type":"BreadcrumbList","@id":"https:\/\/longchangchemical.com\/product\/agesin-ag-d9000\/#breadcrumb","itemListElement":[{"@type":"ListItem","position":1,"name":"Home","item":"https:\/\/longchangchemical.com\/"},{"@type":"ListItem","position":2,"name":"Products Longchang","item":"https:\/\/longchangchemical.com\/product\/"},{"@type":"ListItem","position":3,"name":"CHLUMICRYL\u00ae AG-D9000 \/ Anti-graffiti additive Polydimethylsiloxane with hydroxy group"}]},{"@type":"WebSite","@id":"https:\/\/longchangchemical.com\/#website","url":"https:\/\/longchangchemical.com\/","name":"Qu\u00edmica Longchang","description":"Fabricante de produtos qu\u00edmicos na China \uff06 fornecedor","publisher":{"@id":"https:\/\/longchangchemical.com\/#organization"},"potentialAction":[{"@type":"SearchAction","target":{"@type":"EntryPoint","urlTemplate":"https:\/\/longchangchemical.com\/?s={search_term_string}"},"query-input":{"@type":"PropertyValueSpecification","valueRequired":true,"valueName":"search_term_string"}}],"inLanguage":"pt-BR"},{"@type":"Organization","@id":"https:\/\/longchangchemical.com\/#organization","name":"Qu\u00edmica Longchang","url":"https:\/\/longchangchemical.com\/","logo":{"@type":"ImageObject","inLanguage":"pt-BR","@id":"https:\/\/longchangchemical.com\/#\/schema\/logo\/image\/","url":"https:\/\/longchangchemical.com\/wp-content\/uploads\/2020\/08\/cropped-longchang-logo.png","contentUrl":"https:\/\/longchangchemical.com\/wp-content\/uploads\/2020\/08\/cropped-longchang-logo.png","width":512,"height":512,"caption":"Longchang Chemical"},"image":{"@id":"https:\/\/longchangchemical.com\/#\/schema\/logo\/image\/"}}]}},"_links":{"self":[{"href":"https:\/\/longchangchemical.com\/pt\/wp-json\/wp\/v2\/product\/6250","targetHints":{"allow":["GET"]}}],"collection":[{"href":"https:\/\/longchangchemical.com\/pt\/wp-json\/wp\/v2\/product"}],"about":[{"href":"https:\/\/longchangchemical.com\/pt\/wp-json\/wp\/v2\/types\/product"}],"replies":[{"embeddable":true,"href":"https:\/\/longchangchemical.com\/pt\/wp-json\/wp\/v2\/comments?post=6250"}],"wp:attachment":[{"href":"https:\/\/longchangchemical.com\/pt\/wp-json\/wp\/v2\/media?parent=6250"}],"wp:term":[{"taxonomy":"product_brand","embeddable":true,"href":"https:\/\/longchangchemical.com\/pt\/wp-json\/wp\/v2\/product_brand?post=6250"},{"taxonomy":"product_cat","embeddable":true,"href":"https:\/\/longchangchemical.com\/pt\/wp-json\/wp\/v2\/product_cat?post=6250"},{"taxonomy":"product_tag","embeddable":true,"href":"https:\/\/longchangchemical.com\/pt\/wp-json\/wp\/v2\/product_tag?post=6250"}],"curies":[{"name":"wp","href":"https:\/\/api.w.org\/{rel}","templated":true}]}}