{"id":6238,"date":"2023-09-14T07:58:33","date_gmt":"2023-09-14T07:58:33","guid":{"rendered":"https:\/\/longchangchemical.com\/?post_type=product&#038;p=6238"},"modified":"2025-04-01T07:07:27","modified_gmt":"2025-04-01T07:07:27","slug":"agesin-dp-d264r-2","status":"publish","type":"product","link":"https:\/\/longchangchemical.com\/pt\/product\/agesin-dp-d264r-2\/","title":{"rendered":"CHLUMICRYL\u00ae DP-D264R \/ Solu\u00e7\u00e3o de copol\u00edmero de estilo de bloco de alta M.W. com grupos de afinidade de pigmento"},"content":{"rendered":"<p><strong>N\u00famero do produto<\/strong>: DP-D264R<\/p>\n<p><strong>Alternativas equivalentes-<\/strong>\u00a0Elementis Disponer 983<\/p>\n<p><strong>Especifica\u00e7\u00e3o<\/strong><\/p>\n<table width=\"100%\" cellspacing=\"0\" cellpadding=\"0\">\n<tbody>\n<tr>\n<td>Composi\u00e7\u00e3o<\/td>\n<td>Solu\u00e7\u00e3o de copol\u00edmero de estilo de bloco de alta M.W. com grupos de afinidade de pigmento<\/td>\n<\/tr>\n<tr>\n<td>Apar\u00eancia<\/td>\n<td>L\u00edquido transparente a levemente amarelado<\/td>\n<\/tr>\n<tr>\n<td>Solvente Sinosolv<\/td>\n<td>\u00c9ster dib\u00e1sico<\/td>\n<\/tr>\n<tr>\n<td>Subst\u00e2ncia ativa<\/td>\n<td>63%<\/td>\n<\/tr>\n<tr>\n<td>Densidade<\/td>\n<td>1,10-1,14g\/ml(25\u00b11)\u2103<\/td>\n<\/tr>\n<tr>\n<td>Viscosidade<\/td>\n<td>\u2265Q(viscos\u00edmetro de bolhas)(25\u00b10,2)\u2103<\/td>\n<\/tr>\n<tr>\n<td>Ponto de fulgor<\/td>\n<td>\uff1e100\u2103<\/td>\n<\/tr>\n<\/tbody>\n<\/table>\n<p>Observa\u00e7\u00e3o: Esta planilha de dados destina-se a fornecer resultados t\u00edpicos, n\u00e3o padr\u00e3o.<\/p>\n<p><strong>Sistema de aplicativos<\/strong><\/p>\n<p>\u00c0 base de solvente<\/p>\n<p><strong>Propriedades<\/strong><\/p>\n<p>O dispersante de estilo de bloco de alto M.W. \u00e9 eficaz pela intera\u00e7\u00e3o do grupo de afinidade do pigmento com a superf\u00edcie do pigmento e a m\u00eddia do pol\u00edmero de baixo M.W.<br \/>\nA pel\u00edcula de barreira causada pelo baixo M.W. reduz a for\u00e7a de atra\u00e7\u00e3o entre as part\u00edculas de pigmentos, de modo que obt\u00e9m uma melhor estabilidade para dispers\u00e3o.<\/p>\n<p>Excelente capacidade de renderiza\u00e7\u00e3o de cores e brilho para o preto carbono.<\/p>\n<p>\u00c9 adequado para sistemas de 2 componentes e termofixos, exceto tintas acr\u00edlicas termopl\u00e1sticas.<\/p>\n<p><strong>Incorpora\u00e7\u00e3o<\/strong><\/p>\n<p>Deve ser incorporado \u00e0 base de moagem antes da adi\u00e7\u00e3o dos pigmentos.<\/p>\n<p><strong>Sugerir adi\u00e7\u00e3o<\/strong><\/p>\n<p>Pigmento inorg\u00e2nico 1-10%<br \/>\nPigmento org\u00e2nico 15-35%<br \/>\nPreto carbono 25-100%<\/p>\n<p><strong>pacote<\/strong><\/p>\n<p>25KG \/ 180KG<\/p>\n<p><strong><b>Armazenamento:<\/b><\/strong><\/p>\n<div>\n<p>Mantido em um dep\u00f3sito seco e limpo, com boa ventila\u00e7\u00e3o.<\/p>\n<p>Evite a exposi\u00e7\u00e3o \u00e0 luz e ao aquecimento.<\/p>\n<p>Proteger o produto contra vazamentos, chuva e insola\u00e7\u00e3o durante o transporte.<\/p>\n<\/div>","protected":false},"excerpt":{"rendered":"<p>Descri\u00e7\u00e3o do produto: Solu\u00e7\u00e3o de copol\u00edmero de estilo de bloco de alta M.W. com grupos de afinidade de pigmento<\/p>\n<p>Alternativas equivalentes: Elementis Disponer 983<\/p>\n<p>Sistema de aplica\u00e7\u00e3o: \u00c0 base de solvente<\/p>\n<p>Viscosidade: \u2265Q(viscos\u00edmetro de bolhas)(25\u00b10,2)\u2103<\/p>\n<p>Embalagem: 25KG ou 180KG\/tambor<\/p>","protected":false},"featured_media":0,"comment_status":"closed","ping_status":"closed","template":"","meta":[],"product_brand":[],"product_cat":[138,150],"product_tag":[],"class_list":{"0":"post-6238","1":"product","2":"type-product","3":"status-publish","5":"product_cat-coating-and-ink-additives","6":"product_cat-dispersant","8":"first","9":"instock","10":"shipping-taxable","11":"product-type-simple"},"yoast_head":"<!-- This site is optimized with the Yoast SEO plugin v25.3.1 - https:\/\/yoast.com\/wordpress\/plugins\/seo\/ -->\n<title>DP-D264R High M.W. block style copolymer solution with | Longchang Chemical<\/title>\n<meta name=\"description\" content=\"DP-D264R High M.W. block style copolymer solution with pigment affinity groups Coating Additive is a coating additive for coatings, inks and specialty\" \/>\n<meta name=\"robots\" content=\"index, follow, max-snippet:-1, max-image-preview:large, max-video-preview:-1\" \/>\n<link rel=\"canonical\" href=\"https:\/\/longchangchemical.com\/pt\/product\/agesin-dp-d264r-2\/\" \/>\n<meta property=\"og:locale\" content=\"pt_BR\" \/>\n<meta property=\"og:type\" content=\"article\" \/>\n<meta property=\"og:title\" content=\"DP-D264R High M.W. block style copolymer solution with | Longchang Chemical\" \/>\n<meta property=\"og:description\" content=\"DP-D264R High M.W. block style copolymer solution with pigment affinity groups Coating Additive is a coating additive for coatings, inks and specialty\" \/>\n<meta property=\"og:url\" content=\"https:\/\/longchangchemical.com\/pt\/product\/agesin-dp-d264r-2\/\" \/>\n<meta property=\"og:site_name\" content=\"Longchang Chemical\" \/>\n<meta property=\"article:modified_time\" content=\"2025-04-01T07:07:27+00:00\" \/>\n<meta property=\"og:image\" content=\"https:\/\/longchangchemical.com\/wp-content\/uploads\/2024\/02\/logo-jpeg.jpg\" \/>\n\t<meta property=\"og:image:width\" content=\"1000\" \/>\n\t<meta property=\"og:image:height\" content=\"1000\" \/>\n\t<meta property=\"og:image:type\" content=\"image\/jpeg\" \/>\n<meta name=\"twitter:card\" content=\"summary_large_image\" \/>\n<script type=\"application\/ld+json\" class=\"yoast-schema-graph\">{\"@context\":\"https:\/\/schema.org\",\"@graph\":[{\"@type\":\"WebPage\",\"@id\":\"https:\/\/longchangchemical.com\/product\/agesin-dp-d264r-2\/\",\"url\":\"https:\/\/longchangchemical.com\/product\/agesin-dp-d264r-2\/\",\"name\":\"DP-D264R High M.W. block style copolymer solution with | Longchang Chemical\",\"isPartOf\":{\"@id\":\"https:\/\/longchangchemical.com\/#website\"},\"datePublished\":\"2023-09-14T07:58:33+00:00\",\"dateModified\":\"2025-04-01T07:07:27+00:00\",\"description\":\"DP-D264R High M.W. block style copolymer solution with pigment affinity groups Coating Additive is a coating additive for coatings, inks and specialty\",\"breadcrumb\":{\"@id\":\"https:\/\/longchangchemical.com\/product\/agesin-dp-d264r-2\/#breadcrumb\"},\"inLanguage\":\"pt-BR\",\"potentialAction\":[{\"@type\":\"ReadAction\",\"target\":[\"https:\/\/longchangchemical.com\/product\/agesin-dp-d264r-2\/\"]}]},{\"@type\":\"BreadcrumbList\",\"@id\":\"https:\/\/longchangchemical.com\/product\/agesin-dp-d264r-2\/#breadcrumb\",\"itemListElement\":[{\"@type\":\"ListItem\",\"position\":1,\"name\":\"Home\",\"item\":\"https:\/\/longchangchemical.com\/\"},{\"@type\":\"ListItem\",\"position\":2,\"name\":\"Products Longchang\",\"item\":\"https:\/\/longchangchemical.com\/product\/\"},{\"@type\":\"ListItem\",\"position\":3,\"name\":\"CHLUMICRYL\u00ae DP-D264R \/ High M.W. block style copolymer solution with pigment affinity groups\"}]},{\"@type\":\"WebSite\",\"@id\":\"https:\/\/longchangchemical.com\/#website\",\"url\":\"https:\/\/longchangchemical.com\/\",\"name\":\"Longchang Chemical\",\"description\":\"China chemical manufacturer \uff06 supplier\",\"publisher\":{\"@id\":\"https:\/\/longchangchemical.com\/#organization\"},\"potentialAction\":[{\"@type\":\"SearchAction\",\"target\":{\"@type\":\"EntryPoint\",\"urlTemplate\":\"https:\/\/longchangchemical.com\/?s={search_term_string}\"},\"query-input\":{\"@type\":\"PropertyValueSpecification\",\"valueRequired\":true,\"valueName\":\"search_term_string\"}}],\"inLanguage\":\"pt-BR\"},{\"@type\":\"Organization\",\"@id\":\"https:\/\/longchangchemical.com\/#organization\",\"name\":\"Longchang Chemical\",\"url\":\"https:\/\/longchangchemical.com\/\",\"logo\":{\"@type\":\"ImageObject\",\"inLanguage\":\"pt-BR\",\"@id\":\"https:\/\/longchangchemical.com\/#\/schema\/logo\/image\/\",\"url\":\"https:\/\/longchangchemical.com\/wp-content\/uploads\/2020\/08\/cropped-longchang-logo.png\",\"contentUrl\":\"https:\/\/longchangchemical.com\/wp-content\/uploads\/2020\/08\/cropped-longchang-logo.png\",\"width\":512,\"height\":512,\"caption\":\"Longchang Chemical\"},\"image\":{\"@id\":\"https:\/\/longchangchemical.com\/#\/schema\/logo\/image\/\"}}]}<\/script>\n<!-- \/ Yoast SEO plugin. -->","yoast_head_json":{"title":"DP-D264R High M.W. block style copolymer solution with | Longchang Chemical","description":"DP-D264R High M.W. block style copolymer solution with pigment affinity groups Coating Additive is a coating additive for coatings, inks and specialty","robots":{"index":"index","follow":"follow","max-snippet":"max-snippet:-1","max-image-preview":"max-image-preview:large","max-video-preview":"max-video-preview:-1"},"canonical":"https:\/\/longchangchemical.com\/pt\/product\/agesin-dp-d264r-2\/","og_locale":"pt_BR","og_type":"article","og_title":"DP-D264R High M.W. block style copolymer solution with | Longchang Chemical","og_description":"DP-D264R High M.W. block style copolymer solution with pigment affinity groups Coating Additive is a coating additive for coatings, inks and specialty","og_url":"https:\/\/longchangchemical.com\/pt\/product\/agesin-dp-d264r-2\/","og_site_name":"Longchang Chemical","article_modified_time":"2025-04-01T07:07:27+00:00","og_image":[{"width":1000,"height":1000,"url":"https:\/\/longchangchemical.com\/wp-content\/uploads\/2024\/02\/logo-jpeg.jpg","type":"image\/jpeg"}],"twitter_card":"summary_large_image","schema":{"@context":"https:\/\/schema.org","@graph":[{"@type":"WebPage","@id":"https:\/\/longchangchemical.com\/product\/agesin-dp-d264r-2\/","url":"https:\/\/longchangchemical.com\/product\/agesin-dp-d264r-2\/","name":"DP-D264R High M.W. block style copolymer solution with | Longchang Chemical","isPartOf":{"@id":"https:\/\/longchangchemical.com\/#website"},"datePublished":"2023-09-14T07:58:33+00:00","dateModified":"2025-04-01T07:07:27+00:00","description":"DP-D264R High M.W. block style copolymer solution with pigment affinity groups Coating Additive is a coating additive for coatings, inks and specialty","breadcrumb":{"@id":"https:\/\/longchangchemical.com\/product\/agesin-dp-d264r-2\/#breadcrumb"},"inLanguage":"pt-BR","potentialAction":[{"@type":"ReadAction","target":["https:\/\/longchangchemical.com\/product\/agesin-dp-d264r-2\/"]}]},{"@type":"BreadcrumbList","@id":"https:\/\/longchangchemical.com\/product\/agesin-dp-d264r-2\/#breadcrumb","itemListElement":[{"@type":"ListItem","position":1,"name":"Home","item":"https:\/\/longchangchemical.com\/"},{"@type":"ListItem","position":2,"name":"Products Longchang","item":"https:\/\/longchangchemical.com\/product\/"},{"@type":"ListItem","position":3,"name":"CHLUMICRYL\u00ae DP-D264R \/ High M.W. block style copolymer solution with pigment affinity groups"}]},{"@type":"WebSite","@id":"https:\/\/longchangchemical.com\/#website","url":"https:\/\/longchangchemical.com\/","name":"Qu\u00edmica Longchang","description":"Fabricante de produtos qu\u00edmicos na China \uff06 fornecedor","publisher":{"@id":"https:\/\/longchangchemical.com\/#organization"},"potentialAction":[{"@type":"SearchAction","target":{"@type":"EntryPoint","urlTemplate":"https:\/\/longchangchemical.com\/?s={search_term_string}"},"query-input":{"@type":"PropertyValueSpecification","valueRequired":true,"valueName":"search_term_string"}}],"inLanguage":"pt-BR"},{"@type":"Organization","@id":"https:\/\/longchangchemical.com\/#organization","name":"Qu\u00edmica Longchang","url":"https:\/\/longchangchemical.com\/","logo":{"@type":"ImageObject","inLanguage":"pt-BR","@id":"https:\/\/longchangchemical.com\/#\/schema\/logo\/image\/","url":"https:\/\/longchangchemical.com\/wp-content\/uploads\/2020\/08\/cropped-longchang-logo.png","contentUrl":"https:\/\/longchangchemical.com\/wp-content\/uploads\/2020\/08\/cropped-longchang-logo.png","width":512,"height":512,"caption":"Longchang Chemical"},"image":{"@id":"https:\/\/longchangchemical.com\/#\/schema\/logo\/image\/"}}]}},"_links":{"self":[{"href":"https:\/\/longchangchemical.com\/pt\/wp-json\/wp\/v2\/product\/6238","targetHints":{"allow":["GET"]}}],"collection":[{"href":"https:\/\/longchangchemical.com\/pt\/wp-json\/wp\/v2\/product"}],"about":[{"href":"https:\/\/longchangchemical.com\/pt\/wp-json\/wp\/v2\/types\/product"}],"replies":[{"embeddable":true,"href":"https:\/\/longchangchemical.com\/pt\/wp-json\/wp\/v2\/comments?post=6238"}],"wp:attachment":[{"href":"https:\/\/longchangchemical.com\/pt\/wp-json\/wp\/v2\/media?parent=6238"}],"wp:term":[{"taxonomy":"product_brand","embeddable":true,"href":"https:\/\/longchangchemical.com\/pt\/wp-json\/wp\/v2\/product_brand?post=6238"},{"taxonomy":"product_cat","embeddable":true,"href":"https:\/\/longchangchemical.com\/pt\/wp-json\/wp\/v2\/product_cat?post=6238"},{"taxonomy":"product_tag","embeddable":true,"href":"https:\/\/longchangchemical.com\/pt\/wp-json\/wp\/v2\/product_tag?post=6238"}],"curies":[{"name":"wp","href":"https:\/\/api.w.org\/{rel}","templated":true}]}}