{"id":6195,"date":"2023-07-28T07:17:59","date_gmt":"2023-07-28T07:17:59","guid":{"rendered":"https:\/\/longchangchemical.com\/?post_type=product&#038;p=6195"},"modified":"2025-04-01T07:07:46","modified_gmt":"2025-04-01T07:07:46","slug":"agesinfs-d8950br","status":"publish","type":"product","link":"https:\/\/longchangchemical.com\/pt\/product\/agesinfs-d8950br\/","title":{"rendered":"CHLUMICRYL\u00ae FS-D8950BR"},"content":{"rendered":"<h1>Solu\u00e7\u00e3o de copol\u00edmero de fluorocarbono<\/h1>\n<p><strong>N\u00famero do produto<\/strong>: FS-D8950BR<\/p>\n<p><strong>Alternativas equivalentes<\/strong>BASF EFKA 3650 ( FS-D8950BR tem melhor capacidade anti-encolhimento).<\/p>\n<p><strong>Especifica\u00e7\u00e3o<\/strong><\/p>\n<table border=\"0\" width=\"100%\" cellspacing=\"0\">\n<tbody>\n<tr>\n<td valign=\"top\" width=\"339\">Composi\u00e7\u00e3o<\/td>\n<td colspan=\"2\" valign=\"top\" width=\"339\">Solu\u00e7\u00e3o de copol\u00edmero de fluorocarbono<\/td>\n<\/tr>\n<tr>\n<td valign=\"top\" width=\"339\">Apar\u00eancia<\/td>\n<td colspan=\"2\" valign=\"top\" width=\"339\">\n<p align=\"justify\">L\u00edquido transparente a levemente amarelado<\/p>\n<\/td>\n<\/tr>\n<tr>\n<td valign=\"top\" width=\"339\">Solvente Sinosolv<\/td>\n<td colspan=\"2\" valign=\"top\" width=\"339\">\u00c9ster dib\u00e1sico<\/td>\n<\/tr>\n<tr>\n<td valign=\"top\" width=\"339\">Subst\u00e2ncia ativa<\/td>\n<td colspan=\"2\" valign=\"top\" width=\"339\">50%<\/td>\n<\/tr>\n<tr>\n<td valign=\"top\" width=\"339\">Densidade<\/td>\n<td colspan=\"2\" valign=\"top\" width=\"339\">1,14-1,18g\/ml(25\u00b11)\u2103<\/td>\n<\/tr>\n<tr>\n<td valign=\"top\" width=\"339\">Viscosidade<\/td>\n<td colspan=\"2\" valign=\"top\" width=\"339\">\n<p align=\"justify\">6-40s(Tu-4 viscometer)(25\u00b10.2)\u2103<\/p>\n<\/td>\n<\/tr>\n<tr>\n<td valign=\"top\" width=\"339\">Ponto de fulgor<\/td>\n<td colspan=\"2\" valign=\"top\" width=\"339\">\uff1e100\u2103<\/td>\n<\/tr>\n<\/tbody>\n<\/table>\n<p><strong>\u00a0<\/strong>Observa\u00e7\u00e3o: Esta planilha de dados destina-se a fornecer resultados t\u00edpicos, n\u00e3o padr\u00e3o.<\/p>\n<p><strong>Sistema de aplicativos<\/strong><\/p>\n<p>Cura UV \u00e0 base de solvente<\/p>\n<p><strong>Propriedades<\/strong><\/p>\n<p>Boa compatibilidade com vernizes.<br \/>\nBom nivelamento de ondas longas. Evita o fen\u00f4meno da casca de laranja.<br \/>\nExcelente capacidade de prote\u00e7\u00e3o contra a forma\u00e7\u00e3o de crateras.<br \/>\nAdequado para pulveriza\u00e7\u00e3o em grandes \u00e1reas, sem inibi\u00e7\u00e3o de espuma.<br \/>\nAp\u00f3s a pulveriza\u00e7\u00e3o \u00famida e a secagem de v\u00e1rias cores, como raquetes de badminton, o fen\u00f4meno da canaliza\u00e7\u00e3o de cores entre as cores pode ser evitado e eliminado.\u00a0<strong>\u00a0<\/strong><\/p>\n<p><strong>Incorpora\u00e7\u00e3o<\/strong><strong>\u00a0<\/strong><strong>\u00a0<\/strong><\/p>\n<p>Pode ser adicionado em qualquer est\u00e1gio do processo de produ\u00e7\u00e3o, inclusive ap\u00f3s a adi\u00e7\u00e3o.<strong>\u00a0<\/strong><strong>\u00a0<\/strong><\/p>\n<p><strong>Sugerir adi\u00e7\u00e3o<\/strong><strong>\u00a0<\/strong><strong>\u00a0<\/strong><\/p>\n<p>Adi\u00e7\u00e3o \u00e0 formula\u00e7\u00e3o total 0,1-1,0%<strong>\u00a0<\/strong><strong>\u00a0<\/strong><\/p>\n<p><strong>Estabilidade de armazenamento<\/strong><\/p>\n<p>Mantenha intacto por 24 meses na embalagem original. Os produtos que ultrapassarem o per\u00edodo de armazenamento podem continuar a ser usados ap\u00f3s a inspe\u00e7\u00e3o. O cont\u00eainer deve ser fechado imediatamente ap\u00f3s o uso.<\/p>\n<p><strong>Aplicar recomenda\u00e7\u00e3o<\/strong><\/p>\n<table border=\"0\" width=\"100%\" cellspacing=\"0\">\n<tbody>\n<tr>\n<td colspan=\"3\" valign=\"top\" width=\"331\">Transpar\u00eancia em verniz<\/td>\n<td valign=\"top\" width=\"331\">4<\/td>\n<\/tr>\n<tr>\n<td colspan=\"3\" valign=\"top\" width=\"331\">Desespuma\u00e7\u00e3o<\/td>\n<td valign=\"top\" width=\"331\">2<\/td>\n<\/tr>\n<tr>\n<td colspan=\"3\" valign=\"top\" width=\"331\">Tens\u00e3o superficial din\u00e2mica<\/td>\n<td valign=\"top\" width=\"331\">4<\/td>\n<\/tr>\n<tr>\n<td colspan=\"3\" valign=\"top\" width=\"331\">Tens\u00e3o superficial est\u00e1tica<\/td>\n<td valign=\"top\" width=\"331\">3.5<\/td>\n<\/tr>\n<tr>\n<td colspan=\"3\" valign=\"top\" width=\"331\">Deslizamento<\/td>\n<td valign=\"top\" width=\"331\">5<\/td>\n<\/tr>\n<\/tbody>\n<\/table>\n<p>0=indispon\u00edvel 5=muito eficaz<\/p>\n<p><strong>pacote<\/strong><\/p>\n<p>25KG \/ 180KG<\/p>\n<p><strong><b>Armazenamento:<\/b><\/strong><\/p>\n<div>\n<p>Mantido em um dep\u00f3sito seco e limpo, com boa ventila\u00e7\u00e3o.<\/p>\n<p>Evite a exposi\u00e7\u00e3o \u00e0 luz e ao aquecimento.<\/p>\n<p>Proteger o produto contra vazamentos, chuva e insola\u00e7\u00e3o durante o transporte.<\/p>\n<\/div>","protected":false},"excerpt":{"rendered":"<p>Descri\u00e7\u00e3o do produto: Solu\u00e7\u00e3o de copol\u00edmero de fluorocarbono<\/p>\n<p>Alternativas equivalentes: BASF EFKA 3650<\/p>\n<p>Sistema de aplica\u00e7\u00e3o: \u00c0 base de solvente\/cura por UV<\/p>\n<p>Solvente: \u00c9ster dib\u00e1sico<\/p>\n<p>Viscosidade: 6-40s (viscos\u00edmetro Tu-4) (25\u00b10,2)\u2103<\/p>\n<p>Embalagem: 25KG ou 180KG\/tambor<\/p>","protected":false},"featured_media":6294,"comment_status":"closed","ping_status":"closed","template":"","meta":[],"product_brand":[],"product_cat":[138,147],"product_tag":[],"class_list":{"0":"post-6195","1":"product","2":"type-product","3":"status-publish","4":"has-post-thumbnail","6":"product_cat-coating-and-ink-additives","7":"product_cat-fluorine-surfactant","9":"first","10":"instock","11":"shipping-taxable","12":"product-type-simple"},"yoast_head":"<!-- This site is optimized with the Yoast SEO plugin v25.3.1 - https:\/\/yoast.com\/wordpress\/plugins\/seo\/ -->\n<title>China CHLUMICRYL\u00ae FS-D8950BR Manufacturer - Longchang Chemical<\/title>\n<meta name=\"description\" content=\"CHLUMICRYL\u00ae FS-D8950BR is a key product of Longchang Chemical. We provide the best price. We are the leading manufacturer in China with the best quality and competitive price.\" \/>\n<meta name=\"robots\" content=\"index, follow, max-snippet:-1, max-image-preview:large, max-video-preview:-1\" \/>\n<link rel=\"canonical\" href=\"https:\/\/longchangchemical.com\/pt\/product\/agesinfs-d8950br\/\" \/>\n<meta property=\"og:locale\" content=\"pt_BR\" \/>\n<meta property=\"og:type\" content=\"article\" \/>\n<meta property=\"og:title\" content=\"China CHLUMICRYL\u00ae FS-D8950BR Manufacturer - Longchang Chemical\" \/>\n<meta property=\"og:description\" content=\"CHLUMICRYL\u00ae FS-D8950BR is a key product of Longchang Chemical. We provide the best price. We are the leading manufacturer in China with the best quality and competitive price.\" \/>\n<meta property=\"og:url\" content=\"https:\/\/longchangchemical.com\/pt\/product\/agesinfs-d8950br\/\" \/>\n<meta property=\"og:site_name\" content=\"Longchang Chemical\" \/>\n<meta property=\"article:modified_time\" content=\"2025-04-01T07:07:46+00:00\" \/>\n<meta property=\"og:image\" content=\"https:\/\/longchangchemical.com\/wp-content\/uploads\/2023\/07\/-FS-D8950BR.jpg\" \/>\n\t<meta property=\"og:image:width\" content=\"800\" \/>\n\t<meta property=\"og:image:height\" content=\"800\" \/>\n\t<meta property=\"og:image:type\" content=\"image\/jpeg\" \/>\n<meta name=\"twitter:card\" content=\"summary_large_image\" \/>\n<script type=\"application\/ld+json\" class=\"yoast-schema-graph\">{\"@context\":\"https:\/\/schema.org\",\"@graph\":[{\"@type\":\"WebPage\",\"@id\":\"https:\/\/longchangchemical.com\/product\/agesinfs-d8950br\/\",\"url\":\"https:\/\/longchangchemical.com\/product\/agesinfs-d8950br\/\",\"name\":\"China CHLUMICRYL\u00ae FS-D8950BR Manufacturer - Longchang Chemical\",\"isPartOf\":{\"@id\":\"https:\/\/longchangchemical.com\/#website\"},\"primaryImageOfPage\":{\"@id\":\"https:\/\/longchangchemical.com\/product\/agesinfs-d8950br\/#primaryimage\"},\"image\":{\"@id\":\"https:\/\/longchangchemical.com\/product\/agesinfs-d8950br\/#primaryimage\"},\"thumbnailUrl\":\"https:\/\/longchangchemical.com\/wp-content\/uploads\/2023\/07\/-FS-D8950BR.jpg\",\"datePublished\":\"2023-07-28T07:17:59+00:00\",\"dateModified\":\"2025-04-01T07:07:46+00:00\",\"description\":\"CHLUMICRYL\u00ae FS-D8950BR is a key product of Longchang Chemical. We provide the best price. We are the leading manufacturer in China with the best quality and competitive price.\",\"breadcrumb\":{\"@id\":\"https:\/\/longchangchemical.com\/product\/agesinfs-d8950br\/#breadcrumb\"},\"inLanguage\":\"pt-BR\",\"potentialAction\":[{\"@type\":\"ReadAction\",\"target\":[\"https:\/\/longchangchemical.com\/product\/agesinfs-d8950br\/\"]}]},{\"@type\":\"ImageObject\",\"inLanguage\":\"pt-BR\",\"@id\":\"https:\/\/longchangchemical.com\/product\/agesinfs-d8950br\/#primaryimage\",\"url\":\"https:\/\/longchangchemical.com\/wp-content\/uploads\/2023\/07\/-FS-D8950BR.jpg\",\"contentUrl\":\"https:\/\/longchangchemical.com\/wp-content\/uploads\/2023\/07\/-FS-D8950BR.jpg\",\"width\":800,\"height\":800,\"caption\":\"FS-D8950BR\"},{\"@type\":\"BreadcrumbList\",\"@id\":\"https:\/\/longchangchemical.com\/product\/agesinfs-d8950br\/#breadcrumb\",\"itemListElement\":[{\"@type\":\"ListItem\",\"position\":1,\"name\":\"Home\",\"item\":\"https:\/\/longchangchemical.com\/\"},{\"@type\":\"ListItem\",\"position\":2,\"name\":\"Products Longchang\",\"item\":\"https:\/\/longchangchemical.com\/product\/\"},{\"@type\":\"ListItem\",\"position\":3,\"name\":\"CHLUMICRYL\u00ae FS-D8950BR\"}]},{\"@type\":\"WebSite\",\"@id\":\"https:\/\/longchangchemical.com\/#website\",\"url\":\"https:\/\/longchangchemical.com\/\",\"name\":\"Longchang Chemical\",\"description\":\"China chemical manufacturer \uff06 supplier\",\"publisher\":{\"@id\":\"https:\/\/longchangchemical.com\/#organization\"},\"potentialAction\":[{\"@type\":\"SearchAction\",\"target\":{\"@type\":\"EntryPoint\",\"urlTemplate\":\"https:\/\/longchangchemical.com\/?s={search_term_string}\"},\"query-input\":{\"@type\":\"PropertyValueSpecification\",\"valueRequired\":true,\"valueName\":\"search_term_string\"}}],\"inLanguage\":\"pt-BR\"},{\"@type\":\"Organization\",\"@id\":\"https:\/\/longchangchemical.com\/#organization\",\"name\":\"Longchang Chemical\",\"url\":\"https:\/\/longchangchemical.com\/\",\"logo\":{\"@type\":\"ImageObject\",\"inLanguage\":\"pt-BR\",\"@id\":\"https:\/\/longchangchemical.com\/#\/schema\/logo\/image\/\",\"url\":\"https:\/\/longchangchemical.com\/wp-content\/uploads\/2020\/08\/cropped-longchang-logo.png\",\"contentUrl\":\"https:\/\/longchangchemical.com\/wp-content\/uploads\/2020\/08\/cropped-longchang-logo.png\",\"width\":512,\"height\":512,\"caption\":\"Longchang Chemical\"},\"image\":{\"@id\":\"https:\/\/longchangchemical.com\/#\/schema\/logo\/image\/\"}}]}<\/script>\n<!-- \/ Yoast SEO plugin. -->","yoast_head_json":{"title":"Fabricante de CHLUMICRYL\u00ae FS-D8950BR na China - Longchang Chemical","description":"O CHLUMICRYL\u00ae FS-D8950BR \u00e9 um produto-chave da Longchang Chemical. Oferecemos o melhor pre\u00e7o. Somos o fabricante l\u00edder na China, com a melhor qualidade e pre\u00e7o competitivo.","robots":{"index":"index","follow":"follow","max-snippet":"max-snippet:-1","max-image-preview":"max-image-preview:large","max-video-preview":"max-video-preview:-1"},"canonical":"https:\/\/longchangchemical.com\/pt\/product\/agesinfs-d8950br\/","og_locale":"pt_BR","og_type":"article","og_title":"China CHLUMICRYL\u00ae FS-D8950BR Manufacturer - Longchang Chemical","og_description":"CHLUMICRYL\u00ae FS-D8950BR is a key product of Longchang Chemical. We provide the best price. We are the leading manufacturer in China with the best quality and competitive price.","og_url":"https:\/\/longchangchemical.com\/pt\/product\/agesinfs-d8950br\/","og_site_name":"Longchang Chemical","article_modified_time":"2025-04-01T07:07:46+00:00","og_image":[{"width":800,"height":800,"url":"https:\/\/longchangchemical.com\/wp-content\/uploads\/2023\/07\/-FS-D8950BR.jpg","type":"image\/jpeg"}],"twitter_card":"summary_large_image","schema":{"@context":"https:\/\/schema.org","@graph":[{"@type":"WebPage","@id":"https:\/\/longchangchemical.com\/product\/agesinfs-d8950br\/","url":"https:\/\/longchangchemical.com\/product\/agesinfs-d8950br\/","name":"Fabricante de CHLUMICRYL\u00ae FS-D8950BR na China - Longchang Chemical","isPartOf":{"@id":"https:\/\/longchangchemical.com\/#website"},"primaryImageOfPage":{"@id":"https:\/\/longchangchemical.com\/product\/agesinfs-d8950br\/#primaryimage"},"image":{"@id":"https:\/\/longchangchemical.com\/product\/agesinfs-d8950br\/#primaryimage"},"thumbnailUrl":"https:\/\/longchangchemical.com\/wp-content\/uploads\/2023\/07\/-FS-D8950BR.jpg","datePublished":"2023-07-28T07:17:59+00:00","dateModified":"2025-04-01T07:07:46+00:00","description":"O CHLUMICRYL\u00ae FS-D8950BR \u00e9 um produto-chave da Longchang Chemical. Oferecemos o melhor pre\u00e7o. Somos o fabricante l\u00edder na China, com a melhor qualidade e pre\u00e7o competitivo.","breadcrumb":{"@id":"https:\/\/longchangchemical.com\/product\/agesinfs-d8950br\/#breadcrumb"},"inLanguage":"pt-BR","potentialAction":[{"@type":"ReadAction","target":["https:\/\/longchangchemical.com\/product\/agesinfs-d8950br\/"]}]},{"@type":"ImageObject","inLanguage":"pt-BR","@id":"https:\/\/longchangchemical.com\/product\/agesinfs-d8950br\/#primaryimage","url":"https:\/\/longchangchemical.com\/wp-content\/uploads\/2023\/07\/-FS-D8950BR.jpg","contentUrl":"https:\/\/longchangchemical.com\/wp-content\/uploads\/2023\/07\/-FS-D8950BR.jpg","width":800,"height":800,"caption":"FS-D8950BR"},{"@type":"BreadcrumbList","@id":"https:\/\/longchangchemical.com\/product\/agesinfs-d8950br\/#breadcrumb","itemListElement":[{"@type":"ListItem","position":1,"name":"Home","item":"https:\/\/longchangchemical.com\/"},{"@type":"ListItem","position":2,"name":"Products Longchang","item":"https:\/\/longchangchemical.com\/product\/"},{"@type":"ListItem","position":3,"name":"CHLUMICRYL\u00ae FS-D8950BR"}]},{"@type":"WebSite","@id":"https:\/\/longchangchemical.com\/#website","url":"https:\/\/longchangchemical.com\/","name":"Qu\u00edmica Longchang","description":"Fabricante de produtos qu\u00edmicos na China \uff06 fornecedor","publisher":{"@id":"https:\/\/longchangchemical.com\/#organization"},"potentialAction":[{"@type":"SearchAction","target":{"@type":"EntryPoint","urlTemplate":"https:\/\/longchangchemical.com\/?s={search_term_string}"},"query-input":{"@type":"PropertyValueSpecification","valueRequired":true,"valueName":"search_term_string"}}],"inLanguage":"pt-BR"},{"@type":"Organization","@id":"https:\/\/longchangchemical.com\/#organization","name":"Qu\u00edmica Longchang","url":"https:\/\/longchangchemical.com\/","logo":{"@type":"ImageObject","inLanguage":"pt-BR","@id":"https:\/\/longchangchemical.com\/#\/schema\/logo\/image\/","url":"https:\/\/longchangchemical.com\/wp-content\/uploads\/2020\/08\/cropped-longchang-logo.png","contentUrl":"https:\/\/longchangchemical.com\/wp-content\/uploads\/2020\/08\/cropped-longchang-logo.png","width":512,"height":512,"caption":"Longchang Chemical"},"image":{"@id":"https:\/\/longchangchemical.com\/#\/schema\/logo\/image\/"}}]}},"_links":{"self":[{"href":"https:\/\/longchangchemical.com\/pt\/wp-json\/wp\/v2\/product\/6195","targetHints":{"allow":["GET"]}}],"collection":[{"href":"https:\/\/longchangchemical.com\/pt\/wp-json\/wp\/v2\/product"}],"about":[{"href":"https:\/\/longchangchemical.com\/pt\/wp-json\/wp\/v2\/types\/product"}],"replies":[{"embeddable":true,"href":"https:\/\/longchangchemical.com\/pt\/wp-json\/wp\/v2\/comments?post=6195"}],"wp:featuredmedia":[{"embeddable":true,"href":"https:\/\/longchangchemical.com\/pt\/wp-json\/wp\/v2\/media\/6294"}],"wp:attachment":[{"href":"https:\/\/longchangchemical.com\/pt\/wp-json\/wp\/v2\/media?parent=6195"}],"wp:term":[{"taxonomy":"product_brand","embeddable":true,"href":"https:\/\/longchangchemical.com\/pt\/wp-json\/wp\/v2\/product_brand?post=6195"},{"taxonomy":"product_cat","embeddable":true,"href":"https:\/\/longchangchemical.com\/pt\/wp-json\/wp\/v2\/product_cat?post=6195"},{"taxonomy":"product_tag","embeddable":true,"href":"https:\/\/longchangchemical.com\/pt\/wp-json\/wp\/v2\/product_tag?post=6195"}],"curies":[{"name":"wp","href":"https:\/\/api.w.org\/{rel}","templated":true}]}}