{"id":6187,"date":"2023-07-18T07:56:43","date_gmt":"2023-07-18T07:56:43","guid":{"rendered":"https:\/\/longchangchemical.com\/?post_type=product&#038;p=6187"},"modified":"2025-04-01T07:08:06","modified_gmt":"2025-04-01T07:08:06","slug":"agesin-wd-d545","status":"publish","type":"product","link":"https:\/\/longchangchemical.com\/pt\/product\/agesin-wd-d545\/","title":{"rendered":"CHLUMICRYL\u00ae WD-D545"},"content":{"rendered":"<div class=\"col-md-6\">\n<h1>Polidimetilsiloxano modificado com poli\u00e9ter<\/h1>\n<p><strong>N\u00famero do produto<\/strong>: WD-D545<\/p>\n<p><strong>Alternativas equivalentes-<\/strong>\u00a0Tego Wet KL 245<\/p>\n<p><strong>Especifica\u00e7\u00e3o<\/strong><\/p>\n<table width=\"592\" cellspacing=\"0\" cellpadding=\"0\">\n<tbody>\n<tr>\n<td>Composi\u00e7\u00e3o<\/td>\n<td>Polidimetilsiloxano modificado com poli\u00e9ter<\/td>\n<\/tr>\n<tr>\n<td>Apar\u00eancia<\/td>\n<td>L\u00edquido transparente a levemente amarelado<\/td>\n<\/tr>\n<tr>\n<td>Solvente Sinosolv<\/td>\n<td>--<\/td>\n<\/tr>\n<tr>\n<td>Subst\u00e2ncia ativa<\/td>\n<td>100%<\/td>\n<\/tr>\n<tr>\n<td>Densidade<\/td>\n<td>1,01-1,05 g\/ml(25\u00b11)\u2103<\/td>\n<\/tr>\n<tr>\n<td>Viscosidade<\/td>\n<td>10-32 (viscos\u00edmetro T-4)<\/td>\n<\/tr>\n<tr>\n<td>Conte\u00fado<\/td>\n<td>\u226592 %(105\u21033h)<\/td>\n<\/tr>\n<\/tbody>\n<\/table>\n<p>Observa\u00e7\u00e3o: a diferen\u00e7a entre a quantidade de subst\u00e2ncia ativa e a mat\u00e9ria n\u00e3o vol\u00e1til se deve ao excesso de poli\u00e9teres de baixo peso molecular relacionado \u00e0 s\u00edntese, que \u00e9 determinado com nosso m\u00e9todo de teste como parte do conte\u00fado vol\u00e1til.<\/p>\n<p><strong>Sistema de aplicativos<\/strong><\/p>\n<p>Tinta \u00e0 base de \u00e1gua para madeira, tinta industrial \u00e0 base de \u00e1gua, tinta pl\u00e1stica \u00e0 base de \u00e1gua<\/p>\n<p><strong>Propriedades<\/strong><\/p>\n<p>Reduz de forma mais eficaz a tens\u00e3o superficial.<\/p>\n<p>Excelente capacidade de umedecimento e espalhamento.<\/p>\n<p>Com a adi\u00e7\u00e3o de 0,2% na \u00e1gua, a tens\u00e3o superficial da \u00e1gua ser\u00e1 reduzida para 20,5 mN\/m. O congelamento pode ocorrer em baixas temperaturas. Ele se tornar\u00e1 transparente e fluir\u00e1 depois de aquecido, mas n\u00e3o afetar\u00e1 a qualidade dos produtos.<\/p>\n<p><strong>Incorpora\u00e7\u00e3o<\/strong><\/p>\n<p>Os aditivos podem ser incorporados em qualquer est\u00e1gio do processo de produ\u00e7\u00e3o, inclusive ap\u00f3s a adi\u00e7\u00e3o.<\/p>\n<p><strong>Sugerir acr\u00e9scimo:\u00a0<\/strong>Adi\u00e7\u00e3o \u00e0 formula\u00e7\u00e3o total 0,1-0,5%<\/p>\n<p><strong><b>Aplicar recomenda\u00e7\u00e3o<\/b><\/strong><\/p>\n<table>\n<tbody>\n<tr>\n<td width=\"232\">Transpar\u00eancia em verniz<\/td>\n<td width=\"147\">4<\/td>\n<\/tr>\n<tr>\n<td width=\"232\">Desespuma\u00e7\u00e3o<\/td>\n<td width=\"147\">0<\/td>\n<\/tr>\n<tr>\n<td width=\"232\">Tens\u00e3o superficial din\u00e2mica<\/td>\n<td width=\"147\">4<\/td>\n<\/tr>\n<tr>\n<td width=\"232\">Tens\u00e3o superficial est\u00e1tica<\/td>\n<td width=\"147\">3<\/td>\n<\/tr>\n<tr>\n<td width=\"232\">Deslizamento<\/td>\n<td width=\"147\">0<\/td>\n<\/tr>\n<\/tbody>\n<\/table>\n<p>0=indispon\u00edvel 5=muito eficaz<\/p>\n<p><strong>pacote<\/strong><\/p>\n<p>25KG \/ 180KG<\/p>\n<p><strong><b>Armazenamento:<\/b><\/strong><\/p>\n<div>\n<p>Mantido em um dep\u00f3sito seco e limpo, com boa ventila\u00e7\u00e3o.<\/p>\n<p>Evite a exposi\u00e7\u00e3o \u00e0 luz e ao aquecimento.<\/p>\n<p>Proteger o produto contra vazamentos, chuva e insola\u00e7\u00e3o durante o transporte.<\/p>\n<\/div>\n<\/div>\n<div class=\"col-md-6\">\n<h3>Detalhes<\/h3>\n<\/div>","protected":false},"excerpt":{"rendered":"<table class=\"woocommerce-product-attributes shop_attributes\">\n<tbody>\n<tr class=\"woocommerce-product-attributes-item woocommerce-product-attributes-item--attribute_product-description\">\n<th class=\"woocommerce-product-attributes-item__label\">Descri\u00e7\u00e3o do produto:<\/th>\n<td class=\"woocommerce-product-attributes-item__value\">Polidimetilsiloxano modificado com poli\u00e9ter<\/td>\n<\/tr>\n<tr class=\"woocommerce-product-attributes-item woocommerce-product-attributes-item--attribute_equivalent-alternatives\">\n<th class=\"woocommerce-product-attributes-item__label\">Alternativas equivalentes<\/th>\n<td class=\"woocommerce-product-attributes-item__value\">Tego Wet KL 245<\/td>\n<\/tr>\n<tr class=\"woocommerce-product-attributes-item woocommerce-product-attributes-item--attribute_application-system\">\n<th class=\"woocommerce-product-attributes-item__label\">Sistema de aplicativos<\/th>\n<td class=\"woocommerce-product-attributes-item__value\">Tinta \u00e0 base de \u00e1gua para madeira \/ industrial \/ pl\u00e1stico<\/td>\n<\/tr>\n<tr class=\"woocommerce-product-attributes-item woocommerce-product-attributes-item--attribute_viscosity\">\n<th class=\"woocommerce-product-attributes-item__label\">Viscosidade<\/th>\n<td class=\"woocommerce-product-attributes-item__value\">\u2265Q(viscos\u00edmetro de bolhas)(25\u00b10,2)\u2103<\/td>\n<\/tr>\n<tr class=\"woocommerce-product-attributes-item woocommerce-product-attributes-item--attribute_package\">\n<th class=\"woocommerce-product-attributes-item__label\">Pacote<\/th>\n<td class=\"woocommerce-product-attributes-item__value\">25KG ou 180KG\/tambor<\/td>\n<\/tr>\n<\/tbody>\n<\/table>","protected":false},"featured_media":0,"comment_status":"closed","ping_status":"closed","template":"","meta":[],"product_brand":[],"product_cat":[138,145],"product_tag":[],"class_list":{"0":"post-6187","1":"product","2":"type-product","3":"status-publish","5":"product_cat-coating-and-ink-additives","6":"product_cat-wetting-agent","8":"first","9":"instock","10":"shipping-taxable","11":"product-type-simple"},"yoast_head":"<!-- This site is optimized with the Yoast SEO plugin v25.3.1 - https:\/\/yoast.com\/wordpress\/plugins\/seo\/ -->\n<title>China CHLUMICRYL\u00ae WD-D545 Manufacturer - Longchang Chemical<\/title>\n<meta name=\"description\" content=\"CHLUMICRYL\u00ae WD-D545 is a key product of Longchang Chemical. We provide the best price. We are the leading manufacturer in China with the best quality and competitive price.\" \/>\n<meta name=\"robots\" content=\"index, follow, max-snippet:-1, max-image-preview:large, max-video-preview:-1\" \/>\n<link rel=\"canonical\" href=\"https:\/\/longchangchemical.com\/pt\/product\/agesin-wd-d545\/\" \/>\n<meta property=\"og:locale\" content=\"pt_BR\" \/>\n<meta property=\"og:type\" content=\"article\" \/>\n<meta property=\"og:title\" content=\"China CHLUMICRYL\u00ae WD-D545 Manufacturer - Longchang Chemical\" \/>\n<meta property=\"og:description\" content=\"CHLUMICRYL\u00ae WD-D545 is a key product of Longchang Chemical. We provide the best price. We are the leading manufacturer in China with the best quality and competitive price.\" \/>\n<meta property=\"og:url\" content=\"https:\/\/longchangchemical.com\/pt\/product\/agesin-wd-d545\/\" \/>\n<meta property=\"og:site_name\" content=\"Longchang Chemical\" \/>\n<meta property=\"article:modified_time\" content=\"2025-04-01T07:08:06+00:00\" \/>\n<meta property=\"og:image\" content=\"https:\/\/longchangchemical.com\/wp-content\/uploads\/2024\/02\/logo-jpeg.jpg\" \/>\n\t<meta property=\"og:image:width\" content=\"1000\" \/>\n\t<meta property=\"og:image:height\" content=\"1000\" \/>\n\t<meta property=\"og:image:type\" content=\"image\/jpeg\" \/>\n<meta name=\"twitter:card\" content=\"summary_large_image\" \/>\n<script type=\"application\/ld+json\" class=\"yoast-schema-graph\">{\"@context\":\"https:\/\/schema.org\",\"@graph\":[{\"@type\":\"WebPage\",\"@id\":\"https:\/\/longchangchemical.com\/product\/agesin-wd-d545\/\",\"url\":\"https:\/\/longchangchemical.com\/product\/agesin-wd-d545\/\",\"name\":\"China CHLUMICRYL\u00ae WD-D545 Manufacturer - Longchang Chemical\",\"isPartOf\":{\"@id\":\"https:\/\/longchangchemical.com\/#website\"},\"datePublished\":\"2023-07-18T07:56:43+00:00\",\"dateModified\":\"2025-04-01T07:08:06+00:00\",\"description\":\"CHLUMICRYL\u00ae WD-D545 is a key product of Longchang Chemical. We provide the best price. We are the leading manufacturer in China with the best quality and competitive price.\",\"breadcrumb\":{\"@id\":\"https:\/\/longchangchemical.com\/product\/agesin-wd-d545\/#breadcrumb\"},\"inLanguage\":\"pt-BR\",\"potentialAction\":[{\"@type\":\"ReadAction\",\"target\":[\"https:\/\/longchangchemical.com\/product\/agesin-wd-d545\/\"]}]},{\"@type\":\"BreadcrumbList\",\"@id\":\"https:\/\/longchangchemical.com\/product\/agesin-wd-d545\/#breadcrumb\",\"itemListElement\":[{\"@type\":\"ListItem\",\"position\":1,\"name\":\"Home\",\"item\":\"https:\/\/longchangchemical.com\/\"},{\"@type\":\"ListItem\",\"position\":2,\"name\":\"Products Longchang\",\"item\":\"https:\/\/longchangchemical.com\/product\/\"},{\"@type\":\"ListItem\",\"position\":3,\"name\":\"CHLUMICRYL\u00ae WD-D545\"}]},{\"@type\":\"WebSite\",\"@id\":\"https:\/\/longchangchemical.com\/#website\",\"url\":\"https:\/\/longchangchemical.com\/\",\"name\":\"Longchang Chemical\",\"description\":\"China chemical manufacturer \uff06 supplier\",\"publisher\":{\"@id\":\"https:\/\/longchangchemical.com\/#organization\"},\"potentialAction\":[{\"@type\":\"SearchAction\",\"target\":{\"@type\":\"EntryPoint\",\"urlTemplate\":\"https:\/\/longchangchemical.com\/?s={search_term_string}\"},\"query-input\":{\"@type\":\"PropertyValueSpecification\",\"valueRequired\":true,\"valueName\":\"search_term_string\"}}],\"inLanguage\":\"pt-BR\"},{\"@type\":\"Organization\",\"@id\":\"https:\/\/longchangchemical.com\/#organization\",\"name\":\"Longchang Chemical\",\"url\":\"https:\/\/longchangchemical.com\/\",\"logo\":{\"@type\":\"ImageObject\",\"inLanguage\":\"pt-BR\",\"@id\":\"https:\/\/longchangchemical.com\/#\/schema\/logo\/image\/\",\"url\":\"https:\/\/longchangchemical.com\/wp-content\/uploads\/2020\/08\/cropped-longchang-logo.png\",\"contentUrl\":\"https:\/\/longchangchemical.com\/wp-content\/uploads\/2020\/08\/cropped-longchang-logo.png\",\"width\":512,\"height\":512,\"caption\":\"Longchang Chemical\"},\"image\":{\"@id\":\"https:\/\/longchangchemical.com\/#\/schema\/logo\/image\/\"}}]}<\/script>\n<!-- \/ Yoast SEO plugin. -->","yoast_head_json":{"title":"Fabricante de CHLUMICRYL\u00ae WD-D545 na China - Longchang Chemical","description":"O CHLUMICRYL\u00ae WD-D545 \u00e9 um produto-chave da Longchang Chemical. Oferecemos o melhor pre\u00e7o. Somos o fabricante l\u00edder na China, com a melhor qualidade e pre\u00e7o competitivo.","robots":{"index":"index","follow":"follow","max-snippet":"max-snippet:-1","max-image-preview":"max-image-preview:large","max-video-preview":"max-video-preview:-1"},"canonical":"https:\/\/longchangchemical.com\/pt\/product\/agesin-wd-d545\/","og_locale":"pt_BR","og_type":"article","og_title":"China CHLUMICRYL\u00ae WD-D545 Manufacturer - Longchang Chemical","og_description":"CHLUMICRYL\u00ae WD-D545 is a key product of Longchang Chemical. We provide the best price. We are the leading manufacturer in China with the best quality and competitive price.","og_url":"https:\/\/longchangchemical.com\/pt\/product\/agesin-wd-d545\/","og_site_name":"Longchang Chemical","article_modified_time":"2025-04-01T07:08:06+00:00","og_image":[{"width":1000,"height":1000,"url":"https:\/\/longchangchemical.com\/wp-content\/uploads\/2024\/02\/logo-jpeg.jpg","type":"image\/jpeg"}],"twitter_card":"summary_large_image","schema":{"@context":"https:\/\/schema.org","@graph":[{"@type":"WebPage","@id":"https:\/\/longchangchemical.com\/product\/agesin-wd-d545\/","url":"https:\/\/longchangchemical.com\/product\/agesin-wd-d545\/","name":"Fabricante de CHLUMICRYL\u00ae WD-D545 na China - Longchang Chemical","isPartOf":{"@id":"https:\/\/longchangchemical.com\/#website"},"datePublished":"2023-07-18T07:56:43+00:00","dateModified":"2025-04-01T07:08:06+00:00","description":"O CHLUMICRYL\u00ae WD-D545 \u00e9 um produto-chave da Longchang Chemical. Oferecemos o melhor pre\u00e7o. Somos o fabricante l\u00edder na China, com a melhor qualidade e pre\u00e7o competitivo.","breadcrumb":{"@id":"https:\/\/longchangchemical.com\/product\/agesin-wd-d545\/#breadcrumb"},"inLanguage":"pt-BR","potentialAction":[{"@type":"ReadAction","target":["https:\/\/longchangchemical.com\/product\/agesin-wd-d545\/"]}]},{"@type":"BreadcrumbList","@id":"https:\/\/longchangchemical.com\/product\/agesin-wd-d545\/#breadcrumb","itemListElement":[{"@type":"ListItem","position":1,"name":"Home","item":"https:\/\/longchangchemical.com\/"},{"@type":"ListItem","position":2,"name":"Products Longchang","item":"https:\/\/longchangchemical.com\/product\/"},{"@type":"ListItem","position":3,"name":"CHLUMICRYL\u00ae WD-D545"}]},{"@type":"WebSite","@id":"https:\/\/longchangchemical.com\/#website","url":"https:\/\/longchangchemical.com\/","name":"Qu\u00edmica Longchang","description":"Fabricante de produtos qu\u00edmicos na China \uff06 fornecedor","publisher":{"@id":"https:\/\/longchangchemical.com\/#organization"},"potentialAction":[{"@type":"SearchAction","target":{"@type":"EntryPoint","urlTemplate":"https:\/\/longchangchemical.com\/?s={search_term_string}"},"query-input":{"@type":"PropertyValueSpecification","valueRequired":true,"valueName":"search_term_string"}}],"inLanguage":"pt-BR"},{"@type":"Organization","@id":"https:\/\/longchangchemical.com\/#organization","name":"Qu\u00edmica Longchang","url":"https:\/\/longchangchemical.com\/","logo":{"@type":"ImageObject","inLanguage":"pt-BR","@id":"https:\/\/longchangchemical.com\/#\/schema\/logo\/image\/","url":"https:\/\/longchangchemical.com\/wp-content\/uploads\/2020\/08\/cropped-longchang-logo.png","contentUrl":"https:\/\/longchangchemical.com\/wp-content\/uploads\/2020\/08\/cropped-longchang-logo.png","width":512,"height":512,"caption":"Longchang Chemical"},"image":{"@id":"https:\/\/longchangchemical.com\/#\/schema\/logo\/image\/"}}]}},"_links":{"self":[{"href":"https:\/\/longchangchemical.com\/pt\/wp-json\/wp\/v2\/product\/6187","targetHints":{"allow":["GET"]}}],"collection":[{"href":"https:\/\/longchangchemical.com\/pt\/wp-json\/wp\/v2\/product"}],"about":[{"href":"https:\/\/longchangchemical.com\/pt\/wp-json\/wp\/v2\/types\/product"}],"replies":[{"embeddable":true,"href":"https:\/\/longchangchemical.com\/pt\/wp-json\/wp\/v2\/comments?post=6187"}],"wp:attachment":[{"href":"https:\/\/longchangchemical.com\/pt\/wp-json\/wp\/v2\/media?parent=6187"}],"wp:term":[{"taxonomy":"product_brand","embeddable":true,"href":"https:\/\/longchangchemical.com\/pt\/wp-json\/wp\/v2\/product_brand?post=6187"},{"taxonomy":"product_cat","embeddable":true,"href":"https:\/\/longchangchemical.com\/pt\/wp-json\/wp\/v2\/product_cat?post=6187"},{"taxonomy":"product_tag","embeddable":true,"href":"https:\/\/longchangchemical.com\/pt\/wp-json\/wp\/v2\/product_tag?post=6187"}],"curies":[{"name":"wp","href":"https:\/\/api.w.org\/{rel}","templated":true}]}}