{"id":6186,"date":"2023-07-18T04:03:41","date_gmt":"2023-07-18T04:03:41","guid":{"rendered":"https:\/\/longchangchemical.com\/?post_type=product&#038;p=6186"},"modified":"2025-04-01T07:08:10","modified_gmt":"2025-04-01T07:08:10","slug":"agesin-wd-d547-wetting-agent","status":"publish","type":"product","link":"https:\/\/longchangchemical.com\/pt\/product\/agesin-wd-d547-wetting-agent\/","title":{"rendered":"CHLUMICRYL\u00ae WD-D547 \/ Agente umectante"},"content":{"rendered":"<h1>Polidimetilsiloxano modificado com poli\u00e9ter<\/h1>\n<p><strong>N\u00famero do produto<\/strong>: WD-D547<\/p>\n<p><strong>Alternativas equivalentes-<\/strong>\u00a0BYK-346;Tego Wet 270<\/p>\n<p><strong><b>Especifica\u00e7\u00e3o<\/b><\/strong><strong><b>:<\/b><\/strong><\/p>\n<table>\n<tbody>\n<tr>\n<td width=\"177\">Composi\u00e7\u00e3o<\/td>\n<td width=\"448\">Polidimetilsiloxano modificado com poli\u00e9ter<\/td>\n<\/tr>\n<tr>\n<td width=\"177\">Apar\u00eancia<\/td>\n<td width=\"448\">L\u00edquido claro levemente amarelado<\/td>\n<\/tr>\n<tr>\n<td width=\"177\">Solvente Sinosolv<\/td>\n<td width=\"448\">--<\/td>\n<\/tr>\n<tr>\n<td width=\"177\">Densidade (g\/ml) (25\u00b11)\u2103<\/td>\n<td width=\"448\">0.96-1.00<\/td>\n<\/tr>\n<tr>\n<td width=\"177\">Viscosidade (s) (25\u00b10,2)\u2103<\/td>\n<td width=\"448\">7-24 (viscos\u00edmetro T-4)<\/td>\n<\/tr>\n<tr>\n<td width=\"177\">Subst\u00e2ncia ativa %<\/td>\n<td width=\"448\">100<\/td>\n<\/tr>\n<\/tbody>\n<\/table>\n<p><em><i>Observa\u00e7\u00e3o: Esses dados<\/i><\/em><em><i>\u00a0<\/i><\/em><em><i>A planilha destina-se a fornecer resultados t\u00edpicos, n\u00e3o padr\u00e3o.<\/i><\/em><\/p>\n<p><strong><b>Sistema de aplicativos<\/b><\/strong><strong><b>:<\/b><\/strong><\/p>\n<p>Tinta \u00e0 base de \u00e1gua, tinta com solvente e sem solvente, tinta de cura UV.<\/p>\n<p><strong><b>Propriedades<\/b><\/strong><strong><b>:<\/b><\/strong><\/p>\n<ul>\n<li>Reduz de forma mais eficaz a tens\u00e3o superficial no sistema de \u00e1gua.<\/li>\n<li>Excelente capacidade de umedecimento e espalhamento.<\/li>\n<li>Bom desempenho de antirrevestimento, recobrimento, remo\u00e7\u00e3o de espuma e nivelamento.<\/li>\n<\/ul>\n<p><strong><b>Incorpora\u00e7\u00e3o<\/b><\/strong><strong><b>:<\/b><\/strong><\/p>\n<p>Os aditivos podem ser incorporados diretamente ou dilu\u00eddos antes da adi\u00e7\u00e3o.<\/p>\n<p><strong><b>Sugerir adi\u00e7\u00e3o<\/b><\/strong>:0.1-0.5%<\/p>\n<p><strong><b>Aplicar recomenda\u00e7\u00e3o<\/b><\/strong><\/p>\n<table>\n<tbody>\n<tr>\n<td width=\"232\">Transpar\u00eancia em verniz<\/td>\n<td width=\"147\">1<\/td>\n<\/tr>\n<tr>\n<td width=\"232\">Desespuma\u00e7\u00e3o<\/td>\n<td width=\"147\">3<\/td>\n<\/tr>\n<tr>\n<td width=\"232\">Tens\u00e3o superficial din\u00e2mica<\/td>\n<td width=\"147\">3<\/td>\n<\/tr>\n<tr>\n<td width=\"232\">Tens\u00e3o superficial est\u00e1tica<\/td>\n<td width=\"147\">4<\/td>\n<\/tr>\n<tr>\n<td width=\"232\">Deslizamento<\/td>\n<td width=\"147\">0<\/td>\n<\/tr>\n<\/tbody>\n<\/table>\n<p>0=indispon\u00edvel 5=muito eficaz<\/p>\n<p><strong>pacote<\/strong><\/p>\n<p>25KG \/ 180KG<\/p>\n<p><strong><b>Armazenamento:<\/b><\/strong><\/p>\n<div>\n<p>Mantido em um dep\u00f3sito seco e limpo, com boa ventila\u00e7\u00e3o.<\/p>\n<p>Evite a exposi\u00e7\u00e3o \u00e0 luz e ao aquecimento.<\/p>\n<p>Proteger o produto contra vazamentos, chuva e insola\u00e7\u00e3o durante o transporte.<\/p>\n<h2><strong><b>Entre em contato conosco agora!<\/b><\/strong><\/h2>\n<h4><strong><b>Se precisar de COA, MSDS ou TDS, preencha suas informa\u00e7\u00f5es de contato no formul\u00e1rio abaixo. Normalmente, entraremos em contato em 24 horas. Voc\u00ea tamb\u00e9m pode me enviar um e-mail<span style=\"color: #00ccff;\"> <a style=\"color: #00ccff;\" href=\"mailto:info@longchangchemical.com\">info@longchangchemical.com<\/a><\/span> durante o hor\u00e1rio comercial (das 8h30 \u00e0s 18h UTC+8 de segunda a s\u00e1bado) ou use o bate-papo ao vivo do site para obter uma resposta imediata.<\/b><\/strong><\/h4>\n<\/div>","protected":false},"excerpt":{"rendered":"<p>Descri\u00e7\u00e3o do produto: Polidimetilsiloxano modificado com poli\u00e9ter<\/p>\n<p>Alternativas equivalentes: BYK-346; Tego Wet 270<\/p>\n<p>Sistema de aplica\u00e7\u00e3o: \u00c0 base de \u00e1gua \/ solvente e sem solvente \/ Cura UV<\/p>\n<p>Viscosidade: 7-24 (viscos\u00edmetro T-4)<\/p>\n<p>Embalagem: 25KG ou 180KG\/tambor<\/p>","protected":false},"featured_media":0,"comment_status":"closed","ping_status":"closed","template":"","meta":[],"product_brand":[],"product_cat":[138,145],"product_tag":[],"class_list":{"0":"post-6186","1":"product","2":"type-product","3":"status-publish","5":"product_cat-coating-and-ink-additives","6":"product_cat-wetting-agent","8":"first","9":"instock","10":"shipping-taxable","11":"product-type-simple"},"yoast_head":"<!-- This site is optimized with the Yoast SEO plugin v25.3.1 - https:\/\/yoast.com\/wordpress\/plugins\/seo\/ -->\n<title>China CHLUMICRYL\u00ae WD-D547 \/ Wetting agent Manufacturer - Longchang Chemical<\/title>\n<meta name=\"description\" content=\"CHLUMICRYL\u00ae WD-D547 \/ Wetting agent is a key product of Longchang Chemical. We provide the best price. We are the leading manufacturer in China with the best quality and competitive price.\" \/>\n<meta name=\"robots\" content=\"index, follow, max-snippet:-1, max-image-preview:large, max-video-preview:-1\" \/>\n<link rel=\"canonical\" href=\"https:\/\/longchangchemical.com\/pt\/product\/agesin-wd-d547-wetting-agent\/\" \/>\n<meta property=\"og:locale\" content=\"pt_BR\" \/>\n<meta property=\"og:type\" content=\"article\" \/>\n<meta property=\"og:title\" content=\"China CHLUMICRYL\u00ae WD-D547 \/ Wetting agent Manufacturer - Longchang Chemical\" \/>\n<meta property=\"og:description\" content=\"CHLUMICRYL\u00ae WD-D547 \/ Wetting agent is a key product of Longchang Chemical. We provide the best price. We are the leading manufacturer in China with the best quality and competitive price.\" \/>\n<meta property=\"og:url\" content=\"https:\/\/longchangchemical.com\/pt\/product\/agesin-wd-d547-wetting-agent\/\" \/>\n<meta property=\"og:site_name\" content=\"Longchang Chemical\" \/>\n<meta property=\"article:modified_time\" content=\"2025-04-01T07:08:10+00:00\" \/>\n<meta property=\"og:image\" content=\"https:\/\/longchangchemical.com\/wp-content\/uploads\/2024\/02\/logo-jpeg.jpg\" \/>\n\t<meta property=\"og:image:width\" content=\"1000\" \/>\n\t<meta property=\"og:image:height\" content=\"1000\" \/>\n\t<meta property=\"og:image:type\" content=\"image\/jpeg\" \/>\n<meta name=\"twitter:card\" content=\"summary_large_image\" \/>\n<script type=\"application\/ld+json\" class=\"yoast-schema-graph\">{\"@context\":\"https:\/\/schema.org\",\"@graph\":[{\"@type\":\"WebPage\",\"@id\":\"https:\/\/longchangchemical.com\/product\/agesin-wd-d547-wetting-agent\/\",\"url\":\"https:\/\/longchangchemical.com\/product\/agesin-wd-d547-wetting-agent\/\",\"name\":\"China CHLUMICRYL\u00ae WD-D547 \/ Wetting agent Manufacturer - Longchang Chemical\",\"isPartOf\":{\"@id\":\"https:\/\/longchangchemical.com\/#website\"},\"datePublished\":\"2023-07-18T04:03:41+00:00\",\"dateModified\":\"2025-04-01T07:08:10+00:00\",\"description\":\"CHLUMICRYL\u00ae WD-D547 \/ Wetting agent is a key product of Longchang Chemical. We provide the best price. We are the leading manufacturer in China with the best quality and competitive price.\",\"breadcrumb\":{\"@id\":\"https:\/\/longchangchemical.com\/product\/agesin-wd-d547-wetting-agent\/#breadcrumb\"},\"inLanguage\":\"pt-BR\",\"potentialAction\":[{\"@type\":\"ReadAction\",\"target\":[\"https:\/\/longchangchemical.com\/product\/agesin-wd-d547-wetting-agent\/\"]}]},{\"@type\":\"BreadcrumbList\",\"@id\":\"https:\/\/longchangchemical.com\/product\/agesin-wd-d547-wetting-agent\/#breadcrumb\",\"itemListElement\":[{\"@type\":\"ListItem\",\"position\":1,\"name\":\"Home\",\"item\":\"https:\/\/longchangchemical.com\/\"},{\"@type\":\"ListItem\",\"position\":2,\"name\":\"Products Longchang\",\"item\":\"https:\/\/longchangchemical.com\/product\/\"},{\"@type\":\"ListItem\",\"position\":3,\"name\":\"CHLUMICRYL\u00ae WD-D547 \/ Wetting agent\"}]},{\"@type\":\"WebSite\",\"@id\":\"https:\/\/longchangchemical.com\/#website\",\"url\":\"https:\/\/longchangchemical.com\/\",\"name\":\"Longchang Chemical\",\"description\":\"China chemical manufacturer \uff06 supplier\",\"publisher\":{\"@id\":\"https:\/\/longchangchemical.com\/#organization\"},\"potentialAction\":[{\"@type\":\"SearchAction\",\"target\":{\"@type\":\"EntryPoint\",\"urlTemplate\":\"https:\/\/longchangchemical.com\/?s={search_term_string}\"},\"query-input\":{\"@type\":\"PropertyValueSpecification\",\"valueRequired\":true,\"valueName\":\"search_term_string\"}}],\"inLanguage\":\"pt-BR\"},{\"@type\":\"Organization\",\"@id\":\"https:\/\/longchangchemical.com\/#organization\",\"name\":\"Longchang Chemical\",\"url\":\"https:\/\/longchangchemical.com\/\",\"logo\":{\"@type\":\"ImageObject\",\"inLanguage\":\"pt-BR\",\"@id\":\"https:\/\/longchangchemical.com\/#\/schema\/logo\/image\/\",\"url\":\"https:\/\/longchangchemical.com\/wp-content\/uploads\/2020\/08\/cropped-longchang-logo.png\",\"contentUrl\":\"https:\/\/longchangchemical.com\/wp-content\/uploads\/2020\/08\/cropped-longchang-logo.png\",\"width\":512,\"height\":512,\"caption\":\"Longchang Chemical\"},\"image\":{\"@id\":\"https:\/\/longchangchemical.com\/#\/schema\/logo\/image\/\"}}]}<\/script>\n<!-- \/ Yoast SEO plugin. -->","yoast_head_json":{"title":"China CHLUMICRYL\u00ae WD-D547 \/ Agente umectante Fabricante - Longchang Chemical","description":"CHLUMICRYL\u00ae WD-D547 \/ Agente umectante \u00e9 um produto-chave da Longchang Chemical. Oferecemos o melhor pre\u00e7o. Somos o fabricante l\u00edder na China, com a melhor qualidade e pre\u00e7o competitivo.","robots":{"index":"index","follow":"follow","max-snippet":"max-snippet:-1","max-image-preview":"max-image-preview:large","max-video-preview":"max-video-preview:-1"},"canonical":"https:\/\/longchangchemical.com\/pt\/product\/agesin-wd-d547-wetting-agent\/","og_locale":"pt_BR","og_type":"article","og_title":"China CHLUMICRYL\u00ae WD-D547 \/ Wetting agent Manufacturer - Longchang Chemical","og_description":"CHLUMICRYL\u00ae WD-D547 \/ Wetting agent is a key product of Longchang Chemical. We provide the best price. We are the leading manufacturer in China with the best quality and competitive price.","og_url":"https:\/\/longchangchemical.com\/pt\/product\/agesin-wd-d547-wetting-agent\/","og_site_name":"Longchang Chemical","article_modified_time":"2025-04-01T07:08:10+00:00","og_image":[{"width":1000,"height":1000,"url":"https:\/\/longchangchemical.com\/wp-content\/uploads\/2024\/02\/logo-jpeg.jpg","type":"image\/jpeg"}],"twitter_card":"summary_large_image","schema":{"@context":"https:\/\/schema.org","@graph":[{"@type":"WebPage","@id":"https:\/\/longchangchemical.com\/product\/agesin-wd-d547-wetting-agent\/","url":"https:\/\/longchangchemical.com\/product\/agesin-wd-d547-wetting-agent\/","name":"China CHLUMICRYL\u00ae WD-D547 \/ Agente umectante Fabricante - Longchang Chemical","isPartOf":{"@id":"https:\/\/longchangchemical.com\/#website"},"datePublished":"2023-07-18T04:03:41+00:00","dateModified":"2025-04-01T07:08:10+00:00","description":"CHLUMICRYL\u00ae WD-D547 \/ Agente umectante \u00e9 um produto-chave da Longchang Chemical. Oferecemos o melhor pre\u00e7o. Somos o fabricante l\u00edder na China, com a melhor qualidade e pre\u00e7o competitivo.","breadcrumb":{"@id":"https:\/\/longchangchemical.com\/product\/agesin-wd-d547-wetting-agent\/#breadcrumb"},"inLanguage":"pt-BR","potentialAction":[{"@type":"ReadAction","target":["https:\/\/longchangchemical.com\/product\/agesin-wd-d547-wetting-agent\/"]}]},{"@type":"BreadcrumbList","@id":"https:\/\/longchangchemical.com\/product\/agesin-wd-d547-wetting-agent\/#breadcrumb","itemListElement":[{"@type":"ListItem","position":1,"name":"Home","item":"https:\/\/longchangchemical.com\/"},{"@type":"ListItem","position":2,"name":"Products Longchang","item":"https:\/\/longchangchemical.com\/product\/"},{"@type":"ListItem","position":3,"name":"CHLUMICRYL\u00ae WD-D547 \/ Wetting agent"}]},{"@type":"WebSite","@id":"https:\/\/longchangchemical.com\/#website","url":"https:\/\/longchangchemical.com\/","name":"Qu\u00edmica Longchang","description":"Fabricante de produtos qu\u00edmicos na China \uff06 fornecedor","publisher":{"@id":"https:\/\/longchangchemical.com\/#organization"},"potentialAction":[{"@type":"SearchAction","target":{"@type":"EntryPoint","urlTemplate":"https:\/\/longchangchemical.com\/?s={search_term_string}"},"query-input":{"@type":"PropertyValueSpecification","valueRequired":true,"valueName":"search_term_string"}}],"inLanguage":"pt-BR"},{"@type":"Organization","@id":"https:\/\/longchangchemical.com\/#organization","name":"Qu\u00edmica Longchang","url":"https:\/\/longchangchemical.com\/","logo":{"@type":"ImageObject","inLanguage":"pt-BR","@id":"https:\/\/longchangchemical.com\/#\/schema\/logo\/image\/","url":"https:\/\/longchangchemical.com\/wp-content\/uploads\/2020\/08\/cropped-longchang-logo.png","contentUrl":"https:\/\/longchangchemical.com\/wp-content\/uploads\/2020\/08\/cropped-longchang-logo.png","width":512,"height":512,"caption":"Longchang Chemical"},"image":{"@id":"https:\/\/longchangchemical.com\/#\/schema\/logo\/image\/"}}]}},"_links":{"self":[{"href":"https:\/\/longchangchemical.com\/pt\/wp-json\/wp\/v2\/product\/6186","targetHints":{"allow":["GET"]}}],"collection":[{"href":"https:\/\/longchangchemical.com\/pt\/wp-json\/wp\/v2\/product"}],"about":[{"href":"https:\/\/longchangchemical.com\/pt\/wp-json\/wp\/v2\/types\/product"}],"replies":[{"embeddable":true,"href":"https:\/\/longchangchemical.com\/pt\/wp-json\/wp\/v2\/comments?post=6186"}],"wp:attachment":[{"href":"https:\/\/longchangchemical.com\/pt\/wp-json\/wp\/v2\/media?parent=6186"}],"wp:term":[{"taxonomy":"product_brand","embeddable":true,"href":"https:\/\/longchangchemical.com\/pt\/wp-json\/wp\/v2\/product_brand?post=6186"},{"taxonomy":"product_cat","embeddable":true,"href":"https:\/\/longchangchemical.com\/pt\/wp-json\/wp\/v2\/product_cat?post=6186"},{"taxonomy":"product_tag","embeddable":true,"href":"https:\/\/longchangchemical.com\/pt\/wp-json\/wp\/v2\/product_tag?post=6186"}],"curies":[{"name":"wp","href":"https:\/\/api.w.org\/{rel}","templated":true}]}}