{"id":6115,"date":"2023-05-27T05:00:46","date_gmt":"2023-05-27T05:00:46","guid":{"rendered":"https:\/\/longchangchemical.com\/?post_type=product&#038;p=6115"},"modified":"2025-12-15T07:01:09","modified_gmt":"2025-12-15T07:01:09","slug":"chlumiflex-na-11-cas-85208-91-2","status":"publish","type":"product","link":"https:\/\/longchangchemical.com\/pt\/product\/chlumiflex-na-11-cas-85208-91-2\/","title":{"rendered":"CHLUMIFLEX\u00ae NA-11 CAS 85208-91-2"},"content":{"rendered":"<table style=\"border-collapse: collapse; width: 267.02pt;\" border=\"0\" width=\"356\" cellspacing=\"0\" cellpadding=\"0\">\n<tbody>\n<tr style=\"height: 15.00pt;\">\n<td class=\"et2\" style=\"height: 15.00pt; width: 145.50pt;\" width=\"194\" height=\"20\">CAS<\/td>\n<td class=\"et3\" style=\"width: 121.50pt;\" width=\"162\">85209-91-2<\/td>\n<\/tr>\n<tr style=\"height: 15.00pt;\">\n<td class=\"et2\" style=\"height: 15.00pt; width: 145.50pt;\" width=\"194\" height=\"20\">Peso molecular<\/td>\n<td class=\"et3\">508.6<\/td>\n<\/tr>\n<tr style=\"height: 15.00pt;\">\n<td class=\"et2\" style=\"height: 15.00pt; width: 145.50pt;\" width=\"194\" height=\"20\">Apar\u00eancia<\/td>\n<td class=\"et3\">P\u00f3 branco<\/td>\n<\/tr>\n<tr style=\"height: 15.00pt;\">\n<td class=\"et2\" style=\"height: 15.00pt; width: 145.50pt;\" width=\"194\" height=\"20\">Valor de PH<\/td>\n<td class=\"et3\">8<\/td>\n<\/tr>\n<tr style=\"height: 15.00pt;\">\n<td class=\"et2\" style=\"height: 15.00pt; width: 145.50pt;\" width=\"194\" height=\"20\">Pureza<\/td>\n<td class=\"et3\">\u226599.0%<span class=\"font0\">\uff08<\/span><span class=\"font2\">GC<\/span><span class=\"font0\">\uff09<\/span><\/td>\n<\/tr>\n<tr style=\"height: 15.00pt;\">\n<td class=\"et2\" style=\"height: 15.00pt; width: 145.50pt;\" width=\"194\" height=\"20\">Perda de peso na secagem<\/td>\n<td class=\"et3\">\u22640,5%<\/td>\n<\/tr>\n<tr style=\"height: 15.00pt;\">\n<td class=\"et2\" style=\"height: 15.00pt; width: 145.50pt;\" width=\"194\" height=\"20\">Cinza<\/td>\n<td class=\"et3\">\u22640,1%<\/td>\n<\/tr>\n<\/tbody>\n<\/table>\n<p>&nbsp;<\/p>\n<p>O NA-11 \u00e9 uma nova gera\u00e7\u00e3o de agente de nuclea\u00e7\u00e3o de sal de fosfato de arila. Ele pode fazer com que o pol\u00edmero aumente a taxa de cristaliza\u00e7\u00e3o total do pol\u00edmero e altere o tamanho do cristal esf\u00e9rico para diminuir o tamanho m\u00e9dio do cristal esf\u00e9rico durante a recristaliza\u00e7\u00e3o por fus\u00e3o. Melhora e aprimora significativamente as propriedades f\u00edsicas e mec\u00e2nicas do pol\u00edmero.<\/p>\n<p>Desempenho em:<\/p>\n<p>1) Aumentar significativamente a taxa de cristaliza\u00e7\u00e3o do pol\u00edmero<\/p>\n<p>2) Aumentar significativamente a temperatura de cristaliza\u00e7\u00e3o do pol\u00edmero<\/p>\n<p>3) Aumentar significativamente a resist\u00eancia ao impacto do pol\u00edmero<\/p>\n<p>4) Aumentar significativamente o m\u00f3dulo de flex\u00e3o do pol\u00edmero<\/p>\n<p>5) Aumentar significativamente a temperatura de desnatura\u00e7\u00e3o t\u00e9rmica do pol\u00edmero<\/p>\n<p>6) Melhorar significativamente a dureza Rockwell do pol\u00edmero<\/p>\n<p>7) Melhoria da transmiss\u00e3o de luz e da transpar\u00eancia do pol\u00edmero<\/p>\n<p>&nbsp;<\/p>\n<p>Contato com alimentos: aprovado pela FDA (EUA), BGA (Alemanha), JHOSPA (Jap\u00e3o).<\/p>\n<p>Valor do acr\u00e9scimo 0,3%.<\/p>\n<p>Aplica\u00e7\u00e3o: Amplamente utilizado em polipropileno.<\/p>\n<p>&nbsp;<\/p>\n<p>Quantidade de adi\u00e7\u00e3o sugerida: 0,1%-0,3%.<\/p>\n<p>&nbsp;<\/p>\n<p>Armazenamento: Mantenha em um local fresco, \u00e0 prova de luz e ventilado. Per\u00edodo de armazenamento: 12 meses.<\/p>\n<h2><strong><b>Entre em contato conosco agora!<\/b><\/strong><\/h2>\n<h4><strong><b>Se precisar de COA, MSDS ou TDS, preencha suas informa\u00e7\u00f5es de contato no formul\u00e1rio abaixo. Normalmente, entraremos em contato em at\u00e9 24 horas.<\/b><\/strong> Voc\u00ea tamb\u00e9m pode me enviar um e-mail <a href=\"mailto:info@longchangchemical.com\"><span style=\"color: #0000ff;\">info@longchangchemical.com<\/span><\/a> durante o hor\u00e1rio comercial (das 8h30 \u00e0s 18h UTC+8 de segunda a s\u00e1bado) ou use o bate-papo ao vivo do site para obter uma resposta imediata.<\/h4>","protected":false},"excerpt":{"rendered":"<p>CAS 85209-91-2 Peso molecular 508,6 Apar\u00eancia P\u00f3 branco Valor de PH 8 Pureza \u226599,0%\uff08GC\uff09 Perda de peso na secagem \u22640,5% Cinzas \u22640,1% O NA-11 \u00e9 uma nova gera\u00e7\u00e3o de agente nucleante de sal de fosfato de arila. Ele pode fazer com que o pol\u00edmero aumente a taxa de cristaliza\u00e7\u00e3o total do pol\u00edmero e altere o tamanho do cristal esf\u00e9rico para diminuir a m\u00e9dia esf\u00e9rica [...]<\/p>","protected":false},"featured_media":0,"comment_status":"open","ping_status":"closed","template":"","meta":[],"product_brand":[],"product_cat":[141],"product_tag":[],"class_list":{"0":"post-6115","1":"product","2":"type-product","3":"status-publish","5":"product_cat-nucleating-agent","7":"first","8":"instock","9":"shipping-taxable","10":"product-type-simple"},"yoast_head":"<!-- This site is optimized with the Yoast SEO plugin v25.3.1 - https:\/\/yoast.com\/wordpress\/plugins\/seo\/ -->\n<title>China PET Nucleating agent NA-11 Manufacturer - Longchang Chemical<\/title>\n<meta name=\"description\" content=\"PET Nucleating agent NA-11 is a key product of Longchang Chemical. We provide the best price. We are the leading manufacturer in China with the best quality and competitive price.\" \/>\n<meta name=\"robots\" content=\"index, follow, max-snippet:-1, max-image-preview:large, max-video-preview:-1\" \/>\n<link rel=\"canonical\" href=\"https:\/\/longchangchemical.com\/pt\/product\/chlumiflex-na-11-cas-85208-91-2\/\" \/>\n<meta property=\"og:locale\" content=\"pt_BR\" \/>\n<meta property=\"og:type\" content=\"article\" \/>\n<meta property=\"og:title\" content=\"China PET Nucleating agent NA-11 Manufacturer - Longchang Chemical\" \/>\n<meta property=\"og:description\" content=\"PET Nucleating agent NA-11 is a key product of Longchang Chemical. We provide the best price. We are the leading manufacturer in China with the best quality and competitive price.\" \/>\n<meta property=\"og:url\" content=\"https:\/\/longchangchemical.com\/pt\/product\/chlumiflex-na-11-cas-85208-91-2\/\" \/>\n<meta property=\"og:site_name\" content=\"Longchang Chemical\" \/>\n<meta property=\"article:modified_time\" content=\"2025-12-15T07:01:09+00:00\" \/>\n<meta property=\"og:image\" content=\"https:\/\/longchangchemical.com\/wp-content\/uploads\/2024\/02\/logo-jpeg.jpg\" \/>\n\t<meta property=\"og:image:width\" content=\"1000\" \/>\n\t<meta property=\"og:image:height\" content=\"1000\" \/>\n\t<meta property=\"og:image:type\" content=\"image\/jpeg\" \/>\n<meta name=\"twitter:card\" content=\"summary_large_image\" \/>\n<script type=\"application\/ld+json\" class=\"yoast-schema-graph\">{\"@context\":\"https:\/\/schema.org\",\"@graph\":[{\"@type\":\"WebPage\",\"@id\":\"https:\/\/longchangchemical.com\/product\/chlumiflex-na-11-cas-85208-91-2\/\",\"url\":\"https:\/\/longchangchemical.com\/product\/chlumiflex-na-11-cas-85208-91-2\/\",\"name\":\"China PET Nucleating agent NA-11 Manufacturer - Longchang Chemical\",\"isPartOf\":{\"@id\":\"https:\/\/longchangchemical.com\/#website\"},\"datePublished\":\"2023-05-27T05:00:46+00:00\",\"dateModified\":\"2025-12-15T07:01:09+00:00\",\"description\":\"PET Nucleating agent NA-11 is a key product of Longchang Chemical. We provide the best price. We are the leading manufacturer in China with the best quality and competitive price.\",\"breadcrumb\":{\"@id\":\"https:\/\/longchangchemical.com\/product\/chlumiflex-na-11-cas-85208-91-2\/#breadcrumb\"},\"inLanguage\":\"pt-BR\",\"potentialAction\":[{\"@type\":\"ReadAction\",\"target\":[\"https:\/\/longchangchemical.com\/product\/chlumiflex-na-11-cas-85208-91-2\/\"]}]},{\"@type\":\"BreadcrumbList\",\"@id\":\"https:\/\/longchangchemical.com\/product\/chlumiflex-na-11-cas-85208-91-2\/#breadcrumb\",\"itemListElement\":[{\"@type\":\"ListItem\",\"position\":1,\"name\":\"Home\",\"item\":\"https:\/\/longchangchemical.com\/\"},{\"@type\":\"ListItem\",\"position\":2,\"name\":\"Products Longchang\",\"item\":\"https:\/\/longchangchemical.com\/product\/\"},{\"@type\":\"ListItem\",\"position\":3,\"name\":\"CHLUMIFLEX\u00ae NA-11 CAS 85208-91-2\"}]},{\"@type\":\"WebSite\",\"@id\":\"https:\/\/longchangchemical.com\/#website\",\"url\":\"https:\/\/longchangchemical.com\/\",\"name\":\"Longchang Chemical\",\"description\":\"China chemical manufacturer \uff06 supplier\",\"publisher\":{\"@id\":\"https:\/\/longchangchemical.com\/#organization\"},\"potentialAction\":[{\"@type\":\"SearchAction\",\"target\":{\"@type\":\"EntryPoint\",\"urlTemplate\":\"https:\/\/longchangchemical.com\/?s={search_term_string}\"},\"query-input\":{\"@type\":\"PropertyValueSpecification\",\"valueRequired\":true,\"valueName\":\"search_term_string\"}}],\"inLanguage\":\"pt-BR\"},{\"@type\":\"Organization\",\"@id\":\"https:\/\/longchangchemical.com\/#organization\",\"name\":\"Longchang Chemical\",\"url\":\"https:\/\/longchangchemical.com\/\",\"logo\":{\"@type\":\"ImageObject\",\"inLanguage\":\"pt-BR\",\"@id\":\"https:\/\/longchangchemical.com\/#\/schema\/logo\/image\/\",\"url\":\"https:\/\/longchangchemical.com\/wp-content\/uploads\/2020\/08\/cropped-longchang-logo.png\",\"contentUrl\":\"https:\/\/longchangchemical.com\/wp-content\/uploads\/2020\/08\/cropped-longchang-logo.png\",\"width\":512,\"height\":512,\"caption\":\"Longchang Chemical\"},\"image\":{\"@id\":\"https:\/\/longchangchemical.com\/#\/schema\/logo\/image\/\"}}]}<\/script>\n<!-- \/ Yoast SEO plugin. -->","yoast_head_json":{"title":"Fabricante do agente de nuclea\u00e7\u00e3o de PET NA-11 na China - Longchang Chemical","description":"O agente nucleante de PET NA-11 \u00e9 um produto-chave da Longchang Chemical. Oferecemos o melhor pre\u00e7o. Somos o fabricante l\u00edder na China, com a melhor qualidade e pre\u00e7o competitivo.","robots":{"index":"index","follow":"follow","max-snippet":"max-snippet:-1","max-image-preview":"max-image-preview:large","max-video-preview":"max-video-preview:-1"},"canonical":"https:\/\/longchangchemical.com\/pt\/product\/chlumiflex-na-11-cas-85208-91-2\/","og_locale":"pt_BR","og_type":"article","og_title":"China PET Nucleating agent NA-11 Manufacturer - Longchang Chemical","og_description":"PET Nucleating agent NA-11 is a key product of Longchang Chemical. We provide the best price. We are the leading manufacturer in China with the best quality and competitive price.","og_url":"https:\/\/longchangchemical.com\/pt\/product\/chlumiflex-na-11-cas-85208-91-2\/","og_site_name":"Longchang Chemical","article_modified_time":"2025-12-15T07:01:09+00:00","og_image":[{"width":1000,"height":1000,"url":"https:\/\/longchangchemical.com\/wp-content\/uploads\/2024\/02\/logo-jpeg.jpg","type":"image\/jpeg"}],"twitter_card":"summary_large_image","schema":{"@context":"https:\/\/schema.org","@graph":[{"@type":"WebPage","@id":"https:\/\/longchangchemical.com\/product\/chlumiflex-na-11-cas-85208-91-2\/","url":"https:\/\/longchangchemical.com\/product\/chlumiflex-na-11-cas-85208-91-2\/","name":"Fabricante do agente de nuclea\u00e7\u00e3o de PET NA-11 na China - Longchang Chemical","isPartOf":{"@id":"https:\/\/longchangchemical.com\/#website"},"datePublished":"2023-05-27T05:00:46+00:00","dateModified":"2025-12-15T07:01:09+00:00","description":"O agente nucleante de PET NA-11 \u00e9 um produto-chave da Longchang Chemical. Oferecemos o melhor pre\u00e7o. Somos o fabricante l\u00edder na China, com a melhor qualidade e pre\u00e7o competitivo.","breadcrumb":{"@id":"https:\/\/longchangchemical.com\/product\/chlumiflex-na-11-cas-85208-91-2\/#breadcrumb"},"inLanguage":"pt-BR","potentialAction":[{"@type":"ReadAction","target":["https:\/\/longchangchemical.com\/product\/chlumiflex-na-11-cas-85208-91-2\/"]}]},{"@type":"BreadcrumbList","@id":"https:\/\/longchangchemical.com\/product\/chlumiflex-na-11-cas-85208-91-2\/#breadcrumb","itemListElement":[{"@type":"ListItem","position":1,"name":"Home","item":"https:\/\/longchangchemical.com\/"},{"@type":"ListItem","position":2,"name":"Products Longchang","item":"https:\/\/longchangchemical.com\/product\/"},{"@type":"ListItem","position":3,"name":"CHLUMIFLEX\u00ae NA-11 CAS 85208-91-2"}]},{"@type":"WebSite","@id":"https:\/\/longchangchemical.com\/#website","url":"https:\/\/longchangchemical.com\/","name":"Qu\u00edmica Longchang","description":"Fabricante de produtos qu\u00edmicos na China \uff06 fornecedor","publisher":{"@id":"https:\/\/longchangchemical.com\/#organization"},"potentialAction":[{"@type":"SearchAction","target":{"@type":"EntryPoint","urlTemplate":"https:\/\/longchangchemical.com\/?s={search_term_string}"},"query-input":{"@type":"PropertyValueSpecification","valueRequired":true,"valueName":"search_term_string"}}],"inLanguage":"pt-BR"},{"@type":"Organization","@id":"https:\/\/longchangchemical.com\/#organization","name":"Qu\u00edmica Longchang","url":"https:\/\/longchangchemical.com\/","logo":{"@type":"ImageObject","inLanguage":"pt-BR","@id":"https:\/\/longchangchemical.com\/#\/schema\/logo\/image\/","url":"https:\/\/longchangchemical.com\/wp-content\/uploads\/2020\/08\/cropped-longchang-logo.png","contentUrl":"https:\/\/longchangchemical.com\/wp-content\/uploads\/2020\/08\/cropped-longchang-logo.png","width":512,"height":512,"caption":"Longchang Chemical"},"image":{"@id":"https:\/\/longchangchemical.com\/#\/schema\/logo\/image\/"}}]}},"_links":{"self":[{"href":"https:\/\/longchangchemical.com\/pt\/wp-json\/wp\/v2\/product\/6115","targetHints":{"allow":["GET"]}}],"collection":[{"href":"https:\/\/longchangchemical.com\/pt\/wp-json\/wp\/v2\/product"}],"about":[{"href":"https:\/\/longchangchemical.com\/pt\/wp-json\/wp\/v2\/types\/product"}],"replies":[{"embeddable":true,"href":"https:\/\/longchangchemical.com\/pt\/wp-json\/wp\/v2\/comments?post=6115"}],"wp:attachment":[{"href":"https:\/\/longchangchemical.com\/pt\/wp-json\/wp\/v2\/media?parent=6115"}],"wp:term":[{"taxonomy":"product_brand","embeddable":true,"href":"https:\/\/longchangchemical.com\/pt\/wp-json\/wp\/v2\/product_brand?post=6115"},{"taxonomy":"product_cat","embeddable":true,"href":"https:\/\/longchangchemical.com\/pt\/wp-json\/wp\/v2\/product_cat?post=6115"},{"taxonomy":"product_tag","embeddable":true,"href":"https:\/\/longchangchemical.com\/pt\/wp-json\/wp\/v2\/product_tag?post=6115"}],"curies":[{"name":"wp","href":"https:\/\/api.w.org\/{rel}","templated":true}]}}