{"id":6089,"date":"2023-05-13T06:50:58","date_gmt":"2023-05-13T06:50:58","guid":{"rendered":"https:\/\/longchangchemical.com\/?post_type=product&#038;p=6089"},"modified":"2026-01-09T06:57:33","modified_gmt":"2026-01-09T06:57:33","slug":"lcsorb-bp-8-cas-131-53-3","status":"publish","type":"product","link":"https:\/\/longchangchemical.com\/pt\/product\/lcsorb-bp-8-cas-131-53-3\/","title":{"rendered":"CHLUMIUV\u00ae BP-8 CAS 131-53-3"},"content":{"rendered":"<h1><strong>BP-8 CAS 131-53-3<\/strong><\/h1>\n<table style=\"border-collapse: collapse; width: 245.28pt;\" border=\"0\" width=\"327\" cellspacing=\"0\" cellpadding=\"0\">\n<tbody>\n<tr style=\"height: 42.75pt;\">\n<td class=\"et2\" style=\"height: 42.75pt; width: 118.50pt;\" width=\"158\" height=\"57\">Apar\u00eancia<\/td>\n<td class=\"et2\" style=\"width: 126.75pt;\" width=\"169\">P\u00f3 amarelo claro<\/td>\n<\/tr>\n<tr style=\"height: 28.50pt;\">\n<td class=\"et2\" style=\"height: 28.50pt; width: 118.50pt;\" width=\"158\" height=\"38\">Peso molecular<\/td>\n<td class=\"et2\" style=\"width: 126.75pt;\" width=\"169\">244.2<\/td>\n<\/tr>\n<tr style=\"height: 28.50pt;\">\n<td class=\"et2\" style=\"height: 28.50pt; width: 118.50pt;\" width=\"158\" height=\"38\">Conte\u00fado<\/td>\n<td class=\"et2\" style=\"width: 126.75pt;\" width=\"169\">97.0-103.0%<\/td>\n<\/tr>\n<tr style=\"height: 28.50pt;\">\n<td class=\"et2\" style=\"height: 28.50pt; width: 118.50pt;\" width=\"158\" height=\"38\">Ponto de fus\u00e3o<\/td>\n<td class=\"et2\" style=\"width: 126.75pt;\" width=\"169\">\u226571<span class=\"font2\">\u2103<\/span><\/td>\n<\/tr>\n<tr style=\"height: 28.50pt;\">\n<td class=\"et2\" style=\"height: 28.50pt; width: 118.50pt;\" width=\"158\" height=\"38\">Ponto de fulgor<\/td>\n<td class=\"et2\" style=\"width: 126.75pt;\" width=\"169\">146<span class=\"font2\">\u2103<\/span><\/td>\n<\/tr>\n<tr style=\"height: 28.50pt;\">\n<td class=\"et2\" style=\"height: 28.50pt; width: 118.50pt;\" width=\"158\" height=\"38\">Densidade@20<span class=\"font2\">\u2103<\/span><\/td>\n<td class=\"et2\" style=\"width: 126.75pt;\" width=\"169\">1,30g\/cm3<\/td>\n<\/tr>\n<tr style=\"height: 14.25pt;\">\n<td class=\"et2\" style=\"height: 14.25pt; width: 118.50pt;\" width=\"158\" height=\"19\">Cinza<\/td>\n<td class=\"et2\" style=\"width: 126.75pt;\" width=\"169\">\u22640,1%<\/td>\n<\/tr>\n<tr style=\"height: 14.25pt;\">\n<td class=\"et2\" style=\"height: 14.25pt; width: 118.50pt;\" width=\"158\" height=\"19\">Volatilidade<\/td>\n<td class=\"et2\" style=\"width: 126.75pt;\" width=\"169\">\u22640,5%<\/td>\n<\/tr>\n<tr style=\"height: 57.00pt;\">\n<td class=\"et2\" style=\"height: 57.00pt; width: 118.50pt;\" width=\"158\" height=\"76\">Especifica\u00e7\u00e3o da embalagem<\/td>\n<td class=\"et2\" style=\"width: 126.75pt;\" width=\"169\">Tambor de papel\u00e3o de 25 kg<\/td>\n<\/tr>\n<\/tbody>\n<\/table>\n<h2><strong>Uso do BP-8<\/strong><\/h2>\n<p>1. O absorvedor de UV BP-8 \u00e9 um absorvedor de UV do tipo benzofenona, cuja estrutura molecular cont\u00e9m dois grupos hidroxila vizinhos. Ele \u00e9 capaz de absorver luz UV de 320-400 nm e tem boa compatibilidade, longo tempo de reten\u00e7\u00e3o, boa estabilidade t\u00e9rmica e alta efici\u00eancia de absor\u00e7\u00e3o.<\/p>\n<p>2. O absorvedor de UV BP-8 \u00e9 adequado para pl\u00e1sticos e revestimentos, especialmente para polimetilmetacrilato, cloreto de polivinila, resina ABS, resina de milamina, resina acr\u00edlica, resina insaturada e resina de celulose. A dosagem geral \u00e9 de 0,5-3%.<\/p>\n<h2><strong>Entre em contato conosco agora!<\/strong><\/h2>\n<p><strong>Se voc\u00ea precisar de COA, MSDS ou TDS de <span style=\"color: #00ccff;\"><a style=\"color: #00ccff;\" href=\"https:\/\/longchangchemical.com\/pt\/product-category\/lcsorb-uv-absorber\/\">Absorvedor de UV lcsorb<\/a><\/span>Preencha suas informa\u00e7\u00f5es de contato no formul\u00e1rio abaixo. Normalmente, entraremos em contato dentro de 24 horas. Voc\u00ea tamb\u00e9m pode me enviar um e-mail <span style=\"color: #00ccff;\"><a style=\"color: #00ccff;\" href=\"mailto:info@longchangchemical.com\">info@longchangchemical.com<\/a> <\/span>durante o hor\u00e1rio comercial (das 8h30 \u00e0s 18h UTC+8 de segunda a s\u00e1bado) ou use o bate-papo ao vivo do site para obter uma resposta imediata.<\/strong><\/p>","protected":false},"excerpt":{"rendered":"<p>BP-8 CAS 131-53-3 Apar\u00eancia P\u00f3 amarelo-claro Peso molecular 244,2 Conte\u00fado 97,0-103,0% Ponto de fus\u00e3o \u226571\u2103 Ponto de fulgor 146\u2103 Densidade@20\u2103 1,30g\/cm3 Cinza \u22640,1% Volatilidade \u22640,5% Especifica\u00e7\u00e3o da embalagem Tambor de papel\u00e3o de 25 kg BP-8 Uso 1. Absorvedor de UV O BP-8 \u00e9 um absorvedor de UV do tipo benzofenona, cuja estrutura molecular cont\u00e9m dois grupos hidroxila vizinhos. Ele \u00e9 capaz de absorver [...]<\/p>","protected":false},"featured_media":7939,"comment_status":"closed","ping_status":"closed","template":"","meta":[],"product_brand":[],"product_cat":[139],"product_tag":[],"class_list":{"0":"post-6089","1":"product","2":"type-product","3":"status-publish","4":"has-post-thumbnail","6":"product_cat-lcsorb-uv-absorber","8":"first","9":"instock","10":"shipping-taxable","11":"product-type-simple"},"yoast_head":"<!-- This site is optimized with the Yoast SEO plugin v25.3.1 - https:\/\/yoast.com\/wordpress\/plugins\/seo\/ -->\n<title>China CHLUMIUV\u00ae BP-8 CAS 131-53-3 Manufacturer - Longchang Chemical<\/title>\n<meta name=\"description\" content=\"CHLUMIUV\u00ae BP-8 CAS 131-53-3 is a key product of Longchang Chemical. We provide the best price. We are the leading manufacturer in China with the best quality and competitive price.\" \/>\n<meta name=\"robots\" content=\"index, follow, max-snippet:-1, max-image-preview:large, max-video-preview:-1\" \/>\n<link rel=\"canonical\" href=\"https:\/\/longchangchemical.com\/pt\/product\/lcsorb-bp-8-cas-131-53-3\/\" \/>\n<meta property=\"og:locale\" content=\"pt_BR\" \/>\n<meta property=\"og:type\" content=\"article\" \/>\n<meta property=\"og:title\" content=\"China CHLUMIUV\u00ae BP-8 CAS 131-53-3 Manufacturer - Longchang Chemical\" \/>\n<meta property=\"og:description\" content=\"CHLUMIUV\u00ae BP-8 CAS 131-53-3 is a key product of Longchang Chemical. We provide the best price. We are the leading manufacturer in China with the best quality and competitive price.\" \/>\n<meta property=\"og:url\" content=\"https:\/\/longchangchemical.com\/pt\/product\/lcsorb-bp-8-cas-131-53-3\/\" \/>\n<meta property=\"og:site_name\" content=\"Longchang Chemical\" \/>\n<meta property=\"article:modified_time\" content=\"2026-01-09T06:57:33+00:00\" \/>\n<meta property=\"og:image\" content=\"https:\/\/longchangchemical.com\/wp-content\/uploads\/2023\/05\/131-53-3.jpg\" \/>\n\t<meta property=\"og:image:width\" content=\"600\" \/>\n\t<meta property=\"og:image:height\" content=\"600\" \/>\n\t<meta property=\"og:image:type\" content=\"image\/jpeg\" \/>\n<meta name=\"twitter:card\" content=\"summary_large_image\" \/>\n<script type=\"application\/ld+json\" class=\"yoast-schema-graph\">{\"@context\":\"https:\/\/schema.org\",\"@graph\":[{\"@type\":\"WebPage\",\"@id\":\"https:\/\/longchangchemical.com\/product\/lcsorb-bp-8-cas-131-53-3\/\",\"url\":\"https:\/\/longchangchemical.com\/product\/lcsorb-bp-8-cas-131-53-3\/\",\"name\":\"China CHLUMIUV\u00ae BP-8 CAS 131-53-3 Manufacturer - Longchang Chemical\",\"isPartOf\":{\"@id\":\"https:\/\/longchangchemical.com\/#website\"},\"primaryImageOfPage\":{\"@id\":\"https:\/\/longchangchemical.com\/product\/lcsorb-bp-8-cas-131-53-3\/#primaryimage\"},\"image\":{\"@id\":\"https:\/\/longchangchemical.com\/product\/lcsorb-bp-8-cas-131-53-3\/#primaryimage\"},\"thumbnailUrl\":\"https:\/\/longchangchemical.com\/wp-content\/uploads\/2023\/05\/131-53-3.jpg\",\"datePublished\":\"2023-05-13T06:50:58+00:00\",\"dateModified\":\"2026-01-09T06:57:33+00:00\",\"description\":\"CHLUMIUV\u00ae BP-8 CAS 131-53-3 is a key product of Longchang Chemical. We provide the best price. We are the leading manufacturer in China with the best quality and competitive price.\",\"breadcrumb\":{\"@id\":\"https:\/\/longchangchemical.com\/product\/lcsorb-bp-8-cas-131-53-3\/#breadcrumb\"},\"inLanguage\":\"pt-BR\",\"potentialAction\":[{\"@type\":\"ReadAction\",\"target\":[\"https:\/\/longchangchemical.com\/product\/lcsorb-bp-8-cas-131-53-3\/\"]}]},{\"@type\":\"ImageObject\",\"inLanguage\":\"pt-BR\",\"@id\":\"https:\/\/longchangchemical.com\/product\/lcsorb-bp-8-cas-131-53-3\/#primaryimage\",\"url\":\"https:\/\/longchangchemical.com\/wp-content\/uploads\/2023\/05\/131-53-3.jpg\",\"contentUrl\":\"https:\/\/longchangchemical.com\/wp-content\/uploads\/2023\/05\/131-53-3.jpg\",\"width\":600,\"height\":600},{\"@type\":\"BreadcrumbList\",\"@id\":\"https:\/\/longchangchemical.com\/product\/lcsorb-bp-8-cas-131-53-3\/#breadcrumb\",\"itemListElement\":[{\"@type\":\"ListItem\",\"position\":1,\"name\":\"Home\",\"item\":\"https:\/\/longchangchemical.com\/\"},{\"@type\":\"ListItem\",\"position\":2,\"name\":\"Products Longchang\",\"item\":\"https:\/\/longchangchemical.com\/product\/\"},{\"@type\":\"ListItem\",\"position\":3,\"name\":\"CHLUMIUV\u00ae BP-8 CAS 131-53-3\"}]},{\"@type\":\"WebSite\",\"@id\":\"https:\/\/longchangchemical.com\/#website\",\"url\":\"https:\/\/longchangchemical.com\/\",\"name\":\"Longchang Chemical\",\"description\":\"China chemical manufacturer \uff06 supplier\",\"publisher\":{\"@id\":\"https:\/\/longchangchemical.com\/#organization\"},\"potentialAction\":[{\"@type\":\"SearchAction\",\"target\":{\"@type\":\"EntryPoint\",\"urlTemplate\":\"https:\/\/longchangchemical.com\/?s={search_term_string}\"},\"query-input\":{\"@type\":\"PropertyValueSpecification\",\"valueRequired\":true,\"valueName\":\"search_term_string\"}}],\"inLanguage\":\"pt-BR\"},{\"@type\":\"Organization\",\"@id\":\"https:\/\/longchangchemical.com\/#organization\",\"name\":\"Longchang Chemical\",\"url\":\"https:\/\/longchangchemical.com\/\",\"logo\":{\"@type\":\"ImageObject\",\"inLanguage\":\"pt-BR\",\"@id\":\"https:\/\/longchangchemical.com\/#\/schema\/logo\/image\/\",\"url\":\"https:\/\/longchangchemical.com\/wp-content\/uploads\/2020\/08\/cropped-longchang-logo.png\",\"contentUrl\":\"https:\/\/longchangchemical.com\/wp-content\/uploads\/2020\/08\/cropped-longchang-logo.png\",\"width\":512,\"height\":512,\"caption\":\"Longchang Chemical\"},\"image\":{\"@id\":\"https:\/\/longchangchemical.com\/#\/schema\/logo\/image\/\"}}]}<\/script>\n<!-- \/ Yoast SEO plugin. -->","yoast_head_json":{"title":"Fabricante de CHLUMIUV\u00ae BP-8 CAS 131-53-3 na China - Longchang Chemical","description":"CHLUMIUV\u00ae BP-8 CAS 131-53-3 \u00e9 um produto-chave da Longchang Chemical. Oferecemos o melhor pre\u00e7o. Somos o fabricante l\u00edder na China, com a melhor qualidade e pre\u00e7o competitivo.","robots":{"index":"index","follow":"follow","max-snippet":"max-snippet:-1","max-image-preview":"max-image-preview:large","max-video-preview":"max-video-preview:-1"},"canonical":"https:\/\/longchangchemical.com\/pt\/product\/lcsorb-bp-8-cas-131-53-3\/","og_locale":"pt_BR","og_type":"article","og_title":"China CHLUMIUV\u00ae BP-8 CAS 131-53-3 Manufacturer - Longchang Chemical","og_description":"CHLUMIUV\u00ae BP-8 CAS 131-53-3 is a key product of Longchang Chemical. We provide the best price. We are the leading manufacturer in China with the best quality and competitive price.","og_url":"https:\/\/longchangchemical.com\/pt\/product\/lcsorb-bp-8-cas-131-53-3\/","og_site_name":"Longchang Chemical","article_modified_time":"2026-01-09T06:57:33+00:00","og_image":[{"width":600,"height":600,"url":"https:\/\/longchangchemical.com\/wp-content\/uploads\/2023\/05\/131-53-3.jpg","type":"image\/jpeg"}],"twitter_card":"summary_large_image","schema":{"@context":"https:\/\/schema.org","@graph":[{"@type":"WebPage","@id":"https:\/\/longchangchemical.com\/product\/lcsorb-bp-8-cas-131-53-3\/","url":"https:\/\/longchangchemical.com\/product\/lcsorb-bp-8-cas-131-53-3\/","name":"Fabricante de CHLUMIUV\u00ae BP-8 CAS 131-53-3 na China - Longchang Chemical","isPartOf":{"@id":"https:\/\/longchangchemical.com\/#website"},"primaryImageOfPage":{"@id":"https:\/\/longchangchemical.com\/product\/lcsorb-bp-8-cas-131-53-3\/#primaryimage"},"image":{"@id":"https:\/\/longchangchemical.com\/product\/lcsorb-bp-8-cas-131-53-3\/#primaryimage"},"thumbnailUrl":"https:\/\/longchangchemical.com\/wp-content\/uploads\/2023\/05\/131-53-3.jpg","datePublished":"2023-05-13T06:50:58+00:00","dateModified":"2026-01-09T06:57:33+00:00","description":"CHLUMIUV\u00ae BP-8 CAS 131-53-3 \u00e9 um produto-chave da Longchang Chemical. Oferecemos o melhor pre\u00e7o. Somos o fabricante l\u00edder na China, com a melhor qualidade e pre\u00e7o competitivo.","breadcrumb":{"@id":"https:\/\/longchangchemical.com\/product\/lcsorb-bp-8-cas-131-53-3\/#breadcrumb"},"inLanguage":"pt-BR","potentialAction":[{"@type":"ReadAction","target":["https:\/\/longchangchemical.com\/product\/lcsorb-bp-8-cas-131-53-3\/"]}]},{"@type":"ImageObject","inLanguage":"pt-BR","@id":"https:\/\/longchangchemical.com\/product\/lcsorb-bp-8-cas-131-53-3\/#primaryimage","url":"https:\/\/longchangchemical.com\/wp-content\/uploads\/2023\/05\/131-53-3.jpg","contentUrl":"https:\/\/longchangchemical.com\/wp-content\/uploads\/2023\/05\/131-53-3.jpg","width":600,"height":600},{"@type":"BreadcrumbList","@id":"https:\/\/longchangchemical.com\/product\/lcsorb-bp-8-cas-131-53-3\/#breadcrumb","itemListElement":[{"@type":"ListItem","position":1,"name":"Home","item":"https:\/\/longchangchemical.com\/"},{"@type":"ListItem","position":2,"name":"Products Longchang","item":"https:\/\/longchangchemical.com\/product\/"},{"@type":"ListItem","position":3,"name":"CHLUMIUV\u00ae BP-8 CAS 131-53-3"}]},{"@type":"WebSite","@id":"https:\/\/longchangchemical.com\/#website","url":"https:\/\/longchangchemical.com\/","name":"Qu\u00edmica Longchang","description":"Fabricante de produtos qu\u00edmicos na China \uff06 fornecedor","publisher":{"@id":"https:\/\/longchangchemical.com\/#organization"},"potentialAction":[{"@type":"SearchAction","target":{"@type":"EntryPoint","urlTemplate":"https:\/\/longchangchemical.com\/?s={search_term_string}"},"query-input":{"@type":"PropertyValueSpecification","valueRequired":true,"valueName":"search_term_string"}}],"inLanguage":"pt-BR"},{"@type":"Organization","@id":"https:\/\/longchangchemical.com\/#organization","name":"Qu\u00edmica Longchang","url":"https:\/\/longchangchemical.com\/","logo":{"@type":"ImageObject","inLanguage":"pt-BR","@id":"https:\/\/longchangchemical.com\/#\/schema\/logo\/image\/","url":"https:\/\/longchangchemical.com\/wp-content\/uploads\/2020\/08\/cropped-longchang-logo.png","contentUrl":"https:\/\/longchangchemical.com\/wp-content\/uploads\/2020\/08\/cropped-longchang-logo.png","width":512,"height":512,"caption":"Longchang Chemical"},"image":{"@id":"https:\/\/longchangchemical.com\/#\/schema\/logo\/image\/"}}]}},"_links":{"self":[{"href":"https:\/\/longchangchemical.com\/pt\/wp-json\/wp\/v2\/product\/6089","targetHints":{"allow":["GET"]}}],"collection":[{"href":"https:\/\/longchangchemical.com\/pt\/wp-json\/wp\/v2\/product"}],"about":[{"href":"https:\/\/longchangchemical.com\/pt\/wp-json\/wp\/v2\/types\/product"}],"replies":[{"embeddable":true,"href":"https:\/\/longchangchemical.com\/pt\/wp-json\/wp\/v2\/comments?post=6089"}],"wp:featuredmedia":[{"embeddable":true,"href":"https:\/\/longchangchemical.com\/pt\/wp-json\/wp\/v2\/media\/7939"}],"wp:attachment":[{"href":"https:\/\/longchangchemical.com\/pt\/wp-json\/wp\/v2\/media?parent=6089"}],"wp:term":[{"taxonomy":"product_brand","embeddable":true,"href":"https:\/\/longchangchemical.com\/pt\/wp-json\/wp\/v2\/product_brand?post=6089"},{"taxonomy":"product_cat","embeddable":true,"href":"https:\/\/longchangchemical.com\/pt\/wp-json\/wp\/v2\/product_cat?post=6089"},{"taxonomy":"product_tag","embeddable":true,"href":"https:\/\/longchangchemical.com\/pt\/wp-json\/wp\/v2\/product_tag?post=6089"}],"curies":[{"name":"wp","href":"https:\/\/api.w.org\/{rel}","templated":true}]}}