{"id":6077,"date":"2023-05-05T10:59:15","date_gmt":"2023-05-05T10:59:15","guid":{"rendered":"https:\/\/longchangchemical.com\/?post_type=product&#038;p=6077"},"modified":"2026-01-09T08:42:50","modified_gmt":"2026-01-09T08:42:50","slug":"lcsorb-bp-2-cas-131-55-5","status":"publish","type":"product","link":"https:\/\/longchangchemical.com\/pt\/product\/lcsorb-bp-2-cas-131-55-5\/","title":{"rendered":"CHLUMIUV\u00ae BP-2 CAS 131-55-5"},"content":{"rendered":"<h1><strong>BP-2 CAS 131-55-5<\/strong><\/h1>\n<table style=\"border-collapse: collapse; width: 208.53pt;\" border=\"0\" width=\"278\" cellspacing=\"0\" cellpadding=\"0\">\n<tbody>\n<tr style=\"height: 51.00pt;\">\n<td class=\"et2\" style=\"height: 51.00pt; width: 98.25pt;\" width=\"131\" height=\"68\">Apar\u00eancia<\/td>\n<td class=\"et2\" style=\"width: 110.25pt;\" width=\"147\">P\u00f3 cristalino amarelo claro<\/td>\n<\/tr>\n<tr style=\"height: 25.50pt;\">\n<td class=\"et2\" style=\"height: 25.50pt; width: 98.25pt;\" width=\"131\" height=\"34\">Peso molecular<\/td>\n<td class=\"et2\" style=\"width: 110.25pt;\" width=\"147\">246<\/td>\n<\/tr>\n<tr style=\"height: 13.50pt;\">\n<td class=\"et2\" style=\"height: 13.50pt; width: 98.25pt;\" width=\"131\" height=\"18\">Conte\u00fado<\/td>\n<td class=\"et2\" style=\"width: 110.25pt;\" width=\"147\">\u2265 99,0%<\/td>\n<\/tr>\n<tr style=\"height: 25.50pt;\">\n<td class=\"et2\" style=\"height: 25.50pt; width: 98.25pt;\" width=\"131\" height=\"34\">Ponto de fus\u00e3o<\/td>\n<td class=\"et2\" style=\"width: 110.25pt;\" width=\"147\">\u2265195.0<span class=\"font0\">\u2103<\/span><\/td>\n<\/tr>\n<tr style=\"height: 13.50pt;\">\n<td class=\"et2\" style=\"height: 13.50pt; width: 98.25pt;\" width=\"131\" height=\"18\">Ponto de fulgor<\/td>\n<td class=\"et2\" style=\"width: 110.25pt;\" width=\"147\">289.2\u00b0C<\/td>\n<\/tr>\n<tr style=\"height: 25.50pt;\">\n<td class=\"et2\" style=\"height: 25.50pt; width: 98.25pt;\" width=\"131\" height=\"34\">Densidade@20<span class=\"font0\">\u2103<\/span><\/td>\n<td class=\"et2\" style=\"width: 110.25pt;\" width=\"147\">1,53g\/cm3<\/td>\n<\/tr>\n<tr style=\"height: 13.50pt;\">\n<td class=\"et2\" style=\"height: 13.50pt; width: 98.25pt;\" width=\"131\" height=\"18\">Cinza<\/td>\n<td class=\"et2\" style=\"width: 110.25pt;\" width=\"147\">\u22640,1%<\/td>\n<\/tr>\n<tr style=\"height: 25.50pt;\">\n<td class=\"et2\" style=\"height: 25.50pt; width: 98.25pt;\" width=\"131\" height=\"34\">Parte vol\u00e1til<\/td>\n<td class=\"et2\" style=\"width: 110.25pt;\" width=\"147\">\u22640,5%<\/td>\n<\/tr>\n<tr style=\"height: 51.00pt;\">\n<td class=\"et2\" style=\"height: 51.00pt; width: 98.25pt;\" width=\"131\" height=\"68\">Absorb\u00e2ncia A1\/1 (345nm)<\/td>\n<td class=\"et2\" style=\"width: 110.25pt;\" width=\"147\">\u2265580<\/td>\n<\/tr>\n<\/tbody>\n<\/table>\n<h2><strong>Uso do BP-2<\/strong><\/h2>\n<p>1. O absorvedor de UV BP-2 \u00e9 um absorvedor de UV de benzofenona, capaz de absorver luz UV de 320-400 nm. Com anel de benzeno sim\u00e9trico e grupos hidroxila em ambos os lados, tem propriedades qu\u00edmicas fotot\u00e9rmicas muito est\u00e1veis. \u00c9 adequado para poli\u00e9ster, PVC, lentes de resina, revestimento de tecido, especialmente para produtos de prote\u00e7\u00e3o solar, melhorando a estabilidade e a solidez da cor. A dosagem geral \u00e9 de 0,1-0,5%.<\/p>\n<p>2. O absorvedor de UV BP-2 \u00e9 adequado para: poli\u00e9ster, revestimentos e cosm\u00e9ticos, etc. Nos \u00faltimos anos, a aplica\u00e7\u00e3o no setor t\u00eaxtil, devido \u00e0 import\u00e2ncia do setor t\u00eaxtil, est\u00e1 cada vez mais ampla.<\/p>\n<h2><strong>Entre em contato conosco agora!<\/strong><\/h2>\n<p><strong>Se voc\u00ea precisar de COA, MSDS ou TDS de <span style=\"color: #00ccff;\"><a style=\"color: #00ccff;\" href=\"https:\/\/longchangchemical.com\/pt\/product-category\/lcsorb-uv-absorber\/\">Absorvedor de UV lcsorb<\/a><\/span>Preencha suas informa\u00e7\u00f5es de contato no formul\u00e1rio abaixo. Normalmente, entraremos em contato dentro de 24 horas. Voc\u00ea tamb\u00e9m pode me enviar um e-mail <span style=\"color: #00ccff;\"><a style=\"color: #00ccff;\" href=\"mailto:info@longchangchemical.com\">info@longchangchemical.com<\/a> <\/span>durante o hor\u00e1rio comercial (das 8h30 \u00e0s 18h UTC+8 de segunda a s\u00e1bado) ou use o bate-papo ao vivo do site para obter uma resposta imediata.<\/strong><\/p>","protected":false},"excerpt":{"rendered":"<p>BP-2 CAS 131-55-5 Apar\u00eancia P\u00f3 cristalino amarelo-claro Peso molecular 246 Conte\u00fado \u2265 99,0% Ponto de fus\u00e3o \u2265195,0\u2103 Ponto de fulgor 289,2\u00b0C Densidade@20\u2103 1,53g\/cm3 Cinza \u22640,1% Parte vol\u00e1til \u22640,5% Absorb\u00e2ncia A1\/1(345nm) \u2265580 BP-2 Uso 1. O absorvedor de UV BP-2 \u00e9 um absorvedor de UV de benzofenona, capaz de absorver luz UV de 320-400 nm. Com anel de benzeno sim\u00e9trico e grupos hidroxila em [...]<\/p>","protected":false},"featured_media":7948,"comment_status":"closed","ping_status":"closed","template":"","meta":[],"product_brand":[],"product_cat":[139],"product_tag":[],"class_list":{"0":"post-6077","1":"product","2":"type-product","3":"status-publish","4":"has-post-thumbnail","6":"product_cat-lcsorb-uv-absorber","8":"first","9":"instock","10":"shipping-taxable","11":"product-type-simple"},"yoast_head":"<!-- This site is optimized with the Yoast SEO plugin v25.3.1 - https:\/\/yoast.com\/wordpress\/plugins\/seo\/ -->\n<title>China CHLUMIUV\u00ae BP-2 CAS 131-55-5 Manufacturer - Longchang Chemical<\/title>\n<meta name=\"description\" content=\"CHLUMIUV\u00ae BP-2 CAS 131-55-5 is a key product of Longchang Chemical. We provide the best price. We are the leading manufacturer in China with the best quality and competitive price.\" \/>\n<meta name=\"robots\" content=\"index, follow, max-snippet:-1, max-image-preview:large, max-video-preview:-1\" \/>\n<link rel=\"canonical\" href=\"https:\/\/longchangchemical.com\/pt\/product\/lcsorb-bp-2-cas-131-55-5\/\" \/>\n<meta property=\"og:locale\" content=\"pt_BR\" \/>\n<meta property=\"og:type\" content=\"article\" \/>\n<meta property=\"og:title\" content=\"China CHLUMIUV\u00ae BP-2 CAS 131-55-5 Manufacturer - Longchang Chemical\" \/>\n<meta property=\"og:description\" content=\"CHLUMIUV\u00ae BP-2 CAS 131-55-5 is a key product of Longchang Chemical. We provide the best price. We are the leading manufacturer in China with the best quality and competitive price.\" \/>\n<meta property=\"og:url\" content=\"https:\/\/longchangchemical.com\/pt\/product\/lcsorb-bp-2-cas-131-55-5\/\" \/>\n<meta property=\"og:site_name\" content=\"Longchang Chemical\" \/>\n<meta property=\"article:modified_time\" content=\"2026-01-09T08:42:50+00:00\" \/>\n<meta property=\"og:image\" content=\"https:\/\/longchangchemical.com\/wp-content\/uploads\/2023\/05\/131-55-5.jpg\" \/>\n\t<meta property=\"og:image:width\" content=\"600\" \/>\n\t<meta property=\"og:image:height\" content=\"600\" \/>\n\t<meta property=\"og:image:type\" content=\"image\/jpeg\" \/>\n<meta name=\"twitter:card\" content=\"summary_large_image\" \/>\n<script type=\"application\/ld+json\" class=\"yoast-schema-graph\">{\"@context\":\"https:\/\/schema.org\",\"@graph\":[{\"@type\":\"WebPage\",\"@id\":\"https:\/\/longchangchemical.com\/product\/lcsorb-bp-2-cas-131-55-5\/\",\"url\":\"https:\/\/longchangchemical.com\/product\/lcsorb-bp-2-cas-131-55-5\/\",\"name\":\"China CHLUMIUV\u00ae BP-2 CAS 131-55-5 Manufacturer - Longchang Chemical\",\"isPartOf\":{\"@id\":\"https:\/\/longchangchemical.com\/#website\"},\"primaryImageOfPage\":{\"@id\":\"https:\/\/longchangchemical.com\/product\/lcsorb-bp-2-cas-131-55-5\/#primaryimage\"},\"image\":{\"@id\":\"https:\/\/longchangchemical.com\/product\/lcsorb-bp-2-cas-131-55-5\/#primaryimage\"},\"thumbnailUrl\":\"https:\/\/longchangchemical.com\/wp-content\/uploads\/2023\/05\/131-55-5.jpg\",\"datePublished\":\"2023-05-05T10:59:15+00:00\",\"dateModified\":\"2026-01-09T08:42:50+00:00\",\"description\":\"CHLUMIUV\u00ae BP-2 CAS 131-55-5 is a key product of Longchang Chemical. We provide the best price. We are the leading manufacturer in China with the best quality and competitive price.\",\"breadcrumb\":{\"@id\":\"https:\/\/longchangchemical.com\/product\/lcsorb-bp-2-cas-131-55-5\/#breadcrumb\"},\"inLanguage\":\"pt-BR\",\"potentialAction\":[{\"@type\":\"ReadAction\",\"target\":[\"https:\/\/longchangchemical.com\/product\/lcsorb-bp-2-cas-131-55-5\/\"]}]},{\"@type\":\"ImageObject\",\"inLanguage\":\"pt-BR\",\"@id\":\"https:\/\/longchangchemical.com\/product\/lcsorb-bp-2-cas-131-55-5\/#primaryimage\",\"url\":\"https:\/\/longchangchemical.com\/wp-content\/uploads\/2023\/05\/131-55-5.jpg\",\"contentUrl\":\"https:\/\/longchangchemical.com\/wp-content\/uploads\/2023\/05\/131-55-5.jpg\",\"width\":600,\"height\":600},{\"@type\":\"BreadcrumbList\",\"@id\":\"https:\/\/longchangchemical.com\/product\/lcsorb-bp-2-cas-131-55-5\/#breadcrumb\",\"itemListElement\":[{\"@type\":\"ListItem\",\"position\":1,\"name\":\"Home\",\"item\":\"https:\/\/longchangchemical.com\/\"},{\"@type\":\"ListItem\",\"position\":2,\"name\":\"Products Longchang\",\"item\":\"https:\/\/longchangchemical.com\/product\/\"},{\"@type\":\"ListItem\",\"position\":3,\"name\":\"CHLUMIUV\u00ae BP-2 CAS 131-55-5\"}]},{\"@type\":\"WebSite\",\"@id\":\"https:\/\/longchangchemical.com\/#website\",\"url\":\"https:\/\/longchangchemical.com\/\",\"name\":\"Longchang Chemical\",\"description\":\"China chemical manufacturer \uff06 supplier\",\"publisher\":{\"@id\":\"https:\/\/longchangchemical.com\/#organization\"},\"potentialAction\":[{\"@type\":\"SearchAction\",\"target\":{\"@type\":\"EntryPoint\",\"urlTemplate\":\"https:\/\/longchangchemical.com\/?s={search_term_string}\"},\"query-input\":{\"@type\":\"PropertyValueSpecification\",\"valueRequired\":true,\"valueName\":\"search_term_string\"}}],\"inLanguage\":\"pt-BR\"},{\"@type\":\"Organization\",\"@id\":\"https:\/\/longchangchemical.com\/#organization\",\"name\":\"Longchang Chemical\",\"url\":\"https:\/\/longchangchemical.com\/\",\"logo\":{\"@type\":\"ImageObject\",\"inLanguage\":\"pt-BR\",\"@id\":\"https:\/\/longchangchemical.com\/#\/schema\/logo\/image\/\",\"url\":\"https:\/\/longchangchemical.com\/wp-content\/uploads\/2020\/08\/cropped-longchang-logo.png\",\"contentUrl\":\"https:\/\/longchangchemical.com\/wp-content\/uploads\/2020\/08\/cropped-longchang-logo.png\",\"width\":512,\"height\":512,\"caption\":\"Longchang Chemical\"},\"image\":{\"@id\":\"https:\/\/longchangchemical.com\/#\/schema\/logo\/image\/\"}}]}<\/script>\n<!-- \/ Yoast SEO plugin. -->","yoast_head_json":{"title":"Fabricante de CHLUMIUV\u00ae BP-2 CAS 131-55-5 na China - Longchang Chemical","description":"CHLUMIUV\u00ae BP-2 CAS 131-55-5 \u00e9 um produto-chave da Longchang Chemical. Oferecemos o melhor pre\u00e7o. Somos o fabricante l\u00edder na China, com a melhor qualidade e pre\u00e7o competitivo.","robots":{"index":"index","follow":"follow","max-snippet":"max-snippet:-1","max-image-preview":"max-image-preview:large","max-video-preview":"max-video-preview:-1"},"canonical":"https:\/\/longchangchemical.com\/pt\/product\/lcsorb-bp-2-cas-131-55-5\/","og_locale":"pt_BR","og_type":"article","og_title":"China CHLUMIUV\u00ae BP-2 CAS 131-55-5 Manufacturer - Longchang Chemical","og_description":"CHLUMIUV\u00ae BP-2 CAS 131-55-5 is a key product of Longchang Chemical. We provide the best price. We are the leading manufacturer in China with the best quality and competitive price.","og_url":"https:\/\/longchangchemical.com\/pt\/product\/lcsorb-bp-2-cas-131-55-5\/","og_site_name":"Longchang Chemical","article_modified_time":"2026-01-09T08:42:50+00:00","og_image":[{"width":600,"height":600,"url":"https:\/\/longchangchemical.com\/wp-content\/uploads\/2023\/05\/131-55-5.jpg","type":"image\/jpeg"}],"twitter_card":"summary_large_image","schema":{"@context":"https:\/\/schema.org","@graph":[{"@type":"WebPage","@id":"https:\/\/longchangchemical.com\/product\/lcsorb-bp-2-cas-131-55-5\/","url":"https:\/\/longchangchemical.com\/product\/lcsorb-bp-2-cas-131-55-5\/","name":"Fabricante de CHLUMIUV\u00ae BP-2 CAS 131-55-5 na China - Longchang Chemical","isPartOf":{"@id":"https:\/\/longchangchemical.com\/#website"},"primaryImageOfPage":{"@id":"https:\/\/longchangchemical.com\/product\/lcsorb-bp-2-cas-131-55-5\/#primaryimage"},"image":{"@id":"https:\/\/longchangchemical.com\/product\/lcsorb-bp-2-cas-131-55-5\/#primaryimage"},"thumbnailUrl":"https:\/\/longchangchemical.com\/wp-content\/uploads\/2023\/05\/131-55-5.jpg","datePublished":"2023-05-05T10:59:15+00:00","dateModified":"2026-01-09T08:42:50+00:00","description":"CHLUMIUV\u00ae BP-2 CAS 131-55-5 \u00e9 um produto-chave da Longchang Chemical. Oferecemos o melhor pre\u00e7o. Somos o fabricante l\u00edder na China, com a melhor qualidade e pre\u00e7o competitivo.","breadcrumb":{"@id":"https:\/\/longchangchemical.com\/product\/lcsorb-bp-2-cas-131-55-5\/#breadcrumb"},"inLanguage":"pt-BR","potentialAction":[{"@type":"ReadAction","target":["https:\/\/longchangchemical.com\/product\/lcsorb-bp-2-cas-131-55-5\/"]}]},{"@type":"ImageObject","inLanguage":"pt-BR","@id":"https:\/\/longchangchemical.com\/product\/lcsorb-bp-2-cas-131-55-5\/#primaryimage","url":"https:\/\/longchangchemical.com\/wp-content\/uploads\/2023\/05\/131-55-5.jpg","contentUrl":"https:\/\/longchangchemical.com\/wp-content\/uploads\/2023\/05\/131-55-5.jpg","width":600,"height":600},{"@type":"BreadcrumbList","@id":"https:\/\/longchangchemical.com\/product\/lcsorb-bp-2-cas-131-55-5\/#breadcrumb","itemListElement":[{"@type":"ListItem","position":1,"name":"Home","item":"https:\/\/longchangchemical.com\/"},{"@type":"ListItem","position":2,"name":"Products Longchang","item":"https:\/\/longchangchemical.com\/product\/"},{"@type":"ListItem","position":3,"name":"CHLUMIUV\u00ae BP-2 CAS 131-55-5"}]},{"@type":"WebSite","@id":"https:\/\/longchangchemical.com\/#website","url":"https:\/\/longchangchemical.com\/","name":"Qu\u00edmica Longchang","description":"Fabricante de produtos qu\u00edmicos na China \uff06 fornecedor","publisher":{"@id":"https:\/\/longchangchemical.com\/#organization"},"potentialAction":[{"@type":"SearchAction","target":{"@type":"EntryPoint","urlTemplate":"https:\/\/longchangchemical.com\/?s={search_term_string}"},"query-input":{"@type":"PropertyValueSpecification","valueRequired":true,"valueName":"search_term_string"}}],"inLanguage":"pt-BR"},{"@type":"Organization","@id":"https:\/\/longchangchemical.com\/#organization","name":"Qu\u00edmica Longchang","url":"https:\/\/longchangchemical.com\/","logo":{"@type":"ImageObject","inLanguage":"pt-BR","@id":"https:\/\/longchangchemical.com\/#\/schema\/logo\/image\/","url":"https:\/\/longchangchemical.com\/wp-content\/uploads\/2020\/08\/cropped-longchang-logo.png","contentUrl":"https:\/\/longchangchemical.com\/wp-content\/uploads\/2020\/08\/cropped-longchang-logo.png","width":512,"height":512,"caption":"Longchang Chemical"},"image":{"@id":"https:\/\/longchangchemical.com\/#\/schema\/logo\/image\/"}}]}},"_links":{"self":[{"href":"https:\/\/longchangchemical.com\/pt\/wp-json\/wp\/v2\/product\/6077","targetHints":{"allow":["GET"]}}],"collection":[{"href":"https:\/\/longchangchemical.com\/pt\/wp-json\/wp\/v2\/product"}],"about":[{"href":"https:\/\/longchangchemical.com\/pt\/wp-json\/wp\/v2\/types\/product"}],"replies":[{"embeddable":true,"href":"https:\/\/longchangchemical.com\/pt\/wp-json\/wp\/v2\/comments?post=6077"}],"wp:featuredmedia":[{"embeddable":true,"href":"https:\/\/longchangchemical.com\/pt\/wp-json\/wp\/v2\/media\/7948"}],"wp:attachment":[{"href":"https:\/\/longchangchemical.com\/pt\/wp-json\/wp\/v2\/media?parent=6077"}],"wp:term":[{"taxonomy":"product_brand","embeddable":true,"href":"https:\/\/longchangchemical.com\/pt\/wp-json\/wp\/v2\/product_brand?post=6077"},{"taxonomy":"product_cat","embeddable":true,"href":"https:\/\/longchangchemical.com\/pt\/wp-json\/wp\/v2\/product_cat?post=6077"},{"taxonomy":"product_tag","embeddable":true,"href":"https:\/\/longchangchemical.com\/pt\/wp-json\/wp\/v2\/product_tag?post=6077"}],"curies":[{"name":"wp","href":"https:\/\/api.w.org\/{rel}","templated":true}]}}