{"id":6048,"date":"2023-04-21T08:11:04","date_gmt":"2023-04-21T08:11:04","guid":{"rendered":"https:\/\/longchangchemical.com\/?post_type=product&#038;p=6048"},"modified":"2026-01-09T09:06:29","modified_gmt":"2026-01-09T09:06:29","slug":"lcsorb-uv-3638-cas-18600-59-4","status":"publish","type":"product","link":"https:\/\/longchangchemical.com\/pt\/product\/lcsorb-uv-3638-cas-18600-59-4\/","title":{"rendered":"CHLUMIUV\u00ae UV-3638 CAS 18600-59-4"},"content":{"rendered":"<h1><strong>UV-3638 CAS 18600-59-4<\/strong><\/h1>\n<table style=\"border-collapse: collapse; width: 232.53pt;\" border=\"0\" width=\"310\" cellspacing=\"0\" cellpadding=\"0\">\n<tbody>\n<tr style=\"height: 17.25pt;\">\n<td class=\"et2\" style=\"height: 17.25pt; width: 106.50pt;\" width=\"142\" height=\"23\">Apar\u00eancia<\/td>\n<td class=\"et3\" style=\"width: 126.00pt;\" width=\"168\">P\u00f3 branco<\/td>\n<\/tr>\n<tr style=\"height: 17.25pt;\">\n<td class=\"et2\" style=\"height: 17.25pt; width: 106.50pt;\" width=\"142\" height=\"23\">Peso molecular<\/td>\n<td class=\"et4\" style=\"width: 126.00pt;\" width=\"168\">368.3<\/td>\n<\/tr>\n<tr style=\"height: 17.25pt;\">\n<td class=\"et2\" style=\"height: 17.25pt; width: 106.50pt;\" width=\"142\" height=\"23\">Conte\u00fado<\/td>\n<td class=\"et3\" style=\"width: 126.00pt;\" width=\"168\">\u226599.0%<\/td>\n<\/tr>\n<tr style=\"height: 18.00pt;\">\n<td class=\"et2\" style=\"height: 18.00pt; width: 106.50pt;\" width=\"142\" height=\"24\">Ponto de fus\u00e3o<\/td>\n<td class=\"et3\" style=\"width: 126.00pt;\" width=\"168\">310-315<span class=\"font0\">\u2103<\/span><\/td>\n<\/tr>\n<tr style=\"height: 17.25pt;\">\n<td class=\"et2\" style=\"height: 17.25pt; width: 106.50pt;\" width=\"142\" height=\"23\">Ponto de ebuli\u00e7\u00e3o<\/td>\n<td class=\"et3\" style=\"width: 126.00pt;\" width=\"168\">522.8\u00b0C<\/td>\n<\/tr>\n<tr style=\"height: 17.25pt;\">\n<td class=\"et2\" style=\"height: 17.25pt; width: 106.50pt;\" width=\"142\" height=\"23\">Densidade@20\u00b0C<\/td>\n<td class=\"et3\" style=\"width: 126.00pt;\" width=\"168\">1,41g\/cm3<\/td>\n<\/tr>\n<tr style=\"height: 17.25pt;\">\n<td class=\"et2\" style=\"height: 17.25pt; width: 106.50pt;\" width=\"142\" height=\"23\">Cinza<\/td>\n<td class=\"et3\" style=\"width: 126.00pt;\" width=\"168\">\u22640,1%<\/td>\n<\/tr>\n<tr style=\"height: 17.25pt;\">\n<td class=\"et2\" style=\"height: 17.25pt; width: 106.50pt;\" width=\"142\" height=\"23\">Vol\u00e1teis<\/td>\n<td class=\"et3\" style=\"width: 126.00pt;\" width=\"168\">\u22640,3%<\/td>\n<\/tr>\n<tr style=\"height: 17.25pt;\">\n<td class=\"et5\" style=\"height: 34.50pt; width: 106.50pt;\" rowspan=\"2\" width=\"142\" height=\"46\">Transmiss\u00e3o de luz<\/td>\n<td class=\"et3\" style=\"width: 126.00pt;\" width=\"168\">460 nm\u226596%<\/td>\n<\/tr>\n<tr style=\"height: 17.25pt;\">\n<td class=\"et3\" style=\"width: 126.00pt;\" width=\"168\">500 nm\u226599%<\/td>\n<\/tr>\n<\/tbody>\n<\/table>\n<h2><\/h2>\n<h2>Uso do UV-3638<\/h2>\n<p>1. O UV-3638 \u00e9 um absorvedor de UV eficiente: tem uma absor\u00e7\u00e3o de UV muito ampla, resist\u00eancia ao processamento em alta temperatura, resist\u00eancia \u00e0 alta press\u00e3o, resist\u00eancia a \u00e1cidos e \u00e1lcalis, sem decomposi\u00e7\u00e3o, sem precipita\u00e7\u00e3o, sem migra\u00e7\u00e3o e sem altera\u00e7\u00e3o de odor. Volatilidade muito baixa, forte efici\u00eancia de absor\u00e7\u00e3o, v\u00e1rias vezes maior do que a absor\u00e7\u00e3o de UV comum, nenhum efeito sobre a cor do substrato, boa compatibilidade com a resina, n\u00e3o est\u00e1 envolvido na rea\u00e7\u00e3o do processo de polimeriza\u00e7\u00e3o. Especialmente para pet e pc, tem excelente estabilidade. Usado principalmente em fibras pet; filmes pet; fatias de garrafas pet, para proteger o conte\u00fado das garrafas pet contra danos causados pelos raios UV.<\/p>\n<p>2. Absorvedor de UV O UV-3638 \u00e9 um absorvedor de UV de benzoxazinona capaz de absorver 200-400 nm de luz UV. A faixa de absor\u00e7\u00e3o abrange UVA, UVB e UVC com um pico de absor\u00e7\u00e3o de 350 nm. A efici\u00eancia de absor\u00e7\u00e3o \u00e9 v\u00e1rias vezes maior do que a dos absorvedores de UV comumente usados, com uma temperatura de perda de calor de at\u00e9 371 graus Celsius. Possui resist\u00eancia a altas temperaturas, resist\u00eancia \u00e0 extra\u00e7\u00e3o, baixa volatilidade, baixa migra\u00e7\u00e3o, ampla faixa de absor\u00e7\u00e3o e alta efici\u00eancia de absor\u00e7\u00e3o, al\u00e9m de retardar o amarelamento da cor e bloquear a perda f\u00edsica. \u00c9 adequado para PET, PBT, PAR, PES, PSU, PPO, PPS, PC, PA sob processamento de alta temperatura, especialmente para filme, folha e placa de PET transparente, filme, folha e placa de PC transparente, filme \u00f3ptico, lente \u00f3ptica, placa de difus\u00e3o de luz. A dosagem geral \u00e9 de 0,1-0,5%.<\/p>\n<p>&nbsp;<\/p>\n<h2><strong>Entre em contato conosco agora!<\/strong><\/h2>\n<p><strong>Se voc\u00ea precisar de COA, MSDS ou TDS de <span style=\"color: #00ccff;\"><a style=\"color: #00ccff;\" href=\"https:\/\/longchangchemical.com\/pt\/product-category\/lcsorb-uv-absorber\/\">Absorvedor de UV lcsorb<\/a><\/span>Preencha suas informa\u00e7\u00f5es de contato no formul\u00e1rio abaixo. Normalmente, entraremos em contato dentro de 24 horas. Voc\u00ea tamb\u00e9m pode me enviar um e-mail <span style=\"color: #00ccff;\"><a style=\"color: #00ccff;\" href=\"mailto:info@longchangchemical.com\">info@longchangchemical.com<\/a> <\/span>durante o hor\u00e1rio comercial (das 8h30 \u00e0s 18h UTC+8 de segunda a s\u00e1bado) ou use o bate-papo ao vivo do site para obter uma resposta imediata.<\/strong><\/p>","protected":false},"excerpt":{"rendered":"<p>UV-3638 CAS 18600-59-4 Apar\u00eancia P\u00f3 branco Peso molecular 368,3 Conte\u00fado \u226599,0% Ponto de fus\u00e3o 310-315\u2103 Ponto de ebuli\u00e7\u00e3o 522,8\u00b0C Densidade@20\u00b0C 1,41g\/cm3 Cinza \u22640,1% Vol\u00e1teis \u22640,3% Transmiss\u00e3o de luz 460 nm\u226596% 500 nm\u226599% UV-3638 Uso 1. O UV-3638 \u00e9 um absorvedor de UV eficiente: tem uma absor\u00e7\u00e3o de UV muito ampla, resist\u00eancia ao processamento em alta temperatura; resist\u00eancia \u00e0 alta press\u00e3o; \u00e1cido e \u00e1lcali [...]<\/p>","protected":false},"featured_media":7954,"comment_status":"closed","ping_status":"closed","template":"","meta":[],"product_brand":[],"product_cat":[139],"product_tag":[],"class_list":{"0":"post-6048","1":"product","2":"type-product","3":"status-publish","4":"has-post-thumbnail","6":"product_cat-lcsorb-uv-absorber","8":"first","9":"instock","10":"shipping-taxable","11":"product-type-simple"},"yoast_head":"<!-- This site is optimized with the Yoast SEO plugin v25.3.1 - https:\/\/yoast.com\/wordpress\/plugins\/seo\/ -->\n<title>China CHLUMIUV\u00ae UV-3638 CAS 18600-59-4 Manufacturer - Longchang Chemical<\/title>\n<meta name=\"description\" content=\"CHLUMIUV\u00ae UV-3638 CAS 18600-59-4 is a key product of Longchang Chemical. We provide the best price. We are the leading manufacturer in China with the best quality and competitive price.\" \/>\n<meta name=\"robots\" content=\"index, follow, max-snippet:-1, max-image-preview:large, max-video-preview:-1\" \/>\n<link rel=\"canonical\" href=\"https:\/\/longchangchemical.com\/pt\/product\/lcsorb-uv-3638-cas-18600-59-4\/\" \/>\n<meta property=\"og:locale\" content=\"pt_BR\" \/>\n<meta property=\"og:type\" content=\"article\" \/>\n<meta property=\"og:title\" content=\"China CHLUMIUV\u00ae UV-3638 CAS 18600-59-4 Manufacturer - Longchang Chemical\" \/>\n<meta property=\"og:description\" content=\"CHLUMIUV\u00ae UV-3638 CAS 18600-59-4 is a key product of Longchang Chemical. We provide the best price. We are the leading manufacturer in China with the best quality and competitive price.\" \/>\n<meta property=\"og:url\" content=\"https:\/\/longchangchemical.com\/pt\/product\/lcsorb-uv-3638-cas-18600-59-4\/\" \/>\n<meta property=\"og:site_name\" content=\"Longchang Chemical\" \/>\n<meta property=\"article:modified_time\" content=\"2026-01-09T09:06:29+00:00\" \/>\n<meta property=\"og:image\" content=\"https:\/\/longchangchemical.com\/wp-content\/uploads\/2023\/04\/18600-59-4.jpg\" \/>\n\t<meta property=\"og:image:width\" content=\"600\" \/>\n\t<meta property=\"og:image:height\" content=\"600\" \/>\n\t<meta property=\"og:image:type\" content=\"image\/jpeg\" \/>\n<meta name=\"twitter:card\" content=\"summary_large_image\" \/>\n<script type=\"application\/ld+json\" class=\"yoast-schema-graph\">{\"@context\":\"https:\/\/schema.org\",\"@graph\":[{\"@type\":\"WebPage\",\"@id\":\"https:\/\/longchangchemical.com\/product\/lcsorb-uv-3638-cas-18600-59-4\/\",\"url\":\"https:\/\/longchangchemical.com\/product\/lcsorb-uv-3638-cas-18600-59-4\/\",\"name\":\"China CHLUMIUV\u00ae UV-3638 CAS 18600-59-4 Manufacturer - Longchang Chemical\",\"isPartOf\":{\"@id\":\"https:\/\/longchangchemical.com\/#website\"},\"primaryImageOfPage\":{\"@id\":\"https:\/\/longchangchemical.com\/product\/lcsorb-uv-3638-cas-18600-59-4\/#primaryimage\"},\"image\":{\"@id\":\"https:\/\/longchangchemical.com\/product\/lcsorb-uv-3638-cas-18600-59-4\/#primaryimage\"},\"thumbnailUrl\":\"https:\/\/longchangchemical.com\/wp-content\/uploads\/2023\/04\/18600-59-4.jpg\",\"datePublished\":\"2023-04-21T08:11:04+00:00\",\"dateModified\":\"2026-01-09T09:06:29+00:00\",\"description\":\"CHLUMIUV\u00ae UV-3638 CAS 18600-59-4 is a key product of Longchang Chemical. We provide the best price. We are the leading manufacturer in China with the best quality and competitive price.\",\"breadcrumb\":{\"@id\":\"https:\/\/longchangchemical.com\/product\/lcsorb-uv-3638-cas-18600-59-4\/#breadcrumb\"},\"inLanguage\":\"pt-BR\",\"potentialAction\":[{\"@type\":\"ReadAction\",\"target\":[\"https:\/\/longchangchemical.com\/product\/lcsorb-uv-3638-cas-18600-59-4\/\"]}]},{\"@type\":\"ImageObject\",\"inLanguage\":\"pt-BR\",\"@id\":\"https:\/\/longchangchemical.com\/product\/lcsorb-uv-3638-cas-18600-59-4\/#primaryimage\",\"url\":\"https:\/\/longchangchemical.com\/wp-content\/uploads\/2023\/04\/18600-59-4.jpg\",\"contentUrl\":\"https:\/\/longchangchemical.com\/wp-content\/uploads\/2023\/04\/18600-59-4.jpg\",\"width\":600,\"height\":600},{\"@type\":\"BreadcrumbList\",\"@id\":\"https:\/\/longchangchemical.com\/product\/lcsorb-uv-3638-cas-18600-59-4\/#breadcrumb\",\"itemListElement\":[{\"@type\":\"ListItem\",\"position\":1,\"name\":\"Home\",\"item\":\"https:\/\/longchangchemical.com\/\"},{\"@type\":\"ListItem\",\"position\":2,\"name\":\"Products Longchang\",\"item\":\"https:\/\/longchangchemical.com\/product\/\"},{\"@type\":\"ListItem\",\"position\":3,\"name\":\"CHLUMIUV\u00ae UV-3638 CAS 18600-59-4\"}]},{\"@type\":\"WebSite\",\"@id\":\"https:\/\/longchangchemical.com\/#website\",\"url\":\"https:\/\/longchangchemical.com\/\",\"name\":\"Longchang Chemical\",\"description\":\"China chemical manufacturer \uff06 supplier\",\"publisher\":{\"@id\":\"https:\/\/longchangchemical.com\/#organization\"},\"potentialAction\":[{\"@type\":\"SearchAction\",\"target\":{\"@type\":\"EntryPoint\",\"urlTemplate\":\"https:\/\/longchangchemical.com\/?s={search_term_string}\"},\"query-input\":{\"@type\":\"PropertyValueSpecification\",\"valueRequired\":true,\"valueName\":\"search_term_string\"}}],\"inLanguage\":\"pt-BR\"},{\"@type\":\"Organization\",\"@id\":\"https:\/\/longchangchemical.com\/#organization\",\"name\":\"Longchang Chemical\",\"url\":\"https:\/\/longchangchemical.com\/\",\"logo\":{\"@type\":\"ImageObject\",\"inLanguage\":\"pt-BR\",\"@id\":\"https:\/\/longchangchemical.com\/#\/schema\/logo\/image\/\",\"url\":\"https:\/\/longchangchemical.com\/wp-content\/uploads\/2020\/08\/cropped-longchang-logo.png\",\"contentUrl\":\"https:\/\/longchangchemical.com\/wp-content\/uploads\/2020\/08\/cropped-longchang-logo.png\",\"width\":512,\"height\":512,\"caption\":\"Longchang Chemical\"},\"image\":{\"@id\":\"https:\/\/longchangchemical.com\/#\/schema\/logo\/image\/\"}}]}<\/script>\n<!-- \/ Yoast SEO plugin. -->","yoast_head_json":{"title":"China CHLUMIUV\u00ae UV-3638 CAS 18600-59-4 Fabricante - Longchang Chemical","description":"CHLUMIUV\u00ae UV-3638 CAS 18600-59-4 \u00e9 um produto-chave da Longchang Chemical. Oferecemos o melhor pre\u00e7o. Somos o fabricante l\u00edder na China, com a melhor qualidade e pre\u00e7o competitivo.","robots":{"index":"index","follow":"follow","max-snippet":"max-snippet:-1","max-image-preview":"max-image-preview:large","max-video-preview":"max-video-preview:-1"},"canonical":"https:\/\/longchangchemical.com\/pt\/product\/lcsorb-uv-3638-cas-18600-59-4\/","og_locale":"pt_BR","og_type":"article","og_title":"China CHLUMIUV\u00ae UV-3638 CAS 18600-59-4 Manufacturer - Longchang Chemical","og_description":"CHLUMIUV\u00ae UV-3638 CAS 18600-59-4 is a key product of Longchang Chemical. We provide the best price. We are the leading manufacturer in China with the best quality and competitive price.","og_url":"https:\/\/longchangchemical.com\/pt\/product\/lcsorb-uv-3638-cas-18600-59-4\/","og_site_name":"Longchang Chemical","article_modified_time":"2026-01-09T09:06:29+00:00","og_image":[{"width":600,"height":600,"url":"https:\/\/longchangchemical.com\/wp-content\/uploads\/2023\/04\/18600-59-4.jpg","type":"image\/jpeg"}],"twitter_card":"summary_large_image","schema":{"@context":"https:\/\/schema.org","@graph":[{"@type":"WebPage","@id":"https:\/\/longchangchemical.com\/product\/lcsorb-uv-3638-cas-18600-59-4\/","url":"https:\/\/longchangchemical.com\/product\/lcsorb-uv-3638-cas-18600-59-4\/","name":"China CHLUMIUV\u00ae UV-3638 CAS 18600-59-4 Fabricante - Longchang Chemical","isPartOf":{"@id":"https:\/\/longchangchemical.com\/#website"},"primaryImageOfPage":{"@id":"https:\/\/longchangchemical.com\/product\/lcsorb-uv-3638-cas-18600-59-4\/#primaryimage"},"image":{"@id":"https:\/\/longchangchemical.com\/product\/lcsorb-uv-3638-cas-18600-59-4\/#primaryimage"},"thumbnailUrl":"https:\/\/longchangchemical.com\/wp-content\/uploads\/2023\/04\/18600-59-4.jpg","datePublished":"2023-04-21T08:11:04+00:00","dateModified":"2026-01-09T09:06:29+00:00","description":"CHLUMIUV\u00ae UV-3638 CAS 18600-59-4 \u00e9 um produto-chave da Longchang Chemical. Oferecemos o melhor pre\u00e7o. Somos o fabricante l\u00edder na China, com a melhor qualidade e pre\u00e7o competitivo.","breadcrumb":{"@id":"https:\/\/longchangchemical.com\/product\/lcsorb-uv-3638-cas-18600-59-4\/#breadcrumb"},"inLanguage":"pt-BR","potentialAction":[{"@type":"ReadAction","target":["https:\/\/longchangchemical.com\/product\/lcsorb-uv-3638-cas-18600-59-4\/"]}]},{"@type":"ImageObject","inLanguage":"pt-BR","@id":"https:\/\/longchangchemical.com\/product\/lcsorb-uv-3638-cas-18600-59-4\/#primaryimage","url":"https:\/\/longchangchemical.com\/wp-content\/uploads\/2023\/04\/18600-59-4.jpg","contentUrl":"https:\/\/longchangchemical.com\/wp-content\/uploads\/2023\/04\/18600-59-4.jpg","width":600,"height":600},{"@type":"BreadcrumbList","@id":"https:\/\/longchangchemical.com\/product\/lcsorb-uv-3638-cas-18600-59-4\/#breadcrumb","itemListElement":[{"@type":"ListItem","position":1,"name":"Home","item":"https:\/\/longchangchemical.com\/"},{"@type":"ListItem","position":2,"name":"Products Longchang","item":"https:\/\/longchangchemical.com\/product\/"},{"@type":"ListItem","position":3,"name":"CHLUMIUV\u00ae UV-3638 CAS 18600-59-4"}]},{"@type":"WebSite","@id":"https:\/\/longchangchemical.com\/#website","url":"https:\/\/longchangchemical.com\/","name":"Qu\u00edmica Longchang","description":"Fabricante de produtos qu\u00edmicos na China \uff06 fornecedor","publisher":{"@id":"https:\/\/longchangchemical.com\/#organization"},"potentialAction":[{"@type":"SearchAction","target":{"@type":"EntryPoint","urlTemplate":"https:\/\/longchangchemical.com\/?s={search_term_string}"},"query-input":{"@type":"PropertyValueSpecification","valueRequired":true,"valueName":"search_term_string"}}],"inLanguage":"pt-BR"},{"@type":"Organization","@id":"https:\/\/longchangchemical.com\/#organization","name":"Qu\u00edmica Longchang","url":"https:\/\/longchangchemical.com\/","logo":{"@type":"ImageObject","inLanguage":"pt-BR","@id":"https:\/\/longchangchemical.com\/#\/schema\/logo\/image\/","url":"https:\/\/longchangchemical.com\/wp-content\/uploads\/2020\/08\/cropped-longchang-logo.png","contentUrl":"https:\/\/longchangchemical.com\/wp-content\/uploads\/2020\/08\/cropped-longchang-logo.png","width":512,"height":512,"caption":"Longchang Chemical"},"image":{"@id":"https:\/\/longchangchemical.com\/#\/schema\/logo\/image\/"}}]}},"_links":{"self":[{"href":"https:\/\/longchangchemical.com\/pt\/wp-json\/wp\/v2\/product\/6048","targetHints":{"allow":["GET"]}}],"collection":[{"href":"https:\/\/longchangchemical.com\/pt\/wp-json\/wp\/v2\/product"}],"about":[{"href":"https:\/\/longchangchemical.com\/pt\/wp-json\/wp\/v2\/types\/product"}],"replies":[{"embeddable":true,"href":"https:\/\/longchangchemical.com\/pt\/wp-json\/wp\/v2\/comments?post=6048"}],"wp:featuredmedia":[{"embeddable":true,"href":"https:\/\/longchangchemical.com\/pt\/wp-json\/wp\/v2\/media\/7954"}],"wp:attachment":[{"href":"https:\/\/longchangchemical.com\/pt\/wp-json\/wp\/v2\/media?parent=6048"}],"wp:term":[{"taxonomy":"product_brand","embeddable":true,"href":"https:\/\/longchangchemical.com\/pt\/wp-json\/wp\/v2\/product_brand?post=6048"},{"taxonomy":"product_cat","embeddable":true,"href":"https:\/\/longchangchemical.com\/pt\/wp-json\/wp\/v2\/product_cat?post=6048"},{"taxonomy":"product_tag","embeddable":true,"href":"https:\/\/longchangchemical.com\/pt\/wp-json\/wp\/v2\/product_tag?post=6048"}],"curies":[{"name":"wp","href":"https:\/\/api.w.org\/{rel}","templated":true}]}}