{"id":6038,"date":"2023-04-18T13:05:55","date_gmt":"2023-04-18T13:05:55","guid":{"rendered":"https:\/\/longchangchemical.com\/?post_type=product&#038;p=6038"},"modified":"2026-01-09T09:19:45","modified_gmt":"2026-01-09T09:19:45","slug":"lcsorb-uv-p-cas-2440-22-4","status":"publish","type":"product","link":"https:\/\/longchangchemical.com\/pt\/product\/lcsorb-uv-p-cas-2440-22-4\/","title":{"rendered":"CHLUMIUV\u00ae UV-P \/ Tinuvin P CAS 2440-22-4"},"content":{"rendered":"<h1><strong>UV-P \/ Tinuvin P CAS 2440-22-4<\/strong><\/h1>\n<table style=\"border-collapse: collapse; width: 282.77pt;\" border=\"0\" width=\"377\" cellspacing=\"0\" cellpadding=\"0\">\n<tbody>\n<tr style=\"height: 15.00pt;\">\n<td class=\"et2\" style=\"height: 15.00pt; width: 135.00pt;\" width=\"180\" height=\"20\">Apar\u00eancia<span class=\"font2\">\uff1a<\/span><\/td>\n<td class=\"et3\" style=\"width: 147.75pt;\" width=\"197\">Cristais amarelos claros<\/td>\n<\/tr>\n<tr style=\"height: 15.00pt;\">\n<td class=\"et2\" style=\"height: 15.00pt; width: 135.00pt;\" width=\"180\" height=\"20\">Pureza (HPLC)<span class=\"font2\">\uff1a<\/span><\/td>\n<td class=\"et3\">99,0% min<\/td>\n<\/tr>\n<tr style=\"height: 30.00pt;\">\n<td class=\"et2\" style=\"height: 30.00pt; width: 135.00pt;\" width=\"180\" height=\"40\">Transmiss\u00e3o<span class=\"font2\">\uff1a<\/span><\/td>\n<td class=\"et2\" style=\"width: 147.75pt;\" width=\"197\">440nm: 97,0% min<br \/>\n500nm: 98,0% min<\/td>\n<\/tr>\n<tr style=\"height: 15.00pt;\">\n<td class=\"et2\" style=\"height: 15.00pt; width: 135.00pt;\" width=\"180\" height=\"20\">Ponto de fus\u00e3o<span class=\"font2\">\uff1a<\/span><\/td>\n<td class=\"et3\">128.0<span class=\"font2\">\u2103<\/span><span class=\"font1\">~132.0<\/span><span class=\"font2\">\u2103<\/span><\/td>\n<\/tr>\n<tr style=\"height: 15.00pt;\">\n<td class=\"et2\" style=\"height: 15.00pt; width: 135.00pt;\" width=\"180\" height=\"20\">Vol\u00e1teis<span class=\"font2\">\uff1a<\/span><\/td>\n<td class=\"et3\">0,50% m\u00e1ximo<\/td>\n<\/tr>\n<tr style=\"height: 15.00pt;\">\n<td class=\"et2\" style=\"height: 15.00pt; width: 135.00pt;\" width=\"180\" height=\"20\">Teor de cinzas<span class=\"font2\">\uff1a<\/span><\/td>\n<td class=\"et3\">0,10% m\u00e1ximo<\/td>\n<\/tr>\n<tr style=\"height: 15.00pt;\">\n<td class=\"et2\" style=\"height: 15.00pt; width: 135.00pt;\" width=\"180\" height=\"20\">Clareza da solu\u00e7\u00e3o<span class=\"font2\">\uff1a<\/span><\/td>\n<td class=\"et3\">Limpo<\/td>\n<\/tr>\n<\/tbody>\n<\/table>\n<h2><strong>Aplica\u00e7\u00e3o do UV-P\uff1a<\/strong><\/h2>\n<p>Esse produto \u00e9 um absorvedor de UV de alta efici\u00eancia, capaz de absorver com efic\u00e1cia a luz UV de 270 a 380 nm; inodoro, resistente a altas temperaturas, bom estabilizador de calor; n\u00e3o inflam\u00e1vel, n\u00e3o explosivo, n\u00e3o t\u00f3xico, seguro e inofensivo para uso; esse produto quase n\u00e3o absorve a luz vis\u00edvel, especialmente para produtos transparentes incolores e de cores claras; usado principalmente em PVC, poliestireno, policarbonato, polimetilmetacrilato, resina AS, resina ABS, polipropileno e polietileno.<\/p>\n<p>&nbsp;<\/p>\n<p>- Concentra\u00e7\u00e3o: 0,2-2,0%<\/p>\n<p>&nbsp;<\/p>\n<h2><strong>Armazenamento UV-P:<\/strong><\/h2>\n<p>Mantido em um dep\u00f3sito seco e limpo, com boa ventila\u00e7\u00e3o.<br \/>\nEvite a exposi\u00e7\u00e3o \u00e0 luz e ao aquecimento para evitar a oxida\u00e7\u00e3o.<br \/>\nProteger o produto contra vazamentos, chuva e insola\u00e7\u00e3o durante o transporte.<\/p>\n<p>&nbsp;<\/p>\n<h2><strong>Entre em contato conosco agora!<\/strong><\/h2>\n<p><strong>Se voc\u00ea precisar de COA, MSDS ou TDS de <span style=\"color: #00ccff;\"><a style=\"color: #00ccff;\" href=\"https:\/\/longchangchemical.com\/pt\/product-category\/lcsorb-uv-absorber\/\">Absorvedor de UV lcsorb<\/a><\/span>Preencha suas informa\u00e7\u00f5es de contato no formul\u00e1rio abaixo. Normalmente, entraremos em contato dentro de 24 horas. Voc\u00ea tamb\u00e9m pode me enviar um e-mail <span style=\"color: #00ccff;\"><a style=\"color: #00ccff;\" href=\"mailto:info@longchangchemical.com\">info@longchangchemical.com<\/a> <\/span>durante o hor\u00e1rio comercial (das 8h30 \u00e0s 18h UTC+8 de segunda a s\u00e1bado) ou use o bate-papo ao vivo do site para obter uma resposta imediata.<\/strong><\/p>","protected":false},"excerpt":{"rendered":"<p>Nome qu\u00edmico: 2-(2\u2032-Hidroxi-5\u2032-metilfenil)benzotriazol<\/p>\n<p>N\u00ba CAS: 2440-22-4<\/p>\n<p>Sin\u00f4nimos:Drometrizole;Drometrizolum;LOTSORB UV P;Tinuvin P; 2-(2\u2032-Hydroxy-5\u2032-methylphenyl)benzotriazole; 2-Benzotriazolyl-4-methylphenol; absorvedor de UV-1; Porex P; Benazol P; Sumisorb 200; ADK Stab LA 32; Arelite BT10; Cyasorb UV5365; Eversorb 71; Lowilite 55; Seikalizer AZ; Uvasorb SV; Uvinul 3033P; Viosorb 520<\/p>\n<p>MF: C13H11N3O<\/p>\n<p>Pureza: 99,0% min<\/p>","protected":false},"featured_media":7957,"comment_status":"closed","ping_status":"closed","template":"","meta":[],"product_brand":[],"product_cat":[139],"product_tag":[],"class_list":{"0":"post-6038","1":"product","2":"type-product","3":"status-publish","4":"has-post-thumbnail","6":"product_cat-lcsorb-uv-absorber","8":"first","9":"instock","10":"shipping-taxable","11":"product-type-simple"},"yoast_head":"<!-- This site is optimized with the Yoast SEO plugin v25.3.1 - https:\/\/yoast.com\/wordpress\/plugins\/seo\/ -->\n<title>China CHLUMIUV\u00ae UV-P \/ Tinuvin P CAS 2440-22-4 Manufacturer - Longchang Chemical<\/title>\n<meta name=\"description\" content=\"CHLUMIUV\u00ae UV-P \/ Tinuvin P CAS 2440-22-4 is a key product of Longchang Chemical. We provide the best price. We are the leading manufacturer in China with the best quality and competitive price.\" \/>\n<meta name=\"robots\" content=\"index, follow, max-snippet:-1, max-image-preview:large, max-video-preview:-1\" \/>\n<link rel=\"canonical\" href=\"https:\/\/longchangchemical.com\/pt\/product\/lcsorb-uv-p-cas-2440-22-4\/\" \/>\n<meta property=\"og:locale\" content=\"pt_BR\" \/>\n<meta property=\"og:type\" content=\"article\" \/>\n<meta property=\"og:title\" content=\"China CHLUMIUV\u00ae UV-P \/ Tinuvin P CAS 2440-22-4 Manufacturer - Longchang Chemical\" \/>\n<meta property=\"og:description\" content=\"CHLUMIUV\u00ae UV-P \/ Tinuvin P CAS 2440-22-4 is a key product of Longchang Chemical. We provide the best price. We are the leading manufacturer in China with the best quality and competitive price.\" \/>\n<meta property=\"og:url\" content=\"https:\/\/longchangchemical.com\/pt\/product\/lcsorb-uv-p-cas-2440-22-4\/\" \/>\n<meta property=\"og:site_name\" content=\"Longchang Chemical\" \/>\n<meta property=\"article:modified_time\" content=\"2026-01-09T09:19:45+00:00\" \/>\n<meta property=\"og:image\" content=\"https:\/\/longchangchemical.com\/wp-content\/uploads\/2023\/04\/2440-22-4.jpg\" \/>\n\t<meta property=\"og:image:width\" content=\"600\" \/>\n\t<meta property=\"og:image:height\" content=\"600\" \/>\n\t<meta property=\"og:image:type\" content=\"image\/jpeg\" \/>\n<meta name=\"twitter:card\" content=\"summary_large_image\" \/>\n<script type=\"application\/ld+json\" class=\"yoast-schema-graph\">{\"@context\":\"https:\/\/schema.org\",\"@graph\":[{\"@type\":\"WebPage\",\"@id\":\"https:\/\/longchangchemical.com\/product\/lcsorb-uv-p-cas-2440-22-4\/\",\"url\":\"https:\/\/longchangchemical.com\/product\/lcsorb-uv-p-cas-2440-22-4\/\",\"name\":\"China CHLUMIUV\u00ae UV-P \/ Tinuvin P CAS 2440-22-4 Manufacturer - Longchang Chemical\",\"isPartOf\":{\"@id\":\"https:\/\/longchangchemical.com\/#website\"},\"primaryImageOfPage\":{\"@id\":\"https:\/\/longchangchemical.com\/product\/lcsorb-uv-p-cas-2440-22-4\/#primaryimage\"},\"image\":{\"@id\":\"https:\/\/longchangchemical.com\/product\/lcsorb-uv-p-cas-2440-22-4\/#primaryimage\"},\"thumbnailUrl\":\"https:\/\/longchangchemical.com\/wp-content\/uploads\/2023\/04\/2440-22-4.jpg\",\"datePublished\":\"2023-04-18T13:05:55+00:00\",\"dateModified\":\"2026-01-09T09:19:45+00:00\",\"description\":\"CHLUMIUV\u00ae UV-P \/ Tinuvin P CAS 2440-22-4 is a key product of Longchang Chemical. We provide the best price. We are the leading manufacturer in China with the best quality and competitive price.\",\"breadcrumb\":{\"@id\":\"https:\/\/longchangchemical.com\/product\/lcsorb-uv-p-cas-2440-22-4\/#breadcrumb\"},\"inLanguage\":\"pt-BR\",\"potentialAction\":[{\"@type\":\"ReadAction\",\"target\":[\"https:\/\/longchangchemical.com\/product\/lcsorb-uv-p-cas-2440-22-4\/\"]}]},{\"@type\":\"ImageObject\",\"inLanguage\":\"pt-BR\",\"@id\":\"https:\/\/longchangchemical.com\/product\/lcsorb-uv-p-cas-2440-22-4\/#primaryimage\",\"url\":\"https:\/\/longchangchemical.com\/wp-content\/uploads\/2023\/04\/2440-22-4.jpg\",\"contentUrl\":\"https:\/\/longchangchemical.com\/wp-content\/uploads\/2023\/04\/2440-22-4.jpg\",\"width\":600,\"height\":600},{\"@type\":\"BreadcrumbList\",\"@id\":\"https:\/\/longchangchemical.com\/product\/lcsorb-uv-p-cas-2440-22-4\/#breadcrumb\",\"itemListElement\":[{\"@type\":\"ListItem\",\"position\":1,\"name\":\"Home\",\"item\":\"https:\/\/longchangchemical.com\/\"},{\"@type\":\"ListItem\",\"position\":2,\"name\":\"Products Longchang\",\"item\":\"https:\/\/longchangchemical.com\/product\/\"},{\"@type\":\"ListItem\",\"position\":3,\"name\":\"CHLUMIUV\u00ae UV-P \/ Tinuvin P CAS 2440-22-4\"}]},{\"@type\":\"WebSite\",\"@id\":\"https:\/\/longchangchemical.com\/#website\",\"url\":\"https:\/\/longchangchemical.com\/\",\"name\":\"Longchang Chemical\",\"description\":\"China chemical manufacturer \uff06 supplier\",\"publisher\":{\"@id\":\"https:\/\/longchangchemical.com\/#organization\"},\"potentialAction\":[{\"@type\":\"SearchAction\",\"target\":{\"@type\":\"EntryPoint\",\"urlTemplate\":\"https:\/\/longchangchemical.com\/?s={search_term_string}\"},\"query-input\":{\"@type\":\"PropertyValueSpecification\",\"valueRequired\":true,\"valueName\":\"search_term_string\"}}],\"inLanguage\":\"pt-BR\"},{\"@type\":\"Organization\",\"@id\":\"https:\/\/longchangchemical.com\/#organization\",\"name\":\"Longchang Chemical\",\"url\":\"https:\/\/longchangchemical.com\/\",\"logo\":{\"@type\":\"ImageObject\",\"inLanguage\":\"pt-BR\",\"@id\":\"https:\/\/longchangchemical.com\/#\/schema\/logo\/image\/\",\"url\":\"https:\/\/longchangchemical.com\/wp-content\/uploads\/2020\/08\/cropped-longchang-logo.png\",\"contentUrl\":\"https:\/\/longchangchemical.com\/wp-content\/uploads\/2020\/08\/cropped-longchang-logo.png\",\"width\":512,\"height\":512,\"caption\":\"Longchang Chemical\"},\"image\":{\"@id\":\"https:\/\/longchangchemical.com\/#\/schema\/logo\/image\/\"}}]}<\/script>\n<!-- \/ Yoast SEO plugin. -->","yoast_head_json":{"title":"China CHLUMIUV\u00ae UV-P \/ Tinuvin P CAS 2440-22-4 Fabricante - Longchang Chemical","description":"CHLUMIUV\u00ae UV-P \/ Tinuvin P CAS 2440-22-4 \u00e9 um produto-chave da Longchang Chemical. Oferecemos o melhor pre\u00e7o. Somos o fabricante l\u00edder na China, com a melhor qualidade e pre\u00e7o competitivo.","robots":{"index":"index","follow":"follow","max-snippet":"max-snippet:-1","max-image-preview":"max-image-preview:large","max-video-preview":"max-video-preview:-1"},"canonical":"https:\/\/longchangchemical.com\/pt\/product\/lcsorb-uv-p-cas-2440-22-4\/","og_locale":"pt_BR","og_type":"article","og_title":"China CHLUMIUV\u00ae UV-P \/ Tinuvin P CAS 2440-22-4 Manufacturer - Longchang Chemical","og_description":"CHLUMIUV\u00ae UV-P \/ Tinuvin P CAS 2440-22-4 is a key product of Longchang Chemical. We provide the best price. We are the leading manufacturer in China with the best quality and competitive price.","og_url":"https:\/\/longchangchemical.com\/pt\/product\/lcsorb-uv-p-cas-2440-22-4\/","og_site_name":"Longchang Chemical","article_modified_time":"2026-01-09T09:19:45+00:00","og_image":[{"width":600,"height":600,"url":"https:\/\/longchangchemical.com\/wp-content\/uploads\/2023\/04\/2440-22-4.jpg","type":"image\/jpeg"}],"twitter_card":"summary_large_image","schema":{"@context":"https:\/\/schema.org","@graph":[{"@type":"WebPage","@id":"https:\/\/longchangchemical.com\/product\/lcsorb-uv-p-cas-2440-22-4\/","url":"https:\/\/longchangchemical.com\/product\/lcsorb-uv-p-cas-2440-22-4\/","name":"China CHLUMIUV\u00ae UV-P \/ Tinuvin P CAS 2440-22-4 Fabricante - Longchang Chemical","isPartOf":{"@id":"https:\/\/longchangchemical.com\/#website"},"primaryImageOfPage":{"@id":"https:\/\/longchangchemical.com\/product\/lcsorb-uv-p-cas-2440-22-4\/#primaryimage"},"image":{"@id":"https:\/\/longchangchemical.com\/product\/lcsorb-uv-p-cas-2440-22-4\/#primaryimage"},"thumbnailUrl":"https:\/\/longchangchemical.com\/wp-content\/uploads\/2023\/04\/2440-22-4.jpg","datePublished":"2023-04-18T13:05:55+00:00","dateModified":"2026-01-09T09:19:45+00:00","description":"CHLUMIUV\u00ae UV-P \/ Tinuvin P CAS 2440-22-4 \u00e9 um produto-chave da Longchang Chemical. Oferecemos o melhor pre\u00e7o. Somos o fabricante l\u00edder na China, com a melhor qualidade e pre\u00e7o competitivo.","breadcrumb":{"@id":"https:\/\/longchangchemical.com\/product\/lcsorb-uv-p-cas-2440-22-4\/#breadcrumb"},"inLanguage":"pt-BR","potentialAction":[{"@type":"ReadAction","target":["https:\/\/longchangchemical.com\/product\/lcsorb-uv-p-cas-2440-22-4\/"]}]},{"@type":"ImageObject","inLanguage":"pt-BR","@id":"https:\/\/longchangchemical.com\/product\/lcsorb-uv-p-cas-2440-22-4\/#primaryimage","url":"https:\/\/longchangchemical.com\/wp-content\/uploads\/2023\/04\/2440-22-4.jpg","contentUrl":"https:\/\/longchangchemical.com\/wp-content\/uploads\/2023\/04\/2440-22-4.jpg","width":600,"height":600},{"@type":"BreadcrumbList","@id":"https:\/\/longchangchemical.com\/product\/lcsorb-uv-p-cas-2440-22-4\/#breadcrumb","itemListElement":[{"@type":"ListItem","position":1,"name":"Home","item":"https:\/\/longchangchemical.com\/"},{"@type":"ListItem","position":2,"name":"Products Longchang","item":"https:\/\/longchangchemical.com\/product\/"},{"@type":"ListItem","position":3,"name":"CHLUMIUV\u00ae UV-P \/ Tinuvin P CAS 2440-22-4"}]},{"@type":"WebSite","@id":"https:\/\/longchangchemical.com\/#website","url":"https:\/\/longchangchemical.com\/","name":"Qu\u00edmica Longchang","description":"Fabricante de produtos qu\u00edmicos na China \uff06 fornecedor","publisher":{"@id":"https:\/\/longchangchemical.com\/#organization"},"potentialAction":[{"@type":"SearchAction","target":{"@type":"EntryPoint","urlTemplate":"https:\/\/longchangchemical.com\/?s={search_term_string}"},"query-input":{"@type":"PropertyValueSpecification","valueRequired":true,"valueName":"search_term_string"}}],"inLanguage":"pt-BR"},{"@type":"Organization","@id":"https:\/\/longchangchemical.com\/#organization","name":"Qu\u00edmica Longchang","url":"https:\/\/longchangchemical.com\/","logo":{"@type":"ImageObject","inLanguage":"pt-BR","@id":"https:\/\/longchangchemical.com\/#\/schema\/logo\/image\/","url":"https:\/\/longchangchemical.com\/wp-content\/uploads\/2020\/08\/cropped-longchang-logo.png","contentUrl":"https:\/\/longchangchemical.com\/wp-content\/uploads\/2020\/08\/cropped-longchang-logo.png","width":512,"height":512,"caption":"Longchang Chemical"},"image":{"@id":"https:\/\/longchangchemical.com\/#\/schema\/logo\/image\/"}}]}},"_links":{"self":[{"href":"https:\/\/longchangchemical.com\/pt\/wp-json\/wp\/v2\/product\/6038","targetHints":{"allow":["GET"]}}],"collection":[{"href":"https:\/\/longchangchemical.com\/pt\/wp-json\/wp\/v2\/product"}],"about":[{"href":"https:\/\/longchangchemical.com\/pt\/wp-json\/wp\/v2\/types\/product"}],"replies":[{"embeddable":true,"href":"https:\/\/longchangchemical.com\/pt\/wp-json\/wp\/v2\/comments?post=6038"}],"wp:featuredmedia":[{"embeddable":true,"href":"https:\/\/longchangchemical.com\/pt\/wp-json\/wp\/v2\/media\/7957"}],"wp:attachment":[{"href":"https:\/\/longchangchemical.com\/pt\/wp-json\/wp\/v2\/media?parent=6038"}],"wp:term":[{"taxonomy":"product_brand","embeddable":true,"href":"https:\/\/longchangchemical.com\/pt\/wp-json\/wp\/v2\/product_brand?post=6038"},{"taxonomy":"product_cat","embeddable":true,"href":"https:\/\/longchangchemical.com\/pt\/wp-json\/wp\/v2\/product_cat?post=6038"},{"taxonomy":"product_tag","embeddable":true,"href":"https:\/\/longchangchemical.com\/pt\/wp-json\/wp\/v2\/product_tag?post=6038"}],"curies":[{"name":"wp","href":"https:\/\/api.w.org\/{rel}","templated":true}]}}