{"id":6037,"date":"2024-01-10T07:32:27","date_gmt":"2024-01-10T07:32:27","guid":{"rendered":"https:\/\/longchangchemical.com\/?post_type=product&#038;p=6037"},"modified":"2025-12-16T07:37:50","modified_gmt":"2025-12-16T07:37:50","slug":"melamine-cyanurate-cas-37640-57-6","status":"publish","type":"product","link":"https:\/\/longchangchemical.com\/pt\/product\/melamine-cyanurate-cas-37640-57-6\/","title":{"rendered":"Cianurato de melamina CAS 37640-57-6"},"content":{"rendered":"<h2><strong>Cianurato de melamina CAS 37640-57-6<\/strong><\/h2>\n<table class=\"table-1\" cellspacing=\"0\">\n<tbody>\n<tr>\n<td>Item<\/td>\n<td>Padr\u00e3o<\/td>\n<\/tr>\n<tr>\n<td>Ensaio %<\/td>\n<td>\u226599.5<\/td>\n<\/tr>\n<tr>\n<td>Brancura<\/td>\n<td>\u226596<\/td>\n<\/tr>\n<tr>\n<td>\u00c1cido cian\u00farico residual %<\/td>\n<td>\u22640.2<\/td>\n<\/tr>\n<tr>\n<td>Tamanho m\u00e9dio das part\u00edculas \u03bcm<\/td>\n<td>\u22644<\/td>\n<\/tr>\n<tr>\n<td>VALOR DO PH<\/td>\n<td>5-7<\/td>\n<\/tr>\n<tr>\n<td>Vol\u00e1til % \u2264<\/td>\n<td>0.2<\/td>\n<\/tr>\n<\/tbody>\n<\/table>\n<h2><strong>Cianurato de melaminaUso<\/strong><\/h2>\n<p>Como retardante de chamas sem halog\u00eanio para n\u00e1ilon, ele tem um custo de aplica\u00e7\u00e3o extremamente baixo, propriedades el\u00e9tricas superiores, propriedades mec\u00e2nicas e propriedades de colora\u00e7\u00e3o.<\/p>\n<ol>\n<li><strong>Aditivo retardador de chamas:<\/strong> O cianurato de melamina, com o n\u00famero CAS 37640-57-6, \u00e9 comumente usado como aditivo retardador de chamas. Ele \u00e9 empregado em v\u00e1rios materiais, inclusive pl\u00e1sticos e pol\u00edmeros, para melhorar suas propriedades de resist\u00eancia ao fogo.<\/li>\n<li><strong>Ind\u00fastria de pol\u00edmeros:<\/strong> Esse composto \u00e9 utilizado na ind\u00fastria de pol\u00edmeros. O cianurato de melamina pode ser incorporado \u00e0 produ\u00e7\u00e3o de pol\u00edmeros para melhorar seu retardamento de chama, tornando-os adequados para aplica\u00e7\u00f5es em constru\u00e7\u00e3o e eletr\u00f4nica.<\/li>\n<li><strong>T\u00eaxtil e estofamento:<\/strong> O cianurato de melamina pode ser empregado no setor t\u00eaxtil e de estofamento. Ele \u00e9 usado no tratamento de tecidos para melhorar suas caracter\u00edsticas retardantes de chamas, especialmente em produtos como cortinas e estofados.<\/li>\n<li><strong>Revestimentos e tintas:<\/strong> No setor de revestimentos e tintas, o cianurato de melamina \u00e9 usado como retardante de chamas. Ele pode ser adicionado a revestimentos e tintas para proporcionar resist\u00eancia ao fogo em superf\u00edcies e substratos.<\/li>\n<\/ol>\n<h2><strong>Cianurato de melaminaEmbalagem e remessa<\/strong><\/h2>\n<p>Embalagem: 25 kg\/saco ou conforme a necessidade do cliente<\/p>\n<h2><strong>Cianurato de melaminaArmazenamento<\/strong><\/h2>\n<p>Armazenado em uma temperatura de 2 a 8\u00b0C.<\/p>\n<h2><strong>Entre em contato conosco agora!<\/strong><\/h2>\n<p><strong>Se precisar de COA, MSDS ou TDS, preencha suas informa\u00e7\u00f5es de contato no formul\u00e1rio abaixo. Normalmente, entraremos em contato em 24 horas. Voc\u00ea tamb\u00e9m pode me enviar um e-mail <span style=\"color: #00ccff;\"><a style=\"color: #00ccff;\" href=\"mailto:info@longchangchemical.com\">info@longchangchemical.com<\/a> <\/span>durante o hor\u00e1rio comercial (das 8h30 \u00e0s 18h UTC+8 de segunda a s\u00e1bado) ou use o bate-papo ao vivo do site para obter uma resposta imediata.<\/strong><\/p>","protected":false},"excerpt":{"rendered":"<p>Nome qu\u00edmico: Cianurato de melamina<\/p>\n<p>N\u00famero CAS: 37640-57-6<\/p>\n<p>F\u00f3rmula molecular: C6H9N9O3<\/p>\n<p>Peso molecular: 255,19<\/p>\n<p>Estrutura molecular:<img decoding=\"async\" title=\"Estrutura do cianurato de melamina\" src=\"https:\/\/www.longchangchemical.com\/wp-content\/uploads\/product-details\/20200610231237.png\" alt=\"Estrutura do cianurato de melamina\" width=\"187\" height=\"85\" border=\"0\" vspace=\"0\" \/><\/p>\n<p>Apar\u00eancia: p\u00f3 branco<\/p>","protected":false},"featured_media":6385,"comment_status":"open","ping_status":"closed","template":"","meta":[],"product_brand":[],"product_cat":[153],"product_tag":[],"class_list":{"0":"post-6037","1":"product","2":"type-product","3":"status-publish","4":"has-post-thumbnail","6":"product_cat-Lcflare-flame-retardant","8":"first","9":"instock","10":"shipping-taxable","11":"product-type-simple"},"yoast_head":"<!-- This site is optimized with the Yoast SEO plugin v25.3.1 - https:\/\/yoast.com\/wordpress\/plugins\/seo\/ -->\n<title>China Melamine cyanurate CAS 37640-57-6 Manufacturer-Longchang Chemical<\/title>\n<meta name=\"description\" content=\"Melamine cyanurate CAS 37640-57-6 is key product of Longchang Chemical. We provide best price. We are the leading manufacturer and supplier in China with the best quanlity and competitive price.\" \/>\n<meta name=\"robots\" content=\"index, follow, max-snippet:-1, max-image-preview:large, max-video-preview:-1\" \/>\n<link rel=\"canonical\" href=\"https:\/\/longchangchemical.com\/pt\/product\/melamine-cyanurate-cas-37640-57-6\/\" \/>\n<meta property=\"og:locale\" content=\"pt_BR\" \/>\n<meta property=\"og:type\" content=\"article\" \/>\n<meta property=\"og:title\" content=\"China Melamine cyanurate CAS 37640-57-6 Manufacturer-Longchang Chemical\" \/>\n<meta property=\"og:description\" content=\"Melamine cyanurate CAS 37640-57-6 is key product of Longchang Chemical. We provide best price. We are the leading manufacturer and supplier in China with the best quanlity and competitive price.\" \/>\n<meta property=\"og:url\" content=\"https:\/\/longchangchemical.com\/pt\/product\/melamine-cyanurate-cas-37640-57-6\/\" \/>\n<meta property=\"og:site_name\" content=\"Longchang Chemical\" \/>\n<meta property=\"article:modified_time\" content=\"2025-12-16T07:37:50+00:00\" \/>\n<meta property=\"og:image\" content=\"https:\/\/longchangchemical.com\/wp-content\/uploads\/2023\/04\/6.jpg\" \/>\n\t<meta property=\"og:image:width\" content=\"800\" \/>\n\t<meta property=\"og:image:height\" content=\"800\" \/>\n\t<meta property=\"og:image:type\" content=\"image\/jpeg\" \/>\n<meta name=\"twitter:card\" content=\"summary_large_image\" \/>\n<script type=\"application\/ld+json\" class=\"yoast-schema-graph\">{\"@context\":\"https:\/\/schema.org\",\"@graph\":[{\"@type\":\"WebPage\",\"@id\":\"https:\/\/longchangchemical.com\/product\/melamine-cyanurate-cas-37640-57-6\/\",\"url\":\"https:\/\/longchangchemical.com\/product\/melamine-cyanurate-cas-37640-57-6\/\",\"name\":\"China Melamine cyanurate CAS 37640-57-6 Manufacturer-Longchang Chemical\",\"isPartOf\":{\"@id\":\"https:\/\/longchangchemical.com\/#website\"},\"primaryImageOfPage\":{\"@id\":\"https:\/\/longchangchemical.com\/product\/melamine-cyanurate-cas-37640-57-6\/#primaryimage\"},\"image\":{\"@id\":\"https:\/\/longchangchemical.com\/product\/melamine-cyanurate-cas-37640-57-6\/#primaryimage\"},\"thumbnailUrl\":\"https:\/\/longchangchemical.com\/wp-content\/uploads\/2023\/04\/6.jpg\",\"datePublished\":\"2024-01-10T07:32:27+00:00\",\"dateModified\":\"2025-12-16T07:37:50+00:00\",\"description\":\"Melamine cyanurate CAS 37640-57-6 is key product of Longchang Chemical. We provide best price. We are the leading manufacturer and supplier in China with the best quanlity and competitive price.\",\"breadcrumb\":{\"@id\":\"https:\/\/longchangchemical.com\/product\/melamine-cyanurate-cas-37640-57-6\/#breadcrumb\"},\"inLanguage\":\"pt-BR\",\"potentialAction\":[{\"@type\":\"ReadAction\",\"target\":[\"https:\/\/longchangchemical.com\/product\/melamine-cyanurate-cas-37640-57-6\/\"]}]},{\"@type\":\"ImageObject\",\"inLanguage\":\"pt-BR\",\"@id\":\"https:\/\/longchangchemical.com\/product\/melamine-cyanurate-cas-37640-57-6\/#primaryimage\",\"url\":\"https:\/\/longchangchemical.com\/wp-content\/uploads\/2023\/04\/6.jpg\",\"contentUrl\":\"https:\/\/longchangchemical.com\/wp-content\/uploads\/2023\/04\/6.jpg\",\"width\":800,\"height\":800,\"caption\":\"Melamine cyanurate CAS 37640-57-6\"},{\"@type\":\"BreadcrumbList\",\"@id\":\"https:\/\/longchangchemical.com\/product\/melamine-cyanurate-cas-37640-57-6\/#breadcrumb\",\"itemListElement\":[{\"@type\":\"ListItem\",\"position\":1,\"name\":\"Home\",\"item\":\"https:\/\/longchangchemical.com\/\"},{\"@type\":\"ListItem\",\"position\":2,\"name\":\"Products Longchang\",\"item\":\"https:\/\/longchangchemical.com\/product\/\"},{\"@type\":\"ListItem\",\"position\":3,\"name\":\"Melamine cyanurate CAS 37640-57-6\"}]},{\"@type\":\"WebSite\",\"@id\":\"https:\/\/longchangchemical.com\/#website\",\"url\":\"https:\/\/longchangchemical.com\/\",\"name\":\"Longchang Chemical\",\"description\":\"China chemical manufacturer \uff06 supplier\",\"publisher\":{\"@id\":\"https:\/\/longchangchemical.com\/#organization\"},\"potentialAction\":[{\"@type\":\"SearchAction\",\"target\":{\"@type\":\"EntryPoint\",\"urlTemplate\":\"https:\/\/longchangchemical.com\/?s={search_term_string}\"},\"query-input\":{\"@type\":\"PropertyValueSpecification\",\"valueRequired\":true,\"valueName\":\"search_term_string\"}}],\"inLanguage\":\"pt-BR\"},{\"@type\":\"Organization\",\"@id\":\"https:\/\/longchangchemical.com\/#organization\",\"name\":\"Longchang Chemical\",\"url\":\"https:\/\/longchangchemical.com\/\",\"logo\":{\"@type\":\"ImageObject\",\"inLanguage\":\"pt-BR\",\"@id\":\"https:\/\/longchangchemical.com\/#\/schema\/logo\/image\/\",\"url\":\"https:\/\/longchangchemical.com\/wp-content\/uploads\/2020\/08\/cropped-longchang-logo.png\",\"contentUrl\":\"https:\/\/longchangchemical.com\/wp-content\/uploads\/2020\/08\/cropped-longchang-logo.png\",\"width\":512,\"height\":512,\"caption\":\"Longchang Chemical\"},\"image\":{\"@id\":\"https:\/\/longchangchemical.com\/#\/schema\/logo\/image\/\"}}]}<\/script>\n<!-- \/ Yoast SEO plugin. -->","yoast_head_json":{"title":"China Cianurato de melamina CAS 37640-57-6 Fabricante-Longchang Chemical","description":"O cianurato de melamina CAS 37640-57-6 \u00e9 o principal produto da Longchang Chemical. Oferecemos o melhor pre\u00e7o. Somos o principal fabricante e fornecedor da China, com a melhor qualidade e pre\u00e7o competitivo.","robots":{"index":"index","follow":"follow","max-snippet":"max-snippet:-1","max-image-preview":"max-image-preview:large","max-video-preview":"max-video-preview:-1"},"canonical":"https:\/\/longchangchemical.com\/pt\/product\/melamine-cyanurate-cas-37640-57-6\/","og_locale":"pt_BR","og_type":"article","og_title":"China Melamine cyanurate CAS 37640-57-6 Manufacturer-Longchang Chemical","og_description":"Melamine cyanurate CAS 37640-57-6 is key product of Longchang Chemical. We provide best price. We are the leading manufacturer and supplier in China with the best quanlity and competitive price.","og_url":"https:\/\/longchangchemical.com\/pt\/product\/melamine-cyanurate-cas-37640-57-6\/","og_site_name":"Longchang Chemical","article_modified_time":"2025-12-16T07:37:50+00:00","og_image":[{"width":800,"height":800,"url":"https:\/\/longchangchemical.com\/wp-content\/uploads\/2023\/04\/6.jpg","type":"image\/jpeg"}],"twitter_card":"summary_large_image","schema":{"@context":"https:\/\/schema.org","@graph":[{"@type":"WebPage","@id":"https:\/\/longchangchemical.com\/product\/melamine-cyanurate-cas-37640-57-6\/","url":"https:\/\/longchangchemical.com\/product\/melamine-cyanurate-cas-37640-57-6\/","name":"China Cianurato de melamina CAS 37640-57-6 Fabricante-Longchang Chemical","isPartOf":{"@id":"https:\/\/longchangchemical.com\/#website"},"primaryImageOfPage":{"@id":"https:\/\/longchangchemical.com\/product\/melamine-cyanurate-cas-37640-57-6\/#primaryimage"},"image":{"@id":"https:\/\/longchangchemical.com\/product\/melamine-cyanurate-cas-37640-57-6\/#primaryimage"},"thumbnailUrl":"https:\/\/longchangchemical.com\/wp-content\/uploads\/2023\/04\/6.jpg","datePublished":"2024-01-10T07:32:27+00:00","dateModified":"2025-12-16T07:37:50+00:00","description":"O cianurato de melamina CAS 37640-57-6 \u00e9 o principal produto da Longchang Chemical. Oferecemos o melhor pre\u00e7o. Somos o principal fabricante e fornecedor da China, com a melhor qualidade e pre\u00e7o competitivo.","breadcrumb":{"@id":"https:\/\/longchangchemical.com\/product\/melamine-cyanurate-cas-37640-57-6\/#breadcrumb"},"inLanguage":"pt-BR","potentialAction":[{"@type":"ReadAction","target":["https:\/\/longchangchemical.com\/product\/melamine-cyanurate-cas-37640-57-6\/"]}]},{"@type":"ImageObject","inLanguage":"pt-BR","@id":"https:\/\/longchangchemical.com\/product\/melamine-cyanurate-cas-37640-57-6\/#primaryimage","url":"https:\/\/longchangchemical.com\/wp-content\/uploads\/2023\/04\/6.jpg","contentUrl":"https:\/\/longchangchemical.com\/wp-content\/uploads\/2023\/04\/6.jpg","width":800,"height":800,"caption":"Melamine cyanurate CAS 37640-57-6"},{"@type":"BreadcrumbList","@id":"https:\/\/longchangchemical.com\/product\/melamine-cyanurate-cas-37640-57-6\/#breadcrumb","itemListElement":[{"@type":"ListItem","position":1,"name":"Home","item":"https:\/\/longchangchemical.com\/"},{"@type":"ListItem","position":2,"name":"Products Longchang","item":"https:\/\/longchangchemical.com\/product\/"},{"@type":"ListItem","position":3,"name":"Melamine cyanurate CAS 37640-57-6"}]},{"@type":"WebSite","@id":"https:\/\/longchangchemical.com\/#website","url":"https:\/\/longchangchemical.com\/","name":"Qu\u00edmica Longchang","description":"Fabricante de produtos qu\u00edmicos na China \uff06 fornecedor","publisher":{"@id":"https:\/\/longchangchemical.com\/#organization"},"potentialAction":[{"@type":"SearchAction","target":{"@type":"EntryPoint","urlTemplate":"https:\/\/longchangchemical.com\/?s={search_term_string}"},"query-input":{"@type":"PropertyValueSpecification","valueRequired":true,"valueName":"search_term_string"}}],"inLanguage":"pt-BR"},{"@type":"Organization","@id":"https:\/\/longchangchemical.com\/#organization","name":"Qu\u00edmica Longchang","url":"https:\/\/longchangchemical.com\/","logo":{"@type":"ImageObject","inLanguage":"pt-BR","@id":"https:\/\/longchangchemical.com\/#\/schema\/logo\/image\/","url":"https:\/\/longchangchemical.com\/wp-content\/uploads\/2020\/08\/cropped-longchang-logo.png","contentUrl":"https:\/\/longchangchemical.com\/wp-content\/uploads\/2020\/08\/cropped-longchang-logo.png","width":512,"height":512,"caption":"Longchang Chemical"},"image":{"@id":"https:\/\/longchangchemical.com\/#\/schema\/logo\/image\/"}}]}},"_links":{"self":[{"href":"https:\/\/longchangchemical.com\/pt\/wp-json\/wp\/v2\/product\/6037","targetHints":{"allow":["GET"]}}],"collection":[{"href":"https:\/\/longchangchemical.com\/pt\/wp-json\/wp\/v2\/product"}],"about":[{"href":"https:\/\/longchangchemical.com\/pt\/wp-json\/wp\/v2\/types\/product"}],"replies":[{"embeddable":true,"href":"https:\/\/longchangchemical.com\/pt\/wp-json\/wp\/v2\/comments?post=6037"}],"wp:featuredmedia":[{"embeddable":true,"href":"https:\/\/longchangchemical.com\/pt\/wp-json\/wp\/v2\/media\/6385"}],"wp:attachment":[{"href":"https:\/\/longchangchemical.com\/pt\/wp-json\/wp\/v2\/media?parent=6037"}],"wp:term":[{"taxonomy":"product_brand","embeddable":true,"href":"https:\/\/longchangchemical.com\/pt\/wp-json\/wp\/v2\/product_brand?post=6037"},{"taxonomy":"product_cat","embeddable":true,"href":"https:\/\/longchangchemical.com\/pt\/wp-json\/wp\/v2\/product_cat?post=6037"},{"taxonomy":"product_tag","embeddable":true,"href":"https:\/\/longchangchemical.com\/pt\/wp-json\/wp\/v2\/product_tag?post=6037"}],"curies":[{"name":"wp","href":"https:\/\/api.w.org\/{rel}","templated":true}]}}