{"id":6023,"date":"2023-04-06T13:57:46","date_gmt":"2023-04-06T13:57:46","guid":{"rendered":"https:\/\/longchangchemical.com\/?post_type=product&#038;p=6023"},"modified":"2026-05-08T08:26:18","modified_gmt":"2026-05-08T08:26:18","slug":"agesin-dp-d2609r","status":"publish","type":"product","link":"https:\/\/longchangchemical.com\/pt\/product\/agesin-dp-d2609r\/","title":{"rendered":"CHLUMICRYL\u00ae DP-D2609R \/ Dispersante"},"content":{"rendered":"<h2>DP-D2609R \/ Dispersante<\/h2>\n<table style=\"border-collapse: collapse; width: 191.28pt;\" border=\"0\" width=\"255\" cellspacing=\"0\" cellpadding=\"0\">\n<tbody>\n<tr style=\"height: 24.75pt;\">\n<td class=\"et2\" style=\"height: 24.75pt; width: 54.00pt;\" width=\"72\" height=\"33\">Composi\u00e7\u00e3o<\/td>\n<td class=\"et2\" style=\"width: 137.25pt;\" width=\"183\">Solu\u00e7\u00e3o de pol\u00edmero contendo grupos de ancoragem de pigmento<\/td>\n<\/tr>\n<tr style=\"height: 14.25pt;\">\n<td class=\"et2\" style=\"height: 14.25pt; width: 54.00pt;\" width=\"72\" height=\"19\">Apar\u00eancia<\/td>\n<td class=\"et2\" style=\"width: 137.25pt;\" width=\"183\">L\u00edquido transparente levemente amarelado<\/td>\n<\/tr>\n<tr style=\"height: 24.75pt;\">\n<td class=\"et2\" style=\"height: 24.75pt; width: 54.00pt;\" width=\"72\" height=\"33\">Solvente Sinosolv<\/td>\n<td class=\"et2\" style=\"width: 137.25pt;\" width=\"183\">Acetato de \u00e9ter met\u00edlico de dipropilenoglicol<\/td>\n<\/tr>\n<tr style=\"height: 14.25pt;\">\n<td class=\"et2\" style=\"height: 14.25pt; width: 54.00pt;\" width=\"72\" height=\"19\">Densidade<\/td>\n<td class=\"et2\" style=\"width: 137.25pt;\" width=\"183\">0,99-1,03 g\/ml (25\u00b11)\u00b0C<\/td>\n<\/tr>\n<tr style=\"height: 24.75pt;\">\n<td class=\"et2\" style=\"height: 24.75pt; width: 54.00pt;\" width=\"72\" height=\"33\">Viscosidade<\/td>\n<td class=\"et2\" style=\"width: 137.25pt;\" width=\"183\">100-1000 mPa-s (m\u00e9todo de viscos\u00edmetro rotacional) (25\u00b10,2)\u00b0C<\/td>\n<\/tr>\n<tr style=\"height: 36.75pt;\">\n<td class=\"et2\" style=\"height: 36.75pt; width: 54.00pt;\" width=\"72\" height=\"49\">Conte\u00fado da subst\u00e2ncia ativa<\/td>\n<td class=\"et3\" style=\"width: 137.25pt;\" width=\"183\">50%<\/td>\n<\/tr>\n<tr style=\"height: 14.25pt;\">\n<td class=\"et2\" style=\"height: 14.25pt; width: 54.00pt;\" width=\"72\" height=\"19\">Ponto de fulgor<\/td>\n<td class=\"et2\" style=\"width: 137.25pt;\" width=\"183\">&gt;70\u00b0C<\/td>\n<\/tr>\n<\/tbody>\n<\/table>\n<h2><strong>\u00c1reas de aplica\u00e7\u00e3o<\/strong><\/h2>\n<p>Sistemas de cura UV \u00e0 base de solvente<\/p>\n<h2><strong>Principais caracter\u00edsticas<\/strong><\/h2>\n<p>1\u3001P\u00f3 fosco disperso, p\u00f3 de vidro, talco ultrafino com excelente efeito de redu\u00e7\u00e3o da viscosidade, pode ser usado na produ\u00e7\u00e3o de pasta fosca de alta concentra\u00e7\u00e3o;<br \/>\n2 \u3001 Tem um bom efeito de alinhamento direcional no p\u00f3 fosco e reduz efetivamente o brilho;<br \/>\n3 \u3001 Se usado no sistema 2KPU, o efeito sobre a vida \u00fatil e a velocidade de secagem precisa ser avaliado.<\/p>\n<h2><strong>M\u00e9todo de uso<\/strong><\/h2>\n<p>Misture a resina, o solvente e o dispersante e, em seguida, adicione o enchimento ou o p\u00f3 fosco e disperse em alta velocidade.<\/p>\n<h2><strong>Dosagem recomendada<\/strong><\/h2>\n<p>2-20% para p\u00f3 para fosqueamento na forma de aditivos fornecidos<\/p>\n<h2><strong>Estabilidade de armazenamento<\/strong><\/h2>\n<p>Este produto pode produzir leve turbidez ou tra\u00e7os de cristaliza\u00e7\u00e3o durante o armazenamento prolongado em temperaturas de 2\u00b0C ou menos, que desaparecem com o aquecimento e n\u00e3o afetam a qualidade ou o uso do produto. Ele \u00e9 armazenado na embalagem original fechada por 24 meses. Os produtos que excederam o per\u00edodo de armazenamento podem continuar a ser usados depois de passarem pela inspe\u00e7\u00e3o. Antes que o cont\u00eainer esteja completamente vazio, ele deve ser bem fechado imediatamente ap\u00f3s o uso.<\/p>\n<h2><strong>Embalagem<\/strong><\/h2>\n<p>25KG \/ 180KG<\/p>","protected":false},"excerpt":{"rendered":"<p>DP-D2609R Dispersant Coating Additive is a coating additive for characteristics 1\u3001Disperse matte powder, glass powder, ultra-fine talc with excellent viscosity reduction. Key benefits include 1\u3001Disperse matte powder, glass powder, and ultra-fine talc with excellent viscosity reduction effect.<\/p>","protected":false},"featured_media":0,"comment_status":"closed","ping_status":"closed","template":"","meta":[],"product_brand":[],"product_cat":[138],"product_tag":[],"class_list":{"0":"post-6023","1":"product","2":"type-product","3":"status-publish","5":"product_cat-coating-and-ink-additives","7":"first","8":"instock","9":"shipping-taxable","10":"product-type-simple"},"yoast_head":"<!-- This site is optimized with the Yoast SEO plugin v25.3.1 - https:\/\/yoast.com\/wordpress\/plugins\/seo\/ -->\n<title>DP-D2609R Dispersant Coating Additive | Longchang Chemical<\/title>\n<meta name=\"description\" content=\"DP-D2609R Dispersant Coating Additive is a coating additive for characteristics 1\u3001Disperse matte powder, glass powder, ultra-fine talc with excellent\" \/>\n<meta name=\"robots\" content=\"index, follow, max-snippet:-1, max-image-preview:large, max-video-preview:-1\" \/>\n<link rel=\"canonical\" href=\"https:\/\/longchangchemical.com\/pt\/product\/agesin-dp-d2609r\/\" \/>\n<meta property=\"og:locale\" content=\"pt_BR\" \/>\n<meta property=\"og:type\" content=\"article\" \/>\n<meta property=\"og:title\" content=\"DP-D2609R Dispersant Coating Additive | Longchang Chemical\" \/>\n<meta property=\"og:description\" content=\"DP-D2609R Dispersant Coating Additive is a coating additive for characteristics 1\u3001Disperse matte powder, glass powder, ultra-fine talc with excellent\" \/>\n<meta property=\"og:url\" content=\"https:\/\/longchangchemical.com\/pt\/product\/agesin-dp-d2609r\/\" \/>\n<meta property=\"og:site_name\" content=\"Longchang Chemical\" \/>\n<meta property=\"article:modified_time\" content=\"2026-05-08T08:26:18+00:00\" \/>\n<meta property=\"og:image\" content=\"https:\/\/longchangchemical.com\/wp-content\/uploads\/2024\/02\/logo-jpeg.jpg\" \/>\n\t<meta property=\"og:image:width\" content=\"1000\" \/>\n\t<meta property=\"og:image:height\" content=\"1000\" \/>\n\t<meta property=\"og:image:type\" content=\"image\/jpeg\" \/>\n<meta name=\"twitter:card\" content=\"summary_large_image\" \/>\n<script type=\"application\/ld+json\" class=\"yoast-schema-graph\">{\"@context\":\"https:\/\/schema.org\",\"@graph\":[{\"@type\":\"WebPage\",\"@id\":\"https:\/\/longchangchemical.com\/product\/agesin-dp-d2609r\/\",\"url\":\"https:\/\/longchangchemical.com\/product\/agesin-dp-d2609r\/\",\"name\":\"DP-D2609R Dispersant Coating Additive | Longchang Chemical\",\"isPartOf\":{\"@id\":\"https:\/\/longchangchemical.com\/#website\"},\"datePublished\":\"2023-04-06T13:57:46+00:00\",\"dateModified\":\"2026-05-08T08:26:18+00:00\",\"description\":\"DP-D2609R Dispersant Coating Additive is a coating additive for characteristics 1\u3001Disperse matte powder, glass powder, ultra-fine talc with excellent\",\"breadcrumb\":{\"@id\":\"https:\/\/longchangchemical.com\/product\/agesin-dp-d2609r\/#breadcrumb\"},\"inLanguage\":\"pt-BR\",\"potentialAction\":[{\"@type\":\"ReadAction\",\"target\":[\"https:\/\/longchangchemical.com\/product\/agesin-dp-d2609r\/\"]}]},{\"@type\":\"BreadcrumbList\",\"@id\":\"https:\/\/longchangchemical.com\/product\/agesin-dp-d2609r\/#breadcrumb\",\"itemListElement\":[{\"@type\":\"ListItem\",\"position\":1,\"name\":\"Home\",\"item\":\"https:\/\/longchangchemical.com\/\"},{\"@type\":\"ListItem\",\"position\":2,\"name\":\"Products Longchang\",\"item\":\"https:\/\/longchangchemical.com\/product\/\"},{\"@type\":\"ListItem\",\"position\":3,\"name\":\"CHLUMICRYL\u00ae DP-D2609R \/ Dispersant\"}]},{\"@type\":\"WebSite\",\"@id\":\"https:\/\/longchangchemical.com\/#website\",\"url\":\"https:\/\/longchangchemical.com\/\",\"name\":\"Longchang Chemical\",\"description\":\"China chemical manufacturer \uff06 supplier\",\"publisher\":{\"@id\":\"https:\/\/longchangchemical.com\/#organization\"},\"potentialAction\":[{\"@type\":\"SearchAction\",\"target\":{\"@type\":\"EntryPoint\",\"urlTemplate\":\"https:\/\/longchangchemical.com\/?s={search_term_string}\"},\"query-input\":{\"@type\":\"PropertyValueSpecification\",\"valueRequired\":true,\"valueName\":\"search_term_string\"}}],\"inLanguage\":\"pt-BR\"},{\"@type\":\"Organization\",\"@id\":\"https:\/\/longchangchemical.com\/#organization\",\"name\":\"Longchang Chemical\",\"url\":\"https:\/\/longchangchemical.com\/\",\"logo\":{\"@type\":\"ImageObject\",\"inLanguage\":\"pt-BR\",\"@id\":\"https:\/\/longchangchemical.com\/#\/schema\/logo\/image\/\",\"url\":\"https:\/\/longchangchemical.com\/wp-content\/uploads\/2020\/08\/cropped-longchang-logo.png\",\"contentUrl\":\"https:\/\/longchangchemical.com\/wp-content\/uploads\/2020\/08\/cropped-longchang-logo.png\",\"width\":512,\"height\":512,\"caption\":\"Longchang Chemical\"},\"image\":{\"@id\":\"https:\/\/longchangchemical.com\/#\/schema\/logo\/image\/\"}}]}<\/script>\n<!-- \/ Yoast SEO plugin. -->","yoast_head_json":{"title":"DP-D2609R Dispersant Coating Additive | Longchang Chemical","description":"DP-D2609R Dispersant Coating Additive is a coating additive for characteristics 1\u3001Disperse matte powder, glass powder, ultra-fine talc with excellent","robots":{"index":"index","follow":"follow","max-snippet":"max-snippet:-1","max-image-preview":"max-image-preview:large","max-video-preview":"max-video-preview:-1"},"canonical":"https:\/\/longchangchemical.com\/pt\/product\/agesin-dp-d2609r\/","og_locale":"pt_BR","og_type":"article","og_title":"DP-D2609R Dispersant Coating Additive | Longchang Chemical","og_description":"DP-D2609R Dispersant Coating Additive is a coating additive for characteristics 1\u3001Disperse matte powder, glass powder, ultra-fine talc with excellent","og_url":"https:\/\/longchangchemical.com\/pt\/product\/agesin-dp-d2609r\/","og_site_name":"Longchang Chemical","article_modified_time":"2026-05-08T08:26:18+00:00","og_image":[{"width":1000,"height":1000,"url":"https:\/\/longchangchemical.com\/wp-content\/uploads\/2024\/02\/logo-jpeg.jpg","type":"image\/jpeg"}],"twitter_card":"summary_large_image","schema":{"@context":"https:\/\/schema.org","@graph":[{"@type":"WebPage","@id":"https:\/\/longchangchemical.com\/product\/agesin-dp-d2609r\/","url":"https:\/\/longchangchemical.com\/product\/agesin-dp-d2609r\/","name":"DP-D2609R Dispersant Coating Additive | Longchang Chemical","isPartOf":{"@id":"https:\/\/longchangchemical.com\/#website"},"datePublished":"2023-04-06T13:57:46+00:00","dateModified":"2026-05-08T08:26:18+00:00","description":"DP-D2609R Dispersant Coating Additive is a coating additive for characteristics 1\u3001Disperse matte powder, glass powder, ultra-fine talc with excellent","breadcrumb":{"@id":"https:\/\/longchangchemical.com\/product\/agesin-dp-d2609r\/#breadcrumb"},"inLanguage":"pt-BR","potentialAction":[{"@type":"ReadAction","target":["https:\/\/longchangchemical.com\/product\/agesin-dp-d2609r\/"]}]},{"@type":"BreadcrumbList","@id":"https:\/\/longchangchemical.com\/product\/agesin-dp-d2609r\/#breadcrumb","itemListElement":[{"@type":"ListItem","position":1,"name":"Home","item":"https:\/\/longchangchemical.com\/"},{"@type":"ListItem","position":2,"name":"Products Longchang","item":"https:\/\/longchangchemical.com\/product\/"},{"@type":"ListItem","position":3,"name":"CHLUMICRYL\u00ae DP-D2609R \/ Dispersant"}]},{"@type":"WebSite","@id":"https:\/\/longchangchemical.com\/#website","url":"https:\/\/longchangchemical.com\/","name":"Qu\u00edmica Longchang","description":"Fabricante de produtos qu\u00edmicos na China \uff06 fornecedor","publisher":{"@id":"https:\/\/longchangchemical.com\/#organization"},"potentialAction":[{"@type":"SearchAction","target":{"@type":"EntryPoint","urlTemplate":"https:\/\/longchangchemical.com\/?s={search_term_string}"},"query-input":{"@type":"PropertyValueSpecification","valueRequired":true,"valueName":"search_term_string"}}],"inLanguage":"pt-BR"},{"@type":"Organization","@id":"https:\/\/longchangchemical.com\/#organization","name":"Qu\u00edmica Longchang","url":"https:\/\/longchangchemical.com\/","logo":{"@type":"ImageObject","inLanguage":"pt-BR","@id":"https:\/\/longchangchemical.com\/#\/schema\/logo\/image\/","url":"https:\/\/longchangchemical.com\/wp-content\/uploads\/2020\/08\/cropped-longchang-logo.png","contentUrl":"https:\/\/longchangchemical.com\/wp-content\/uploads\/2020\/08\/cropped-longchang-logo.png","width":512,"height":512,"caption":"Longchang Chemical"},"image":{"@id":"https:\/\/longchangchemical.com\/#\/schema\/logo\/image\/"}}]}},"_links":{"self":[{"href":"https:\/\/longchangchemical.com\/pt\/wp-json\/wp\/v2\/product\/6023","targetHints":{"allow":["GET"]}}],"collection":[{"href":"https:\/\/longchangchemical.com\/pt\/wp-json\/wp\/v2\/product"}],"about":[{"href":"https:\/\/longchangchemical.com\/pt\/wp-json\/wp\/v2\/types\/product"}],"replies":[{"embeddable":true,"href":"https:\/\/longchangchemical.com\/pt\/wp-json\/wp\/v2\/comments?post=6023"}],"wp:attachment":[{"href":"https:\/\/longchangchemical.com\/pt\/wp-json\/wp\/v2\/media?parent=6023"}],"wp:term":[{"taxonomy":"product_brand","embeddable":true,"href":"https:\/\/longchangchemical.com\/pt\/wp-json\/wp\/v2\/product_brand?post=6023"},{"taxonomy":"product_cat","embeddable":true,"href":"https:\/\/longchangchemical.com\/pt\/wp-json\/wp\/v2\/product_cat?post=6023"},{"taxonomy":"product_tag","embeddable":true,"href":"https:\/\/longchangchemical.com\/pt\/wp-json\/wp\/v2\/product_tag?post=6023"}],"curies":[{"name":"wp","href":"https:\/\/api.w.org\/{rel}","templated":true}]}}