{"id":5999,"date":"2023-03-22T12:31:11","date_gmt":"2023-03-22T12:31:11","guid":{"rendered":"https:\/\/longchangchemical.com\/?post_type=product&#038;p=5999"},"modified":"2025-04-01T07:08:42","modified_gmt":"2025-04-01T07:08:42","slug":"agesin-dp-d264r","status":"publish","type":"product","link":"https:\/\/longchangchemical.com\/pt\/product\/agesin-dp-d264r\/","title":{"rendered":"CHLUMICRYL\u00ae DP-D264R \/ Dispersante"},"content":{"rendered":"<h1><strong> DP-D264R \/ Dispersante<\/strong><\/h1>\n<table style=\"border-collapse: collapse; width: 215.28pt;\" border=\"0\" width=\"287\" cellspacing=\"0\" cellpadding=\"0\">\n<tbody>\n<tr style=\"height: 36.75pt;\">\n<td class=\"et2\" style=\"height: 36.75pt; width: 74.25pt;\" width=\"99\" height=\"49\">Composi\u00e7\u00e3o<\/td>\n<td class=\"et3\" style=\"width: 141.00pt;\" width=\"188\">Solu\u00e7\u00e3o de copol\u00edmero de bloco polim\u00e9rico com grupos de afinidade de pigmento<\/td>\n<\/tr>\n<tr style=\"height: 24.75pt;\">\n<td class=\"et2\" style=\"height: 24.75pt; width: 74.25pt;\" width=\"99\" height=\"33\">Apar\u00eancia<\/td>\n<td class=\"et3\" style=\"width: 141.00pt;\" width=\"188\">L\u00edquido transparente incolor a levemente amarelado<\/td>\n<\/tr>\n<tr style=\"height: 14.25pt;\">\n<td class=\"et2\" style=\"height: 14.25pt; width: 74.25pt;\" width=\"99\" height=\"19\">Solvente Sinosolv<\/td>\n<td class=\"et3\" style=\"width: 141.00pt;\" width=\"188\">\u00c9ster dib\u00e1sico<\/td>\n<\/tr>\n<tr style=\"height: 14.25pt;\">\n<td class=\"et2\" style=\"height: 14.25pt; width: 74.25pt;\" width=\"99\" height=\"19\">Densidade<\/td>\n<td class=\"et3\" style=\"width: 141.00pt;\" width=\"188\">1,10-1,14 g\/ml (25\u00b11)\u2103<\/td>\n<\/tr>\n<tr style=\"height: 24.75pt;\">\n<td class=\"et2\" style=\"height: 24.75pt; width: 74.25pt;\" width=\"99\" height=\"33\">Viscosidade<\/td>\n<td class=\"et3\" style=\"width: 141.00pt;\" width=\"188\">\u2265Q (m\u00e9todo do viscos\u00edmetro de bolhas)(25\u00b10,2)\u2103<\/td>\n<\/tr>\n<tr style=\"height: 36.75pt;\">\n<td class=\"et2\" style=\"height: 36.75pt; width: 74.25pt;\" width=\"99\" height=\"49\">Conte\u00fado da subst\u00e2ncia ativa<\/td>\n<td class=\"et4\" style=\"width: 141.00pt;\" width=\"188\">63%<\/td>\n<\/tr>\n<tr style=\"height: 14.25pt;\">\n<td class=\"et2\" style=\"height: 14.25pt; width: 74.25pt;\" width=\"99\" height=\"19\">Ponto de fulgor<\/td>\n<td class=\"et3\" style=\"width: 141.00pt;\" width=\"188\">&gt;100\u2103<\/td>\n<\/tr>\n<\/tbody>\n<\/table>\n<h2><strong> \u00c1reas de aplica\u00e7\u00e3o do DP-D264R<\/strong><\/h2>\n<p>Sistemas \u00e0 base de solventes<\/p>\n<h2><strong> DP-D264R Principais caracter\u00edsticas<\/strong><\/h2>\n<p>1\u3001O dispersante de pol\u00edmero do tipo bloco \u00e9 composto pelo grupo pr\u00f3-pigmento e pela adsor\u00e7\u00e3o da superf\u00edcie do pigmento no dispersante e pelo copol\u00edmero de baixo peso molecular como segmento pr\u00f3-m\u00eddia.<br \/>\n2 \u3001 O copol\u00edmero de baixo peso molecular forma uma camada de obstru\u00e7\u00e3o de certa espessura, o que reduz a atra\u00e7\u00e3o entre as part\u00edculas de pigmento e proporciona boa estabilidade de dispers\u00e3o.<br \/>\n3 \u3001 O negro de fumo disperso tem \u00f3tima distribui\u00e7\u00e3o de cor e brilho.<br \/>\n4 \u3001 Pode ser usado em sistemas de dois componentes e termofixos, n\u00e3o se aplicando ao sistema acr\u00edlico termopl\u00e1stico.<\/p>\n<h2><strong> DP-D264R M\u00e9todo de uso<\/strong><\/h2>\n<p>O dispersante deve ser adicionado ao material de moagem e bem agitado; em seguida, adicione o pigmento para moer e dispersar.<\/p>\n<h2><strong> DP-D264R Dosagem recomendada<\/strong><\/h2>\n<table style=\"border-collapse: collapse; width: 108.03pt;\" border=\"0\" width=\"144\" cellspacing=\"0\" cellpadding=\"0\">\n<tbody>\n<tr style=\"height: 24.75pt;\">\n<td class=\"et2\" style=\"height: 24.75pt; width: 54.00pt;\" width=\"72\" height=\"33\">Pigmentos inorg\u00e2nicos<\/td>\n<td class=\"et2\" style=\"width: 54.00pt;\" width=\"72\">1-10%<\/td>\n<\/tr>\n<tr style=\"height: 24.75pt;\">\n<td class=\"et2\" style=\"height: 24.75pt; width: 54.00pt;\" width=\"72\" height=\"33\">Pigmentos org\u00e2nicos<\/td>\n<td class=\"et2\" style=\"width: 54.00pt;\" width=\"72\">15-35%<\/td>\n<\/tr>\n<tr style=\"height: 24.75pt;\">\n<td class=\"et2\" style=\"height: 24.75pt; width: 54.00pt;\" width=\"72\" height=\"33\">Preto carbono<\/td>\n<td class=\"et2\" style=\"width: 54.00pt;\" width=\"72\">25-100%<\/td>\n<\/tr>\n<\/tbody>\n<\/table>\n<h2><strong> DP-D264R Estabilidade de armazenamento<\/strong><\/h2>\n<p>Manter na embalagem original fechada por 24 meses. Pode ocorrer estratifica\u00e7\u00e3o e turbidez quando a temperatura estiver abaixo de 5\u00b0C. O aquecimento e a mistura completa antes do uso n\u00e3o afetar\u00e3o a qualidade do produto. O produto ap\u00f3s o per\u00edodo de armazenamento pode continuar a ser usado depois de passar pela inspe\u00e7\u00e3o. Antes que o recipiente esteja completamente vazio, ele deve ser bem fechado imediatamente ap\u00f3s o uso.<\/p>\n<h2><strong> Embalagem DP-D264R<\/strong><\/h2>\n<p>25KG \/ 180KG.<\/p>\n<h2><strong>Entre em contato conosco agora!<\/strong><\/h2>\n<h4><strong><b>Se precisar de COA, MSDS ou TDS, preencha suas informa\u00e7\u00f5es de contato no formul\u00e1rio abaixo. Normalmente, entraremos em contato em 24 horas. Voc\u00ea tamb\u00e9m pode me enviar um e-mail <span style=\"color: #0000ff;\"><a style=\"color: #0000ff;\" href=\"mailto:info@longchangchemical.com\">info@longchangchemical.com<\/a><\/span> durante o hor\u00e1rio comercial (das 8h30 \u00e0s 18h UTC+8 de segunda a s\u00e1bado) ou use o bate-papo ao vivo do site para obter uma resposta imediata.<\/b><\/strong><\/h4>\n<p>&nbsp;<\/p>","protected":false},"excerpt":{"rendered":"<p>DP-D264R \/ Dispersante Composi\u00e7\u00e3o Solu\u00e7\u00e3o de copol\u00edmero polim\u00e9rico em bloco com grupos de afinidade de pigmento Apar\u00eancia L\u00edquido transparente incolor a levemente amarelado Solvente \u00c9ster dib\u00e1sico Densidade 1,10-1,14 g\/ml (25\u00b11)\u2103 Viscosidade \u2265Q (m\u00e9todo do viscos\u00edmetro de bolhas)(25\u00b10.2)\u2103 Conte\u00fado da subst\u00e2ncia ativa 63% Ponto de fulgor &gt;100\u2103 DP-D264R \u00c1reas de aplica\u00e7\u00e3o Sistemas \u00e0 base de solvente DP-D264R Caracter\u00edsticas principais 1\u3001O dispersante de pol\u00edmero do tipo bloco \u00e9 composto pelo grupo pr\u00f3-pigmento [...]<\/p>","protected":false},"featured_media":0,"comment_status":"closed","ping_status":"closed","template":"","meta":[],"product_brand":[],"product_cat":[138],"product_tag":[],"class_list":{"0":"post-5999","1":"product","2":"type-product","3":"status-publish","5":"product_cat-coating-and-ink-additives","7":"first","8":"instock","9":"shipping-taxable","10":"product-type-simple"},"yoast_head":"<!-- This site is optimized with the Yoast SEO plugin v25.3.1 - https:\/\/yoast.com\/wordpress\/plugins\/seo\/ -->\n<title>China CHLUMICRYL\u00ae DP-D264R \/ Dispersant Manufacturer - Longchang Chemical<\/title>\n<meta name=\"description\" content=\"CHLUMICRYL\u00ae DP-D264R \/ Dispersant is a key product of Longchang Chemical. We provide the best price. We are the leading manufacturer in China with the best quality and competitive price.\" \/>\n<meta name=\"robots\" content=\"index, follow, max-snippet:-1, max-image-preview:large, max-video-preview:-1\" \/>\n<link rel=\"canonical\" href=\"https:\/\/longchangchemical.com\/pt\/product\/agesin-dp-d264r\/\" \/>\n<meta property=\"og:locale\" content=\"pt_BR\" \/>\n<meta property=\"og:type\" content=\"article\" \/>\n<meta property=\"og:title\" content=\"China CHLUMICRYL\u00ae DP-D264R \/ Dispersant Manufacturer - Longchang Chemical\" \/>\n<meta property=\"og:description\" content=\"CHLUMICRYL\u00ae DP-D264R \/ Dispersant is a key product of Longchang Chemical. We provide the best price. We are the leading manufacturer in China with the best quality and competitive price.\" \/>\n<meta property=\"og:url\" content=\"https:\/\/longchangchemical.com\/pt\/product\/agesin-dp-d264r\/\" \/>\n<meta property=\"og:site_name\" content=\"Longchang Chemical\" \/>\n<meta property=\"article:modified_time\" content=\"2025-04-01T07:08:42+00:00\" \/>\n<meta property=\"og:image\" content=\"https:\/\/longchangchemical.com\/wp-content\/uploads\/2024\/02\/logo-jpeg.jpg\" \/>\n\t<meta property=\"og:image:width\" content=\"1000\" \/>\n\t<meta property=\"og:image:height\" content=\"1000\" \/>\n\t<meta property=\"og:image:type\" content=\"image\/jpeg\" \/>\n<meta name=\"twitter:card\" content=\"summary_large_image\" \/>\n<script type=\"application\/ld+json\" class=\"yoast-schema-graph\">{\"@context\":\"https:\/\/schema.org\",\"@graph\":[{\"@type\":\"WebPage\",\"@id\":\"https:\/\/longchangchemical.com\/product\/agesin-dp-d264r\/\",\"url\":\"https:\/\/longchangchemical.com\/product\/agesin-dp-d264r\/\",\"name\":\"China CHLUMICRYL\u00ae DP-D264R \/ Dispersant Manufacturer - Longchang Chemical\",\"isPartOf\":{\"@id\":\"https:\/\/longchangchemical.com\/#website\"},\"datePublished\":\"2023-03-22T12:31:11+00:00\",\"dateModified\":\"2025-04-01T07:08:42+00:00\",\"description\":\"CHLUMICRYL\u00ae DP-D264R \/ Dispersant is a key product of Longchang Chemical. We provide the best price. We are the leading manufacturer in China with the best quality and competitive price.\",\"breadcrumb\":{\"@id\":\"https:\/\/longchangchemical.com\/product\/agesin-dp-d264r\/#breadcrumb\"},\"inLanguage\":\"pt-BR\",\"potentialAction\":[{\"@type\":\"ReadAction\",\"target\":[\"https:\/\/longchangchemical.com\/product\/agesin-dp-d264r\/\"]}]},{\"@type\":\"BreadcrumbList\",\"@id\":\"https:\/\/longchangchemical.com\/product\/agesin-dp-d264r\/#breadcrumb\",\"itemListElement\":[{\"@type\":\"ListItem\",\"position\":1,\"name\":\"Home\",\"item\":\"https:\/\/longchangchemical.com\/\"},{\"@type\":\"ListItem\",\"position\":2,\"name\":\"Products Longchang\",\"item\":\"https:\/\/longchangchemical.com\/product\/\"},{\"@type\":\"ListItem\",\"position\":3,\"name\":\"CHLUMICRYL\u00ae DP-D264R \/ Dispersant\"}]},{\"@type\":\"WebSite\",\"@id\":\"https:\/\/longchangchemical.com\/#website\",\"url\":\"https:\/\/longchangchemical.com\/\",\"name\":\"Longchang Chemical\",\"description\":\"China chemical manufacturer \uff06 supplier\",\"publisher\":{\"@id\":\"https:\/\/longchangchemical.com\/#organization\"},\"potentialAction\":[{\"@type\":\"SearchAction\",\"target\":{\"@type\":\"EntryPoint\",\"urlTemplate\":\"https:\/\/longchangchemical.com\/?s={search_term_string}\"},\"query-input\":{\"@type\":\"PropertyValueSpecification\",\"valueRequired\":true,\"valueName\":\"search_term_string\"}}],\"inLanguage\":\"pt-BR\"},{\"@type\":\"Organization\",\"@id\":\"https:\/\/longchangchemical.com\/#organization\",\"name\":\"Longchang Chemical\",\"url\":\"https:\/\/longchangchemical.com\/\",\"logo\":{\"@type\":\"ImageObject\",\"inLanguage\":\"pt-BR\",\"@id\":\"https:\/\/longchangchemical.com\/#\/schema\/logo\/image\/\",\"url\":\"https:\/\/longchangchemical.com\/wp-content\/uploads\/2020\/08\/cropped-longchang-logo.png\",\"contentUrl\":\"https:\/\/longchangchemical.com\/wp-content\/uploads\/2020\/08\/cropped-longchang-logo.png\",\"width\":512,\"height\":512,\"caption\":\"Longchang Chemical\"},\"image\":{\"@id\":\"https:\/\/longchangchemical.com\/#\/schema\/logo\/image\/\"}}]}<\/script>\n<!-- \/ Yoast SEO plugin. -->","yoast_head_json":{"title":"China CHLUMICRYL\u00ae DP-D264R \/ Fabricante de dispersantes - Longchang Chemical","description":"CHLUMICRYL\u00ae DP-D264R \/ Dispersante \u00e9 um produto-chave da Longchang Chemical. Oferecemos o melhor pre\u00e7o. Somos o principal fabricante na China, com a melhor qualidade e pre\u00e7o competitivo.","robots":{"index":"index","follow":"follow","max-snippet":"max-snippet:-1","max-image-preview":"max-image-preview:large","max-video-preview":"max-video-preview:-1"},"canonical":"https:\/\/longchangchemical.com\/pt\/product\/agesin-dp-d264r\/","og_locale":"pt_BR","og_type":"article","og_title":"China CHLUMICRYL\u00ae DP-D264R \/ Dispersant Manufacturer - Longchang Chemical","og_description":"CHLUMICRYL\u00ae DP-D264R \/ Dispersant is a key product of Longchang Chemical. We provide the best price. We are the leading manufacturer in China with the best quality and competitive price.","og_url":"https:\/\/longchangchemical.com\/pt\/product\/agesin-dp-d264r\/","og_site_name":"Longchang Chemical","article_modified_time":"2025-04-01T07:08:42+00:00","og_image":[{"width":1000,"height":1000,"url":"https:\/\/longchangchemical.com\/wp-content\/uploads\/2024\/02\/logo-jpeg.jpg","type":"image\/jpeg"}],"twitter_card":"summary_large_image","schema":{"@context":"https:\/\/schema.org","@graph":[{"@type":"WebPage","@id":"https:\/\/longchangchemical.com\/product\/agesin-dp-d264r\/","url":"https:\/\/longchangchemical.com\/product\/agesin-dp-d264r\/","name":"China CHLUMICRYL\u00ae DP-D264R \/ Fabricante de dispersantes - Longchang Chemical","isPartOf":{"@id":"https:\/\/longchangchemical.com\/#website"},"datePublished":"2023-03-22T12:31:11+00:00","dateModified":"2025-04-01T07:08:42+00:00","description":"CHLUMICRYL\u00ae DP-D264R \/ Dispersante \u00e9 um produto-chave da Longchang Chemical. Oferecemos o melhor pre\u00e7o. Somos o principal fabricante na China, com a melhor qualidade e pre\u00e7o competitivo.","breadcrumb":{"@id":"https:\/\/longchangchemical.com\/product\/agesin-dp-d264r\/#breadcrumb"},"inLanguage":"pt-BR","potentialAction":[{"@type":"ReadAction","target":["https:\/\/longchangchemical.com\/product\/agesin-dp-d264r\/"]}]},{"@type":"BreadcrumbList","@id":"https:\/\/longchangchemical.com\/product\/agesin-dp-d264r\/#breadcrumb","itemListElement":[{"@type":"ListItem","position":1,"name":"Home","item":"https:\/\/longchangchemical.com\/"},{"@type":"ListItem","position":2,"name":"Products Longchang","item":"https:\/\/longchangchemical.com\/product\/"},{"@type":"ListItem","position":3,"name":"CHLUMICRYL\u00ae DP-D264R \/ Dispersant"}]},{"@type":"WebSite","@id":"https:\/\/longchangchemical.com\/#website","url":"https:\/\/longchangchemical.com\/","name":"Qu\u00edmica Longchang","description":"Fabricante de produtos qu\u00edmicos na China \uff06 fornecedor","publisher":{"@id":"https:\/\/longchangchemical.com\/#organization"},"potentialAction":[{"@type":"SearchAction","target":{"@type":"EntryPoint","urlTemplate":"https:\/\/longchangchemical.com\/?s={search_term_string}"},"query-input":{"@type":"PropertyValueSpecification","valueRequired":true,"valueName":"search_term_string"}}],"inLanguage":"pt-BR"},{"@type":"Organization","@id":"https:\/\/longchangchemical.com\/#organization","name":"Qu\u00edmica Longchang","url":"https:\/\/longchangchemical.com\/","logo":{"@type":"ImageObject","inLanguage":"pt-BR","@id":"https:\/\/longchangchemical.com\/#\/schema\/logo\/image\/","url":"https:\/\/longchangchemical.com\/wp-content\/uploads\/2020\/08\/cropped-longchang-logo.png","contentUrl":"https:\/\/longchangchemical.com\/wp-content\/uploads\/2020\/08\/cropped-longchang-logo.png","width":512,"height":512,"caption":"Longchang Chemical"},"image":{"@id":"https:\/\/longchangchemical.com\/#\/schema\/logo\/image\/"}}]}},"_links":{"self":[{"href":"https:\/\/longchangchemical.com\/pt\/wp-json\/wp\/v2\/product\/5999","targetHints":{"allow":["GET"]}}],"collection":[{"href":"https:\/\/longchangchemical.com\/pt\/wp-json\/wp\/v2\/product"}],"about":[{"href":"https:\/\/longchangchemical.com\/pt\/wp-json\/wp\/v2\/types\/product"}],"replies":[{"embeddable":true,"href":"https:\/\/longchangchemical.com\/pt\/wp-json\/wp\/v2\/comments?post=5999"}],"wp:attachment":[{"href":"https:\/\/longchangchemical.com\/pt\/wp-json\/wp\/v2\/media?parent=5999"}],"wp:term":[{"taxonomy":"product_brand","embeddable":true,"href":"https:\/\/longchangchemical.com\/pt\/wp-json\/wp\/v2\/product_brand?post=5999"},{"taxonomy":"product_cat","embeddable":true,"href":"https:\/\/longchangchemical.com\/pt\/wp-json\/wp\/v2\/product_cat?post=5999"},{"taxonomy":"product_tag","embeddable":true,"href":"https:\/\/longchangchemical.com\/pt\/wp-json\/wp\/v2\/product_tag?post=5999"}],"curies":[{"name":"wp","href":"https:\/\/api.w.org\/{rel}","templated":true}]}}