{"id":5981,"date":"2023-03-10T14:17:10","date_gmt":"2023-03-10T14:17:10","guid":{"rendered":"https:\/\/longchangchemical.com\/?post_type=product&#038;p=5981"},"modified":"2026-05-08T08:26:17","modified_gmt":"2026-05-08T08:26:17","slug":"agesin-dp-d241r","status":"publish","type":"product","link":"https:\/\/longchangchemical.com\/pt\/product\/agesin-dp-d241r\/","title":{"rendered":"CHLUMICRYL\u00ae DP-D241R \/ Dispersante"},"content":{"rendered":"<h2>DP-D241R \/ Dispersante<\/h2>\n<table style=\"border-collapse: collapse; width: 225.03pt;\" border=\"0\" width=\"300\" cellspacing=\"0\" cellpadding=\"0\">\n<tbody>\n<tr style=\"height: 24.00pt;\">\n<td class=\"et2\" style=\"height: 24.00pt; width: 72.00pt;\" width=\"96\" height=\"32\">Composi\u00e7\u00e3o<\/td>\n<td class=\"et2\" style=\"width: 153.00pt;\" width=\"204\">Solu\u00e7\u00e3o de copol\u00edmero de bloco de pol\u00edmero com grupos de afinidade de pigmento<\/td>\n<\/tr>\n<tr style=\"height: 13.50pt;\">\n<td class=\"et2\" style=\"height: 13.50pt; width: 72.00pt;\" width=\"96\" height=\"18\">Apar\u00eancia<\/td>\n<td class=\"et2\" style=\"width: 153.00pt;\" width=\"204\">L\u00edquido transparente levemente amarelado<\/td>\n<\/tr>\n<tr style=\"height: 13.50pt;\">\n<td class=\"et2\" style=\"height: 13.50pt; width: 72.00pt;\" width=\"96\" height=\"18\">Solvente Sinosolv<\/td>\n<td class=\"et2\" style=\"width: 153.00pt;\" width=\"204\">\u00c9ster dib\u00e1sico\/\u00f3leo solvente<\/td>\n<\/tr>\n<tr style=\"height: 13.50pt;\">\n<td class=\"et2\" style=\"height: 13.50pt; width: 72.00pt;\" width=\"96\" height=\"18\">Densidade<\/td>\n<td class=\"et2\" style=\"width: 153.00pt;\" width=\"204\">0,99-1,03 g\/ml (25\u00b11)\u2103<\/td>\n<\/tr>\n<tr style=\"height: 24.00pt;\">\n<td class=\"et2\" style=\"height: 24.00pt; width: 72.00pt;\" width=\"96\" height=\"32\">Viscosidade<\/td>\n<td class=\"et2\" style=\"width: 153.00pt;\" width=\"204\">6-40 s (m\u00e9todo do copo de revestimento-4) (25\u00b10,2)\u2103<\/td>\n<\/tr>\n<tr style=\"height: 36.00pt;\">\n<td class=\"et2\" style=\"height: 36.00pt; width: 72.00pt;\" width=\"96\" height=\"48\">Conte\u00fado da subst\u00e2ncia ativa<\/td>\n<td class=\"et3\" style=\"width: 153.00pt;\" width=\"204\">48%<\/td>\n<\/tr>\n<tr style=\"height: 13.50pt;\">\n<td class=\"et2\" style=\"height: 13.50pt; width: 72.00pt;\" width=\"96\" height=\"18\">Ponto de fulgor<\/td>\n<td class=\"et2\" style=\"width: 153.00pt;\" width=\"204\">&gt;62\u2103<\/td>\n<\/tr>\n<\/tbody>\n<\/table>\n<h2><strong>\u00c1reas de aplica\u00e7\u00e3o<\/strong><\/h2>\n<p>Sistemas \u00e0 base de solventes<\/p>\n<h2><strong>Principais caracter\u00edsticas<\/strong><\/h2>\n<p>1 \u3001 Possui excelente capacidade de redu\u00e7\u00e3o de viscosidade para o sistema de primer que cont\u00e9m negro de fumo, bentonita, p\u00f3 de fosqueamento, carbonato de c\u00e1lcio leve, fosfato de zinco superfino, sulfato de b\u00e1rio, p\u00f3 de mica, di\u00f3xido de tit\u00e2nio e fenol de talco, o que pode reduzir o uso de diluente e atender aos requisitos de emiss\u00e3o de VOC.<br \/>\n2\u3001Boa umecta\u00e7\u00e3o e dispers\u00e3o de pigmentos, a dispers\u00e3o de pigmentos org\u00e2nicos pode melhorar sua for\u00e7a de colora\u00e7\u00e3o, a dispers\u00e3o de bentonita org\u00e2nica e p\u00f3 de fosqueamento tem boa capacidade de redu\u00e7\u00e3o da viscosidade.<br \/>\n3 \u3001 Pode reduzir a cor flutuante e o fen\u00f4meno de flora\u00e7\u00e3o do sistema multipigmentado.<\/p>\n<h2><strong>M\u00e9todo de uso<\/strong><\/h2>\n<p>O dispersante deve ser adicionado ao material de moagem e bem agitado e, em seguida, adicionar a moagem e a dispers\u00e3o do pigmento.<\/p>\n<p>&nbsp;<\/p>\n<table style=\"border-collapse: collapse; width: 108.03pt;\" border=\"0\" width=\"144\" cellspacing=\"0\" cellpadding=\"0\">\n<tbody>\n<tr style=\"height: 24.75pt;\">\n<td class=\"et2\" style=\"height: 24.75pt; width: 54.00pt;\" width=\"72\" height=\"33\">Pigmentos inorg\u00e2nicos<\/td>\n<td class=\"et2\" style=\"width: 54.00pt;\" width=\"72\">1-10%<\/td>\n<\/tr>\n<tr style=\"height: 24.75pt;\">\n<td class=\"et2\" style=\"height: 24.75pt; width: 54.00pt;\" width=\"72\" height=\"33\">Pigmentos org\u00e2nicos<\/td>\n<td class=\"et2\" style=\"width: 54.00pt;\" width=\"72\">20-40%<\/td>\n<\/tr>\n<tr style=\"height: 24.75pt;\">\n<td class=\"et2\" style=\"height: 24.75pt; width: 54.00pt;\" width=\"72\" height=\"33\">Preto carbono<\/td>\n<td class=\"et2\" style=\"width: 54.00pt;\" width=\"72\">30-100%<\/td>\n<\/tr>\n<\/tbody>\n<\/table>\n<p>&nbsp;<\/p>\n<h2><strong>Estabilidade de armazenamento<\/strong><\/h2>\n<p>Manter na embalagem original fechada por 24 meses. Pode ocorrer estratifica\u00e7\u00e3o e turbidez quando a temperatura estiver abaixo de 5\u00b0C. O aquecimento e a mistura completa antes do uso n\u00e3o afetar\u00e3o a qualidade do produto. Os produtos que excederam o per\u00edodo de armazenamento podem continuar a ser usados depois de passarem pela inspe\u00e7\u00e3o. Antes que o recipiente esteja completamente vazio, ele deve ser bem fechado imediatamente ap\u00f3s o uso.<\/p>\n<h2><strong>Embalagem<\/strong><\/h2>\n<p>25KG \/ 180KG<\/p>","protected":false},"excerpt":{"rendered":"<p>DP-D241R Dispersant Coating Additive is a coating additive for coatings, inks and specialty surface modification. Key benefits include 1\u3001It has excellent viscosity reduction ability for primer system containing carbon black, bentonite, and matting powder.<\/p>","protected":false},"featured_media":0,"comment_status":"closed","ping_status":"closed","template":"","meta":[],"product_brand":[],"product_cat":[138],"product_tag":[],"class_list":{"0":"post-5981","1":"product","2":"type-product","3":"status-publish","5":"product_cat-coating-and-ink-additives","7":"first","8":"instock","9":"shipping-taxable","10":"product-type-simple"},"yoast_head":"<!-- This site is optimized with the Yoast SEO plugin v25.3.1 - https:\/\/yoast.com\/wordpress\/plugins\/seo\/ -->\n<title>DP-D241R Dispersant Coating Additive | Longchang Chemical<\/title>\n<meta name=\"description\" content=\"DP-D241R Dispersant Coating Additive is a coating additive for coatings, inks and specialty surface modification. Key benefits include 1\u3001It has excellent\" \/>\n<meta name=\"robots\" content=\"index, follow, max-snippet:-1, max-image-preview:large, max-video-preview:-1\" \/>\n<link rel=\"canonical\" href=\"https:\/\/longchangchemical.com\/pt\/product\/agesin-dp-d241r\/\" \/>\n<meta property=\"og:locale\" content=\"pt_BR\" \/>\n<meta property=\"og:type\" content=\"article\" \/>\n<meta property=\"og:title\" content=\"DP-D241R Dispersant Coating Additive | Longchang Chemical\" \/>\n<meta property=\"og:description\" content=\"DP-D241R Dispersant Coating Additive is a coating additive for coatings, inks and specialty surface modification. Key benefits include 1\u3001It has excellent\" \/>\n<meta property=\"og:url\" content=\"https:\/\/longchangchemical.com\/pt\/product\/agesin-dp-d241r\/\" \/>\n<meta property=\"og:site_name\" content=\"Longchang Chemical\" \/>\n<meta property=\"article:modified_time\" content=\"2026-05-08T08:26:17+00:00\" \/>\n<meta property=\"og:image\" content=\"https:\/\/longchangchemical.com\/wp-content\/uploads\/2024\/02\/logo-jpeg.jpg\" \/>\n\t<meta property=\"og:image:width\" content=\"1000\" \/>\n\t<meta property=\"og:image:height\" content=\"1000\" \/>\n\t<meta property=\"og:image:type\" content=\"image\/jpeg\" \/>\n<meta name=\"twitter:card\" content=\"summary_large_image\" \/>\n<script type=\"application\/ld+json\" class=\"yoast-schema-graph\">{\"@context\":\"https:\/\/schema.org\",\"@graph\":[{\"@type\":\"WebPage\",\"@id\":\"https:\/\/longchangchemical.com\/product\/agesin-dp-d241r\/\",\"url\":\"https:\/\/longchangchemical.com\/product\/agesin-dp-d241r\/\",\"name\":\"DP-D241R Dispersant Coating Additive | Longchang Chemical\",\"isPartOf\":{\"@id\":\"https:\/\/longchangchemical.com\/#website\"},\"datePublished\":\"2023-03-10T14:17:10+00:00\",\"dateModified\":\"2026-05-08T08:26:17+00:00\",\"description\":\"DP-D241R Dispersant Coating Additive is a coating additive for coatings, inks and specialty surface modification. Key benefits include 1\u3001It has excellent\",\"breadcrumb\":{\"@id\":\"https:\/\/longchangchemical.com\/product\/agesin-dp-d241r\/#breadcrumb\"},\"inLanguage\":\"pt-BR\",\"potentialAction\":[{\"@type\":\"ReadAction\",\"target\":[\"https:\/\/longchangchemical.com\/product\/agesin-dp-d241r\/\"]}]},{\"@type\":\"BreadcrumbList\",\"@id\":\"https:\/\/longchangchemical.com\/product\/agesin-dp-d241r\/#breadcrumb\",\"itemListElement\":[{\"@type\":\"ListItem\",\"position\":1,\"name\":\"Home\",\"item\":\"https:\/\/longchangchemical.com\/\"},{\"@type\":\"ListItem\",\"position\":2,\"name\":\"Products Longchang\",\"item\":\"https:\/\/longchangchemical.com\/product\/\"},{\"@type\":\"ListItem\",\"position\":3,\"name\":\"CHLUMICRYL\u00ae DP-D241R \/ Dispersant\"}]},{\"@type\":\"WebSite\",\"@id\":\"https:\/\/longchangchemical.com\/#website\",\"url\":\"https:\/\/longchangchemical.com\/\",\"name\":\"Longchang Chemical\",\"description\":\"China chemical manufacturer \uff06 supplier\",\"publisher\":{\"@id\":\"https:\/\/longchangchemical.com\/#organization\"},\"potentialAction\":[{\"@type\":\"SearchAction\",\"target\":{\"@type\":\"EntryPoint\",\"urlTemplate\":\"https:\/\/longchangchemical.com\/?s={search_term_string}\"},\"query-input\":{\"@type\":\"PropertyValueSpecification\",\"valueRequired\":true,\"valueName\":\"search_term_string\"}}],\"inLanguage\":\"pt-BR\"},{\"@type\":\"Organization\",\"@id\":\"https:\/\/longchangchemical.com\/#organization\",\"name\":\"Longchang Chemical\",\"url\":\"https:\/\/longchangchemical.com\/\",\"logo\":{\"@type\":\"ImageObject\",\"inLanguage\":\"pt-BR\",\"@id\":\"https:\/\/longchangchemical.com\/#\/schema\/logo\/image\/\",\"url\":\"https:\/\/longchangchemical.com\/wp-content\/uploads\/2020\/08\/cropped-longchang-logo.png\",\"contentUrl\":\"https:\/\/longchangchemical.com\/wp-content\/uploads\/2020\/08\/cropped-longchang-logo.png\",\"width\":512,\"height\":512,\"caption\":\"Longchang Chemical\"},\"image\":{\"@id\":\"https:\/\/longchangchemical.com\/#\/schema\/logo\/image\/\"}}]}<\/script>\n<!-- \/ Yoast SEO plugin. -->","yoast_head_json":{"title":"DP-D241R Dispersant Coating Additive | Longchang Chemical","description":"DP-D241R Dispersant Coating Additive is a coating additive for coatings, inks and specialty surface modification. Key benefits include 1\u3001It has excellent","robots":{"index":"index","follow":"follow","max-snippet":"max-snippet:-1","max-image-preview":"max-image-preview:large","max-video-preview":"max-video-preview:-1"},"canonical":"https:\/\/longchangchemical.com\/pt\/product\/agesin-dp-d241r\/","og_locale":"pt_BR","og_type":"article","og_title":"DP-D241R Dispersant Coating Additive | Longchang Chemical","og_description":"DP-D241R Dispersant Coating Additive is a coating additive for coatings, inks and specialty surface modification. Key benefits include 1\u3001It has excellent","og_url":"https:\/\/longchangchemical.com\/pt\/product\/agesin-dp-d241r\/","og_site_name":"Longchang Chemical","article_modified_time":"2026-05-08T08:26:17+00:00","og_image":[{"width":1000,"height":1000,"url":"https:\/\/longchangchemical.com\/wp-content\/uploads\/2024\/02\/logo-jpeg.jpg","type":"image\/jpeg"}],"twitter_card":"summary_large_image","schema":{"@context":"https:\/\/schema.org","@graph":[{"@type":"WebPage","@id":"https:\/\/longchangchemical.com\/product\/agesin-dp-d241r\/","url":"https:\/\/longchangchemical.com\/product\/agesin-dp-d241r\/","name":"DP-D241R Dispersant Coating Additive | Longchang Chemical","isPartOf":{"@id":"https:\/\/longchangchemical.com\/#website"},"datePublished":"2023-03-10T14:17:10+00:00","dateModified":"2026-05-08T08:26:17+00:00","description":"DP-D241R Dispersant Coating Additive is a coating additive for coatings, inks and specialty surface modification. Key benefits include 1\u3001It has excellent","breadcrumb":{"@id":"https:\/\/longchangchemical.com\/product\/agesin-dp-d241r\/#breadcrumb"},"inLanguage":"pt-BR","potentialAction":[{"@type":"ReadAction","target":["https:\/\/longchangchemical.com\/product\/agesin-dp-d241r\/"]}]},{"@type":"BreadcrumbList","@id":"https:\/\/longchangchemical.com\/product\/agesin-dp-d241r\/#breadcrumb","itemListElement":[{"@type":"ListItem","position":1,"name":"Home","item":"https:\/\/longchangchemical.com\/"},{"@type":"ListItem","position":2,"name":"Products Longchang","item":"https:\/\/longchangchemical.com\/product\/"},{"@type":"ListItem","position":3,"name":"CHLUMICRYL\u00ae DP-D241R \/ Dispersant"}]},{"@type":"WebSite","@id":"https:\/\/longchangchemical.com\/#website","url":"https:\/\/longchangchemical.com\/","name":"Qu\u00edmica Longchang","description":"Fabricante de produtos qu\u00edmicos na China \uff06 fornecedor","publisher":{"@id":"https:\/\/longchangchemical.com\/#organization"},"potentialAction":[{"@type":"SearchAction","target":{"@type":"EntryPoint","urlTemplate":"https:\/\/longchangchemical.com\/?s={search_term_string}"},"query-input":{"@type":"PropertyValueSpecification","valueRequired":true,"valueName":"search_term_string"}}],"inLanguage":"pt-BR"},{"@type":"Organization","@id":"https:\/\/longchangchemical.com\/#organization","name":"Qu\u00edmica Longchang","url":"https:\/\/longchangchemical.com\/","logo":{"@type":"ImageObject","inLanguage":"pt-BR","@id":"https:\/\/longchangchemical.com\/#\/schema\/logo\/image\/","url":"https:\/\/longchangchemical.com\/wp-content\/uploads\/2020\/08\/cropped-longchang-logo.png","contentUrl":"https:\/\/longchangchemical.com\/wp-content\/uploads\/2020\/08\/cropped-longchang-logo.png","width":512,"height":512,"caption":"Longchang Chemical"},"image":{"@id":"https:\/\/longchangchemical.com\/#\/schema\/logo\/image\/"}}]}},"_links":{"self":[{"href":"https:\/\/longchangchemical.com\/pt\/wp-json\/wp\/v2\/product\/5981","targetHints":{"allow":["GET"]}}],"collection":[{"href":"https:\/\/longchangchemical.com\/pt\/wp-json\/wp\/v2\/product"}],"about":[{"href":"https:\/\/longchangchemical.com\/pt\/wp-json\/wp\/v2\/types\/product"}],"replies":[{"embeddable":true,"href":"https:\/\/longchangchemical.com\/pt\/wp-json\/wp\/v2\/comments?post=5981"}],"wp:attachment":[{"href":"https:\/\/longchangchemical.com\/pt\/wp-json\/wp\/v2\/media?parent=5981"}],"wp:term":[{"taxonomy":"product_brand","embeddable":true,"href":"https:\/\/longchangchemical.com\/pt\/wp-json\/wp\/v2\/product_brand?post=5981"},{"taxonomy":"product_cat","embeddable":true,"href":"https:\/\/longchangchemical.com\/pt\/wp-json\/wp\/v2\/product_cat?post=5981"},{"taxonomy":"product_tag","embeddable":true,"href":"https:\/\/longchangchemical.com\/pt\/wp-json\/wp\/v2\/product_tag?post=5981"}],"curies":[{"name":"wp","href":"https:\/\/api.w.org\/{rel}","templated":true}]}}