{"id":5902,"date":"2023-02-08T10:48:42","date_gmt":"2023-02-08T10:48:42","guid":{"rendered":"https:\/\/longchangchemical.com\/?post_type=product&#038;p=5902"},"modified":"2025-04-01T07:10:53","modified_gmt":"2025-04-01T07:10:53","slug":"agesin-uv-d7700d-tego-rad-2700","status":"publish","type":"product","link":"https:\/\/longchangchemical.com\/pt\/product\/agesin-uv-d7700d-tego-rad-2700\/","title":{"rendered":"CHLUMICRYL\u00ae UV-D7700D \/ TEGO Rad 2700"},"content":{"rendered":"<h1>Aditivo de silicone reativo com grupo funcional acr\u00edlico<\/h1>\n<table style=\"border-collapse: collapse; width: 316.52pt;\" border=\"0\" width=\"422\" cellspacing=\"0\" cellpadding=\"0\">\n<tbody>\n<tr style=\"height: 27.00pt;\">\n<td class=\"et2\" style=\"height: 27.00pt; width: 108.00pt;\" width=\"144\" height=\"36\">Composi\u00e7\u00e3o<\/td>\n<td class=\"et2\" style=\"width: 208.50pt;\" width=\"278\">Aditivo de silicone reativo com grupo funcional de \u00e1cido acr\u00edlico<\/td>\n<\/tr>\n<tr style=\"height: 27.00pt;\">\n<td class=\"et2\" style=\"height: 27.00pt; width: 108.00pt;\" width=\"144\" height=\"36\">Apar\u00eancia<\/td>\n<td class=\"et2\" style=\"width: 208.50pt;\" width=\"278\">L\u00edquido turvo levemente amarelado a amarelado<\/td>\n<\/tr>\n<tr style=\"height: 13.50pt;\">\n<td class=\"et2\" style=\"height: 13.50pt; width: 108.00pt;\" width=\"144\" height=\"18\">Solvente Sinosolv<\/td>\n<td class=\"et2\" style=\"width: 208.50pt;\" width=\"278\">--<\/td>\n<\/tr>\n<tr style=\"height: 13.50pt;\">\n<td class=\"et2\" style=\"height: 13.50pt; width: 108.00pt;\" width=\"144\" height=\"18\">Densidade<\/td>\n<td class=\"et2\" style=\"width: 208.50pt;\" width=\"278\">0,96-1,00g\/ml(25\u00b11)\u2103<\/td>\n<\/tr>\n<tr style=\"height: 13.50pt;\">\n<td class=\"et2\" style=\"height: 13.50pt; width: 108.00pt;\" width=\"144\" height=\"18\">Viscosidade<\/td>\n<td class=\"et2\" style=\"width: 208.50pt;\" width=\"278\">3000-10000 mPa-s<\/td>\n<\/tr>\n<tr style=\"height: 13.50pt;\">\n<td class=\"et2\" style=\"height: 13.50pt; width: 108.00pt;\" width=\"144\" height=\"18\"><\/td>\n<td class=\"et2\" style=\"width: 208.50pt;\" width=\"278\">(viscos\u00edmetro rotativo)(25\u00b10,2)\u2103<\/td>\n<\/tr>\n<tr style=\"height: 13.50pt;\">\n<td class=\"et2\" style=\"height: 13.50pt; width: 108.00pt;\" width=\"144\" height=\"18\">Subst\u00e2ncia ativa<\/td>\n<td class=\"et3\" style=\"width: 208.50pt;\" width=\"278\">100%<\/td>\n<\/tr>\n<tr style=\"height: 13.50pt;\">\n<td class=\"et2\" style=\"height: 13.50pt; width: 108.00pt;\" width=\"144\" height=\"18\">Ponto de fulgor<\/td>\n<td class=\"et2\" style=\"width: 208.50pt;\" width=\"278\">\uff1e100\u2103<\/td>\n<\/tr>\n<\/tbody>\n<\/table>\n<p>Observa\u00e7\u00e3o: Esta planilha de dados tem o objetivo de fornecer resultados t\u00edpicos, n\u00e3o padr\u00e3o.<\/p>\n<p><strong>Sistema de aplicativos<\/strong><br \/>\n1. O TEGO Rad 2700 antiespumante\/agente de libera\u00e7\u00e3o\/agente deslizante \u00e9 um agente de libera\u00e7\u00e3o altamente reticulado com excelente efeito de libera\u00e7\u00e3o e deslizamento, combinado com propriedades antiespumantes, especialmente adequado para tintas coloridas de alta viscosidade.<br \/>\n2. O agente desmoldante TEGO Rad 2700 \u00e9 um aditivo extremamente eficiente de reticula\u00e7\u00e3o por radia\u00e7\u00e3o, que melhora o deslizamento e pode ser removido. O agente de nivelamento TEGO Rad 2700 \u00e9 usado em formula\u00e7\u00f5es de agentes de nivelamento de cura por radia\u00e7\u00e3o, especialmente adequado para formula\u00e7\u00f5es de verniz colorido, agentes de nivelamento de tinta offset, agentes de nivelamento de tinta de tela, bem como em tintas de impress\u00e3o de cura por radia\u00e7\u00e3o e agentes de nivelamento de sobreimpress\u00e3o suave.<br \/>\n<strong>Propriedades<\/strong><br \/>\nAditivo de silicone reativo \u00e0 radia\u00e7\u00e3o. Bom antiespumante. Reduz nitidamente o coeficiente de atrito. Excelente for\u00e7a de libera\u00e7\u00e3o.<br \/>\n1. Particularmente adequado para sistemas de pasta colorida<br \/>\n2. Antiespumante eficaz<br \/>\n3. As mais altas propriedades de libera\u00e7\u00e3o e deslizamento.<br \/>\n4. Altamente reticul\u00e1vel para formula\u00e7\u00f5es de cura por radia\u00e7\u00e3o.<br \/>\n5. Particularmente adequado para uso limitado em formula\u00e7\u00f5es de verniz.<br \/>\n6. Maior resist\u00eancia a arranh\u00f5es e marcadores.<br \/>\n7. Efeito adicional de deslizamento e antiespumante<br \/>\n8. Muito bom deslizamento, efeito antiaderente\/descascante e boas propriedades antiespumantes.<br \/>\n<strong>Incorpora\u00e7\u00e3o<\/strong><br \/>\nF\u00e1cil de adicionar com solvente pr\u00e9-dilu\u00eddo igual ao do sistema de revestimento. Pode ser adicionado como p\u00f3s-adi\u00e7\u00e3o.<br \/>\n<strong>Sugerir adi\u00e7\u00e3o<\/strong><br \/>\nAdi\u00e7\u00e3o \u00e0 formula\u00e7\u00e3o total 0,1-1,0%<br \/>\n<strong>Estabilidade de armazenamento<\/strong><br \/>\nMantenha intacto por 24 meses na embalagem original. Os produtos que ultrapassarem o per\u00edodo de armazenamento podem continuar a ser usados ap\u00f3s a inspe\u00e7\u00e3o. O cont\u00eainer deve ser fechado imediatamente ap\u00f3s o uso.<\/p>\n<p><strong>Aplicar recomenda\u00e7\u00e3o<\/strong><\/p>\n<table style=\"border-collapse: collapse; width: 138.03pt;\" border=\"0\" width=\"184\" cellspacing=\"0\" cellpadding=\"0\">\n<tbody>\n<tr style=\"height: 13.50pt;\">\n<td class=\"et2\" style=\"height: 13.50pt; width: 84.00pt;\" width=\"112\" height=\"18\">Mobilidade<\/td>\n<td class=\"et2\" style=\"width: 54.00pt;\" width=\"72\">0<\/td>\n<\/tr>\n<tr style=\"height: 13.50pt;\">\n<td class=\"et2\" style=\"height: 13.50pt; width: 84.00pt;\" width=\"112\" height=\"18\">Deslizamento<\/td>\n<td class=\"et2\" style=\"width: 54.00pt;\" width=\"72\">5<\/td>\n<\/tr>\n<tr style=\"height: 40.50pt;\">\n<td class=\"et2\" style=\"height: 40.50pt; width: 84.00pt;\" width=\"112\" height=\"54\">Resist\u00eancia do bast\u00e3o<\/td>\n<td class=\"et2\" style=\"width: 54.00pt;\" width=\"72\">4<\/td>\n<\/tr>\n<tr style=\"height: 40.50pt;\">\n<td class=\"et2\" style=\"height: 40.50pt; width: 84.00pt;\" width=\"112\" height=\"54\">Umedecimento da subst\u00e2ncia<\/td>\n<td class=\"et2\" style=\"width: 54.00pt;\" width=\"72\">0<\/td>\n<\/tr>\n<tr style=\"height: 27.00pt;\">\n<td class=\"et2\" style=\"height: 27.00pt; width: 84.00pt;\" width=\"112\" height=\"36\">Desespuma\u00e7\u00e3o<\/td>\n<td class=\"et2\" style=\"width: 54.00pt;\" width=\"72\">5<\/td>\n<\/tr>\n<\/tbody>\n<\/table>\n<p>0=indispon\u00edvel 5=muito eficaz<\/p>\n<p><strong>pacote<\/strong><br \/>\n25KG \/ 180KG<\/p>\n<p><strong><b>Armazenamento:<\/b><\/strong><\/p>\n<div>\n<p>Mantido em um dep\u00f3sito seco e limpo, com boa ventila\u00e7\u00e3o.<\/p>\n<p>Evite a exposi\u00e7\u00e3o \u00e0 luz e ao aquecimento.<\/p>\n<p>Proteger o produto contra vazamentos, chuva e insola\u00e7\u00e3o durante o transporte.<\/p>\n<\/div>\n<h2><strong><b>Entre em contato conosco agora!<\/b><\/strong><\/h2>\n<h4><strong><b>Se precisar de COA, MSDS ou TDS, preencha suas informa\u00e7\u00f5es de contato no formul\u00e1rio abaixo. Normalmente, entraremos em contato em 24 horas. Voc\u00ea tamb\u00e9m pode me enviar um e-mail<span style=\"color: #00ccff;\"> <a style=\"color: #00ccff;\" href=\"mailto:info@longchangchemical.com\">info@longchangchemical.com<\/a><\/span> durante o hor\u00e1rio comercial (das 8h30 \u00e0s 18h UTC+8 de segunda a s\u00e1bado) ou use o bate-papo ao vivo do site para obter uma resposta imediata.<\/b><\/strong><\/h4>","protected":false},"excerpt":{"rendered":"<p>Descri\u00e7\u00e3o do produto: Aditivo de silicone reativo com grupo funcional de \u00e1cido acr\u00edlico<\/p>\n<p>N\u00famero do produto: UV-D7700d<\/p>\n<p>Completamente substitu\u00eddo - TEGO Rad 2700<\/p>\n<p>Apar\u00eancia: L\u00edquido turvo levemente amarelado a amarelado<\/p>\n<p>Viscosidade: 3000-10000 mPa-s<\/p>\n<p>Embalagem: 25KG ou 180KG\/tambor<\/p>","protected":false},"featured_media":3099,"comment_status":"closed","ping_status":"closed","template":"","meta":[],"product_brand":[],"product_cat":[138],"product_tag":[],"class_list":{"0":"post-5902","1":"product","2":"type-product","3":"status-publish","4":"has-post-thumbnail","6":"product_cat-coating-and-ink-additives","8":"first","9":"instock","10":"shipping-taxable","11":"product-type-simple"},"yoast_head":"<!-- This site is optimized with the Yoast SEO plugin v25.3.1 - https:\/\/yoast.com\/wordpress\/plugins\/seo\/ -->\n<title>TEGO Rad 2700 Manufacturer \/ Acrylic Reactive Silicone Additives - Longchang Chemical<\/title>\n<meta name=\"description\" content=\"UV-D7700D is Reactive silicon additive with acrylic functional group-Silicone polyether acrylate with crosslinked free radical,can Completely replaced- TEGO Rad 2700,BYK-UV3510; We are the leading coating and Ink addtives - Surface Additives, Substrate Wetting Agents, Wetting and Dispersing Additives, Defoamers, Leveling Agents, Adhesion Additives and Anti-Graffiti Additives manufacturer and supplier in China with the best quanlity and competitive price.\" \/>\n<meta name=\"robots\" content=\"index, follow, max-snippet:-1, max-image-preview:large, max-video-preview:-1\" \/>\n<link rel=\"canonical\" href=\"https:\/\/longchangchemical.com\/pt\/product\/agesin-uv-d7700d-tego-rad-2700\/\" \/>\n<meta property=\"og:locale\" content=\"pt_BR\" \/>\n<meta property=\"og:type\" content=\"article\" \/>\n<meta property=\"og:title\" content=\"TEGO Rad 2700 Manufacturer \/ Acrylic Reactive Silicone Additives - Longchang Chemical\" \/>\n<meta property=\"og:description\" content=\"UV-D7700D is Reactive silicon additive with acrylic functional group-Silicone polyether acrylate with crosslinked free radical,can Completely replaced- TEGO Rad 2700,BYK-UV3510; We are the leading coating and Ink addtives - Surface Additives, Substrate Wetting Agents, Wetting and Dispersing Additives, Defoamers, Leveling Agents, Adhesion Additives and Anti-Graffiti Additives manufacturer and supplier in China with the best quanlity and competitive price.\" \/>\n<meta property=\"og:url\" content=\"https:\/\/longchangchemical.com\/pt\/product\/agesin-uv-d7700d-tego-rad-2700\/\" \/>\n<meta property=\"og:site_name\" content=\"Longchang Chemical\" \/>\n<meta property=\"article:modified_time\" content=\"2025-04-01T07:10:53+00:00\" \/>\n<meta property=\"og:image\" content=\"https:\/\/longchangchemical.com\/wp-content\/uploads\/2020\/09\/dts1MrvOTESVXEVAphlu7w.jpg\" \/>\n\t<meta property=\"og:image:width\" content=\"722\" \/>\n\t<meta property=\"og:image:height\" content=\"325\" \/>\n\t<meta property=\"og:image:type\" content=\"image\/jpeg\" \/>\n<meta name=\"twitter:card\" content=\"summary_large_image\" \/>\n<script type=\"application\/ld+json\" class=\"yoast-schema-graph\">{\"@context\":\"https:\/\/schema.org\",\"@graph\":[{\"@type\":\"WebPage\",\"@id\":\"https:\/\/longchangchemical.com\/product\/agesin-uv-d7700d-tego-rad-2700\/\",\"url\":\"https:\/\/longchangchemical.com\/product\/agesin-uv-d7700d-tego-rad-2700\/\",\"name\":\"TEGO Rad 2700 Manufacturer \/ Acrylic Reactive Silicone Additives - Longchang Chemical\",\"isPartOf\":{\"@id\":\"https:\/\/longchangchemical.com\/#website\"},\"primaryImageOfPage\":{\"@id\":\"https:\/\/longchangchemical.com\/product\/agesin-uv-d7700d-tego-rad-2700\/#primaryimage\"},\"image\":{\"@id\":\"https:\/\/longchangchemical.com\/product\/agesin-uv-d7700d-tego-rad-2700\/#primaryimage\"},\"thumbnailUrl\":\"https:\/\/longchangchemical.com\/wp-content\/uploads\/2020\/09\/dts1MrvOTESVXEVAphlu7w.jpg\",\"datePublished\":\"2023-02-08T10:48:42+00:00\",\"dateModified\":\"2025-04-01T07:10:53+00:00\",\"description\":\"UV-D7700D is Reactive silicon additive with acrylic functional group-Silicone polyether acrylate with crosslinked free radical,can Completely replaced- TEGO Rad 2700,BYK-UV3510; We are the leading coating and Ink addtives - Surface Additives, Substrate Wetting Agents, Wetting and Dispersing Additives, Defoamers, Leveling Agents, Adhesion Additives and Anti-Graffiti Additives manufacturer and supplier in China with the best quanlity and competitive price.\",\"breadcrumb\":{\"@id\":\"https:\/\/longchangchemical.com\/product\/agesin-uv-d7700d-tego-rad-2700\/#breadcrumb\"},\"inLanguage\":\"pt-BR\",\"potentialAction\":[{\"@type\":\"ReadAction\",\"target\":[\"https:\/\/longchangchemical.com\/product\/agesin-uv-d7700d-tego-rad-2700\/\"]}]},{\"@type\":\"ImageObject\",\"inLanguage\":\"pt-BR\",\"@id\":\"https:\/\/longchangchemical.com\/product\/agesin-uv-d7700d-tego-rad-2700\/#primaryimage\",\"url\":\"https:\/\/longchangchemical.com\/wp-content\/uploads\/2020\/09\/dts1MrvOTESVXEVAphlu7w.jpg\",\"contentUrl\":\"https:\/\/longchangchemical.com\/wp-content\/uploads\/2020\/09\/dts1MrvOTESVXEVAphlu7w.jpg\",\"width\":722,\"height\":325,\"caption\":\"about longchang\"},{\"@type\":\"BreadcrumbList\",\"@id\":\"https:\/\/longchangchemical.com\/product\/agesin-uv-d7700d-tego-rad-2700\/#breadcrumb\",\"itemListElement\":[{\"@type\":\"ListItem\",\"position\":1,\"name\":\"Home\",\"item\":\"https:\/\/longchangchemical.com\/\"},{\"@type\":\"ListItem\",\"position\":2,\"name\":\"Products Longchang\",\"item\":\"https:\/\/longchangchemical.com\/product\/\"},{\"@type\":\"ListItem\",\"position\":3,\"name\":\"CHLUMICRYL\u00ae UV-D7700D \/ TEGO Rad 2700\"}]},{\"@type\":\"WebSite\",\"@id\":\"https:\/\/longchangchemical.com\/#website\",\"url\":\"https:\/\/longchangchemical.com\/\",\"name\":\"Longchang Chemical\",\"description\":\"China chemical manufacturer \uff06 supplier\",\"publisher\":{\"@id\":\"https:\/\/longchangchemical.com\/#organization\"},\"potentialAction\":[{\"@type\":\"SearchAction\",\"target\":{\"@type\":\"EntryPoint\",\"urlTemplate\":\"https:\/\/longchangchemical.com\/?s={search_term_string}\"},\"query-input\":{\"@type\":\"PropertyValueSpecification\",\"valueRequired\":true,\"valueName\":\"search_term_string\"}}],\"inLanguage\":\"pt-BR\"},{\"@type\":\"Organization\",\"@id\":\"https:\/\/longchangchemical.com\/#organization\",\"name\":\"Longchang Chemical\",\"url\":\"https:\/\/longchangchemical.com\/\",\"logo\":{\"@type\":\"ImageObject\",\"inLanguage\":\"pt-BR\",\"@id\":\"https:\/\/longchangchemical.com\/#\/schema\/logo\/image\/\",\"url\":\"https:\/\/longchangchemical.com\/wp-content\/uploads\/2020\/08\/cropped-longchang-logo.png\",\"contentUrl\":\"https:\/\/longchangchemical.com\/wp-content\/uploads\/2020\/08\/cropped-longchang-logo.png\",\"width\":512,\"height\":512,\"caption\":\"Longchang Chemical\"},\"image\":{\"@id\":\"https:\/\/longchangchemical.com\/#\/schema\/logo\/image\/\"}}]}<\/script>\n<!-- \/ Yoast SEO plugin. -->","yoast_head_json":{"title":"TEGO Rad 2700 Fabricante \/ Aditivos de silicone reativo acr\u00edlico - Longchang Chemical","description":"O UV-D7700D \u00e9 um aditivo de silicone reativo com grupo funcional acr\u00edlico - acrilato de poli\u00e9ter de silicone com radical livre reticulado, que pode ser completamente substitu\u00eddo - TEGO Rad 2700, BYK-UV3510; Somos o principal fabricante e fornecedor de aditivos para tintas e revestimentos - aditivos de superf\u00edcie, agentes umectantes de substrato, aditivos umectantes e dispersantes, antiespumantes, agentes de nivelamento, aditivos de ades\u00e3o e aditivos antipicha\u00e7\u00e3o na China, com a melhor qualidade e pre\u00e7o competitivo.","robots":{"index":"index","follow":"follow","max-snippet":"max-snippet:-1","max-image-preview":"max-image-preview:large","max-video-preview":"max-video-preview:-1"},"canonical":"https:\/\/longchangchemical.com\/pt\/product\/agesin-uv-d7700d-tego-rad-2700\/","og_locale":"pt_BR","og_type":"article","og_title":"TEGO Rad 2700 Manufacturer \/ Acrylic Reactive Silicone Additives - Longchang Chemical","og_description":"UV-D7700D is Reactive silicon additive with acrylic functional group-Silicone polyether acrylate with crosslinked free radical,can Completely replaced- TEGO Rad 2700,BYK-UV3510; We are the leading coating and Ink addtives - Surface Additives, Substrate Wetting Agents, Wetting and Dispersing Additives, Defoamers, Leveling Agents, Adhesion Additives and Anti-Graffiti Additives manufacturer and supplier in China with the best quanlity and competitive price.","og_url":"https:\/\/longchangchemical.com\/pt\/product\/agesin-uv-d7700d-tego-rad-2700\/","og_site_name":"Longchang Chemical","article_modified_time":"2025-04-01T07:10:53+00:00","og_image":[{"width":722,"height":325,"url":"https:\/\/longchangchemical.com\/wp-content\/uploads\/2020\/09\/dts1MrvOTESVXEVAphlu7w.jpg","type":"image\/jpeg"}],"twitter_card":"summary_large_image","schema":{"@context":"https:\/\/schema.org","@graph":[{"@type":"WebPage","@id":"https:\/\/longchangchemical.com\/product\/agesin-uv-d7700d-tego-rad-2700\/","url":"https:\/\/longchangchemical.com\/product\/agesin-uv-d7700d-tego-rad-2700\/","name":"TEGO Rad 2700 Fabricante \/ Aditivos de silicone reativo acr\u00edlico - Longchang Chemical","isPartOf":{"@id":"https:\/\/longchangchemical.com\/#website"},"primaryImageOfPage":{"@id":"https:\/\/longchangchemical.com\/product\/agesin-uv-d7700d-tego-rad-2700\/#primaryimage"},"image":{"@id":"https:\/\/longchangchemical.com\/product\/agesin-uv-d7700d-tego-rad-2700\/#primaryimage"},"thumbnailUrl":"https:\/\/longchangchemical.com\/wp-content\/uploads\/2020\/09\/dts1MrvOTESVXEVAphlu7w.jpg","datePublished":"2023-02-08T10:48:42+00:00","dateModified":"2025-04-01T07:10:53+00:00","description":"O UV-D7700D \u00e9 um aditivo de silicone reativo com grupo funcional acr\u00edlico - acrilato de poli\u00e9ter de silicone com radical livre reticulado, que pode ser completamente substitu\u00eddo - TEGO Rad 2700, BYK-UV3510; Somos o principal fabricante e fornecedor de aditivos para tintas e revestimentos - aditivos de superf\u00edcie, agentes umectantes de substrato, aditivos umectantes e dispersantes, antiespumantes, agentes de nivelamento, aditivos de ades\u00e3o e aditivos antipicha\u00e7\u00e3o na China, com a melhor qualidade e pre\u00e7o competitivo.","breadcrumb":{"@id":"https:\/\/longchangchemical.com\/product\/agesin-uv-d7700d-tego-rad-2700\/#breadcrumb"},"inLanguage":"pt-BR","potentialAction":[{"@type":"ReadAction","target":["https:\/\/longchangchemical.com\/product\/agesin-uv-d7700d-tego-rad-2700\/"]}]},{"@type":"ImageObject","inLanguage":"pt-BR","@id":"https:\/\/longchangchemical.com\/product\/agesin-uv-d7700d-tego-rad-2700\/#primaryimage","url":"https:\/\/longchangchemical.com\/wp-content\/uploads\/2020\/09\/dts1MrvOTESVXEVAphlu7w.jpg","contentUrl":"https:\/\/longchangchemical.com\/wp-content\/uploads\/2020\/09\/dts1MrvOTESVXEVAphlu7w.jpg","width":722,"height":325,"caption":"about longchang"},{"@type":"BreadcrumbList","@id":"https:\/\/longchangchemical.com\/product\/agesin-uv-d7700d-tego-rad-2700\/#breadcrumb","itemListElement":[{"@type":"ListItem","position":1,"name":"Home","item":"https:\/\/longchangchemical.com\/"},{"@type":"ListItem","position":2,"name":"Products Longchang","item":"https:\/\/longchangchemical.com\/product\/"},{"@type":"ListItem","position":3,"name":"CHLUMICRYL\u00ae UV-D7700D \/ TEGO Rad 2700"}]},{"@type":"WebSite","@id":"https:\/\/longchangchemical.com\/#website","url":"https:\/\/longchangchemical.com\/","name":"Qu\u00edmica Longchang","description":"Fabricante de produtos qu\u00edmicos na China \uff06 fornecedor","publisher":{"@id":"https:\/\/longchangchemical.com\/#organization"},"potentialAction":[{"@type":"SearchAction","target":{"@type":"EntryPoint","urlTemplate":"https:\/\/longchangchemical.com\/?s={search_term_string}"},"query-input":{"@type":"PropertyValueSpecification","valueRequired":true,"valueName":"search_term_string"}}],"inLanguage":"pt-BR"},{"@type":"Organization","@id":"https:\/\/longchangchemical.com\/#organization","name":"Qu\u00edmica Longchang","url":"https:\/\/longchangchemical.com\/","logo":{"@type":"ImageObject","inLanguage":"pt-BR","@id":"https:\/\/longchangchemical.com\/#\/schema\/logo\/image\/","url":"https:\/\/longchangchemical.com\/wp-content\/uploads\/2020\/08\/cropped-longchang-logo.png","contentUrl":"https:\/\/longchangchemical.com\/wp-content\/uploads\/2020\/08\/cropped-longchang-logo.png","width":512,"height":512,"caption":"Longchang Chemical"},"image":{"@id":"https:\/\/longchangchemical.com\/#\/schema\/logo\/image\/"}}]}},"_links":{"self":[{"href":"https:\/\/longchangchemical.com\/pt\/wp-json\/wp\/v2\/product\/5902","targetHints":{"allow":["GET"]}}],"collection":[{"href":"https:\/\/longchangchemical.com\/pt\/wp-json\/wp\/v2\/product"}],"about":[{"href":"https:\/\/longchangchemical.com\/pt\/wp-json\/wp\/v2\/types\/product"}],"replies":[{"embeddable":true,"href":"https:\/\/longchangchemical.com\/pt\/wp-json\/wp\/v2\/comments?post=5902"}],"wp:featuredmedia":[{"embeddable":true,"href":"https:\/\/longchangchemical.com\/pt\/wp-json\/wp\/v2\/media\/3099"}],"wp:attachment":[{"href":"https:\/\/longchangchemical.com\/pt\/wp-json\/wp\/v2\/media?parent=5902"}],"wp:term":[{"taxonomy":"product_brand","embeddable":true,"href":"https:\/\/longchangchemical.com\/pt\/wp-json\/wp\/v2\/product_brand?post=5902"},{"taxonomy":"product_cat","embeddable":true,"href":"https:\/\/longchangchemical.com\/pt\/wp-json\/wp\/v2\/product_cat?post=5902"},{"taxonomy":"product_tag","embeddable":true,"href":"https:\/\/longchangchemical.com\/pt\/wp-json\/wp\/v2\/product_tag?post=5902"}],"curies":[{"name":"wp","href":"https:\/\/api.w.org\/{rel}","templated":true}]}}