{"id":5899,"date":"2023-02-12T10:58:21","date_gmt":"2023-02-12T10:58:21","guid":{"rendered":"https:\/\/longchangchemical.com\/?post_type=product&#038;p=5899"},"modified":"2026-05-08T08:26:16","modified_gmt":"2026-05-08T08:26:16","slug":"agesin-we-d980-defoamer","status":"publish","type":"product","link":"https:\/\/longchangchemical.com\/pt\/product\/agesin-we-d980-defoamer\/","title":{"rendered":"CHLUMICRYL\u00ae DF-D980 \/ Antiespumante"},"content":{"rendered":"<h2><strong> DF-D980 \/ Antiespumante<\/strong><\/h2>\n<table style=\"border-collapse: collapse; width: 174.78pt;\" border=\"0\" width=\"233\" cellspacing=\"0\" cellpadding=\"0\">\n<tbody>\n<tr style=\"height: 24.00pt;\">\n<td class=\"et2\" style=\"height: 24.00pt; width: 54.00pt;\" width=\"72\" height=\"32\">Composi\u00e7\u00e3o<\/td>\n<td class=\"et2\" style=\"width: 120.75pt;\" width=\"161\">Compostos de polissiloxano com part\u00edculas hidrof\u00f3bicas<\/td>\n<\/tr>\n<tr style=\"height: 24.00pt;\">\n<td class=\"et2\" style=\"height: 24.00pt; width: 54.00pt;\" width=\"72\" height=\"32\">Apar\u00eancia<\/td>\n<td class=\"et2\" style=\"width: 120.75pt;\" width=\"161\">L\u00edquido viscoso branco leitoso transl\u00facido<\/td>\n<\/tr>\n<tr style=\"height: 13.50pt;\">\n<td class=\"et2\" style=\"height: 13.50pt; width: 54.00pt;\" width=\"72\" height=\"18\">Solvente Sinosolv<\/td>\n<td class=\"et2\" style=\"width: 120.75pt;\" width=\"161\">&#8212;<\/td>\n<\/tr>\n<tr style=\"height: 13.50pt;\">\n<td class=\"et2\" style=\"height: 13.50pt; width: 54.00pt;\" width=\"72\" height=\"18\">Densidade<\/td>\n<td class=\"et2\" style=\"width: 120.75pt;\" width=\"161\">0,96-1,00 g\/ml (25\u00b11)\u2103<\/td>\n<\/tr>\n<tr style=\"height: 35.25pt;\">\n<td class=\"et2\" style=\"height: 35.25pt; width: 54.00pt;\" width=\"72\" height=\"47\">Viscosidade<\/td>\n<td class=\"et2\" style=\"width: 120.75pt;\" width=\"161\">200-2500mPa-s (m\u00e9todo do viscos\u00edmetro de bolhas) (25\u00b10,2)\u2103<\/td>\n<\/tr>\n<tr style=\"height: 24.00pt;\">\n<td class=\"et2\" style=\"height: 24.00pt; width: 54.00pt;\" width=\"72\" height=\"32\">Conte\u00fado s\u00f3lido<\/td>\n<td class=\"et2\" style=\"width: 120.75pt;\" width=\"161\">\u226595 % (140\u2103 2h)<\/td>\n<\/tr>\n<tr style=\"height: 13.50pt;\">\n<td class=\"et2\" style=\"height: 13.50pt; width: 54.00pt;\" width=\"72\" height=\"18\">Ponto de fulgor<\/td>\n<td class=\"et2\" style=\"width: 120.75pt;\" width=\"161\">&gt;100\u2103<\/td>\n<\/tr>\n<\/tbody>\n<\/table>\n<p>Observa\u00e7\u00e3o: esse desempenho representa apenas resultados t\u00edpicos e n\u00e3o \u00e9 considerado uma especifica\u00e7\u00e3o, com base no COA espec\u00edfico.<\/p>\n<p>\u00c1reas de aplica\u00e7\u00e3o<\/p>\n<p>Sistemas cur\u00e1veis por UV \u00e0 base de solvente<\/p>\n<p>Principais caracter\u00edsticas<\/p>\n<p>1 \u3001 Possui excelente capacidade de inibi\u00e7\u00e3o de espuma e remo\u00e7\u00e3o de espuma.<br \/>\n2 \u3001 Como cont\u00e9m part\u00edculas hidrof\u00f3bicas, pode haver precipita\u00e7\u00e3o durante o armazenamento, desde que seja bem agitado antes do uso, isso n\u00e3o afeta a qualidade do produto.<br \/>\n3 \u3001 Se usado ap\u00f3s a dilui\u00e7\u00e3o com solvente, observe que o per\u00edodo de armazenamento da solu\u00e7\u00e3o dilu\u00edda \u00e9 limitado a 1-2 dias.<br \/>\n4\u3001N\u00e3o se aplica a verniz.<\/p>\n<p>M\u00e9todo de uso<\/p>\n<p>Para melhorar a inibi\u00e7\u00e3o da espuma, a forma\u00e7\u00e3o de espuma e a velocidade de forma\u00e7\u00e3o de espuma do sistema, ele deve ser adicionado ao material abrasivo.<\/p>\n<p>Dosagem recomendada<\/p>\n<p>Quantidade de adi\u00e7\u00e3o (f\u00f3rmula total) 0,2-1,0%<\/p>\n<p>Estabilidade de armazenamento<\/p>\n<p>Manter na embalagem original fechada por 24 meses. Pode ocorrer estratifica\u00e7\u00e3o e turbidez em temperaturas abaixo de 5\u00b0C. O aquecimento e a mistura completa antes do uso n\u00e3o afetar\u00e3o a qualidade do produto. O produto ap\u00f3s o per\u00edodo de armazenamento pode continuar a ser usado depois de passar pela inspe\u00e7\u00e3o. Antes que o recipiente esteja completamente vazio, ele deve ser bem fechado imediatamente ap\u00f3s o uso.<\/p>\n<p>Embalagem<\/p>\n<p>25KG \/ 180KG.<\/p>\n<h2><strong><b>Entre em contato conosco agora!<\/b><\/strong><\/h2>\n<h4><strong><b>Se precisar de COA, MSDS ou TDS, preencha suas informa\u00e7\u00f5es de contato no formul\u00e1rio abaixo. Normalmente, entraremos em contato em 24 horas. Voc\u00ea tamb\u00e9m pode me enviar um e-mail<span style=\"color: #00ccff;\"> <a style=\"color: #00ccff;\" href=\"mailto:info@longchangchemical.com\">info@longchangchemical.com<\/a><\/span> durante o hor\u00e1rio comercial (das 8h30 \u00e0s 18h UTC+8 de segunda a s\u00e1bado) ou use o bate-papo ao vivo do site para obter uma resposta imediata.<\/b><\/strong><\/h4>","protected":false},"excerpt":{"rendered":"<p>DF-D980 Defoamer is a defoamer for foam control in coatings, inks and process systems. Key properties include 1\u3001It has very good ability of foam inhibition and defoaming. 2\u3001Since it contains hydrophobic particles and there may be precipitation during.<\/p>","protected":false},"featured_media":5910,"comment_status":"closed","ping_status":"closed","template":"","meta":[],"product_brand":[],"product_cat":[138],"product_tag":[],"class_list":{"0":"post-5899","1":"product","2":"type-product","3":"status-publish","4":"has-post-thumbnail","6":"product_cat-coating-and-ink-additives","8":"first","9":"instock","10":"shipping-taxable","11":"product-type-simple"},"yoast_head":"<!-- This site is optimized with the Yoast SEO plugin v25.3.1 - https:\/\/yoast.com\/wordpress\/plugins\/seo\/ -->\n<title>DF-D980 Defoamer | Longchang Chemical<\/title>\n<meta name=\"description\" content=\"DF-D980 Defoamer is a defoamer for foam control in coatings, inks and process systems. Key properties include 1\u3001It has very good ability of foam\" \/>\n<meta name=\"robots\" content=\"index, follow, max-snippet:-1, max-image-preview:large, max-video-preview:-1\" \/>\n<link rel=\"canonical\" href=\"https:\/\/longchangchemical.com\/pt\/product\/agesin-we-d980-defoamer\/\" \/>\n<meta property=\"og:locale\" content=\"pt_BR\" \/>\n<meta property=\"og:type\" content=\"article\" \/>\n<meta property=\"og:title\" content=\"DF-D980 Defoamer | Longchang Chemical\" \/>\n<meta property=\"og:description\" content=\"DF-D980 Defoamer is a defoamer for foam control in coatings, inks and process systems. Key properties include 1\u3001It has very good ability of foam\" \/>\n<meta property=\"og:url\" content=\"https:\/\/longchangchemical.com\/pt\/product\/agesin-we-d980-defoamer\/\" \/>\n<meta property=\"og:site_name\" content=\"Longchang Chemical\" \/>\n<meta property=\"article:modified_time\" content=\"2026-05-08T08:26:16+00:00\" \/>\n<meta property=\"og:image\" content=\"https:\/\/longchangchemical.com\/wp-content\/uploads\/2023\/02\/-WE-D980.jpg\" \/>\n\t<meta property=\"og:image:width\" content=\"800\" \/>\n\t<meta property=\"og:image:height\" content=\"800\" \/>\n\t<meta property=\"og:image:type\" content=\"image\/jpeg\" \/>\n<meta name=\"twitter:card\" content=\"summary_large_image\" \/>\n<script type=\"application\/ld+json\" class=\"yoast-schema-graph\">{\"@context\":\"https:\/\/schema.org\",\"@graph\":[{\"@type\":\"WebPage\",\"@id\":\"https:\/\/longchangchemical.com\/product\/agesin-we-d980-defoamer\/\",\"url\":\"https:\/\/longchangchemical.com\/product\/agesin-we-d980-defoamer\/\",\"name\":\"DF-D980 Defoamer | Longchang Chemical\",\"isPartOf\":{\"@id\":\"https:\/\/longchangchemical.com\/#website\"},\"primaryImageOfPage\":{\"@id\":\"https:\/\/longchangchemical.com\/product\/agesin-we-d980-defoamer\/#primaryimage\"},\"image\":{\"@id\":\"https:\/\/longchangchemical.com\/product\/agesin-we-d980-defoamer\/#primaryimage\"},\"thumbnailUrl\":\"https:\/\/longchangchemical.com\/wp-content\/uploads\/2023\/02\/-WE-D980.jpg\",\"datePublished\":\"2023-02-12T10:58:21+00:00\",\"dateModified\":\"2026-05-08T08:26:16+00:00\",\"description\":\"DF-D980 Defoamer is a defoamer for foam control in coatings, inks and process systems. Key properties include 1\u3001It has very good ability of foam\",\"breadcrumb\":{\"@id\":\"https:\/\/longchangchemical.com\/product\/agesin-we-d980-defoamer\/#breadcrumb\"},\"inLanguage\":\"pt-BR\",\"potentialAction\":[{\"@type\":\"ReadAction\",\"target\":[\"https:\/\/longchangchemical.com\/product\/agesin-we-d980-defoamer\/\"]}]},{\"@type\":\"ImageObject\",\"inLanguage\":\"pt-BR\",\"@id\":\"https:\/\/longchangchemical.com\/product\/agesin-we-d980-defoamer\/#primaryimage\",\"url\":\"https:\/\/longchangchemical.com\/wp-content\/uploads\/2023\/02\/-WE-D980.jpg\",\"contentUrl\":\"https:\/\/longchangchemical.com\/wp-content\/uploads\/2023\/02\/-WE-D980.jpg\",\"width\":800,\"height\":800},{\"@type\":\"BreadcrumbList\",\"@id\":\"https:\/\/longchangchemical.com\/product\/agesin-we-d980-defoamer\/#breadcrumb\",\"itemListElement\":[{\"@type\":\"ListItem\",\"position\":1,\"name\":\"Home\",\"item\":\"https:\/\/longchangchemical.com\/\"},{\"@type\":\"ListItem\",\"position\":2,\"name\":\"Products Longchang\",\"item\":\"https:\/\/longchangchemical.com\/product\/\"},{\"@type\":\"ListItem\",\"position\":3,\"name\":\"CHLUMICRYL\u00ae DF-D980 \/ Defoamer\"}]},{\"@type\":\"WebSite\",\"@id\":\"https:\/\/longchangchemical.com\/#website\",\"url\":\"https:\/\/longchangchemical.com\/\",\"name\":\"Longchang Chemical\",\"description\":\"China chemical manufacturer \uff06 supplier\",\"publisher\":{\"@id\":\"https:\/\/longchangchemical.com\/#organization\"},\"potentialAction\":[{\"@type\":\"SearchAction\",\"target\":{\"@type\":\"EntryPoint\",\"urlTemplate\":\"https:\/\/longchangchemical.com\/?s={search_term_string}\"},\"query-input\":{\"@type\":\"PropertyValueSpecification\",\"valueRequired\":true,\"valueName\":\"search_term_string\"}}],\"inLanguage\":\"pt-BR\"},{\"@type\":\"Organization\",\"@id\":\"https:\/\/longchangchemical.com\/#organization\",\"name\":\"Longchang Chemical\",\"url\":\"https:\/\/longchangchemical.com\/\",\"logo\":{\"@type\":\"ImageObject\",\"inLanguage\":\"pt-BR\",\"@id\":\"https:\/\/longchangchemical.com\/#\/schema\/logo\/image\/\",\"url\":\"https:\/\/longchangchemical.com\/wp-content\/uploads\/2020\/08\/cropped-longchang-logo.png\",\"contentUrl\":\"https:\/\/longchangchemical.com\/wp-content\/uploads\/2020\/08\/cropped-longchang-logo.png\",\"width\":512,\"height\":512,\"caption\":\"Longchang Chemical\"},\"image\":{\"@id\":\"https:\/\/longchangchemical.com\/#\/schema\/logo\/image\/\"}}]}<\/script>\n<!-- \/ Yoast SEO plugin. -->","yoast_head_json":{"title":"DF-D980 Defoamer | Longchang Chemical","description":"DF-D980 Defoamer is a defoamer for foam control in coatings, inks and process systems. Key properties include 1\u3001It has very good ability of foam","robots":{"index":"index","follow":"follow","max-snippet":"max-snippet:-1","max-image-preview":"max-image-preview:large","max-video-preview":"max-video-preview:-1"},"canonical":"https:\/\/longchangchemical.com\/pt\/product\/agesin-we-d980-defoamer\/","og_locale":"pt_BR","og_type":"article","og_title":"DF-D980 Defoamer | Longchang Chemical","og_description":"DF-D980 Defoamer is a defoamer for foam control in coatings, inks and process systems. Key properties include 1\u3001It has very good ability of foam","og_url":"https:\/\/longchangchemical.com\/pt\/product\/agesin-we-d980-defoamer\/","og_site_name":"Longchang Chemical","article_modified_time":"2026-05-08T08:26:16+00:00","og_image":[{"width":800,"height":800,"url":"https:\/\/longchangchemical.com\/wp-content\/uploads\/2023\/02\/-WE-D980.jpg","type":"image\/jpeg"}],"twitter_card":"summary_large_image","schema":{"@context":"https:\/\/schema.org","@graph":[{"@type":"WebPage","@id":"https:\/\/longchangchemical.com\/product\/agesin-we-d980-defoamer\/","url":"https:\/\/longchangchemical.com\/product\/agesin-we-d980-defoamer\/","name":"DF-D980 Defoamer | Longchang Chemical","isPartOf":{"@id":"https:\/\/longchangchemical.com\/#website"},"primaryImageOfPage":{"@id":"https:\/\/longchangchemical.com\/product\/agesin-we-d980-defoamer\/#primaryimage"},"image":{"@id":"https:\/\/longchangchemical.com\/product\/agesin-we-d980-defoamer\/#primaryimage"},"thumbnailUrl":"https:\/\/longchangchemical.com\/wp-content\/uploads\/2023\/02\/-WE-D980.jpg","datePublished":"2023-02-12T10:58:21+00:00","dateModified":"2026-05-08T08:26:16+00:00","description":"DF-D980 Defoamer is a defoamer for foam control in coatings, inks and process systems. Key properties include 1\u3001It has very good ability of foam","breadcrumb":{"@id":"https:\/\/longchangchemical.com\/product\/agesin-we-d980-defoamer\/#breadcrumb"},"inLanguage":"pt-BR","potentialAction":[{"@type":"ReadAction","target":["https:\/\/longchangchemical.com\/product\/agesin-we-d980-defoamer\/"]}]},{"@type":"ImageObject","inLanguage":"pt-BR","@id":"https:\/\/longchangchemical.com\/product\/agesin-we-d980-defoamer\/#primaryimage","url":"https:\/\/longchangchemical.com\/wp-content\/uploads\/2023\/02\/-WE-D980.jpg","contentUrl":"https:\/\/longchangchemical.com\/wp-content\/uploads\/2023\/02\/-WE-D980.jpg","width":800,"height":800},{"@type":"BreadcrumbList","@id":"https:\/\/longchangchemical.com\/product\/agesin-we-d980-defoamer\/#breadcrumb","itemListElement":[{"@type":"ListItem","position":1,"name":"Home","item":"https:\/\/longchangchemical.com\/"},{"@type":"ListItem","position":2,"name":"Products Longchang","item":"https:\/\/longchangchemical.com\/product\/"},{"@type":"ListItem","position":3,"name":"CHLUMICRYL\u00ae DF-D980 \/ Defoamer"}]},{"@type":"WebSite","@id":"https:\/\/longchangchemical.com\/#website","url":"https:\/\/longchangchemical.com\/","name":"Qu\u00edmica Longchang","description":"Fabricante de produtos qu\u00edmicos na China \uff06 fornecedor","publisher":{"@id":"https:\/\/longchangchemical.com\/#organization"},"potentialAction":[{"@type":"SearchAction","target":{"@type":"EntryPoint","urlTemplate":"https:\/\/longchangchemical.com\/?s={search_term_string}"},"query-input":{"@type":"PropertyValueSpecification","valueRequired":true,"valueName":"search_term_string"}}],"inLanguage":"pt-BR"},{"@type":"Organization","@id":"https:\/\/longchangchemical.com\/#organization","name":"Qu\u00edmica Longchang","url":"https:\/\/longchangchemical.com\/","logo":{"@type":"ImageObject","inLanguage":"pt-BR","@id":"https:\/\/longchangchemical.com\/#\/schema\/logo\/image\/","url":"https:\/\/longchangchemical.com\/wp-content\/uploads\/2020\/08\/cropped-longchang-logo.png","contentUrl":"https:\/\/longchangchemical.com\/wp-content\/uploads\/2020\/08\/cropped-longchang-logo.png","width":512,"height":512,"caption":"Longchang Chemical"},"image":{"@id":"https:\/\/longchangchemical.com\/#\/schema\/logo\/image\/"}}]}},"_links":{"self":[{"href":"https:\/\/longchangchemical.com\/pt\/wp-json\/wp\/v2\/product\/5899","targetHints":{"allow":["GET"]}}],"collection":[{"href":"https:\/\/longchangchemical.com\/pt\/wp-json\/wp\/v2\/product"}],"about":[{"href":"https:\/\/longchangchemical.com\/pt\/wp-json\/wp\/v2\/types\/product"}],"replies":[{"embeddable":true,"href":"https:\/\/longchangchemical.com\/pt\/wp-json\/wp\/v2\/comments?post=5899"}],"wp:featuredmedia":[{"embeddable":true,"href":"https:\/\/longchangchemical.com\/pt\/wp-json\/wp\/v2\/media\/5910"}],"wp:attachment":[{"href":"https:\/\/longchangchemical.com\/pt\/wp-json\/wp\/v2\/media?parent=5899"}],"wp:term":[{"taxonomy":"product_brand","embeddable":true,"href":"https:\/\/longchangchemical.com\/pt\/wp-json\/wp\/v2\/product_brand?post=5899"},{"taxonomy":"product_cat","embeddable":true,"href":"https:\/\/longchangchemical.com\/pt\/wp-json\/wp\/v2\/product_cat?post=5899"},{"taxonomy":"product_tag","embeddable":true,"href":"https:\/\/longchangchemical.com\/pt\/wp-json\/wp\/v2\/product_tag?post=5899"}],"curies":[{"name":"wp","href":"https:\/\/api.w.org\/{rel}","templated":true}]}}