{"id":5896,"date":"2023-02-06T14:19:42","date_gmt":"2023-02-06T14:19:42","guid":{"rendered":"https:\/\/longchangchemical.com\/?post_type=product&#038;p=5896"},"modified":"2025-04-01T07:11:04","modified_gmt":"2025-04-01T07:11:04","slug":"agesin-we-d9904br-defoamer","status":"publish","type":"product","link":"https:\/\/longchangchemical.com\/pt\/product\/agesin-we-d9904br-defoamer\/","title":{"rendered":"CHLUMICRYL\u00ae DF-D9904BR \/ Antiespumante"},"content":{"rendered":"<h1><strong> DF-D9904BR \/ Antiespumante<\/strong><\/h1>\n<table style=\"border-collapse: collapse; width: 243.78pt;\" border=\"0\" width=\"325\" cellspacing=\"0\" cellpadding=\"0\">\n<tbody>\n<tr style=\"height: 36.00pt;\">\n<td class=\"et2\" style=\"height: 36.00pt; width: 113.25pt;\" width=\"151\" height=\"48\">Composi\u00e7\u00e3o<\/td>\n<td class=\"et2\" style=\"width: 130.50pt;\" width=\"174\">Composto de polissiloxano modificado com poli\u00e9ter, sem s\u00edlica<\/td>\n<\/tr>\n<tr style=\"height: 13.50pt;\">\n<td class=\"et2\" style=\"height: 13.50pt; width: 113.25pt;\" width=\"151\" height=\"18\">Apar\u00eancia<\/td>\n<td class=\"et2\" style=\"width: 130.50pt;\" width=\"174\">L\u00edquido transparente<\/td>\n<\/tr>\n<tr style=\"height: 24.00pt;\">\n<td class=\"et2\" style=\"height: 24.00pt; width: 113.25pt;\" width=\"151\" height=\"32\">Solvente Sinosolv<\/td>\n<td class=\"et2\" style=\"width: 130.50pt;\" width=\"174\">\u00c9ter met\u00edlico de dipropilenoglicol<\/td>\n<\/tr>\n<tr style=\"height: 13.50pt;\">\n<td class=\"et2\" style=\"height: 13.50pt; width: 113.25pt;\" width=\"151\" height=\"18\">Densidade<\/td>\n<td class=\"et2\" style=\"width: 130.50pt;\" width=\"174\">0,95-0,99 g\/ml (25\u00b11)\u2103<\/td>\n<\/tr>\n<tr style=\"height: 24.00pt;\">\n<td class=\"et2\" style=\"height: 24.00pt; width: 113.25pt;\" width=\"151\" height=\"32\">Viscosidade<\/td>\n<td class=\"et2\" style=\"width: 130.50pt;\" width=\"174\">6-30 s (m\u00e9todo do copo de revestimento-4) (25\u00b10,2)\u2103<\/td>\n<\/tr>\n<tr style=\"height: 13.50pt;\">\n<td class=\"et2\" style=\"height: 13.50pt; width: 113.25pt;\" width=\"151\" height=\"18\">Conte\u00fado da subst\u00e2ncia ativa<\/td>\n<td class=\"et3\" style=\"width: 130.50pt;\" width=\"174\">30%<\/td>\n<\/tr>\n<tr style=\"height: 13.50pt;\">\n<td class=\"et2\" style=\"height: 13.50pt; width: 113.25pt;\" width=\"151\" height=\"18\">Ponto de fulgor<\/td>\n<td class=\"et2\" style=\"width: 130.50pt;\" width=\"174\">\u226570\u2103<\/td>\n<\/tr>\n<\/tbody>\n<\/table>\n<p>&nbsp;<\/p>\n<p>Observa\u00e7\u00e3o: esse desempenho representa apenas resultados t\u00edpicos e n\u00e3o \u00e9 considerado uma especifica\u00e7\u00e3o, com base no COA espec\u00edfico.<\/p>\n<h2><strong> \u00c1reas de aplica\u00e7\u00e3o do WE-D9904BR<\/strong><\/h2>\n<p>Sistemas \u00e0 base de \u00e1gua<\/p>\n<h2><strong> WE-D9904BR Principais caracter\u00edsticas<\/strong><\/h2>\n<p>1\u3001N\u00e3o cont\u00e9m s\u00edlica e tem boa propriedade antiespumante para evitar microbolhas e furos no filme de revestimento de tintas e revestimentos \u00e0 base de \u00e1gua.<br \/>\n2 \u3001 Precisa ser adicionado em condi\u00e7\u00f5es de alto cisalhamento, n\u00e3o sendo recomendado que seja adicionado depois.<\/p>\n<h2><strong> WE-D9904BR M\u00e9todo de uso<\/strong><\/h2>\n<p>Para melhorar a compatibilidade entre o antiespumante e o sistema de resina, recomenda-se adicionar primeiro o antiespumante ao co-solvente e, em seguida, adicion\u00e1-lo ao abrasivo sob agita\u00e7\u00e3o de alta velocidade para dispersar uniformemente.<\/p>\n<p>Dosagem recomendada<\/p>\n<p>Quantidade de adi\u00e7\u00e3o (f\u00f3rmula total) 0,1-1,0%<\/p>\n<h2><strong>Estabilidade de armazenamento<\/strong><\/h2>\n<p>Manter na embalagem original fechada por 24 meses. Pode ocorrer estratifica\u00e7\u00e3o e turbidez quando a temperatura estiver abaixo de 5\u00b0C. O aquecimento e a mistura completa antes do uso n\u00e3o afetar\u00e3o a qualidade do produto. O produto ap\u00f3s o per\u00edodo de armazenamento pode continuar a ser usado depois de passar pela inspe\u00e7\u00e3o. Antes que o recipiente esteja completamente vazio, ele deve ser bem fechado imediatamente ap\u00f3s o uso.<\/p>\n<h2><strong> Embalagem WE-D9904BR<\/strong><\/h2>\n<p>25KG \/ 180KG.<\/p>\n<h2><strong><b>Entre em contato conosco agora!<\/b><\/strong><\/h2>\n<h4><strong><b>Se precisar de COA, MSDS ou TDS, preencha suas informa\u00e7\u00f5es de contato no formul\u00e1rio abaixo. Normalmente, entraremos em contato em 24 horas. Voc\u00ea tamb\u00e9m pode me enviar um e-mail<span style=\"color: #00ccff;\"> <a style=\"color: #00ccff;\" href=\"mailto:info@longchangchemical.com\">info@longchangchemical.com<\/a><\/span> durante o hor\u00e1rio comercial (das 8h30 \u00e0s 18h UTC+8 de segunda a s\u00e1bado) ou use o bate-papo ao vivo do site para obter uma resposta imediata.<\/b><\/strong><\/h4>\n<p>&nbsp;<\/p>","protected":false},"excerpt":{"rendered":"<p>DF-D9904BR \/ Defoamer Composi\u00e7\u00e3o Composto de polissiloxano modificado com poli\u00e9ter, livre de s\u00edlica Apar\u00eancia L\u00edquido transparente Solvente \u00c9ter met\u00edlico de dipropilenoglicol Densidade 0,95-0,99 g\/ml (25\u00b11)\u2103 Viscosidade 6-30 s (m\u00e9todo coating-4 cup)(25\u00b10,2)\u2103 Teor da subst\u00e2ncia ativa 30% Ponto de fulgor \u226570\u2103 Observa\u00e7\u00e3o: Esse desempenho representa apenas resultados t\u00edpicos e n\u00e3o \u00e9 considerado uma especifica\u00e7\u00e3o, com base no COA espec\u00edfico. WE-D9904BR [...]<\/p>","protected":false},"featured_media":5912,"comment_status":"closed","ping_status":"closed","template":"","meta":[],"product_brand":[],"product_cat":[138],"product_tag":[],"class_list":{"0":"post-5896","1":"product","2":"type-product","3":"status-publish","4":"has-post-thumbnail","6":"product_cat-coating-and-ink-additives","8":"first","9":"instock","10":"shipping-taxable","11":"product-type-simple"},"yoast_head":"<!-- This site is optimized with the Yoast SEO plugin v25.3.1 - https:\/\/yoast.com\/wordpress\/plugins\/seo\/ -->\n<title>China CHLUMICRYL\u00ae DF-D9904BR \/ Defoamer Manufacturer - Longchang Chemical<\/title>\n<meta name=\"description\" content=\"CHLUMICRYL\u00ae DF-D9904BR \/ Defoamer is a key product of Longchang Chemical. We provide the best price. We are the leading manufacturer in China with the best quality and competitive price.\" \/>\n<meta name=\"robots\" content=\"index, follow, max-snippet:-1, max-image-preview:large, max-video-preview:-1\" \/>\n<link rel=\"canonical\" href=\"https:\/\/longchangchemical.com\/pt\/product\/agesin-we-d9904br-defoamer\/\" \/>\n<meta property=\"og:locale\" content=\"pt_BR\" \/>\n<meta property=\"og:type\" content=\"article\" \/>\n<meta property=\"og:title\" content=\"China CHLUMICRYL\u00ae DF-D9904BR \/ Defoamer Manufacturer - Longchang Chemical\" \/>\n<meta property=\"og:description\" content=\"CHLUMICRYL\u00ae DF-D9904BR \/ Defoamer is a key product of Longchang Chemical. We provide the best price. We are the leading manufacturer in China with the best quality and competitive price.\" \/>\n<meta property=\"og:url\" content=\"https:\/\/longchangchemical.com\/pt\/product\/agesin-we-d9904br-defoamer\/\" \/>\n<meta property=\"og:site_name\" content=\"Longchang Chemical\" \/>\n<meta property=\"article:modified_time\" content=\"2025-04-01T07:11:04+00:00\" \/>\n<meta property=\"og:image\" content=\"https:\/\/longchangchemical.com\/wp-content\/uploads\/2023\/02\/-WE-D9904BR-Defoamer.jpg\" \/>\n\t<meta property=\"og:image:width\" content=\"800\" \/>\n\t<meta property=\"og:image:height\" content=\"800\" \/>\n\t<meta property=\"og:image:type\" content=\"image\/jpeg\" \/>\n<meta name=\"twitter:card\" content=\"summary_large_image\" \/>\n<script type=\"application\/ld+json\" class=\"yoast-schema-graph\">{\"@context\":\"https:\/\/schema.org\",\"@graph\":[{\"@type\":\"WebPage\",\"@id\":\"https:\/\/longchangchemical.com\/product\/agesin-we-d9904br-defoamer\/\",\"url\":\"https:\/\/longchangchemical.com\/product\/agesin-we-d9904br-defoamer\/\",\"name\":\"China CHLUMICRYL\u00ae DF-D9904BR \/ Defoamer Manufacturer - Longchang Chemical\",\"isPartOf\":{\"@id\":\"https:\/\/longchangchemical.com\/#website\"},\"primaryImageOfPage\":{\"@id\":\"https:\/\/longchangchemical.com\/product\/agesin-we-d9904br-defoamer\/#primaryimage\"},\"image\":{\"@id\":\"https:\/\/longchangchemical.com\/product\/agesin-we-d9904br-defoamer\/#primaryimage\"},\"thumbnailUrl\":\"https:\/\/longchangchemical.com\/wp-content\/uploads\/2023\/02\/-WE-D9904BR-Defoamer.jpg\",\"datePublished\":\"2023-02-06T14:19:42+00:00\",\"dateModified\":\"2025-04-01T07:11:04+00:00\",\"description\":\"CHLUMICRYL\u00ae DF-D9904BR \/ Defoamer is a key product of Longchang Chemical. We provide the best price. We are the leading manufacturer in China with the best quality and competitive price.\",\"breadcrumb\":{\"@id\":\"https:\/\/longchangchemical.com\/product\/agesin-we-d9904br-defoamer\/#breadcrumb\"},\"inLanguage\":\"pt-BR\",\"potentialAction\":[{\"@type\":\"ReadAction\",\"target\":[\"https:\/\/longchangchemical.com\/product\/agesin-we-d9904br-defoamer\/\"]}]},{\"@type\":\"ImageObject\",\"inLanguage\":\"pt-BR\",\"@id\":\"https:\/\/longchangchemical.com\/product\/agesin-we-d9904br-defoamer\/#primaryimage\",\"url\":\"https:\/\/longchangchemical.com\/wp-content\/uploads\/2023\/02\/-WE-D9904BR-Defoamer.jpg\",\"contentUrl\":\"https:\/\/longchangchemical.com\/wp-content\/uploads\/2023\/02\/-WE-D9904BR-Defoamer.jpg\",\"width\":800,\"height\":800,\"caption\":\"WE-D9904BR \/ Defoamer\"},{\"@type\":\"BreadcrumbList\",\"@id\":\"https:\/\/longchangchemical.com\/product\/agesin-we-d9904br-defoamer\/#breadcrumb\",\"itemListElement\":[{\"@type\":\"ListItem\",\"position\":1,\"name\":\"Home\",\"item\":\"https:\/\/longchangchemical.com\/\"},{\"@type\":\"ListItem\",\"position\":2,\"name\":\"Products Longchang\",\"item\":\"https:\/\/longchangchemical.com\/product\/\"},{\"@type\":\"ListItem\",\"position\":3,\"name\":\"CHLUMICRYL\u00ae DF-D9904BR \/ Defoamer\"}]},{\"@type\":\"WebSite\",\"@id\":\"https:\/\/longchangchemical.com\/#website\",\"url\":\"https:\/\/longchangchemical.com\/\",\"name\":\"Longchang Chemical\",\"description\":\"China chemical manufacturer \uff06 supplier\",\"publisher\":{\"@id\":\"https:\/\/longchangchemical.com\/#organization\"},\"potentialAction\":[{\"@type\":\"SearchAction\",\"target\":{\"@type\":\"EntryPoint\",\"urlTemplate\":\"https:\/\/longchangchemical.com\/?s={search_term_string}\"},\"query-input\":{\"@type\":\"PropertyValueSpecification\",\"valueRequired\":true,\"valueName\":\"search_term_string\"}}],\"inLanguage\":\"pt-BR\"},{\"@type\":\"Organization\",\"@id\":\"https:\/\/longchangchemical.com\/#organization\",\"name\":\"Longchang Chemical\",\"url\":\"https:\/\/longchangchemical.com\/\",\"logo\":{\"@type\":\"ImageObject\",\"inLanguage\":\"pt-BR\",\"@id\":\"https:\/\/longchangchemical.com\/#\/schema\/logo\/image\/\",\"url\":\"https:\/\/longchangchemical.com\/wp-content\/uploads\/2020\/08\/cropped-longchang-logo.png\",\"contentUrl\":\"https:\/\/longchangchemical.com\/wp-content\/uploads\/2020\/08\/cropped-longchang-logo.png\",\"width\":512,\"height\":512,\"caption\":\"Longchang Chemical\"},\"image\":{\"@id\":\"https:\/\/longchangchemical.com\/#\/schema\/logo\/image\/\"}}]}<\/script>\n<!-- \/ Yoast SEO plugin. -->","yoast_head_json":{"title":"China CHLUMICRYL\u00ae DF-D9904BR \/ Fabricante de antiespumante - Longchang Chemical","description":"CHLUMICRYL\u00ae DF-D9904BR \/ Defoamer \u00e9 um produto-chave da Longchang Chemical. Oferecemos o melhor pre\u00e7o. Somos o fabricante l\u00edder na China, com a melhor qualidade e pre\u00e7o competitivo.","robots":{"index":"index","follow":"follow","max-snippet":"max-snippet:-1","max-image-preview":"max-image-preview:large","max-video-preview":"max-video-preview:-1"},"canonical":"https:\/\/longchangchemical.com\/pt\/product\/agesin-we-d9904br-defoamer\/","og_locale":"pt_BR","og_type":"article","og_title":"China CHLUMICRYL\u00ae DF-D9904BR \/ Defoamer Manufacturer - Longchang Chemical","og_description":"CHLUMICRYL\u00ae DF-D9904BR \/ Defoamer is a key product of Longchang Chemical. We provide the best price. We are the leading manufacturer in China with the best quality and competitive price.","og_url":"https:\/\/longchangchemical.com\/pt\/product\/agesin-we-d9904br-defoamer\/","og_site_name":"Longchang Chemical","article_modified_time":"2025-04-01T07:11:04+00:00","og_image":[{"width":800,"height":800,"url":"https:\/\/longchangchemical.com\/wp-content\/uploads\/2023\/02\/-WE-D9904BR-Defoamer.jpg","type":"image\/jpeg"}],"twitter_card":"summary_large_image","schema":{"@context":"https:\/\/schema.org","@graph":[{"@type":"WebPage","@id":"https:\/\/longchangchemical.com\/product\/agesin-we-d9904br-defoamer\/","url":"https:\/\/longchangchemical.com\/product\/agesin-we-d9904br-defoamer\/","name":"China CHLUMICRYL\u00ae DF-D9904BR \/ Fabricante de antiespumante - Longchang Chemical","isPartOf":{"@id":"https:\/\/longchangchemical.com\/#website"},"primaryImageOfPage":{"@id":"https:\/\/longchangchemical.com\/product\/agesin-we-d9904br-defoamer\/#primaryimage"},"image":{"@id":"https:\/\/longchangchemical.com\/product\/agesin-we-d9904br-defoamer\/#primaryimage"},"thumbnailUrl":"https:\/\/longchangchemical.com\/wp-content\/uploads\/2023\/02\/-WE-D9904BR-Defoamer.jpg","datePublished":"2023-02-06T14:19:42+00:00","dateModified":"2025-04-01T07:11:04+00:00","description":"CHLUMICRYL\u00ae DF-D9904BR \/ Defoamer \u00e9 um produto-chave da Longchang Chemical. Oferecemos o melhor pre\u00e7o. Somos o fabricante l\u00edder na China, com a melhor qualidade e pre\u00e7o competitivo.","breadcrumb":{"@id":"https:\/\/longchangchemical.com\/product\/agesin-we-d9904br-defoamer\/#breadcrumb"},"inLanguage":"pt-BR","potentialAction":[{"@type":"ReadAction","target":["https:\/\/longchangchemical.com\/product\/agesin-we-d9904br-defoamer\/"]}]},{"@type":"ImageObject","inLanguage":"pt-BR","@id":"https:\/\/longchangchemical.com\/product\/agesin-we-d9904br-defoamer\/#primaryimage","url":"https:\/\/longchangchemical.com\/wp-content\/uploads\/2023\/02\/-WE-D9904BR-Defoamer.jpg","contentUrl":"https:\/\/longchangchemical.com\/wp-content\/uploads\/2023\/02\/-WE-D9904BR-Defoamer.jpg","width":800,"height":800,"caption":"WE-D9904BR \/ Defoamer"},{"@type":"BreadcrumbList","@id":"https:\/\/longchangchemical.com\/product\/agesin-we-d9904br-defoamer\/#breadcrumb","itemListElement":[{"@type":"ListItem","position":1,"name":"Home","item":"https:\/\/longchangchemical.com\/"},{"@type":"ListItem","position":2,"name":"Products Longchang","item":"https:\/\/longchangchemical.com\/product\/"},{"@type":"ListItem","position":3,"name":"CHLUMICRYL\u00ae DF-D9904BR \/ Defoamer"}]},{"@type":"WebSite","@id":"https:\/\/longchangchemical.com\/#website","url":"https:\/\/longchangchemical.com\/","name":"Qu\u00edmica Longchang","description":"Fabricante de produtos qu\u00edmicos na China \uff06 fornecedor","publisher":{"@id":"https:\/\/longchangchemical.com\/#organization"},"potentialAction":[{"@type":"SearchAction","target":{"@type":"EntryPoint","urlTemplate":"https:\/\/longchangchemical.com\/?s={search_term_string}"},"query-input":{"@type":"PropertyValueSpecification","valueRequired":true,"valueName":"search_term_string"}}],"inLanguage":"pt-BR"},{"@type":"Organization","@id":"https:\/\/longchangchemical.com\/#organization","name":"Qu\u00edmica Longchang","url":"https:\/\/longchangchemical.com\/","logo":{"@type":"ImageObject","inLanguage":"pt-BR","@id":"https:\/\/longchangchemical.com\/#\/schema\/logo\/image\/","url":"https:\/\/longchangchemical.com\/wp-content\/uploads\/2020\/08\/cropped-longchang-logo.png","contentUrl":"https:\/\/longchangchemical.com\/wp-content\/uploads\/2020\/08\/cropped-longchang-logo.png","width":512,"height":512,"caption":"Longchang Chemical"},"image":{"@id":"https:\/\/longchangchemical.com\/#\/schema\/logo\/image\/"}}]}},"_links":{"self":[{"href":"https:\/\/longchangchemical.com\/pt\/wp-json\/wp\/v2\/product\/5896","targetHints":{"allow":["GET"]}}],"collection":[{"href":"https:\/\/longchangchemical.com\/pt\/wp-json\/wp\/v2\/product"}],"about":[{"href":"https:\/\/longchangchemical.com\/pt\/wp-json\/wp\/v2\/types\/product"}],"replies":[{"embeddable":true,"href":"https:\/\/longchangchemical.com\/pt\/wp-json\/wp\/v2\/comments?post=5896"}],"wp:featuredmedia":[{"embeddable":true,"href":"https:\/\/longchangchemical.com\/pt\/wp-json\/wp\/v2\/media\/5912"}],"wp:attachment":[{"href":"https:\/\/longchangchemical.com\/pt\/wp-json\/wp\/v2\/media?parent=5896"}],"wp:term":[{"taxonomy":"product_brand","embeddable":true,"href":"https:\/\/longchangchemical.com\/pt\/wp-json\/wp\/v2\/product_brand?post=5896"},{"taxonomy":"product_cat","embeddable":true,"href":"https:\/\/longchangchemical.com\/pt\/wp-json\/wp\/v2\/product_cat?post=5896"},{"taxonomy":"product_tag","embeddable":true,"href":"https:\/\/longchangchemical.com\/pt\/wp-json\/wp\/v2\/product_tag?post=5896"}],"curies":[{"name":"wp","href":"https:\/\/api.w.org\/{rel}","templated":true}]}}