{"id":5876,"date":"2023-01-29T06:19:29","date_gmt":"2023-01-29T06:19:29","guid":{"rendered":"https:\/\/longchangchemical.com\/?post_type=product&#038;p=5876"},"modified":"2025-04-01T07:11:20","modified_gmt":"2025-04-01T07:11:20","slug":"agesin-la-d5432-tego-glide-432","status":"publish","type":"product","link":"https:\/\/longchangchemical.com\/pt\/product\/agesin-la-d5432-tego-glide-432\/","title":{"rendered":"CHLUMICRYL\u00ae LA-D5432 \/ TEGO Glide 432"},"content":{"rendered":"<h1><strong> LA-D5432 \/ TEGO Glide 432<\/strong><\/h1>\n<table style=\"border-collapse: collapse; width: 271.52pt;\" border=\"0\" width=\"362\" cellspacing=\"0\" cellpadding=\"0\">\n<tbody>\n<tr style=\"height: 27.00pt;\">\n<td class=\"et2\" style=\"height: 27.00pt; width: 104.25pt;\" width=\"139\" height=\"36\">Composi\u00e7\u00e3o<\/td>\n<td class=\"et2\" style=\"width: 167.25pt;\" width=\"223\">Polidimetilsiloxano modificado com poli\u00e9ter<\/td>\n<\/tr>\n<tr style=\"height: 40.50pt;\">\n<td class=\"et2\" style=\"height: 40.50pt; width: 104.25pt;\" width=\"139\" height=\"54\">Apar\u00eancia<\/td>\n<td class=\"et2\" style=\"width: 167.25pt;\" width=\"223\">L\u00edquido claro levemente amarelado (pasta em baixa temperatura)<\/td>\n<\/tr>\n<tr style=\"height: 13.50pt;\">\n<td class=\"et2\" style=\"height: 13.50pt; width: 104.25pt;\" width=\"139\" height=\"18\">Solvente Sinosolv<\/td>\n<td class=\"et2\" style=\"width: 167.25pt;\" width=\"223\">--<\/td>\n<\/tr>\n<tr style=\"height: 13.50pt;\">\n<td class=\"et2\" style=\"height: 13.50pt; width: 104.25pt;\" width=\"139\" height=\"18\">Densidade<\/td>\n<td class=\"et2\" style=\"width: 167.25pt;\" width=\"223\">1,01-1,05g\/ml (25\u00b11)\u2103<\/td>\n<\/tr>\n<tr style=\"height: 27.00pt;\">\n<td class=\"et2\" style=\"height: 27.00pt; width: 104.25pt;\" width=\"139\" height=\"36\">Viscosidade<\/td>\n<td class=\"et2\" style=\"width: 167.25pt;\" width=\"223\">20-80s(Tu-4 viscometer)(25\u00b10.2)\u2103<\/td>\n<\/tr>\n<tr style=\"height: 13.50pt;\">\n<td class=\"et2\" style=\"height: 13.50pt; width: 104.25pt;\" width=\"139\" height=\"18\">Subst\u00e2ncia ativa<\/td>\n<td class=\"et3\" style=\"width: 167.25pt;\" width=\"223\">100%<\/td>\n<\/tr>\n<tr style=\"height: 13.50pt;\">\n<td class=\"et2\" style=\"height: 13.50pt; width: 104.25pt;\" width=\"139\" height=\"18\">Ponto de fulgor<\/td>\n<td class=\"et2\" style=\"width: 167.25pt;\" width=\"223\">\uff1e100\u2103<\/td>\n<\/tr>\n<\/tbody>\n<\/table>\n<p>Observa\u00e7\u00e3o: Esta planilha de dados destina-se a fornecer resultados t\u00edpicos, n\u00e3o padr\u00e3o.<\/p>\n<p><strong>Sistema de aplicativos<\/strong><\/p>\n<p>Cura UV<\/p>\n<p><strong>Propriedades<\/strong><\/p>\n<p>Excelente compatibilidade com vernizes.<br \/>\nProporciona uma redu\u00e7\u00e3o mais forte da tens\u00e3o superficial.<br \/>\nReduzir o coeficiente de atrito. Aumentar o deslizamento e a antiader\u00eancia.<br \/>\nPode ficar turvo e viscoso em baixas temperaturas. Ele se tornar\u00e1 claro e fluir\u00e1 depois de aquecido. Isso n\u00e3o influenciar\u00e1 a qualidade<\/p>\n<p><strong>Incorpora\u00e7\u00e3o<\/strong><\/p>\n<p>F\u00e1cil de adicionar com solvente pr\u00e9-dilu\u00eddo igual ao do sistema de revestimento. Pode ser adicionado em uma etapa posterior.<\/p>\n<p><strong>Sugerir adi\u00e7\u00e3o<\/strong><\/p>\n<p>Adi\u00e7\u00e3o \u00e0 formula\u00e7\u00e3o total 0,01-0,5%<\/p>\n<p><strong>Estabilidade de armazenamento<\/strong><\/p>\n<p>Mantenha intacto por 24 meses na embalagem original. Os produtos que ultrapassarem o per\u00edodo de armazenamento podem continuar a ser usados ap\u00f3s a inspe\u00e7\u00e3o. O cont\u00eainer deve ser fechado imediatamente ap\u00f3s o uso.<\/p>\n<p><strong>Aplicar recomenda\u00e7\u00e3o<\/strong><\/p>\n<table style=\"border-collapse: collapse; width: 229.53pt;\" border=\"0\" width=\"306\" cellspacing=\"0\" cellpadding=\"0\">\n<tbody>\n<tr style=\"height: 13.50pt;\">\n<td class=\"et2\" style=\"height: 13.50pt; width: 175.50pt;\" width=\"234\" height=\"18\">Transpar\u00eancia em verniz<\/td>\n<td class=\"et2\" style=\"width: 54.00pt;\" width=\"72\">5<\/td>\n<\/tr>\n<tr style=\"height: 13.50pt;\">\n<td class=\"et2\" style=\"height: 13.50pt; width: 175.50pt;\" width=\"234\" height=\"18\">Desespuma\u00e7\u00e3o<\/td>\n<td class=\"et2\" style=\"width: 54.00pt;\" width=\"72\">1<\/td>\n<\/tr>\n<tr style=\"height: 13.50pt;\">\n<td class=\"et2\" style=\"height: 13.50pt; width: 175.50pt;\" width=\"234\" height=\"18\">Tens\u00e3o superficial din\u00e2mica<\/td>\n<td class=\"et2\" style=\"width: 54.00pt;\" width=\"72\">5<\/td>\n<\/tr>\n<tr style=\"height: 13.50pt;\">\n<td class=\"et2\" style=\"height: 13.50pt; width: 175.50pt;\" width=\"234\" height=\"18\">Tens\u00e3o superficial est\u00e1tica<\/td>\n<td class=\"et2\" style=\"width: 54.00pt;\" width=\"72\">5<\/td>\n<\/tr>\n<tr style=\"height: 13.50pt;\">\n<td class=\"et2\" style=\"height: 13.50pt; width: 175.50pt;\" width=\"234\" height=\"18\">Deslizamento<\/td>\n<td class=\"et2\" style=\"width: 54.00pt;\" width=\"72\">4<\/td>\n<\/tr>\n<tr style=\"height: 13.50pt;\">\n<td class=\"et2\" style=\"height: 13.50pt; width: 175.50pt;\" width=\"234\" height=\"18\">Evitar a casca de laranja<\/td>\n<td class=\"et2\" style=\"width: 54.00pt;\" width=\"72\">1<\/td>\n<\/tr>\n<\/tbody>\n<\/table>\n<p>0=indispon\u00edvel 5=muito eficaz<\/p>\n<p><strong>pacote<\/strong><\/p>\n<p>25KG \/ 180KG<\/p>\n<p><strong><b>Armazenamento:<\/b><\/strong><\/p>\n<div>\n<p>Mantido em um dep\u00f3sito seco e limpo, com boa ventila\u00e7\u00e3o.<\/p>\n<p>Evite a exposi\u00e7\u00e3o \u00e0 luz e ao aquecimento.<\/p>\n<p>Proteger o produto contra vazamentos, chuva e insola\u00e7\u00e3o durante o transporte.<\/p>\n<h2><strong><b>Entre em contato conosco agora!<\/b><\/strong><\/h2>\n<h4><strong><b>Se precisar de COA, MSDS ou TDS, preencha suas informa\u00e7\u00f5es de contato no formul\u00e1rio abaixo. Normalmente, entraremos em contato em at\u00e9 24 horas.<\/b><\/strong> Voc\u00ea tamb\u00e9m pode me enviar um e-mail <a href=\"mailto:info@longchangchemical.com\"><span style=\"color: #0000ff;\">info@longchangchemical.com<\/span><\/a> durante o hor\u00e1rio comercial (das 8h30 \u00e0s 18h UTC+8 de segunda a s\u00e1bado) ou use o bate-papo ao vivo do site para obter uma resposta imediata.<\/h4>\n<\/div>","protected":false},"excerpt":{"rendered":"<p>LA-D5432 \/ TEGO Glide 432 Composi\u00e7\u00e3o Polidimetilsiloxano modificado com poli\u00e9ter Apar\u00eancia L\u00edquido claro levemente amarelado (pasta em baixa temperatura) Solvente -- Densidade 1,01-1,05g\/ml (25\u00b11)\u2103 Viscosidade 20-80s (viscos\u00edmetro Tu-4) (25\u00b10,2)\u2103 Subst\u00e2ncia ativa 100% Ponto de fulgor \uff1e100\u2103 Observa\u00e7\u00e3o: Esta folha de dados destina-se a fornecer resultados t\u00edpicos, n\u00e3o padr\u00e3o. Sistema de aplica\u00e7\u00e3o Propriedades de cura por UV \u25cf Excelente compatibilidade em verniz. \u25cf [...]<\/p>","protected":false},"featured_media":5915,"comment_status":"closed","ping_status":"closed","template":"","meta":[],"product_brand":[],"product_cat":[138],"product_tag":[],"class_list":{"0":"post-5876","1":"product","2":"type-product","3":"status-publish","4":"has-post-thumbnail","6":"product_cat-coating-and-ink-additives","8":"first","9":"instock","10":"shipping-taxable","11":"product-type-simple"},"yoast_head":"<!-- This site is optimized with the Yoast SEO plugin v25.3.1 - https:\/\/yoast.com\/wordpress\/plugins\/seo\/ -->\n<title>China CHLUMICRYL\u00ae LA-D5432 \/ TEGO Glide 432 Manufacturer - Longchang Chemical<\/title>\n<meta name=\"description\" content=\"CHLUMICRYL\u00ae LA-D5432 \/ TEGO Glide 432 is a key product of Longchang Chemical. We provide the best price. We are the leading manufacturer in China with the best quality and competitive price.\" \/>\n<meta name=\"robots\" content=\"index, follow, max-snippet:-1, max-image-preview:large, max-video-preview:-1\" \/>\n<link rel=\"canonical\" href=\"https:\/\/longchangchemical.com\/pt\/product\/agesin-la-d5432-tego-glide-432\/\" \/>\n<meta property=\"og:locale\" content=\"pt_BR\" \/>\n<meta property=\"og:type\" content=\"article\" \/>\n<meta property=\"og:title\" content=\"China CHLUMICRYL\u00ae LA-D5432 \/ TEGO Glide 432 Manufacturer - Longchang Chemical\" \/>\n<meta property=\"og:description\" content=\"CHLUMICRYL\u00ae LA-D5432 \/ TEGO Glide 432 is a key product of Longchang Chemical. We provide the best price. We are the leading manufacturer in China with the best quality and competitive price.\" \/>\n<meta property=\"og:url\" content=\"https:\/\/longchangchemical.com\/pt\/product\/agesin-la-d5432-tego-glide-432\/\" \/>\n<meta property=\"og:site_name\" content=\"Longchang Chemical\" \/>\n<meta property=\"article:modified_time\" content=\"2025-04-01T07:11:20+00:00\" \/>\n<meta property=\"og:image\" content=\"https:\/\/longchangchemical.com\/wp-content\/uploads\/2023\/01\/-LA-D5432-TEGO-Glide-432.jpg\" \/>\n\t<meta property=\"og:image:width\" content=\"800\" \/>\n\t<meta property=\"og:image:height\" content=\"800\" \/>\n\t<meta property=\"og:image:type\" content=\"image\/jpeg\" \/>\n<meta name=\"twitter:card\" content=\"summary_large_image\" \/>\n<script type=\"application\/ld+json\" class=\"yoast-schema-graph\">{\"@context\":\"https:\/\/schema.org\",\"@graph\":[{\"@type\":\"WebPage\",\"@id\":\"https:\/\/longchangchemical.com\/product\/agesin-la-d5432-tego-glide-432\/\",\"url\":\"https:\/\/longchangchemical.com\/product\/agesin-la-d5432-tego-glide-432\/\",\"name\":\"China CHLUMICRYL\u00ae LA-D5432 \/ TEGO Glide 432 Manufacturer - Longchang Chemical\",\"isPartOf\":{\"@id\":\"https:\/\/longchangchemical.com\/#website\"},\"primaryImageOfPage\":{\"@id\":\"https:\/\/longchangchemical.com\/product\/agesin-la-d5432-tego-glide-432\/#primaryimage\"},\"image\":{\"@id\":\"https:\/\/longchangchemical.com\/product\/agesin-la-d5432-tego-glide-432\/#primaryimage\"},\"thumbnailUrl\":\"https:\/\/longchangchemical.com\/wp-content\/uploads\/2023\/01\/-LA-D5432-TEGO-Glide-432.jpg\",\"datePublished\":\"2023-01-29T06:19:29+00:00\",\"dateModified\":\"2025-04-01T07:11:20+00:00\",\"description\":\"CHLUMICRYL\u00ae LA-D5432 \/ TEGO Glide 432 is a key product of Longchang Chemical. We provide the best price. We are the leading manufacturer in China with the best quality and competitive price.\",\"breadcrumb\":{\"@id\":\"https:\/\/longchangchemical.com\/product\/agesin-la-d5432-tego-glide-432\/#breadcrumb\"},\"inLanguage\":\"pt-BR\",\"potentialAction\":[{\"@type\":\"ReadAction\",\"target\":[\"https:\/\/longchangchemical.com\/product\/agesin-la-d5432-tego-glide-432\/\"]}]},{\"@type\":\"ImageObject\",\"inLanguage\":\"pt-BR\",\"@id\":\"https:\/\/longchangchemical.com\/product\/agesin-la-d5432-tego-glide-432\/#primaryimage\",\"url\":\"https:\/\/longchangchemical.com\/wp-content\/uploads\/2023\/01\/-LA-D5432-TEGO-Glide-432.jpg\",\"contentUrl\":\"https:\/\/longchangchemical.com\/wp-content\/uploads\/2023\/01\/-LA-D5432-TEGO-Glide-432.jpg\",\"width\":800,\"height\":800,\"caption\":\"LA-D5432 \/ TEGO Glide 432\"},{\"@type\":\"BreadcrumbList\",\"@id\":\"https:\/\/longchangchemical.com\/product\/agesin-la-d5432-tego-glide-432\/#breadcrumb\",\"itemListElement\":[{\"@type\":\"ListItem\",\"position\":1,\"name\":\"Home\",\"item\":\"https:\/\/longchangchemical.com\/\"},{\"@type\":\"ListItem\",\"position\":2,\"name\":\"Products Longchang\",\"item\":\"https:\/\/longchangchemical.com\/product\/\"},{\"@type\":\"ListItem\",\"position\":3,\"name\":\"CHLUMICRYL\u00ae LA-D5432 \/ TEGO Glide 432\"}]},{\"@type\":\"WebSite\",\"@id\":\"https:\/\/longchangchemical.com\/#website\",\"url\":\"https:\/\/longchangchemical.com\/\",\"name\":\"Longchang Chemical\",\"description\":\"China chemical manufacturer \uff06 supplier\",\"publisher\":{\"@id\":\"https:\/\/longchangchemical.com\/#organization\"},\"potentialAction\":[{\"@type\":\"SearchAction\",\"target\":{\"@type\":\"EntryPoint\",\"urlTemplate\":\"https:\/\/longchangchemical.com\/?s={search_term_string}\"},\"query-input\":{\"@type\":\"PropertyValueSpecification\",\"valueRequired\":true,\"valueName\":\"search_term_string\"}}],\"inLanguage\":\"pt-BR\"},{\"@type\":\"Organization\",\"@id\":\"https:\/\/longchangchemical.com\/#organization\",\"name\":\"Longchang Chemical\",\"url\":\"https:\/\/longchangchemical.com\/\",\"logo\":{\"@type\":\"ImageObject\",\"inLanguage\":\"pt-BR\",\"@id\":\"https:\/\/longchangchemical.com\/#\/schema\/logo\/image\/\",\"url\":\"https:\/\/longchangchemical.com\/wp-content\/uploads\/2020\/08\/cropped-longchang-logo.png\",\"contentUrl\":\"https:\/\/longchangchemical.com\/wp-content\/uploads\/2020\/08\/cropped-longchang-logo.png\",\"width\":512,\"height\":512,\"caption\":\"Longchang Chemical\"},\"image\":{\"@id\":\"https:\/\/longchangchemical.com\/#\/schema\/logo\/image\/\"}}]}<\/script>\n<!-- \/ Yoast SEO plugin. -->","yoast_head_json":{"title":"China CHLUMICRYL\u00ae LA-D5432 \/ TEGO Glide 432 Fabricante - Longchang Chemical","description":"CHLUMICRYL\u00ae LA-D5432 \/ TEGO Glide 432 \u00e9 um produto-chave da Longchang Chemical. Oferecemos o melhor pre\u00e7o. Somos o fabricante l\u00edder na China, com a melhor qualidade e pre\u00e7o competitivo.","robots":{"index":"index","follow":"follow","max-snippet":"max-snippet:-1","max-image-preview":"max-image-preview:large","max-video-preview":"max-video-preview:-1"},"canonical":"https:\/\/longchangchemical.com\/pt\/product\/agesin-la-d5432-tego-glide-432\/","og_locale":"pt_BR","og_type":"article","og_title":"China CHLUMICRYL\u00ae LA-D5432 \/ TEGO Glide 432 Manufacturer - Longchang Chemical","og_description":"CHLUMICRYL\u00ae LA-D5432 \/ TEGO Glide 432 is a key product of Longchang Chemical. We provide the best price. We are the leading manufacturer in China with the best quality and competitive price.","og_url":"https:\/\/longchangchemical.com\/pt\/product\/agesin-la-d5432-tego-glide-432\/","og_site_name":"Longchang Chemical","article_modified_time":"2025-04-01T07:11:20+00:00","og_image":[{"width":800,"height":800,"url":"https:\/\/longchangchemical.com\/wp-content\/uploads\/2023\/01\/-LA-D5432-TEGO-Glide-432.jpg","type":"image\/jpeg"}],"twitter_card":"summary_large_image","schema":{"@context":"https:\/\/schema.org","@graph":[{"@type":"WebPage","@id":"https:\/\/longchangchemical.com\/product\/agesin-la-d5432-tego-glide-432\/","url":"https:\/\/longchangchemical.com\/product\/agesin-la-d5432-tego-glide-432\/","name":"China CHLUMICRYL\u00ae LA-D5432 \/ TEGO Glide 432 Fabricante - Longchang Chemical","isPartOf":{"@id":"https:\/\/longchangchemical.com\/#website"},"primaryImageOfPage":{"@id":"https:\/\/longchangchemical.com\/product\/agesin-la-d5432-tego-glide-432\/#primaryimage"},"image":{"@id":"https:\/\/longchangchemical.com\/product\/agesin-la-d5432-tego-glide-432\/#primaryimage"},"thumbnailUrl":"https:\/\/longchangchemical.com\/wp-content\/uploads\/2023\/01\/-LA-D5432-TEGO-Glide-432.jpg","datePublished":"2023-01-29T06:19:29+00:00","dateModified":"2025-04-01T07:11:20+00:00","description":"CHLUMICRYL\u00ae LA-D5432 \/ TEGO Glide 432 \u00e9 um produto-chave da Longchang Chemical. Oferecemos o melhor pre\u00e7o. Somos o fabricante l\u00edder na China, com a melhor qualidade e pre\u00e7o competitivo.","breadcrumb":{"@id":"https:\/\/longchangchemical.com\/product\/agesin-la-d5432-tego-glide-432\/#breadcrumb"},"inLanguage":"pt-BR","potentialAction":[{"@type":"ReadAction","target":["https:\/\/longchangchemical.com\/product\/agesin-la-d5432-tego-glide-432\/"]}]},{"@type":"ImageObject","inLanguage":"pt-BR","@id":"https:\/\/longchangchemical.com\/product\/agesin-la-d5432-tego-glide-432\/#primaryimage","url":"https:\/\/longchangchemical.com\/wp-content\/uploads\/2023\/01\/-LA-D5432-TEGO-Glide-432.jpg","contentUrl":"https:\/\/longchangchemical.com\/wp-content\/uploads\/2023\/01\/-LA-D5432-TEGO-Glide-432.jpg","width":800,"height":800,"caption":"LA-D5432 \/ TEGO Glide 432"},{"@type":"BreadcrumbList","@id":"https:\/\/longchangchemical.com\/product\/agesin-la-d5432-tego-glide-432\/#breadcrumb","itemListElement":[{"@type":"ListItem","position":1,"name":"Home","item":"https:\/\/longchangchemical.com\/"},{"@type":"ListItem","position":2,"name":"Products Longchang","item":"https:\/\/longchangchemical.com\/product\/"},{"@type":"ListItem","position":3,"name":"CHLUMICRYL\u00ae LA-D5432 \/ TEGO Glide 432"}]},{"@type":"WebSite","@id":"https:\/\/longchangchemical.com\/#website","url":"https:\/\/longchangchemical.com\/","name":"Qu\u00edmica Longchang","description":"Fabricante de produtos qu\u00edmicos na China \uff06 fornecedor","publisher":{"@id":"https:\/\/longchangchemical.com\/#organization"},"potentialAction":[{"@type":"SearchAction","target":{"@type":"EntryPoint","urlTemplate":"https:\/\/longchangchemical.com\/?s={search_term_string}"},"query-input":{"@type":"PropertyValueSpecification","valueRequired":true,"valueName":"search_term_string"}}],"inLanguage":"pt-BR"},{"@type":"Organization","@id":"https:\/\/longchangchemical.com\/#organization","name":"Qu\u00edmica Longchang","url":"https:\/\/longchangchemical.com\/","logo":{"@type":"ImageObject","inLanguage":"pt-BR","@id":"https:\/\/longchangchemical.com\/#\/schema\/logo\/image\/","url":"https:\/\/longchangchemical.com\/wp-content\/uploads\/2020\/08\/cropped-longchang-logo.png","contentUrl":"https:\/\/longchangchemical.com\/wp-content\/uploads\/2020\/08\/cropped-longchang-logo.png","width":512,"height":512,"caption":"Longchang Chemical"},"image":{"@id":"https:\/\/longchangchemical.com\/#\/schema\/logo\/image\/"}}]}},"_links":{"self":[{"href":"https:\/\/longchangchemical.com\/pt\/wp-json\/wp\/v2\/product\/5876","targetHints":{"allow":["GET"]}}],"collection":[{"href":"https:\/\/longchangchemical.com\/pt\/wp-json\/wp\/v2\/product"}],"about":[{"href":"https:\/\/longchangchemical.com\/pt\/wp-json\/wp\/v2\/types\/product"}],"replies":[{"embeddable":true,"href":"https:\/\/longchangchemical.com\/pt\/wp-json\/wp\/v2\/comments?post=5876"}],"wp:featuredmedia":[{"embeddable":true,"href":"https:\/\/longchangchemical.com\/pt\/wp-json\/wp\/v2\/media\/5915"}],"wp:attachment":[{"href":"https:\/\/longchangchemical.com\/pt\/wp-json\/wp\/v2\/media?parent=5876"}],"wp:term":[{"taxonomy":"product_brand","embeddable":true,"href":"https:\/\/longchangchemical.com\/pt\/wp-json\/wp\/v2\/product_brand?post=5876"},{"taxonomy":"product_cat","embeddable":true,"href":"https:\/\/longchangchemical.com\/pt\/wp-json\/wp\/v2\/product_cat?post=5876"},{"taxonomy":"product_tag","embeddable":true,"href":"https:\/\/longchangchemical.com\/pt\/wp-json\/wp\/v2\/product_tag?post=5876"}],"curies":[{"name":"wp","href":"https:\/\/api.w.org\/{rel}","templated":true}]}}