{"id":5811,"date":"2022-12-20T11:48:37","date_gmt":"2022-12-20T11:48:37","guid":{"rendered":"https:\/\/longchangchemical.com\/?post_type=product&#038;p=5811"},"modified":"2025-12-16T08:59:07","modified_gmt":"2025-12-16T08:59:07","slug":"siperox-bipb","status":"publish","type":"product","link":"https:\/\/longchangchemical.com\/pt\/product\/siperox-bipb\/","title":{"rendered":"BIPB 96 \/ Bis(t-butilperoxi isopropil)benzeno CAS 25155-25-3"},"content":{"rendered":"<h1>BIPB 96 CAS 25155-25-3<\/h1>\n<p>&nbsp;<\/p>\n<table>\n<tbody>\n<tr>\n<td width=\"232\">Item<\/td>\n<td width=\"238\">Padr\u00e3o<\/td>\n<td width=\"239\">Resultado<\/td>\n<\/tr>\n<tr>\n<td width=\"232\">Apar\u00eancia<\/td>\n<td width=\"238\">P\u00f3 branco<\/td>\n<td width=\"239\">P\u00f3 branco<\/td>\n<\/tr>\n<tr>\n<td width=\"232\">Pureza,%<\/td>\n<td width=\"238\">\u226596.0<\/td>\n<td width=\"239\">97.3<\/td>\n<\/tr>\n<tr>\n<td width=\"232\">Faixa de fus\u00e3o (\u2103)<\/td>\n<td width=\"238\">40-55<\/td>\n<td width=\"239\">40-42<\/td>\n<\/tr>\n<\/tbody>\n<\/table>\n<h2><\/h2>\n<h2><strong>O que \u00e9 o BIPB\uff1f<\/strong><\/h2>\n<p>O BIPB alega n\u00e3o ter cheiro de DCP, al\u00e9m da semelhan\u00e7a estrutural, h\u00e1 um motivo importante, ou seja, quase onde voc\u00ea pode usar DCP pode ser substitu\u00eddo por BIPB, BIPB em vez de desempenho adesivo DCP, incluindo dureza, resist\u00eancia \u00e0 ruptura, alongamento, resist\u00eancia ao rasgo, bem como resist\u00eancia ao \u00f3leo, coeficiente de envelhecimento, etc., basicamente o mesmo, enquanto a deforma\u00e7\u00e3o por compress\u00e3o em altas temperaturas, o BIPB \u00e9 melhor do que o DCP.<\/p>\n<p>&nbsp;<\/p>\n<h2><strong>BIPB Aplica\u00e7\u00e3o:<\/strong><\/h2>\n<p><strong>1. BIPB <\/strong>pode ser usado como agente reticulante para borracha e pl\u00e1sticos, como borracha de silicone, copol\u00edmero de etileno-acetato de vinila (como espuma EVA), borracha de polietileno clorado (CPE), borracha de etileno-propileno-dieno (EPDM), polietileno clorossulfonado, borracha de tetrapropileno-fl\u00faor (TP-2), nitrila hidrogenada saturada (HNBR). No caso do mesmo efeito de reticula\u00e7\u00e3o, a quantidade de adi\u00e7\u00e3o \u00e9 de cerca de 2\/3 de outros agentes org\u00e2nicos de reticula\u00e7\u00e3o. N\u00e3o h\u00e1 odor irritante durante a opera\u00e7\u00e3o e nos produtos acabados. \u00c9 especialmente adequado para reticula\u00e7\u00e3o de isolamento de cabos flex\u00edveis e produtos de espuma EVA em c\u00e2maras de vulcaniza\u00e7\u00e3o de moldagem de borracha de silicone, como cabos com bainha de borracha para condicionadores de ar, brinquedos de espuma EVA etc.<\/p>\n<p>2. Pode ser usado com a adi\u00e7\u00e3o de material de borracha durante a mistura. Quando o efeito de reticula\u00e7\u00e3o \u00e9 necess\u00e1rio, a quantidade de adi\u00e7\u00e3o de 3 partes pode reticular completamente o pol\u00edmero de alto peso molecular.<\/p>\n<p>3. Pode ser usado como agente de reticula\u00e7\u00e3o para pl\u00e1sticos e borracha, como polietileno clorado, borracha EPDM, copol\u00edmero de etileno-acetato de vinila, borracha de silicone, borracha nitr\u00edlica e borracha fluoretada. No caso do mesmo efeito de reticula\u00e7\u00e3o, a quantidade adicionada \u00e9 cerca de 2\/3 do DCP, e o odor irritante no processo de opera\u00e7\u00e3o e no produto acabado \u00e9 pequeno.<\/p>\n<h2><strong>BIPB Embalagem e envio:<\/strong><\/h2>\n<p>20kgs\/caixa<\/p>\n<p>&nbsp;<\/p>\n<h2><strong>Armazenamento BIPB:<\/strong><\/h2>\n<p>Armazenado em um local fresco e seco (2-8\u00b0C), longe da luz solar direta.<\/p>\n<p>&nbsp;<\/p>\n<h2><strong><b>Onde comprar o BIPB? Entre em contato conosco agora!<\/b><\/strong><\/h2>\n<h4><strong><b>Se precisar de COA, MSDS ou TDS, preencha suas informa\u00e7\u00f5es de contato no formul\u00e1rio abaixo. Normalmente, entraremos em contato em 24 horas. Voc\u00ea tamb\u00e9m pode me enviar um e-mail<span style=\"color: #00ccff;\"> <a style=\"color: #00ccff;\" href=\"mailto:info@longchangchemical.com\">info@longchangchemical.com<\/a><\/span> durante o hor\u00e1rio comercial (das 8h30 \u00e0s 18h UTC+8 de segunda a s\u00e1bado) ou use o bate-papo ao vivo do site para obter uma resposta imediata.<\/b><\/strong><\/h4>\n<p><!--more--><\/p>\n<h2><strong>Quais s\u00e3o as raz\u00f5es para o BIPB e o DCP serem inodoros e saborosos?<\/strong><\/h2>\n<p>Processo de decomposi\u00e7\u00e3o t\u00e9rmica do DCP:<\/p>\n<p>No diagrama estrutural do DCP, podemos ver que o radical de oxig\u00eanio do isopropilbenzeno produzido pela quebra da liga\u00e7\u00e3o peroxi durante a decomposi\u00e7\u00e3o t\u00e9rmica do DCP tamb\u00e9m pode formar radicais de metila e acetofenona, que \u00e9 uma subst\u00e2ncia com odor desagrad\u00e1vel e prejudicial ao corpo humano, raz\u00e3o pela qual, quando o DCP \u00e9 usado como agente de reticula\u00e7\u00e3o para pol\u00edmeros, ele tem um tipo de odor desagrad\u00e1vel durante o processo de reticula\u00e7\u00e3o, bem como os produtos acabados feitos de DCP. Pode-se observar que a raz\u00e3o pela qual o DCP tem um odor n\u00e3o \u00e9 devido a res\u00edduos de DCP ou res\u00edduos de impureza, portanto, n\u00e3o existe essa hist\u00f3ria de quanto maior a pureza do DCP, menor o odor.<\/p>\n<p>Processo de decomposi\u00e7\u00e3o t\u00e9rmica do BIPB:<br \/>\nGerar radicais de alquila, radicais de alquila e rea\u00e7\u00e3o de matriz de pol\u00edmero livre, podemos ver que os produtos de mol\u00e9culas pequenas reticuladas do BIPB t\u00eam:<\/p>\n<p>Metano (CH4) ...... g\u00e1s<\/p>\n<p>Acetona ...... vol\u00e1til<\/p>\n<p>Tert-butanol ...... vol\u00e1til<\/p>\n<p>H\u00e1 outros compostos s\u00f3lidos remanescentes que n\u00e3o t\u00eam cheiro, portanto o BIPB quase n\u00e3o tem cheiro ou tem um cheiro muito pequeno no processo de reticula\u00e7\u00e3o e nos produtos acabados.<\/p>\n<p>Vantagens, desvantagens e solu\u00e7\u00f5es do BIPB<\/p>\n<p>O motivo pelo qual o BIPB \u00e9 chamado de DCP inodoro \u00e9 que, al\u00e9m da semelhan\u00e7a estrutural, h\u00e1 outro motivo importante, ou seja, quase pode ser usado no lugar do DCP e pode ser substitu\u00eddo por BIPB, BIPB em vez das propriedades da borracha DCP, incluindo dureza, resist\u00eancia \u00e0 ruptura, alongamento, resist\u00eancia ao rasgo e resist\u00eancia ao \u00f3leo, coeficiente de envelhecimento etc., basicamente as mesmas, e a deforma\u00e7\u00e3o por compress\u00e3o em altas temperaturas, o BIPB \u00e9 melhor que o DCP.<\/p>\n<p>Mas o BIPB tem uma desvantagem significativa, ou seja, o pre\u00e7o \u00e9 muito mais alto do que o DCP, o que \u00e9 o maior fator que limita o amplo uso do BIPB. Na Europa, o uso do BIPB \u00e9 muito maior do que o DCP, com os produtores e consumidores nacionais fortalecendo a conscientiza\u00e7\u00e3o sobre a prote\u00e7\u00e3o ambiental, agora a demanda dom\u00e9stica por BIPB tamb\u00e9m \u00e9 cada vez maior.<\/p>\n<p>Outra grande desvantagem do BIPB \u00e9 que, ao usar o BIPB como agente de reticula\u00e7\u00e3o do EPDM, \u00e9 f\u00e1cil aparecer o fen\u00f4meno do cristal de pulveriza\u00e7\u00e3o (observe que se trata de cristal de pulveriza\u00e7\u00e3o, n\u00e3o de geada de pulveriza\u00e7\u00e3o), e a luz vai at\u00e9 o cristal brilhante, enquanto o DCP n\u00e3o. Isso se deve \u00e0 compatibilidade e \u00e0 pulveriza\u00e7\u00e3o dos produtos de decomposi\u00e7\u00e3o da borracha BIPB e EPDM. Se os seus produtos forem exportados para pa\u00edses estrangeiros, especialmente na Europa, voc\u00ea pode ter certeza de que os clientes saber\u00e3o que voc\u00ea est\u00e1 usando um bom agente de vulcaniza\u00e7\u00e3o e o aceitar\u00e3o de bom grado. Se quiser resolver esse fen\u00f4meno de pulveriza\u00e7\u00e3o de cristais, h\u00e1 dois m\u00e9todos principais:<\/p>\n<p>3.1. Adicione PEG4000 \u00e0 f\u00f3rmula;<\/p>\n<p>3.2. Reduzir a quantidade de BIPB enquanto adiciona parte do bis-2-5, o que equivale a reduzir os produtos de decomposi\u00e7\u00e3o do BIPB sem afetar a efici\u00eancia da reticula\u00e7\u00e3o.<\/p>\n<p>Esses dois programas t\u00eam exemplos bem-sucedidos, mas \u00e9 claro que h\u00e1 fabricantes de EPDM com BIPB como agente de reticula\u00e7\u00e3o que n\u00e3o parecem apresentar o fen\u00f4meno da pulveriza\u00e7\u00e3o de cristais, talvez por causa de um dos poucos aditivos que limitam a pulveriza\u00e7\u00e3o de cristais, mas n\u00e3o se sabe o motivo espec\u00edfico.<\/p>\n<p>O TPV de borracha termopl\u00e1stica tamb\u00e9m usa o BIPB como agente de reticula\u00e7\u00e3o, mas, com o setor automotivo, os requisitos de odor est\u00e3o ficando cada vez mais altos, ou seja, ap\u00f3s o uso do BIPB, o odor n\u00e3o necessariamente atende aos requisitos, mas tamb\u00e9m precisa ser processado posteriormente, como o uso de adsor\u00e7\u00e3o qu\u00edmica\/f\u00edsica, desvolatiliza\u00e7\u00e3o, secagem e outros processos para reduzir o odor.<\/p>","protected":false},"excerpt":{"rendered":"<p>Nome qu\u00edmico: Bis(tert-butyldioxyisopropyl)benzene<br \/>\nDi(terc-butilperoxiisopropil)benzeno<\/p>\n<p>N\u00ba CAS: 25155-25-3 ou 2212-81-9<\/p>\n<p><strong>Sin\u00f4nimo<\/strong>Perkadox 14S;Perkadox 14;FARIDA BIPB;Luperox F40;Luperox F90P<\/p>\n<p>F\u00f3rmula molecular: C20H34O4<\/p>\n<p>Estruturado:<\/p>\n<p><img decoding=\"async\" class=\"alignnone size-full wp-image-5813\" src=\"https:\/\/longchangchemical.com\/wp-content\/uploads\/2022\/12\/Structured.jpg\" alt=\"\" width=\"520\" height=\"104\" \/><\/p>\n<p>Peso molecular: 338,48<\/p>","protected":false},"featured_media":6267,"comment_status":"closed","ping_status":"closed","template":"","meta":[],"product_brand":[],"product_cat":[142],"product_tag":[],"class_list":{"0":"post-5811","1":"product","2":"type-product","3":"status-publish","4":"has-post-thumbnail","6":"product_cat-siperox-organic-peroxide","8":"first","9":"instock","10":"shipping-taxable","11":"product-type-simple"},"yoast_head":"<!-- This site is optimized with the Yoast SEO plugin v25.3.1 - https:\/\/yoast.com\/wordpress\/plugins\/seo\/ -->\n<title>Odorless crosslinking agent BIPB 96 manufacturer Cas 25155-25-3 \/ 2212-81-9 - Longchang Chemical<\/title>\n<meta name=\"description\" content=\"BIPB 96,also known as Bis(tert-butyldioxyisopropyl)benzene;Di(tert-butylperoxyisopropyl)benzene;Perkadox 14S;Perkadox 14;Luperox F40;Luperox F90P;FARIDA BIPB and is the key product of Longchang Chemical. We are the leading Organic peroxide manufacturer and supplier in China with the best quanlity and competitive price.\" \/>\n<meta name=\"robots\" content=\"index, follow, max-snippet:-1, max-image-preview:large, max-video-preview:-1\" \/>\n<link rel=\"canonical\" href=\"https:\/\/longchangchemical.com\/pt\/product\/siperox-bipb\/\" \/>\n<meta property=\"og:locale\" content=\"pt_BR\" \/>\n<meta property=\"og:type\" content=\"article\" \/>\n<meta property=\"og:title\" content=\"Odorless crosslinking agent BIPB 96 manufacturer Cas 25155-25-3 \/ 2212-81-9 - Longchang Chemical\" \/>\n<meta property=\"og:description\" content=\"BIPB 96,also known as Bis(tert-butyldioxyisopropyl)benzene;Di(tert-butylperoxyisopropyl)benzene;Perkadox 14S;Perkadox 14;Luperox F40;Luperox F90P;FARIDA BIPB and is the key product of Longchang Chemical. We are the leading Organic peroxide manufacturer and supplier in China with the best quanlity and competitive price.\" \/>\n<meta property=\"og:url\" content=\"https:\/\/longchangchemical.com\/pt\/product\/siperox-bipb\/\" \/>\n<meta property=\"og:site_name\" content=\"Longchang Chemical\" \/>\n<meta property=\"article:modified_time\" content=\"2025-12-16T08:59:07+00:00\" \/>\n<meta property=\"og:image\" content=\"https:\/\/longchangchemical.com\/wp-content\/uploads\/2022\/12\/Siperox\u00ae-BIPB-1.jpg\" \/>\n\t<meta property=\"og:image:width\" content=\"800\" \/>\n\t<meta property=\"og:image:height\" content=\"800\" \/>\n\t<meta property=\"og:image:type\" content=\"image\/jpeg\" \/>\n<meta name=\"twitter:card\" content=\"summary_large_image\" \/>\n<script type=\"application\/ld+json\" class=\"yoast-schema-graph\">{\"@context\":\"https:\/\/schema.org\",\"@graph\":[{\"@type\":\"WebPage\",\"@id\":\"https:\/\/longchangchemical.com\/product\/siperox-bipb\/\",\"url\":\"https:\/\/longchangchemical.com\/product\/siperox-bipb\/\",\"name\":\"Odorless crosslinking agent BIPB 96 manufacturer Cas 25155-25-3 \/ 2212-81-9 - Longchang Chemical\",\"isPartOf\":{\"@id\":\"https:\/\/longchangchemical.com\/#website\"},\"primaryImageOfPage\":{\"@id\":\"https:\/\/longchangchemical.com\/product\/siperox-bipb\/#primaryimage\"},\"image\":{\"@id\":\"https:\/\/longchangchemical.com\/product\/siperox-bipb\/#primaryimage\"},\"thumbnailUrl\":\"https:\/\/longchangchemical.com\/wp-content\/uploads\/2022\/12\/Siperox\u00ae-BIPB-1.jpg\",\"datePublished\":\"2022-12-20T11:48:37+00:00\",\"dateModified\":\"2025-12-16T08:59:07+00:00\",\"description\":\"BIPB 96,also known as Bis(tert-butyldioxyisopropyl)benzene;Di(tert-butylperoxyisopropyl)benzene;Perkadox 14S;Perkadox 14;Luperox F40;Luperox F90P;FARIDA BIPB and is the key product of Longchang Chemical. We are the leading Organic peroxide manufacturer and supplier in China with the best quanlity and competitive price.\",\"breadcrumb\":{\"@id\":\"https:\/\/longchangchemical.com\/product\/siperox-bipb\/#breadcrumb\"},\"inLanguage\":\"pt-BR\",\"potentialAction\":[{\"@type\":\"ReadAction\",\"target\":[\"https:\/\/longchangchemical.com\/product\/siperox-bipb\/\"]}]},{\"@type\":\"ImageObject\",\"inLanguage\":\"pt-BR\",\"@id\":\"https:\/\/longchangchemical.com\/product\/siperox-bipb\/#primaryimage\",\"url\":\"https:\/\/longchangchemical.com\/wp-content\/uploads\/2022\/12\/Siperox\u00ae-BIPB-1.jpg\",\"contentUrl\":\"https:\/\/longchangchemical.com\/wp-content\/uploads\/2022\/12\/Siperox\u00ae-BIPB-1.jpg\",\"width\":800,\"height\":800,\"caption\":\"BIPB 96 \/ Bis(t-butylperoxy isopropy)benzene CAS 25155-25-3\"},{\"@type\":\"BreadcrumbList\",\"@id\":\"https:\/\/longchangchemical.com\/product\/siperox-bipb\/#breadcrumb\",\"itemListElement\":[{\"@type\":\"ListItem\",\"position\":1,\"name\":\"Home\",\"item\":\"https:\/\/longchangchemical.com\/\"},{\"@type\":\"ListItem\",\"position\":2,\"name\":\"Products Longchang\",\"item\":\"https:\/\/longchangchemical.com\/product\/\"},{\"@type\":\"ListItem\",\"position\":3,\"name\":\"BIPB 96 \/ Bis(t-butylperoxy isopropy)benzene CAS 25155-25-3\"}]},{\"@type\":\"WebSite\",\"@id\":\"https:\/\/longchangchemical.com\/#website\",\"url\":\"https:\/\/longchangchemical.com\/\",\"name\":\"Longchang Chemical\",\"description\":\"China chemical manufacturer \uff06 supplier\",\"publisher\":{\"@id\":\"https:\/\/longchangchemical.com\/#organization\"},\"potentialAction\":[{\"@type\":\"SearchAction\",\"target\":{\"@type\":\"EntryPoint\",\"urlTemplate\":\"https:\/\/longchangchemical.com\/?s={search_term_string}\"},\"query-input\":{\"@type\":\"PropertyValueSpecification\",\"valueRequired\":true,\"valueName\":\"search_term_string\"}}],\"inLanguage\":\"pt-BR\"},{\"@type\":\"Organization\",\"@id\":\"https:\/\/longchangchemical.com\/#organization\",\"name\":\"Longchang Chemical\",\"url\":\"https:\/\/longchangchemical.com\/\",\"logo\":{\"@type\":\"ImageObject\",\"inLanguage\":\"pt-BR\",\"@id\":\"https:\/\/longchangchemical.com\/#\/schema\/logo\/image\/\",\"url\":\"https:\/\/longchangchemical.com\/wp-content\/uploads\/2020\/08\/cropped-longchang-logo.png\",\"contentUrl\":\"https:\/\/longchangchemical.com\/wp-content\/uploads\/2020\/08\/cropped-longchang-logo.png\",\"width\":512,\"height\":512,\"caption\":\"Longchang Chemical\"},\"image\":{\"@id\":\"https:\/\/longchangchemical.com\/#\/schema\/logo\/image\/\"}}]}<\/script>\n<!-- \/ Yoast SEO plugin. -->","yoast_head_json":{"title":"Fabricante do agente de reticula\u00e7\u00e3o inodoro BIPB 96 Cas 25155-25-3 \/ 2212-81-9 - Longchang Chemical","description":"O BIPB 96, tamb\u00e9m conhecido como Bis(tert-butildioxi-isopropil)benzeno;Di(tert-butildioxi-isopropil)benzeno;Perkadox 14S;Perkadox 14;Luperox F40;Luperox F90P;FARIDA BIPB, \u00e9 o principal produto da Longchang Chemical. Somos o principal fabricante e fornecedor de per\u00f3xido org\u00e2nico na China, com a melhor qualidade e pre\u00e7o competitivo.","robots":{"index":"index","follow":"follow","max-snippet":"max-snippet:-1","max-image-preview":"max-image-preview:large","max-video-preview":"max-video-preview:-1"},"canonical":"https:\/\/longchangchemical.com\/pt\/product\/siperox-bipb\/","og_locale":"pt_BR","og_type":"article","og_title":"Odorless crosslinking agent BIPB 96 manufacturer Cas 25155-25-3 \/ 2212-81-9 - Longchang Chemical","og_description":"BIPB 96,also known as Bis(tert-butyldioxyisopropyl)benzene;Di(tert-butylperoxyisopropyl)benzene;Perkadox 14S;Perkadox 14;Luperox F40;Luperox F90P;FARIDA BIPB and is the key product of Longchang Chemical. We are the leading Organic peroxide manufacturer and supplier in China with the best quanlity and competitive price.","og_url":"https:\/\/longchangchemical.com\/pt\/product\/siperox-bipb\/","og_site_name":"Longchang Chemical","article_modified_time":"2025-12-16T08:59:07+00:00","og_image":[{"width":800,"height":800,"url":"https:\/\/longchangchemical.com\/wp-content\/uploads\/2022\/12\/Siperox\u00ae-BIPB-1.jpg","type":"image\/jpeg"}],"twitter_card":"summary_large_image","schema":{"@context":"https:\/\/schema.org","@graph":[{"@type":"WebPage","@id":"https:\/\/longchangchemical.com\/product\/siperox-bipb\/","url":"https:\/\/longchangchemical.com\/product\/siperox-bipb\/","name":"Fabricante do agente de reticula\u00e7\u00e3o inodoro BIPB 96 Cas 25155-25-3 \/ 2212-81-9 - Longchang Chemical","isPartOf":{"@id":"https:\/\/longchangchemical.com\/#website"},"primaryImageOfPage":{"@id":"https:\/\/longchangchemical.com\/product\/siperox-bipb\/#primaryimage"},"image":{"@id":"https:\/\/longchangchemical.com\/product\/siperox-bipb\/#primaryimage"},"thumbnailUrl":"https:\/\/longchangchemical.com\/wp-content\/uploads\/2022\/12\/Siperox\u00ae-BIPB-1.jpg","datePublished":"2022-12-20T11:48:37+00:00","dateModified":"2025-12-16T08:59:07+00:00","description":"O BIPB 96, tamb\u00e9m conhecido como Bis(tert-butildioxi-isopropil)benzeno;Di(tert-butildioxi-isopropil)benzeno;Perkadox 14S;Perkadox 14;Luperox F40;Luperox F90P;FARIDA BIPB, \u00e9 o principal produto da Longchang Chemical. Somos o principal fabricante e fornecedor de per\u00f3xido org\u00e2nico na China, com a melhor qualidade e pre\u00e7o competitivo.","breadcrumb":{"@id":"https:\/\/longchangchemical.com\/product\/siperox-bipb\/#breadcrumb"},"inLanguage":"pt-BR","potentialAction":[{"@type":"ReadAction","target":["https:\/\/longchangchemical.com\/product\/siperox-bipb\/"]}]},{"@type":"ImageObject","inLanguage":"pt-BR","@id":"https:\/\/longchangchemical.com\/product\/siperox-bipb\/#primaryimage","url":"https:\/\/longchangchemical.com\/wp-content\/uploads\/2022\/12\/Siperox\u00ae-BIPB-1.jpg","contentUrl":"https:\/\/longchangchemical.com\/wp-content\/uploads\/2022\/12\/Siperox\u00ae-BIPB-1.jpg","width":800,"height":800,"caption":"BIPB 96 \/ Bis(t-butylperoxy isopropy)benzene CAS 25155-25-3"},{"@type":"BreadcrumbList","@id":"https:\/\/longchangchemical.com\/product\/siperox-bipb\/#breadcrumb","itemListElement":[{"@type":"ListItem","position":1,"name":"Home","item":"https:\/\/longchangchemical.com\/"},{"@type":"ListItem","position":2,"name":"Products Longchang","item":"https:\/\/longchangchemical.com\/product\/"},{"@type":"ListItem","position":3,"name":"BIPB 96 \/ Bis(t-butylperoxy isopropy)benzene CAS 25155-25-3"}]},{"@type":"WebSite","@id":"https:\/\/longchangchemical.com\/#website","url":"https:\/\/longchangchemical.com\/","name":"Qu\u00edmica Longchang","description":"Fabricante de produtos qu\u00edmicos na China \uff06 fornecedor","publisher":{"@id":"https:\/\/longchangchemical.com\/#organization"},"potentialAction":[{"@type":"SearchAction","target":{"@type":"EntryPoint","urlTemplate":"https:\/\/longchangchemical.com\/?s={search_term_string}"},"query-input":{"@type":"PropertyValueSpecification","valueRequired":true,"valueName":"search_term_string"}}],"inLanguage":"pt-BR"},{"@type":"Organization","@id":"https:\/\/longchangchemical.com\/#organization","name":"Qu\u00edmica Longchang","url":"https:\/\/longchangchemical.com\/","logo":{"@type":"ImageObject","inLanguage":"pt-BR","@id":"https:\/\/longchangchemical.com\/#\/schema\/logo\/image\/","url":"https:\/\/longchangchemical.com\/wp-content\/uploads\/2020\/08\/cropped-longchang-logo.png","contentUrl":"https:\/\/longchangchemical.com\/wp-content\/uploads\/2020\/08\/cropped-longchang-logo.png","width":512,"height":512,"caption":"Longchang Chemical"},"image":{"@id":"https:\/\/longchangchemical.com\/#\/schema\/logo\/image\/"}}]}},"_links":{"self":[{"href":"https:\/\/longchangchemical.com\/pt\/wp-json\/wp\/v2\/product\/5811","targetHints":{"allow":["GET"]}}],"collection":[{"href":"https:\/\/longchangchemical.com\/pt\/wp-json\/wp\/v2\/product"}],"about":[{"href":"https:\/\/longchangchemical.com\/pt\/wp-json\/wp\/v2\/types\/product"}],"replies":[{"embeddable":true,"href":"https:\/\/longchangchemical.com\/pt\/wp-json\/wp\/v2\/comments?post=5811"}],"wp:featuredmedia":[{"embeddable":true,"href":"https:\/\/longchangchemical.com\/pt\/wp-json\/wp\/v2\/media\/6267"}],"wp:attachment":[{"href":"https:\/\/longchangchemical.com\/pt\/wp-json\/wp\/v2\/media?parent=5811"}],"wp:term":[{"taxonomy":"product_brand","embeddable":true,"href":"https:\/\/longchangchemical.com\/pt\/wp-json\/wp\/v2\/product_brand?post=5811"},{"taxonomy":"product_cat","embeddable":true,"href":"https:\/\/longchangchemical.com\/pt\/wp-json\/wp\/v2\/product_cat?post=5811"},{"taxonomy":"product_tag","embeddable":true,"href":"https:\/\/longchangchemical.com\/pt\/wp-json\/wp\/v2\/product_tag?post=5811"}],"curies":[{"name":"wp","href":"https:\/\/api.w.org\/{rel}","templated":true}]}}