{"id":5808,"date":"2022-12-19T13:02:35","date_gmt":"2022-12-19T13:02:35","guid":{"rendered":"https:\/\/longchangchemical.com\/?post_type=product&#038;p=5808"},"modified":"2025-12-22T06:53:27","modified_gmt":"2025-12-22T06:53:27","slug":"sinofdas-udad-ursodeoxycholic-acid-cas-128-13-2","status":"publish","type":"product","link":"https:\/\/longchangchemical.com\/pt\/product\/sinofdas-udad-ursodeoxycholic-acid-cas-128-13-2\/","title":{"rendered":"UDAD CAS 128-13-2"},"content":{"rendered":"<h1><strong>\u00c1cido ursodeoxic\u00f3lico CAS 128-13-2<\/strong><\/h1>\n<table class=\"table-1\">\n<tbody>\n<tr>\n<td width=\"281\">Item<\/td>\n<td width=\"369\">Especifica\u00e7\u00f5es<\/td>\n<\/tr>\n<tr>\n<td width=\"281\">Apar\u00eancia<\/td>\n<td width=\"369\">P\u00f3 branco ou quase branco<\/td>\n<\/tr>\n<tr>\n<td width=\"281\">Solubilidade<\/td>\n<td width=\"369\">Praticamente insol\u00favel em \u00e1gua; livremente sol\u00favel em etanol (96%); levemente sol\u00favel em acetona; praticamente insol\u00favel em cloreto de metileno.<\/td>\n<\/tr>\n<tr>\n<td width=\"281\">Identifica\u00e7\u00e3o de IR<\/td>\n<td width=\"369\">O espectro de absor\u00e7\u00e3o de IV deve estar de acordo com o padr\u00e3o de refer\u00eancia.<\/td>\n<\/tr>\n<tr>\n<td width=\"281\">Identifica\u00e7\u00e3o de TLC<\/td>\n<td width=\"369\">A mancha principal no cromatograma obtido com a solu\u00e7\u00e3o de repouso (b) \u00e9 semelhante em posi\u00e7\u00e3o, cor e tamanho \u00e0 mancha principal no cromatograma obtido com a solu\u00e7\u00e3o de refer\u00eancia (a).<\/td>\n<\/tr>\n<tr>\n<td width=\"281\">Identifica\u00e7\u00e3o qu\u00edmica<\/td>\n<td width=\"369\">A suspens\u00e3o obtida \u00e9 azul-esverdeada.<\/td>\n<\/tr>\n<tr>\n<td width=\"281\">\u00d3tica espec\u00edfica<\/td>\n<td width=\"369\">+58,0\u00ba~+62,0\u00ba<\/td>\n<\/tr>\n<tr>\n<td width=\"281\">Ponto de fus\u00e3o<\/td>\n<td width=\"369\">Sobre o 202\u2103<\/td>\n<\/tr>\n<tr>\n<td width=\"281\">Impureza C<\/td>\n<td width=\"369\">\u22640,1%<\/td>\n<\/tr>\n<tr>\n<td width=\"281\">Impureza A<\/td>\n<td width=\"369\">\u22641.0%<\/td>\n<\/tr>\n<tr>\n<td width=\"281\">Impurezas n\u00e3o especificadas<\/td>\n<td width=\"369\">\u22640,1%<\/td>\n<\/tr>\n<tr>\n<td width=\"281\">Impurezas totais<\/td>\n<td width=\"369\">\u00a0\u22641,5%<\/td>\n<\/tr>\n<tr>\n<td width=\"281\">Metanol<\/td>\n<td width=\"369\">\u22643000ppm<\/td>\n<\/tr>\n<tr>\n<td width=\"281\">Isopropanol<\/td>\n<td width=\"369\">\u22645000ppm<\/td>\n<\/tr>\n<tr>\n<td width=\"281\">Acetato de etila<\/td>\n<td width=\"369\">\u22645000ppm<\/td>\n<\/tr>\n<tr>\n<td width=\"281\">Perda na secagem<\/td>\n<td width=\"369\">\u22641.0%<\/td>\n<\/tr>\n<tr>\n<td width=\"281\">Cinza sulfatada<\/td>\n<td width=\"369\">\u22640,1%<\/td>\n<\/tr>\n<tr>\n<td width=\"281\">Metais pesados<\/td>\n<td width=\"369\">\u226420ppm<\/td>\n<\/tr>\n<tr>\n<td width=\"281\">Contagem microbiana aer\u00f3bica total<\/td>\n<td width=\"369\">\u226410\u00b3cfu\/g<\/td>\n<\/tr>\n<tr>\n<td width=\"281\">Contagem total de leveduras e bolores<\/td>\n<td width=\"369\">\u226410\u00b2cfu\/g<\/td>\n<\/tr>\n<tr>\n<td width=\"281\">Escherichia coli<\/td>\n<td width=\"369\">N\u00e3o detectado<\/td>\n<\/tr>\n<tr>\n<td width=\"281\">Ensaio (em subst\u00e2ncia seca)<\/td>\n<td width=\"369\">\u00a099.0%~101.0%<\/td>\n<\/tr>\n<tr>\n<td width=\"281\">Tamanho da part\u00edcula<\/td>\n<td width=\"369\">Para refer\u00eancia<\/td>\n<\/tr>\n<\/tbody>\n<\/table>\n<h2><\/h2>\n<h2><strong>Uso do \u00e1cido ursodeoxic\u00f3lico<\/strong><\/h2>\n<p>1. Estudo conclui que o \u00e1cido ursodeoxic\u00f3lico pode ser usado para prevenir infec\u00e7\u00f5es por neocoronav\u00edrus. Ele reduz o n\u00famero de receptores celulares de ACE nas c\u00e9lulas, dificultando a entrada de v\u00edrus nas c\u00e9lulas humanas.<\/p>\n<p>2. O \u00e1cido ursodesoxic\u00f3lico tem um efeito colest\u00e1tico ben\u00e9fico, pois aumenta a secre\u00e7\u00e3o de \u00e1cidos biliares quando entra no corpo do paciente.<\/p>\n<p>3. Ele tamb\u00e9m inibe a s\u00edntese de colesterol no f\u00edgado, reduzindo o colesterol e os \u00e9steres de colesterol contidos na bile. Al\u00e9m disso, estudos demonstraram que o \u00e1cido ursodeoxic\u00f3lico pode ter um efeito imunomodulador ao lidar com doen\u00e7as hep\u00e1ticas cr\u00f4nicas.<\/p>\n<p>4. O \u00e1cido ursodesoxic\u00f3lico \u00e9 \u00fatil para a redu\u00e7\u00e3o do colesterol e a dissolu\u00e7\u00e3o de c\u00e1lculos, e pode ser usado para o tratamento de pequenos c\u00e1lculos na ves\u00edcula biliar sem cirurgia.<\/p>\n<p>&nbsp;<\/p>\n<h2><strong>Embalagem e envio do \u00e1cido ursodeoxic\u00f3lico<\/strong><\/h2>\n<p>Embalagem:25KG\/tambor<br \/>\nEntrega: mercadorias em geral<\/p>\n<h2><strong>Armazenamento de \u00e1cido ursodeoxic\u00f3lico<\/strong><\/h2>\n<p>Condi\u00e7\u00f5es de armazenamento: Armazenar em local fresco, seco e bem ventilado.<\/p>\n<p>&nbsp;<\/p>\n<h2><strong><b>Entre em contato conosco agora!<\/b><\/strong><\/h2>\n<h4><strong><b>Se precisar de COA, MSDS ou TDS, preencha suas informa\u00e7\u00f5es de contato no formul\u00e1rio abaixo. Normalmente, entraremos em contato em at\u00e9 24 horas.<\/b><\/strong> Voc\u00ea tamb\u00e9m pode me enviar um e-mail <a href=\"mailto:info@longchangchemical.com\"><span style=\"color: #0000ff;\">info@longchangchemical.com<\/span><\/a> durante o hor\u00e1rio comercial (das 8h30 \u00e0s 18h UTC+8 de segunda a s\u00e1bado) ou use o bate-papo ao vivo do site para obter uma resposta imediata.<\/h4>","protected":false},"excerpt":{"rendered":"<p>Nome qu\u00edmico:\u00c1cido ursodeoxic\u00f3lico<br \/>\nN\u00famero CAS: 128-13-2<br \/>\nF\u00f3rmula molecular:C24H40O4<\/p>\n<p>Peso molecular: 392,57<br \/>\nApar\u00eancia: p\u00f3 branco<\/p>\n<p>Ensaio:99%<br \/>\nApar\u00eancia: p\u00f3 branco<br \/>\nCapacidade: 300MT\/m\u00eas<br \/>\nEmbalagem: 25KG\/tambor<br \/>\nAmostra: dispon\u00edvel<\/p>","protected":false},"featured_media":5809,"comment_status":"open","ping_status":"closed","template":"","meta":[],"product_brand":[],"product_cat":[73],"product_tag":[],"class_list":{"0":"post-5808","1":"product","2":"type-product","3":"status-publish","4":"has-post-thumbnail","6":"product_cat-other-additives","8":"first","9":"instock","10":"shipping-taxable","11":"product-type-simple"},"yoast_head":"<!-- This site is optimized with the Yoast SEO plugin v25.3.1 - https:\/\/yoast.com\/wordpress\/plugins\/seo\/ -->\n<title>China Ursodeoxycholic acid Manufacturer CAS 128-13-2 supplier - Longchang Chemical<\/title>\n<meta name=\"description\" content=\"UDAD CAS 128-13-2 is a key product of Longchang Chemical. We provide the best price. We are the leading manufacturer in China with the best quality and competitive price.\" \/>\n<meta name=\"robots\" content=\"index, follow, max-snippet:-1, max-image-preview:large, max-video-preview:-1\" \/>\n<link rel=\"canonical\" href=\"https:\/\/longchangchemical.com\/pt\/product\/sinofdas-udad-ursodeoxycholic-acid-cas-128-13-2\/\" \/>\n<meta property=\"og:locale\" content=\"pt_BR\" \/>\n<meta property=\"og:type\" content=\"article\" \/>\n<meta property=\"og:title\" content=\"China Ursodeoxycholic acid Manufacturer CAS 128-13-2 supplier - Longchang Chemical\" \/>\n<meta property=\"og:description\" content=\"UDAD CAS 128-13-2 is a key product of Longchang Chemical. We provide the best price. We are the leading manufacturer in China with the best quality and competitive price.\" \/>\n<meta property=\"og:url\" content=\"https:\/\/longchangchemical.com\/pt\/product\/sinofdas-udad-ursodeoxycholic-acid-cas-128-13-2\/\" \/>\n<meta property=\"og:site_name\" content=\"Longchang Chemical\" \/>\n<meta property=\"article:modified_time\" content=\"2025-12-22T06:53:27+00:00\" \/>\n<meta property=\"og:image\" content=\"https:\/\/longchangchemical.com\/wp-content\/uploads\/2022\/12\/-UDAD-Ursodeoxycholic-acid-CAS-128-13-2.jpg\" \/>\n\t<meta property=\"og:image:width\" content=\"800\" \/>\n\t<meta property=\"og:image:height\" content=\"800\" \/>\n\t<meta property=\"og:image:type\" content=\"image\/jpeg\" \/>\n<meta name=\"twitter:card\" content=\"summary_large_image\" \/>\n<script type=\"application\/ld+json\" class=\"yoast-schema-graph\">{\"@context\":\"https:\/\/schema.org\",\"@graph\":[{\"@type\":\"WebPage\",\"@id\":\"https:\/\/longchangchemical.com\/product\/sinofdas-udad-ursodeoxycholic-acid-cas-128-13-2\/\",\"url\":\"https:\/\/longchangchemical.com\/product\/sinofdas-udad-ursodeoxycholic-acid-cas-128-13-2\/\",\"name\":\"China Ursodeoxycholic acid Manufacturer CAS 128-13-2 supplier - Longchang Chemical\",\"isPartOf\":{\"@id\":\"https:\/\/longchangchemical.com\/#website\"},\"primaryImageOfPage\":{\"@id\":\"https:\/\/longchangchemical.com\/product\/sinofdas-udad-ursodeoxycholic-acid-cas-128-13-2\/#primaryimage\"},\"image\":{\"@id\":\"https:\/\/longchangchemical.com\/product\/sinofdas-udad-ursodeoxycholic-acid-cas-128-13-2\/#primaryimage\"},\"thumbnailUrl\":\"https:\/\/longchangchemical.com\/wp-content\/uploads\/2022\/12\/-UDAD-Ursodeoxycholic-acid-CAS-128-13-2.jpg\",\"datePublished\":\"2022-12-19T13:02:35+00:00\",\"dateModified\":\"2025-12-22T06:53:27+00:00\",\"description\":\"UDAD CAS 128-13-2 is a key product of Longchang Chemical. We provide the best price. We are the leading manufacturer in China with the best quality and competitive price.\",\"breadcrumb\":{\"@id\":\"https:\/\/longchangchemical.com\/product\/sinofdas-udad-ursodeoxycholic-acid-cas-128-13-2\/#breadcrumb\"},\"inLanguage\":\"pt-BR\",\"potentialAction\":[{\"@type\":\"ReadAction\",\"target\":[\"https:\/\/longchangchemical.com\/product\/sinofdas-udad-ursodeoxycholic-acid-cas-128-13-2\/\"]}]},{\"@type\":\"ImageObject\",\"inLanguage\":\"pt-BR\",\"@id\":\"https:\/\/longchangchemical.com\/product\/sinofdas-udad-ursodeoxycholic-acid-cas-128-13-2\/#primaryimage\",\"url\":\"https:\/\/longchangchemical.com\/wp-content\/uploads\/2022\/12\/-UDAD-Ursodeoxycholic-acid-CAS-128-13-2.jpg\",\"contentUrl\":\"https:\/\/longchangchemical.com\/wp-content\/uploads\/2022\/12\/-UDAD-Ursodeoxycholic-acid-CAS-128-13-2.jpg\",\"width\":800,\"height\":800,\"caption\":\"UDAD \/ Ursodeoxycholic acid CAS 128-13-2\"},{\"@type\":\"BreadcrumbList\",\"@id\":\"https:\/\/longchangchemical.com\/product\/sinofdas-udad-ursodeoxycholic-acid-cas-128-13-2\/#breadcrumb\",\"itemListElement\":[{\"@type\":\"ListItem\",\"position\":1,\"name\":\"Home\",\"item\":\"https:\/\/longchangchemical.com\/\"},{\"@type\":\"ListItem\",\"position\":2,\"name\":\"Products Longchang\",\"item\":\"https:\/\/longchangchemical.com\/product\/\"},{\"@type\":\"ListItem\",\"position\":3,\"name\":\"UDAD CAS 128-13-2\"}]},{\"@type\":\"WebSite\",\"@id\":\"https:\/\/longchangchemical.com\/#website\",\"url\":\"https:\/\/longchangchemical.com\/\",\"name\":\"Longchang Chemical\",\"description\":\"China chemical manufacturer \uff06 supplier\",\"publisher\":{\"@id\":\"https:\/\/longchangchemical.com\/#organization\"},\"potentialAction\":[{\"@type\":\"SearchAction\",\"target\":{\"@type\":\"EntryPoint\",\"urlTemplate\":\"https:\/\/longchangchemical.com\/?s={search_term_string}\"},\"query-input\":{\"@type\":\"PropertyValueSpecification\",\"valueRequired\":true,\"valueName\":\"search_term_string\"}}],\"inLanguage\":\"pt-BR\"},{\"@type\":\"Organization\",\"@id\":\"https:\/\/longchangchemical.com\/#organization\",\"name\":\"Longchang Chemical\",\"url\":\"https:\/\/longchangchemical.com\/\",\"logo\":{\"@type\":\"ImageObject\",\"inLanguage\":\"pt-BR\",\"@id\":\"https:\/\/longchangchemical.com\/#\/schema\/logo\/image\/\",\"url\":\"https:\/\/longchangchemical.com\/wp-content\/uploads\/2020\/08\/cropped-longchang-logo.png\",\"contentUrl\":\"https:\/\/longchangchemical.com\/wp-content\/uploads\/2020\/08\/cropped-longchang-logo.png\",\"width\":512,\"height\":512,\"caption\":\"Longchang Chemical\"},\"image\":{\"@id\":\"https:\/\/longchangchemical.com\/#\/schema\/logo\/image\/\"}}]}<\/script>\n<!-- \/ Yoast SEO plugin. -->","yoast_head_json":{"title":"Fornecedor de \u00e1cido ursodesoxic\u00f3lico CAS 128-13-2 na China - Longchang Chemical","description":"UDAD CAS 128-13-2 \u00e9 um produto-chave da Longchang Chemical. Oferecemos o melhor pre\u00e7o. Somos o fabricante l\u00edder na China, com a melhor qualidade e pre\u00e7o competitivo.","robots":{"index":"index","follow":"follow","max-snippet":"max-snippet:-1","max-image-preview":"max-image-preview:large","max-video-preview":"max-video-preview:-1"},"canonical":"https:\/\/longchangchemical.com\/pt\/product\/sinofdas-udad-ursodeoxycholic-acid-cas-128-13-2\/","og_locale":"pt_BR","og_type":"article","og_title":"China Ursodeoxycholic acid Manufacturer CAS 128-13-2 supplier - Longchang Chemical","og_description":"UDAD CAS 128-13-2 is a key product of Longchang Chemical. We provide the best price. We are the leading manufacturer in China with the best quality and competitive price.","og_url":"https:\/\/longchangchemical.com\/pt\/product\/sinofdas-udad-ursodeoxycholic-acid-cas-128-13-2\/","og_site_name":"Longchang Chemical","article_modified_time":"2025-12-22T06:53:27+00:00","og_image":[{"width":800,"height":800,"url":"https:\/\/longchangchemical.com\/wp-content\/uploads\/2022\/12\/-UDAD-Ursodeoxycholic-acid-CAS-128-13-2.jpg","type":"image\/jpeg"}],"twitter_card":"summary_large_image","schema":{"@context":"https:\/\/schema.org","@graph":[{"@type":"WebPage","@id":"https:\/\/longchangchemical.com\/product\/sinofdas-udad-ursodeoxycholic-acid-cas-128-13-2\/","url":"https:\/\/longchangchemical.com\/product\/sinofdas-udad-ursodeoxycholic-acid-cas-128-13-2\/","name":"Fornecedor de \u00e1cido ursodesoxic\u00f3lico CAS 128-13-2 na China - Longchang Chemical","isPartOf":{"@id":"https:\/\/longchangchemical.com\/#website"},"primaryImageOfPage":{"@id":"https:\/\/longchangchemical.com\/product\/sinofdas-udad-ursodeoxycholic-acid-cas-128-13-2\/#primaryimage"},"image":{"@id":"https:\/\/longchangchemical.com\/product\/sinofdas-udad-ursodeoxycholic-acid-cas-128-13-2\/#primaryimage"},"thumbnailUrl":"https:\/\/longchangchemical.com\/wp-content\/uploads\/2022\/12\/-UDAD-Ursodeoxycholic-acid-CAS-128-13-2.jpg","datePublished":"2022-12-19T13:02:35+00:00","dateModified":"2025-12-22T06:53:27+00:00","description":"UDAD CAS 128-13-2 \u00e9 um produto-chave da Longchang Chemical. Oferecemos o melhor pre\u00e7o. Somos o fabricante l\u00edder na China, com a melhor qualidade e pre\u00e7o competitivo.","breadcrumb":{"@id":"https:\/\/longchangchemical.com\/product\/sinofdas-udad-ursodeoxycholic-acid-cas-128-13-2\/#breadcrumb"},"inLanguage":"pt-BR","potentialAction":[{"@type":"ReadAction","target":["https:\/\/longchangchemical.com\/product\/sinofdas-udad-ursodeoxycholic-acid-cas-128-13-2\/"]}]},{"@type":"ImageObject","inLanguage":"pt-BR","@id":"https:\/\/longchangchemical.com\/product\/sinofdas-udad-ursodeoxycholic-acid-cas-128-13-2\/#primaryimage","url":"https:\/\/longchangchemical.com\/wp-content\/uploads\/2022\/12\/-UDAD-Ursodeoxycholic-acid-CAS-128-13-2.jpg","contentUrl":"https:\/\/longchangchemical.com\/wp-content\/uploads\/2022\/12\/-UDAD-Ursodeoxycholic-acid-CAS-128-13-2.jpg","width":800,"height":800,"caption":"UDAD \/ Ursodeoxycholic acid CAS 128-13-2"},{"@type":"BreadcrumbList","@id":"https:\/\/longchangchemical.com\/product\/sinofdas-udad-ursodeoxycholic-acid-cas-128-13-2\/#breadcrumb","itemListElement":[{"@type":"ListItem","position":1,"name":"Home","item":"https:\/\/longchangchemical.com\/"},{"@type":"ListItem","position":2,"name":"Products Longchang","item":"https:\/\/longchangchemical.com\/product\/"},{"@type":"ListItem","position":3,"name":"UDAD CAS 128-13-2"}]},{"@type":"WebSite","@id":"https:\/\/longchangchemical.com\/#website","url":"https:\/\/longchangchemical.com\/","name":"Qu\u00edmica Longchang","description":"Fabricante de produtos qu\u00edmicos na China \uff06 fornecedor","publisher":{"@id":"https:\/\/longchangchemical.com\/#organization"},"potentialAction":[{"@type":"SearchAction","target":{"@type":"EntryPoint","urlTemplate":"https:\/\/longchangchemical.com\/?s={search_term_string}"},"query-input":{"@type":"PropertyValueSpecification","valueRequired":true,"valueName":"search_term_string"}}],"inLanguage":"pt-BR"},{"@type":"Organization","@id":"https:\/\/longchangchemical.com\/#organization","name":"Qu\u00edmica Longchang","url":"https:\/\/longchangchemical.com\/","logo":{"@type":"ImageObject","inLanguage":"pt-BR","@id":"https:\/\/longchangchemical.com\/#\/schema\/logo\/image\/","url":"https:\/\/longchangchemical.com\/wp-content\/uploads\/2020\/08\/cropped-longchang-logo.png","contentUrl":"https:\/\/longchangchemical.com\/wp-content\/uploads\/2020\/08\/cropped-longchang-logo.png","width":512,"height":512,"caption":"Longchang Chemical"},"image":{"@id":"https:\/\/longchangchemical.com\/#\/schema\/logo\/image\/"}}]}},"_links":{"self":[{"href":"https:\/\/longchangchemical.com\/pt\/wp-json\/wp\/v2\/product\/5808","targetHints":{"allow":["GET"]}}],"collection":[{"href":"https:\/\/longchangchemical.com\/pt\/wp-json\/wp\/v2\/product"}],"about":[{"href":"https:\/\/longchangchemical.com\/pt\/wp-json\/wp\/v2\/types\/product"}],"replies":[{"embeddable":true,"href":"https:\/\/longchangchemical.com\/pt\/wp-json\/wp\/v2\/comments?post=5808"}],"wp:featuredmedia":[{"embeddable":true,"href":"https:\/\/longchangchemical.com\/pt\/wp-json\/wp\/v2\/media\/5809"}],"wp:attachment":[{"href":"https:\/\/longchangchemical.com\/pt\/wp-json\/wp\/v2\/media?parent=5808"}],"wp:term":[{"taxonomy":"product_brand","embeddable":true,"href":"https:\/\/longchangchemical.com\/pt\/wp-json\/wp\/v2\/product_brand?post=5808"},{"taxonomy":"product_cat","embeddable":true,"href":"https:\/\/longchangchemical.com\/pt\/wp-json\/wp\/v2\/product_cat?post=5808"},{"taxonomy":"product_tag","embeddable":true,"href":"https:\/\/longchangchemical.com\/pt\/wp-json\/wp\/v2\/product_tag?post=5808"}],"curies":[{"name":"wp","href":"https:\/\/api.w.org\/{rel}","templated":true}]}}