{"id":5773,"date":"2022-12-05T13:21:28","date_gmt":"2022-12-05T13:21:28","guid":{"rendered":"https:\/\/longchangchemical.com\/?post_type=product&#038;p=5773"},"modified":"2026-05-08T08:26:15","modified_gmt":"2026-05-08T08:26:15","slug":"chlumiflex-pg-cas-57-55-6","status":"publish","type":"product","link":"https:\/\/longchangchemical.com\/pt\/product\/chlumiflex-pg-cas-57-55-6\/","title":{"rendered":"CHLUMIFLEX\u00ae PG \/ 1,2-Propanodiol \/ Propilenoglicol CAS 57-55-6"},"content":{"rendered":"<h2><strong>Propilenoglicol de grau aliment\u00edcio<\/strong><\/h2>\n<h3><strong>Grau aliment\u00edcio Escopo de aplica\u00e7\u00e3o<\/strong><\/h3>\n<p>1. Pode ser usado como solvente para aromas e fragr\u00e2ncias, especiarias e corantes aliment\u00edcios, amaciante de embalagens de alimentos, antiadesivo de alimentos, umectante de tabaco, agente antimofo, conservante para amadurecimento de frutas, anticongelante e meio de transfer\u00eancia de calor, emulsificante, etc.<\/p>\n<p>2. Tamb\u00e9m \u00e9 usado como solvente para tinta de marca\u00e7\u00e3o de alimentos para \u00f3leo lubrificante de equipamentos de processamento de alimentos.<\/p>\n<p>3. Pode ser usado como agente hidratante na ind\u00fastria qu\u00edmica di\u00e1ria em geral, etc.<\/p>\n<p>&nbsp;<\/p>\n<h3><strong>Caracter\u00edsticas do produto de grau aliment\u00edcio<\/strong><\/h3>\n<p>1. O conte\u00fado de propilenoglicol atinge mais de 99,5%, com menos picos de impureza, o processo de uso pode excluir outras rea\u00e7\u00f5es colaterais, proporcionando maior estabilidade, o suficiente para atender \u00e0s diversas necessidades dos clientes, e tem sido amplamente elogiado por eles.<\/p>\n<p>2. usar o cromat\u00f3grafo a g\u00e1s para testar amostras e garantir a precis\u00e3o da qualidade do produto.<\/p>\n<p>3. O aditivo alimentar propilenoglicol tem melhor higroscopicidade e propriedade anticongelante.<\/p>\n<p>&nbsp;<\/p>\n<p>&nbsp;<\/p>\n<h2><strong>Propilenoglicol de grau de excipiente farmac\u00eautico<\/strong><\/h2>\n<h3><strong>Grau farmac\u00eautico Escopo de aplica\u00e7\u00e3o<\/strong><\/h3>\n<p>1. Esse produto pode ser usado como ve\u00edculo para medicamentos de uso humano, agente de uso de medicamentos em gr\u00e2nulos, hidratante, amaciante e solvente.<\/p>\n<p>2. Ele tamb\u00e9m pode ser usado como solvente no campo da medicina veterin\u00e1ria e de pesticidas.<\/p>\n<p>3. Pode ser aplicado no setor de tabaco como aromatizante, umectante e conservante de tabaco.<\/p>\n<p>4. Pode ser usado como agente hidratante na ind\u00fastria qu\u00edmica di\u00e1ria, etc.<\/p>\n<p>&nbsp;<\/p>\n<h3><strong>Grau farmac\u00eautico Caracter\u00edsticas do produto<\/strong><\/h3>\n<p>1. Nossa empresa fez importantes melhorias t\u00e9cnicas, o conte\u00fado de propilenoglicol \u00e9 superior a 99,8%, com menos impurezas, de modo que outras rea\u00e7\u00f5es colaterais podem ser exclu\u00eddas no processo de uso para proporcionar maior estabilidade.<\/p>\n<p>2. Um cromat\u00f3grafo a g\u00e1s importado de alta qualidade \u00e9 usado para testar amostras e garantir a precis\u00e3o do \u00edndice do produto.<\/p>\n<p>3. Tem melhor absor\u00e7\u00e3o de umidade e propriedade anticongelante.<\/p>\n<p>&nbsp;<\/p>\n<h2><strong>Propilenoglicol de grau industrial<\/strong><\/h2>\n<h3><strong>Grau industrial Faixa de aplica\u00e7\u00e3o<\/strong><\/h3>\n<p>1. para a produ\u00e7\u00e3o de resinas insaturadas, poli\u00f3is de poli\u00e9ter, resinas ep\u00f3xi, etc.<\/p>\n<p>2. Usado em s\u00edntese org\u00e2nica, solvente, agente desidratante e fixador de cromatografia gasosa, emulsificante sint\u00e9tico, quebra de emuls\u00e3o, etc.<\/p>\n<p>3. Atua como um intermedi\u00e1rio qu\u00edmico para o fungicida pesticida fenometoxazol.<\/p>\n<p>4. Usado em celofane, plastificantes e na ind\u00fastria farmac\u00eautica.<\/p>\n<p>5. a solu\u00e7\u00e3o aquosa de propilenoglicol \u00e9 um agente anticongelante eficaz.<\/p>\n<p>&nbsp;<\/p>\n<h3><strong>Grau industrial Caracter\u00edsticas do produto<\/strong><\/h3>\n<p>O conte\u00fado de propilenoglicol de grau industrial atinge mais de 99,5%, com qualidade de produto est\u00e1vel e alta taxa de inicializa\u00e7\u00e3o, podendo atender a v\u00e1rias demandas dos clientes e sendo amplamente elogiado por eles.<\/p>\n<h2><strong>Embalagem e transporte<\/strong><\/h2>\n<p>Embalado em tambores de ferro galvanizado ou tambores de pl\u00e1stico, as especifica\u00e7\u00f5es podem ser de 25 kg, 200 kg, 215 kg.<\/p>\n<p>Ele pode ser embalado em latas ISO TANK, sacos para l\u00edquidos ou de acordo com as exig\u00eancias dos clientes.<\/p>\n<p>&nbsp;<\/p>\n<h2><strong>Armazenamento seguro<\/strong><\/h2>\n<p>Armazene em um dep\u00f3sito fresco e ventilado, a temperatura n\u00e3o deve exceder 37\u00b0C e a umidade relativa deve ser controlada abaixo de 60%.<\/p>\n<p>Ele deve ser armazenado separadamente de agentes oxidantes, agentes redutores, \u00e1cidos, etc. Nunca misture o armazenamento e mantenha o cont\u00eainer fechado.<\/p>\n<p>Mantenha-o longe do fogo e de fontes de calor. Proibir o uso de m\u00e1quinas e ferramentas propensas a fa\u00edscas.<\/p>\n<p>A \u00e1rea de armazenamento deve ser equipada com equipamento de tratamento emergencial de vazamentos. A camada inferior deve ser acolchoada durante o armazenamento, e a altura da paletiza\u00e7\u00e3o n\u00e3o deve exceder 2 metros.<\/p>\n<p>&nbsp;<\/p>\n<h2><strong><b>Onde comprar propilenoglicol? <\/b><\/strong><strong><b>Entre em contato conosco agora!<\/b><\/strong><\/h2>\n<h4><strong><b>Se precisar de COA, MSDS ou TDS, preencha suas informa\u00e7\u00f5es de contato no formul\u00e1rio abaixo. Normalmente, entraremos em contato em at\u00e9 24 horas.<\/b><\/strong> Voc\u00ea tamb\u00e9m pode me enviar um e-mail <a href=\"mailto:info@longchangchemical.com\"><span style=\"color: #0000ff;\">info@longchangchemical.com<\/span><\/a> durante o hor\u00e1rio comercial (das 8h30 \u00e0s 18h UTC+8 de segunda a s\u00e1bado) ou use o bate-papo ao vivo do site para obter uma resposta imediata.<\/h4>","protected":false},"excerpt":{"rendered":"<p>PG 1,2-Propanediol Propylene glycol CAS 57-55-6 Plasticizer is a plasticizer for scope 1. Key properties include 1. The content of propylene glycol reaches more than 99.5%, with less impurity peaks, and the use process can exclude other side reactions thus providing higher stability.<\/p>","protected":false},"featured_media":5774,"comment_status":"open","ping_status":"closed","template":"","meta":[],"product_brand":[],"product_cat":[111],"product_tag":[],"class_list":{"0":"post-5773","1":"product","2":"type-product","3":"status-publish","4":"has-post-thumbnail","6":"product_cat-plasticizer","8":"first","9":"instock","10":"shipping-taxable","11":"product-type-simple"},"yoast_head":"<!-- This site is optimized with the Yoast SEO plugin v25.3.1 - https:\/\/yoast.com\/wordpress\/plugins\/seo\/ -->\n<title>China 1,2-Propanediol Manufacturer \/ Propylene glycol Manufacturer | 57-55-6 - Longchang Chemical<\/title>\n<meta name=\"description\" content=\"Lcflex\u00ae PG can be used as 1,2-Propanediol, Propylene glycol, is the key product of Longchang Chemical. We are the leading Propylene glycol manufacturer and supplier in China with the best quanlity and competitive price.\" \/>\n<meta name=\"robots\" content=\"index, follow, max-snippet:-1, max-image-preview:large, max-video-preview:-1\" \/>\n<link rel=\"canonical\" href=\"https:\/\/longchangchemical.com\/pt\/product\/chlumiflex-pg-cas-57-55-6\/\" \/>\n<meta property=\"og:locale\" content=\"pt_BR\" \/>\n<meta property=\"og:type\" content=\"article\" \/>\n<meta property=\"og:title\" content=\"China 1,2-Propanediol Manufacturer \/ Propylene glycol Manufacturer | 57-55-6 - Longchang Chemical\" \/>\n<meta property=\"og:description\" content=\"Lcflex\u00ae PG can be used as 1,2-Propanediol, Propylene glycol, is the key product of Longchang Chemical. We are the leading Propylene glycol manufacturer and supplier in China with the best quanlity and competitive price.\" \/>\n<meta property=\"og:url\" content=\"https:\/\/longchangchemical.com\/pt\/product\/chlumiflex-pg-cas-57-55-6\/\" \/>\n<meta property=\"og:site_name\" content=\"Longchang Chemical\" \/>\n<meta property=\"article:modified_time\" content=\"2026-05-08T08:26:15+00:00\" \/>\n<meta property=\"og:image\" content=\"https:\/\/longchangchemical.com\/wp-content\/uploads\/2022\/12\/Propylene-glycol-manufactured.png\" \/>\n\t<meta property=\"og:image:width\" content=\"504\" \/>\n\t<meta property=\"og:image:height\" content=\"483\" \/>\n\t<meta property=\"og:image:type\" content=\"image\/png\" \/>\n<meta name=\"twitter:card\" content=\"summary_large_image\" \/>\n<script type=\"application\/ld+json\" class=\"yoast-schema-graph\">{\"@context\":\"https:\/\/schema.org\",\"@graph\":[{\"@type\":\"WebPage\",\"@id\":\"https:\/\/longchangchemical.com\/product\/chlumiflex-pg-cas-57-55-6\/\",\"url\":\"https:\/\/longchangchemical.com\/product\/chlumiflex-pg-cas-57-55-6\/\",\"name\":\"China 1,2-Propanediol Manufacturer \/ Propylene glycol Manufacturer | 57-55-6 - Longchang Chemical\",\"isPartOf\":{\"@id\":\"https:\/\/longchangchemical.com\/#website\"},\"primaryImageOfPage\":{\"@id\":\"https:\/\/longchangchemical.com\/product\/chlumiflex-pg-cas-57-55-6\/#primaryimage\"},\"image\":{\"@id\":\"https:\/\/longchangchemical.com\/product\/chlumiflex-pg-cas-57-55-6\/#primaryimage\"},\"thumbnailUrl\":\"https:\/\/longchangchemical.com\/wp-content\/uploads\/2022\/12\/Propylene-glycol-manufactured.png\",\"datePublished\":\"2022-12-05T13:21:28+00:00\",\"dateModified\":\"2026-05-08T08:26:15+00:00\",\"description\":\"Lcflex\u00ae PG can be used as 1,2-Propanediol, Propylene glycol, is the key product of Longchang Chemical. We are the leading Propylene glycol manufacturer and supplier in China with the best quanlity and competitive price.\",\"breadcrumb\":{\"@id\":\"https:\/\/longchangchemical.com\/product\/chlumiflex-pg-cas-57-55-6\/#breadcrumb\"},\"inLanguage\":\"pt-BR\",\"potentialAction\":[{\"@type\":\"ReadAction\",\"target\":[\"https:\/\/longchangchemical.com\/product\/chlumiflex-pg-cas-57-55-6\/\"]}]},{\"@type\":\"ImageObject\",\"inLanguage\":\"pt-BR\",\"@id\":\"https:\/\/longchangchemical.com\/product\/chlumiflex-pg-cas-57-55-6\/#primaryimage\",\"url\":\"https:\/\/longchangchemical.com\/wp-content\/uploads\/2022\/12\/Propylene-glycol-manufactured.png\",\"contentUrl\":\"https:\/\/longchangchemical.com\/wp-content\/uploads\/2022\/12\/Propylene-glycol-manufactured.png\",\"width\":504,\"height\":483},{\"@type\":\"BreadcrumbList\",\"@id\":\"https:\/\/longchangchemical.com\/product\/chlumiflex-pg-cas-57-55-6\/#breadcrumb\",\"itemListElement\":[{\"@type\":\"ListItem\",\"position\":1,\"name\":\"Home\",\"item\":\"https:\/\/longchangchemical.com\/\"},{\"@type\":\"ListItem\",\"position\":2,\"name\":\"Products Longchang\",\"item\":\"https:\/\/longchangchemical.com\/product\/\"},{\"@type\":\"ListItem\",\"position\":3,\"name\":\"CHLUMIFLEX\u00ae PG \/ 1,2-Propanediol \/ Propylene glycol CAS 57-55-6\"}]},{\"@type\":\"WebSite\",\"@id\":\"https:\/\/longchangchemical.com\/#website\",\"url\":\"https:\/\/longchangchemical.com\/\",\"name\":\"Longchang Chemical\",\"description\":\"China chemical manufacturer \uff06 supplier\",\"publisher\":{\"@id\":\"https:\/\/longchangchemical.com\/#organization\"},\"potentialAction\":[{\"@type\":\"SearchAction\",\"target\":{\"@type\":\"EntryPoint\",\"urlTemplate\":\"https:\/\/longchangchemical.com\/?s={search_term_string}\"},\"query-input\":{\"@type\":\"PropertyValueSpecification\",\"valueRequired\":true,\"valueName\":\"search_term_string\"}}],\"inLanguage\":\"pt-BR\"},{\"@type\":\"Organization\",\"@id\":\"https:\/\/longchangchemical.com\/#organization\",\"name\":\"Longchang Chemical\",\"url\":\"https:\/\/longchangchemical.com\/\",\"logo\":{\"@type\":\"ImageObject\",\"inLanguage\":\"pt-BR\",\"@id\":\"https:\/\/longchangchemical.com\/#\/schema\/logo\/image\/\",\"url\":\"https:\/\/longchangchemical.com\/wp-content\/uploads\/2020\/08\/cropped-longchang-logo.png\",\"contentUrl\":\"https:\/\/longchangchemical.com\/wp-content\/uploads\/2020\/08\/cropped-longchang-logo.png\",\"width\":512,\"height\":512,\"caption\":\"Longchang Chemical\"},\"image\":{\"@id\":\"https:\/\/longchangchemical.com\/#\/schema\/logo\/image\/\"}}]}<\/script>\n<!-- \/ Yoast SEO plugin. -->","yoast_head_json":{"title":"Fabricante de 1,2-propanodiol \/ Fabricante de propilenoglicol | 57-55-6 - Longchang Chemical","description":"O Lcflex\u00ae PG pode ser usado como 1,2-propanodiol, propilenoglicol, e \u00e9 o principal produto da Longchang Chemical. Somos o principal fabricante e fornecedor de propilenoglicol na China, com a melhor qualidade e pre\u00e7o competitivo.","robots":{"index":"index","follow":"follow","max-snippet":"max-snippet:-1","max-image-preview":"max-image-preview:large","max-video-preview":"max-video-preview:-1"},"canonical":"https:\/\/longchangchemical.com\/pt\/product\/chlumiflex-pg-cas-57-55-6\/","og_locale":"pt_BR","og_type":"article","og_title":"China 1,2-Propanediol Manufacturer \/ Propylene glycol Manufacturer | 57-55-6 - Longchang Chemical","og_description":"Lcflex\u00ae PG can be used as 1,2-Propanediol, Propylene glycol, is the key product of Longchang Chemical. We are the leading Propylene glycol manufacturer and supplier in China with the best quanlity and competitive price.","og_url":"https:\/\/longchangchemical.com\/pt\/product\/chlumiflex-pg-cas-57-55-6\/","og_site_name":"Longchang Chemical","article_modified_time":"2026-05-08T08:26:15+00:00","og_image":[{"width":504,"height":483,"url":"https:\/\/longchangchemical.com\/wp-content\/uploads\/2022\/12\/Propylene-glycol-manufactured.png","type":"image\/png"}],"twitter_card":"summary_large_image","schema":{"@context":"https:\/\/schema.org","@graph":[{"@type":"WebPage","@id":"https:\/\/longchangchemical.com\/product\/chlumiflex-pg-cas-57-55-6\/","url":"https:\/\/longchangchemical.com\/product\/chlumiflex-pg-cas-57-55-6\/","name":"Fabricante de 1,2-propanodiol \/ Fabricante de propilenoglicol | 57-55-6 - Longchang Chemical","isPartOf":{"@id":"https:\/\/longchangchemical.com\/#website"},"primaryImageOfPage":{"@id":"https:\/\/longchangchemical.com\/product\/chlumiflex-pg-cas-57-55-6\/#primaryimage"},"image":{"@id":"https:\/\/longchangchemical.com\/product\/chlumiflex-pg-cas-57-55-6\/#primaryimage"},"thumbnailUrl":"https:\/\/longchangchemical.com\/wp-content\/uploads\/2022\/12\/Propylene-glycol-manufactured.png","datePublished":"2022-12-05T13:21:28+00:00","dateModified":"2026-05-08T08:26:15+00:00","description":"O Lcflex\u00ae PG pode ser usado como 1,2-propanodiol, propilenoglicol, e \u00e9 o principal produto da Longchang Chemical. Somos o principal fabricante e fornecedor de propilenoglicol na China, com a melhor qualidade e pre\u00e7o competitivo.","breadcrumb":{"@id":"https:\/\/longchangchemical.com\/product\/chlumiflex-pg-cas-57-55-6\/#breadcrumb"},"inLanguage":"pt-BR","potentialAction":[{"@type":"ReadAction","target":["https:\/\/longchangchemical.com\/product\/chlumiflex-pg-cas-57-55-6\/"]}]},{"@type":"ImageObject","inLanguage":"pt-BR","@id":"https:\/\/longchangchemical.com\/product\/chlumiflex-pg-cas-57-55-6\/#primaryimage","url":"https:\/\/longchangchemical.com\/wp-content\/uploads\/2022\/12\/Propylene-glycol-manufactured.png","contentUrl":"https:\/\/longchangchemical.com\/wp-content\/uploads\/2022\/12\/Propylene-glycol-manufactured.png","width":504,"height":483},{"@type":"BreadcrumbList","@id":"https:\/\/longchangchemical.com\/product\/chlumiflex-pg-cas-57-55-6\/#breadcrumb","itemListElement":[{"@type":"ListItem","position":1,"name":"Home","item":"https:\/\/longchangchemical.com\/"},{"@type":"ListItem","position":2,"name":"Products Longchang","item":"https:\/\/longchangchemical.com\/product\/"},{"@type":"ListItem","position":3,"name":"CHLUMIFLEX\u00ae PG \/ 1,2-Propanediol \/ Propylene glycol CAS 57-55-6"}]},{"@type":"WebSite","@id":"https:\/\/longchangchemical.com\/#website","url":"https:\/\/longchangchemical.com\/","name":"Qu\u00edmica Longchang","description":"Fabricante de produtos qu\u00edmicos na China \uff06 fornecedor","publisher":{"@id":"https:\/\/longchangchemical.com\/#organization"},"potentialAction":[{"@type":"SearchAction","target":{"@type":"EntryPoint","urlTemplate":"https:\/\/longchangchemical.com\/?s={search_term_string}"},"query-input":{"@type":"PropertyValueSpecification","valueRequired":true,"valueName":"search_term_string"}}],"inLanguage":"pt-BR"},{"@type":"Organization","@id":"https:\/\/longchangchemical.com\/#organization","name":"Qu\u00edmica Longchang","url":"https:\/\/longchangchemical.com\/","logo":{"@type":"ImageObject","inLanguage":"pt-BR","@id":"https:\/\/longchangchemical.com\/#\/schema\/logo\/image\/","url":"https:\/\/longchangchemical.com\/wp-content\/uploads\/2020\/08\/cropped-longchang-logo.png","contentUrl":"https:\/\/longchangchemical.com\/wp-content\/uploads\/2020\/08\/cropped-longchang-logo.png","width":512,"height":512,"caption":"Longchang Chemical"},"image":{"@id":"https:\/\/longchangchemical.com\/#\/schema\/logo\/image\/"}}]}},"_links":{"self":[{"href":"https:\/\/longchangchemical.com\/pt\/wp-json\/wp\/v2\/product\/5773","targetHints":{"allow":["GET"]}}],"collection":[{"href":"https:\/\/longchangchemical.com\/pt\/wp-json\/wp\/v2\/product"}],"about":[{"href":"https:\/\/longchangchemical.com\/pt\/wp-json\/wp\/v2\/types\/product"}],"replies":[{"embeddable":true,"href":"https:\/\/longchangchemical.com\/pt\/wp-json\/wp\/v2\/comments?post=5773"}],"wp:featuredmedia":[{"embeddable":true,"href":"https:\/\/longchangchemical.com\/pt\/wp-json\/wp\/v2\/media\/5774"}],"wp:attachment":[{"href":"https:\/\/longchangchemical.com\/pt\/wp-json\/wp\/v2\/media?parent=5773"}],"wp:term":[{"taxonomy":"product_brand","embeddable":true,"href":"https:\/\/longchangchemical.com\/pt\/wp-json\/wp\/v2\/product_brand?post=5773"},{"taxonomy":"product_cat","embeddable":true,"href":"https:\/\/longchangchemical.com\/pt\/wp-json\/wp\/v2\/product_cat?post=5773"},{"taxonomy":"product_tag","embeddable":true,"href":"https:\/\/longchangchemical.com\/pt\/wp-json\/wp\/v2\/product_tag?post=5773"}],"curies":[{"name":"wp","href":"https:\/\/api.w.org\/{rel}","templated":true}]}}