{"id":5770,"date":"2022-12-04T12:03:23","date_gmt":"2022-12-04T12:03:23","guid":{"rendered":"https:\/\/longchangchemical.com\/?post_type=product&#038;p=5770"},"modified":"2026-01-12T05:54:27","modified_gmt":"2026-01-12T05:54:27","slug":"synocat-t-9-cas-301-10-0","status":"publish","type":"product","link":"https:\/\/longchangchemical.com\/pt\/product\/synocat-t-9-cas-301-10-0\/","title":{"rendered":"T-9 \/ Octoato estanoso CAS 301-10-0"},"content":{"rendered":"<h1><strong>T-9 \/ Octoato estanoso CAS 301-10-0<\/strong><\/h1>\n<table>\n<tbody>\n<tr>\n<td width=\"258\"><strong>Item<\/strong><\/td>\n<td width=\"368\"><strong>S<\/strong><strong>pecifica\u00e7\u00e3o<\/strong><\/td>\n<\/tr>\n<tr>\n<td width=\"258\">Apar\u00eancia<\/td>\n<td width=\"368\">L\u00edquido amarelo claro<\/td>\n<\/tr>\n<tr>\n<td width=\"258\">Conte\u00fado de estanho<\/td>\n<td width=\"368\">\u226528.0%<\/td>\n<\/tr>\n<tr>\n<td width=\"258\">Teor de estanoso<\/td>\n<td width=\"368\">27.25-29%<\/td>\n<\/tr>\n<tr>\n<td width=\"258\">Color Gardner<\/td>\n<td width=\"368\">\u22643.0<\/td>\n<\/tr>\n<tr>\n<td width=\"258\">Viscosidade, mPa.s<\/td>\n<td width=\"368\">\u2264360<\/td>\n<\/tr>\n<\/tbody>\n<\/table>\n<p>&nbsp;<\/p>\n<h2><strong>T-9 \/ Octoato estanoso Aplica\u00e7\u00e3o:<\/strong><\/h2>\n<p>O T-9 \u00e9 o catalisador b\u00e1sico para a produ\u00e7\u00e3o de espuma de poliuretano, usado principalmente para a rea\u00e7\u00e3o de gelifica\u00e7\u00e3o da espuma de poli\u00e9ter-poliuretano, e tamb\u00e9m pode ser usado como antioxidante para espuma de uretano.<\/p>\n<p>&nbsp;<\/p>\n<h2><strong>T-9 \/ Embalagem de octoato estanoso<\/strong>:<\/h2>\n<p>25 kg ou 200 kg\/tambor<\/p>\n<p>&nbsp;<\/p>\n<h2><strong><b>Armazenamento de T-9 \/ Octoato estanoso:<\/b><\/strong><\/h2>\n<p>Ao transportar o Catalyst T-9, ele deve ser protegido da chuva e de manchas, e armazenado com cuidado e delicadeza para evitar vazamentos por colis\u00e3o com objetos r\u00edgidos. Ao armazenar o Catalyst T-9, ele deve ser guardado em temperatura ambiente em um dep\u00f3sito ventilado e seco, evitando ambientes \u00famidos, e armazenado a uma temperatura abaixo de 25\u00b0C, longe da luz solar, \u00e1gua e fontes de calor. Para evitar a absor\u00e7\u00e3o de umidade e a oxida\u00e7\u00e3o, recomenda-se que o recipiente seja preenchido com nitrog\u00eanio.<\/p>\n<p>&nbsp;<\/p>\n<div class=\"nav-box man_nav_previous man_image_bck col-md-6\" data-image=\"https:\/\/longchangchemical.com\/wp-content\/uploads\/2021\/08\/DMDEE-768x768.jpg\" data-color=\"#292929\">\n<h2><strong>Entre em contato conosco agora!<\/strong><\/h2>\n<p><strong>Se precisar de um pre\u00e7o, preencha suas informa\u00e7\u00f5es de contato no formul\u00e1rio abaixo. Normalmente, entraremos em contato dentro de 24 horas. Voc\u00ea tamb\u00e9m pode me enviar um e-mail <span style=\"color: #00ccff;\"><a style=\"color: #00ccff;\" href=\"mailto:info@longchangchemical.com\">info@longchangchemical.com<\/a><\/span> durante o hor\u00e1rio comercial (das 8h30 \u00e0s 18h UTC+8 de segunda a s\u00e1bado) ou use o bate-papo ao vivo do site para obter uma resposta imediata.<\/strong><\/p>\n<p>&nbsp;<\/p>\n<\/div>\n<p><!--more--><\/p>\n<div data-image=\"https:\/\/longchangchemical.com\/wp-content\/uploads\/2021\/08\/DMDEE-768x768.jpg\" data-color=\"#292929\">\n<h2><strong>Quais s\u00e3o as diferen\u00e7as entre as rea\u00e7\u00f5es de espuma dura e macia dos catalisadores de poliuretano?<\/strong><\/h2>\n<p>H\u00e1 algumas diferen\u00e7as entre a espuma dura e a espuma macia de poliuretano na sele\u00e7\u00e3o e no uso do catalisador:<\/p>\n<p>1, sele\u00e7\u00e3o do catalisador<br \/>\nEspuma dura:<br \/>\nOs catalisadores comumente usados incluem compostos de organoestanho, como organoestanatos e \u00e9steres de organoestanho. Esses catalisadores ajudam a promover a rea\u00e7\u00e3o de polimeriza\u00e7\u00e3o do poliuretano e produzem uma estrutura de espuma mais dura.<br \/>\nEspuma macia:<br \/>\nOs catalisadores comumente usados tamb\u00e9m incluem compostos organoest\u00e2nicos, mas podem ser mais seletivos e, em alguns casos, podem ser usados mais tipos de compostos organoest\u00e2nicos. Esses catalisadores ajudam a controlar a taxa de rea\u00e7\u00e3o de polimeriza\u00e7\u00e3o do poliuretano para produzir uma estrutura de espuma macia e mais flex\u00edvel.<\/p>\n<p>2, Taxa de rea\u00e7\u00e3o e controle de dureza<br \/>\nEspuma r\u00edgida:<br \/>\nA escolha e a quantidade de catalisador levam a um aumento na taxa de rea\u00e7\u00e3o de polimeriza\u00e7\u00e3o, o que produz uma taxa de polimeriza\u00e7\u00e3o mais r\u00e1pida, permitindo que a espuma cure mais rapidamente ap\u00f3s a forma\u00e7\u00e3o, resultando em uma estrutura de espuma mais dura.<br \/>\nEspuma macia:<br \/>\nA sele\u00e7\u00e3o e a dosagem do catalisador se concentram mais no controle da taxa de rea\u00e7\u00e3o de polimeriza\u00e7\u00e3o para manter um certo grau de ductilidade e elasticidade durante a forma\u00e7\u00e3o da espuma, produzindo uma estrutura de espuma macia e flex\u00edvel.<\/p>\n<p>3, Formula\u00e7\u00e3o de aditivos<br \/>\nEspuma r\u00edgida:<br \/>\nNa prepara\u00e7\u00e3o da espuma dura, al\u00e9m do catalisador, podem ser adicionados enchimentos e espessantes para ajustar a densidade e a dureza da espuma.<br \/>\nEspuma macia:<br \/>\nPara obter uma espuma macia e confort\u00e1vel, mais surfactantes, amaciantes etc. podem ser adicionados para ajustar a maciez e a elasticidade da espuma.<\/p>\n<p>De modo geral, a sele\u00e7\u00e3o de catalisadores e formula\u00e7\u00f5es para espumas r\u00edgidas e macias ser\u00e1 diferente na busca de diferentes propriedades, com o objetivo de regular a dureza, a maciez e outras caracter\u00edsticas das espumas de poliuretano para atender \u00e0s necessidades de diferentes cen\u00e1rios de aplica\u00e7\u00e3o.<\/p>\n<\/div>","protected":false},"excerpt":{"rendered":"<p>Nome do produto: Octoato estanoso<\/p>\n<p>CAS NO: 301-10-0<\/p>\n<p><strong>Nome qu\u00edmico: <\/strong>Bis(2-etil-hexanoato) de estanho; Bis(2-etil-hexanoato) de estanho<\/p>\n<p><strong>Sin\u00f4nimo: <\/strong>Hexanoato estanoso; octoato estanoso; Niax D-19; FASCAT 2003 CATALYST; Metatin(TM) Catalyst S-26<\/p>\n<p>F\u00f3rmula: C16H30O4Sn<\/p>\n<p>MW: 405.12<\/p>","protected":false},"featured_media":5772,"comment_status":"closed","ping_status":"closed","template":"","meta":[],"product_brand":[],"product_cat":[119],"product_tag":[],"class_list":{"0":"post-5770","1":"product","2":"type-product","3":"status-publish","4":"has-post-thumbnail","6":"product_cat-synocat-polyurethane-catalyst","8":"first","9":"instock","10":"shipping-taxable","11":"product-type-simple"},"yoast_head":"<!-- This site is optimized with the Yoast SEO plugin v25.3.1 - https:\/\/yoast.com\/wordpress\/plugins\/seo\/ -->\n<title>T-9 | Stannous octoate manufacturer | Cas 301-10-0 - Longchang Chemical<\/title>\n<meta name=\"description\" content=\"T-9 can replace Niax D-19;FASCAT 2003 CATALYST;Metatin(TM) Catalyst S-26;Tin bis(2-ethylhexanoate);Stannous Hexanoate;Bis(2-ethylhexanoate)tin,used as pu catalyst and is the key product of Longchang Chemical. We are the leading PU catalyst manufacturer and supplier in China with the best quanlity and competitive price.\" \/>\n<meta name=\"robots\" content=\"index, follow, max-snippet:-1, max-image-preview:large, max-video-preview:-1\" \/>\n<link rel=\"canonical\" href=\"https:\/\/longchangchemical.com\/pt\/product\/synocat-t-9-cas-301-10-0\/\" \/>\n<meta property=\"og:locale\" content=\"pt_BR\" \/>\n<meta property=\"og:type\" content=\"article\" \/>\n<meta property=\"og:title\" content=\"T-9 | Stannous octoate manufacturer | Cas 301-10-0 - Longchang Chemical\" \/>\n<meta property=\"og:description\" content=\"T-9 can replace Niax D-19;FASCAT 2003 CATALYST;Metatin(TM) Catalyst S-26;Tin bis(2-ethylhexanoate);Stannous Hexanoate;Bis(2-ethylhexanoate)tin,used as pu catalyst and is the key product of Longchang Chemical. We are the leading PU catalyst manufacturer and supplier in China with the best quanlity and competitive price.\" \/>\n<meta property=\"og:url\" content=\"https:\/\/longchangchemical.com\/pt\/product\/synocat-t-9-cas-301-10-0\/\" \/>\n<meta property=\"og:site_name\" content=\"Longchang Chemical\" \/>\n<meta property=\"article:modified_time\" content=\"2026-01-12T05:54:27+00:00\" \/>\n<meta property=\"og:image\" content=\"https:\/\/longchangchemical.com\/wp-content\/uploads\/2022\/12\/Synocat\u00ae-T-9-Stannous-Octoate-CAS-301-10-0.jpg\" \/>\n\t<meta property=\"og:image:width\" content=\"640\" \/>\n\t<meta property=\"og:image:height\" content=\"480\" \/>\n\t<meta property=\"og:image:type\" content=\"image\/jpeg\" \/>\n<meta name=\"twitter:card\" content=\"summary_large_image\" \/>\n<script type=\"application\/ld+json\" class=\"yoast-schema-graph\">{\"@context\":\"https:\/\/schema.org\",\"@graph\":[{\"@type\":\"WebPage\",\"@id\":\"https:\/\/longchangchemical.com\/product\/synocat-t-9-cas-301-10-0\/\",\"url\":\"https:\/\/longchangchemical.com\/product\/synocat-t-9-cas-301-10-0\/\",\"name\":\"T-9 | Stannous octoate manufacturer | Cas 301-10-0 - Longchang Chemical\",\"isPartOf\":{\"@id\":\"https:\/\/longchangchemical.com\/#website\"},\"primaryImageOfPage\":{\"@id\":\"https:\/\/longchangchemical.com\/product\/synocat-t-9-cas-301-10-0\/#primaryimage\"},\"image\":{\"@id\":\"https:\/\/longchangchemical.com\/product\/synocat-t-9-cas-301-10-0\/#primaryimage\"},\"thumbnailUrl\":\"https:\/\/longchangchemical.com\/wp-content\/uploads\/2022\/12\/Synocat\u00ae-T-9-Stannous-Octoate-CAS-301-10-0.jpg\",\"datePublished\":\"2022-12-04T12:03:23+00:00\",\"dateModified\":\"2026-01-12T05:54:27+00:00\",\"description\":\"T-9 can replace Niax D-19;FASCAT 2003 CATALYST;Metatin(TM) Catalyst S-26;Tin bis(2-ethylhexanoate);Stannous Hexanoate;Bis(2-ethylhexanoate)tin,used as pu catalyst and is the key product of Longchang Chemical. We are the leading PU catalyst manufacturer and supplier in China with the best quanlity and competitive price.\",\"breadcrumb\":{\"@id\":\"https:\/\/longchangchemical.com\/product\/synocat-t-9-cas-301-10-0\/#breadcrumb\"},\"inLanguage\":\"pt-BR\",\"potentialAction\":[{\"@type\":\"ReadAction\",\"target\":[\"https:\/\/longchangchemical.com\/product\/synocat-t-9-cas-301-10-0\/\"]}]},{\"@type\":\"ImageObject\",\"inLanguage\":\"pt-BR\",\"@id\":\"https:\/\/longchangchemical.com\/product\/synocat-t-9-cas-301-10-0\/#primaryimage\",\"url\":\"https:\/\/longchangchemical.com\/wp-content\/uploads\/2022\/12\/Synocat\u00ae-T-9-Stannous-Octoate-CAS-301-10-0.jpg\",\"contentUrl\":\"https:\/\/longchangchemical.com\/wp-content\/uploads\/2022\/12\/Synocat\u00ae-T-9-Stannous-Octoate-CAS-301-10-0.jpg\",\"width\":640,\"height\":480,\"caption\":\"T-9 Stannous Octoate CAS 301-10-0\"},{\"@type\":\"BreadcrumbList\",\"@id\":\"https:\/\/longchangchemical.com\/product\/synocat-t-9-cas-301-10-0\/#breadcrumb\",\"itemListElement\":[{\"@type\":\"ListItem\",\"position\":1,\"name\":\"Home\",\"item\":\"https:\/\/longchangchemical.com\/\"},{\"@type\":\"ListItem\",\"position\":2,\"name\":\"Products Longchang\",\"item\":\"https:\/\/longchangchemical.com\/product\/\"},{\"@type\":\"ListItem\",\"position\":3,\"name\":\"T-9 \/ Stannous Octoate CAS 301-10-0\"}]},{\"@type\":\"WebSite\",\"@id\":\"https:\/\/longchangchemical.com\/#website\",\"url\":\"https:\/\/longchangchemical.com\/\",\"name\":\"Longchang Chemical\",\"description\":\"China chemical manufacturer \uff06 supplier\",\"publisher\":{\"@id\":\"https:\/\/longchangchemical.com\/#organization\"},\"potentialAction\":[{\"@type\":\"SearchAction\",\"target\":{\"@type\":\"EntryPoint\",\"urlTemplate\":\"https:\/\/longchangchemical.com\/?s={search_term_string}\"},\"query-input\":{\"@type\":\"PropertyValueSpecification\",\"valueRequired\":true,\"valueName\":\"search_term_string\"}}],\"inLanguage\":\"pt-BR\"},{\"@type\":\"Organization\",\"@id\":\"https:\/\/longchangchemical.com\/#organization\",\"name\":\"Longchang Chemical\",\"url\":\"https:\/\/longchangchemical.com\/\",\"logo\":{\"@type\":\"ImageObject\",\"inLanguage\":\"pt-BR\",\"@id\":\"https:\/\/longchangchemical.com\/#\/schema\/logo\/image\/\",\"url\":\"https:\/\/longchangchemical.com\/wp-content\/uploads\/2020\/08\/cropped-longchang-logo.png\",\"contentUrl\":\"https:\/\/longchangchemical.com\/wp-content\/uploads\/2020\/08\/cropped-longchang-logo.png\",\"width\":512,\"height\":512,\"caption\":\"Longchang Chemical\"},\"image\":{\"@id\":\"https:\/\/longchangchemical.com\/#\/schema\/logo\/image\/\"}}]}<\/script>\n<!-- \/ Yoast SEO plugin. -->","yoast_head_json":{"title":"T-9 | Fabricante de octoato estanoso | Cas 301-10-0 - Longchang Chemical","description":"O T-9 pode substituir o Niax D-19; FASCAT 2003 CATALYST; Metatin(TM) Catalyst S-26; Tin bis(2-ethylhexanoate); Stannous Hexanoate; Bis(2-ethylhexanoate)tin, usado como catalisador de PU e \u00e9 o principal produto da Longchang Chemical. Somos o principal fabricante e fornecedor de catalisador de PU na China, com a melhor qualidade e pre\u00e7o competitivo.","robots":{"index":"index","follow":"follow","max-snippet":"max-snippet:-1","max-image-preview":"max-image-preview:large","max-video-preview":"max-video-preview:-1"},"canonical":"https:\/\/longchangchemical.com\/pt\/product\/synocat-t-9-cas-301-10-0\/","og_locale":"pt_BR","og_type":"article","og_title":"T-9 | Stannous octoate manufacturer | Cas 301-10-0 - Longchang Chemical","og_description":"T-9 can replace Niax D-19;FASCAT 2003 CATALYST;Metatin(TM) Catalyst S-26;Tin bis(2-ethylhexanoate);Stannous Hexanoate;Bis(2-ethylhexanoate)tin,used as pu catalyst and is the key product of Longchang Chemical. We are the leading PU catalyst manufacturer and supplier in China with the best quanlity and competitive price.","og_url":"https:\/\/longchangchemical.com\/pt\/product\/synocat-t-9-cas-301-10-0\/","og_site_name":"Longchang Chemical","article_modified_time":"2026-01-12T05:54:27+00:00","og_image":[{"width":640,"height":480,"url":"https:\/\/longchangchemical.com\/wp-content\/uploads\/2022\/12\/Synocat\u00ae-T-9-Stannous-Octoate-CAS-301-10-0.jpg","type":"image\/jpeg"}],"twitter_card":"summary_large_image","schema":{"@context":"https:\/\/schema.org","@graph":[{"@type":"WebPage","@id":"https:\/\/longchangchemical.com\/product\/synocat-t-9-cas-301-10-0\/","url":"https:\/\/longchangchemical.com\/product\/synocat-t-9-cas-301-10-0\/","name":"T-9 | Fabricante de octoato estanoso | Cas 301-10-0 - Longchang Chemical","isPartOf":{"@id":"https:\/\/longchangchemical.com\/#website"},"primaryImageOfPage":{"@id":"https:\/\/longchangchemical.com\/product\/synocat-t-9-cas-301-10-0\/#primaryimage"},"image":{"@id":"https:\/\/longchangchemical.com\/product\/synocat-t-9-cas-301-10-0\/#primaryimage"},"thumbnailUrl":"https:\/\/longchangchemical.com\/wp-content\/uploads\/2022\/12\/Synocat\u00ae-T-9-Stannous-Octoate-CAS-301-10-0.jpg","datePublished":"2022-12-04T12:03:23+00:00","dateModified":"2026-01-12T05:54:27+00:00","description":"O T-9 pode substituir o Niax D-19; FASCAT 2003 CATALYST; Metatin(TM) Catalyst S-26; Tin bis(2-ethylhexanoate); Stannous Hexanoate; Bis(2-ethylhexanoate)tin, usado como catalisador de PU e \u00e9 o principal produto da Longchang Chemical. Somos o principal fabricante e fornecedor de catalisador de PU na China, com a melhor qualidade e pre\u00e7o competitivo.","breadcrumb":{"@id":"https:\/\/longchangchemical.com\/product\/synocat-t-9-cas-301-10-0\/#breadcrumb"},"inLanguage":"pt-BR","potentialAction":[{"@type":"ReadAction","target":["https:\/\/longchangchemical.com\/product\/synocat-t-9-cas-301-10-0\/"]}]},{"@type":"ImageObject","inLanguage":"pt-BR","@id":"https:\/\/longchangchemical.com\/product\/synocat-t-9-cas-301-10-0\/#primaryimage","url":"https:\/\/longchangchemical.com\/wp-content\/uploads\/2022\/12\/Synocat\u00ae-T-9-Stannous-Octoate-CAS-301-10-0.jpg","contentUrl":"https:\/\/longchangchemical.com\/wp-content\/uploads\/2022\/12\/Synocat\u00ae-T-9-Stannous-Octoate-CAS-301-10-0.jpg","width":640,"height":480,"caption":"T-9 Stannous Octoate CAS 301-10-0"},{"@type":"BreadcrumbList","@id":"https:\/\/longchangchemical.com\/product\/synocat-t-9-cas-301-10-0\/#breadcrumb","itemListElement":[{"@type":"ListItem","position":1,"name":"Home","item":"https:\/\/longchangchemical.com\/"},{"@type":"ListItem","position":2,"name":"Products Longchang","item":"https:\/\/longchangchemical.com\/product\/"},{"@type":"ListItem","position":3,"name":"T-9 \/ Stannous Octoate CAS 301-10-0"}]},{"@type":"WebSite","@id":"https:\/\/longchangchemical.com\/#website","url":"https:\/\/longchangchemical.com\/","name":"Qu\u00edmica Longchang","description":"Fabricante de produtos qu\u00edmicos na China \uff06 fornecedor","publisher":{"@id":"https:\/\/longchangchemical.com\/#organization"},"potentialAction":[{"@type":"SearchAction","target":{"@type":"EntryPoint","urlTemplate":"https:\/\/longchangchemical.com\/?s={search_term_string}"},"query-input":{"@type":"PropertyValueSpecification","valueRequired":true,"valueName":"search_term_string"}}],"inLanguage":"pt-BR"},{"@type":"Organization","@id":"https:\/\/longchangchemical.com\/#organization","name":"Qu\u00edmica Longchang","url":"https:\/\/longchangchemical.com\/","logo":{"@type":"ImageObject","inLanguage":"pt-BR","@id":"https:\/\/longchangchemical.com\/#\/schema\/logo\/image\/","url":"https:\/\/longchangchemical.com\/wp-content\/uploads\/2020\/08\/cropped-longchang-logo.png","contentUrl":"https:\/\/longchangchemical.com\/wp-content\/uploads\/2020\/08\/cropped-longchang-logo.png","width":512,"height":512,"caption":"Longchang Chemical"},"image":{"@id":"https:\/\/longchangchemical.com\/#\/schema\/logo\/image\/"}}]}},"_links":{"self":[{"href":"https:\/\/longchangchemical.com\/pt\/wp-json\/wp\/v2\/product\/5770","targetHints":{"allow":["GET"]}}],"collection":[{"href":"https:\/\/longchangchemical.com\/pt\/wp-json\/wp\/v2\/product"}],"about":[{"href":"https:\/\/longchangchemical.com\/pt\/wp-json\/wp\/v2\/types\/product"}],"replies":[{"embeddable":true,"href":"https:\/\/longchangchemical.com\/pt\/wp-json\/wp\/v2\/comments?post=5770"}],"wp:featuredmedia":[{"embeddable":true,"href":"https:\/\/longchangchemical.com\/pt\/wp-json\/wp\/v2\/media\/5772"}],"wp:attachment":[{"href":"https:\/\/longchangchemical.com\/pt\/wp-json\/wp\/v2\/media?parent=5770"}],"wp:term":[{"taxonomy":"product_brand","embeddable":true,"href":"https:\/\/longchangchemical.com\/pt\/wp-json\/wp\/v2\/product_brand?post=5770"},{"taxonomy":"product_cat","embeddable":true,"href":"https:\/\/longchangchemical.com\/pt\/wp-json\/wp\/v2\/product_cat?post=5770"},{"taxonomy":"product_tag","embeddable":true,"href":"https:\/\/longchangchemical.com\/pt\/wp-json\/wp\/v2\/product_tag?post=5770"}],"curies":[{"name":"wp","href":"https:\/\/api.w.org\/{rel}","templated":true}]}}