{"id":5766,"date":"2022-12-01T13:35:07","date_gmt":"2022-12-01T13:35:07","guid":{"rendered":"https:\/\/longchangchemical.com\/?post_type=product&#038;p=5766"},"modified":"2026-01-09T09:24:35","modified_gmt":"2026-01-09T09:24:35","slug":"lcsorb-uv-329-cas-3147-75-9","status":"publish","type":"product","link":"https:\/\/longchangchemical.com\/pt\/product\/lcsorb-uv-329-cas-3147-75-9\/","title":{"rendered":"UV-329 \/ Absorvedor de UV UV-329 CAS 3147-75-9"},"content":{"rendered":"<h1><strong>UV-329 \/ Absorvedor de UV UV-329 CAS 3147-75-9<\/strong><\/h1>\n<table border=\"1\" width=\"505\" cellspacing=\"0\">\n<tbody>\n<tr>\n<td valign=\"top\" width=\"104\">Apar\u00eancia<\/td>\n<td valign=\"top\" width=\"386\">P\u00f3 cristalino branco<\/td>\n<\/tr>\n<tr>\n<td valign=\"top\" width=\"104\">Conte\u00fado<\/td>\n<td valign=\"top\" width=\"386\">\u226599%(HPLC)<\/td>\n<\/tr>\n<tr>\n<td valign=\"top\" width=\"104\">Ponto de fus\u00e3o<\/td>\n<td valign=\"top\" width=\"386\">103-105.3\u2103<\/td>\n<\/tr>\n<tr>\n<td valign=\"top\" width=\"104\">Cinza<\/td>\n<td valign=\"top\" width=\"386\">\u22640,1%<\/td>\n<\/tr>\n<tr>\n<td valign=\"top\" width=\"104\">Vol\u00e1til<\/td>\n<td valign=\"top\" width=\"386\">\u22640,5%<\/td>\n<\/tr>\n<tr>\n<td valign=\"top\" width=\"104\">Transmiss\u00e3o<\/td>\n<td valign=\"top\" width=\"386\">440nm\u226597%\uff0c500nm\u226598%<\/td>\n<\/tr>\n<\/tbody>\n<\/table>\n<h1><\/h1>\n<h2><strong>UV-329 <\/strong><strong>Aplica\u00e7\u00e3o\uff1a<\/strong><\/h2>\n<p>1. Esse produto \u00e9 um excelente agente antienvelhecimento para faculdades e universidades, que pode absorver com efic\u00e1cia a luz ultravioleta de 270 a 380 nm.<\/p>\n<p>2. N\u00e3o inflam\u00e1vel, n\u00e3o explosivo, n\u00e3o t\u00f3xico, seguro e inofensivo para uso.<\/p>\n<p>3. Esse produto dificilmente absorve a luz vis\u00edvel e \u00e9 especialmente adequado para produtos incolores, transparentes e de cores claras.<\/p>\n<p>4. Esse produto \u00e9 adequado para poli\u00e9ster, cloreto de polivinila r\u00edgido, poliestireno, polimetilmetacrilato, policarbonato, resina ABS, etc. Especialmente eficaz em produtos transparentes e pl\u00e1sticos de engenharia processados em alta temperatura. Esse produto pode ser usado para poliolefinas.<\/p>\n<p><strong><em>lcsorb<\/em> UV-329 <\/strong>\u00e9 um excelente agente antienvelhecimento para faculdades e universidades, que pode absorver com efic\u00e1cia a luz ultravioleta de 270 a 380 nm.<\/p>\n<p>1. N\u00e3o inflam\u00e1vel, n\u00e3o explosivo, n\u00e3o t\u00f3xico, seguro e inofensivo para uso.<\/p>\n<p>2. Esse produto dificilmente absorve a luz vis\u00edvel e \u00e9 especialmente adequado para produtos incolores, transparentes e de cores claras.<\/p>\n<p>3. Este produto \u00e9 adequado para poli\u00e9ster, cloreto de polivinila r\u00edgido, poliestireno, polimetilmetacrilato, policarbonato, resina ABS, etc. Especialmente eficaz em produtos transparentes e pl\u00e1sticos de engenharia processados em alta temperatura. Esse produto pode ser usado para poliolefinas.<\/p>\n<p><strong>Armazenamento:<\/strong><br \/>\nMantido em um dep\u00f3sito seco e limpo, com boa ventila\u00e7\u00e3o.<br \/>\nEvite a exposi\u00e7\u00e3o \u00e0 luz e ao aquecimento para evitar a oxida\u00e7\u00e3o.<br \/>\nProteger o produto contra vazamentos, chuva e insola\u00e7\u00e3o durante o transporte.<\/p>\n<h2><strong>Entre em contato conosco agora!<\/strong><\/h2>\n<p><strong>Se voc\u00ea precisar de COA, MSDS ou TDS de <span style=\"color: #00ccff;\"><a style=\"color: #00ccff;\" href=\"https:\/\/longchangchemical.com\/pt\/product-category\/lcsorb-uv-absorber\/\">Absorvedor de UV lcsorb<\/a><\/span>Preencha suas informa\u00e7\u00f5es de contato no formul\u00e1rio abaixo. Normalmente, entraremos em contato dentro de 24 horas. Voc\u00ea tamb\u00e9m pode me enviar um e-mail <span style=\"color: #00ccff;\"><a style=\"color: #00ccff;\" href=\"mailto:info@longchangchemical.com\">info@longchangchemical.com<\/a> <\/span>durante o hor\u00e1rio comercial (das 8h30 \u00e0s 18h UTC+8 de segunda a s\u00e1bado) ou use o bate-papo ao vivo do site para obter uma resposta imediata.<\/strong><\/p>","protected":false},"excerpt":{"rendered":"<p>Nome do produto: Absorvedor de UV UV-329<\/p>\n<p>N\u00famero CAS: 3147-75-9<\/p>\n<p><strong>Nome qu\u00edmico<\/strong>2-(2H-benzotriazol-2-il)-4-(1,1,3,3-tetrametilbutil)fenol<\/p>\n<p><strong>Sin\u00f4nimo:<\/strong>Eversorb 72;CHISORB 5411;Milestab 329;THASORB UV-329Absorvente UV-329 Cas No 3147-75-9 fabricante -<\/p>\n<p>MF: C20H25N3O<\/p>\n<p>Pureza: \u226599% (HPLC)<\/p>","protected":false},"featured_media":7959,"comment_status":"closed","ping_status":"closed","template":"","meta":[],"product_brand":[],"product_cat":[139],"product_tag":[],"class_list":{"0":"post-5766","1":"product","2":"type-product","3":"status-publish","4":"has-post-thumbnail","6":"product_cat-lcsorb-uv-absorber","8":"first","9":"instock","10":"shipping-taxable","11":"product-type-simple"},"yoast_head":"<!-- This site is optimized with the Yoast SEO plugin v25.3.1 - https:\/\/yoast.com\/wordpress\/plugins\/seo\/ -->\n<title>Uv absorber UV-329 Cas No 3147-75-9 manufacturer - Longchang Chemical<\/title>\n<meta name=\"description\" content=\"UV-329 can replace Eversorb 72;CHISORB 5411;Milestab 329;THASORB UV-329,used as ultraviolet absorber and is the key product of Longchang Chemical. We are the leading uv material manufacturer and supplier in China with the best quanlity and competitive price.\" \/>\n<meta name=\"robots\" content=\"index, follow, max-snippet:-1, max-image-preview:large, max-video-preview:-1\" \/>\n<link rel=\"canonical\" href=\"https:\/\/longchangchemical.com\/pt\/product\/lcsorb-uv-329-cas-3147-75-9\/\" \/>\n<meta property=\"og:locale\" content=\"pt_BR\" \/>\n<meta property=\"og:type\" content=\"article\" \/>\n<meta property=\"og:title\" content=\"Uv absorber UV-329 Cas No 3147-75-9 manufacturer - Longchang Chemical\" \/>\n<meta property=\"og:description\" content=\"UV-329 can replace Eversorb 72;CHISORB 5411;Milestab 329;THASORB UV-329,used as ultraviolet absorber and is the key product of Longchang Chemical. We are the leading uv material manufacturer and supplier in China with the best quanlity and competitive price.\" \/>\n<meta property=\"og:url\" content=\"https:\/\/longchangchemical.com\/pt\/product\/lcsorb-uv-329-cas-3147-75-9\/\" \/>\n<meta property=\"og:site_name\" content=\"Longchang Chemical\" \/>\n<meta property=\"article:modified_time\" content=\"2026-01-09T09:24:35+00:00\" \/>\n<meta property=\"og:image\" content=\"https:\/\/longchangchemical.com\/wp-content\/uploads\/2022\/12\/3147-75-9.jpg\" \/>\n\t<meta property=\"og:image:width\" content=\"600\" \/>\n\t<meta property=\"og:image:height\" content=\"600\" \/>\n\t<meta property=\"og:image:type\" content=\"image\/jpeg\" \/>\n<meta name=\"twitter:card\" content=\"summary_large_image\" \/>\n<script type=\"application\/ld+json\" class=\"yoast-schema-graph\">{\"@context\":\"https:\/\/schema.org\",\"@graph\":[{\"@type\":\"WebPage\",\"@id\":\"https:\/\/longchangchemical.com\/product\/lcsorb-uv-329-cas-3147-75-9\/\",\"url\":\"https:\/\/longchangchemical.com\/product\/lcsorb-uv-329-cas-3147-75-9\/\",\"name\":\"Uv absorber UV-329 Cas No 3147-75-9 manufacturer - Longchang Chemical\",\"isPartOf\":{\"@id\":\"https:\/\/longchangchemical.com\/#website\"},\"primaryImageOfPage\":{\"@id\":\"https:\/\/longchangchemical.com\/product\/lcsorb-uv-329-cas-3147-75-9\/#primaryimage\"},\"image\":{\"@id\":\"https:\/\/longchangchemical.com\/product\/lcsorb-uv-329-cas-3147-75-9\/#primaryimage\"},\"thumbnailUrl\":\"https:\/\/longchangchemical.com\/wp-content\/uploads\/2022\/12\/3147-75-9.jpg\",\"datePublished\":\"2022-12-01T13:35:07+00:00\",\"dateModified\":\"2026-01-09T09:24:35+00:00\",\"description\":\"UV-329 can replace Eversorb 72;CHISORB 5411;Milestab 329;THASORB UV-329,used as ultraviolet absorber and is the key product of Longchang Chemical. We are the leading uv material manufacturer and supplier in China with the best quanlity and competitive price.\",\"breadcrumb\":{\"@id\":\"https:\/\/longchangchemical.com\/product\/lcsorb-uv-329-cas-3147-75-9\/#breadcrumb\"},\"inLanguage\":\"pt-BR\",\"potentialAction\":[{\"@type\":\"ReadAction\",\"target\":[\"https:\/\/longchangchemical.com\/product\/lcsorb-uv-329-cas-3147-75-9\/\"]}]},{\"@type\":\"ImageObject\",\"inLanguage\":\"pt-BR\",\"@id\":\"https:\/\/longchangchemical.com\/product\/lcsorb-uv-329-cas-3147-75-9\/#primaryimage\",\"url\":\"https:\/\/longchangchemical.com\/wp-content\/uploads\/2022\/12\/3147-75-9.jpg\",\"contentUrl\":\"https:\/\/longchangchemical.com\/wp-content\/uploads\/2022\/12\/3147-75-9.jpg\",\"width\":600,\"height\":600},{\"@type\":\"BreadcrumbList\",\"@id\":\"https:\/\/longchangchemical.com\/product\/lcsorb-uv-329-cas-3147-75-9\/#breadcrumb\",\"itemListElement\":[{\"@type\":\"ListItem\",\"position\":1,\"name\":\"Home\",\"item\":\"https:\/\/longchangchemical.com\/\"},{\"@type\":\"ListItem\",\"position\":2,\"name\":\"Products Longchang\",\"item\":\"https:\/\/longchangchemical.com\/product\/\"},{\"@type\":\"ListItem\",\"position\":3,\"name\":\"UV-329 \/ UV Absorber UV-329 CAS 3147-75-9\"}]},{\"@type\":\"WebSite\",\"@id\":\"https:\/\/longchangchemical.com\/#website\",\"url\":\"https:\/\/longchangchemical.com\/\",\"name\":\"Longchang Chemical\",\"description\":\"China chemical manufacturer \uff06 supplier\",\"publisher\":{\"@id\":\"https:\/\/longchangchemical.com\/#organization\"},\"potentialAction\":[{\"@type\":\"SearchAction\",\"target\":{\"@type\":\"EntryPoint\",\"urlTemplate\":\"https:\/\/longchangchemical.com\/?s={search_term_string}\"},\"query-input\":{\"@type\":\"PropertyValueSpecification\",\"valueRequired\":true,\"valueName\":\"search_term_string\"}}],\"inLanguage\":\"pt-BR\"},{\"@type\":\"Organization\",\"@id\":\"https:\/\/longchangchemical.com\/#organization\",\"name\":\"Longchang Chemical\",\"url\":\"https:\/\/longchangchemical.com\/\",\"logo\":{\"@type\":\"ImageObject\",\"inLanguage\":\"pt-BR\",\"@id\":\"https:\/\/longchangchemical.com\/#\/schema\/logo\/image\/\",\"url\":\"https:\/\/longchangchemical.com\/wp-content\/uploads\/2020\/08\/cropped-longchang-logo.png\",\"contentUrl\":\"https:\/\/longchangchemical.com\/wp-content\/uploads\/2020\/08\/cropped-longchang-logo.png\",\"width\":512,\"height\":512,\"caption\":\"Longchang Chemical\"},\"image\":{\"@id\":\"https:\/\/longchangchemical.com\/#\/schema\/logo\/image\/\"}}]}<\/script>\n<!-- \/ Yoast SEO plugin. -->","yoast_head_json":{"title":"Fabricante do absorvedor de UV UV-329 Cas No 3147-75-9 - Longchang Chemical","description":"O UV-329 pode substituir o Eversorb 72, o CHISORB 5411, o Milestab 329 e o THASORB UV-329, usado como absorvedor de ultravioleta e \u00e9 o principal produto da Longchang Chemical. Somos o principal fabricante e fornecedor de material ultravioleta na China, com a melhor qualidade e pre\u00e7o competitivo.","robots":{"index":"index","follow":"follow","max-snippet":"max-snippet:-1","max-image-preview":"max-image-preview:large","max-video-preview":"max-video-preview:-1"},"canonical":"https:\/\/longchangchemical.com\/pt\/product\/lcsorb-uv-329-cas-3147-75-9\/","og_locale":"pt_BR","og_type":"article","og_title":"Uv absorber UV-329 Cas No 3147-75-9 manufacturer - Longchang Chemical","og_description":"UV-329 can replace Eversorb 72;CHISORB 5411;Milestab 329;THASORB UV-329,used as ultraviolet absorber and is the key product of Longchang Chemical. We are the leading uv material manufacturer and supplier in China with the best quanlity and competitive price.","og_url":"https:\/\/longchangchemical.com\/pt\/product\/lcsorb-uv-329-cas-3147-75-9\/","og_site_name":"Longchang Chemical","article_modified_time":"2026-01-09T09:24:35+00:00","og_image":[{"width":600,"height":600,"url":"https:\/\/longchangchemical.com\/wp-content\/uploads\/2022\/12\/3147-75-9.jpg","type":"image\/jpeg"}],"twitter_card":"summary_large_image","schema":{"@context":"https:\/\/schema.org","@graph":[{"@type":"WebPage","@id":"https:\/\/longchangchemical.com\/product\/lcsorb-uv-329-cas-3147-75-9\/","url":"https:\/\/longchangchemical.com\/product\/lcsorb-uv-329-cas-3147-75-9\/","name":"Fabricante do absorvedor de UV UV-329 Cas No 3147-75-9 - Longchang Chemical","isPartOf":{"@id":"https:\/\/longchangchemical.com\/#website"},"primaryImageOfPage":{"@id":"https:\/\/longchangchemical.com\/product\/lcsorb-uv-329-cas-3147-75-9\/#primaryimage"},"image":{"@id":"https:\/\/longchangchemical.com\/product\/lcsorb-uv-329-cas-3147-75-9\/#primaryimage"},"thumbnailUrl":"https:\/\/longchangchemical.com\/wp-content\/uploads\/2022\/12\/3147-75-9.jpg","datePublished":"2022-12-01T13:35:07+00:00","dateModified":"2026-01-09T09:24:35+00:00","description":"O UV-329 pode substituir o Eversorb 72, o CHISORB 5411, o Milestab 329 e o THASORB UV-329, usado como absorvedor de ultravioleta e \u00e9 o principal produto da Longchang Chemical. Somos o principal fabricante e fornecedor de material ultravioleta na China, com a melhor qualidade e pre\u00e7o competitivo.","breadcrumb":{"@id":"https:\/\/longchangchemical.com\/product\/lcsorb-uv-329-cas-3147-75-9\/#breadcrumb"},"inLanguage":"pt-BR","potentialAction":[{"@type":"ReadAction","target":["https:\/\/longchangchemical.com\/product\/lcsorb-uv-329-cas-3147-75-9\/"]}]},{"@type":"ImageObject","inLanguage":"pt-BR","@id":"https:\/\/longchangchemical.com\/product\/lcsorb-uv-329-cas-3147-75-9\/#primaryimage","url":"https:\/\/longchangchemical.com\/wp-content\/uploads\/2022\/12\/3147-75-9.jpg","contentUrl":"https:\/\/longchangchemical.com\/wp-content\/uploads\/2022\/12\/3147-75-9.jpg","width":600,"height":600},{"@type":"BreadcrumbList","@id":"https:\/\/longchangchemical.com\/product\/lcsorb-uv-329-cas-3147-75-9\/#breadcrumb","itemListElement":[{"@type":"ListItem","position":1,"name":"Home","item":"https:\/\/longchangchemical.com\/"},{"@type":"ListItem","position":2,"name":"Products Longchang","item":"https:\/\/longchangchemical.com\/product\/"},{"@type":"ListItem","position":3,"name":"UV-329 \/ UV Absorber UV-329 CAS 3147-75-9"}]},{"@type":"WebSite","@id":"https:\/\/longchangchemical.com\/#website","url":"https:\/\/longchangchemical.com\/","name":"Qu\u00edmica Longchang","description":"Fabricante de produtos qu\u00edmicos na China \uff06 fornecedor","publisher":{"@id":"https:\/\/longchangchemical.com\/#organization"},"potentialAction":[{"@type":"SearchAction","target":{"@type":"EntryPoint","urlTemplate":"https:\/\/longchangchemical.com\/?s={search_term_string}"},"query-input":{"@type":"PropertyValueSpecification","valueRequired":true,"valueName":"search_term_string"}}],"inLanguage":"pt-BR"},{"@type":"Organization","@id":"https:\/\/longchangchemical.com\/#organization","name":"Qu\u00edmica Longchang","url":"https:\/\/longchangchemical.com\/","logo":{"@type":"ImageObject","inLanguage":"pt-BR","@id":"https:\/\/longchangchemical.com\/#\/schema\/logo\/image\/","url":"https:\/\/longchangchemical.com\/wp-content\/uploads\/2020\/08\/cropped-longchang-logo.png","contentUrl":"https:\/\/longchangchemical.com\/wp-content\/uploads\/2020\/08\/cropped-longchang-logo.png","width":512,"height":512,"caption":"Longchang Chemical"},"image":{"@id":"https:\/\/longchangchemical.com\/#\/schema\/logo\/image\/"}}]}},"_links":{"self":[{"href":"https:\/\/longchangchemical.com\/pt\/wp-json\/wp\/v2\/product\/5766","targetHints":{"allow":["GET"]}}],"collection":[{"href":"https:\/\/longchangchemical.com\/pt\/wp-json\/wp\/v2\/product"}],"about":[{"href":"https:\/\/longchangchemical.com\/pt\/wp-json\/wp\/v2\/types\/product"}],"replies":[{"embeddable":true,"href":"https:\/\/longchangchemical.com\/pt\/wp-json\/wp\/v2\/comments?post=5766"}],"wp:featuredmedia":[{"embeddable":true,"href":"https:\/\/longchangchemical.com\/pt\/wp-json\/wp\/v2\/media\/7959"}],"wp:attachment":[{"href":"https:\/\/longchangchemical.com\/pt\/wp-json\/wp\/v2\/media?parent=5766"}],"wp:term":[{"taxonomy":"product_brand","embeddable":true,"href":"https:\/\/longchangchemical.com\/pt\/wp-json\/wp\/v2\/product_brand?post=5766"},{"taxonomy":"product_cat","embeddable":true,"href":"https:\/\/longchangchemical.com\/pt\/wp-json\/wp\/v2\/product_cat?post=5766"},{"taxonomy":"product_tag","embeddable":true,"href":"https:\/\/longchangchemical.com\/pt\/wp-json\/wp\/v2\/product_tag?post=5766"}],"curies":[{"name":"wp","href":"https:\/\/api.w.org\/{rel}","templated":true}]}}