{"id":5763,"date":"2022-11-30T11:50:53","date_gmt":"2022-11-30T11:50:53","guid":{"rendered":"https:\/\/longchangchemical.com\/?post_type=product&#038;p=5763"},"modified":"2026-01-09T09:26:40","modified_gmt":"2026-01-09T09:26:40","slug":"lcsorb-uv-328-cas-25973-55-1","status":"publish","type":"product","link":"https:\/\/longchangchemical.com\/pt\/product\/lcsorb-uv-328-cas-25973-55-1\/","title":{"rendered":"UV-328 \/ Tinuvin 328 \/ Eversorb 74 CAS 25973-55-1"},"content":{"rendered":"<h1>UV-328 \/ Tinuvin 328 \/ Eversorb 74 CAS 25973-55-1<\/h1>\n<table style=\"border-collapse: collapse; width: 301.52pt;\" border=\"0\" width=\"402\" cellspacing=\"0\" cellpadding=\"0\">\n<tbody>\n<tr style=\"height: 13.50pt;\">\n<td class=\"et2\" style=\"height: 13.50pt; width: 87.00pt;\" width=\"116\" height=\"18\">Apar\u00eancia<\/td>\n<td class=\"et2\" style=\"width: 214.50pt;\" width=\"286\">P\u00f3 cristalino amarelo claro<\/td>\n<\/tr>\n<tr style=\"height: 13.50pt;\">\n<td class=\"et2\" style=\"height: 13.50pt; width: 87.00pt;\" width=\"116\" height=\"18\">Conte\u00fado<\/td>\n<td class=\"et2\" style=\"width: 214.50pt;\" width=\"286\">\u226599%(HPLC)<\/td>\n<\/tr>\n<tr style=\"height: 13.50pt;\">\n<td class=\"et2\" style=\"height: 13.50pt; width: 87.00pt;\" width=\"116\" height=\"18\">Ponto de fus\u00e3o<\/td>\n<td class=\"et2\" style=\"width: 214.50pt;\" width=\"286\">79-87\u2103<\/td>\n<\/tr>\n<tr style=\"height: 13.50pt;\">\n<td class=\"et2\" style=\"height: 13.50pt; width: 87.00pt;\" width=\"116\" height=\"18\">Cinza<\/td>\n<td class=\"et2\" style=\"width: 214.50pt;\" width=\"286\">\u22640,1%<\/td>\n<\/tr>\n<tr style=\"height: 13.50pt;\">\n<td class=\"et2\" style=\"height: 13.50pt; width: 87.00pt;\" width=\"116\" height=\"18\">Vol\u00e1til<\/td>\n<td class=\"et2\" style=\"width: 214.50pt;\" width=\"286\">\u22640,5%<\/td>\n<\/tr>\n<tr style=\"height: 13.50pt;\">\n<td class=\"et2\" style=\"height: 13.50pt; width: 87.00pt;\" width=\"116\" height=\"18\">Transmiss\u00e3o<\/td>\n<td class=\"et2\" style=\"width: 214.50pt;\" width=\"286\">460nm\u226596%\uff0c500nm\u226597%<\/td>\n<\/tr>\n<\/tbody>\n<\/table>\n<p>&nbsp;<\/p>\n<p><strong>Aplica\u00e7\u00e3o\uff1a<\/strong><\/p>\n<p>1. Este produto \u00e9 um absorvedor de ultravioleta de alta efici\u00eancia, que pode absorver com efic\u00e1cia a luz ultravioleta com comprimento de onda de 270 a 340 nan\u00f4metros.<br \/>\n2. O desempenho da estabiliza\u00e7\u00e3o da luz \u00e9 semelhante ao do UV-326 e do UV-327, mas esse produto tem boa compatibilidade com a resina, baixa volatiliza\u00e7\u00e3o t\u00e9rmica e alta resist\u00eancia \u00e0 lavagem.<br \/>\n3. Usado principalmente para poliolefina (especialmente polietileno), poli\u00e9ster, pol\u00edmero estir\u00eanico, poliamida, polimetilmetacrilato, policarbonato, elast\u00f4mero e outros pol\u00edmeros.<\/p>\n<p><strong>Sugest\u00e3o de adi\u00e7\u00e3o:<\/strong><\/p>\n<table border=\"1\" width=\"584px\" align=\"LEFT\">\n<tbody>\n<tr>\n<td valign=\"top\" width=\"95\">Poliestireno<\/td>\n<td valign=\"top\" width=\"95\">Polietileno<\/td>\n<td valign=\"top\" width=\"95\">Poli\u00e9ster<\/td>\n<td valign=\"top\" width=\"95\">Policarbonato<\/td>\n<td valign=\"top\" width=\"95\">Cloreto de polivinila<\/td>\n<\/tr>\n<tr>\n<td valign=\"top\" width=\"95\">0.2-0.5%<\/td>\n<td valign=\"top\" width=\"95\">0.2-0.4%<\/td>\n<td valign=\"top\" width=\"95\">0.3-0.5%<\/td>\n<td valign=\"top\" width=\"95\">0.15-0.3%<\/td>\n<td valign=\"top\" width=\"95\">0.2-0.5%<\/td>\n<\/tr>\n<\/tbody>\n<\/table>\n<p>&nbsp;<\/p>\n<p>&nbsp;<\/p>\n<p>&nbsp;<\/p>\n<p><strong>Armazenamento:<\/strong><br \/>\nMantido em um dep\u00f3sito seco e limpo, com boa ventila\u00e7\u00e3o.<br \/>\nEvite a exposi\u00e7\u00e3o \u00e0 luz e ao aquecimento para evitar a oxida\u00e7\u00e3o.<br \/>\nProteger o produto contra vazamentos, chuva e insola\u00e7\u00e3o durante o transporte.<\/p>\n<p>&nbsp;<\/p>\n<h2><strong>Entre em contato conosco agora!<\/strong><\/h2>\n<p><strong>Se voc\u00ea precisar de COA, MSDS ou TDS de <span style=\"color: #00ccff;\"><a style=\"color: #00ccff;\" href=\"https:\/\/longchangchemical.com\/pt\/product-category\/lcsorb-uv-absorber\/\">Absorvedor de UV lcsorb<\/a><\/span>Preencha suas informa\u00e7\u00f5es de contato no formul\u00e1rio abaixo. Normalmente, entraremos em contato dentro de 24 horas. Voc\u00ea tamb\u00e9m pode me enviar um e-mail <span style=\"color: #00ccff;\"><a style=\"color: #00ccff;\" href=\"mailto:info@longchangchemical.com\">info@longchangchemical.com<\/a> <\/span>durante o hor\u00e1rio comercial (das 8h30 \u00e0s 18h UTC+8 de segunda a s\u00e1bado) ou use o bate-papo ao vivo do site para obter uma resposta imediata.<\/strong><\/p>","protected":false},"excerpt":{"rendered":"<p>Nome do produto: Absorvedor de UV UV-328<\/p>\n<p><strong>Nome qu\u00edmico<\/strong>:2-(2H-benzotriazol-2-il)-4,6-ditertpentylphenol<\/p>\n<p><strong>Sin\u00f4nimo:<\/strong>Eversorb 74;GSTAB 328;Tinuvin 328<\/p>\n<p>N\u00ba CAS: 25973-55-1<\/p>\n<p>MF: C22H29N3O<\/p>\n<p>Pureza: \u226599% (HPLC)<\/p>","protected":false},"featured_media":7960,"comment_status":"closed","ping_status":"closed","template":"","meta":[],"product_brand":[],"product_cat":[139],"product_tag":[],"class_list":{"0":"post-5763","1":"product","2":"type-product","3":"status-publish","4":"has-post-thumbnail","6":"product_cat-lcsorb-uv-absorber","8":"first","9":"instock","10":"shipping-taxable","11":"product-type-simple"},"yoast_head":"<!-- This site is optimized with the Yoast SEO plugin v25.3.1 - https:\/\/yoast.com\/wordpress\/plugins\/seo\/ -->\n<title>China Uv absorber UV-328 manufacturer Tinuvin 328 Cas 25973-55-1 Supplier - Longchang Chemical<\/title>\n<meta name=\"description\" content=\"UV-328 can replace Eversorb 74;GSTAB 328;Tinuvin 328,used as ultraviolet absorber and is the key product of lcnacure Longchang Chemical. We are the leading uv material manufacturer and supplier in China with the best quanlity and competitive price.\" \/>\n<meta name=\"robots\" content=\"index, follow, max-snippet:-1, max-image-preview:large, max-video-preview:-1\" \/>\n<link rel=\"canonical\" href=\"https:\/\/longchangchemical.com\/pt\/product\/lcsorb-uv-328-cas-25973-55-1\/\" \/>\n<meta property=\"og:locale\" content=\"pt_BR\" \/>\n<meta property=\"og:type\" content=\"article\" \/>\n<meta property=\"og:title\" content=\"China Uv absorber UV-328 manufacturer Tinuvin 328 Cas 25973-55-1 Supplier - Longchang Chemical\" \/>\n<meta property=\"og:description\" content=\"UV-328 can replace Eversorb 74;GSTAB 328;Tinuvin 328,used as ultraviolet absorber and is the key product of lcnacure Longchang Chemical. We are the leading uv material manufacturer and supplier in China with the best quanlity and competitive price.\" \/>\n<meta property=\"og:url\" content=\"https:\/\/longchangchemical.com\/pt\/product\/lcsorb-uv-328-cas-25973-55-1\/\" \/>\n<meta property=\"og:site_name\" content=\"Longchang Chemical\" \/>\n<meta property=\"article:modified_time\" content=\"2026-01-09T09:26:40+00:00\" \/>\n<meta property=\"og:image\" content=\"https:\/\/longchangchemical.com\/wp-content\/uploads\/2022\/11\/25973-55-1.jpg\" \/>\n\t<meta property=\"og:image:width\" content=\"600\" \/>\n\t<meta property=\"og:image:height\" content=\"600\" \/>\n\t<meta property=\"og:image:type\" content=\"image\/jpeg\" \/>\n<meta name=\"twitter:card\" content=\"summary_large_image\" \/>\n<script type=\"application\/ld+json\" class=\"yoast-schema-graph\">{\"@context\":\"https:\/\/schema.org\",\"@graph\":[{\"@type\":\"WebPage\",\"@id\":\"https:\/\/longchangchemical.com\/product\/lcsorb-uv-328-cas-25973-55-1\/\",\"url\":\"https:\/\/longchangchemical.com\/product\/lcsorb-uv-328-cas-25973-55-1\/\",\"name\":\"China Uv absorber UV-328 manufacturer Tinuvin 328 Cas 25973-55-1 Supplier - Longchang Chemical\",\"isPartOf\":{\"@id\":\"https:\/\/longchangchemical.com\/#website\"},\"primaryImageOfPage\":{\"@id\":\"https:\/\/longchangchemical.com\/product\/lcsorb-uv-328-cas-25973-55-1\/#primaryimage\"},\"image\":{\"@id\":\"https:\/\/longchangchemical.com\/product\/lcsorb-uv-328-cas-25973-55-1\/#primaryimage\"},\"thumbnailUrl\":\"https:\/\/longchangchemical.com\/wp-content\/uploads\/2022\/11\/25973-55-1.jpg\",\"datePublished\":\"2022-11-30T11:50:53+00:00\",\"dateModified\":\"2026-01-09T09:26:40+00:00\",\"description\":\"UV-328 can replace Eversorb 74;GSTAB 328;Tinuvin 328,used as ultraviolet absorber and is the key product of lcnacure Longchang Chemical. We are the leading uv material manufacturer and supplier in China with the best quanlity and competitive price.\",\"breadcrumb\":{\"@id\":\"https:\/\/longchangchemical.com\/product\/lcsorb-uv-328-cas-25973-55-1\/#breadcrumb\"},\"inLanguage\":\"pt-BR\",\"potentialAction\":[{\"@type\":\"ReadAction\",\"target\":[\"https:\/\/longchangchemical.com\/product\/lcsorb-uv-328-cas-25973-55-1\/\"]}]},{\"@type\":\"ImageObject\",\"inLanguage\":\"pt-BR\",\"@id\":\"https:\/\/longchangchemical.com\/product\/lcsorb-uv-328-cas-25973-55-1\/#primaryimage\",\"url\":\"https:\/\/longchangchemical.com\/wp-content\/uploads\/2022\/11\/25973-55-1.jpg\",\"contentUrl\":\"https:\/\/longchangchemical.com\/wp-content\/uploads\/2022\/11\/25973-55-1.jpg\",\"width\":600,\"height\":600},{\"@type\":\"BreadcrumbList\",\"@id\":\"https:\/\/longchangchemical.com\/product\/lcsorb-uv-328-cas-25973-55-1\/#breadcrumb\",\"itemListElement\":[{\"@type\":\"ListItem\",\"position\":1,\"name\":\"Home\",\"item\":\"https:\/\/longchangchemical.com\/\"},{\"@type\":\"ListItem\",\"position\":2,\"name\":\"Products Longchang\",\"item\":\"https:\/\/longchangchemical.com\/product\/\"},{\"@type\":\"ListItem\",\"position\":3,\"name\":\"UV-328 \/ Tinuvin 328 \/ Eversorb 74 CAS 25973-55-1\"}]},{\"@type\":\"WebSite\",\"@id\":\"https:\/\/longchangchemical.com\/#website\",\"url\":\"https:\/\/longchangchemical.com\/\",\"name\":\"Longchang Chemical\",\"description\":\"China chemical manufacturer \uff06 supplier\",\"publisher\":{\"@id\":\"https:\/\/longchangchemical.com\/#organization\"},\"potentialAction\":[{\"@type\":\"SearchAction\",\"target\":{\"@type\":\"EntryPoint\",\"urlTemplate\":\"https:\/\/longchangchemical.com\/?s={search_term_string}\"},\"query-input\":{\"@type\":\"PropertyValueSpecification\",\"valueRequired\":true,\"valueName\":\"search_term_string\"}}],\"inLanguage\":\"pt-BR\"},{\"@type\":\"Organization\",\"@id\":\"https:\/\/longchangchemical.com\/#organization\",\"name\":\"Longchang Chemical\",\"url\":\"https:\/\/longchangchemical.com\/\",\"logo\":{\"@type\":\"ImageObject\",\"inLanguage\":\"pt-BR\",\"@id\":\"https:\/\/longchangchemical.com\/#\/schema\/logo\/image\/\",\"url\":\"https:\/\/longchangchemical.com\/wp-content\/uploads\/2020\/08\/cropped-longchang-logo.png\",\"contentUrl\":\"https:\/\/longchangchemical.com\/wp-content\/uploads\/2020\/08\/cropped-longchang-logo.png\",\"width\":512,\"height\":512,\"caption\":\"Longchang Chemical\"},\"image\":{\"@id\":\"https:\/\/longchangchemical.com\/#\/schema\/logo\/image\/\"}}]}<\/script>\n<!-- \/ Yoast SEO plugin. -->","yoast_head_json":{"title":"Fabricante de absorvedor UV-328 na China Fornecedor de Tinuvin 328 Cas 25973-55-1 - Longchang Chemical","description":"O UV-328 pode substituir o Eversorb 74; GSTAB 328; Tinuvin 328, usado como absorvedor ultravioleta e \u00e9 o principal produto da lcnacure Longchang Chemical. Somos o principal fabricante e fornecedor de material UV na China, com a melhor qualidade e pre\u00e7o competitivo.","robots":{"index":"index","follow":"follow","max-snippet":"max-snippet:-1","max-image-preview":"max-image-preview:large","max-video-preview":"max-video-preview:-1"},"canonical":"https:\/\/longchangchemical.com\/pt\/product\/lcsorb-uv-328-cas-25973-55-1\/","og_locale":"pt_BR","og_type":"article","og_title":"China Uv absorber UV-328 manufacturer Tinuvin 328 Cas 25973-55-1 Supplier - Longchang Chemical","og_description":"UV-328 can replace Eversorb 74;GSTAB 328;Tinuvin 328,used as ultraviolet absorber and is the key product of lcnacure Longchang Chemical. We are the leading uv material manufacturer and supplier in China with the best quanlity and competitive price.","og_url":"https:\/\/longchangchemical.com\/pt\/product\/lcsorb-uv-328-cas-25973-55-1\/","og_site_name":"Longchang Chemical","article_modified_time":"2026-01-09T09:26:40+00:00","og_image":[{"width":600,"height":600,"url":"https:\/\/longchangchemical.com\/wp-content\/uploads\/2022\/11\/25973-55-1.jpg","type":"image\/jpeg"}],"twitter_card":"summary_large_image","schema":{"@context":"https:\/\/schema.org","@graph":[{"@type":"WebPage","@id":"https:\/\/longchangchemical.com\/product\/lcsorb-uv-328-cas-25973-55-1\/","url":"https:\/\/longchangchemical.com\/product\/lcsorb-uv-328-cas-25973-55-1\/","name":"Fabricante de absorvedor UV-328 na China Fornecedor de Tinuvin 328 Cas 25973-55-1 - Longchang Chemical","isPartOf":{"@id":"https:\/\/longchangchemical.com\/#website"},"primaryImageOfPage":{"@id":"https:\/\/longchangchemical.com\/product\/lcsorb-uv-328-cas-25973-55-1\/#primaryimage"},"image":{"@id":"https:\/\/longchangchemical.com\/product\/lcsorb-uv-328-cas-25973-55-1\/#primaryimage"},"thumbnailUrl":"https:\/\/longchangchemical.com\/wp-content\/uploads\/2022\/11\/25973-55-1.jpg","datePublished":"2022-11-30T11:50:53+00:00","dateModified":"2026-01-09T09:26:40+00:00","description":"O UV-328 pode substituir o Eversorb 74; GSTAB 328; Tinuvin 328, usado como absorvedor ultravioleta e \u00e9 o principal produto da lcnacure Longchang Chemical. Somos o principal fabricante e fornecedor de material UV na China, com a melhor qualidade e pre\u00e7o competitivo.","breadcrumb":{"@id":"https:\/\/longchangchemical.com\/product\/lcsorb-uv-328-cas-25973-55-1\/#breadcrumb"},"inLanguage":"pt-BR","potentialAction":[{"@type":"ReadAction","target":["https:\/\/longchangchemical.com\/product\/lcsorb-uv-328-cas-25973-55-1\/"]}]},{"@type":"ImageObject","inLanguage":"pt-BR","@id":"https:\/\/longchangchemical.com\/product\/lcsorb-uv-328-cas-25973-55-1\/#primaryimage","url":"https:\/\/longchangchemical.com\/wp-content\/uploads\/2022\/11\/25973-55-1.jpg","contentUrl":"https:\/\/longchangchemical.com\/wp-content\/uploads\/2022\/11\/25973-55-1.jpg","width":600,"height":600},{"@type":"BreadcrumbList","@id":"https:\/\/longchangchemical.com\/product\/lcsorb-uv-328-cas-25973-55-1\/#breadcrumb","itemListElement":[{"@type":"ListItem","position":1,"name":"Home","item":"https:\/\/longchangchemical.com\/"},{"@type":"ListItem","position":2,"name":"Products Longchang","item":"https:\/\/longchangchemical.com\/product\/"},{"@type":"ListItem","position":3,"name":"UV-328 \/ Tinuvin 328 \/ Eversorb 74 CAS 25973-55-1"}]},{"@type":"WebSite","@id":"https:\/\/longchangchemical.com\/#website","url":"https:\/\/longchangchemical.com\/","name":"Qu\u00edmica Longchang","description":"Fabricante de produtos qu\u00edmicos na China \uff06 fornecedor","publisher":{"@id":"https:\/\/longchangchemical.com\/#organization"},"potentialAction":[{"@type":"SearchAction","target":{"@type":"EntryPoint","urlTemplate":"https:\/\/longchangchemical.com\/?s={search_term_string}"},"query-input":{"@type":"PropertyValueSpecification","valueRequired":true,"valueName":"search_term_string"}}],"inLanguage":"pt-BR"},{"@type":"Organization","@id":"https:\/\/longchangchemical.com\/#organization","name":"Qu\u00edmica Longchang","url":"https:\/\/longchangchemical.com\/","logo":{"@type":"ImageObject","inLanguage":"pt-BR","@id":"https:\/\/longchangchemical.com\/#\/schema\/logo\/image\/","url":"https:\/\/longchangchemical.com\/wp-content\/uploads\/2020\/08\/cropped-longchang-logo.png","contentUrl":"https:\/\/longchangchemical.com\/wp-content\/uploads\/2020\/08\/cropped-longchang-logo.png","width":512,"height":512,"caption":"Longchang Chemical"},"image":{"@id":"https:\/\/longchangchemical.com\/#\/schema\/logo\/image\/"}}]}},"_links":{"self":[{"href":"https:\/\/longchangchemical.com\/pt\/wp-json\/wp\/v2\/product\/5763","targetHints":{"allow":["GET"]}}],"collection":[{"href":"https:\/\/longchangchemical.com\/pt\/wp-json\/wp\/v2\/product"}],"about":[{"href":"https:\/\/longchangchemical.com\/pt\/wp-json\/wp\/v2\/types\/product"}],"replies":[{"embeddable":true,"href":"https:\/\/longchangchemical.com\/pt\/wp-json\/wp\/v2\/comments?post=5763"}],"wp:featuredmedia":[{"embeddable":true,"href":"https:\/\/longchangchemical.com\/pt\/wp-json\/wp\/v2\/media\/7960"}],"wp:attachment":[{"href":"https:\/\/longchangchemical.com\/pt\/wp-json\/wp\/v2\/media?parent=5763"}],"wp:term":[{"taxonomy":"product_brand","embeddable":true,"href":"https:\/\/longchangchemical.com\/pt\/wp-json\/wp\/v2\/product_brand?post=5763"},{"taxonomy":"product_cat","embeddable":true,"href":"https:\/\/longchangchemical.com\/pt\/wp-json\/wp\/v2\/product_cat?post=5763"},{"taxonomy":"product_tag","embeddable":true,"href":"https:\/\/longchangchemical.com\/pt\/wp-json\/wp\/v2\/product_tag?post=5763"}],"curies":[{"name":"wp","href":"https:\/\/api.w.org\/{rel}","templated":true}]}}