{"id":5600,"date":"2022-09-25T12:44:37","date_gmt":"2022-09-25T12:44:37","guid":{"rendered":"https:\/\/longchangchemical.com\/?post_type=product&#038;p=5600"},"modified":"2025-04-01T07:40:13","modified_gmt":"2025-04-01T07:40:13","slug":"polycondensation-inhibitor-702-4-oxo-tempo-cas-2896-70-0","status":"publish","type":"product","link":"https:\/\/longchangchemical.com\/pt\/product\/polycondensation-inhibitor-702-4-oxo-tempo-cas-2896-70-0\/","title":{"rendered":"CHLUMINIT\u00ae 702 \/ Inibidor de policondensa\u00e7\u00e3o 702 \/ 4-Oxo-TEMPO CAS 2896-70-0"},"content":{"rendered":"<h1><strong>4-Oxo-TEMPO CAS 2896-70-0<\/strong><\/h1>\n<table style=\"border-collapse: collapse; width: 243.78pt;\" border=\"0\" width=\"325\" cellspacing=\"0\" cellpadding=\"0\">\n<tbody>\n<tr style=\"height: 13.50pt;\">\n<td class=\"et2\" style=\"height: 13.50pt; width: 101.25pt;\" width=\"135\" height=\"18\">Apar\u00eancia<\/td>\n<td class=\"et3\" style=\"width: 142.50pt;\" width=\"190\">Cristais laranja claro<\/td>\n<\/tr>\n<tr style=\"height: 13.50pt;\">\n<td class=\"et2\" style=\"height: 13.50pt;\" height=\"18\">Conte\u00fado<\/td>\n<td class=\"et3\">\u226598%<\/td>\n<\/tr>\n<tr style=\"height: 13.50pt;\">\n<td class=\"et2\" style=\"height: 13.50pt;\" height=\"18\">Ponto de fus\u00e3o<\/td>\n<td class=\"et3\">36-40\u00b0C<\/td>\n<\/tr>\n<tr style=\"height: 13.50pt;\">\n<td class=\"et2\" style=\"height: 13.50pt;\" height=\"18\">Cinza<\/td>\n<td class=\"et3\">\u22640,1%<\/td>\n<\/tr>\n<tr style=\"height: 13.50pt;\">\n<td class=\"et2\" style=\"height: 13.50pt;\" height=\"18\">Volatilidade<\/td>\n<td class=\"et3\">\u22640,5%<\/td>\n<\/tr>\n<\/tbody>\n<\/table>\n<h2><\/h2>\n<h2><strong>Uso do 4-Oxo-TEMPO<\/strong><\/h2>\n<p>1. O inibidor de policondensa\u00e7\u00e3o 702 \u00e9 um novo tipo de inibidor de alta efici\u00eancia do tipo radical livre com ampla aplica\u00e7\u00e3o e alta efici\u00eancia na inibi\u00e7\u00e3o da policondensa\u00e7\u00e3o, com bom efeito inibidor em ambientes aer\u00f3bicos e anaer\u00f3bicos e baixo ponto de fus\u00e3o.<\/p>\n<p>2. \u00c9 usado para evitar a autopolimeriza\u00e7\u00e3o de mon\u00f4meros de poliolefina durante a produ\u00e7\u00e3o, separa\u00e7\u00e3o, refino, armazenamento ou transporte, e para controlar e regular o grau de polimeriza\u00e7\u00e3o de olefinas e seus derivados em rea\u00e7\u00f5es de s\u00edntese org\u00e2nica. O produto tem bom efeito de bloqueio de polimeriza\u00e7\u00e3o em acrilatos, metacrilatos, \u00e1cido acr\u00edlico, acrilonitrila, estireno e butadieno. Seu desempenho de inibi\u00e7\u00e3o da polimeriza\u00e7\u00e3o \u00e9 melhor do que o de fen\u00f3is, aminas arom\u00e1ticas, \u00e9teres, quinonas e compostos nitro e outros inibidores.<\/p>\n<p>&nbsp;<\/p>\n<h2><strong>Precau\u00e7\u00f5es com o 4-Oxo-TEMPO<\/strong><\/h2>\n<p>Evite a luz solar, a umidade, a alta temperatura e o armazenamento com outros produtos qu\u00edmicos \u00e1cidos.<\/p>\n<p>&nbsp;<\/p>\n<h2><strong>Embalagem de 4-Oxo-TEMPO<\/strong><\/h2>\n<p>Tambor de 180 kg ou de acordo com os requisitos especificados pelo cliente.<\/p>\n<h2><strong><b>Entre em contato conosco agora!<\/b><\/strong><\/h2>\n<h4><strong><b>Se precisar de COA, MSDS ou TDS, preencha suas informa\u00e7\u00f5es de contato no formul\u00e1rio abaixo. Normalmente, entraremos em contato em at\u00e9 24 horas.<\/b><\/strong> Voc\u00ea tamb\u00e9m pode me enviar um e-mail <a href=\"mailto:info@longchangchemical.com\"><span style=\"color: #0000ff;\">info@longchangchemical.com<\/span><\/a> durante o hor\u00e1rio comercial (das 8h30 \u00e0s 18h UTC+8 de segunda a s\u00e1bado) ou use o bate-papo ao vivo do site para obter uma resposta imediata.<\/h4>","protected":false},"excerpt":{"rendered":"<p>Nome em ingl\u00eas:4-Oxo-2,2,6,6-tetramethylpiperidinooxy<\/p>\n<p>N\u00famero CAS: 2896-70-0<\/p>\n<p>Sin\u00f4nimos: (2,2,6,6-Tetrametil-4-Oxopiperidina-1-Yl)Oxidanil; 1-Hidroxi-2,2,6,6-Tetrametilpiperidina-4-ona; 1-Oxil-2,2,6,6-tetrametil-4-oxopiperidina; 1-Oxil-2,2,6,6-tetrametil-4-piperidona; 1-Oxil-2,2,6,6-tetrametilpiperidin-4-ona; 1-Piperidiniloxi, 2,2,6,6-tetrametil-4-oxo-; 2,2\u2032,6,6\u2032-Tetrametil-4-oxopiperidina-1-oxil; 2,2,6,6-Tetrametil-4-oxo-1-piperidinooxi;<\/p>\n<p>Estrutura qu\u00edmica: <img decoding=\"async\" title=\"\" src=\"http:\/\/www.unitechem.cn\/upload\/202203\/25\/202203251344237980.png\" alt=\"\" width=\"108\" height=\"90\" align=\"\" \/><\/p>\n<p>F\u00f3rmula molecular:C9H16NO2<\/p>\n<p>Peso molecular: 170,23<\/p>","protected":false},"featured_media":5601,"comment_status":"open","ping_status":"closed","template":"","meta":[],"product_brand":[],"product_cat":[186],"product_tag":[],"class_list":{"0":"post-5600","1":"product","2":"type-product","3":"status-publish","4":"has-post-thumbnail","6":"product_cat-polymerization-inhibitor","8":"first","9":"instock","10":"shipping-taxable","11":"product-type-simple"},"yoast_head":"<!-- This site is optimized with the Yoast SEO plugin v25.3.1 - https:\/\/yoast.com\/wordpress\/plugins\/seo\/ -->\n<title>China CHLUMINIT\u00ae 702 \/ Polycondensation inhibitor 702 \/ 4-Oxo-TEMPO CAS 2896-70-0 Manufacturer - Longchang Chemical<\/title>\n<meta name=\"description\" content=\"CHLUMINIT\u00ae 702 \/ Polycondensation inhibitor 702 \/ 4-Oxo-TEMPO CAS 2896-70-0 is a key product of Longchang Chemical. We provide the best price. We are the leading manufacturer in China with the best quality and competitive price.\" \/>\n<meta name=\"robots\" content=\"index, follow, max-snippet:-1, max-image-preview:large, max-video-preview:-1\" \/>\n<link rel=\"canonical\" href=\"https:\/\/longchangchemical.com\/pt\/product\/polycondensation-inhibitor-702-4-oxo-tempo-cas-2896-70-0\/\" \/>\n<meta property=\"og:locale\" content=\"pt_BR\" \/>\n<meta property=\"og:type\" content=\"article\" \/>\n<meta property=\"og:title\" content=\"China CHLUMINIT\u00ae 702 \/ Polycondensation inhibitor 702 \/ 4-Oxo-TEMPO CAS 2896-70-0 Manufacturer - Longchang Chemical\" \/>\n<meta property=\"og:description\" content=\"CHLUMINIT\u00ae 702 \/ Polycondensation inhibitor 702 \/ 4-Oxo-TEMPO CAS 2896-70-0 is a key product of Longchang Chemical. We provide the best price. We are the leading manufacturer in China with the best quality and competitive price.\" \/>\n<meta property=\"og:url\" content=\"https:\/\/longchangchemical.com\/pt\/product\/polycondensation-inhibitor-702-4-oxo-tempo-cas-2896-70-0\/\" \/>\n<meta property=\"og:site_name\" content=\"Longchang Chemical\" \/>\n<meta property=\"article:modified_time\" content=\"2025-04-01T07:40:13+00:00\" \/>\n<meta property=\"og:image\" content=\"https:\/\/longchangchemical.com\/wp-content\/uploads\/2022\/09\/20.jpg\" \/>\n\t<meta property=\"og:image:width\" content=\"750\" \/>\n\t<meta property=\"og:image:height\" content=\"750\" \/>\n\t<meta property=\"og:image:type\" content=\"image\/jpeg\" \/>\n<meta name=\"twitter:card\" content=\"summary_large_image\" \/>\n<script type=\"application\/ld+json\" class=\"yoast-schema-graph\">{\"@context\":\"https:\/\/schema.org\",\"@graph\":[{\"@type\":\"WebPage\",\"@id\":\"https:\/\/longchangchemical.com\/product\/polycondensation-inhibitor-702-4-oxo-tempo-cas-2896-70-0\/\",\"url\":\"https:\/\/longchangchemical.com\/product\/polycondensation-inhibitor-702-4-oxo-tempo-cas-2896-70-0\/\",\"name\":\"China CHLUMINIT\u00ae 702 \/ Polycondensation inhibitor 702 \/ 4-Oxo-TEMPO CAS 2896-70-0 Manufacturer - Longchang Chemical\",\"isPartOf\":{\"@id\":\"https:\/\/longchangchemical.com\/#website\"},\"primaryImageOfPage\":{\"@id\":\"https:\/\/longchangchemical.com\/product\/polycondensation-inhibitor-702-4-oxo-tempo-cas-2896-70-0\/#primaryimage\"},\"image\":{\"@id\":\"https:\/\/longchangchemical.com\/product\/polycondensation-inhibitor-702-4-oxo-tempo-cas-2896-70-0\/#primaryimage\"},\"thumbnailUrl\":\"https:\/\/longchangchemical.com\/wp-content\/uploads\/2022\/09\/20.jpg\",\"datePublished\":\"2022-09-25T12:44:37+00:00\",\"dateModified\":\"2025-04-01T07:40:13+00:00\",\"description\":\"CHLUMINIT\u00ae 702 \/ Polycondensation inhibitor 702 \/ 4-Oxo-TEMPO CAS 2896-70-0 is a key product of Longchang Chemical. We provide the best price. We are the leading manufacturer in China with the best quality and competitive price.\",\"breadcrumb\":{\"@id\":\"https:\/\/longchangchemical.com\/product\/polycondensation-inhibitor-702-4-oxo-tempo-cas-2896-70-0\/#breadcrumb\"},\"inLanguage\":\"pt-BR\",\"potentialAction\":[{\"@type\":\"ReadAction\",\"target\":[\"https:\/\/longchangchemical.com\/product\/polycondensation-inhibitor-702-4-oxo-tempo-cas-2896-70-0\/\"]}]},{\"@type\":\"ImageObject\",\"inLanguage\":\"pt-BR\",\"@id\":\"https:\/\/longchangchemical.com\/product\/polycondensation-inhibitor-702-4-oxo-tempo-cas-2896-70-0\/#primaryimage\",\"url\":\"https:\/\/longchangchemical.com\/wp-content\/uploads\/2022\/09\/20.jpg\",\"contentUrl\":\"https:\/\/longchangchemical.com\/wp-content\/uploads\/2022\/09\/20.jpg\",\"width\":750,\"height\":750},{\"@type\":\"BreadcrumbList\",\"@id\":\"https:\/\/longchangchemical.com\/product\/polycondensation-inhibitor-702-4-oxo-tempo-cas-2896-70-0\/#breadcrumb\",\"itemListElement\":[{\"@type\":\"ListItem\",\"position\":1,\"name\":\"Home\",\"item\":\"https:\/\/longchangchemical.com\/\"},{\"@type\":\"ListItem\",\"position\":2,\"name\":\"Products Longchang\",\"item\":\"https:\/\/longchangchemical.com\/product\/\"},{\"@type\":\"ListItem\",\"position\":3,\"name\":\"CHLUMINIT\u00ae 702 \/ Polycondensation inhibitor 702 \/ 4-Oxo-TEMPO CAS 2896-70-0\"}]},{\"@type\":\"WebSite\",\"@id\":\"https:\/\/longchangchemical.com\/#website\",\"url\":\"https:\/\/longchangchemical.com\/\",\"name\":\"Longchang Chemical\",\"description\":\"China chemical manufacturer \uff06 supplier\",\"publisher\":{\"@id\":\"https:\/\/longchangchemical.com\/#organization\"},\"potentialAction\":[{\"@type\":\"SearchAction\",\"target\":{\"@type\":\"EntryPoint\",\"urlTemplate\":\"https:\/\/longchangchemical.com\/?s={search_term_string}\"},\"query-input\":{\"@type\":\"PropertyValueSpecification\",\"valueRequired\":true,\"valueName\":\"search_term_string\"}}],\"inLanguage\":\"pt-BR\"},{\"@type\":\"Organization\",\"@id\":\"https:\/\/longchangchemical.com\/#organization\",\"name\":\"Longchang Chemical\",\"url\":\"https:\/\/longchangchemical.com\/\",\"logo\":{\"@type\":\"ImageObject\",\"inLanguage\":\"pt-BR\",\"@id\":\"https:\/\/longchangchemical.com\/#\/schema\/logo\/image\/\",\"url\":\"https:\/\/longchangchemical.com\/wp-content\/uploads\/2020\/08\/cropped-longchang-logo.png\",\"contentUrl\":\"https:\/\/longchangchemical.com\/wp-content\/uploads\/2020\/08\/cropped-longchang-logo.png\",\"width\":512,\"height\":512,\"caption\":\"Longchang Chemical\"},\"image\":{\"@id\":\"https:\/\/longchangchemical.com\/#\/schema\/logo\/image\/\"}}]}<\/script>\n<!-- \/ Yoast SEO plugin. -->","yoast_head_json":{"title":"China CHLUMINIT\u00ae 702 \/ Inibidor de policondensa\u00e7\u00e3o 702 \/ 4-Oxo-TEMPO CAS 2896-70-0 Fabricante - Longchang Chemical","description":"CHLUMINIT\u00ae 702 \/ Inibidor de policondensa\u00e7\u00e3o 702 \/ 4-Oxo-TEMPO CAS 2896-70-0 \u00e9 um produto-chave da Longchang Chemical. Oferecemos o melhor pre\u00e7o. Somos o fabricante l\u00edder na China, com a melhor qualidade e pre\u00e7o competitivo.","robots":{"index":"index","follow":"follow","max-snippet":"max-snippet:-1","max-image-preview":"max-image-preview:large","max-video-preview":"max-video-preview:-1"},"canonical":"https:\/\/longchangchemical.com\/pt\/product\/polycondensation-inhibitor-702-4-oxo-tempo-cas-2896-70-0\/","og_locale":"pt_BR","og_type":"article","og_title":"China CHLUMINIT\u00ae 702 \/ Polycondensation inhibitor 702 \/ 4-Oxo-TEMPO CAS 2896-70-0 Manufacturer - Longchang Chemical","og_description":"CHLUMINIT\u00ae 702 \/ Polycondensation inhibitor 702 \/ 4-Oxo-TEMPO CAS 2896-70-0 is a key product of Longchang Chemical. We provide the best price. We are the leading manufacturer in China with the best quality and competitive price.","og_url":"https:\/\/longchangchemical.com\/pt\/product\/polycondensation-inhibitor-702-4-oxo-tempo-cas-2896-70-0\/","og_site_name":"Longchang Chemical","article_modified_time":"2025-04-01T07:40:13+00:00","og_image":[{"width":750,"height":750,"url":"https:\/\/longchangchemical.com\/wp-content\/uploads\/2022\/09\/20.jpg","type":"image\/jpeg"}],"twitter_card":"summary_large_image","schema":{"@context":"https:\/\/schema.org","@graph":[{"@type":"WebPage","@id":"https:\/\/longchangchemical.com\/product\/polycondensation-inhibitor-702-4-oxo-tempo-cas-2896-70-0\/","url":"https:\/\/longchangchemical.com\/product\/polycondensation-inhibitor-702-4-oxo-tempo-cas-2896-70-0\/","name":"China CHLUMINIT\u00ae 702 \/ Inibidor de policondensa\u00e7\u00e3o 702 \/ 4-Oxo-TEMPO CAS 2896-70-0 Fabricante - Longchang Chemical","isPartOf":{"@id":"https:\/\/longchangchemical.com\/#website"},"primaryImageOfPage":{"@id":"https:\/\/longchangchemical.com\/product\/polycondensation-inhibitor-702-4-oxo-tempo-cas-2896-70-0\/#primaryimage"},"image":{"@id":"https:\/\/longchangchemical.com\/product\/polycondensation-inhibitor-702-4-oxo-tempo-cas-2896-70-0\/#primaryimage"},"thumbnailUrl":"https:\/\/longchangchemical.com\/wp-content\/uploads\/2022\/09\/20.jpg","datePublished":"2022-09-25T12:44:37+00:00","dateModified":"2025-04-01T07:40:13+00:00","description":"CHLUMINIT\u00ae 702 \/ Inibidor de policondensa\u00e7\u00e3o 702 \/ 4-Oxo-TEMPO CAS 2896-70-0 \u00e9 um produto-chave da Longchang Chemical. Oferecemos o melhor pre\u00e7o. Somos o fabricante l\u00edder na China, com a melhor qualidade e pre\u00e7o competitivo.","breadcrumb":{"@id":"https:\/\/longchangchemical.com\/product\/polycondensation-inhibitor-702-4-oxo-tempo-cas-2896-70-0\/#breadcrumb"},"inLanguage":"pt-BR","potentialAction":[{"@type":"ReadAction","target":["https:\/\/longchangchemical.com\/product\/polycondensation-inhibitor-702-4-oxo-tempo-cas-2896-70-0\/"]}]},{"@type":"ImageObject","inLanguage":"pt-BR","@id":"https:\/\/longchangchemical.com\/product\/polycondensation-inhibitor-702-4-oxo-tempo-cas-2896-70-0\/#primaryimage","url":"https:\/\/longchangchemical.com\/wp-content\/uploads\/2022\/09\/20.jpg","contentUrl":"https:\/\/longchangchemical.com\/wp-content\/uploads\/2022\/09\/20.jpg","width":750,"height":750},{"@type":"BreadcrumbList","@id":"https:\/\/longchangchemical.com\/product\/polycondensation-inhibitor-702-4-oxo-tempo-cas-2896-70-0\/#breadcrumb","itemListElement":[{"@type":"ListItem","position":1,"name":"Home","item":"https:\/\/longchangchemical.com\/"},{"@type":"ListItem","position":2,"name":"Products Longchang","item":"https:\/\/longchangchemical.com\/product\/"},{"@type":"ListItem","position":3,"name":"CHLUMINIT\u00ae 702 \/ Polycondensation inhibitor 702 \/ 4-Oxo-TEMPO CAS 2896-70-0"}]},{"@type":"WebSite","@id":"https:\/\/longchangchemical.com\/#website","url":"https:\/\/longchangchemical.com\/","name":"Qu\u00edmica Longchang","description":"Fabricante de produtos qu\u00edmicos na China \uff06 fornecedor","publisher":{"@id":"https:\/\/longchangchemical.com\/#organization"},"potentialAction":[{"@type":"SearchAction","target":{"@type":"EntryPoint","urlTemplate":"https:\/\/longchangchemical.com\/?s={search_term_string}"},"query-input":{"@type":"PropertyValueSpecification","valueRequired":true,"valueName":"search_term_string"}}],"inLanguage":"pt-BR"},{"@type":"Organization","@id":"https:\/\/longchangchemical.com\/#organization","name":"Qu\u00edmica Longchang","url":"https:\/\/longchangchemical.com\/","logo":{"@type":"ImageObject","inLanguage":"pt-BR","@id":"https:\/\/longchangchemical.com\/#\/schema\/logo\/image\/","url":"https:\/\/longchangchemical.com\/wp-content\/uploads\/2020\/08\/cropped-longchang-logo.png","contentUrl":"https:\/\/longchangchemical.com\/wp-content\/uploads\/2020\/08\/cropped-longchang-logo.png","width":512,"height":512,"caption":"Longchang Chemical"},"image":{"@id":"https:\/\/longchangchemical.com\/#\/schema\/logo\/image\/"}}]}},"_links":{"self":[{"href":"https:\/\/longchangchemical.com\/pt\/wp-json\/wp\/v2\/product\/5600","targetHints":{"allow":["GET"]}}],"collection":[{"href":"https:\/\/longchangchemical.com\/pt\/wp-json\/wp\/v2\/product"}],"about":[{"href":"https:\/\/longchangchemical.com\/pt\/wp-json\/wp\/v2\/types\/product"}],"replies":[{"embeddable":true,"href":"https:\/\/longchangchemical.com\/pt\/wp-json\/wp\/v2\/comments?post=5600"}],"wp:featuredmedia":[{"embeddable":true,"href":"https:\/\/longchangchemical.com\/pt\/wp-json\/wp\/v2\/media\/5601"}],"wp:attachment":[{"href":"https:\/\/longchangchemical.com\/pt\/wp-json\/wp\/v2\/media?parent=5600"}],"wp:term":[{"taxonomy":"product_brand","embeddable":true,"href":"https:\/\/longchangchemical.com\/pt\/wp-json\/wp\/v2\/product_brand?post=5600"},{"taxonomy":"product_cat","embeddable":true,"href":"https:\/\/longchangchemical.com\/pt\/wp-json\/wp\/v2\/product_cat?post=5600"},{"taxonomy":"product_tag","embeddable":true,"href":"https:\/\/longchangchemical.com\/pt\/wp-json\/wp\/v2\/product_tag?post=5600"}],"curies":[{"name":"wp","href":"https:\/\/api.w.org\/{rel}","templated":true}]}}