{"id":5534,"date":"2022-09-09T11:44:40","date_gmt":"2022-09-09T11:44:40","guid":{"rendered":"https:\/\/longchangchemical.com\/?post_type=product&#038;p=5534"},"modified":"2026-01-09T09:33:40","modified_gmt":"2026-01-09T09:33:40","slug":"lcsorb-uv-234-cas-70321-86-7","status":"publish","type":"product","link":"https:\/\/longchangchemical.com\/pt\/product\/lcsorb-uv-234-cas-70321-86-7\/","title":{"rendered":"UV-234 \/ Absorvedor de UV 234 CAS 70321-86-7"},"content":{"rendered":"<h1>UV-234 \/ Absorvedor de UV 234 CAS 70321-86-7<\/h1>\n<table border=\"1\" width=\"505\" cellspacing=\"0\">\n<tbody>\n<tr>\n<td valign=\"top\" width=\"104\">Apar\u00eancia<\/td>\n<td valign=\"top\" width=\"386\">P\u00f3 esbranqui\u00e7ado<\/td>\n<\/tr>\n<tr>\n<td valign=\"top\" width=\"104\">Conte\u00fado<\/td>\n<td valign=\"top\" width=\"386\">\u226599%(HPLC)<\/td>\n<\/tr>\n<tr>\n<td valign=\"top\" width=\"104\">Ponto de fus\u00e3o<\/td>\n<td valign=\"top\" width=\"386\">139.5-144\u2103<\/td>\n<\/tr>\n<tr>\n<td valign=\"top\" width=\"104\">Cinza<\/td>\n<td valign=\"top\" width=\"386\">\u22640,1%<\/td>\n<\/tr>\n<tr>\n<td valign=\"top\" width=\"104\">Vol\u00e1til<\/td>\n<td valign=\"top\" width=\"386\">\u22640,5%<\/td>\n<\/tr>\n<tr>\n<td valign=\"top\" width=\"104\">Transmiss\u00e3o<\/td>\n<td valign=\"top\" width=\"386\">460nm\u226595% 500nm\u226597%<\/td>\n<\/tr>\n<\/tbody>\n<\/table>\n<h2><\/h2>\n<h2><strong>Absorvedor de UV 234 Aplica\u00e7\u00e3o<\/strong><\/h2>\n<p>Adequado para policarbonato, cloreto de polivinila, polioximetileno, poliamida, poli\u00e9ster, etc.<\/p>\n<table border=\"1\" width=\"527\" cellspacing=\"0\">\n<tbody>\n<tr>\n<td valign=\"top\" width=\"154\">Cloreto de polivinila<\/td>\n<td valign=\"top\" width=\"168\">Policarbonato<\/td>\n<td valign=\"top\" width=\"155\">Poli\u00e9ster<\/td>\n<\/tr>\n<tr>\n<td valign=\"top\" width=\"154\">0.25-0.5%<\/td>\n<td valign=\"top\" width=\"168\">0.3-0.5%<\/td>\n<td valign=\"top\" width=\"155\">0.3-0.5%<\/td>\n<\/tr>\n<\/tbody>\n<\/table>\n<p>O UV-234 tem as vantagens de boa compatibilidade, baixa volatilidade, forte absor\u00e7\u00e3o de UV e excelente estabilidade t\u00e9rmica. Adequado para policarbonato, poli\u00e9ster, polioximetileno, amina polidilu\u00edda, \u00e9ter polifenileno, poliuretano termopl\u00e1stico e fibra de poliuretano, etc.<\/p>\n<h2><strong>Absorvedor de UV 234 Armazenamento<\/strong><\/h2>\n<p>Mantido em um dep\u00f3sito seco e limpo, com boa ventila\u00e7\u00e3o.<br \/>\nEvite a exposi\u00e7\u00e3o \u00e0 luz e ao aquecimento para evitar a oxida\u00e7\u00e3o.<br \/>\nProteger o produto contra vazamentos, chuva e insola\u00e7\u00e3o durante o transporte.<\/p>\n<h2><strong>Entre em contato conosco agora!<\/strong><\/h2>\n<p><strong>Se voc\u00ea precisar de COA, MSDS ou TDS de <span style=\"color: #00ccff;\"><a style=\"color: #00ccff;\" href=\"https:\/\/longchangchemical.com\/pt\/product-category\/lcsorb-uv-absorber\/\">Absorvedor de UV lcsorb<\/a><\/span>Preencha suas informa\u00e7\u00f5es de contato no formul\u00e1rio abaixo. Normalmente, entraremos em contato dentro de 24 horas. Voc\u00ea tamb\u00e9m pode me enviar um e-mail <span style=\"color: #00ccff;\"><a style=\"color: #00ccff;\" href=\"mailto:info@longchangchemical.com\">info@longchangchemical.com<\/a> <\/span>durante o hor\u00e1rio comercial (das 8h30 \u00e0s 18h UTC+8 de segunda a s\u00e1bado) ou use o bate-papo ao vivo do site para obter uma resposta imediata.<\/strong><\/p>","protected":false},"excerpt":{"rendered":"<p><strong>Nome qu\u00edmico<\/strong>2-(2H-benzotriazol-2-il)-4,6-bis(1-metil-1-feniletil)fenol<\/p>\n<p><strong>Cas No:<\/strong>70321-86-7<\/p>\n<p><strong>Sin\u00f4nimo:<\/strong>Eversorb 76;Milestab 234;THASORB UV-234;Absorvedor de UV UV-234<\/p>\n<p><strong>Estrutura:<\/strong><\/p>\n<p><img decoding=\"async\" class=\"\" src=\"https:\/\/www.chemicalbook.com\/CAS\/GIF\/70321-86-7.gif\" alt=\"\u7d2b\u5916\u5438\u6536\u5242 234\" width=\"278\" height=\"212\" \/><\/p>","protected":false},"featured_media":7963,"comment_status":"closed","ping_status":"closed","template":"","meta":[],"product_brand":[],"product_cat":[139],"product_tag":[],"class_list":{"0":"post-5534","1":"product","2":"type-product","3":"status-publish","4":"has-post-thumbnail","6":"product_cat-lcsorb-uv-absorber","8":"first","9":"instock","10":"shipping-taxable","11":"product-type-simple"},"yoast_head":"<!-- This site is optimized with the Yoast SEO plugin v25.3.1 - https:\/\/yoast.com\/wordpress\/plugins\/seo\/ -->\n<title>Uv absorber UV-234 manufacturer Cas 70321-86-7 supplier - Longchang Chemical<\/title>\n<meta name=\"description\" content=\"UV-234 can replace Eversorb 76;Milestab 234;THASORB UV-234,used as ultraviolet absorber and is the key product of Longchang Chemical. We are the leading uv material manufacturer and supplier in China with the best quanlity and competitive price.\" \/>\n<meta name=\"robots\" content=\"index, follow, max-snippet:-1, max-image-preview:large, max-video-preview:-1\" \/>\n<link rel=\"canonical\" href=\"https:\/\/longchangchemical.com\/pt\/product\/lcsorb-uv-234-cas-70321-86-7\/\" \/>\n<meta property=\"og:locale\" content=\"pt_BR\" \/>\n<meta property=\"og:type\" content=\"article\" \/>\n<meta property=\"og:title\" content=\"Uv absorber UV-234 manufacturer Cas 70321-86-7 supplier - Longchang Chemical\" \/>\n<meta property=\"og:description\" content=\"UV-234 can replace Eversorb 76;Milestab 234;THASORB UV-234,used as ultraviolet absorber and is the key product of Longchang Chemical. We are the leading uv material manufacturer and supplier in China with the best quanlity and competitive price.\" \/>\n<meta property=\"og:url\" content=\"https:\/\/longchangchemical.com\/pt\/product\/lcsorb-uv-234-cas-70321-86-7\/\" \/>\n<meta property=\"og:site_name\" content=\"Longchang Chemical\" \/>\n<meta property=\"article:modified_time\" content=\"2026-01-09T09:33:40+00:00\" \/>\n<meta property=\"og:image\" content=\"https:\/\/longchangchemical.com\/wp-content\/uploads\/2022\/09\/70321-86-7.jpg\" \/>\n\t<meta property=\"og:image:width\" content=\"600\" \/>\n\t<meta property=\"og:image:height\" content=\"600\" \/>\n\t<meta property=\"og:image:type\" content=\"image\/jpeg\" \/>\n<meta name=\"twitter:card\" content=\"summary_large_image\" \/>\n<script type=\"application\/ld+json\" class=\"yoast-schema-graph\">{\"@context\":\"https:\/\/schema.org\",\"@graph\":[{\"@type\":\"WebPage\",\"@id\":\"https:\/\/longchangchemical.com\/product\/lcsorb-uv-234-cas-70321-86-7\/\",\"url\":\"https:\/\/longchangchemical.com\/product\/lcsorb-uv-234-cas-70321-86-7\/\",\"name\":\"Uv absorber UV-234 manufacturer Cas 70321-86-7 supplier - Longchang Chemical\",\"isPartOf\":{\"@id\":\"https:\/\/longchangchemical.com\/#website\"},\"primaryImageOfPage\":{\"@id\":\"https:\/\/longchangchemical.com\/product\/lcsorb-uv-234-cas-70321-86-7\/#primaryimage\"},\"image\":{\"@id\":\"https:\/\/longchangchemical.com\/product\/lcsorb-uv-234-cas-70321-86-7\/#primaryimage\"},\"thumbnailUrl\":\"https:\/\/longchangchemical.com\/wp-content\/uploads\/2022\/09\/70321-86-7.jpg\",\"datePublished\":\"2022-09-09T11:44:40+00:00\",\"dateModified\":\"2026-01-09T09:33:40+00:00\",\"description\":\"UV-234 can replace Eversorb 76;Milestab 234;THASORB UV-234,used as ultraviolet absorber and is the key product of Longchang Chemical. We are the leading uv material manufacturer and supplier in China with the best quanlity and competitive price.\",\"breadcrumb\":{\"@id\":\"https:\/\/longchangchemical.com\/product\/lcsorb-uv-234-cas-70321-86-7\/#breadcrumb\"},\"inLanguage\":\"pt-BR\",\"potentialAction\":[{\"@type\":\"ReadAction\",\"target\":[\"https:\/\/longchangchemical.com\/product\/lcsorb-uv-234-cas-70321-86-7\/\"]}]},{\"@type\":\"ImageObject\",\"inLanguage\":\"pt-BR\",\"@id\":\"https:\/\/longchangchemical.com\/product\/lcsorb-uv-234-cas-70321-86-7\/#primaryimage\",\"url\":\"https:\/\/longchangchemical.com\/wp-content\/uploads\/2022\/09\/70321-86-7.jpg\",\"contentUrl\":\"https:\/\/longchangchemical.com\/wp-content\/uploads\/2022\/09\/70321-86-7.jpg\",\"width\":600,\"height\":600},{\"@type\":\"BreadcrumbList\",\"@id\":\"https:\/\/longchangchemical.com\/product\/lcsorb-uv-234-cas-70321-86-7\/#breadcrumb\",\"itemListElement\":[{\"@type\":\"ListItem\",\"position\":1,\"name\":\"Home\",\"item\":\"https:\/\/longchangchemical.com\/\"},{\"@type\":\"ListItem\",\"position\":2,\"name\":\"Products Longchang\",\"item\":\"https:\/\/longchangchemical.com\/product\/\"},{\"@type\":\"ListItem\",\"position\":3,\"name\":\"UV-234 \/ UV Absorber 234 CAS 70321-86-7\"}]},{\"@type\":\"WebSite\",\"@id\":\"https:\/\/longchangchemical.com\/#website\",\"url\":\"https:\/\/longchangchemical.com\/\",\"name\":\"Longchang Chemical\",\"description\":\"China chemical manufacturer \uff06 supplier\",\"publisher\":{\"@id\":\"https:\/\/longchangchemical.com\/#organization\"},\"potentialAction\":[{\"@type\":\"SearchAction\",\"target\":{\"@type\":\"EntryPoint\",\"urlTemplate\":\"https:\/\/longchangchemical.com\/?s={search_term_string}\"},\"query-input\":{\"@type\":\"PropertyValueSpecification\",\"valueRequired\":true,\"valueName\":\"search_term_string\"}}],\"inLanguage\":\"pt-BR\"},{\"@type\":\"Organization\",\"@id\":\"https:\/\/longchangchemical.com\/#organization\",\"name\":\"Longchang Chemical\",\"url\":\"https:\/\/longchangchemical.com\/\",\"logo\":{\"@type\":\"ImageObject\",\"inLanguage\":\"pt-BR\",\"@id\":\"https:\/\/longchangchemical.com\/#\/schema\/logo\/image\/\",\"url\":\"https:\/\/longchangchemical.com\/wp-content\/uploads\/2020\/08\/cropped-longchang-logo.png\",\"contentUrl\":\"https:\/\/longchangchemical.com\/wp-content\/uploads\/2020\/08\/cropped-longchang-logo.png\",\"width\":512,\"height\":512,\"caption\":\"Longchang Chemical\"},\"image\":{\"@id\":\"https:\/\/longchangchemical.com\/#\/schema\/logo\/image\/\"}}]}<\/script>\n<!-- \/ Yoast SEO plugin. -->","yoast_head_json":{"title":"Fabricante do absorvedor UV-234 Cas 70321-86-7 fornecedor - Longchang Chemical","description":"O UV-234 pode substituir o Eversorb 76; Milestab 234; THASORB UV-234, usado como absorvedor de ultravioleta e \u00e9 o principal produto da Longchang Chemical. Somos o principal fabricante e fornecedor de material UV na China, com a melhor qualidade e pre\u00e7o competitivo.","robots":{"index":"index","follow":"follow","max-snippet":"max-snippet:-1","max-image-preview":"max-image-preview:large","max-video-preview":"max-video-preview:-1"},"canonical":"https:\/\/longchangchemical.com\/pt\/product\/lcsorb-uv-234-cas-70321-86-7\/","og_locale":"pt_BR","og_type":"article","og_title":"Uv absorber UV-234 manufacturer Cas 70321-86-7 supplier - Longchang Chemical","og_description":"UV-234 can replace Eversorb 76;Milestab 234;THASORB UV-234,used as ultraviolet absorber and is the key product of Longchang Chemical. We are the leading uv material manufacturer and supplier in China with the best quanlity and competitive price.","og_url":"https:\/\/longchangchemical.com\/pt\/product\/lcsorb-uv-234-cas-70321-86-7\/","og_site_name":"Longchang Chemical","article_modified_time":"2026-01-09T09:33:40+00:00","og_image":[{"width":600,"height":600,"url":"https:\/\/longchangchemical.com\/wp-content\/uploads\/2022\/09\/70321-86-7.jpg","type":"image\/jpeg"}],"twitter_card":"summary_large_image","schema":{"@context":"https:\/\/schema.org","@graph":[{"@type":"WebPage","@id":"https:\/\/longchangchemical.com\/product\/lcsorb-uv-234-cas-70321-86-7\/","url":"https:\/\/longchangchemical.com\/product\/lcsorb-uv-234-cas-70321-86-7\/","name":"Fabricante do absorvedor UV-234 Cas 70321-86-7 fornecedor - Longchang Chemical","isPartOf":{"@id":"https:\/\/longchangchemical.com\/#website"},"primaryImageOfPage":{"@id":"https:\/\/longchangchemical.com\/product\/lcsorb-uv-234-cas-70321-86-7\/#primaryimage"},"image":{"@id":"https:\/\/longchangchemical.com\/product\/lcsorb-uv-234-cas-70321-86-7\/#primaryimage"},"thumbnailUrl":"https:\/\/longchangchemical.com\/wp-content\/uploads\/2022\/09\/70321-86-7.jpg","datePublished":"2022-09-09T11:44:40+00:00","dateModified":"2026-01-09T09:33:40+00:00","description":"O UV-234 pode substituir o Eversorb 76; Milestab 234; THASORB UV-234, usado como absorvedor de ultravioleta e \u00e9 o principal produto da Longchang Chemical. Somos o principal fabricante e fornecedor de material UV na China, com a melhor qualidade e pre\u00e7o competitivo.","breadcrumb":{"@id":"https:\/\/longchangchemical.com\/product\/lcsorb-uv-234-cas-70321-86-7\/#breadcrumb"},"inLanguage":"pt-BR","potentialAction":[{"@type":"ReadAction","target":["https:\/\/longchangchemical.com\/product\/lcsorb-uv-234-cas-70321-86-7\/"]}]},{"@type":"ImageObject","inLanguage":"pt-BR","@id":"https:\/\/longchangchemical.com\/product\/lcsorb-uv-234-cas-70321-86-7\/#primaryimage","url":"https:\/\/longchangchemical.com\/wp-content\/uploads\/2022\/09\/70321-86-7.jpg","contentUrl":"https:\/\/longchangchemical.com\/wp-content\/uploads\/2022\/09\/70321-86-7.jpg","width":600,"height":600},{"@type":"BreadcrumbList","@id":"https:\/\/longchangchemical.com\/product\/lcsorb-uv-234-cas-70321-86-7\/#breadcrumb","itemListElement":[{"@type":"ListItem","position":1,"name":"Home","item":"https:\/\/longchangchemical.com\/"},{"@type":"ListItem","position":2,"name":"Products Longchang","item":"https:\/\/longchangchemical.com\/product\/"},{"@type":"ListItem","position":3,"name":"UV-234 \/ UV Absorber 234 CAS 70321-86-7"}]},{"@type":"WebSite","@id":"https:\/\/longchangchemical.com\/#website","url":"https:\/\/longchangchemical.com\/","name":"Qu\u00edmica Longchang","description":"Fabricante de produtos qu\u00edmicos na China \uff06 fornecedor","publisher":{"@id":"https:\/\/longchangchemical.com\/#organization"},"potentialAction":[{"@type":"SearchAction","target":{"@type":"EntryPoint","urlTemplate":"https:\/\/longchangchemical.com\/?s={search_term_string}"},"query-input":{"@type":"PropertyValueSpecification","valueRequired":true,"valueName":"search_term_string"}}],"inLanguage":"pt-BR"},{"@type":"Organization","@id":"https:\/\/longchangchemical.com\/#organization","name":"Qu\u00edmica Longchang","url":"https:\/\/longchangchemical.com\/","logo":{"@type":"ImageObject","inLanguage":"pt-BR","@id":"https:\/\/longchangchemical.com\/#\/schema\/logo\/image\/","url":"https:\/\/longchangchemical.com\/wp-content\/uploads\/2020\/08\/cropped-longchang-logo.png","contentUrl":"https:\/\/longchangchemical.com\/wp-content\/uploads\/2020\/08\/cropped-longchang-logo.png","width":512,"height":512,"caption":"Longchang Chemical"},"image":{"@id":"https:\/\/longchangchemical.com\/#\/schema\/logo\/image\/"}}]}},"_links":{"self":[{"href":"https:\/\/longchangchemical.com\/pt\/wp-json\/wp\/v2\/product\/5534","targetHints":{"allow":["GET"]}}],"collection":[{"href":"https:\/\/longchangchemical.com\/pt\/wp-json\/wp\/v2\/product"}],"about":[{"href":"https:\/\/longchangchemical.com\/pt\/wp-json\/wp\/v2\/types\/product"}],"replies":[{"embeddable":true,"href":"https:\/\/longchangchemical.com\/pt\/wp-json\/wp\/v2\/comments?post=5534"}],"wp:featuredmedia":[{"embeddable":true,"href":"https:\/\/longchangchemical.com\/pt\/wp-json\/wp\/v2\/media\/7963"}],"wp:attachment":[{"href":"https:\/\/longchangchemical.com\/pt\/wp-json\/wp\/v2\/media?parent=5534"}],"wp:term":[{"taxonomy":"product_brand","embeddable":true,"href":"https:\/\/longchangchemical.com\/pt\/wp-json\/wp\/v2\/product_brand?post=5534"},{"taxonomy":"product_cat","embeddable":true,"href":"https:\/\/longchangchemical.com\/pt\/wp-json\/wp\/v2\/product_cat?post=5534"},{"taxonomy":"product_tag","embeddable":true,"href":"https:\/\/longchangchemical.com\/pt\/wp-json\/wp\/v2\/product_tag?post=5534"}],"curies":[{"name":"wp","href":"https:\/\/api.w.org\/{rel}","templated":true}]}}