{"id":5425,"date":"2022-07-29T13:40:54","date_gmt":"2022-07-29T13:40:54","guid":{"rendered":"https:\/\/longchangchemical.com\/?post_type=product&#038;p=5425"},"modified":"2025-12-22T06:57:49","modified_gmt":"2025-12-22T06:57:49","slug":"44-dimethyl-3-pentanone-cas-66346-01-8","status":"publish","type":"product","link":"https:\/\/longchangchemical.com\/pt\/product\/44-dimethyl-3-pentanone-cas-66346-01-8\/","title":{"rendered":"4,4-dimetil-3-pentanona CAS 66346-01-8"},"content":{"rendered":"<h1><strong>4,4-dimetil-3-pentanona CAS 66346-01-8<\/strong><\/h1>\n<p>&nbsp;<\/p>\n<table class=\"table-1\">\n<tbody>\n<tr>\n<td width=\"281\"><strong><b>Item<\/b><\/strong><\/td>\n<td width=\"353\"><strong><b>Especifica\u00e7\u00e3o<\/b><\/strong><\/td>\n<\/tr>\n<tr>\n<td width=\"281\">Apar\u00eancia<\/td>\n<td width=\"353\">L\u00edquido incolor ou amarelado<\/td>\n<\/tr>\n<tr>\n<td width=\"281\">Ensaio (%)<\/td>\n<td width=\"353\">98,5%min<\/td>\n<\/tr>\n<\/tbody>\n<\/table>\n<p>&nbsp;<\/p>\n<p><strong>4,4-dimetil-3-pentanona Uso<\/strong><br \/>\nEsse produto \u00e9 o intermedi\u00e1rio de pesticidas como o pentazolidol e o enodazol.<\/p>\n<p>&nbsp;<\/p>\n<p><strong>Embalagem e remessa de 4,4-dimetil-3-pentanona<\/strong><br \/>\nEmbalagem: tambor de 200 kg ou personalizada.<\/p>\n<p>&nbsp;<\/p>\n<p><strong>Armazenamento de 4,4-dimetil-3-pentanona<\/strong><br \/>\nArmazenado em local fresco e seco, mantenha o lacre limpo.<\/p>\n<p>&nbsp;<\/p>\n<h2><strong><b>Entre em contato conosco agora!<\/b><\/strong><\/h2>\n<h4><strong><b>Se precisar de COA, MSDS ou TDS, preencha suas informa\u00e7\u00f5es de contato no formul\u00e1rio abaixo. Normalmente, entraremos em contato em 24 horas. Voc\u00ea tamb\u00e9m pode me enviar um e-mail <span style=\"color: #0000ff;\"><a style=\"color: #0000ff;\" href=\"mailto:info@longchangchemical.com\">info@longchangchemical.com<\/a><\/span> durante o hor\u00e1rio comercial (das 8h30 \u00e0s 18h UTC+8 de segunda a s\u00e1bado) ou use o bate-papo ao vivo do site para obter uma resposta imediata.<\/b><\/strong><\/h4>","protected":false},"excerpt":{"rendered":"<p>Nome do produto: 1-(4-Clorofenil)-4,4-dimetil-3-pentanona<\/p>\n<p>N\u00daMERO DO CAS: 66346-01-8<\/p>\n<p>F\u00f3rmula molecular: C13H17ClO<\/p>\n<p>Peso molecular: 224,73<\/p>\n<p>Apar\u00eancia: L\u00edquido incolor ou amarelado<\/p>\n<p>Ensaio: 98,5%min<\/p>\n<p>Capacidade: 6000mt\/ano<\/p>","protected":false},"featured_media":0,"comment_status":"open","ping_status":"closed","template":"","meta":[],"product_brand":[],"product_cat":[69],"product_tag":[],"class_list":{"0":"post-5425","1":"product","2":"type-product","3":"status-publish","5":"product_cat-catalysts-chemical-auxiliary-agents","7":"first","8":"instock","9":"shipping-taxable","10":"product-type-simple"},"yoast_head":"<!-- This site is optimized with the Yoast SEO plugin v25.3.1 - https:\/\/yoast.com\/wordpress\/plugins\/seo\/ -->\n<title>China 4,4-dimethyl-3-pentanone Manufacturer \uff06 CAS 66346-01-8 Supplier - Longchang chemical Co., Ltd.<\/title>\n<meta name=\"description\" content=\"4,4-dimethyl-3-pentanone; 1-(4-Chlorophenyl)-4,4-dimethyl-3-pentanone.\" \/>\n<meta name=\"robots\" content=\"index, follow, max-snippet:-1, max-image-preview:large, max-video-preview:-1\" \/>\n<link rel=\"canonical\" href=\"https:\/\/longchangchemical.com\/pt\/product\/44-dimethyl-3-pentanone-cas-66346-01-8\/\" \/>\n<meta property=\"og:locale\" content=\"pt_BR\" \/>\n<meta property=\"og:type\" content=\"article\" \/>\n<meta property=\"og:title\" content=\"China 4,4-dimethyl-3-pentanone Manufacturer \uff06 CAS 66346-01-8 Supplier - Longchang chemical Co., Ltd.\" \/>\n<meta property=\"og:description\" content=\"4,4-dimethyl-3-pentanone; 1-(4-Chlorophenyl)-4,4-dimethyl-3-pentanone.\" \/>\n<meta property=\"og:url\" content=\"https:\/\/longchangchemical.com\/pt\/product\/44-dimethyl-3-pentanone-cas-66346-01-8\/\" \/>\n<meta property=\"og:site_name\" content=\"Longchang Chemical\" \/>\n<meta property=\"article:modified_time\" content=\"2025-12-22T06:57:49+00:00\" \/>\n<meta property=\"og:image\" content=\"https:\/\/longchangchemical.com\/wp-content\/uploads\/2024\/02\/logo-jpeg.jpg\" \/>\n\t<meta property=\"og:image:width\" content=\"1000\" \/>\n\t<meta property=\"og:image:height\" content=\"1000\" \/>\n\t<meta property=\"og:image:type\" content=\"image\/jpeg\" \/>\n<meta name=\"twitter:card\" content=\"summary_large_image\" \/>\n<script type=\"application\/ld+json\" class=\"yoast-schema-graph\">{\"@context\":\"https:\/\/schema.org\",\"@graph\":[{\"@type\":\"WebPage\",\"@id\":\"https:\/\/longchangchemical.com\/product\/44-dimethyl-3-pentanone-cas-66346-01-8\/\",\"url\":\"https:\/\/longchangchemical.com\/product\/44-dimethyl-3-pentanone-cas-66346-01-8\/\",\"name\":\"China 4,4-dimethyl-3-pentanone Manufacturer \uff06 CAS 66346-01-8 Supplier - Longchang chemical Co., Ltd.\",\"isPartOf\":{\"@id\":\"https:\/\/longchangchemical.com\/#website\"},\"datePublished\":\"2022-07-29T13:40:54+00:00\",\"dateModified\":\"2025-12-22T06:57:49+00:00\",\"description\":\"4,4-dimethyl-3-pentanone; 1-(4-Chlorophenyl)-4,4-dimethyl-3-pentanone.\",\"breadcrumb\":{\"@id\":\"https:\/\/longchangchemical.com\/product\/44-dimethyl-3-pentanone-cas-66346-01-8\/#breadcrumb\"},\"inLanguage\":\"pt-BR\",\"potentialAction\":[{\"@type\":\"ReadAction\",\"target\":[\"https:\/\/longchangchemical.com\/product\/44-dimethyl-3-pentanone-cas-66346-01-8\/\"]}]},{\"@type\":\"BreadcrumbList\",\"@id\":\"https:\/\/longchangchemical.com\/product\/44-dimethyl-3-pentanone-cas-66346-01-8\/#breadcrumb\",\"itemListElement\":[{\"@type\":\"ListItem\",\"position\":1,\"name\":\"Home\",\"item\":\"https:\/\/longchangchemical.com\/\"},{\"@type\":\"ListItem\",\"position\":2,\"name\":\"Products Longchang\",\"item\":\"https:\/\/longchangchemical.com\/product\/\"},{\"@type\":\"ListItem\",\"position\":3,\"name\":\"4,4-dimethyl-3-pentanone CAS 66346-01-8\"}]},{\"@type\":\"WebSite\",\"@id\":\"https:\/\/longchangchemical.com\/#website\",\"url\":\"https:\/\/longchangchemical.com\/\",\"name\":\"Longchang Chemical\",\"description\":\"China chemical manufacturer \uff06 supplier\",\"publisher\":{\"@id\":\"https:\/\/longchangchemical.com\/#organization\"},\"potentialAction\":[{\"@type\":\"SearchAction\",\"target\":{\"@type\":\"EntryPoint\",\"urlTemplate\":\"https:\/\/longchangchemical.com\/?s={search_term_string}\"},\"query-input\":{\"@type\":\"PropertyValueSpecification\",\"valueRequired\":true,\"valueName\":\"search_term_string\"}}],\"inLanguage\":\"pt-BR\"},{\"@type\":\"Organization\",\"@id\":\"https:\/\/longchangchemical.com\/#organization\",\"name\":\"Longchang Chemical\",\"url\":\"https:\/\/longchangchemical.com\/\",\"logo\":{\"@type\":\"ImageObject\",\"inLanguage\":\"pt-BR\",\"@id\":\"https:\/\/longchangchemical.com\/#\/schema\/logo\/image\/\",\"url\":\"https:\/\/longchangchemical.com\/wp-content\/uploads\/2020\/08\/cropped-longchang-logo.png\",\"contentUrl\":\"https:\/\/longchangchemical.com\/wp-content\/uploads\/2020\/08\/cropped-longchang-logo.png\",\"width\":512,\"height\":512,\"caption\":\"Longchang Chemical\"},\"image\":{\"@id\":\"https:\/\/longchangchemical.com\/#\/schema\/logo\/image\/\"}}]}<\/script>\n<!-- \/ Yoast SEO plugin. -->","yoast_head_json":{"title":"Fabricante de 4,4-dimetil-3-pentanona na China \uff06 CAS 66346-01-8 Fornecedor - Longchang chemical Co., Ltd.","description":"4,4-dimetil-3-pentanona; 1-(4-clorofenil)-4,4-dimetil-3-pentanona.","robots":{"index":"index","follow":"follow","max-snippet":"max-snippet:-1","max-image-preview":"max-image-preview:large","max-video-preview":"max-video-preview:-1"},"canonical":"https:\/\/longchangchemical.com\/pt\/product\/44-dimethyl-3-pentanone-cas-66346-01-8\/","og_locale":"pt_BR","og_type":"article","og_title":"China 4,4-dimethyl-3-pentanone Manufacturer \uff06 CAS 66346-01-8 Supplier - Longchang chemical Co., Ltd.","og_description":"4,4-dimethyl-3-pentanone; 1-(4-Chlorophenyl)-4,4-dimethyl-3-pentanone.","og_url":"https:\/\/longchangchemical.com\/pt\/product\/44-dimethyl-3-pentanone-cas-66346-01-8\/","og_site_name":"Longchang Chemical","article_modified_time":"2025-12-22T06:57:49+00:00","og_image":[{"width":1000,"height":1000,"url":"https:\/\/longchangchemical.com\/wp-content\/uploads\/2024\/02\/logo-jpeg.jpg","type":"image\/jpeg"}],"twitter_card":"summary_large_image","schema":{"@context":"https:\/\/schema.org","@graph":[{"@type":"WebPage","@id":"https:\/\/longchangchemical.com\/product\/44-dimethyl-3-pentanone-cas-66346-01-8\/","url":"https:\/\/longchangchemical.com\/product\/44-dimethyl-3-pentanone-cas-66346-01-8\/","name":"Fabricante de 4,4-dimetil-3-pentanona na China \uff06 CAS 66346-01-8 Fornecedor - Longchang chemical Co., Ltd.","isPartOf":{"@id":"https:\/\/longchangchemical.com\/#website"},"datePublished":"2022-07-29T13:40:54+00:00","dateModified":"2025-12-22T06:57:49+00:00","description":"4,4-dimetil-3-pentanona; 1-(4-clorofenil)-4,4-dimetil-3-pentanona.","breadcrumb":{"@id":"https:\/\/longchangchemical.com\/product\/44-dimethyl-3-pentanone-cas-66346-01-8\/#breadcrumb"},"inLanguage":"pt-BR","potentialAction":[{"@type":"ReadAction","target":["https:\/\/longchangchemical.com\/product\/44-dimethyl-3-pentanone-cas-66346-01-8\/"]}]},{"@type":"BreadcrumbList","@id":"https:\/\/longchangchemical.com\/product\/44-dimethyl-3-pentanone-cas-66346-01-8\/#breadcrumb","itemListElement":[{"@type":"ListItem","position":1,"name":"Home","item":"https:\/\/longchangchemical.com\/"},{"@type":"ListItem","position":2,"name":"Products Longchang","item":"https:\/\/longchangchemical.com\/product\/"},{"@type":"ListItem","position":3,"name":"4,4-dimethyl-3-pentanone CAS 66346-01-8"}]},{"@type":"WebSite","@id":"https:\/\/longchangchemical.com\/#website","url":"https:\/\/longchangchemical.com\/","name":"Qu\u00edmica Longchang","description":"Fabricante de produtos qu\u00edmicos na China \uff06 fornecedor","publisher":{"@id":"https:\/\/longchangchemical.com\/#organization"},"potentialAction":[{"@type":"SearchAction","target":{"@type":"EntryPoint","urlTemplate":"https:\/\/longchangchemical.com\/?s={search_term_string}"},"query-input":{"@type":"PropertyValueSpecification","valueRequired":true,"valueName":"search_term_string"}}],"inLanguage":"pt-BR"},{"@type":"Organization","@id":"https:\/\/longchangchemical.com\/#organization","name":"Qu\u00edmica Longchang","url":"https:\/\/longchangchemical.com\/","logo":{"@type":"ImageObject","inLanguage":"pt-BR","@id":"https:\/\/longchangchemical.com\/#\/schema\/logo\/image\/","url":"https:\/\/longchangchemical.com\/wp-content\/uploads\/2020\/08\/cropped-longchang-logo.png","contentUrl":"https:\/\/longchangchemical.com\/wp-content\/uploads\/2020\/08\/cropped-longchang-logo.png","width":512,"height":512,"caption":"Longchang Chemical"},"image":{"@id":"https:\/\/longchangchemical.com\/#\/schema\/logo\/image\/"}}]}},"_links":{"self":[{"href":"https:\/\/longchangchemical.com\/pt\/wp-json\/wp\/v2\/product\/5425","targetHints":{"allow":["GET"]}}],"collection":[{"href":"https:\/\/longchangchemical.com\/pt\/wp-json\/wp\/v2\/product"}],"about":[{"href":"https:\/\/longchangchemical.com\/pt\/wp-json\/wp\/v2\/types\/product"}],"replies":[{"embeddable":true,"href":"https:\/\/longchangchemical.com\/pt\/wp-json\/wp\/v2\/comments?post=5425"}],"wp:attachment":[{"href":"https:\/\/longchangchemical.com\/pt\/wp-json\/wp\/v2\/media?parent=5425"}],"wp:term":[{"taxonomy":"product_brand","embeddable":true,"href":"https:\/\/longchangchemical.com\/pt\/wp-json\/wp\/v2\/product_brand?post=5425"},{"taxonomy":"product_cat","embeddable":true,"href":"https:\/\/longchangchemical.com\/pt\/wp-json\/wp\/v2\/product_cat?post=5425"},{"taxonomy":"product_tag","embeddable":true,"href":"https:\/\/longchangchemical.com\/pt\/wp-json\/wp\/v2\/product_tag?post=5425"}],"curies":[{"name":"wp","href":"https:\/\/api.w.org\/{rel}","templated":true}]}}