{"id":5378,"date":"2022-07-14T13:17:02","date_gmt":"2022-07-14T13:17:02","guid":{"rendered":"https:\/\/longchangchemical.com\/?post_type=product&#038;p=5378"},"modified":"2025-12-22T07:01:37","modified_gmt":"2025-12-22T07:01:37","slug":"lcnacure-pca-zn-cas-15454-75-8","status":"publish","type":"product","link":"https:\/\/longchangchemical.com\/pt\/product\/lcnacure-pca-zn-cas-15454-75-8\/","title":{"rendered":"lcnacure\u00ae PCA-ZN CAS 15454-75-8"},"content":{"rendered":"<h1><strong>lcnacure\u00ae PCA-ZN CAS 15454-75-8<\/strong><\/h1>\n<p>&nbsp;<\/p>\n<p>O PCA-ZN \u00e9 um novo ingrediente em lo\u00e7\u00e3o fisioter\u00e1pica e condicionador para pele oleosa no mercado. Ele pode proporcionar \u00e0 pele e ao cabelo uma sensa\u00e7\u00e3o suave e refrescante. Tamb\u00e9m tem fun\u00e7\u00e3o antirrugas, pois pode inibir a produ\u00e7\u00e3o de col\u00e1geno hidrolase.<\/p>\n<p>O PCA-ZN pode melhorar o excesso de secre\u00e7\u00e3o seb\u00e1cea, regular a secre\u00e7\u00e3o seb\u00e1cea, evitar o bloqueio dos poros, manter o equil\u00edbrio entre \u00f3leo e \u00e1gua, n\u00e3o irritar levemente a pele e n\u00e3o ter efeitos colaterais.<\/p>\n<p><strong><b>Propriedades:<\/b><\/strong><\/p>\n<table>\n<tbody>\n<tr>\n<td width=\"400\">Apar\u00eancia<\/td>\n<td width=\"422\">P\u00f3 cristalino branco a cinza<\/td>\n<\/tr>\n<tr>\n<td width=\"400\">Valor de PH da solu\u00e7\u00e3o aquosa de 10%<\/td>\n<td width=\"422\">5.0-6.0<\/td>\n<\/tr>\n<tr>\n<td width=\"400\">Teor de zinco<\/td>\n<td width=\"422\">17.4\ufe6a-19.2\ufe6a<\/td>\n<\/tr>\n<tr>\n<td width=\"400\">Perda na secagem<\/td>\n<td width=\"422\">&lt;1,0%<\/td>\n<\/tr>\n<tr>\n<td width=\"400\">Conte\u00fado principal<\/td>\n<td width=\"422\">\u226420ppm<\/td>\n<\/tr>\n<tr>\n<td width=\"400\">Teor de ars\u00eanico<\/td>\n<td width=\"422\">\u22642ppm<\/td>\n<\/tr>\n<tr>\n<td width=\"400\">Ponto de fulgor<\/td>\n<td width=\"422\">227.8\u00b0C<\/td>\n<\/tr>\n<tr>\n<td width=\"400\">Densidade<\/td>\n<td width=\"422\">1,38g\/cm3<\/td>\n<\/tr>\n<\/tbody>\n<\/table>\n<p><strong><b>Uso<\/b><\/strong><strong><b>:<\/b><\/strong><\/p>\n<p>O PCA-ZN pode melhorar o excesso de secre\u00e7\u00e3o seb\u00e1cea, regular a secre\u00e7\u00e3o seb\u00e1cea, evitar o bloqueio dos poros, manter o equil\u00edbrio entre \u00f3leo e \u00e1gua, n\u00e3o irritar levemente a pele e n\u00e3o ter efeitos colaterais.<\/p>\n<p>Cosm\u00e9ticos usados principalmente para pele oleosa e com tend\u00eancia a acne, condicionamento da pele e anticaspa, cremes para acne, maquiagem, xampus, sabonetes l\u00edquidos para o corpo, protetores solares, produtos de reparo, etc.<\/p>\n<p><strong><b>Pacote<\/b><\/strong><strong><b>:<\/b><\/strong><\/p>\n<p>Bolsa\/Tambor<\/p>\n<p><strong><b>Armazenamento:<\/b><\/strong><\/p>\n<p>Mantido em um dep\u00f3sito seco e limpo, com boa ventila\u00e7\u00e3o.<\/p>\n<p>Evite a exposi\u00e7\u00e3o \u00e0 luz e ao aquecimento.<\/p>\n<p>Proteger o produto contra vazamentos, chuva e insola\u00e7\u00e3o durante o transporte.<\/p>\n<p>&nbsp;<\/p>\n<h2><strong><b>Entre em contato conosco agora!<\/b><\/strong><\/h2>\n<h4><strong><b>Se precisar de COA, MSDS ou TDS, preencha suas informa\u00e7\u00f5es de contato no formul\u00e1rio abaixo. Normalmente, entraremos em contato em at\u00e9 24 horas.<\/b><\/strong> Voc\u00ea tamb\u00e9m pode me enviar um e-mail <a href=\"mailto:info@longchangchemical.com\"><span style=\"color: #0000ff;\">info@longchangchemical.com<\/span><\/a> durante o hor\u00e1rio comercial (das 8h30 \u00e0s 18h UTC+8 de segunda a s\u00e1bado) ou use o bate-papo ao vivo do site para obter uma resposta imediata.<\/h4>","protected":false},"excerpt":{"rendered":"<p><strong><b>Sin\u00f4nimo:<\/b><\/strong>PCA de zinco; bis(5-oxo-L-prolinato-N1,O2)zinco; sal de zinco do \u00e1cido piroglut\u00e2mico; pidolato de zinco; piroglutamato de zinco; 5-oxoprolina; 5-oxopirrolidina-2-carboxilato de zinco<\/p>\n<p><strong><b>N\u00famero CAS<\/b><\/strong>: 15454-75-8<\/p>\n<p><strong><b>F\u00f3rmula molecular<\/b><\/strong>: C10H12N2O6Zn<\/p>\n<p><strong><b>Estrutura molecular:<\/b><\/strong><\/p>\n<p><img decoding=\"async\" class=\"alignnone size-full wp-image-4826\" src=\"https:\/\/longchangchemical.com\/wp-content\/uploads\/2022\/07\/15454-75-8.gif\" alt=\"\" width=\"188\" height=\"93\" \/><\/p>\n<p>&nbsp;<\/p>","protected":false},"featured_media":5379,"comment_status":"open","ping_status":"closed","template":"","meta":[],"product_brand":[],"product_cat":[103],"product_tag":[],"class_list":{"0":"post-5378","1":"product","2":"type-product","3":"status-publish","4":"has-post-thumbnail","6":"product_cat-cosmetic-additives","8":"first","9":"instock","10":"shipping-taxable","11":"product-type-simple"},"yoast_head":"<!-- This site is optimized with the Yoast SEO plugin v25.3.1 - https:\/\/yoast.com\/wordpress\/plugins\/seo\/ -->\n<title>Bis(5-oxo-L-prolinato-N1,O2)zinc ( PCA-ZN \/ Zinc PCA ) manufacturer Cas 15454-75-8 supplier - Longchang Chemical<\/title>\n<meta name=\"description\" content=\"lcnacure PCA-ZN,synonym name :Zinc PCA;bis(5-oxo-L-prolinato-N1,O2)zinc;Pyroglutamic acid zinc salt;Zinc pidolate;Zinc pyroglutamate;5-oxoproline;Zinc 5-oxopyrrolidine-2-carboxylate.Mainly used cosmetics for oily skin and acne-prone skin, skin conditioning and anti-dandruff, acne creams, make-up, shampoos, body washes, sunscreens, repair products, etc.\" \/>\n<meta name=\"robots\" content=\"index, follow, max-snippet:-1, max-image-preview:large, max-video-preview:-1\" \/>\n<link rel=\"canonical\" href=\"https:\/\/longchangchemical.com\/pt\/product\/lcnacure-pca-zn-cas-15454-75-8\/\" \/>\n<meta property=\"og:locale\" content=\"pt_BR\" \/>\n<meta property=\"og:type\" content=\"article\" \/>\n<meta property=\"og:title\" content=\"Bis(5-oxo-L-prolinato-N1,O2)zinc ( PCA-ZN \/ Zinc PCA ) manufacturer Cas 15454-75-8 supplier - Longchang Chemical\" \/>\n<meta property=\"og:description\" content=\"lcnacure PCA-ZN,synonym name :Zinc PCA;bis(5-oxo-L-prolinato-N1,O2)zinc;Pyroglutamic acid zinc salt;Zinc pidolate;Zinc pyroglutamate;5-oxoproline;Zinc 5-oxopyrrolidine-2-carboxylate.Mainly used cosmetics for oily skin and acne-prone skin, skin conditioning and anti-dandruff, acne creams, make-up, shampoos, body washes, sunscreens, repair products, etc.\" \/>\n<meta property=\"og:url\" content=\"https:\/\/longchangchemical.com\/pt\/product\/lcnacure-pca-zn-cas-15454-75-8\/\" \/>\n<meta property=\"og:site_name\" content=\"Longchang Chemical\" \/>\n<meta property=\"article:modified_time\" content=\"2025-12-22T07:01:37+00:00\" \/>\n<meta property=\"og:image\" content=\"https:\/\/longchangchemical.com\/wp-content\/uploads\/2022\/07\/Zinc-PCA.jpg\" \/>\n\t<meta property=\"og:image:width\" content=\"800\" \/>\n\t<meta property=\"og:image:height\" content=\"800\" \/>\n\t<meta property=\"og:image:type\" content=\"image\/jpeg\" \/>\n<meta name=\"twitter:card\" content=\"summary_large_image\" \/>\n<script type=\"application\/ld+json\" class=\"yoast-schema-graph\">{\"@context\":\"https:\/\/schema.org\",\"@graph\":[{\"@type\":\"WebPage\",\"@id\":\"https:\/\/longchangchemical.com\/product\/lcnacure-pca-zn-cas-15454-75-8\/\",\"url\":\"https:\/\/longchangchemical.com\/product\/lcnacure-pca-zn-cas-15454-75-8\/\",\"name\":\"Bis(5-oxo-L-prolinato-N1,O2)zinc ( PCA-ZN \/ Zinc PCA ) manufacturer Cas 15454-75-8 supplier - Longchang Chemical\",\"isPartOf\":{\"@id\":\"https:\/\/longchangchemical.com\/#website\"},\"primaryImageOfPage\":{\"@id\":\"https:\/\/longchangchemical.com\/product\/lcnacure-pca-zn-cas-15454-75-8\/#primaryimage\"},\"image\":{\"@id\":\"https:\/\/longchangchemical.com\/product\/lcnacure-pca-zn-cas-15454-75-8\/#primaryimage\"},\"thumbnailUrl\":\"https:\/\/longchangchemical.com\/wp-content\/uploads\/2022\/07\/Zinc-PCA.jpg\",\"datePublished\":\"2022-07-14T13:17:02+00:00\",\"dateModified\":\"2025-12-22T07:01:37+00:00\",\"description\":\"lcnacure PCA-ZN,synonym name :Zinc PCA;bis(5-oxo-L-prolinato-N1,O2)zinc;Pyroglutamic acid zinc salt;Zinc pidolate;Zinc pyroglutamate;5-oxoproline;Zinc 5-oxopyrrolidine-2-carboxylate.Mainly used cosmetics for oily skin and acne-prone skin, skin conditioning and anti-dandruff, acne creams, make-up, shampoos, body washes, sunscreens, repair products, etc.\",\"breadcrumb\":{\"@id\":\"https:\/\/longchangchemical.com\/product\/lcnacure-pca-zn-cas-15454-75-8\/#breadcrumb\"},\"inLanguage\":\"pt-BR\",\"potentialAction\":[{\"@type\":\"ReadAction\",\"target\":[\"https:\/\/longchangchemical.com\/product\/lcnacure-pca-zn-cas-15454-75-8\/\"]}]},{\"@type\":\"ImageObject\",\"inLanguage\":\"pt-BR\",\"@id\":\"https:\/\/longchangchemical.com\/product\/lcnacure-pca-zn-cas-15454-75-8\/#primaryimage\",\"url\":\"https:\/\/longchangchemical.com\/wp-content\/uploads\/2022\/07\/Zinc-PCA.jpg\",\"contentUrl\":\"https:\/\/longchangchemical.com\/wp-content\/uploads\/2022\/07\/Zinc-PCA.jpg\",\"width\":800,\"height\":800,\"caption\":\"Zinc-PCA\"},{\"@type\":\"BreadcrumbList\",\"@id\":\"https:\/\/longchangchemical.com\/product\/lcnacure-pca-zn-cas-15454-75-8\/#breadcrumb\",\"itemListElement\":[{\"@type\":\"ListItem\",\"position\":1,\"name\":\"Home\",\"item\":\"https:\/\/longchangchemical.com\/\"},{\"@type\":\"ListItem\",\"position\":2,\"name\":\"Products Longchang\",\"item\":\"https:\/\/longchangchemical.com\/product\/\"},{\"@type\":\"ListItem\",\"position\":3,\"name\":\"lcnacure\u00ae PCA-ZN CAS 15454-75-8\"}]},{\"@type\":\"WebSite\",\"@id\":\"https:\/\/longchangchemical.com\/#website\",\"url\":\"https:\/\/longchangchemical.com\/\",\"name\":\"Longchang Chemical\",\"description\":\"China chemical manufacturer \uff06 supplier\",\"publisher\":{\"@id\":\"https:\/\/longchangchemical.com\/#organization\"},\"potentialAction\":[{\"@type\":\"SearchAction\",\"target\":{\"@type\":\"EntryPoint\",\"urlTemplate\":\"https:\/\/longchangchemical.com\/?s={search_term_string}\"},\"query-input\":{\"@type\":\"PropertyValueSpecification\",\"valueRequired\":true,\"valueName\":\"search_term_string\"}}],\"inLanguage\":\"pt-BR\"},{\"@type\":\"Organization\",\"@id\":\"https:\/\/longchangchemical.com\/#organization\",\"name\":\"Longchang Chemical\",\"url\":\"https:\/\/longchangchemical.com\/\",\"logo\":{\"@type\":\"ImageObject\",\"inLanguage\":\"pt-BR\",\"@id\":\"https:\/\/longchangchemical.com\/#\/schema\/logo\/image\/\",\"url\":\"https:\/\/longchangchemical.com\/wp-content\/uploads\/2020\/08\/cropped-longchang-logo.png\",\"contentUrl\":\"https:\/\/longchangchemical.com\/wp-content\/uploads\/2020\/08\/cropped-longchang-logo.png\",\"width\":512,\"height\":512,\"caption\":\"Longchang Chemical\"},\"image\":{\"@id\":\"https:\/\/longchangchemical.com\/#\/schema\/logo\/image\/\"}}]}<\/script>\n<!-- \/ Yoast SEO plugin. -->","yoast_head_json":{"title":"Fornecedor de Bis(5-oxo-L-prolinato-N1,O2)zinco (PCA-ZN \/ Zinco PCA) Cas 15454-75-8 - Longchang Chemical","description":"lcnacure PCA-ZN, nome sin\u00f4nimo: Zinco PCA; bis(5-oxo-L-prolinato-N1,O2)zinco; sal de zinco do \u00e1cido piroglut\u00e2mico; pidolato de zinco; piroglutamato de zinco; 5-oxoprolina; 5-oxopirrolidina-2-carboxilato de zinco.","robots":{"index":"index","follow":"follow","max-snippet":"max-snippet:-1","max-image-preview":"max-image-preview:large","max-video-preview":"max-video-preview:-1"},"canonical":"https:\/\/longchangchemical.com\/pt\/product\/lcnacure-pca-zn-cas-15454-75-8\/","og_locale":"pt_BR","og_type":"article","og_title":"Bis(5-oxo-L-prolinato-N1,O2)zinc ( PCA-ZN \/ Zinc PCA ) manufacturer Cas 15454-75-8 supplier - Longchang Chemical","og_description":"lcnacure PCA-ZN,synonym name :Zinc PCA;bis(5-oxo-L-prolinato-N1,O2)zinc;Pyroglutamic acid zinc salt;Zinc pidolate;Zinc pyroglutamate;5-oxoproline;Zinc 5-oxopyrrolidine-2-carboxylate.Mainly used cosmetics for oily skin and acne-prone skin, skin conditioning and anti-dandruff, acne creams, make-up, shampoos, body washes, sunscreens, repair products, etc.","og_url":"https:\/\/longchangchemical.com\/pt\/product\/lcnacure-pca-zn-cas-15454-75-8\/","og_site_name":"Longchang Chemical","article_modified_time":"2025-12-22T07:01:37+00:00","og_image":[{"width":800,"height":800,"url":"https:\/\/longchangchemical.com\/wp-content\/uploads\/2022\/07\/Zinc-PCA.jpg","type":"image\/jpeg"}],"twitter_card":"summary_large_image","schema":{"@context":"https:\/\/schema.org","@graph":[{"@type":"WebPage","@id":"https:\/\/longchangchemical.com\/product\/lcnacure-pca-zn-cas-15454-75-8\/","url":"https:\/\/longchangchemical.com\/product\/lcnacure-pca-zn-cas-15454-75-8\/","name":"Fornecedor de Bis(5-oxo-L-prolinato-N1,O2)zinco (PCA-ZN \/ Zinco PCA) Cas 15454-75-8 - Longchang Chemical","isPartOf":{"@id":"https:\/\/longchangchemical.com\/#website"},"primaryImageOfPage":{"@id":"https:\/\/longchangchemical.com\/product\/lcnacure-pca-zn-cas-15454-75-8\/#primaryimage"},"image":{"@id":"https:\/\/longchangchemical.com\/product\/lcnacure-pca-zn-cas-15454-75-8\/#primaryimage"},"thumbnailUrl":"https:\/\/longchangchemical.com\/wp-content\/uploads\/2022\/07\/Zinc-PCA.jpg","datePublished":"2022-07-14T13:17:02+00:00","dateModified":"2025-12-22T07:01:37+00:00","description":"lcnacure PCA-ZN, nome sin\u00f4nimo: Zinco PCA; bis(5-oxo-L-prolinato-N1,O2)zinco; sal de zinco do \u00e1cido piroglut\u00e2mico; pidolato de zinco; piroglutamato de zinco; 5-oxoprolina; 5-oxopirrolidina-2-carboxilato de zinco.","breadcrumb":{"@id":"https:\/\/longchangchemical.com\/product\/lcnacure-pca-zn-cas-15454-75-8\/#breadcrumb"},"inLanguage":"pt-BR","potentialAction":[{"@type":"ReadAction","target":["https:\/\/longchangchemical.com\/product\/lcnacure-pca-zn-cas-15454-75-8\/"]}]},{"@type":"ImageObject","inLanguage":"pt-BR","@id":"https:\/\/longchangchemical.com\/product\/lcnacure-pca-zn-cas-15454-75-8\/#primaryimage","url":"https:\/\/longchangchemical.com\/wp-content\/uploads\/2022\/07\/Zinc-PCA.jpg","contentUrl":"https:\/\/longchangchemical.com\/wp-content\/uploads\/2022\/07\/Zinc-PCA.jpg","width":800,"height":800,"caption":"Zinc-PCA"},{"@type":"BreadcrumbList","@id":"https:\/\/longchangchemical.com\/product\/lcnacure-pca-zn-cas-15454-75-8\/#breadcrumb","itemListElement":[{"@type":"ListItem","position":1,"name":"Home","item":"https:\/\/longchangchemical.com\/"},{"@type":"ListItem","position":2,"name":"Products Longchang","item":"https:\/\/longchangchemical.com\/product\/"},{"@type":"ListItem","position":3,"name":"lcnacure\u00ae PCA-ZN CAS 15454-75-8"}]},{"@type":"WebSite","@id":"https:\/\/longchangchemical.com\/#website","url":"https:\/\/longchangchemical.com\/","name":"Qu\u00edmica Longchang","description":"Fabricante de produtos qu\u00edmicos na China \uff06 fornecedor","publisher":{"@id":"https:\/\/longchangchemical.com\/#organization"},"potentialAction":[{"@type":"SearchAction","target":{"@type":"EntryPoint","urlTemplate":"https:\/\/longchangchemical.com\/?s={search_term_string}"},"query-input":{"@type":"PropertyValueSpecification","valueRequired":true,"valueName":"search_term_string"}}],"inLanguage":"pt-BR"},{"@type":"Organization","@id":"https:\/\/longchangchemical.com\/#organization","name":"Qu\u00edmica Longchang","url":"https:\/\/longchangchemical.com\/","logo":{"@type":"ImageObject","inLanguage":"pt-BR","@id":"https:\/\/longchangchemical.com\/#\/schema\/logo\/image\/","url":"https:\/\/longchangchemical.com\/wp-content\/uploads\/2020\/08\/cropped-longchang-logo.png","contentUrl":"https:\/\/longchangchemical.com\/wp-content\/uploads\/2020\/08\/cropped-longchang-logo.png","width":512,"height":512,"caption":"Longchang Chemical"},"image":{"@id":"https:\/\/longchangchemical.com\/#\/schema\/logo\/image\/"}}]}},"_links":{"self":[{"href":"https:\/\/longchangchemical.com\/pt\/wp-json\/wp\/v2\/product\/5378","targetHints":{"allow":["GET"]}}],"collection":[{"href":"https:\/\/longchangchemical.com\/pt\/wp-json\/wp\/v2\/product"}],"about":[{"href":"https:\/\/longchangchemical.com\/pt\/wp-json\/wp\/v2\/types\/product"}],"replies":[{"embeddable":true,"href":"https:\/\/longchangchemical.com\/pt\/wp-json\/wp\/v2\/comments?post=5378"}],"wp:featuredmedia":[{"embeddable":true,"href":"https:\/\/longchangchemical.com\/pt\/wp-json\/wp\/v2\/media\/5379"}],"wp:attachment":[{"href":"https:\/\/longchangchemical.com\/pt\/wp-json\/wp\/v2\/media?parent=5378"}],"wp:term":[{"taxonomy":"product_brand","embeddable":true,"href":"https:\/\/longchangchemical.com\/pt\/wp-json\/wp\/v2\/product_brand?post=5378"},{"taxonomy":"product_cat","embeddable":true,"href":"https:\/\/longchangchemical.com\/pt\/wp-json\/wp\/v2\/product_cat?post=5378"},{"taxonomy":"product_tag","embeddable":true,"href":"https:\/\/longchangchemical.com\/pt\/wp-json\/wp\/v2\/product_tag?post=5378"}],"curies":[{"name":"wp","href":"https:\/\/api.w.org\/{rel}","templated":true}]}}