{"id":5344,"date":"2022-07-02T12:36:04","date_gmt":"2022-07-02T12:36:04","guid":{"rendered":"https:\/\/longchangchemical.com\/?post_type=product&#038;p=5344"},"modified":"2026-05-08T08:26:14","modified_gmt":"2026-05-08T08:26:14","slug":"uva1000","status":"publish","type":"product","link":"https:\/\/longchangchemical.com\/pt\/product\/uva1000\/","title":{"rendered":"CHLUMICRYL\u00ae UVA1012"},"content":{"rendered":"<h2 class=\"product_title entry-title\"><strong> UVA1012<\/strong><\/h2>\n<p>Tipo:<br \/>\nResina UV contendo grupos funcionais especiais<\/p>\n<p>Formul\u00e1rio de fornecimento:<br \/>\nConte\u00fado de resina 100%<\/p>\n<p>Recomenda\u00e7\u00f5es e propriedades de aplica\u00e7\u00e3o:<br \/>\n- Tintas e revestimentos fotopolimeriz\u00e1veis<br \/>\n- Excelente ades\u00e3o a substratos de pl\u00e1stico PET e metal.<br \/>\n- Resistente \u00e0s intemp\u00e9ries, resistente ao amarelamento e com excelente resist\u00eancia qu\u00edmica.<\/p>\n<p>- As aplica\u00e7\u00f5es recomendadas incluem:<br \/>\nRevestimentos ou tintas para substratos de pl\u00e1stico PET e resina de aumento de ades\u00e3o para revestimentos de metal.<\/p>\n<p>Traduzido com DeepL.com (vers\u00e3o gratuita)<\/p>\n<p><strong>Especifica\u00e7\u00e3o:<\/strong><\/p>\n<table>\n<tbody>\n<tr>\n<td width=\"332\">Apar\u00eancia incolor<\/td>\n<td width=\"332\">L\u00edquido viscoso transparente e incolor<\/td>\n<\/tr>\n<tr>\n<td width=\"332\">Viscosidade<\/td>\n<td width=\"332\">3800~6800cps<\/td>\n<\/tr>\n<tr>\n<td width=\"332\">Funcionalidade<\/td>\n<td width=\"332\">\u00a01<\/td>\n<\/tr>\n<tr>\n<td width=\"332\">Cor (fe\/co)<\/td>\n<td width=\"332\">0<\/td>\n<\/tr>\n<\/tbody>\n<\/table>\n<p>Compatibilidade:<br \/>\nO UVA1012 \u00e9 misc\u00edvel com a maioria dos diluentes ativos. A compatibilidade com resinas espec\u00edficas deve ser confirmada por meio de testes. Quando usado sozinho em uma formula\u00e7\u00e3o ou adicionado a 10-40% do conte\u00fado de resina na formula\u00e7\u00e3o, ele aumenta a ades\u00e3o ao substrato.<\/p>\n<p>Especifica\u00e7\u00f5es da embalagem:<br \/>\nTambores pl\u00e1sticos de 50 kg.<\/p>\n<p>Precau\u00e7\u00f5es de manuseio e seguran\u00e7a, armazenamento e transporte:<br \/>\nPara obter mais detalhes sobre as precau\u00e7\u00f5es de manuseio e seguran\u00e7a, armazenamento e transporte desse produto, consulte a MSDS pertinente.<\/p>\n<p>Traduzido com DeepL.com (vers\u00e3o gratuita)<\/p>\n<h2><strong><b>Entre em contato conosco agora!<\/b><\/strong><\/h2>\n<h4><strong><b>Se <\/b><\/strong><strong><b>Se precisar de pre\u00e7o ou COA, MSDS ou TDS, favor <\/b><\/strong><strong><b>Preencha o formul\u00e1rio abaixo e indique que , normalmente entraremos em contato dentro de 24 horas. Voc\u00ea tamb\u00e9m pode me enviar um e-mail <span style=\"color: #0000ff;\"><a style=\"color: #0000ff;\" href=\"mailto:info@longchangchemical.com\"><span style=\"color: #00ccff;\">info@longchangchemical.com<\/span><\/a><\/span> durante o hor\u00e1rio comercial (das 8h30 \u00e0s 18h UTC+8 de segunda a s\u00e1bado) ou use o bate-papo ao vivo do site para obter uma resposta imediata.<\/b><\/strong><\/h4>","protected":false},"excerpt":{"rendered":"<p>UVA1012 UV Oligomer is a UV oligomer for UV-curable coatings, inks and adhesive formulations. Key benefits include Excellent adhesion to PET plastic and metal substrates, Weather-resistant, and yellowing-resistant.<\/p>","protected":false},"featured_media":0,"comment_status":"closed","ping_status":"closed","template":"","meta":[],"product_brand":[],"product_cat":[137],"product_tag":[],"class_list":{"0":"post-5344","1":"product","2":"type-product","3":"status-publish","5":"product_cat-uv-oligomer","7":"first","8":"instock","9":"shipping-taxable","10":"product-type-simple"},"yoast_head":"<!-- This site is optimized with the Yoast SEO plugin v25.3.1 - https:\/\/yoast.com\/wordpress\/plugins\/seo\/ -->\n<title>UVA1012 UV Oligomer | Longchang Chemical<\/title>\n<meta name=\"description\" content=\"UVA1012 UV Oligomer is a UV oligomer for UV-curable coatings, inks and adhesive formulations. Key benefits include Excellent adhesion to PET plastic and\" \/>\n<meta name=\"robots\" content=\"index, follow, max-snippet:-1, max-image-preview:large, max-video-preview:-1\" \/>\n<link rel=\"canonical\" href=\"https:\/\/longchangchemical.com\/pt\/product\/uva1000\/\" \/>\n<meta property=\"og:locale\" content=\"pt_BR\" \/>\n<meta property=\"og:type\" content=\"article\" \/>\n<meta property=\"og:title\" content=\"UVA1012 UV Oligomer | Longchang Chemical\" \/>\n<meta property=\"og:description\" content=\"UVA1012 UV Oligomer is a UV oligomer for UV-curable coatings, inks and adhesive formulations. Key benefits include Excellent adhesion to PET plastic and\" \/>\n<meta property=\"og:url\" content=\"https:\/\/longchangchemical.com\/pt\/product\/uva1000\/\" \/>\n<meta property=\"og:site_name\" content=\"Longchang Chemical\" \/>\n<meta property=\"article:modified_time\" content=\"2026-05-08T08:26:14+00:00\" \/>\n<meta property=\"og:image\" content=\"https:\/\/longchangchemical.com\/wp-content\/uploads\/2024\/02\/logo-jpeg.jpg\" \/>\n\t<meta property=\"og:image:width\" content=\"1000\" \/>\n\t<meta property=\"og:image:height\" content=\"1000\" \/>\n\t<meta property=\"og:image:type\" content=\"image\/jpeg\" \/>\n<meta name=\"twitter:card\" content=\"summary_large_image\" \/>\n<script type=\"application\/ld+json\" class=\"yoast-schema-graph\">{\"@context\":\"https:\/\/schema.org\",\"@graph\":[{\"@type\":\"WebPage\",\"@id\":\"https:\/\/longchangchemical.com\/product\/uva1000\/\",\"url\":\"https:\/\/longchangchemical.com\/product\/uva1000\/\",\"name\":\"UVA1012 UV Oligomer | Longchang Chemical\",\"isPartOf\":{\"@id\":\"https:\/\/longchangchemical.com\/#website\"},\"datePublished\":\"2022-07-02T12:36:04+00:00\",\"dateModified\":\"2026-05-08T08:26:14+00:00\",\"description\":\"UVA1012 UV Oligomer is a UV oligomer for UV-curable coatings, inks and adhesive formulations. Key benefits include Excellent adhesion to PET plastic and\",\"breadcrumb\":{\"@id\":\"https:\/\/longchangchemical.com\/product\/uva1000\/#breadcrumb\"},\"inLanguage\":\"pt-BR\",\"potentialAction\":[{\"@type\":\"ReadAction\",\"target\":[\"https:\/\/longchangchemical.com\/product\/uva1000\/\"]}]},{\"@type\":\"BreadcrumbList\",\"@id\":\"https:\/\/longchangchemical.com\/product\/uva1000\/#breadcrumb\",\"itemListElement\":[{\"@type\":\"ListItem\",\"position\":1,\"name\":\"Home\",\"item\":\"https:\/\/longchangchemical.com\/\"},{\"@type\":\"ListItem\",\"position\":2,\"name\":\"Products Longchang\",\"item\":\"https:\/\/longchangchemical.com\/product\/\"},{\"@type\":\"ListItem\",\"position\":3,\"name\":\"CHLUMICRYL\u00ae UVA1012\"}]},{\"@type\":\"WebSite\",\"@id\":\"https:\/\/longchangchemical.com\/#website\",\"url\":\"https:\/\/longchangchemical.com\/\",\"name\":\"Longchang Chemical\",\"description\":\"China chemical manufacturer \uff06 supplier\",\"publisher\":{\"@id\":\"https:\/\/longchangchemical.com\/#organization\"},\"potentialAction\":[{\"@type\":\"SearchAction\",\"target\":{\"@type\":\"EntryPoint\",\"urlTemplate\":\"https:\/\/longchangchemical.com\/?s={search_term_string}\"},\"query-input\":{\"@type\":\"PropertyValueSpecification\",\"valueRequired\":true,\"valueName\":\"search_term_string\"}}],\"inLanguage\":\"pt-BR\"},{\"@type\":\"Organization\",\"@id\":\"https:\/\/longchangchemical.com\/#organization\",\"name\":\"Longchang Chemical\",\"url\":\"https:\/\/longchangchemical.com\/\",\"logo\":{\"@type\":\"ImageObject\",\"inLanguage\":\"pt-BR\",\"@id\":\"https:\/\/longchangchemical.com\/#\/schema\/logo\/image\/\",\"url\":\"https:\/\/longchangchemical.com\/wp-content\/uploads\/2020\/08\/cropped-longchang-logo.png\",\"contentUrl\":\"https:\/\/longchangchemical.com\/wp-content\/uploads\/2020\/08\/cropped-longchang-logo.png\",\"width\":512,\"height\":512,\"caption\":\"Longchang Chemical\"},\"image\":{\"@id\":\"https:\/\/longchangchemical.com\/#\/schema\/logo\/image\/\"}}]}<\/script>\n<!-- \/ Yoast SEO plugin. -->","yoast_head_json":{"title":"UVA1012 UV Oligomer | Longchang Chemical","description":"UVA1012 UV Oligomer is a UV oligomer for UV-curable coatings, inks and adhesive formulations. Key benefits include Excellent adhesion to PET plastic and","robots":{"index":"index","follow":"follow","max-snippet":"max-snippet:-1","max-image-preview":"max-image-preview:large","max-video-preview":"max-video-preview:-1"},"canonical":"https:\/\/longchangchemical.com\/pt\/product\/uva1000\/","og_locale":"pt_BR","og_type":"article","og_title":"UVA1012 UV Oligomer | Longchang Chemical","og_description":"UVA1012 UV Oligomer is a UV oligomer for UV-curable coatings, inks and adhesive formulations. Key benefits include Excellent adhesion to PET plastic and","og_url":"https:\/\/longchangchemical.com\/pt\/product\/uva1000\/","og_site_name":"Longchang Chemical","article_modified_time":"2026-05-08T08:26:14+00:00","og_image":[{"width":1000,"height":1000,"url":"https:\/\/longchangchemical.com\/wp-content\/uploads\/2024\/02\/logo-jpeg.jpg","type":"image\/jpeg"}],"twitter_card":"summary_large_image","schema":{"@context":"https:\/\/schema.org","@graph":[{"@type":"WebPage","@id":"https:\/\/longchangchemical.com\/product\/uva1000\/","url":"https:\/\/longchangchemical.com\/product\/uva1000\/","name":"UVA1012 UV Oligomer | Longchang Chemical","isPartOf":{"@id":"https:\/\/longchangchemical.com\/#website"},"datePublished":"2022-07-02T12:36:04+00:00","dateModified":"2026-05-08T08:26:14+00:00","description":"UVA1012 UV Oligomer is a UV oligomer for UV-curable coatings, inks and adhesive formulations. Key benefits include Excellent adhesion to PET plastic and","breadcrumb":{"@id":"https:\/\/longchangchemical.com\/product\/uva1000\/#breadcrumb"},"inLanguage":"pt-BR","potentialAction":[{"@type":"ReadAction","target":["https:\/\/longchangchemical.com\/product\/uva1000\/"]}]},{"@type":"BreadcrumbList","@id":"https:\/\/longchangchemical.com\/product\/uva1000\/#breadcrumb","itemListElement":[{"@type":"ListItem","position":1,"name":"Home","item":"https:\/\/longchangchemical.com\/"},{"@type":"ListItem","position":2,"name":"Products Longchang","item":"https:\/\/longchangchemical.com\/product\/"},{"@type":"ListItem","position":3,"name":"CHLUMICRYL\u00ae UVA1012"}]},{"@type":"WebSite","@id":"https:\/\/longchangchemical.com\/#website","url":"https:\/\/longchangchemical.com\/","name":"Qu\u00edmica Longchang","description":"Fabricante de produtos qu\u00edmicos na China \uff06 fornecedor","publisher":{"@id":"https:\/\/longchangchemical.com\/#organization"},"potentialAction":[{"@type":"SearchAction","target":{"@type":"EntryPoint","urlTemplate":"https:\/\/longchangchemical.com\/?s={search_term_string}"},"query-input":{"@type":"PropertyValueSpecification","valueRequired":true,"valueName":"search_term_string"}}],"inLanguage":"pt-BR"},{"@type":"Organization","@id":"https:\/\/longchangchemical.com\/#organization","name":"Qu\u00edmica Longchang","url":"https:\/\/longchangchemical.com\/","logo":{"@type":"ImageObject","inLanguage":"pt-BR","@id":"https:\/\/longchangchemical.com\/#\/schema\/logo\/image\/","url":"https:\/\/longchangchemical.com\/wp-content\/uploads\/2020\/08\/cropped-longchang-logo.png","contentUrl":"https:\/\/longchangchemical.com\/wp-content\/uploads\/2020\/08\/cropped-longchang-logo.png","width":512,"height":512,"caption":"Longchang Chemical"},"image":{"@id":"https:\/\/longchangchemical.com\/#\/schema\/logo\/image\/"}}]}},"_links":{"self":[{"href":"https:\/\/longchangchemical.com\/pt\/wp-json\/wp\/v2\/product\/5344","targetHints":{"allow":["GET"]}}],"collection":[{"href":"https:\/\/longchangchemical.com\/pt\/wp-json\/wp\/v2\/product"}],"about":[{"href":"https:\/\/longchangchemical.com\/pt\/wp-json\/wp\/v2\/types\/product"}],"replies":[{"embeddable":true,"href":"https:\/\/longchangchemical.com\/pt\/wp-json\/wp\/v2\/comments?post=5344"}],"wp:attachment":[{"href":"https:\/\/longchangchemical.com\/pt\/wp-json\/wp\/v2\/media?parent=5344"}],"wp:term":[{"taxonomy":"product_brand","embeddable":true,"href":"https:\/\/longchangchemical.com\/pt\/wp-json\/wp\/v2\/product_brand?post=5344"},{"taxonomy":"product_cat","embeddable":true,"href":"https:\/\/longchangchemical.com\/pt\/wp-json\/wp\/v2\/product_cat?post=5344"},{"taxonomy":"product_tag","embeddable":true,"href":"https:\/\/longchangchemical.com\/pt\/wp-json\/wp\/v2\/product_tag?post=5344"}],"curies":[{"name":"wp","href":"https:\/\/api.w.org\/{rel}","templated":true}]}}