{"id":5340,"date":"2022-06-30T13:40:12","date_gmt":"2022-06-30T13:40:12","guid":{"rendered":"https:\/\/longchangchemical.com\/?post_type=product&#038;p=5340"},"modified":"2025-04-01T07:14:56","modified_gmt":"2025-04-01T07:14:56","slug":"uvu61201","status":"publish","type":"product","link":"https:\/\/longchangchemical.com\/pt\/product\/uvu61201\/","title":{"rendered":"CHLUMICRYL\u00ae UVU61201 \/ Poliuretano alif\u00e1tico dodecil acrilato"},"content":{"rendered":"<h1><strong> UVU61201<\/strong><\/h1>\n<p><strong>Ingrediente<\/strong>Poliuretano alif\u00e1tico acrilato de lauril<\/p>\n<div>\n<p><strong>T<\/strong><strong>tipo:<\/strong><strong>\u00a0<\/strong>Amino\u00e9ster alif\u00e1tico duro<\/p>\n<p><strong>Formul\u00e1rio de fornecimento:<\/strong><\/p>\n<p>Resina 100%<\/p>\n<p><strong>Sugest\u00f5es de aplicativos<\/strong><strong>\u00a0e propriedade<\/strong><strong>:<\/strong><\/p>\n<ul>\n<li><i><\/i><em><i>Tintas e revestimentos fotopolimeriz\u00e1veis<\/i><\/em><\/li>\n<li><i><\/i><em><i>O UVU61201 tem dureza extremamente alta, resist\u00eancia \u00e0 abras\u00e3o e excelente resist\u00eancia ao amarelamento<\/i><\/em><\/li>\n<li><i><\/i><em><i>Os usos recomendados s\u00e3o os seguintes:<\/i><\/em><\/li>\n<\/ul>\n<p><em><i>\u00a0\u00a0\u00a0\u00a0Revestimentos pl\u00e1sticos avan\u00e7ados: a principal resina dos revestimentos inclui PC, ABS, PMMA, PVC<\/i><\/em><\/p>\n<p><em><i>Filme pl\u00e1stico com revestimento r\u00edgido, verniz met\u00e1lico e tinta offset<\/i><\/em><\/p>\n<p><strong>Caracter\u00edsticas:<\/strong><\/p>\n<table>\n<tbody>\n<tr>\n<td width=\"245\">Apar\u00eancia incolor<\/td>\n<td width=\"316\">\u00a0l\u00edquido viscoso transparente<\/td>\n<\/tr>\n<tr>\n<td width=\"245\">Viscosidade (60\u00b0)<\/td>\n<td width=\"316\">\u00a060000~100000cps<\/td>\n<\/tr>\n<tr>\n<td width=\"245\">Funcionalidade<\/td>\n<td width=\"316\">\u00a0\u00a012<\/td>\n<\/tr>\n<tr>\n<td width=\"245\">Cor (fe\/co)<\/td>\n<td width=\"316\">\u00a00<\/td>\n<\/tr>\n<tr>\n<td width=\"245\">NCO% em<\/td>\n<td width=\"316\">\u00a0\u00a00.1<\/td>\n<\/tr>\n<\/tbody>\n<\/table>\n<p><strong>C<\/strong><strong>Compatibilidade:<\/strong><\/p>\n<p><strong>\u00a0\u00a0\u00a0\u00a0\u00a0<\/strong>O UVU61201 \u00e9 completamente misc\u00edvel com a maioria dos diluentes reativos, acrilatos de ep\u00f3xi, acrilatos de poli\u00e9ster e acrilatos de poliuretano.<\/p>\n<p><strong>Embalagem<\/strong>: 50 kg ou 200 kg\/tambor.<\/p>\n<p><strong><b>Armazenamento:<\/b><\/strong><\/p>\n<p>Mantido em um dep\u00f3sito seco e limpo, com boa ventila\u00e7\u00e3o.<\/p>\n<p>Evite a exposi\u00e7\u00e3o \u00e0 luz e ao aquecimento.<\/p>\n<p>Proteger o produto contra vazamentos, chuva e insola\u00e7\u00e3o durante o transporte.<\/p>\n<h2><strong><b>Entre em contato conosco agora!<\/b><\/strong><\/h2>\n<h4><strong><b>Se <\/b><\/strong><strong><b>Se precisar de pre\u00e7o ou COA, MSDS ou TDS, favor <\/b><\/strong><strong><b>Preencha o formul\u00e1rio abaixo e indique que , normalmente entraremos em contato dentro de 24 horas. Voc\u00ea tamb\u00e9m pode me enviar um e-mail <span style=\"color: #0000ff;\"><a style=\"color: #0000ff;\" href=\"mailto:info@longchangchemical.com\"><span style=\"color: #00ccff;\">info@longchangchemical.com<\/span><\/a><\/span> durante o hor\u00e1rio comercial (das 8h30 \u00e0s 18h UTC+8 de segunda a s\u00e1bado) ou use o bate-papo ao vivo do site para obter uma resposta imediata.<\/b><\/strong><\/h4>\n<\/div>","protected":false},"excerpt":{"rendered":"<p>UVU61201 Ingrediente: acrilato de lauril de poliuretano alif\u00e1tico Tipo: Amino\u00e9ster alif\u00e1tico duro Forma de fornecimento: Resina 100% Sugest\u00f5es de aplica\u00e7\u00e3o e propriedades: Tintas e revestimentos fotopolimeriz\u00e1veis A UVU61201 tem dureza extremamente alta, resist\u00eancia \u00e0 abras\u00e3o e excelente resist\u00eancia ao amarelamento Os usos recomendados s\u00e3o os seguintes     Revestimentos pl\u00e1sticos avan\u00e7ados - a principal resina de revestimentos, incluindo PC, ABS, PMMA, PVC Filme pl\u00e1stico com revestimento duro, verniz met\u00e1lico [...]<\/p>","protected":false},"featured_media":0,"comment_status":"closed","ping_status":"closed","template":"","meta":[],"product_brand":[],"product_cat":[137],"product_tag":[],"class_list":{"0":"post-5340","1":"product","2":"type-product","3":"status-publish","5":"product_cat-uv-oligomer","7":"first","8":"instock","9":"shipping-taxable","10":"product-type-simple"},"yoast_head":"<!-- This site is optimized with the Yoast SEO plugin v25.3.1 - https:\/\/yoast.com\/wordpress\/plugins\/seo\/ -->\n<title>China CHLUMICRYL\u00ae UVU61201 \/ Aliphatic polyurethane dodecyl acrylate Manufacturer - Longchang Chemical<\/title>\n<meta name=\"description\" content=\"CHLUMICRYL\u00ae UVU61201 \/ Aliphatic polyurethane dodecyl acrylate is a key product of Longchang Chemical. We provide the best price. We are the leading manufacturer in China with the best quality and competitive price.\" \/>\n<meta name=\"robots\" content=\"index, follow, max-snippet:-1, max-image-preview:large, max-video-preview:-1\" \/>\n<link rel=\"canonical\" href=\"https:\/\/longchangchemical.com\/pt\/product\/uvu61201\/\" \/>\n<meta property=\"og:locale\" content=\"pt_BR\" \/>\n<meta property=\"og:type\" content=\"article\" \/>\n<meta property=\"og:title\" content=\"China CHLUMICRYL\u00ae UVU61201 \/ Aliphatic polyurethane dodecyl acrylate Manufacturer - Longchang Chemical\" \/>\n<meta property=\"og:description\" content=\"CHLUMICRYL\u00ae UVU61201 \/ Aliphatic polyurethane dodecyl acrylate is a key product of Longchang Chemical. We provide the best price. We are the leading manufacturer in China with the best quality and competitive price.\" \/>\n<meta property=\"og:url\" content=\"https:\/\/longchangchemical.com\/pt\/product\/uvu61201\/\" \/>\n<meta property=\"og:site_name\" content=\"Longchang Chemical\" \/>\n<meta property=\"article:modified_time\" content=\"2025-04-01T07:14:56+00:00\" \/>\n<meta property=\"og:image\" content=\"https:\/\/longchangchemical.com\/wp-content\/uploads\/2024\/02\/logo-jpeg.jpg\" \/>\n\t<meta property=\"og:image:width\" content=\"1000\" \/>\n\t<meta property=\"og:image:height\" content=\"1000\" \/>\n\t<meta property=\"og:image:type\" content=\"image\/jpeg\" \/>\n<meta name=\"twitter:card\" content=\"summary_large_image\" \/>\n<script type=\"application\/ld+json\" class=\"yoast-schema-graph\">{\"@context\":\"https:\/\/schema.org\",\"@graph\":[{\"@type\":\"WebPage\",\"@id\":\"https:\/\/longchangchemical.com\/product\/uvu61201\/\",\"url\":\"https:\/\/longchangchemical.com\/product\/uvu61201\/\",\"name\":\"China CHLUMICRYL\u00ae UVU61201 \/ Aliphatic polyurethane dodecyl acrylate Manufacturer - Longchang Chemical\",\"isPartOf\":{\"@id\":\"https:\/\/longchangchemical.com\/#website\"},\"datePublished\":\"2022-06-30T13:40:12+00:00\",\"dateModified\":\"2025-04-01T07:14:56+00:00\",\"description\":\"CHLUMICRYL\u00ae UVU61201 \/ Aliphatic polyurethane dodecyl acrylate is a key product of Longchang Chemical. We provide the best price. We are the leading manufacturer in China with the best quality and competitive price.\",\"breadcrumb\":{\"@id\":\"https:\/\/longchangchemical.com\/product\/uvu61201\/#breadcrumb\"},\"inLanguage\":\"pt-BR\",\"potentialAction\":[{\"@type\":\"ReadAction\",\"target\":[\"https:\/\/longchangchemical.com\/product\/uvu61201\/\"]}]},{\"@type\":\"BreadcrumbList\",\"@id\":\"https:\/\/longchangchemical.com\/product\/uvu61201\/#breadcrumb\",\"itemListElement\":[{\"@type\":\"ListItem\",\"position\":1,\"name\":\"Home\",\"item\":\"https:\/\/longchangchemical.com\/\"},{\"@type\":\"ListItem\",\"position\":2,\"name\":\"Products Longchang\",\"item\":\"https:\/\/longchangchemical.com\/product\/\"},{\"@type\":\"ListItem\",\"position\":3,\"name\":\"CHLUMICRYL\u00ae UVU61201 \/ Aliphatic polyurethane dodecyl acrylate\"}]},{\"@type\":\"WebSite\",\"@id\":\"https:\/\/longchangchemical.com\/#website\",\"url\":\"https:\/\/longchangchemical.com\/\",\"name\":\"Longchang Chemical\",\"description\":\"China chemical manufacturer \uff06 supplier\",\"publisher\":{\"@id\":\"https:\/\/longchangchemical.com\/#organization\"},\"potentialAction\":[{\"@type\":\"SearchAction\",\"target\":{\"@type\":\"EntryPoint\",\"urlTemplate\":\"https:\/\/longchangchemical.com\/?s={search_term_string}\"},\"query-input\":{\"@type\":\"PropertyValueSpecification\",\"valueRequired\":true,\"valueName\":\"search_term_string\"}}],\"inLanguage\":\"pt-BR\"},{\"@type\":\"Organization\",\"@id\":\"https:\/\/longchangchemical.com\/#organization\",\"name\":\"Longchang Chemical\",\"url\":\"https:\/\/longchangchemical.com\/\",\"logo\":{\"@type\":\"ImageObject\",\"inLanguage\":\"pt-BR\",\"@id\":\"https:\/\/longchangchemical.com\/#\/schema\/logo\/image\/\",\"url\":\"https:\/\/longchangchemical.com\/wp-content\/uploads\/2020\/08\/cropped-longchang-logo.png\",\"contentUrl\":\"https:\/\/longchangchemical.com\/wp-content\/uploads\/2020\/08\/cropped-longchang-logo.png\",\"width\":512,\"height\":512,\"caption\":\"Longchang Chemical\"},\"image\":{\"@id\":\"https:\/\/longchangchemical.com\/#\/schema\/logo\/image\/\"}}]}<\/script>\n<!-- \/ Yoast SEO plugin. -->","yoast_head_json":{"title":"China CHLUMICRYL\u00ae UVU61201 \/ Poliuretano alif\u00e1tico dodecil acrilato Fabricante - Longchang Chemical","description":"CHLUMICRYL\u00ae UVU61201 \/ Poliuretano alif\u00e1tico dodecil acrilato \u00e9 um produto-chave da Longchang Chemical. Oferecemos o melhor pre\u00e7o. Somos o fabricante l\u00edder na China, com a melhor qualidade e pre\u00e7o competitivo.","robots":{"index":"index","follow":"follow","max-snippet":"max-snippet:-1","max-image-preview":"max-image-preview:large","max-video-preview":"max-video-preview:-1"},"canonical":"https:\/\/longchangchemical.com\/pt\/product\/uvu61201\/","og_locale":"pt_BR","og_type":"article","og_title":"China CHLUMICRYL\u00ae UVU61201 \/ Aliphatic polyurethane dodecyl acrylate Manufacturer - Longchang Chemical","og_description":"CHLUMICRYL\u00ae UVU61201 \/ Aliphatic polyurethane dodecyl acrylate is a key product of Longchang Chemical. We provide the best price. We are the leading manufacturer in China with the best quality and competitive price.","og_url":"https:\/\/longchangchemical.com\/pt\/product\/uvu61201\/","og_site_name":"Longchang Chemical","article_modified_time":"2025-04-01T07:14:56+00:00","og_image":[{"width":1000,"height":1000,"url":"https:\/\/longchangchemical.com\/wp-content\/uploads\/2024\/02\/logo-jpeg.jpg","type":"image\/jpeg"}],"twitter_card":"summary_large_image","schema":{"@context":"https:\/\/schema.org","@graph":[{"@type":"WebPage","@id":"https:\/\/longchangchemical.com\/product\/uvu61201\/","url":"https:\/\/longchangchemical.com\/product\/uvu61201\/","name":"China CHLUMICRYL\u00ae UVU61201 \/ Poliuretano alif\u00e1tico dodecil acrilato Fabricante - Longchang Chemical","isPartOf":{"@id":"https:\/\/longchangchemical.com\/#website"},"datePublished":"2022-06-30T13:40:12+00:00","dateModified":"2025-04-01T07:14:56+00:00","description":"CHLUMICRYL\u00ae UVU61201 \/ Poliuretano alif\u00e1tico dodecil acrilato \u00e9 um produto-chave da Longchang Chemical. Oferecemos o melhor pre\u00e7o. Somos o fabricante l\u00edder na China, com a melhor qualidade e pre\u00e7o competitivo.","breadcrumb":{"@id":"https:\/\/longchangchemical.com\/product\/uvu61201\/#breadcrumb"},"inLanguage":"pt-BR","potentialAction":[{"@type":"ReadAction","target":["https:\/\/longchangchemical.com\/product\/uvu61201\/"]}]},{"@type":"BreadcrumbList","@id":"https:\/\/longchangchemical.com\/product\/uvu61201\/#breadcrumb","itemListElement":[{"@type":"ListItem","position":1,"name":"Home","item":"https:\/\/longchangchemical.com\/"},{"@type":"ListItem","position":2,"name":"Products Longchang","item":"https:\/\/longchangchemical.com\/product\/"},{"@type":"ListItem","position":3,"name":"CHLUMICRYL\u00ae UVU61201 \/ Aliphatic polyurethane dodecyl acrylate"}]},{"@type":"WebSite","@id":"https:\/\/longchangchemical.com\/#website","url":"https:\/\/longchangchemical.com\/","name":"Qu\u00edmica Longchang","description":"Fabricante de produtos qu\u00edmicos na China \uff06 fornecedor","publisher":{"@id":"https:\/\/longchangchemical.com\/#organization"},"potentialAction":[{"@type":"SearchAction","target":{"@type":"EntryPoint","urlTemplate":"https:\/\/longchangchemical.com\/?s={search_term_string}"},"query-input":{"@type":"PropertyValueSpecification","valueRequired":true,"valueName":"search_term_string"}}],"inLanguage":"pt-BR"},{"@type":"Organization","@id":"https:\/\/longchangchemical.com\/#organization","name":"Qu\u00edmica Longchang","url":"https:\/\/longchangchemical.com\/","logo":{"@type":"ImageObject","inLanguage":"pt-BR","@id":"https:\/\/longchangchemical.com\/#\/schema\/logo\/image\/","url":"https:\/\/longchangchemical.com\/wp-content\/uploads\/2020\/08\/cropped-longchang-logo.png","contentUrl":"https:\/\/longchangchemical.com\/wp-content\/uploads\/2020\/08\/cropped-longchang-logo.png","width":512,"height":512,"caption":"Longchang Chemical"},"image":{"@id":"https:\/\/longchangchemical.com\/#\/schema\/logo\/image\/"}}]}},"_links":{"self":[{"href":"https:\/\/longchangchemical.com\/pt\/wp-json\/wp\/v2\/product\/5340","targetHints":{"allow":["GET"]}}],"collection":[{"href":"https:\/\/longchangchemical.com\/pt\/wp-json\/wp\/v2\/product"}],"about":[{"href":"https:\/\/longchangchemical.com\/pt\/wp-json\/wp\/v2\/types\/product"}],"replies":[{"embeddable":true,"href":"https:\/\/longchangchemical.com\/pt\/wp-json\/wp\/v2\/comments?post=5340"}],"wp:attachment":[{"href":"https:\/\/longchangchemical.com\/pt\/wp-json\/wp\/v2\/media?parent=5340"}],"wp:term":[{"taxonomy":"product_brand","embeddable":true,"href":"https:\/\/longchangchemical.com\/pt\/wp-json\/wp\/v2\/product_brand?post=5340"},{"taxonomy":"product_cat","embeddable":true,"href":"https:\/\/longchangchemical.com\/pt\/wp-json\/wp\/v2\/product_cat?post=5340"},{"taxonomy":"product_tag","embeddable":true,"href":"https:\/\/longchangchemical.com\/pt\/wp-json\/wp\/v2\/product_tag?post=5340"}],"curies":[{"name":"wp","href":"https:\/\/api.w.org\/{rel}","templated":true}]}}