{"id":5308,"date":"2022-06-17T14:15:55","date_gmt":"2022-06-17T14:15:55","guid":{"rendered":"https:\/\/longchangchemical.com\/?post_type=product&#038;p=5308"},"modified":"2025-04-01T07:15:24","modified_gmt":"2025-04-01T07:15:24","slug":"uvu6305","status":"publish","type":"product","link":"https:\/\/longchangchemical.com\/pt\/product\/uvu6305\/","title":{"rendered":"CHLUMICRYL\u00ae UVU6305 \/ Triacrilato de poliuretano alif\u00e1tico"},"content":{"rendered":"<h1 class=\"product_title entry-title\"><strong> UVU6305<\/strong><\/h1>\n<p><strong>Ingrediente<\/strong>:triacrilato de uretano alif\u00e1tico<\/p>\n<div>\n<p><strong>Tipos<\/strong>\u00a0:Amino\u00e9ster alif\u00e1tico duro<\/p>\n<p><strong>Formul\u00e1rio de fornecimento<\/strong>:   Resina 100%<\/p>\n<p><strong>Sugest\u00f5es de aplicativos<\/strong><strong>\u00a0e propriedade<\/strong><strong>:<\/strong><\/p>\n<ul>\n<li>Tintas e revestimentos fotopolimeriz\u00e1veis<\/li>\n<li>Usado em revestimentos que exigem desempenho de cura r\u00e1pida e alto brilho e dureza excepcionais<\/li>\n<li>O UVU6305 tem excelente ades\u00e3o a uma variedade de substratos, resist\u00eancia \u00e0 abras\u00e3o e excelente resist\u00eancia ao amarelamento<\/li>\n<li>Os usos recomendados s\u00e3o os seguintes:<\/li>\n<\/ul>\n<p><em><i>Revestimentos pl\u00e1sticos de alta qualidade - a principal resina para revestimentos, incluindo PC, ABS, PMMA e PVC<\/i><\/em><\/p>\n<p><em><i>Tinta de alta qualidade para acabamento de madeira - acabamento de piso super-resistente ao desgaste, acabamento de m\u00f3veis<\/i><\/em><\/p>\n<p><em><i>Verniz de acabamento met\u00e1lico e tinta de impress\u00e3o offset<\/i><\/em><\/p>\n<p><strong>Caracter\u00edsticas:<\/strong><\/p>\n<table>\n<tbody>\n<tr>\n<td width=\"245\">Apar\u00eancia incolor<\/td>\n<td width=\"357\">L\u00edquido viscoso transparente e incolor<\/td>\n<\/tr>\n<tr>\n<td width=\"245\">Viscosidade (60\u00b0)<\/td>\n<td width=\"357\">18000~28000cps<\/td>\n<\/tr>\n<tr>\n<td width=\"245\">Funcionalidade<\/td>\n<td width=\"357\">3<\/td>\n<\/tr>\n<tr>\n<td width=\"245\">Cor (fe\/co)<\/td>\n<td width=\"357\">0<\/td>\n<\/tr>\n<tr>\n<td width=\"245\">NCO% em<\/td>\n<td width=\"357\">0.1<\/td>\n<\/tr>\n<\/tbody>\n<\/table>\n<p><strong>\u00a0<\/strong><strong>C<\/strong><strong>Compatibilidade:<\/strong><\/p>\n<p><strong>\u00a0\u00a0\u00a0\u00a0\u00a0<\/strong>O UVU6305 \u00e9 totalmente misc\u00edvel com a maioria dos diluentes reativos, acrilato de ep\u00f3xi, acrilato de poli\u00e9ster e acrilato de uretano.<\/p>\n<p><strong>Embalagem<\/strong>: 50 kg ou 200 kg\/tambor.<\/p>\n<p><strong><b>Armazenamento:<\/b><\/strong><\/p>\n<p>Mantido em um dep\u00f3sito seco e limpo, com boa ventila\u00e7\u00e3o.<\/p>\n<p>Evite a exposi\u00e7\u00e3o \u00e0 luz e ao aquecimento.<\/p>\n<p>Proteger o produto contra vazamentos, chuva e insola\u00e7\u00e3o durante o transporte.<\/p>\n<h2><strong><b>Entre em contato conosco agora!<\/b><\/strong><\/h2>\n<h4><strong><b>Se <\/b><\/strong><strong><b>Se precisar de pre\u00e7o ou COA, MSDS ou TDS, favor <\/b><\/strong><strong><b>Preencha o formul\u00e1rio abaixo e indique que , normalmente entraremos em contato dentro de 24 horas. Voc\u00ea tamb\u00e9m pode me enviar um e-mail <span style=\"color: #0000ff;\"><a style=\"color: #0000ff;\" href=\"mailto:info@longchangchemical.com\"><span style=\"color: #00ccff;\">info@longchangchemical.com<\/span><\/a><\/span> durante o hor\u00e1rio comercial (das 8h30 \u00e0s 18h UTC+8 de segunda a s\u00e1bado) ou use o bate-papo ao vivo do site para obter uma resposta imediata.<\/b><\/strong><\/h4>\n<\/div>","protected":false},"excerpt":{"rendered":"<p>UVU6305 Ingrediente: Triacrilato de uretano alif\u00e1tico Tipos: Amino\u00e9ster alif\u00e1tico duro Forma de fornecimento:   Resina 100% Sugest\u00f5es de aplica\u00e7\u00e3o e propriedades: Tintas e revestimentos fotopolimeriz\u00e1veis Usado em revestimentos que exigem desempenho de cura r\u00e1pida e alto brilho e dureza excepcionais O UVU6305 tem excelente ades\u00e3o a uma variedade de substratos, resist\u00eancia \u00e0 abras\u00e3o e excelente resist\u00eancia ao amarelamento Os usos recomendados s\u00e3o os seguintes: Pl\u00e1stico de alta qualidade [...]<\/p>","protected":false},"featured_media":0,"comment_status":"closed","ping_status":"closed","template":"","meta":[],"product_brand":[],"product_cat":[137],"product_tag":[],"class_list":{"0":"post-5308","1":"product","2":"type-product","3":"status-publish","5":"product_cat-uv-oligomer","7":"first","8":"instock","9":"shipping-taxable","10":"product-type-simple"},"yoast_head":"<!-- This site is optimized with the Yoast SEO plugin v25.3.1 - https:\/\/yoast.com\/wordpress\/plugins\/seo\/ -->\n<title>China CHLUMICRYL\u00ae UVU6305 \/ Aliphatic polyurethane triacrylate Manufacturer - Longchang Chemical<\/title>\n<meta name=\"description\" content=\"CHLUMICRYL\u00ae UVU6305 \/ Aliphatic polyurethane triacrylate is a key product of Longchang Chemical. We provide the best price. We are the leading manufacturer in China with the best quality and competitive price.\" \/>\n<meta name=\"robots\" content=\"index, follow, max-snippet:-1, max-image-preview:large, max-video-preview:-1\" \/>\n<link rel=\"canonical\" href=\"https:\/\/longchangchemical.com\/pt\/product\/uvu6305\/\" \/>\n<meta property=\"og:locale\" content=\"pt_BR\" \/>\n<meta property=\"og:type\" content=\"article\" \/>\n<meta property=\"og:title\" content=\"China CHLUMICRYL\u00ae UVU6305 \/ Aliphatic polyurethane triacrylate Manufacturer - Longchang Chemical\" \/>\n<meta property=\"og:description\" content=\"CHLUMICRYL\u00ae UVU6305 \/ Aliphatic polyurethane triacrylate is a key product of Longchang Chemical. We provide the best price. We are the leading manufacturer in China with the best quality and competitive price.\" \/>\n<meta property=\"og:url\" content=\"https:\/\/longchangchemical.com\/pt\/product\/uvu6305\/\" \/>\n<meta property=\"og:site_name\" content=\"Longchang Chemical\" \/>\n<meta property=\"article:modified_time\" content=\"2025-04-01T07:15:24+00:00\" \/>\n<meta property=\"og:image\" content=\"https:\/\/longchangchemical.com\/wp-content\/uploads\/2024\/02\/logo-jpeg.jpg\" \/>\n\t<meta property=\"og:image:width\" content=\"1000\" \/>\n\t<meta property=\"og:image:height\" content=\"1000\" \/>\n\t<meta property=\"og:image:type\" content=\"image\/jpeg\" \/>\n<meta name=\"twitter:card\" content=\"summary_large_image\" \/>\n<script type=\"application\/ld+json\" class=\"yoast-schema-graph\">{\"@context\":\"https:\/\/schema.org\",\"@graph\":[{\"@type\":\"WebPage\",\"@id\":\"https:\/\/longchangchemical.com\/product\/uvu6305\/\",\"url\":\"https:\/\/longchangchemical.com\/product\/uvu6305\/\",\"name\":\"China CHLUMICRYL\u00ae UVU6305 \/ Aliphatic polyurethane triacrylate Manufacturer - Longchang Chemical\",\"isPartOf\":{\"@id\":\"https:\/\/longchangchemical.com\/#website\"},\"datePublished\":\"2022-06-17T14:15:55+00:00\",\"dateModified\":\"2025-04-01T07:15:24+00:00\",\"description\":\"CHLUMICRYL\u00ae UVU6305 \/ Aliphatic polyurethane triacrylate is a key product of Longchang Chemical. We provide the best price. We are the leading manufacturer in China with the best quality and competitive price.\",\"breadcrumb\":{\"@id\":\"https:\/\/longchangchemical.com\/product\/uvu6305\/#breadcrumb\"},\"inLanguage\":\"pt-BR\",\"potentialAction\":[{\"@type\":\"ReadAction\",\"target\":[\"https:\/\/longchangchemical.com\/product\/uvu6305\/\"]}]},{\"@type\":\"BreadcrumbList\",\"@id\":\"https:\/\/longchangchemical.com\/product\/uvu6305\/#breadcrumb\",\"itemListElement\":[{\"@type\":\"ListItem\",\"position\":1,\"name\":\"Home\",\"item\":\"https:\/\/longchangchemical.com\/\"},{\"@type\":\"ListItem\",\"position\":2,\"name\":\"Products Longchang\",\"item\":\"https:\/\/longchangchemical.com\/product\/\"},{\"@type\":\"ListItem\",\"position\":3,\"name\":\"CHLUMICRYL\u00ae UVU6305 \/ Aliphatic polyurethane triacrylate\"}]},{\"@type\":\"WebSite\",\"@id\":\"https:\/\/longchangchemical.com\/#website\",\"url\":\"https:\/\/longchangchemical.com\/\",\"name\":\"Longchang Chemical\",\"description\":\"China chemical manufacturer \uff06 supplier\",\"publisher\":{\"@id\":\"https:\/\/longchangchemical.com\/#organization\"},\"potentialAction\":[{\"@type\":\"SearchAction\",\"target\":{\"@type\":\"EntryPoint\",\"urlTemplate\":\"https:\/\/longchangchemical.com\/?s={search_term_string}\"},\"query-input\":{\"@type\":\"PropertyValueSpecification\",\"valueRequired\":true,\"valueName\":\"search_term_string\"}}],\"inLanguage\":\"pt-BR\"},{\"@type\":\"Organization\",\"@id\":\"https:\/\/longchangchemical.com\/#organization\",\"name\":\"Longchang Chemical\",\"url\":\"https:\/\/longchangchemical.com\/\",\"logo\":{\"@type\":\"ImageObject\",\"inLanguage\":\"pt-BR\",\"@id\":\"https:\/\/longchangchemical.com\/#\/schema\/logo\/image\/\",\"url\":\"https:\/\/longchangchemical.com\/wp-content\/uploads\/2020\/08\/cropped-longchang-logo.png\",\"contentUrl\":\"https:\/\/longchangchemical.com\/wp-content\/uploads\/2020\/08\/cropped-longchang-logo.png\",\"width\":512,\"height\":512,\"caption\":\"Longchang Chemical\"},\"image\":{\"@id\":\"https:\/\/longchangchemical.com\/#\/schema\/logo\/image\/\"}}]}<\/script>\n<!-- \/ Yoast SEO plugin. -->","yoast_head_json":{"title":"China CHLUMICRYL\u00ae UVU6305 \/ Fabricante de triacrilato de poliuretano alif\u00e1tico - Longchang Chemical","description":"CHLUMICRYL\u00ae UVU6305 \/ Triacrilato de poliuretano alif\u00e1tico \u00e9 um produto-chave da Longchang Chemical. Oferecemos o melhor pre\u00e7o. Somos o fabricante l\u00edder na China, com a melhor qualidade e pre\u00e7o competitivo.","robots":{"index":"index","follow":"follow","max-snippet":"max-snippet:-1","max-image-preview":"max-image-preview:large","max-video-preview":"max-video-preview:-1"},"canonical":"https:\/\/longchangchemical.com\/pt\/product\/uvu6305\/","og_locale":"pt_BR","og_type":"article","og_title":"China CHLUMICRYL\u00ae UVU6305 \/ Aliphatic polyurethane triacrylate Manufacturer - Longchang Chemical","og_description":"CHLUMICRYL\u00ae UVU6305 \/ Aliphatic polyurethane triacrylate is a key product of Longchang Chemical. We provide the best price. We are the leading manufacturer in China with the best quality and competitive price.","og_url":"https:\/\/longchangchemical.com\/pt\/product\/uvu6305\/","og_site_name":"Longchang Chemical","article_modified_time":"2025-04-01T07:15:24+00:00","og_image":[{"width":1000,"height":1000,"url":"https:\/\/longchangchemical.com\/wp-content\/uploads\/2024\/02\/logo-jpeg.jpg","type":"image\/jpeg"}],"twitter_card":"summary_large_image","schema":{"@context":"https:\/\/schema.org","@graph":[{"@type":"WebPage","@id":"https:\/\/longchangchemical.com\/product\/uvu6305\/","url":"https:\/\/longchangchemical.com\/product\/uvu6305\/","name":"China CHLUMICRYL\u00ae UVU6305 \/ Fabricante de triacrilato de poliuretano alif\u00e1tico - Longchang Chemical","isPartOf":{"@id":"https:\/\/longchangchemical.com\/#website"},"datePublished":"2022-06-17T14:15:55+00:00","dateModified":"2025-04-01T07:15:24+00:00","description":"CHLUMICRYL\u00ae UVU6305 \/ Triacrilato de poliuretano alif\u00e1tico \u00e9 um produto-chave da Longchang Chemical. Oferecemos o melhor pre\u00e7o. Somos o fabricante l\u00edder na China, com a melhor qualidade e pre\u00e7o competitivo.","breadcrumb":{"@id":"https:\/\/longchangchemical.com\/product\/uvu6305\/#breadcrumb"},"inLanguage":"pt-BR","potentialAction":[{"@type":"ReadAction","target":["https:\/\/longchangchemical.com\/product\/uvu6305\/"]}]},{"@type":"BreadcrumbList","@id":"https:\/\/longchangchemical.com\/product\/uvu6305\/#breadcrumb","itemListElement":[{"@type":"ListItem","position":1,"name":"Home","item":"https:\/\/longchangchemical.com\/"},{"@type":"ListItem","position":2,"name":"Products Longchang","item":"https:\/\/longchangchemical.com\/product\/"},{"@type":"ListItem","position":3,"name":"CHLUMICRYL\u00ae UVU6305 \/ Aliphatic polyurethane triacrylate"}]},{"@type":"WebSite","@id":"https:\/\/longchangchemical.com\/#website","url":"https:\/\/longchangchemical.com\/","name":"Qu\u00edmica Longchang","description":"Fabricante de produtos qu\u00edmicos na China \uff06 fornecedor","publisher":{"@id":"https:\/\/longchangchemical.com\/#organization"},"potentialAction":[{"@type":"SearchAction","target":{"@type":"EntryPoint","urlTemplate":"https:\/\/longchangchemical.com\/?s={search_term_string}"},"query-input":{"@type":"PropertyValueSpecification","valueRequired":true,"valueName":"search_term_string"}}],"inLanguage":"pt-BR"},{"@type":"Organization","@id":"https:\/\/longchangchemical.com\/#organization","name":"Qu\u00edmica Longchang","url":"https:\/\/longchangchemical.com\/","logo":{"@type":"ImageObject","inLanguage":"pt-BR","@id":"https:\/\/longchangchemical.com\/#\/schema\/logo\/image\/","url":"https:\/\/longchangchemical.com\/wp-content\/uploads\/2020\/08\/cropped-longchang-logo.png","contentUrl":"https:\/\/longchangchemical.com\/wp-content\/uploads\/2020\/08\/cropped-longchang-logo.png","width":512,"height":512,"caption":"Longchang Chemical"},"image":{"@id":"https:\/\/longchangchemical.com\/#\/schema\/logo\/image\/"}}]}},"_links":{"self":[{"href":"https:\/\/longchangchemical.com\/pt\/wp-json\/wp\/v2\/product\/5308","targetHints":{"allow":["GET"]}}],"collection":[{"href":"https:\/\/longchangchemical.com\/pt\/wp-json\/wp\/v2\/product"}],"about":[{"href":"https:\/\/longchangchemical.com\/pt\/wp-json\/wp\/v2\/types\/product"}],"replies":[{"embeddable":true,"href":"https:\/\/longchangchemical.com\/pt\/wp-json\/wp\/v2\/comments?post=5308"}],"wp:attachment":[{"href":"https:\/\/longchangchemical.com\/pt\/wp-json\/wp\/v2\/media?parent=5308"}],"wp:term":[{"taxonomy":"product_brand","embeddable":true,"href":"https:\/\/longchangchemical.com\/pt\/wp-json\/wp\/v2\/product_brand?post=5308"},{"taxonomy":"product_cat","embeddable":true,"href":"https:\/\/longchangchemical.com\/pt\/wp-json\/wp\/v2\/product_cat?post=5308"},{"taxonomy":"product_tag","embeddable":true,"href":"https:\/\/longchangchemical.com\/pt\/wp-json\/wp\/v2\/product_tag?post=5308"}],"curies":[{"name":"wp","href":"https:\/\/api.w.org\/{rel}","templated":true}]}}