{"id":5294,"date":"2022-06-11T13:34:04","date_gmt":"2022-06-11T13:34:04","guid":{"rendered":"https:\/\/longchangchemical.com\/?post_type=product&#038;p=5294"},"modified":"2025-08-22T09:14:44","modified_gmt":"2025-08-22T09:14:44","slug":"uvj7007","status":"publish","type":"product","link":"https:\/\/longchangchemical.com\/pt\/product\/uvj7007\/","title":{"rendered":"CHLUMICRYL\u00ae UVJ7007 \/ Resina de esmalte para fototerapia \/ Mat\u00e9ria-prima para top coat"},"content":{"rendered":"<h1 class=\"product_title entry-title\"><strong> UVJ7007 \/ Mat\u00e9ria-prima do Top Coat<\/strong><\/h1>\n<p><strong> UVJ7007<\/strong>\u00a0\u00e9 uma resina especial para esmaltes de fototerapia.<\/p>\n<p><strong>Propriedade<\/strong><strong>:<\/strong><\/p>\n<ul>\n<li>Alto brilho e excelente resist\u00eancia a arranh\u00f5es<\/li>\n<li>Resist\u00eancia a intemp\u00e9ries e anti-amarelamento.<\/li>\n<li>Super-resistente e de cura r\u00e1pida<\/li>\n<li>Os usos recomendados s\u00e3o os seguintes:<\/li>\n<\/ul>\n<p><em><i>\u00a0A resina principal da cola para esmalte de unha fotopolimeriz\u00e1vel \u00e9 usada como cola selante (cola selante sem limpeza, cola tr\u00eas em um). Dosagem sugerida: 60-80%<\/i><\/em><em><i>.<\/i><\/em><\/p>\n<p><strong>Ingrediente<\/strong>Resina de esmalte de unha para fototerapia<\/p>\n<div>\n<p><strong>T<\/strong><strong>tipo:<\/strong>\u00a0Acrilato modificado com poliuretano<\/p>\n<p><strong>Sugest\u00f5es de aplicativos<\/strong><strong>\u00a0e propriedade<\/strong><strong>:<\/strong><\/p>\n<ul>\n<li>Alto brilho e excelente resist\u00eancia a arranh\u00f5es<\/li>\n<li>Resist\u00eancia a intemp\u00e9ries e anti-amarelamento.<\/li>\n<li>Super-resistente e de cura r\u00e1pida<\/li>\n<li>Os usos recomendados s\u00e3o os seguintes:<\/li>\n<\/ul>\n<p><em><i>\u00a0A resina principal da cola para esmalte de unha fotopolimeriz\u00e1vel \u00e9 usada como cola selante (cola selante sem limpeza, cola tr\u00eas em um). Dosagem sugerida: 60-80%<\/i><\/em><em><i>.<\/i><\/em><\/p>\n<p><strong>Nossa marca pr\u00f3pria desenvolveu o Top Coat: <a href=\"https:\/\/chromeclair.com\/product\/top-coat-hema-free-and-tpo-free-10ml\/\"><span style=\"color: #00ccff;\">Top Coat CHROM\u00c9CLAIR<\/span><\/a><\/strong><\/p>\n<p><strong>Caracter\u00edsticas:<\/strong><\/p>\n<table>\n<tbody>\n<tr>\n<td width=\"370\">Apar\u00eancia incolor<\/td>\n<td width=\"293\">L\u00edquido viscoso transparente<\/td>\n<\/tr>\n<tr>\n<td width=\"370\">Viscosidade (40 \u2103)<\/td>\n<td width=\"293\">60000-120000 mPa*s<\/td>\n<\/tr>\n<tr>\n<td width=\"370\">Cor (fe\/co)<\/td>\n<td width=\"293\">\u00a00<\/td>\n<\/tr>\n<\/tbody>\n<\/table>\n<p><strong>Embalagem<\/strong>: 50 kg ou 200 kg\/tambor.<\/p>\n<p><strong><b>Armazenamento:<\/b><\/strong><\/p>\n<p>Mantido em um dep\u00f3sito seco e limpo, com boa ventila\u00e7\u00e3o.<\/p>\n<p>Evite a exposi\u00e7\u00e3o \u00e0 luz e ao aquecimento.<\/p>\n<p>Proteger o produto contra vazamentos, chuva e insola\u00e7\u00e3o durante o transporte.<\/p>\n<h2><strong><b>Entre em contato conosco agora!<\/b><\/strong><\/h2>\n<h4><strong><b>Se <\/b><\/strong><strong><b>Se precisar de pre\u00e7o ou COA, MSDS ou TDS, favor <\/b><\/strong><strong><b>Preencha o formul\u00e1rio abaixo e indique que , normalmente entraremos em contato dentro de 24 horas. Voc\u00ea tamb\u00e9m pode me enviar um e-mail <span style=\"color: #0000ff;\"><a style=\"color: #0000ff;\" href=\"mailto:info@longchangchemical.com\">info@longchangchemical.com<\/a><\/span> durante o hor\u00e1rio comercial (das 8h30 \u00e0s 18h UTC+8 de segunda a s\u00e1bado) ou use o bate-papo ao vivo do site para obter uma resposta imediata.<\/b><\/strong><\/h4>\n<\/div>","protected":false},"excerpt":{"rendered":"<p>Descri\u00e7\u00e3o do produto: Resina de esmalte para fototerapia - Acrilato modificado de poliuretano<\/p>\n<p>Viscosidade (40\u2103): 60000-120000 mPa*s<\/p>\n<p>Cor (fe\/co): 0<\/p>\n<p>Embalagem: 20 kg ou 200 kg\/tambor<\/p>","protected":false},"featured_media":0,"comment_status":"closed","ping_status":"closed","template":"","meta":[],"product_brand":[],"product_cat":[137],"product_tag":[],"class_list":{"0":"post-5294","1":"product","2":"type-product","3":"status-publish","5":"product_cat-uv-oligomer","7":"first","8":"instock","9":"shipping-taxable","10":"product-type-simple"},"yoast_head":"<!-- This site is optimized with the Yoast SEO plugin v25.3.1 - https:\/\/yoast.com\/wordpress\/plugins\/seo\/ -->\n<title>China Phototherapy nail polish resin producer - Polyurethane Modified Acrylate manufacturer - Longchang Chemical<\/title>\n<meta name=\"description\" content=\"UVJ7007 is a resin specially for Phototherapy nail polish,The main resin of light-curing nail polish glue is used for sealing glue (no-clean sealing glue, three-in-one glue), Which is the key product of Longchang Chemical. We are the leading uv oligomer manufacturer and supplier in China with the best quanlity and competitive price.\" \/>\n<meta name=\"robots\" content=\"index, follow, max-snippet:-1, max-image-preview:large, max-video-preview:-1\" \/>\n<link rel=\"canonical\" href=\"https:\/\/longchangchemical.com\/pt\/product\/uvj7007\/\" \/>\n<meta property=\"og:locale\" content=\"pt_BR\" \/>\n<meta property=\"og:type\" content=\"article\" \/>\n<meta property=\"og:title\" content=\"China Phototherapy nail polish resin producer - Polyurethane Modified Acrylate manufacturer - Longchang Chemical\" \/>\n<meta property=\"og:description\" content=\"UVJ7007 is a resin specially for Phototherapy nail polish,The main resin of light-curing nail polish glue is used for sealing glue (no-clean sealing glue, three-in-one glue), Which is the key product of Longchang Chemical. We are the leading uv oligomer manufacturer and supplier in China with the best quanlity and competitive price.\" \/>\n<meta property=\"og:url\" content=\"https:\/\/longchangchemical.com\/pt\/product\/uvj7007\/\" \/>\n<meta property=\"og:site_name\" content=\"Longchang Chemical\" \/>\n<meta property=\"article:modified_time\" content=\"2025-08-22T09:14:44+00:00\" \/>\n<meta property=\"og:image\" content=\"https:\/\/longchangchemical.com\/wp-content\/uploads\/2024\/02\/logo-jpeg.jpg\" \/>\n\t<meta property=\"og:image:width\" content=\"1000\" \/>\n\t<meta property=\"og:image:height\" content=\"1000\" \/>\n\t<meta property=\"og:image:type\" content=\"image\/jpeg\" \/>\n<meta name=\"twitter:card\" content=\"summary_large_image\" \/>\n<script type=\"application\/ld+json\" class=\"yoast-schema-graph\">{\"@context\":\"https:\/\/schema.org\",\"@graph\":[{\"@type\":\"WebPage\",\"@id\":\"https:\/\/longchangchemical.com\/product\/uvj7007\/\",\"url\":\"https:\/\/longchangchemical.com\/product\/uvj7007\/\",\"name\":\"China Phototherapy nail polish resin producer - Polyurethane Modified Acrylate manufacturer - Longchang Chemical\",\"isPartOf\":{\"@id\":\"https:\/\/longchangchemical.com\/#website\"},\"datePublished\":\"2022-06-11T13:34:04+00:00\",\"dateModified\":\"2025-08-22T09:14:44+00:00\",\"description\":\"UVJ7007 is a resin specially for Phototherapy nail polish,The main resin of light-curing nail polish glue is used for sealing glue (no-clean sealing glue, three-in-one glue), Which is the key product of Longchang Chemical. We are the leading uv oligomer manufacturer and supplier in China with the best quanlity and competitive price.\",\"breadcrumb\":{\"@id\":\"https:\/\/longchangchemical.com\/product\/uvj7007\/#breadcrumb\"},\"inLanguage\":\"pt-BR\",\"potentialAction\":[{\"@type\":\"ReadAction\",\"target\":[\"https:\/\/longchangchemical.com\/product\/uvj7007\/\"]}]},{\"@type\":\"BreadcrumbList\",\"@id\":\"https:\/\/longchangchemical.com\/product\/uvj7007\/#breadcrumb\",\"itemListElement\":[{\"@type\":\"ListItem\",\"position\":1,\"name\":\"Home\",\"item\":\"https:\/\/longchangchemical.com\/\"},{\"@type\":\"ListItem\",\"position\":2,\"name\":\"Products Longchang\",\"item\":\"https:\/\/longchangchemical.com\/product\/\"},{\"@type\":\"ListItem\",\"position\":3,\"name\":\"CHLUMICRYL\u00ae UVJ7007 \/ Phototherapy nail polish resin \/ Top Coat Raw Material\"}]},{\"@type\":\"WebSite\",\"@id\":\"https:\/\/longchangchemical.com\/#website\",\"url\":\"https:\/\/longchangchemical.com\/\",\"name\":\"Longchang Chemical\",\"description\":\"China chemical manufacturer \uff06 supplier\",\"publisher\":{\"@id\":\"https:\/\/longchangchemical.com\/#organization\"},\"potentialAction\":[{\"@type\":\"SearchAction\",\"target\":{\"@type\":\"EntryPoint\",\"urlTemplate\":\"https:\/\/longchangchemical.com\/?s={search_term_string}\"},\"query-input\":{\"@type\":\"PropertyValueSpecification\",\"valueRequired\":true,\"valueName\":\"search_term_string\"}}],\"inLanguage\":\"pt-BR\"},{\"@type\":\"Organization\",\"@id\":\"https:\/\/longchangchemical.com\/#organization\",\"name\":\"Longchang Chemical\",\"url\":\"https:\/\/longchangchemical.com\/\",\"logo\":{\"@type\":\"ImageObject\",\"inLanguage\":\"pt-BR\",\"@id\":\"https:\/\/longchangchemical.com\/#\/schema\/logo\/image\/\",\"url\":\"https:\/\/longchangchemical.com\/wp-content\/uploads\/2020\/08\/cropped-longchang-logo.png\",\"contentUrl\":\"https:\/\/longchangchemical.com\/wp-content\/uploads\/2020\/08\/cropped-longchang-logo.png\",\"width\":512,\"height\":512,\"caption\":\"Longchang Chemical\"},\"image\":{\"@id\":\"https:\/\/longchangchemical.com\/#\/schema\/logo\/image\/\"}}]}<\/script>\n<!-- \/ Yoast SEO plugin. -->","yoast_head_json":{"title":"Fabricante de resina de esmalte para fototerapia na China - Fabricante de acrilato modificado com poliuretano - Longchang Chemical","description":"A resina principal da cola de esmalte fotopolimeriz\u00e1vel \u00e9 usada para cola de veda\u00e7\u00e3o (cola de veda\u00e7\u00e3o sem limpeza, cola tr\u00eas em um), que \u00e9 o principal produto da Longchang Chemical. Somos o principal fabricante e fornecedor de olig\u00f4meros uv na China, com a melhor qualidade e pre\u00e7o competitivo.","robots":{"index":"index","follow":"follow","max-snippet":"max-snippet:-1","max-image-preview":"max-image-preview:large","max-video-preview":"max-video-preview:-1"},"canonical":"https:\/\/longchangchemical.com\/pt\/product\/uvj7007\/","og_locale":"pt_BR","og_type":"article","og_title":"China Phototherapy nail polish resin producer - Polyurethane Modified Acrylate manufacturer - Longchang Chemical","og_description":"UVJ7007 is a resin specially for Phototherapy nail polish,The main resin of light-curing nail polish glue is used for sealing glue (no-clean sealing glue, three-in-one glue), Which is the key product of Longchang Chemical. We are the leading uv oligomer manufacturer and supplier in China with the best quanlity and competitive price.","og_url":"https:\/\/longchangchemical.com\/pt\/product\/uvj7007\/","og_site_name":"Longchang Chemical","article_modified_time":"2025-08-22T09:14:44+00:00","og_image":[{"width":1000,"height":1000,"url":"https:\/\/longchangchemical.com\/wp-content\/uploads\/2024\/02\/logo-jpeg.jpg","type":"image\/jpeg"}],"twitter_card":"summary_large_image","schema":{"@context":"https:\/\/schema.org","@graph":[{"@type":"WebPage","@id":"https:\/\/longchangchemical.com\/product\/uvj7007\/","url":"https:\/\/longchangchemical.com\/product\/uvj7007\/","name":"Fabricante de resina de esmalte para fototerapia na China - Fabricante de acrilato modificado com poliuretano - Longchang Chemical","isPartOf":{"@id":"https:\/\/longchangchemical.com\/#website"},"datePublished":"2022-06-11T13:34:04+00:00","dateModified":"2025-08-22T09:14:44+00:00","description":"A resina principal da cola de esmalte fotopolimeriz\u00e1vel \u00e9 usada para cola de veda\u00e7\u00e3o (cola de veda\u00e7\u00e3o sem limpeza, cola tr\u00eas em um), que \u00e9 o principal produto da Longchang Chemical. Somos o principal fabricante e fornecedor de olig\u00f4meros uv na China, com a melhor qualidade e pre\u00e7o competitivo.","breadcrumb":{"@id":"https:\/\/longchangchemical.com\/product\/uvj7007\/#breadcrumb"},"inLanguage":"pt-BR","potentialAction":[{"@type":"ReadAction","target":["https:\/\/longchangchemical.com\/product\/uvj7007\/"]}]},{"@type":"BreadcrumbList","@id":"https:\/\/longchangchemical.com\/product\/uvj7007\/#breadcrumb","itemListElement":[{"@type":"ListItem","position":1,"name":"Home","item":"https:\/\/longchangchemical.com\/"},{"@type":"ListItem","position":2,"name":"Products Longchang","item":"https:\/\/longchangchemical.com\/product\/"},{"@type":"ListItem","position":3,"name":"CHLUMICRYL\u00ae UVJ7007 \/ Phototherapy nail polish resin \/ Top Coat Raw Material"}]},{"@type":"WebSite","@id":"https:\/\/longchangchemical.com\/#website","url":"https:\/\/longchangchemical.com\/","name":"Qu\u00edmica Longchang","description":"Fabricante de produtos qu\u00edmicos na China \uff06 fornecedor","publisher":{"@id":"https:\/\/longchangchemical.com\/#organization"},"potentialAction":[{"@type":"SearchAction","target":{"@type":"EntryPoint","urlTemplate":"https:\/\/longchangchemical.com\/?s={search_term_string}"},"query-input":{"@type":"PropertyValueSpecification","valueRequired":true,"valueName":"search_term_string"}}],"inLanguage":"pt-BR"},{"@type":"Organization","@id":"https:\/\/longchangchemical.com\/#organization","name":"Qu\u00edmica Longchang","url":"https:\/\/longchangchemical.com\/","logo":{"@type":"ImageObject","inLanguage":"pt-BR","@id":"https:\/\/longchangchemical.com\/#\/schema\/logo\/image\/","url":"https:\/\/longchangchemical.com\/wp-content\/uploads\/2020\/08\/cropped-longchang-logo.png","contentUrl":"https:\/\/longchangchemical.com\/wp-content\/uploads\/2020\/08\/cropped-longchang-logo.png","width":512,"height":512,"caption":"Longchang Chemical"},"image":{"@id":"https:\/\/longchangchemical.com\/#\/schema\/logo\/image\/"}}]}},"_links":{"self":[{"href":"https:\/\/longchangchemical.com\/pt\/wp-json\/wp\/v2\/product\/5294","targetHints":{"allow":["GET"]}}],"collection":[{"href":"https:\/\/longchangchemical.com\/pt\/wp-json\/wp\/v2\/product"}],"about":[{"href":"https:\/\/longchangchemical.com\/pt\/wp-json\/wp\/v2\/types\/product"}],"replies":[{"embeddable":true,"href":"https:\/\/longchangchemical.com\/pt\/wp-json\/wp\/v2\/comments?post=5294"}],"wp:attachment":[{"href":"https:\/\/longchangchemical.com\/pt\/wp-json\/wp\/v2\/media?parent=5294"}],"wp:term":[{"taxonomy":"product_brand","embeddable":true,"href":"https:\/\/longchangchemical.com\/pt\/wp-json\/wp\/v2\/product_brand?post=5294"},{"taxonomy":"product_cat","embeddable":true,"href":"https:\/\/longchangchemical.com\/pt\/wp-json\/wp\/v2\/product_cat?post=5294"},{"taxonomy":"product_tag","embeddable":true,"href":"https:\/\/longchangchemical.com\/pt\/wp-json\/wp\/v2\/product_tag?post=5294"}],"curies":[{"name":"wp","href":"https:\/\/api.w.org\/{rel}","templated":true}]}}