{"id":5110,"date":"2022-03-08T06:01:53","date_gmt":"2022-03-08T06:01:53","guid":{"rendered":"https:\/\/longchangchemical.com\/?post_type=product&#038;p=5110"},"modified":"2025-12-22T07:09:05","modified_gmt":"2025-12-22T07:09:05","slug":"santicor-tta-s-tolytriazole-sodium-salt-64665-57-2","status":"publish","type":"product","link":"https:\/\/longchangchemical.com\/pt\/product\/santicor-tta-s-tolytriazole-sodium-salt-64665-57-2\/","title":{"rendered":"Santicor\u00ae TTA-S | Sal s\u00f3dico de tolitriazol CAS 64665-57-2"},"content":{"rendered":"<h1><strong>Santicor\u00ae TTA-S | Sal s\u00f3dico de tolitriazol CAS 64665-57-2<\/strong><\/h1>\n<p>&nbsp;<\/p>\n<table style=\"border-collapse: collapse; width: 237.78pt;\" border=\"0\" width=\"317\" cellspacing=\"0\" cellpadding=\"0\">\n<tbody>\n<tr style=\"height: 33.00pt;\">\n<td class=\"et2\" style=\"height: 33.00pt; width: 111.00pt;\" width=\"148\" height=\"44\">Projeto<\/td>\n<td class=\"et2\" style=\"width: 126.75pt;\" width=\"169\">Padr\u00e3o<\/td>\n<\/tr>\n<tr style=\"height: 33.00pt;\">\n<td class=\"et2\" style=\"height: 33.00pt; width: 111.00pt;\" width=\"148\" height=\"44\">Apar\u00eancia<\/td>\n<td class=\"et2\" style=\"width: 126.75pt;\" width=\"169\">L\u00edquido transparente l\u00edmpido de amarelo a marrom avermelhado<\/td>\n<\/tr>\n<tr style=\"height: 33.00pt;\">\n<td class=\"et2\" style=\"height: 33.00pt; width: 111.00pt;\" width=\"148\" height=\"44\">content%<\/td>\n<td class=\"et2\" style=\"width: 126.75pt;\" width=\"169\">49.5-51.0<\/td>\n<\/tr>\n<tr style=\"height: 33.00pt;\">\n<td class=\"et2\" style=\"height: 33.00pt; width: 111.00pt;\" width=\"148\" height=\"44\">Base gratuita %<\/td>\n<td class=\"et2\" style=\"width: 126.75pt;\" width=\"169\">0,5MAX<\/td>\n<\/tr>\n<tr style=\"height: 33.00pt;\">\n<td class=\"et2\" style=\"height: 33.00pt; width: 111.00pt;\" width=\"148\" height=\"44\">Valor de PH (solu\u00e7\u00e3o aquosa de 10%, 20<span class=\"font2\">\u2103<\/span><span class=\"font0\">)<\/span><\/td>\n<td class=\"et2\" style=\"width: 126.75pt;\" width=\"169\">11.5-12.0<\/td>\n<\/tr>\n<tr style=\"height: 33.00pt;\">\n<td class=\"et2\" style=\"height: 33.00pt; width: 111.00pt;\" width=\"148\" height=\"44\">Densidade (20\u00b0C) g\/cm3<\/td>\n<td class=\"et2\" style=\"width: 126.75pt;\" width=\"169\">1.186-1.210<\/td>\n<\/tr>\n<tr style=\"height: 45.00pt;\">\n<td class=\"et2\" style=\"height: 45.00pt; width: 111.00pt;\" width=\"148\" height=\"60\">Solubilidade em \u00e1lcool<\/td>\n<td class=\"et2\" style=\"width: 126.75pt;\" width=\"169\">L\u00edmpido e transparente, sem impurezas mec\u00e2nicas vis\u00edveis<\/td>\n<\/tr>\n<\/tbody>\n<\/table>\n<h2><\/h2>\n<h2><strong>Sal s\u00f3dico de tolitriazol Uso<\/strong><\/h2>\n<p>1. Este produto \u00e9 um inibidor de ferrugem e corros\u00e3o para cobre e ligas de cobre. Tamb\u00e9m pode ser usado para a prote\u00e7\u00e3o de a\u00e7o inoxid\u00e1vel, ferro fundido, c\u00e1dmio e ligas de n\u00edquel.<\/p>\n<p>2. Esse produto tamb\u00e9m pode ser usado como aditivo de \u00f3leo lubrificante, desativador de metal, agente de extrema press\u00e3o, inibidor de bact\u00e9rias e de oxida\u00e7\u00e3o, usado como antioxidante em \u00f3leo de motor de combust\u00e3o interna.<\/p>\n<p>Este produto pode substituir o Benzotriazol, metil, sal de s\u00f3dio; Natrium-4(oder 5)-methyl-1H-benzo-triazolid; Sodium 4 methyl -1H benzotriazolide; Sodium 4(or 5)-methyl-1H-benzotriazolide; Sodium Tolyltriazole; Sodium Tolytriazole.<\/p>\n<h2><strong>Embalagem de sal de s\u00f3dio de tolitriazol<\/strong><\/h2>\n<p>25, tambor de pl\u00e1stico de 230 kg ou IBC de 1200 kg.<\/p>\n<p>&nbsp;<\/p>\n<h2><strong>Produtos da mesma s\u00e9rie<\/strong><\/h2>\n<table style=\"border-collapse: collapse; width: 362.27pt;\" border=\"0\" width=\"483\" cellspacing=\"0\" cellpadding=\"0\">\n<tbody>\n<tr style=\"height: 13.50pt;\">\n<td style=\"height: 13.50pt; width: 111.00pt;\" width=\"148\" height=\"18\"><a href=\"https:\/\/longchangchemical.com\/pt\/product\/tta-tolytriazole-cas-29385-43-1\/\"><span style=\"color: #00ccff;\">Santicor\u00ae TTA<\/span><\/a><\/td>\n<td style=\"width: 168.75pt;\" width=\"225\"><span style=\"color: #000000;\">Toliltriazol<\/span><\/td>\n<td style=\"width: 82.50pt;\" width=\"110\"><span style=\"color: #000000;\">29385-43-1<\/span><\/td>\n<\/tr>\n<tr style=\"height: 13.50pt;\">\n<td style=\"height: 13.50pt;\" height=\"18\">Santicor\u00ae TTA-S<\/td>\n<td>Sal s\u00f3dico de tolitriazol<\/td>\n<td>64665-57-2<\/td>\n<\/tr>\n<tr style=\"height: 13.50pt;\">\n<td style=\"height: 13.50pt;\" height=\"18\">Santicor\u00ae TTA-2<\/td>\n<td>5-Metil-1H-benzotriazol<\/td>\n<td>136-85-6<\/td>\n<\/tr>\n<tr style=\"height: 13.50pt;\">\n<td style=\"height: 13.50pt;\" height=\"18\">Santicor\u00ae BTA<\/td>\n<td>1H-Benzotriazol<\/td>\n<td>95-14-7<\/td>\n<\/tr>\n<tr style=\"height: 13.50pt;\">\n<td style=\"height: 13.50pt;\" height=\"18\">Santicor\u00ae BTA-Na<\/td>\n<td>BENZOTRIAZOL, SAL DE S\u00d3DIO<\/td>\n<td>15217-42-2<\/td>\n<\/tr>\n<\/tbody>\n<\/table>\n<p>&nbsp;<\/p>\n<h2><strong><b>Entre em contato conosco agora!<\/b><\/strong><\/h2>\n<h4><strong><b>Se precisar de COA, MSDS ou TDS, preencha suas informa\u00e7\u00f5es de contato no formul\u00e1rio abaixo. Normalmente, entraremos em contato em 24 horas. Voc\u00ea tamb\u00e9m pode me enviar um e-mail <span style=\"color: #0000ff;\"><a style=\"color: #0000ff;\" href=\"mailto:info@longchangchemical.com\">info@longchangchemical.com<\/a><\/span> durante o hor\u00e1rio comercial (das 8h30 \u00e0s 18h UTC+8 de segunda a sexta) ou use o bate-papo ao vivo do site para obter uma resposta imediata.<\/b><\/strong><\/h4>","protected":false},"excerpt":{"rendered":"<p>Produto: Sal s\u00f3dico de tolutriazol<\/p>\n<p>Outros nomes: Benzotriazol, metil, sal de s\u00f3dio; Natrium-4(oder 5)-methyl-1H-benzo-triazolid; Sodium 4 methyl -1H benzotriazolide; Sodium 4(or 5)-methyl-1H-benzotriazolide; Sodium Tolyltriazole; Sodium Tolytriazole.<\/p>\n<p>CAS: 64665-57-2<\/p>\n<p>F\u00f3rmula qu\u00edmica: C7H6N3Na<\/p>\n<p>Peso molecular: 155,13<\/p>\n<p>Apar\u00eancia: L\u00edquido transparente l\u00edmpido de amarelo a marrom avermelhado<\/p>","protected":false},"featured_media":5112,"comment_status":"open","ping_status":"closed","template":"","meta":[],"product_brand":[],"product_cat":[135],"product_tag":[],"class_list":{"0":"post-5110","1":"product","2":"type-product","3":"status-publish","4":"has-post-thumbnail","6":"product_cat-santicor-corrosion-inhibitor","8":"first","9":"instock","10":"shipping-taxable","11":"product-type-simple"},"yoast_head":"<!-- This site is optimized with the Yoast SEO plugin v25.3.1 - https:\/\/yoast.com\/wordpress\/plugins\/seo\/ -->\n<title>China Tolytriazole sodium salt manufacturer \uff06 CAS 64665-57-2 supplier - Longchang Chemical<\/title>\n<meta name=\"description\" content=\"Longchang Chemical is China Tolytriazole sodium salt manufacturer \uff06 CAS 64665-57-2 supplier. This product can replace Benzotriazole, methyl, sodium salt; Natrium-4(oder 5)-methyl-1H-benzo-triazolid; Sodium 4 methyl -1H benzotriazolide; Sodium 4(or 5)-methyl-1H-benzotriazolide; Sodium Tolyltriazole; Sodium Tolytriazole.\" \/>\n<meta name=\"robots\" content=\"index, follow, max-snippet:-1, max-image-preview:large, max-video-preview:-1\" \/>\n<link rel=\"canonical\" href=\"https:\/\/longchangchemical.com\/pt\/product\/santicor-tta-s-tolytriazole-sodium-salt-64665-57-2\/\" \/>\n<meta property=\"og:locale\" content=\"pt_BR\" \/>\n<meta property=\"og:type\" content=\"article\" \/>\n<meta property=\"og:title\" content=\"China Tolytriazole sodium salt manufacturer \uff06 CAS 64665-57-2 supplier - Longchang Chemical\" \/>\n<meta property=\"og:description\" content=\"Longchang Chemical is China Tolytriazole sodium salt manufacturer \uff06 CAS 64665-57-2 supplier. This product can replace Benzotriazole, methyl, sodium salt; Natrium-4(oder 5)-methyl-1H-benzo-triazolid; Sodium 4 methyl -1H benzotriazolide; Sodium 4(or 5)-methyl-1H-benzotriazolide; Sodium Tolyltriazole; Sodium Tolytriazole.\" \/>\n<meta property=\"og:url\" content=\"https:\/\/longchangchemical.com\/pt\/product\/santicor-tta-s-tolytriazole-sodium-salt-64665-57-2\/\" \/>\n<meta property=\"og:site_name\" content=\"Longchang Chemical\" \/>\n<meta property=\"article:modified_time\" content=\"2025-12-22T07:09:05+00:00\" \/>\n<meta property=\"og:image\" content=\"https:\/\/longchangchemical.com\/wp-content\/uploads\/2022\/03\/Santicor\u00ae-TTA-S-Tolytriazole-sodium-salt-CAS-64665-57-2.jpg\" \/>\n\t<meta property=\"og:image:width\" content=\"600\" \/>\n\t<meta property=\"og:image:height\" content=\"800\" \/>\n\t<meta property=\"og:image:type\" content=\"image\/jpeg\" \/>\n<meta name=\"twitter:card\" content=\"summary_large_image\" \/>\n<script type=\"application\/ld+json\" class=\"yoast-schema-graph\">{\"@context\":\"https:\/\/schema.org\",\"@graph\":[{\"@type\":\"WebPage\",\"@id\":\"https:\/\/longchangchemical.com\/product\/santicor-tta-s-tolytriazole-sodium-salt-64665-57-2\/\",\"url\":\"https:\/\/longchangchemical.com\/product\/santicor-tta-s-tolytriazole-sodium-salt-64665-57-2\/\",\"name\":\"China Tolytriazole sodium salt manufacturer \uff06 CAS 64665-57-2 supplier - Longchang Chemical\",\"isPartOf\":{\"@id\":\"https:\/\/longchangchemical.com\/#website\"},\"primaryImageOfPage\":{\"@id\":\"https:\/\/longchangchemical.com\/product\/santicor-tta-s-tolytriazole-sodium-salt-64665-57-2\/#primaryimage\"},\"image\":{\"@id\":\"https:\/\/longchangchemical.com\/product\/santicor-tta-s-tolytriazole-sodium-salt-64665-57-2\/#primaryimage\"},\"thumbnailUrl\":\"https:\/\/longchangchemical.com\/wp-content\/uploads\/2022\/03\/Santicor\u00ae-TTA-S-Tolytriazole-sodium-salt-CAS-64665-57-2.jpg\",\"datePublished\":\"2022-03-08T06:01:53+00:00\",\"dateModified\":\"2025-12-22T07:09:05+00:00\",\"description\":\"Longchang Chemical is China Tolytriazole sodium salt manufacturer \uff06 CAS 64665-57-2 supplier. This product can replace Benzotriazole, methyl, sodium salt; Natrium-4(oder 5)-methyl-1H-benzo-triazolid; Sodium 4 methyl -1H benzotriazolide; Sodium 4(or 5)-methyl-1H-benzotriazolide; Sodium Tolyltriazole; Sodium Tolytriazole.\",\"breadcrumb\":{\"@id\":\"https:\/\/longchangchemical.com\/product\/santicor-tta-s-tolytriazole-sodium-salt-64665-57-2\/#breadcrumb\"},\"inLanguage\":\"pt-BR\",\"potentialAction\":[{\"@type\":\"ReadAction\",\"target\":[\"https:\/\/longchangchemical.com\/product\/santicor-tta-s-tolytriazole-sodium-salt-64665-57-2\/\"]}]},{\"@type\":\"ImageObject\",\"inLanguage\":\"pt-BR\",\"@id\":\"https:\/\/longchangchemical.com\/product\/santicor-tta-s-tolytriazole-sodium-salt-64665-57-2\/#primaryimage\",\"url\":\"https:\/\/longchangchemical.com\/wp-content\/uploads\/2022\/03\/Santicor\u00ae-TTA-S-Tolytriazole-sodium-salt-CAS-64665-57-2.jpg\",\"contentUrl\":\"https:\/\/longchangchemical.com\/wp-content\/uploads\/2022\/03\/Santicor\u00ae-TTA-S-Tolytriazole-sodium-salt-CAS-64665-57-2.jpg\",\"width\":600,\"height\":800},{\"@type\":\"BreadcrumbList\",\"@id\":\"https:\/\/longchangchemical.com\/product\/santicor-tta-s-tolytriazole-sodium-salt-64665-57-2\/#breadcrumb\",\"itemListElement\":[{\"@type\":\"ListItem\",\"position\":1,\"name\":\"Home\",\"item\":\"https:\/\/longchangchemical.com\/\"},{\"@type\":\"ListItem\",\"position\":2,\"name\":\"Products Longchang\",\"item\":\"https:\/\/longchangchemical.com\/product\/\"},{\"@type\":\"ListItem\",\"position\":3,\"name\":\"Santicor\u00ae TTA-S | Tolytriazole sodium salt CAS 64665-57-2\"}]},{\"@type\":\"WebSite\",\"@id\":\"https:\/\/longchangchemical.com\/#website\",\"url\":\"https:\/\/longchangchemical.com\/\",\"name\":\"Longchang Chemical\",\"description\":\"China chemical manufacturer \uff06 supplier\",\"publisher\":{\"@id\":\"https:\/\/longchangchemical.com\/#organization\"},\"potentialAction\":[{\"@type\":\"SearchAction\",\"target\":{\"@type\":\"EntryPoint\",\"urlTemplate\":\"https:\/\/longchangchemical.com\/?s={search_term_string}\"},\"query-input\":{\"@type\":\"PropertyValueSpecification\",\"valueRequired\":true,\"valueName\":\"search_term_string\"}}],\"inLanguage\":\"pt-BR\"},{\"@type\":\"Organization\",\"@id\":\"https:\/\/longchangchemical.com\/#organization\",\"name\":\"Longchang Chemical\",\"url\":\"https:\/\/longchangchemical.com\/\",\"logo\":{\"@type\":\"ImageObject\",\"inLanguage\":\"pt-BR\",\"@id\":\"https:\/\/longchangchemical.com\/#\/schema\/logo\/image\/\",\"url\":\"https:\/\/longchangchemical.com\/wp-content\/uploads\/2020\/08\/cropped-longchang-logo.png\",\"contentUrl\":\"https:\/\/longchangchemical.com\/wp-content\/uploads\/2020\/08\/cropped-longchang-logo.png\",\"width\":512,\"height\":512,\"caption\":\"Longchang Chemical\"},\"image\":{\"@id\":\"https:\/\/longchangchemical.com\/#\/schema\/logo\/image\/\"}}]}<\/script>\n<!-- \/ Yoast SEO plugin. -->","yoast_head_json":{"title":"Fabricante de sal de s\u00f3dio de tolitriazol na China \uff06 fornecedor CAS 64665-57-2 - Longchang Chemical","description":"Longchang Chemical \u00e9 um fabricante de sal de s\u00f3dio de tolitriazol na China, fornecedor CAS 64665-57-2. Este produto pode substituir o Benzotriazol, metil, sal de s\u00f3dio; Natrium-4(oder 5)-methyl-1H-benzo-triazolid; Sodium 4 methyl -1H benzotriazolide; Sodium 4(or 5)-methyl-1H-benzotriazolide; Sodium Tolyltriazole; Sodium Tolytriazole.","robots":{"index":"index","follow":"follow","max-snippet":"max-snippet:-1","max-image-preview":"max-image-preview:large","max-video-preview":"max-video-preview:-1"},"canonical":"https:\/\/longchangchemical.com\/pt\/product\/santicor-tta-s-tolytriazole-sodium-salt-64665-57-2\/","og_locale":"pt_BR","og_type":"article","og_title":"China Tolytriazole sodium salt manufacturer \uff06 CAS 64665-57-2 supplier - Longchang Chemical","og_description":"Longchang Chemical is China Tolytriazole sodium salt manufacturer \uff06 CAS 64665-57-2 supplier. This product can replace Benzotriazole, methyl, sodium salt; Natrium-4(oder 5)-methyl-1H-benzo-triazolid; Sodium 4 methyl -1H benzotriazolide; Sodium 4(or 5)-methyl-1H-benzotriazolide; Sodium Tolyltriazole; Sodium Tolytriazole.","og_url":"https:\/\/longchangchemical.com\/pt\/product\/santicor-tta-s-tolytriazole-sodium-salt-64665-57-2\/","og_site_name":"Longchang Chemical","article_modified_time":"2025-12-22T07:09:05+00:00","og_image":[{"width":600,"height":800,"url":"https:\/\/longchangchemical.com\/wp-content\/uploads\/2022\/03\/Santicor\u00ae-TTA-S-Tolytriazole-sodium-salt-CAS-64665-57-2.jpg","type":"image\/jpeg"}],"twitter_card":"summary_large_image","schema":{"@context":"https:\/\/schema.org","@graph":[{"@type":"WebPage","@id":"https:\/\/longchangchemical.com\/product\/santicor-tta-s-tolytriazole-sodium-salt-64665-57-2\/","url":"https:\/\/longchangchemical.com\/product\/santicor-tta-s-tolytriazole-sodium-salt-64665-57-2\/","name":"Fabricante de sal de s\u00f3dio de tolitriazol na China \uff06 fornecedor CAS 64665-57-2 - Longchang Chemical","isPartOf":{"@id":"https:\/\/longchangchemical.com\/#website"},"primaryImageOfPage":{"@id":"https:\/\/longchangchemical.com\/product\/santicor-tta-s-tolytriazole-sodium-salt-64665-57-2\/#primaryimage"},"image":{"@id":"https:\/\/longchangchemical.com\/product\/santicor-tta-s-tolytriazole-sodium-salt-64665-57-2\/#primaryimage"},"thumbnailUrl":"https:\/\/longchangchemical.com\/wp-content\/uploads\/2022\/03\/Santicor\u00ae-TTA-S-Tolytriazole-sodium-salt-CAS-64665-57-2.jpg","datePublished":"2022-03-08T06:01:53+00:00","dateModified":"2025-12-22T07:09:05+00:00","description":"Longchang Chemical \u00e9 um fabricante de sal de s\u00f3dio de tolitriazol na China, fornecedor CAS 64665-57-2. Este produto pode substituir o Benzotriazol, metil, sal de s\u00f3dio; Natrium-4(oder 5)-methyl-1H-benzo-triazolid; Sodium 4 methyl -1H benzotriazolide; Sodium 4(or 5)-methyl-1H-benzotriazolide; Sodium Tolyltriazole; Sodium Tolytriazole.","breadcrumb":{"@id":"https:\/\/longchangchemical.com\/product\/santicor-tta-s-tolytriazole-sodium-salt-64665-57-2\/#breadcrumb"},"inLanguage":"pt-BR","potentialAction":[{"@type":"ReadAction","target":["https:\/\/longchangchemical.com\/product\/santicor-tta-s-tolytriazole-sodium-salt-64665-57-2\/"]}]},{"@type":"ImageObject","inLanguage":"pt-BR","@id":"https:\/\/longchangchemical.com\/product\/santicor-tta-s-tolytriazole-sodium-salt-64665-57-2\/#primaryimage","url":"https:\/\/longchangchemical.com\/wp-content\/uploads\/2022\/03\/Santicor\u00ae-TTA-S-Tolytriazole-sodium-salt-CAS-64665-57-2.jpg","contentUrl":"https:\/\/longchangchemical.com\/wp-content\/uploads\/2022\/03\/Santicor\u00ae-TTA-S-Tolytriazole-sodium-salt-CAS-64665-57-2.jpg","width":600,"height":800},{"@type":"BreadcrumbList","@id":"https:\/\/longchangchemical.com\/product\/santicor-tta-s-tolytriazole-sodium-salt-64665-57-2\/#breadcrumb","itemListElement":[{"@type":"ListItem","position":1,"name":"Home","item":"https:\/\/longchangchemical.com\/"},{"@type":"ListItem","position":2,"name":"Products Longchang","item":"https:\/\/longchangchemical.com\/product\/"},{"@type":"ListItem","position":3,"name":"Santicor\u00ae TTA-S | Tolytriazole sodium salt CAS 64665-57-2"}]},{"@type":"WebSite","@id":"https:\/\/longchangchemical.com\/#website","url":"https:\/\/longchangchemical.com\/","name":"Qu\u00edmica Longchang","description":"Fabricante de produtos qu\u00edmicos na China \uff06 fornecedor","publisher":{"@id":"https:\/\/longchangchemical.com\/#organization"},"potentialAction":[{"@type":"SearchAction","target":{"@type":"EntryPoint","urlTemplate":"https:\/\/longchangchemical.com\/?s={search_term_string}"},"query-input":{"@type":"PropertyValueSpecification","valueRequired":true,"valueName":"search_term_string"}}],"inLanguage":"pt-BR"},{"@type":"Organization","@id":"https:\/\/longchangchemical.com\/#organization","name":"Qu\u00edmica Longchang","url":"https:\/\/longchangchemical.com\/","logo":{"@type":"ImageObject","inLanguage":"pt-BR","@id":"https:\/\/longchangchemical.com\/#\/schema\/logo\/image\/","url":"https:\/\/longchangchemical.com\/wp-content\/uploads\/2020\/08\/cropped-longchang-logo.png","contentUrl":"https:\/\/longchangchemical.com\/wp-content\/uploads\/2020\/08\/cropped-longchang-logo.png","width":512,"height":512,"caption":"Longchang Chemical"},"image":{"@id":"https:\/\/longchangchemical.com\/#\/schema\/logo\/image\/"}}]}},"_links":{"self":[{"href":"https:\/\/longchangchemical.com\/pt\/wp-json\/wp\/v2\/product\/5110","targetHints":{"allow":["GET"]}}],"collection":[{"href":"https:\/\/longchangchemical.com\/pt\/wp-json\/wp\/v2\/product"}],"about":[{"href":"https:\/\/longchangchemical.com\/pt\/wp-json\/wp\/v2\/types\/product"}],"replies":[{"embeddable":true,"href":"https:\/\/longchangchemical.com\/pt\/wp-json\/wp\/v2\/comments?post=5110"}],"wp:featuredmedia":[{"embeddable":true,"href":"https:\/\/longchangchemical.com\/pt\/wp-json\/wp\/v2\/media\/5112"}],"wp:attachment":[{"href":"https:\/\/longchangchemical.com\/pt\/wp-json\/wp\/v2\/media?parent=5110"}],"wp:term":[{"taxonomy":"product_brand","embeddable":true,"href":"https:\/\/longchangchemical.com\/pt\/wp-json\/wp\/v2\/product_brand?post=5110"},{"taxonomy":"product_cat","embeddable":true,"href":"https:\/\/longchangchemical.com\/pt\/wp-json\/wp\/v2\/product_cat?post=5110"},{"taxonomy":"product_tag","embeddable":true,"href":"https:\/\/longchangchemical.com\/pt\/wp-json\/wp\/v2\/product_tag?post=5110"}],"curies":[{"name":"wp","href":"https:\/\/api.w.org\/{rel}","templated":true}]}}