{"id":5085,"date":"2022-02-23T06:51:27","date_gmt":"2022-02-23T06:51:27","guid":{"rendered":"https:\/\/longchangchemical.com\/?post_type=product&#038;p=5085"},"modified":"2024-04-28T03:18:16","modified_gmt":"2024-04-28T03:18:16","slug":"refined-c5-petroleum-resin-for-adhesives","status":"publish","type":"product","link":"https:\/\/longchangchemical.com\/pt\/product\/refined-c5-petroleum-resin-for-adhesives\/","title":{"rendered":"Resina de petr\u00f3leo C5 refinada para adesivos"},"content":{"rendered":"<h1><strong>Resina de petr\u00f3leo C5 refinada para adesivos<\/strong><\/h1>\n<h2><strong>Uso<\/strong><\/h2>\n<h4>No setor de adesivos e selantes, as resinas de petr\u00f3leo C5 ocuparam uma posi\u00e7\u00e3o importante como resinas de ader\u00eancia. As mais usadas s\u00e3o os adesivos de fus\u00e3o a quente e os adesivos sens\u00edveis \u00e0 press\u00e3o. As resinas de petr\u00f3leo C5 refinadas da s\u00e9rie PRS\u00ae-A s\u00e3o resinas de petr\u00f3leo adequadas para adesivos de fus\u00e3o a quente e adesivos sens\u00edveis \u00e0 press\u00e3o. Elas t\u00eam boa compatibilidade com SIS, SBS, SEBS, SEPS e outros pol\u00edmeros de estireno, borracha natural, borracha sint\u00e9tica e EVA, etc., e s\u00e3o compat\u00edveis com resinas de ader\u00eancia naturais (terpenos, breu e seus derivados). Nos \u00faltimos anos, a resina de petr\u00f3leo C5 tem sido amplamente utilizada por sua alta for\u00e7a de ades\u00e3o ao descascamento, bom tack r\u00e1pido, ades\u00e3o est\u00e1vel, viscosidade de fus\u00e3o moderada, boa resist\u00eancia ao calor, boa compatibilidade com a matriz polim\u00e9rica e baixo pre\u00e7o. Substitui gradualmente os agentes de ader\u00eancia de resinas naturais (resinas de breu e terpeno) e ocupa uma posi\u00e7\u00e3o de destaque.<\/h4>\n<h2><strong>Caracter\u00edsticas da resina de petr\u00f3leo C5 refinada Soresyn\u00ae-A1085, A1090, A1095, A1100, A2085, A2095, A2100, A2110 em adesivo hot melt:<\/strong><\/h2>\n<h4>1. Boa fluidez, pode melhorar a molhabilidade do material principal<br \/>\n2. Boa viscosidade e excelente viscosidade inicial<br \/>\n3. Excelente resist\u00eancia ao envelhecimento<br \/>\n4. Cor clara<br \/>\n5. Transparente, com baixo odor e baixa mat\u00e9ria vol\u00e1til<br \/>\n6. Em adesivos de fus\u00e3o a quente, a s\u00e9rie Soresyn\u00ae-A pode ser usada sozinha como resina de ader\u00eancia ou misturada com outras resinas de ader\u00eancia para melhorar algumas propriedades dos adesivos de fus\u00e3o a quente.<br \/>\n\u00c1rea de aplica\u00e7\u00e3o recomendada: adesivo hot melt<br \/>\nOutras aplica\u00e7\u00f5es: adesivo sens\u00edvel \u00e0 press\u00e3o de fus\u00e3o a quente, adesivo sens\u00edvel \u00e0 press\u00e3o com solvente<br \/>\nA resina de tackifica\u00e7\u00e3o avan\u00e7ada de baixo ponto de amolecimento Soresyn\u00ae-A2020 pode substituir o equivalente ao Escorez 2520 da ExxonMobil.<\/h4>\n<h2><strong>Embalagem<\/strong><\/h2>\n<h4>A embalagem do produto deve usar sacos de tecido de polipropileno revestidos com sacos de filme de polietileno ou outras condi\u00e7\u00f5es de embalagem. Os materiais de embalagem devem garantir que n\u00e3o haja polui\u00e7\u00e3o ou vazamento durante o transporte, o empilhamento e o armazenamento, e que o conte\u00fado l\u00edquido seja de 25 kg, 500 kg sem desgaste.<\/h4>\n<h2><strong>transporte<\/strong><\/h2>\n<h4>Este produto n\u00e3o \u00e9 perigoso. \u00c9 estritamente proibido usar ferramentas afiadas, como ganchos de ferro, durante o transporte, a carga e a descarga, e n\u00e3o jogue o produto. O meio de transporte deve ser mantido limpo, seco e equipado com um galp\u00e3o. Durante o transporte, o produto n\u00e3o deve ser misturado com areia, metal quebrado, carv\u00e3o, vidro etc. e n\u00e3o deve ser misturado com materiais t\u00f3xicos, corrosivos ou inflam\u00e1veis. A exposi\u00e7\u00e3o ao sol ou \u00e0 chuva \u00e9 estritamente proibida. Chuveiro.<\/h4>\n<h2><strong><b>Entre em contato conosco agora!<\/b><\/strong><\/h2>\n<h4><strong><b>Se precisar de COA ou TDS, preencha suas informa\u00e7\u00f5es de contato no formul\u00e1rio abaixo. Normalmente, entraremos em contato dentro de 24 horas. Voc\u00ea tamb\u00e9m pode me enviar um e-mail <span style=\"color: #0000ff;\"><a style=\"color: #0000ff;\" href=\"mailto:info@longchangchemical.com\">info@longchangchemical.com<\/a><\/span> durante o hor\u00e1rio comercial (das 8h30 \u00e0s 18h UTC+8 de segunda a s\u00e1bado) ou use o bate-papo ao vivo do site para obter uma resposta imediata.<\/b><\/strong><\/h4>","protected":false},"excerpt":{"rendered":"<h4><strong><b>Se precisar de COA ou TDS, preencha suas informa\u00e7\u00f5es de contato no formul\u00e1rio abaixo. Normalmente, entraremos em contato dentro de 24 horas. Voc\u00ea tamb\u00e9m pode me enviar um e-mail <span style=\"color: #0000ff;\"><a style=\"color: #0000ff;\" href=\"mailto:info@longchangchemical.com\">info@longchangchemical.com<\/a><\/span><\/b><\/strong><\/h4>","protected":false},"featured_media":5082,"comment_status":"open","ping_status":"closed","template":"","meta":[],"product_brand":[],"product_cat":[69,116],"product_tag":[],"class_list":{"0":"post-5085","1":"product","2":"type-product","3":"status-publish","4":"has-post-thumbnail","6":"product_cat-catalysts-chemical-auxiliary-agents","7":"product_cat-soresyn-resin","9":"first","10":"instock","11":"shipping-taxable","12":"product-type-simple"},"yoast_head":"<!-- This site is optimized with the Yoast SEO plugin v25.3.1 - https:\/\/yoast.com\/wordpress\/plugins\/seo\/ -->\n<title>China Refined C5 Petroleum Resin supplier for Adhesives - Longchang chemical<\/title>\n<meta name=\"description\" content=\"Refined C5 Petroleum Resin for Adhesives. China refined C5 Petroleum Resin for Adhesives manufacturer \uff06 supplier. Soresyn\u00ae-A2020 low softening point advanced tackifying resin can replace the equivalent of ExxonMobil&#039;s Escorez 2520.\" \/>\n<meta name=\"robots\" content=\"index, follow, max-snippet:-1, max-image-preview:large, max-video-preview:-1\" \/>\n<link rel=\"canonical\" href=\"https:\/\/longchangchemical.com\/pt\/product\/refined-c5-petroleum-resin-for-adhesives\/\" \/>\n<meta property=\"og:locale\" content=\"pt_BR\" \/>\n<meta property=\"og:type\" content=\"article\" \/>\n<meta property=\"og:title\" content=\"China Refined C5 Petroleum Resin supplier for Adhesives - Longchang chemical\" \/>\n<meta property=\"og:description\" content=\"Refined C5 Petroleum Resin for Adhesives. China refined C5 Petroleum Resin for Adhesives manufacturer \uff06 supplier. Soresyn\u00ae-A2020 low softening point advanced tackifying resin can replace the equivalent of ExxonMobil&#039;s Escorez 2520.\" \/>\n<meta property=\"og:url\" content=\"https:\/\/longchangchemical.com\/pt\/product\/refined-c5-petroleum-resin-for-adhesives\/\" \/>\n<meta property=\"og:site_name\" content=\"Longchang Chemical\" \/>\n<meta property=\"article:modified_time\" content=\"2024-04-28T03:18:16+00:00\" \/>\n<meta property=\"og:image\" content=\"https:\/\/longchangchemical.com\/wp-content\/uploads\/2022\/02\/resin.png\" \/>\n\t<meta property=\"og:image:width\" content=\"600\" \/>\n\t<meta property=\"og:image:height\" content=\"600\" \/>\n\t<meta property=\"og:image:type\" content=\"image\/png\" \/>\n<meta name=\"twitter:card\" content=\"summary_large_image\" \/>\n<script type=\"application\/ld+json\" class=\"yoast-schema-graph\">{\"@context\":\"https:\/\/schema.org\",\"@graph\":[{\"@type\":\"WebPage\",\"@id\":\"https:\/\/longchangchemical.com\/product\/refined-c5-petroleum-resin-for-adhesives\/\",\"url\":\"https:\/\/longchangchemical.com\/product\/refined-c5-petroleum-resin-for-adhesives\/\",\"name\":\"China Refined C5 Petroleum Resin supplier for Adhesives - Longchang chemical\",\"isPartOf\":{\"@id\":\"https:\/\/longchangchemical.com\/#website\"},\"primaryImageOfPage\":{\"@id\":\"https:\/\/longchangchemical.com\/product\/refined-c5-petroleum-resin-for-adhesives\/#primaryimage\"},\"image\":{\"@id\":\"https:\/\/longchangchemical.com\/product\/refined-c5-petroleum-resin-for-adhesives\/#primaryimage\"},\"thumbnailUrl\":\"https:\/\/longchangchemical.com\/wp-content\/uploads\/2022\/02\/resin.png\",\"datePublished\":\"2022-02-23T06:51:27+00:00\",\"dateModified\":\"2024-04-28T03:18:16+00:00\",\"description\":\"Refined C5 Petroleum Resin for Adhesives. China refined C5 Petroleum Resin for Adhesives manufacturer \uff06 supplier. Soresyn\u00ae-A2020 low softening point advanced tackifying resin can replace the equivalent of ExxonMobil's Escorez 2520.\",\"breadcrumb\":{\"@id\":\"https:\/\/longchangchemical.com\/product\/refined-c5-petroleum-resin-for-adhesives\/#breadcrumb\"},\"inLanguage\":\"pt-BR\",\"potentialAction\":[{\"@type\":\"ReadAction\",\"target\":[\"https:\/\/longchangchemical.com\/product\/refined-c5-petroleum-resin-for-adhesives\/\"]}]},{\"@type\":\"ImageObject\",\"inLanguage\":\"pt-BR\",\"@id\":\"https:\/\/longchangchemical.com\/product\/refined-c5-petroleum-resin-for-adhesives\/#primaryimage\",\"url\":\"https:\/\/longchangchemical.com\/wp-content\/uploads\/2022\/02\/resin.png\",\"contentUrl\":\"https:\/\/longchangchemical.com\/wp-content\/uploads\/2022\/02\/resin.png\",\"width\":600,\"height\":600},{\"@type\":\"BreadcrumbList\",\"@id\":\"https:\/\/longchangchemical.com\/product\/refined-c5-petroleum-resin-for-adhesives\/#breadcrumb\",\"itemListElement\":[{\"@type\":\"ListItem\",\"position\":1,\"name\":\"Home\",\"item\":\"https:\/\/longchangchemical.com\/\"},{\"@type\":\"ListItem\",\"position\":2,\"name\":\"Products Longchang\",\"item\":\"https:\/\/longchangchemical.com\/product\/\"},{\"@type\":\"ListItem\",\"position\":3,\"name\":\"Refined C5 Petroleum Resin for Adhesives\"}]},{\"@type\":\"WebSite\",\"@id\":\"https:\/\/longchangchemical.com\/#website\",\"url\":\"https:\/\/longchangchemical.com\/\",\"name\":\"Longchang Chemical\",\"description\":\"China chemical manufacturer \uff06 supplier\",\"publisher\":{\"@id\":\"https:\/\/longchangchemical.com\/#organization\"},\"potentialAction\":[{\"@type\":\"SearchAction\",\"target\":{\"@type\":\"EntryPoint\",\"urlTemplate\":\"https:\/\/longchangchemical.com\/?s={search_term_string}\"},\"query-input\":{\"@type\":\"PropertyValueSpecification\",\"valueRequired\":true,\"valueName\":\"search_term_string\"}}],\"inLanguage\":\"pt-BR\"},{\"@type\":\"Organization\",\"@id\":\"https:\/\/longchangchemical.com\/#organization\",\"name\":\"Longchang Chemical\",\"url\":\"https:\/\/longchangchemical.com\/\",\"logo\":{\"@type\":\"ImageObject\",\"inLanguage\":\"pt-BR\",\"@id\":\"https:\/\/longchangchemical.com\/#\/schema\/logo\/image\/\",\"url\":\"https:\/\/longchangchemical.com\/wp-content\/uploads\/2020\/08\/cropped-longchang-logo.png\",\"contentUrl\":\"https:\/\/longchangchemical.com\/wp-content\/uploads\/2020\/08\/cropped-longchang-logo.png\",\"width\":512,\"height\":512,\"caption\":\"Longchang Chemical\"},\"image\":{\"@id\":\"https:\/\/longchangchemical.com\/#\/schema\/logo\/image\/\"}}]}<\/script>\n<!-- \/ Yoast SEO plugin. -->","yoast_head_json":{"title":"Fornecedor de resina de petr\u00f3leo C5 refinada da China para adesivos - Longchang chemical","description":"Resina de petr\u00f3leo C5 refinada para adesivos. Fabricante e fornecedor de resina de petr\u00f3leo C5 refinada para adesivos na China. A resina de tackifica\u00e7\u00e3o avan\u00e7ada de baixo ponto de amolecimento Soresyn\u00ae-A2020 pode substituir o equivalente ao Escorez 2520 da ExxonMobil.","robots":{"index":"index","follow":"follow","max-snippet":"max-snippet:-1","max-image-preview":"max-image-preview:large","max-video-preview":"max-video-preview:-1"},"canonical":"https:\/\/longchangchemical.com\/pt\/product\/refined-c5-petroleum-resin-for-adhesives\/","og_locale":"pt_BR","og_type":"article","og_title":"China Refined C5 Petroleum Resin supplier for Adhesives - Longchang chemical","og_description":"Refined C5 Petroleum Resin for Adhesives. China refined C5 Petroleum Resin for Adhesives manufacturer \uff06 supplier. Soresyn\u00ae-A2020 low softening point advanced tackifying resin can replace the equivalent of ExxonMobil's Escorez 2520.","og_url":"https:\/\/longchangchemical.com\/pt\/product\/refined-c5-petroleum-resin-for-adhesives\/","og_site_name":"Longchang Chemical","article_modified_time":"2024-04-28T03:18:16+00:00","og_image":[{"width":600,"height":600,"url":"https:\/\/longchangchemical.com\/wp-content\/uploads\/2022\/02\/resin.png","type":"image\/png"}],"twitter_card":"summary_large_image","schema":{"@context":"https:\/\/schema.org","@graph":[{"@type":"WebPage","@id":"https:\/\/longchangchemical.com\/product\/refined-c5-petroleum-resin-for-adhesives\/","url":"https:\/\/longchangchemical.com\/product\/refined-c5-petroleum-resin-for-adhesives\/","name":"Fornecedor de resina de petr\u00f3leo C5 refinada da China para adesivos - Longchang chemical","isPartOf":{"@id":"https:\/\/longchangchemical.com\/#website"},"primaryImageOfPage":{"@id":"https:\/\/longchangchemical.com\/product\/refined-c5-petroleum-resin-for-adhesives\/#primaryimage"},"image":{"@id":"https:\/\/longchangchemical.com\/product\/refined-c5-petroleum-resin-for-adhesives\/#primaryimage"},"thumbnailUrl":"https:\/\/longchangchemical.com\/wp-content\/uploads\/2022\/02\/resin.png","datePublished":"2022-02-23T06:51:27+00:00","dateModified":"2024-04-28T03:18:16+00:00","description":"Resina de petr\u00f3leo C5 refinada para adesivos. Fabricante e fornecedor de resina de petr\u00f3leo C5 refinada para adesivos na China. A resina de tackifica\u00e7\u00e3o avan\u00e7ada de baixo ponto de amolecimento Soresyn\u00ae-A2020 pode substituir o equivalente ao Escorez 2520 da ExxonMobil.","breadcrumb":{"@id":"https:\/\/longchangchemical.com\/product\/refined-c5-petroleum-resin-for-adhesives\/#breadcrumb"},"inLanguage":"pt-BR","potentialAction":[{"@type":"ReadAction","target":["https:\/\/longchangchemical.com\/product\/refined-c5-petroleum-resin-for-adhesives\/"]}]},{"@type":"ImageObject","inLanguage":"pt-BR","@id":"https:\/\/longchangchemical.com\/product\/refined-c5-petroleum-resin-for-adhesives\/#primaryimage","url":"https:\/\/longchangchemical.com\/wp-content\/uploads\/2022\/02\/resin.png","contentUrl":"https:\/\/longchangchemical.com\/wp-content\/uploads\/2022\/02\/resin.png","width":600,"height":600},{"@type":"BreadcrumbList","@id":"https:\/\/longchangchemical.com\/product\/refined-c5-petroleum-resin-for-adhesives\/#breadcrumb","itemListElement":[{"@type":"ListItem","position":1,"name":"Home","item":"https:\/\/longchangchemical.com\/"},{"@type":"ListItem","position":2,"name":"Products Longchang","item":"https:\/\/longchangchemical.com\/product\/"},{"@type":"ListItem","position":3,"name":"Refined C5 Petroleum Resin for Adhesives"}]},{"@type":"WebSite","@id":"https:\/\/longchangchemical.com\/#website","url":"https:\/\/longchangchemical.com\/","name":"Qu\u00edmica Longchang","description":"Fabricante de produtos qu\u00edmicos na China \uff06 fornecedor","publisher":{"@id":"https:\/\/longchangchemical.com\/#organization"},"potentialAction":[{"@type":"SearchAction","target":{"@type":"EntryPoint","urlTemplate":"https:\/\/longchangchemical.com\/?s={search_term_string}"},"query-input":{"@type":"PropertyValueSpecification","valueRequired":true,"valueName":"search_term_string"}}],"inLanguage":"pt-BR"},{"@type":"Organization","@id":"https:\/\/longchangchemical.com\/#organization","name":"Qu\u00edmica Longchang","url":"https:\/\/longchangchemical.com\/","logo":{"@type":"ImageObject","inLanguage":"pt-BR","@id":"https:\/\/longchangchemical.com\/#\/schema\/logo\/image\/","url":"https:\/\/longchangchemical.com\/wp-content\/uploads\/2020\/08\/cropped-longchang-logo.png","contentUrl":"https:\/\/longchangchemical.com\/wp-content\/uploads\/2020\/08\/cropped-longchang-logo.png","width":512,"height":512,"caption":"Longchang Chemical"},"image":{"@id":"https:\/\/longchangchemical.com\/#\/schema\/logo\/image\/"}}]}},"_links":{"self":[{"href":"https:\/\/longchangchemical.com\/pt\/wp-json\/wp\/v2\/product\/5085","targetHints":{"allow":["GET"]}}],"collection":[{"href":"https:\/\/longchangchemical.com\/pt\/wp-json\/wp\/v2\/product"}],"about":[{"href":"https:\/\/longchangchemical.com\/pt\/wp-json\/wp\/v2\/types\/product"}],"replies":[{"embeddable":true,"href":"https:\/\/longchangchemical.com\/pt\/wp-json\/wp\/v2\/comments?post=5085"}],"wp:featuredmedia":[{"embeddable":true,"href":"https:\/\/longchangchemical.com\/pt\/wp-json\/wp\/v2\/media\/5082"}],"wp:attachment":[{"href":"https:\/\/longchangchemical.com\/pt\/wp-json\/wp\/v2\/media?parent=5085"}],"wp:term":[{"taxonomy":"product_brand","embeddable":true,"href":"https:\/\/longchangchemical.com\/pt\/wp-json\/wp\/v2\/product_brand?post=5085"},{"taxonomy":"product_cat","embeddable":true,"href":"https:\/\/longchangchemical.com\/pt\/wp-json\/wp\/v2\/product_cat?post=5085"},{"taxonomy":"product_tag","embeddable":true,"href":"https:\/\/longchangchemical.com\/pt\/wp-json\/wp\/v2\/product_tag?post=5085"}],"curies":[{"name":"wp","href":"https:\/\/api.w.org\/{rel}","templated":true}]}}