{"id":5069,"date":"2022-02-17T03:19:13","date_gmt":"2022-02-17T03:19:13","guid":{"rendered":"https:\/\/longchangchemical.com\/?post_type=product&#038;p=5069"},"modified":"2026-01-13T08:01:36","modified_gmt":"2026-01-13T08:01:36","slug":"benzalkonium-chloride-cas-63449-41-2","status":"publish","type":"product","link":"https:\/\/longchangchemical.com\/pt\/product\/benzalkonium-chloride-cas-63449-41-2\/","title":{"rendered":"Cloreto de benzalc\u00f4nio CAS 63449-41-2"},"content":{"rendered":"<h1><strong>Cloreto de benzalc\u00f4nio CAS 63449-41-2<\/strong><\/h1>\n<table width=\"477\">\n<tbody>\n<tr>\n<td width=\"223\">Nome do produto<\/td>\n<td width=\"254\">Loreto de benzalc\u00f4nio\/BKC\/BKC80%\/BKC80<\/td>\n<\/tr>\n<tr>\n<td width=\"223\">Forma f\u00edsica<\/td>\n<td width=\"254\">L\u00edquido transparente incolor a amarelo p\u00e1lido<\/td>\n<\/tr>\n<tr>\n<td width=\"223\">N\u00famero CAS<\/td>\n<td width=\"254\">63449-41-2<\/td>\n<\/tr>\n<tr>\n<td width=\"223\">Conte\u00fado ativo<\/td>\n<td width=\"254\">50%; 80% (\u00b11%)<\/td>\n<\/tr>\n<tr>\n<td width=\"223\">pH(10%Aq.Soln.)<\/td>\n<td width=\"254\">6-8<\/td>\n<\/tr>\n<tr>\n<td width=\"223\">Gravidade espec\u00edfica@25\u00b0C(\u00b12)<\/td>\n<td width=\"254\">0.90-0.95<\/td>\n<\/tr>\n<tr>\n<td width=\"223\">Cloridrato de amina livre<\/td>\n<td width=\"254\">NMT3.0%; NMT6.0%;<\/td>\n<\/tr>\n<tr>\n<td width=\"223\">Solubilidade<\/td>\n<td width=\"254\">Facilmente sol\u00favel em \u00e1gua e \u00e1lcool<\/td>\n<\/tr>\n<tr>\n<td width=\"223\">Alcalinidade\/Acidez<\/td>\n<td width=\"254\">NMT 0,1 ml<\/td>\n<\/tr>\n<\/tbody>\n<\/table>\n<p><strong>Uso do cloreto de benzalc\u00f4nio<\/strong><\/p>\n<p>1. O cloreto de benzalc\u00f4nio \u00e9 um surfactante cati\u00f4nico, um bactericida n\u00e3o oxidante, com amplo espectro, esteriliza\u00e7\u00e3o de alta efici\u00eancia e capacidade algicida, al\u00e9m de ter um certo grau de remo\u00e7\u00e3o de \u00f3leo, capacidade de desodoriza\u00e7\u00e3o e inibi\u00e7\u00e3o de corros\u00e3o, com amplo espectro, esteriliza\u00e7\u00e3o de alta efici\u00eancia e capacidade algicida para matar bact\u00e9rias redutoras de sulfato, com efeitos especiais.<\/p>\n<p>2. O cloreto de benzalc\u00f4nio \u00e9 menos t\u00f3xico, n\u00e3o apresenta toxicidade cumulativa e \u00e9 facilmente sol\u00favel em \u00e1gua. Ao contr\u00e1rio do tratamento com cloro, a \u00e1gua cont\u00e9m cloro residual, causando polui\u00e7\u00e3o secund\u00e1ria, e n\u00e3o \u00e9 afetado pela dureza da \u00e1gua. Por isso, \u00e9 amplamente utilizado em ind\u00fastrias de petr\u00f3leo, qu\u00edmica, energia el\u00e9trica, t\u00eaxtil e outras no sistema de circula\u00e7\u00e3o de \u00e1gua de resfriamento para controlar o crescimento de bact\u00e9rias e algas do sistema de circula\u00e7\u00e3o de \u00e1gua de resfriamento, para matar bact\u00e9rias redutoras de sulfato e tem um efeito especial, al\u00e9m de um forte efeito de remo\u00e7\u00e3o de lodo.<\/p>\n<p>3. tem um bom efeito de remo\u00e7\u00e3o de lama e uma certa dispers\u00e3o, penetra\u00e7\u00e3o, pode controlar efetivamente a reprodu\u00e7\u00e3o de bact\u00e9rias e algas na \u00e1gua e o crescimento de lama, penetra\u00e7\u00e3o e remo\u00e7\u00e3o de lama e remo\u00e7\u00e3o de algas presas, e tem a capacidade de remover o \u00f3leo, mas tamb\u00e9m o efeito de limpeza do \u00f3leo.<\/p>\n<p>4. O cloreto de benzalc\u00f4nio pode ser usado como fungicida e agente antimofo, amaciante, agente antiest\u00e1tico, emulsificante e agente condicionador na ind\u00fastria de impress\u00e3o e tingimento de tecidos, al\u00e9m de ser usado como agente antiss\u00e9ptico e bactericida para len\u00e7os umedecidos.<\/p>\n<p><strong>Pacote de cloreto de benzalc\u00f4nio<\/strong><\/p>\n<p>200 kg<\/p>\n<h2><strong><b>Entre em contato conosco agora!<\/b><\/strong><\/h2>\n<h4><strong><b>Se precisar de um COA, envie-me um e-mail <a href=\"mailto:info@longchangchemical.com\"><span style=\"color: #00ccff;\">info@longchangchemical.com<\/span><\/a> durante o hor\u00e1rio comercial (das 8h30 \u00e0s 18h UTC+8 de segunda a s\u00e1bado) ou use o bate-papo ao vivo do site para obter uma resposta imediata.<\/b><\/strong><\/h4>","protected":false},"excerpt":{"rendered":"<p>Nome do produto: Cloreto de benzalc\u00f4nio<\/p>\n<p>N\u00daMERO CAS: 63449-41-2<\/p>\n<p>F\u00f3rmula molecular: C21H38NCl<\/p>\n<p>Peso molecular: 340,0<\/p>\n<p>Estrutura qu\u00edmica:<img decoding=\"async\" title=\"Estrutura do cloreto de benzalc\u00f4nio\" src=\"https:\/\/www.longchangchemical.com\/wp-content\/uploads\/product-details\/20200616340656.png\" alt=\"Estrutura do cloreto de benzalc\u00f4nio\" width=\"209\" height=\"69\" border=\"0\" vspace=\"0\" \/><\/p>\n<p>Apar\u00eancia: L\u00edquido incolor a amarelo p\u00e1lido.<\/p>\n<p>Pureza: 50%; 80%<\/p>","protected":false},"featured_media":4553,"comment_status":"closed","ping_status":"closed","template":"","meta":[],"product_brand":[],"product_cat":[109],"product_tag":[],"class_list":{"0":"post-5069","1":"product","2":"type-product","3":"status-publish","4":"has-post-thumbnail","6":"product_cat-water-treatment","8":"first","9":"instock","10":"shipping-taxable","11":"product-type-simple"},"yoast_head":"<!-- This site is optimized with the Yoast SEO plugin v25.3.1 - https:\/\/yoast.com\/wordpress\/plugins\/seo\/ -->\n<title>China Benzalkonium chloride manufacturer \uff06 CAS 63449-41-2 supplier - Longchang Chemical<\/title>\n<meta name=\"description\" content=\"China Benzalkonium chloride manufacturer \uff06 CAS 63449-41-2 supplier - Longchang Chemical\" \/>\n<meta name=\"robots\" content=\"index, follow, max-snippet:-1, max-image-preview:large, max-video-preview:-1\" \/>\n<link rel=\"canonical\" href=\"https:\/\/longchangchemical.com\/pt\/product\/benzalkonium-chloride-cas-63449-41-2\/\" \/>\n<meta property=\"og:locale\" content=\"pt_BR\" \/>\n<meta property=\"og:type\" content=\"article\" \/>\n<meta property=\"og:title\" content=\"China Benzalkonium chloride manufacturer \uff06 CAS 63449-41-2 supplier - Longchang Chemical\" \/>\n<meta property=\"og:description\" content=\"China Benzalkonium chloride manufacturer \uff06 CAS 63449-41-2 supplier - Longchang Chemical\" \/>\n<meta property=\"og:url\" content=\"https:\/\/longchangchemical.com\/pt\/product\/benzalkonium-chloride-cas-63449-41-2\/\" \/>\n<meta property=\"og:site_name\" content=\"Longchang Chemical\" \/>\n<meta property=\"article:modified_time\" content=\"2026-01-13T08:01:36+00:00\" \/>\n<meta property=\"og:image\" content=\"https:\/\/longchangchemical.com\/wp-content\/uploads\/2021\/01\/Appearance-20.jpg\" \/>\n\t<meta property=\"og:image:width\" content=\"600\" \/>\n\t<meta property=\"og:image:height\" content=\"800\" \/>\n\t<meta property=\"og:image:type\" content=\"image\/jpeg\" \/>\n<meta name=\"twitter:card\" content=\"summary_large_image\" \/>\n<script type=\"application\/ld+json\" class=\"yoast-schema-graph\">{\"@context\":\"https:\/\/schema.org\",\"@graph\":[{\"@type\":\"WebPage\",\"@id\":\"https:\/\/longchangchemical.com\/product\/benzalkonium-chloride-cas-63449-41-2\/\",\"url\":\"https:\/\/longchangchemical.com\/product\/benzalkonium-chloride-cas-63449-41-2\/\",\"name\":\"China Benzalkonium chloride manufacturer \uff06 CAS 63449-41-2 supplier - Longchang Chemical\",\"isPartOf\":{\"@id\":\"https:\/\/longchangchemical.com\/#website\"},\"primaryImageOfPage\":{\"@id\":\"https:\/\/longchangchemical.com\/product\/benzalkonium-chloride-cas-63449-41-2\/#primaryimage\"},\"image\":{\"@id\":\"https:\/\/longchangchemical.com\/product\/benzalkonium-chloride-cas-63449-41-2\/#primaryimage\"},\"thumbnailUrl\":\"https:\/\/longchangchemical.com\/wp-content\/uploads\/2021\/01\/Appearance-20.jpg\",\"datePublished\":\"2022-02-17T03:19:13+00:00\",\"dateModified\":\"2026-01-13T08:01:36+00:00\",\"description\":\"China Benzalkonium chloride manufacturer \uff06 CAS 63449-41-2 supplier - Longchang Chemical\",\"breadcrumb\":{\"@id\":\"https:\/\/longchangchemical.com\/product\/benzalkonium-chloride-cas-63449-41-2\/#breadcrumb\"},\"inLanguage\":\"pt-BR\",\"potentialAction\":[{\"@type\":\"ReadAction\",\"target\":[\"https:\/\/longchangchemical.com\/product\/benzalkonium-chloride-cas-63449-41-2\/\"]}]},{\"@type\":\"ImageObject\",\"inLanguage\":\"pt-BR\",\"@id\":\"https:\/\/longchangchemical.com\/product\/benzalkonium-chloride-cas-63449-41-2\/#primaryimage\",\"url\":\"https:\/\/longchangchemical.com\/wp-content\/uploads\/2021\/01\/Appearance-20.jpg\",\"contentUrl\":\"https:\/\/longchangchemical.com\/wp-content\/uploads\/2021\/01\/Appearance-20.jpg\",\"width\":600,\"height\":800},{\"@type\":\"BreadcrumbList\",\"@id\":\"https:\/\/longchangchemical.com\/product\/benzalkonium-chloride-cas-63449-41-2\/#breadcrumb\",\"itemListElement\":[{\"@type\":\"ListItem\",\"position\":1,\"name\":\"Home\",\"item\":\"https:\/\/longchangchemical.com\/\"},{\"@type\":\"ListItem\",\"position\":2,\"name\":\"Products Longchang\",\"item\":\"https:\/\/longchangchemical.com\/product\/\"},{\"@type\":\"ListItem\",\"position\":3,\"name\":\"Benzalkonium chloride CAS 63449-41-2\"}]},{\"@type\":\"WebSite\",\"@id\":\"https:\/\/longchangchemical.com\/#website\",\"url\":\"https:\/\/longchangchemical.com\/\",\"name\":\"Longchang Chemical\",\"description\":\"China chemical manufacturer \uff06 supplier\",\"publisher\":{\"@id\":\"https:\/\/longchangchemical.com\/#organization\"},\"potentialAction\":[{\"@type\":\"SearchAction\",\"target\":{\"@type\":\"EntryPoint\",\"urlTemplate\":\"https:\/\/longchangchemical.com\/?s={search_term_string}\"},\"query-input\":{\"@type\":\"PropertyValueSpecification\",\"valueRequired\":true,\"valueName\":\"search_term_string\"}}],\"inLanguage\":\"pt-BR\"},{\"@type\":\"Organization\",\"@id\":\"https:\/\/longchangchemical.com\/#organization\",\"name\":\"Longchang Chemical\",\"url\":\"https:\/\/longchangchemical.com\/\",\"logo\":{\"@type\":\"ImageObject\",\"inLanguage\":\"pt-BR\",\"@id\":\"https:\/\/longchangchemical.com\/#\/schema\/logo\/image\/\",\"url\":\"https:\/\/longchangchemical.com\/wp-content\/uploads\/2020\/08\/cropped-longchang-logo.png\",\"contentUrl\":\"https:\/\/longchangchemical.com\/wp-content\/uploads\/2020\/08\/cropped-longchang-logo.png\",\"width\":512,\"height\":512,\"caption\":\"Longchang Chemical\"},\"image\":{\"@id\":\"https:\/\/longchangchemical.com\/#\/schema\/logo\/image\/\"}}]}<\/script>\n<!-- \/ Yoast SEO plugin. -->","yoast_head_json":{"title":"Fabricante de cloreto de benzalc\u00f4nio na China \uff06 Fornecedor de CAS 63449-41-2 - Longchang Chemical","description":"Fabricante de cloreto de benzalc\u00f4nio na China \uff06 Fornecedor de CAS 63449-41-2 - Longchang Chemical","robots":{"index":"index","follow":"follow","max-snippet":"max-snippet:-1","max-image-preview":"max-image-preview:large","max-video-preview":"max-video-preview:-1"},"canonical":"https:\/\/longchangchemical.com\/pt\/product\/benzalkonium-chloride-cas-63449-41-2\/","og_locale":"pt_BR","og_type":"article","og_title":"China Benzalkonium chloride manufacturer \uff06 CAS 63449-41-2 supplier - Longchang Chemical","og_description":"China Benzalkonium chloride manufacturer \uff06 CAS 63449-41-2 supplier - Longchang Chemical","og_url":"https:\/\/longchangchemical.com\/pt\/product\/benzalkonium-chloride-cas-63449-41-2\/","og_site_name":"Longchang Chemical","article_modified_time":"2026-01-13T08:01:36+00:00","og_image":[{"width":600,"height":800,"url":"https:\/\/longchangchemical.com\/wp-content\/uploads\/2021\/01\/Appearance-20.jpg","type":"image\/jpeg"}],"twitter_card":"summary_large_image","schema":{"@context":"https:\/\/schema.org","@graph":[{"@type":"WebPage","@id":"https:\/\/longchangchemical.com\/product\/benzalkonium-chloride-cas-63449-41-2\/","url":"https:\/\/longchangchemical.com\/product\/benzalkonium-chloride-cas-63449-41-2\/","name":"Fabricante de cloreto de benzalc\u00f4nio na China \uff06 Fornecedor de CAS 63449-41-2 - Longchang Chemical","isPartOf":{"@id":"https:\/\/longchangchemical.com\/#website"},"primaryImageOfPage":{"@id":"https:\/\/longchangchemical.com\/product\/benzalkonium-chloride-cas-63449-41-2\/#primaryimage"},"image":{"@id":"https:\/\/longchangchemical.com\/product\/benzalkonium-chloride-cas-63449-41-2\/#primaryimage"},"thumbnailUrl":"https:\/\/longchangchemical.com\/wp-content\/uploads\/2021\/01\/Appearance-20.jpg","datePublished":"2022-02-17T03:19:13+00:00","dateModified":"2026-01-13T08:01:36+00:00","description":"Fabricante de cloreto de benzalc\u00f4nio na China \uff06 Fornecedor de CAS 63449-41-2 - Longchang Chemical","breadcrumb":{"@id":"https:\/\/longchangchemical.com\/product\/benzalkonium-chloride-cas-63449-41-2\/#breadcrumb"},"inLanguage":"pt-BR","potentialAction":[{"@type":"ReadAction","target":["https:\/\/longchangchemical.com\/product\/benzalkonium-chloride-cas-63449-41-2\/"]}]},{"@type":"ImageObject","inLanguage":"pt-BR","@id":"https:\/\/longchangchemical.com\/product\/benzalkonium-chloride-cas-63449-41-2\/#primaryimage","url":"https:\/\/longchangchemical.com\/wp-content\/uploads\/2021\/01\/Appearance-20.jpg","contentUrl":"https:\/\/longchangchemical.com\/wp-content\/uploads\/2021\/01\/Appearance-20.jpg","width":600,"height":800},{"@type":"BreadcrumbList","@id":"https:\/\/longchangchemical.com\/product\/benzalkonium-chloride-cas-63449-41-2\/#breadcrumb","itemListElement":[{"@type":"ListItem","position":1,"name":"Home","item":"https:\/\/longchangchemical.com\/"},{"@type":"ListItem","position":2,"name":"Products Longchang","item":"https:\/\/longchangchemical.com\/product\/"},{"@type":"ListItem","position":3,"name":"Benzalkonium chloride CAS 63449-41-2"}]},{"@type":"WebSite","@id":"https:\/\/longchangchemical.com\/#website","url":"https:\/\/longchangchemical.com\/","name":"Qu\u00edmica Longchang","description":"Fabricante de produtos qu\u00edmicos na China \uff06 fornecedor","publisher":{"@id":"https:\/\/longchangchemical.com\/#organization"},"potentialAction":[{"@type":"SearchAction","target":{"@type":"EntryPoint","urlTemplate":"https:\/\/longchangchemical.com\/?s={search_term_string}"},"query-input":{"@type":"PropertyValueSpecification","valueRequired":true,"valueName":"search_term_string"}}],"inLanguage":"pt-BR"},{"@type":"Organization","@id":"https:\/\/longchangchemical.com\/#organization","name":"Qu\u00edmica Longchang","url":"https:\/\/longchangchemical.com\/","logo":{"@type":"ImageObject","inLanguage":"pt-BR","@id":"https:\/\/longchangchemical.com\/#\/schema\/logo\/image\/","url":"https:\/\/longchangchemical.com\/wp-content\/uploads\/2020\/08\/cropped-longchang-logo.png","contentUrl":"https:\/\/longchangchemical.com\/wp-content\/uploads\/2020\/08\/cropped-longchang-logo.png","width":512,"height":512,"caption":"Longchang Chemical"},"image":{"@id":"https:\/\/longchangchemical.com\/#\/schema\/logo\/image\/"}}]}},"_links":{"self":[{"href":"https:\/\/longchangchemical.com\/pt\/wp-json\/wp\/v2\/product\/5069","targetHints":{"allow":["GET"]}}],"collection":[{"href":"https:\/\/longchangchemical.com\/pt\/wp-json\/wp\/v2\/product"}],"about":[{"href":"https:\/\/longchangchemical.com\/pt\/wp-json\/wp\/v2\/types\/product"}],"replies":[{"embeddable":true,"href":"https:\/\/longchangchemical.com\/pt\/wp-json\/wp\/v2\/comments?post=5069"}],"wp:featuredmedia":[{"embeddable":true,"href":"https:\/\/longchangchemical.com\/pt\/wp-json\/wp\/v2\/media\/4553"}],"wp:attachment":[{"href":"https:\/\/longchangchemical.com\/pt\/wp-json\/wp\/v2\/media?parent=5069"}],"wp:term":[{"taxonomy":"product_brand","embeddable":true,"href":"https:\/\/longchangchemical.com\/pt\/wp-json\/wp\/v2\/product_brand?post=5069"},{"taxonomy":"product_cat","embeddable":true,"href":"https:\/\/longchangchemical.com\/pt\/wp-json\/wp\/v2\/product_cat?post=5069"},{"taxonomy":"product_tag","embeddable":true,"href":"https:\/\/longchangchemical.com\/pt\/wp-json\/wp\/v2\/product_tag?post=5069"}],"curies":[{"name":"wp","href":"https:\/\/api.w.org\/{rel}","templated":true}]}}