{"id":4860,"date":"2021-11-26T15:20:02","date_gmt":"2021-11-26T15:20:02","guid":{"rendered":"https:\/\/longchangchemical.com\/?post_type=product&#038;p=4860"},"modified":"2024-04-28T03:18:17","modified_gmt":"2024-04-28T03:18:17","slug":"soresyna1085","status":"publish","type":"product","link":"https:\/\/longchangchemical.com\/pt\/product\/soresyna1085\/","title":{"rendered":"Soresyn\u00aeA1085"},"content":{"rendered":"<h1><strong>Soresyn\u00aeA1085<\/strong><\/h1>\n<table width=\"497\">\n<tbody>\n<tr>\n<td width=\"147\">C\u00f3digo No.<\/td>\n<td colspan=\"3\" width=\"350\">Soresyn\u00ae-A1085<\/td>\n<\/tr>\n<tr>\n<td><\/td>\n<td>Super Grau<\/td>\n<td>Primeira s\u00e9rie<\/td>\n<td>Grau de qualifica\u00e7\u00e3o<\/td>\n<\/tr>\n<tr>\n<td>Apar\u00eancia<\/td>\n<td colspan=\"3\">Granular<\/td>\n<\/tr>\n<tr>\n<td>Pontos de amolecimento<\/td>\n<td colspan=\"3\">80-90<\/td>\n<\/tr>\n<tr>\n<td>N\u00famero da cor\u2264<\/td>\n<td>5<\/td>\n<td>6<\/td>\n<td>8<\/td>\n<\/tr>\n<tr>\n<td>N\u00famero de \u00e1cido<\/td>\n<td colspan=\"3\">\u22641<\/td>\n<\/tr>\n<tr>\n<td width=\"147\">Viscosidade de fus\u00e3o mPa.s, \u2264<\/td>\n<td colspan=\"3\">Teste de acordo com a solicita\u00e7\u00e3o dos clientes<\/td>\n<\/tr>\n<tr>\n<td>Pontos de inflama\u00e7\u00e3o<\/td>\n<td colspan=\"3\">Teste de acordo com a solicita\u00e7\u00e3o dos clientes<\/td>\n<\/tr>\n<\/tbody>\n<\/table>\n<h2><strong>Embalagem do Soresyn\u00aeA1085<\/strong><\/h2>\n<h4>A embalagem do produto deve usar sacos de tecido de polipropileno revestidos com sacos de filme de polietileno ou outras condi\u00e7\u00f5es de embalagem. Os materiais de embalagem devem garantir que n\u00e3o haja polui\u00e7\u00e3o ou vazamento durante o transporte, o empilhamento e o armazenamento, e que o conte\u00fado l\u00edquido seja de 25 kg, 500 kg sem desgaste.<\/h4>\n<h2><strong>Transporte Soresyn\u00aeA1085<\/strong><\/h2>\n<h4>Este produto n\u00e3o \u00e9 perigoso. \u00c9 estritamente proibido usar ferramentas afiadas, como ganchos de ferro, durante o transporte, a carga e a descarga, e n\u00e3o jogue o produto. O meio de transporte deve ser mantido limpo, seco e equipado com um galp\u00e3o. Durante o transporte, o produto n\u00e3o deve ser misturado com areia, metal quebrado, carv\u00e3o, vidro etc. e n\u00e3o deve ser misturado com materiais t\u00f3xicos, corrosivos ou inflam\u00e1veis. A exposi\u00e7\u00e3o ao sol ou \u00e0 chuva \u00e9 estritamente proibida. Chuveiro.<\/h4>\n<p>&nbsp;<\/p>\n<h2><strong><b>Entre em contato conosco agora!<\/b><\/strong><\/h2>\n<h4><strong><b>Se precisar de COA ou TDS, preencha suas informa\u00e7\u00f5es de contato no formul\u00e1rio abaixo. Normalmente, entraremos em contato dentro de 24 horas. Voc\u00ea tamb\u00e9m pode me enviar um e-mail <span style=\"color: #0000ff;\"><a style=\"color: #0000ff;\" href=\"mailto:info@longchangchemical.com\">info@longchangchemical.com<\/a><\/span> durante o hor\u00e1rio comercial (das 8h30 \u00e0s 18h UTC+8 de segunda a s\u00e1bado) ou use o bate-papo ao vivo do site para obter uma resposta imediata.<\/b><\/strong><\/h4>","protected":false},"excerpt":{"rendered":"<h4><strong><b>Se precisar de COA ou TDS, preencha suas informa\u00e7\u00f5es de contato no formul\u00e1rio abaixo. Normalmente, entraremos em contato dentro de 24 horas. Voc\u00ea tamb\u00e9m pode me enviar um e-mail <span style=\"color: #0000ff;\"><a style=\"color: #0000ff;\" href=\"mailto:info@longchangchemical.com\">info@longchangchemical.com<\/a><\/span> durante o hor\u00e1rio de trabalho (8:30 \u00e0s 18:00 UTC+8 de segunda a s\u00e1bado)<\/b><\/strong><\/h4>","protected":false},"featured_media":4849,"comment_status":"open","ping_status":"closed","template":"","meta":[],"product_brand":[],"product_cat":[69,116],"product_tag":[],"class_list":{"0":"post-4860","1":"product","2":"type-product","3":"status-publish","4":"has-post-thumbnail","6":"product_cat-catalysts-chemical-auxiliary-agents","7":"product_cat-soresyn-resin","9":"first","10":"instock","11":"shipping-taxable","12":"product-type-simple"},"yoast_head":"<!-- This site is optimized with the Yoast SEO plugin v25.3.1 - https:\/\/yoast.com\/wordpress\/plugins\/seo\/ -->\n<title>China Soresyn\u00aeA1085 Manufacturer - Longchang Chemical<\/title>\n<meta name=\"description\" content=\"Soresyn\u00aeA1085 is a key product of Longchang Chemical. We provide the best price. We are the leading manufacturer in China with the best quality and competitive price.\" \/>\n<meta name=\"robots\" content=\"index, follow, max-snippet:-1, max-image-preview:large, max-video-preview:-1\" \/>\n<link rel=\"canonical\" href=\"https:\/\/longchangchemical.com\/pt\/product\/soresyna1085\/\" \/>\n<meta property=\"og:locale\" content=\"pt_BR\" \/>\n<meta property=\"og:type\" content=\"article\" \/>\n<meta property=\"og:title\" content=\"China Soresyn\u00aeA1085 Manufacturer - Longchang Chemical\" \/>\n<meta property=\"og:description\" content=\"Soresyn\u00aeA1085 is a key product of Longchang Chemical. We provide the best price. We are the leading manufacturer in China with the best quality and competitive price.\" \/>\n<meta property=\"og:url\" content=\"https:\/\/longchangchemical.com\/pt\/product\/soresyna1085\/\" \/>\n<meta property=\"og:site_name\" content=\"Longchang Chemical\" \/>\n<meta property=\"article:modified_time\" content=\"2024-04-28T03:18:17+00:00\" \/>\n<meta property=\"og:image\" content=\"https:\/\/longchangchemical.com\/wp-content\/uploads\/2021\/11\/5100-Appearance.jpg\" \/>\n\t<meta property=\"og:image:width\" content=\"600\" \/>\n\t<meta property=\"og:image:height\" content=\"800\" \/>\n\t<meta property=\"og:image:type\" content=\"image\/jpeg\" \/>\n<meta name=\"twitter:card\" content=\"summary_large_image\" \/>\n<script type=\"application\/ld+json\" class=\"yoast-schema-graph\">{\"@context\":\"https:\/\/schema.org\",\"@graph\":[{\"@type\":\"WebPage\",\"@id\":\"https:\/\/longchangchemical.com\/product\/soresyna1085\/\",\"url\":\"https:\/\/longchangchemical.com\/product\/soresyna1085\/\",\"name\":\"China Soresyn\u00aeA1085 Manufacturer - Longchang Chemical\",\"isPartOf\":{\"@id\":\"https:\/\/longchangchemical.com\/#website\"},\"primaryImageOfPage\":{\"@id\":\"https:\/\/longchangchemical.com\/product\/soresyna1085\/#primaryimage\"},\"image\":{\"@id\":\"https:\/\/longchangchemical.com\/product\/soresyna1085\/#primaryimage\"},\"thumbnailUrl\":\"https:\/\/longchangchemical.com\/wp-content\/uploads\/2021\/11\/5100-Appearance.jpg\",\"datePublished\":\"2021-11-26T15:20:02+00:00\",\"dateModified\":\"2024-04-28T03:18:17+00:00\",\"description\":\"Soresyn\u00aeA1085 is a key product of Longchang Chemical. We provide the best price. We are the leading manufacturer in China with the best quality and competitive price.\",\"breadcrumb\":{\"@id\":\"https:\/\/longchangchemical.com\/product\/soresyna1085\/#breadcrumb\"},\"inLanguage\":\"pt-BR\",\"potentialAction\":[{\"@type\":\"ReadAction\",\"target\":[\"https:\/\/longchangchemical.com\/product\/soresyna1085\/\"]}]},{\"@type\":\"ImageObject\",\"inLanguage\":\"pt-BR\",\"@id\":\"https:\/\/longchangchemical.com\/product\/soresyna1085\/#primaryimage\",\"url\":\"https:\/\/longchangchemical.com\/wp-content\/uploads\/2021\/11\/5100-Appearance.jpg\",\"contentUrl\":\"https:\/\/longchangchemical.com\/wp-content\/uploads\/2021\/11\/5100-Appearance.jpg\",\"width\":600,\"height\":800,\"caption\":\"A1085-Appearance\"},{\"@type\":\"BreadcrumbList\",\"@id\":\"https:\/\/longchangchemical.com\/product\/soresyna1085\/#breadcrumb\",\"itemListElement\":[{\"@type\":\"ListItem\",\"position\":1,\"name\":\"Home\",\"item\":\"https:\/\/longchangchemical.com\/\"},{\"@type\":\"ListItem\",\"position\":2,\"name\":\"Products Longchang\",\"item\":\"https:\/\/longchangchemical.com\/product\/\"},{\"@type\":\"ListItem\",\"position\":3,\"name\":\"Soresyn\u00aeA1085\"}]},{\"@type\":\"WebSite\",\"@id\":\"https:\/\/longchangchemical.com\/#website\",\"url\":\"https:\/\/longchangchemical.com\/\",\"name\":\"Longchang Chemical\",\"description\":\"China chemical manufacturer \uff06 supplier\",\"publisher\":{\"@id\":\"https:\/\/longchangchemical.com\/#organization\"},\"potentialAction\":[{\"@type\":\"SearchAction\",\"target\":{\"@type\":\"EntryPoint\",\"urlTemplate\":\"https:\/\/longchangchemical.com\/?s={search_term_string}\"},\"query-input\":{\"@type\":\"PropertyValueSpecification\",\"valueRequired\":true,\"valueName\":\"search_term_string\"}}],\"inLanguage\":\"pt-BR\"},{\"@type\":\"Organization\",\"@id\":\"https:\/\/longchangchemical.com\/#organization\",\"name\":\"Longchang Chemical\",\"url\":\"https:\/\/longchangchemical.com\/\",\"logo\":{\"@type\":\"ImageObject\",\"inLanguage\":\"pt-BR\",\"@id\":\"https:\/\/longchangchemical.com\/#\/schema\/logo\/image\/\",\"url\":\"https:\/\/longchangchemical.com\/wp-content\/uploads\/2020\/08\/cropped-longchang-logo.png\",\"contentUrl\":\"https:\/\/longchangchemical.com\/wp-content\/uploads\/2020\/08\/cropped-longchang-logo.png\",\"width\":512,\"height\":512,\"caption\":\"Longchang Chemical\"},\"image\":{\"@id\":\"https:\/\/longchangchemical.com\/#\/schema\/logo\/image\/\"}}]}<\/script>\n<!-- \/ Yoast SEO plugin. -->","yoast_head_json":{"title":"Fabricante de Soresyn\u00aeA1085 na China - Longchang Chemical","description":"O Soresyn\u00aeA1085 \u00e9 um produto-chave da Longchang Chemical. Oferecemos o melhor pre\u00e7o. Somos o principal fabricante da China, com a melhor qualidade e pre\u00e7o competitivo.","robots":{"index":"index","follow":"follow","max-snippet":"max-snippet:-1","max-image-preview":"max-image-preview:large","max-video-preview":"max-video-preview:-1"},"canonical":"https:\/\/longchangchemical.com\/pt\/product\/soresyna1085\/","og_locale":"pt_BR","og_type":"article","og_title":"China Soresyn\u00aeA1085 Manufacturer - Longchang Chemical","og_description":"Soresyn\u00aeA1085 is a key product of Longchang Chemical. We provide the best price. We are the leading manufacturer in China with the best quality and competitive price.","og_url":"https:\/\/longchangchemical.com\/pt\/product\/soresyna1085\/","og_site_name":"Longchang Chemical","article_modified_time":"2024-04-28T03:18:17+00:00","og_image":[{"width":600,"height":800,"url":"https:\/\/longchangchemical.com\/wp-content\/uploads\/2021\/11\/5100-Appearance.jpg","type":"image\/jpeg"}],"twitter_card":"summary_large_image","schema":{"@context":"https:\/\/schema.org","@graph":[{"@type":"WebPage","@id":"https:\/\/longchangchemical.com\/product\/soresyna1085\/","url":"https:\/\/longchangchemical.com\/product\/soresyna1085\/","name":"Fabricante de Soresyn\u00aeA1085 na China - Longchang Chemical","isPartOf":{"@id":"https:\/\/longchangchemical.com\/#website"},"primaryImageOfPage":{"@id":"https:\/\/longchangchemical.com\/product\/soresyna1085\/#primaryimage"},"image":{"@id":"https:\/\/longchangchemical.com\/product\/soresyna1085\/#primaryimage"},"thumbnailUrl":"https:\/\/longchangchemical.com\/wp-content\/uploads\/2021\/11\/5100-Appearance.jpg","datePublished":"2021-11-26T15:20:02+00:00","dateModified":"2024-04-28T03:18:17+00:00","description":"O Soresyn\u00aeA1085 \u00e9 um produto-chave da Longchang Chemical. Oferecemos o melhor pre\u00e7o. Somos o principal fabricante da China, com a melhor qualidade e pre\u00e7o competitivo.","breadcrumb":{"@id":"https:\/\/longchangchemical.com\/product\/soresyna1085\/#breadcrumb"},"inLanguage":"pt-BR","potentialAction":[{"@type":"ReadAction","target":["https:\/\/longchangchemical.com\/product\/soresyna1085\/"]}]},{"@type":"ImageObject","inLanguage":"pt-BR","@id":"https:\/\/longchangchemical.com\/product\/soresyna1085\/#primaryimage","url":"https:\/\/longchangchemical.com\/wp-content\/uploads\/2021\/11\/5100-Appearance.jpg","contentUrl":"https:\/\/longchangchemical.com\/wp-content\/uploads\/2021\/11\/5100-Appearance.jpg","width":600,"height":800,"caption":"A1085-Appearance"},{"@type":"BreadcrumbList","@id":"https:\/\/longchangchemical.com\/product\/soresyna1085\/#breadcrumb","itemListElement":[{"@type":"ListItem","position":1,"name":"Home","item":"https:\/\/longchangchemical.com\/"},{"@type":"ListItem","position":2,"name":"Products Longchang","item":"https:\/\/longchangchemical.com\/product\/"},{"@type":"ListItem","position":3,"name":"Soresyn\u00aeA1085"}]},{"@type":"WebSite","@id":"https:\/\/longchangchemical.com\/#website","url":"https:\/\/longchangchemical.com\/","name":"Qu\u00edmica Longchang","description":"Fabricante de produtos qu\u00edmicos na China \uff06 fornecedor","publisher":{"@id":"https:\/\/longchangchemical.com\/#organization"},"potentialAction":[{"@type":"SearchAction","target":{"@type":"EntryPoint","urlTemplate":"https:\/\/longchangchemical.com\/?s={search_term_string}"},"query-input":{"@type":"PropertyValueSpecification","valueRequired":true,"valueName":"search_term_string"}}],"inLanguage":"pt-BR"},{"@type":"Organization","@id":"https:\/\/longchangchemical.com\/#organization","name":"Qu\u00edmica Longchang","url":"https:\/\/longchangchemical.com\/","logo":{"@type":"ImageObject","inLanguage":"pt-BR","@id":"https:\/\/longchangchemical.com\/#\/schema\/logo\/image\/","url":"https:\/\/longchangchemical.com\/wp-content\/uploads\/2020\/08\/cropped-longchang-logo.png","contentUrl":"https:\/\/longchangchemical.com\/wp-content\/uploads\/2020\/08\/cropped-longchang-logo.png","width":512,"height":512,"caption":"Longchang Chemical"},"image":{"@id":"https:\/\/longchangchemical.com\/#\/schema\/logo\/image\/"}}]}},"_links":{"self":[{"href":"https:\/\/longchangchemical.com\/pt\/wp-json\/wp\/v2\/product\/4860","targetHints":{"allow":["GET"]}}],"collection":[{"href":"https:\/\/longchangchemical.com\/pt\/wp-json\/wp\/v2\/product"}],"about":[{"href":"https:\/\/longchangchemical.com\/pt\/wp-json\/wp\/v2\/types\/product"}],"replies":[{"embeddable":true,"href":"https:\/\/longchangchemical.com\/pt\/wp-json\/wp\/v2\/comments?post=4860"}],"wp:featuredmedia":[{"embeddable":true,"href":"https:\/\/longchangchemical.com\/pt\/wp-json\/wp\/v2\/media\/4849"}],"wp:attachment":[{"href":"https:\/\/longchangchemical.com\/pt\/wp-json\/wp\/v2\/media?parent=4860"}],"wp:term":[{"taxonomy":"product_brand","embeddable":true,"href":"https:\/\/longchangchemical.com\/pt\/wp-json\/wp\/v2\/product_brand?post=4860"},{"taxonomy":"product_cat","embeddable":true,"href":"https:\/\/longchangchemical.com\/pt\/wp-json\/wp\/v2\/product_cat?post=4860"},{"taxonomy":"product_tag","embeddable":true,"href":"https:\/\/longchangchemical.com\/pt\/wp-json\/wp\/v2\/product_tag?post=4860"}],"curies":[{"name":"wp","href":"https:\/\/api.w.org\/{rel}","templated":true}]}}