{"id":4800,"date":"2021-10-11T15:30:07","date_gmt":"2021-10-11T15:30:07","guid":{"rendered":"https:\/\/longchangchemical.com\/?post_type=product&#038;p=4800"},"modified":"2026-01-12T06:03:48","modified_gmt":"2026-01-12T06:03:48","slug":"dmdee-cas-6425-39-4","status":"publish","type":"product","link":"https:\/\/longchangchemical.com\/pt\/product\/dmdee-cas-6425-39-4\/","title":{"rendered":"Sinocat\u00ae DMDEE CAS 6425-39-4"},"content":{"rendered":"<h1><strong>Sinocat\u00ae DMDEE CAS 6425-39-4<\/strong><\/h1>\n<table>\n<tbody>\n<tr>\n<td width=\"324\">\n<h4>Item<\/h4>\n<\/td>\n<td width=\"322\">\n<h4>Padr\u00e3o<\/h4>\n<\/td>\n<\/tr>\n<tr>\n<td width=\"324\">\n<h4>Apar\u00eancia<\/h4>\n<\/td>\n<td width=\"322\">\n<h4>L\u00edquido transparente incolor<\/h4>\n<\/td>\n<\/tr>\n<tr>\n<td width=\"324\">\n<h4>Cromaticidade<\/h4>\n<\/td>\n<td width=\"322\">\n<h4>\uff1c2<\/h4>\n<\/td>\n<\/tr>\n<tr>\n<td width=\"324\">\n<h4>Teor de \u00e1gua<\/h4>\n<\/td>\n<td width=\"322\">\n<h4>\u22640,1%<\/h4>\n<\/td>\n<\/tr>\n<tr>\n<td width=\"324\">\n<h4>Conte\u00fado<\/h4>\n<\/td>\n<td width=\"322\">\n<h4>\u226599%<\/h4>\n<\/td>\n<\/tr>\n<\/tbody>\n<\/table>\n<p>&nbsp;<\/p>\n<h2><strong>Sinocat\u00ae DMDEE Aplica\u00e7\u00e3o:<\/strong><\/h2>\n<h4>O Sinocat\u00ae DMDEE \u00e9 adequado para sistemas de cura com \u00e1gua e \u00e9 um forte catalisador de espuma. Devido ao impedimento est\u00e9rico dos grupos amino, o per\u00edodo de armazenamento dos componentes NCO pode ser prolongado. \u00c9 adequado para a rea\u00e7\u00e3o catal\u00edtica de NCO e \u00e1gua em sistemas como TDI, MDI e IPDI. O Sinocat\u00ae DMDEE \u00e9 usado principalmente em sistemas de espuma r\u00edgida de poliuretano de um componente, mas tamb\u00e9m pode ser usado para espuma macia de poli\u00e9ter e poli\u00e9ster de poliuretano, espuma semirr\u00edgida, material CASE, etc. A quantidade de adi\u00e7\u00e3o corresponde a 0,3-0,55% do componente de poli\u00e9ter\/\u00e9ster.<\/h4>\n<h4>Esse produto pode substituir o \u00e9ter 2,2\u2032-dimorfolinodiet\u00edlico; 2,2-dimorfolina dietiltere; 4,4\u2032-(oxidietano-2,1-diil)dimorfolina; 4-[2-(2-morfolina-4-iletoxi)etil]morfolina; 4-{2-[2-(morfolina-4-il)etoxi]etil}morfolina.<\/h4>\n<p>Catalisador para polimeriza\u00e7\u00e3o de poliuretano: O DMDEE pode ser usado como um catalisador para a polimeriza\u00e7\u00e3o de poliuretano para facilitar a s\u00edntese de materiais de poliuretano. Na rea\u00e7\u00e3o de polimeriza\u00e7\u00e3o, o DMDEE reage com o isocianato (geralmente diisocianato) para formar um nucle\u00f3filo, que, por sua vez, desencadeia a rea\u00e7\u00e3o de polimeriza\u00e7\u00e3o. O DMDEE pode acelerar o processo de cura de materiais de poliuretano, melhorando a taxa e a efici\u00eancia da rea\u00e7\u00e3o.<\/p>\n<p>Revestimentos e adesivos de poliuretano: O DMDEE \u00e9 amplamente utilizado na fabrica\u00e7\u00e3o de revestimentos e adesivos de poliuretano. A adi\u00e7\u00e3o de DMDEE proporciona aos revestimentos de poliuretano boa resist\u00eancia a intemp\u00e9ries, produtos qu\u00edmicos e abras\u00e3o para uma ampla gama de aplica\u00e7\u00f5es em revestimentos e adesivos.<\/p>\n<p>Elast\u00f4meros de poliuretano: O DMDEE desempenha um papel fundamental na fabrica\u00e7\u00e3o de elast\u00f4meros de poliuretano. Ao adicionar DMDEE \u00e0 rea\u00e7\u00e3o de polimeriza\u00e7\u00e3o, a dureza, a elasticidade e a resist\u00eancia \u00e0 abras\u00e3o dos elast\u00f4meros de poliuretano podem ser ajustadas. Os elast\u00f4meros de poliuretano s\u00e3o usados em uma ampla gama de aplica\u00e7\u00f5es, como fabrica\u00e7\u00e3o de autom\u00f3veis, materiais de constru\u00e7\u00e3o, solas de sapatos, m\u00f3veis e amortecimento.<\/p>\n<p>Espuma de poliuretano: O DMDEE desempenha um papel catalisador na prepara\u00e7\u00e3o de espuma de poliuretano. Ele pode promover a rea\u00e7\u00e3o de forma\u00e7\u00e3o de espuma da espuma de poliuretano, de modo que o material da espuma obtenha a estrutura de poros e as propriedades f\u00edsicas ideais. A espuma de poliuretano \u00e9 amplamente utilizada em materiais de isolamento, materiais de enchimento, materiais de absor\u00e7\u00e3o de som e materiais de amortecimento.<\/p>\n<p>Outras aplica\u00e7\u00f5es: O DMDEE tamb\u00e9m pode ser usado no processo de fabrica\u00e7\u00e3o de adesivos el\u00e1sticos de poliuretano, materiais de veda\u00e7\u00e3o, tintas \u00e0 prova d'\u00e1gua, revestimentos e adesivos. Ele tem melhor estabilidade e capacidade de trabalho e pode melhorar o desempenho e a qualidade dos produtos.<\/p>\n<h2><strong><b>Armazenamento de Sinocat\u00ae DMDEE:<\/b><\/strong><\/h2>\n<h4>Armazenado em um local fresco e seco, longe da luz solar direta.<\/h4>\n<h2><strong>Embalagem Sinocat\u00ae DMDEE<\/strong>:<\/h2>\n<h4>220 kg\/tambor.<\/h4>\n<h2><strong><b>Entre em contato conosco agora!<\/b><\/strong><\/h2>\n<h4><strong><b>Se precisar do Price, preencha suas informa\u00e7\u00f5es de contato no formul\u00e1rio abaixo. Normalmente, entraremos em contato dentro de 24 horas. Voc\u00ea tamb\u00e9m pode me enviar um e-mail <span style=\"color: #0000ff;\"><a style=\"color: #0000ff;\" href=\"mailto:info@longchangchemical.com\">info@longchangchemical.com<\/a><\/span> durante o hor\u00e1rio comercial (das 8h30 \u00e0s 18h UTC+8 de segunda a s\u00e1bado) ou use o bate-papo ao vivo do site para obter uma resposta imediata.<\/b><\/strong><\/h4>\n<p><!--more--><\/p>\n<p>\u00c9 da natureza de um catalisador reduzir a temperatura durante uma rea\u00e7\u00e3o violenta?<\/p>\n<p>A ess\u00eancia de um catalisador n\u00e3o \u00e9 reduzir a temperatura durante uma rea\u00e7\u00e3o violenta, mas acelerar a taxa da rea\u00e7\u00e3o diminuindo a energia de ativa\u00e7\u00e3o da rea\u00e7\u00e3o. A energia de ativa\u00e7\u00e3o \u00e9 a quantidade m\u00ednima de energia necess\u00e1ria para converter um reagente em um produto e tamb\u00e9m pode ser entendida como a barreira de energia que o reagente precisa superar durante a rea\u00e7\u00e3o. Em uma rea\u00e7\u00e3o qu\u00edmica, se os reagentes n\u00e3o conseguirem superar a barreira de energia, a rea\u00e7\u00e3o n\u00e3o poder\u00e1 prosseguir. Um catalisador facilita a rea\u00e7\u00e3o ao reduzir a quantidade de energia necess\u00e1ria para que os reagentes superem essa barreira de energia.<\/p>\n<p>Embora um catalisador reduza a energia de ativa\u00e7\u00e3o de uma rea\u00e7\u00e3o, ele n\u00e3o diminui a temperatura de uma rea\u00e7\u00e3o violenta. Os catalisadores permitem que as rea\u00e7\u00f5es ocorram em condi\u00e7\u00f5es mais brandas, mas tamb\u00e9m n\u00e3o reduzem a temperatura de uma rea\u00e7\u00e3o quando ela exige uma grande quantidade de energia t\u00e9rmica. Al\u00e9m disso, os catalisadores tamb\u00e9m podem acelerar a taxa de rea\u00e7\u00f5es violentas que podem resultar em altas temperaturas ou press\u00f5es. Portanto, a fun\u00e7\u00e3o de um catalisador n\u00e3o \u00e9 acelerar uma rea\u00e7\u00e3o diminuindo sua temperatura, mas sim acelerar a taxa da rea\u00e7\u00e3o alterando as intera\u00e7\u00f5es entre os reagentes.<\/p>\n<p>A maioria dos adesivos PUR (hot melt adhesive) usa basicamente um catalisador, o \u00e9ter bis-morfolino diet\u00edlico DMDEE, n\u00famero CAS: 6425-39-4<\/p>\n<p>A quantidade dele na f\u00f3rmula \u00e9 muito pequena, geralmente entre 0,05%-0,5%, mas desempenha um papel muito importante: promover a rea\u00e7\u00e3o entre o isocianato e o g\u00e1s da \u00e1gua, acelerar a velocidade de cura.<\/p>\n<p>H\u00e1 muitos tipos de catalisadores de poliuretano, por que o DMDEE?<\/p>\n<p>Isso ocorre porque ele n\u00e3o apenas melhora a velocidade de cura do PUR, mas tamb\u00e9m mant\u00e9m uma boa estabilidade t\u00e9rmica, ou seja, um crescimento relativamente lento da viscosidade em altas temperaturas.<\/p>\n<p>E nenhum catalisador de PUR, mais do que a maioria dos catalisadores, pode acelerar a taxa de cura do PUR, sendo o DMDEE o efeito mais \u00f3bvio. Em 30 minutos, \u00e9 poss\u00edvel aumentar rapidamente a resist\u00eancia ao cisalhamento de 14 psi para 200 psi, curando 1 hora ap\u00f3s a resist\u00eancia da liga\u00e7\u00e3o ter atingido o n\u00edvel de dois dias de cura.<\/p>\n<p>Al\u00e9m de apresentar a taxa de cura mais r\u00e1pida, o DMDEE tem a melhor estabilidade de armazenamento t\u00e9rmico. Sob condi\u00e7\u00f5es de aquecimento a 120\u00b0C, o sistema DMDEE de PUR avaliou uma taxa de crescimento de viscosidade por hora de apenas 3,1%, que \u00e9 apenas 0,5% maior do que a taxa de crescimento de 2,6% do sistema sem catalisador de PUR. Outros catalisadores t\u00eam uma taxa de crescimento de viscosidade de pelo menos 6,2% por hora.<\/p>\n<p>Al\u00e9m disso, embora o DMDEE seja usado em quantidades muito pequenas, pequenas flutua\u00e7\u00f5es podem causar flutua\u00e7\u00f5es significativas no desempenho. Apenas com o aumento do teor de DMDEE de 0,05% para 0,1%, a resist\u00eancia ao cisalhamento do produto curado por 30 minutos, 1 hora e 1,5 hora mudou abruptamente.<\/p>\n<p>Ao mesmo tempo, se voc\u00ea quiser obter um PUR de cura r\u00e1pida, um dos m\u00e9todos eficazes e imediatos \u00e9 aumentar o teor de DMDEE de 0,05% para 0,15%, e voc\u00ea poder\u00e1 obter uma resist\u00eancia ao cisalhamento de 290 psi em 1,5 horas, o que \u00e9 basicamente equivalente \u00e0 resist\u00eancia de um PUR totalmente curado.<\/p>\n<p>No entanto, um teor muito alto de DMDEE tende a reduzir a estabilidade t\u00e9rmica de lote para lote e tamb\u00e9m pode gerar bolhas de ar no adesivo curado.<\/p>\n<p>Em suma, n\u00e3o subestime o baixo teor de catalisador, que tem um impacto cr\u00edtico no desempenho geral dos adesivos hot melt PUR.<\/p>","protected":false},"excerpt":{"rendered":"<h4>Nome qu\u00edmico: \u00c9ter 2,2\u2032-Dimorfolinodiet\u00edlico<\/h4>\n<h4>CAS: 6425-39-4<\/h4>\n<h4>Sin\u00f4nimo:DMDEE;Niax\" Catalyst DMDEE;4,4\u2032-(oxidietano-2,1-diil)dimorfolina<\/h4>\n<h4>F\u00f3rmula: C12H24N2O3<\/h4>\n<h4>Peso molecular: 244,33<\/h4>\n<h4>Conte\u00fado:\uff1e99%<\/h4>","protected":false},"featured_media":4395,"comment_status":"open","ping_status":"closed","template":"","meta":[],"product_brand":[],"product_cat":[119],"product_tag":[],"class_list":{"0":"post-4800","1":"product","2":"type-product","3":"status-publish","4":"has-post-thumbnail","6":"product_cat-synocat-polyurethane-catalyst","8":"first","9":"instock","10":"shipping-taxable","11":"product-type-simple"},"yoast_head":"<!-- This site is optimized with the Yoast SEO plugin v25.3.1 - https:\/\/yoast.com\/wordpress\/plugins\/seo\/ -->\n<title>China PU Catalyst DMDEE \/ 2,2&#039;-Dimorpholinodiethyl ether \/ DMDEE manufacturer - Longchang Chemical<\/title>\n<meta name=\"description\" content=\"China 2,2&#039;-Dimorpholinodiethyl ether \/ DMDEE manufacturer. DMDEE (REACH covered )can be used as pu catalyst ,aka DMDEE;Niax\u00ab Catalyst DMDEE; and is the key product of Longchang chemical. We are the leading pu catalyst manufacturer and supplier in China with the best quanlity and competitive price.\" \/>\n<meta name=\"robots\" content=\"index, follow, max-snippet:-1, max-image-preview:large, max-video-preview:-1\" \/>\n<link rel=\"canonical\" href=\"https:\/\/longchangchemical.com\/pt\/product\/dmdee-cas-6425-39-4\/\" \/>\n<meta property=\"og:locale\" content=\"pt_BR\" \/>\n<meta property=\"og:type\" content=\"article\" \/>\n<meta property=\"og:title\" content=\"China PU Catalyst DMDEE \/ 2,2&#039;-Dimorpholinodiethyl ether \/ DMDEE manufacturer - Longchang Chemical\" \/>\n<meta property=\"og:description\" content=\"China 2,2&#039;-Dimorpholinodiethyl ether \/ DMDEE manufacturer. DMDEE (REACH covered )can be used as pu catalyst ,aka DMDEE;Niax\u00ab Catalyst DMDEE; and is the key product of Longchang chemical. We are the leading pu catalyst manufacturer and supplier in China with the best quanlity and competitive price.\" \/>\n<meta property=\"og:url\" content=\"https:\/\/longchangchemical.com\/pt\/product\/dmdee-cas-6425-39-4\/\" \/>\n<meta property=\"og:site_name\" content=\"Longchang Chemical\" \/>\n<meta property=\"article:modified_time\" content=\"2026-01-12T06:03:48+00:00\" \/>\n<meta property=\"og:image\" content=\"https:\/\/longchangchemical.com\/wp-content\/uploads\/2021\/02\/Triethyl-citrate-Appearance.jpg\" \/>\n\t<meta property=\"og:image:width\" content=\"600\" \/>\n\t<meta property=\"og:image:height\" content=\"800\" \/>\n\t<meta property=\"og:image:type\" content=\"image\/jpeg\" \/>\n<meta name=\"twitter:card\" content=\"summary_large_image\" \/>\n<script type=\"application\/ld+json\" class=\"yoast-schema-graph\">{\"@context\":\"https:\/\/schema.org\",\"@graph\":[{\"@type\":\"WebPage\",\"@id\":\"https:\/\/longchangchemical.com\/product\/dmdee-cas-6425-39-4\/\",\"url\":\"https:\/\/longchangchemical.com\/product\/dmdee-cas-6425-39-4\/\",\"name\":\"China PU Catalyst DMDEE \/ 2,2'-Dimorpholinodiethyl ether \/ DMDEE manufacturer - Longchang Chemical\",\"isPartOf\":{\"@id\":\"https:\/\/longchangchemical.com\/#website\"},\"primaryImageOfPage\":{\"@id\":\"https:\/\/longchangchemical.com\/product\/dmdee-cas-6425-39-4\/#primaryimage\"},\"image\":{\"@id\":\"https:\/\/longchangchemical.com\/product\/dmdee-cas-6425-39-4\/#primaryimage\"},\"thumbnailUrl\":\"https:\/\/longchangchemical.com\/wp-content\/uploads\/2021\/02\/Triethyl-citrate-Appearance.jpg\",\"datePublished\":\"2021-10-11T15:30:07+00:00\",\"dateModified\":\"2026-01-12T06:03:48+00:00\",\"description\":\"China 2,2'-Dimorpholinodiethyl ether \/ DMDEE manufacturer. DMDEE (REACH covered )can be used as pu catalyst ,aka DMDEE;Niax\u00ab Catalyst DMDEE; and is the key product of Longchang chemical. We are the leading pu catalyst manufacturer and supplier in China with the best quanlity and competitive price.\",\"breadcrumb\":{\"@id\":\"https:\/\/longchangchemical.com\/product\/dmdee-cas-6425-39-4\/#breadcrumb\"},\"inLanguage\":\"pt-BR\",\"potentialAction\":[{\"@type\":\"ReadAction\",\"target\":[\"https:\/\/longchangchemical.com\/product\/dmdee-cas-6425-39-4\/\"]}]},{\"@type\":\"ImageObject\",\"inLanguage\":\"pt-BR\",\"@id\":\"https:\/\/longchangchemical.com\/product\/dmdee-cas-6425-39-4\/#primaryimage\",\"url\":\"https:\/\/longchangchemical.com\/wp-content\/uploads\/2021\/02\/Triethyl-citrate-Appearance.jpg\",\"contentUrl\":\"https:\/\/longchangchemical.com\/wp-content\/uploads\/2021\/02\/Triethyl-citrate-Appearance.jpg\",\"width\":600,\"height\":800,\"caption\":\"Triethyl citrate Appearance\"},{\"@type\":\"BreadcrumbList\",\"@id\":\"https:\/\/longchangchemical.com\/product\/dmdee-cas-6425-39-4\/#breadcrumb\",\"itemListElement\":[{\"@type\":\"ListItem\",\"position\":1,\"name\":\"Home\",\"item\":\"https:\/\/longchangchemical.com\/\"},{\"@type\":\"ListItem\",\"position\":2,\"name\":\"Products Longchang\",\"item\":\"https:\/\/longchangchemical.com\/product\/\"},{\"@type\":\"ListItem\",\"position\":3,\"name\":\"Sinocat\u00ae DMDEE CAS 6425-39-4\"}]},{\"@type\":\"WebSite\",\"@id\":\"https:\/\/longchangchemical.com\/#website\",\"url\":\"https:\/\/longchangchemical.com\/\",\"name\":\"Longchang Chemical\",\"description\":\"China chemical manufacturer \uff06 supplier\",\"publisher\":{\"@id\":\"https:\/\/longchangchemical.com\/#organization\"},\"potentialAction\":[{\"@type\":\"SearchAction\",\"target\":{\"@type\":\"EntryPoint\",\"urlTemplate\":\"https:\/\/longchangchemical.com\/?s={search_term_string}\"},\"query-input\":{\"@type\":\"PropertyValueSpecification\",\"valueRequired\":true,\"valueName\":\"search_term_string\"}}],\"inLanguage\":\"pt-BR\"},{\"@type\":\"Organization\",\"@id\":\"https:\/\/longchangchemical.com\/#organization\",\"name\":\"Longchang Chemical\",\"url\":\"https:\/\/longchangchemical.com\/\",\"logo\":{\"@type\":\"ImageObject\",\"inLanguage\":\"pt-BR\",\"@id\":\"https:\/\/longchangchemical.com\/#\/schema\/logo\/image\/\",\"url\":\"https:\/\/longchangchemical.com\/wp-content\/uploads\/2020\/08\/cropped-longchang-logo.png\",\"contentUrl\":\"https:\/\/longchangchemical.com\/wp-content\/uploads\/2020\/08\/cropped-longchang-logo.png\",\"width\":512,\"height\":512,\"caption\":\"Longchang Chemical\"},\"image\":{\"@id\":\"https:\/\/longchangchemical.com\/#\/schema\/logo\/image\/\"}}]}<\/script>\n<!-- \/ Yoast SEO plugin. -->","yoast_head_json":{"title":"Catalisador de PU da China DMDEE \/ \u00c9ter 2,2'-Dimorfolinodiet\u00edlico \/ DMDEE fabricante - Longchang Chemical","description":"Fabricante chin\u00eas de \u00e9ter 2,2'-dimorfolinodiet\u00edlico \/ DMDEE. O DMDEE (coberto pelo REACH) pode ser usado como catalisador pu, tamb\u00e9m conhecido como DMDEE; o catalisador Niax\" DMDEE; e \u00e9 o principal produto da Longchang Chemical. Somos o principal fabricante e fornecedor de catalisador de pu na China, com a melhor qualidade e pre\u00e7o competitivo.","robots":{"index":"index","follow":"follow","max-snippet":"max-snippet:-1","max-image-preview":"max-image-preview:large","max-video-preview":"max-video-preview:-1"},"canonical":"https:\/\/longchangchemical.com\/pt\/product\/dmdee-cas-6425-39-4\/","og_locale":"pt_BR","og_type":"article","og_title":"China PU Catalyst DMDEE \/ 2,2'-Dimorpholinodiethyl ether \/ DMDEE manufacturer - Longchang Chemical","og_description":"China 2,2'-Dimorpholinodiethyl ether \/ DMDEE manufacturer. DMDEE (REACH covered )can be used as pu catalyst ,aka DMDEE;Niax\u00ab Catalyst DMDEE; and is the key product of Longchang chemical. We are the leading pu catalyst manufacturer and supplier in China with the best quanlity and competitive price.","og_url":"https:\/\/longchangchemical.com\/pt\/product\/dmdee-cas-6425-39-4\/","og_site_name":"Longchang Chemical","article_modified_time":"2026-01-12T06:03:48+00:00","og_image":[{"width":600,"height":800,"url":"https:\/\/longchangchemical.com\/wp-content\/uploads\/2021\/02\/Triethyl-citrate-Appearance.jpg","type":"image\/jpeg"}],"twitter_card":"summary_large_image","schema":{"@context":"https:\/\/schema.org","@graph":[{"@type":"WebPage","@id":"https:\/\/longchangchemical.com\/product\/dmdee-cas-6425-39-4\/","url":"https:\/\/longchangchemical.com\/product\/dmdee-cas-6425-39-4\/","name":"Catalisador de PU da China DMDEE \/ \u00c9ter 2,2'-Dimorfolinodiet\u00edlico \/ DMDEE fabricante - Longchang Chemical","isPartOf":{"@id":"https:\/\/longchangchemical.com\/#website"},"primaryImageOfPage":{"@id":"https:\/\/longchangchemical.com\/product\/dmdee-cas-6425-39-4\/#primaryimage"},"image":{"@id":"https:\/\/longchangchemical.com\/product\/dmdee-cas-6425-39-4\/#primaryimage"},"thumbnailUrl":"https:\/\/longchangchemical.com\/wp-content\/uploads\/2021\/02\/Triethyl-citrate-Appearance.jpg","datePublished":"2021-10-11T15:30:07+00:00","dateModified":"2026-01-12T06:03:48+00:00","description":"Fabricante chin\u00eas de \u00e9ter 2,2'-dimorfolinodiet\u00edlico \/ DMDEE. O DMDEE (coberto pelo REACH) pode ser usado como catalisador pu, tamb\u00e9m conhecido como DMDEE; o catalisador Niax\" DMDEE; e \u00e9 o principal produto da Longchang Chemical. Somos o principal fabricante e fornecedor de catalisador de pu na China, com a melhor qualidade e pre\u00e7o competitivo.","breadcrumb":{"@id":"https:\/\/longchangchemical.com\/product\/dmdee-cas-6425-39-4\/#breadcrumb"},"inLanguage":"pt-BR","potentialAction":[{"@type":"ReadAction","target":["https:\/\/longchangchemical.com\/product\/dmdee-cas-6425-39-4\/"]}]},{"@type":"ImageObject","inLanguage":"pt-BR","@id":"https:\/\/longchangchemical.com\/product\/dmdee-cas-6425-39-4\/#primaryimage","url":"https:\/\/longchangchemical.com\/wp-content\/uploads\/2021\/02\/Triethyl-citrate-Appearance.jpg","contentUrl":"https:\/\/longchangchemical.com\/wp-content\/uploads\/2021\/02\/Triethyl-citrate-Appearance.jpg","width":600,"height":800,"caption":"Triethyl citrate Appearance"},{"@type":"BreadcrumbList","@id":"https:\/\/longchangchemical.com\/product\/dmdee-cas-6425-39-4\/#breadcrumb","itemListElement":[{"@type":"ListItem","position":1,"name":"Home","item":"https:\/\/longchangchemical.com\/"},{"@type":"ListItem","position":2,"name":"Products Longchang","item":"https:\/\/longchangchemical.com\/product\/"},{"@type":"ListItem","position":3,"name":"Sinocat\u00ae DMDEE CAS 6425-39-4"}]},{"@type":"WebSite","@id":"https:\/\/longchangchemical.com\/#website","url":"https:\/\/longchangchemical.com\/","name":"Qu\u00edmica Longchang","description":"Fabricante de produtos qu\u00edmicos na China \uff06 fornecedor","publisher":{"@id":"https:\/\/longchangchemical.com\/#organization"},"potentialAction":[{"@type":"SearchAction","target":{"@type":"EntryPoint","urlTemplate":"https:\/\/longchangchemical.com\/?s={search_term_string}"},"query-input":{"@type":"PropertyValueSpecification","valueRequired":true,"valueName":"search_term_string"}}],"inLanguage":"pt-BR"},{"@type":"Organization","@id":"https:\/\/longchangchemical.com\/#organization","name":"Qu\u00edmica Longchang","url":"https:\/\/longchangchemical.com\/","logo":{"@type":"ImageObject","inLanguage":"pt-BR","@id":"https:\/\/longchangchemical.com\/#\/schema\/logo\/image\/","url":"https:\/\/longchangchemical.com\/wp-content\/uploads\/2020\/08\/cropped-longchang-logo.png","contentUrl":"https:\/\/longchangchemical.com\/wp-content\/uploads\/2020\/08\/cropped-longchang-logo.png","width":512,"height":512,"caption":"Longchang Chemical"},"image":{"@id":"https:\/\/longchangchemical.com\/#\/schema\/logo\/image\/"}}]}},"_links":{"self":[{"href":"https:\/\/longchangchemical.com\/pt\/wp-json\/wp\/v2\/product\/4800","targetHints":{"allow":["GET"]}}],"collection":[{"href":"https:\/\/longchangchemical.com\/pt\/wp-json\/wp\/v2\/product"}],"about":[{"href":"https:\/\/longchangchemical.com\/pt\/wp-json\/wp\/v2\/types\/product"}],"replies":[{"embeddable":true,"href":"https:\/\/longchangchemical.com\/pt\/wp-json\/wp\/v2\/comments?post=4800"}],"wp:featuredmedia":[{"embeddable":true,"href":"https:\/\/longchangchemical.com\/pt\/wp-json\/wp\/v2\/media\/4395"}],"wp:attachment":[{"href":"https:\/\/longchangchemical.com\/pt\/wp-json\/wp\/v2\/media?parent=4800"}],"wp:term":[{"taxonomy":"product_brand","embeddable":true,"href":"https:\/\/longchangchemical.com\/pt\/wp-json\/wp\/v2\/product_brand?post=4800"},{"taxonomy":"product_cat","embeddable":true,"href":"https:\/\/longchangchemical.com\/pt\/wp-json\/wp\/v2\/product_cat?post=4800"},{"taxonomy":"product_tag","embeddable":true,"href":"https:\/\/longchangchemical.com\/pt\/wp-json\/wp\/v2\/product_tag?post=4800"}],"curies":[{"name":"wp","href":"https:\/\/api.w.org\/{rel}","templated":true}]}}