{"id":4794,"date":"2021-10-08T14:19:29","date_gmt":"2021-10-08T14:19:29","guid":{"rendered":"https:\/\/longchangchemical.com\/?post_type=product&#038;p=4794"},"modified":"2025-12-15T08:45:05","modified_gmt":"2025-12-15T08:45:05","slug":"dotp-cas-6422-86-2","status":"publish","type":"product","link":"https:\/\/longchangchemical.com\/pt\/product\/dotp-cas-6422-86-2\/","title":{"rendered":"CHLUMIFLEX\u00ae DOTP \/ tereftalato de dioctilo CAS 6422-86-2"},"content":{"rendered":"<h1><strong>Tereftalato de dioctila DOTP CAS 6422-86-2<\/strong><\/h1>\n<table class=\"table-1\">\n<tbody>\n<tr>\n<td width=\"316\"><strong><b>Teste<\/b><\/strong><strong><b>\u00a0item<\/b><\/strong><\/td>\n<td width=\"210\"><strong><b>Especifica\u00e7\u00e3o<\/b><\/strong><\/td>\n<\/tr>\n<tr>\n<td width=\"316\">Apar\u00eancia<\/td>\n<td width=\"210\">L\u00edquido transparente incolor<\/td>\n<\/tr>\n<tr>\n<td width=\"316\">Cor\uff08APHA\uff09<\/td>\n<td width=\"210\">\u226420<\/td>\n<\/tr>\n<tr>\n<td width=\"316\">\u00c1cido (mgKOH\/g)<\/td>\n<td width=\"210\">0.02<\/td>\n<\/tr>\n<tr>\n<td width=\"316\">Densidade\uff0820\u2103\uff09\uff0cg\/cm3<\/td>\n<td width=\"210\">0.981-0.985<\/td>\n<\/tr>\n<tr>\n<td width=\"316\">Ponto de fulgor\uff08\u2103\uff09<\/td>\n<td width=\"210\">210<\/td>\n<\/tr>\n<tr>\n<td width=\"316\">Conte\u00fado\uff08%\uff09<\/td>\n<td width=\"210\">99.5<\/td>\n<\/tr>\n<tr>\n<td width=\"316\">\u00c1gua\uff08%\uff09<\/td>\n<td width=\"210\">0.03<\/td>\n<\/tr>\n<tr>\n<td width=\"316\">Resistividade de volume *10<sup>10<\/sup>\u03a9.m\u2265<\/td>\n<td width=\"210\">2<\/td>\n<\/tr>\n<\/tbody>\n<\/table>\n<p>&nbsp;<\/p>\n<h2><strong>Uso do tereftalato de dioctila<\/strong><\/h2>\n<p>1. O tereftalato de dioctila (DOTP) \u00e9 um excelente plastificante principal para pl\u00e1sticos de cloreto de polivinila (PVC).<\/p>\n<p>2. Em compara\u00e7\u00e3o com o ftalato de diisooctilo (DOP) comumente usado atualmente, ele tem as vantagens de resist\u00eancia ao calor, resist\u00eancia ao frio, dificuldade de volatiliza\u00e7\u00e3o, resist\u00eancia \u00e0 extra\u00e7\u00e3o, flexibilidade e desempenho de isolamento el\u00e9trico, etc., e apresenta excelente desempenho em produtos de durabilidade, resist\u00eancia \u00e0 \u00e1gua com sab\u00e3o e flexibilidade em baixas temperaturas.<\/p>\n<p>3. Devido \u00e0 sua baixa volatilidade, o uso do DOTP pode atender plenamente aos requisitos de resist\u00eancia \u00e0 temperatura de fios e cabos e pode ser amplamente utilizado em materiais de cabos resistentes a 70 \u2103 e em outros produtos macios de PVC.<\/p>\n<p>4. Al\u00e9m de um grande n\u00famero de plastificantes usados em materiais para cabos e PVC, o DOTP tamb\u00e9m pode ser usado na produ\u00e7\u00e3o de filmes de couro artificial. Al\u00e9m disso, o DOTP tem excelente compatibilidade e tamb\u00e9m pode ser usado como plastificantes para derivados de acrilonitrila, polivinil butiral, borracha nitr\u00edlica, nitrocelulose etc., bem como plastificantes para borracha sint\u00e9tica, aditivos para tintas, lubrificantes para instrumentos de precis\u00e3o, aditivos para lubrificantes e tamb\u00e9m pode ser usado como amaciantes para papel.<\/p>\n<p>Este produto pode substituir o \u00e1cido 1,4-benzenodicarbox\u00edlico, \u00e9ster de 1,4-bis(2-etil-hexila); ADK Cizer D 810; tereftalato de bis(2-etil-hexila); DEHTP; tereftalato de di-(2-etil-hexila); Eastman 168; Eastman TM 168; Kodaflex DOTP; Palatinol DOTP; Plastificante 168; \u00e1cido tereft\u00e1lico, \u00e9ster de bis(2-etil-hexila).<\/p>\n<h2><strong>Embalagem e remessa de tereftalato de dioctilo<\/strong><\/h2>\n<p>Embalagem: 200 kg\/tambor, cont\u00eainer de 16 toneladas\/20 p\u00e9s com paletes<\/p>\n<p>&nbsp;<\/p>\n<h2><strong>Armazenamento de tereftalato de dioctilo<\/strong><\/h2>\n<p>Armazene em um local escuro e seco em temperatura ambiente.<\/p>\n<p>&nbsp;<\/p>\n<h2><strong>Plastificantes retardantes de chama da mesma s\u00e9rie<\/strong><\/h2>\n<table style=\"border-collapse: collapse; width: 374.27pt;\" border=\"0\" width=\"499\" cellspacing=\"0\" cellpadding=\"0\">\n<tbody>\n<tr style=\"height: 21.00pt;\">\n<td class=\"et2\" style=\"height: 21.00pt; width: 96.00pt;\" width=\"128\" height=\"28\"><a title=\"https:\/\/longchangchemical.com\/product\/cas-91082-17-6\/\" href=\"https:\/\/longchangchemical.com\/pt\/product\/cas-91082-17-6\/\"><span style=\"color: #00ccff;\">Lcflex\u00ae T-50<\/span><\/a><\/td>\n<td class=\"et3\" style=\"width: 159.75pt;\" width=\"213\">T-50; ASE<\/td>\n<td class=\"et3\" style=\"width: 118.50pt;\" width=\"158\">CAS 91082-17-6<\/td>\n<\/tr>\n<tr style=\"height: 21.00pt;\">\n<td class=\"et2\" style=\"height: 21.00pt; width: 96.00pt;\" width=\"128\" height=\"28\"><a title=\"https:\/\/longchangchemical.com\/product\/acetyl-tributyl-citrate-cas-77-90-7\/\" href=\"https:\/\/longchangchemical.com\/pt\/product\/acetyl-tributyl-citrate-cas-77-90-7\/\"><span style=\"color: #00ccff;\">Lcflex\u00ae ATBC<\/span><\/a><\/td>\n<td class=\"et3\" style=\"width: 159.75pt;\" width=\"213\">Citrato de acetil tributil<\/td>\n<td class=\"et3\" style=\"width: 118.50pt;\" width=\"158\">CAS 77-90-7<\/td>\n<\/tr>\n<tr style=\"height: 21.00pt;\">\n<td class=\"et2\" style=\"height: 21.00pt; width: 96.00pt;\" width=\"128\" height=\"28\"><a title=\"https:\/\/longchangchemical.com\/product\/tributyl-citrate-tbc-cas-77-94-1\/\" href=\"https:\/\/longchangchemical.com\/pt\/product\/tributyl-citrate-tbc-cas-77-94-1\/\"><span style=\"color: #00ccff;\">Lcflex\u00ae TBC<\/span><\/a><\/td>\n<td class=\"et3\" style=\"width: 159.75pt;\" width=\"213\">Citrato de tributil<\/td>\n<td class=\"et3\" style=\"width: 118.50pt;\" width=\"158\">CAS 77-94-1<\/td>\n<\/tr>\n<tr style=\"height: 21.00pt;\">\n<td class=\"et2\" style=\"height: 21.00pt; width: 96.00pt;\" width=\"128\" height=\"28\"><span style=\"color: #00ccff;\"><a style=\"color: #00ccff;\" title=\"https:\/\/longchangchemical.com\/product\/tcpp-cas-13674-84-5\/\" href=\"https:\/\/longchangchemical.com\/pt\/product\/tcpp-cas-13674-84-5\/\">Lcflex\u00ae TCPP<\/a><\/span><\/td>\n<td class=\"et3\" style=\"width: 159.75pt;\" width=\"213\">TCPP retardante de chamas<\/td>\n<td class=\"et3\" style=\"width: 118.50pt;\" width=\"158\">CAS 13674-84-5<\/td>\n<\/tr>\n<tr style=\"height: 21.00pt;\">\n<td class=\"et2\" style=\"height: 21.00pt; width: 96.00pt;\" width=\"128\" height=\"28\"><a title=\"https:\/\/longchangchemical.com\/product\/dotp-cas-6422-86-2\/\" href=\"https:\/\/longchangchemical.com\/pt\/product\/dotp-cas-6422-86-2\/\"><span style=\"color: #00ccff;\">Lcflex\u00ae DOTP<\/span><\/a><\/td>\n<td class=\"et3\" style=\"width: 159.75pt;\" width=\"213\">Tereftalato de dioctila<\/td>\n<td class=\"et3\" style=\"width: 118.50pt;\" width=\"158\">CAS 6422-86-2<\/td>\n<\/tr>\n<tr style=\"height: 21.00pt;\">\n<td class=\"et2\" style=\"height: 21.00pt; width: 96.00pt;\" width=\"128\" height=\"28\"><span style=\"color: #00ccff;\"><a style=\"color: #00ccff;\" title=\"https:\/\/longchangchemical.com\/product\/diethyl-phthalate-dep-cas-84-66-2\/\" href=\"https:\/\/longchangchemical.com\/pt\/product\/diethyl-phthalate-dep-cas-84-66-2\/\">Lcflex\u00ae DEP<\/a><\/span><\/td>\n<td class=\"et3\" style=\"width: 159.75pt;\" width=\"213\">Ftalato de dietila<\/td>\n<td class=\"et3\" style=\"width: 118.50pt;\" width=\"158\">CAS 84-66-2<\/td>\n<\/tr>\n<tr style=\"height: 21.00pt;\">\n<td class=\"et2\" style=\"height: 21.00pt; width: 96.00pt;\" width=\"128\" height=\"28\"><span style=\"color: #00ccff;\"><a style=\"color: #00ccff;\" title=\"https:\/\/longchangchemical.com\/product\/triethyl-citrate-cas-77-93-0\/\" href=\"https:\/\/longchangchemical.com\/pt\/product\/triethyl-citrate-cas-77-93-0\/\">Lcflex\u00ae TEC<\/a><\/span><\/td>\n<td class=\"et3\" style=\"width: 159.75pt;\" width=\"213\">citrato de trietila<\/td>\n<td class=\"et3\" style=\"width: 118.50pt;\" width=\"158\">CAS 77-93-0<\/td>\n<\/tr>\n<tr style=\"height: 21.00pt;\">\n<td class=\"et2\" style=\"height: 21.00pt; width: 96.00pt;\" width=\"128\" height=\"28\"><span style=\"color: #00ccff;\"><a style=\"color: #00ccff;\" title=\"https:\/\/longchangchemical.com\/product\/Lcflare-doa-cas-123-79-5\/\" href=\"https:\/\/longchangchemical.com\/pt\/product\/Lcflare-doa-cas-123-79-5\/\">Lcflex\u00ae DOA<\/a><\/span><\/td>\n<td class=\"et3\" style=\"width: 159.75pt;\" width=\"213\">Adipato de dioctila<\/td>\n<td class=\"et3\" style=\"width: 118.50pt;\" width=\"158\">CAS 123-79-5<\/td>\n<\/tr>\n<tr style=\"height: 30.00pt;\">\n<td class=\"et2\" style=\"height: 30.00pt; width: 96.00pt;\" width=\"128\" height=\"40\"><span style=\"color: #00ccff;\"><a style=\"color: #00ccff;\" title=\"https:\/\/longchangchemical.com\/product\/Lcflare-dos-cas-2432-87-3\/\" href=\"https:\/\/longchangchemical.com\/pt\/product\/Lcflare-dos-cas-2432-87-3\/\">Lcflex\u00ae DOS<\/a><\/span><\/td>\n<td class=\"et3\" style=\"width: 159.75pt;\" width=\"213\">\u00c9STER DI-N-OCTIL DO \u00c1CIDO SEB\u00c1CICO<\/td>\n<td class=\"et3\" style=\"width: 118.50pt;\" width=\"158\">CAS 2432-87-3<\/td>\n<\/tr>\n<tr style=\"height: 27.00pt;\">\n<td class=\"et2\" style=\"height: 27.00pt; width: 96.00pt;\" width=\"128\" height=\"36\"><a title=\"https:\/\/longchangchemical.com\/product\/cas-28553-12-0-685-15-48-0\/\" href=\"https:\/\/longchangchemical.com\/pt\/product\/cas-28553-12-0-685-15-48-0\/\"><span style=\"color: #00ccff;\">Lcflex\u00ae DINP<\/span><\/a><\/td>\n<td class=\"et3\" style=\"width: 159.75pt;\" width=\"213\">Ftalato de diisononila<\/td>\n<td class=\"et3\" style=\"width: 118.50pt;\" width=\"158\">CAS 28553-12-0\/685 15-48-0<\/td>\n<\/tr>\n<tr style=\"height: 21.00pt;\">\n<td class=\"et2\" style=\"height: 21.00pt; width: 96.00pt;\" width=\"128\" height=\"28\"><span style=\"color: #00ccff;\"><a style=\"color: #00ccff;\" title=\"https:\/\/longchangchemical.com\/product\/tmp-cas-77-99-6\/\" href=\"https:\/\/longchangchemical.com\/pt\/product\/tmp-cas-77-99-6\/\">Lcflex\u00ae TMP<\/a><\/span><\/td>\n<td class=\"et3\" style=\"width: 159.75pt;\" width=\"213\">Trimetilolpropano<\/td>\n<td class=\"et3\" style=\"width: 118.50pt;\" width=\"158\">CAS 77-99-6<\/td>\n<\/tr>\n<tr style=\"height: 13.50pt;\">\n<td class=\"et2\" style=\"height: 13.50pt; width: 96.00pt;\" width=\"128\" height=\"18\"><span style=\"color: #00ccff;\"><a style=\"color: #00ccff;\" title=\"https:\/\/longchangchemical.com\/product\/triethyl-phosphate-tep-cas-78-40-0\/\" href=\"https:\/\/longchangchemical.com\/pt\/product\/triethyl-phosphate-tep-cas-78-40-0\/\">Lcflex\u00ae TEP<\/a><\/span><\/td>\n<td class=\"et3\" style=\"width: 159.75pt;\" width=\"213\">Fosfato de trietila<\/td>\n<td class=\"et3\" style=\"width: 118.50pt;\" width=\"158\">CAS 78-40-0<\/td>\n<\/tr>\n<tr style=\"height: 13.50pt;\">\n<td class=\"et4\" style=\"height: 13.50pt; width: 96.00pt;\" width=\"128\" height=\"18\"><a href=\"https:\/\/longchangchemical.com\/pt\/product\/Lcflex-totm-cas-3319-31-1\/\"><span style=\"color: #00ccff;\">Lcflex\u00ae TOTM<\/span><\/a><\/td>\n<td class=\"et3\" style=\"width: 159.75pt;\" width=\"213\">Trioctil trimelato<\/td>\n<td class=\"et3\" style=\"width: 118.50pt;\" width=\"158\">CAS 3319-31-1<\/td>\n<\/tr>\n<tr style=\"height: 40.50pt;\">\n<td class=\"et4\" style=\"height: 40.50pt; width: 96.00pt;\" width=\"128\" height=\"54\"><a href=\"https:\/\/longchangchemical.com\/pt\/product\/Lcflex-bbp\/\"><span style=\"color: #00ccff;\">Lcflex\u00ae BBP<\/span><\/a><\/td>\n<td class=\"et3\" style=\"width: 159.75pt;\" width=\"213\">Plastificantes de base biol\u00f3gica, Plastificante de alta efici\u00eancia<\/td>\n<td class=\"et3\" style=\"width: 118.50pt;\" width=\"158\"><\/td>\n<\/tr>\n<tr style=\"height: 13.50pt;\">\n<td class=\"et4\" style=\"height: 13.50pt; width: 96.00pt;\" width=\"128\" height=\"18\"><a href=\"https:\/\/longchangchemical.com\/pt\/product\/tmp-cas-77-99-6\/\"><span style=\"color: #00ccff;\">Lcflex\u00ae TMP<\/span><\/a><\/td>\n<td class=\"et3\" style=\"width: 159.75pt;\" width=\"213\">Trimetilol propano<\/td>\n<td class=\"et3\" style=\"width: 118.50pt;\" width=\"158\">CAS 77-99-6<\/td>\n<\/tr>\n<tr style=\"height: 30.00pt;\">\n<td class=\"et2\" style=\"height: 30.00pt; width: 96.00pt;\" width=\"128\" height=\"40\"><a title=\"https:\/\/longchangchemical.com\/product\/sinopszr-tcep-cas-115-96-8\/\" href=\"https:\/\/longchangchemical.com\/pt\/product\/sinopszr-tcep-cas-115-96-8\/\"><span style=\"color: #00ccff;\">Lcflare\u00ae TCEP<\/span><\/a><\/td>\n<td class=\"et3\" style=\"width: 159.75pt;\" width=\"213\">Fosfato de tris(2-cloroetil)<\/td>\n<td class=\"et3\" style=\"width: 118.50pt;\" width=\"158\">CAS 115-96-8<\/td>\n<\/tr>\n<tr style=\"height: 30.00pt;\">\n<td class=\"et2\" style=\"height: 30.00pt; width: 96.00pt;\" width=\"128\" height=\"40\"><span style=\"color: #00ccff;\"><a style=\"color: #00ccff;\" title=\"https:\/\/longchangchemical.com\/product\/Lcflare-bdp\/\" href=\"https:\/\/longchangchemical.com\/pt\/product\/Lcflare-bdp\/\">Lcflare\u00ae BDP<\/a><\/span><\/td>\n<td class=\"et3\" style=\"width: 159.75pt;\" width=\"213\">Bisfenol-A bis(difenil fosfato)<\/td>\n<td class=\"et3\" style=\"width: 118.50pt;\" width=\"158\">CAS 5945-33-5<\/td>\n<\/tr>\n<tr style=\"height: 13.50pt;\">\n<td class=\"et2\" style=\"height: 13.50pt; width: 96.00pt;\" width=\"128\" height=\"18\"><span style=\"color: #00ccff;\"><a style=\"color: #00ccff;\" title=\"https:\/\/longchangchemical.com\/product\/Lcflare-tpp-cas-115-86-6\/\" href=\"https:\/\/longchangchemical.com\/pt\/product\/Lcflare-tpp-cas-115-86-6\/\">Lcflare\u00ae TPP<\/a><\/span><\/td>\n<td class=\"et3\" style=\"width: 159.75pt;\" width=\"213\">Fosfato de trifenila<\/td>\n<td class=\"et3\" style=\"width: 118.50pt;\" width=\"158\">CAS 115-86-6<\/td>\n<\/tr>\n<\/tbody>\n<\/table>\n<h2><\/h2>\n<h2><strong>Entre em contato conosco agora!<\/strong><\/h2>\n<h4><strong><b>Se precisar de COA, MSDS ou TDS, preencha suas informa\u00e7\u00f5es de contato no formul\u00e1rio abaixo. Normalmente, entraremos em contato em 24 horas. Voc\u00ea tamb\u00e9m pode me enviar um e-mail <span style=\"color: #0000ff;\"><a style=\"color: #0000ff;\" href=\"mailto:info@longchangchemical.com\">info@longchangchemical.com<\/a><\/span> durante o hor\u00e1rio comercial (das 8h30 \u00e0s 18h UTC+8 de segunda a s\u00e1bado) ou use o bate-papo ao vivo do site para obter uma resposta imediata.<\/b><\/strong><\/h4>","protected":false},"excerpt":{"rendered":"<h4>Nome qu\u00edmico: Lcflex\u00ae DOTP<\/h4>\n<h4>Outros nomes: Tereftalato de dioctilo; \u00e1cido 1,4-benzenodicarbox\u00edlico, \u00e9ster de 1,4-bis(2-etil-hexila); ADK Cizer D 810; tereftalato de bis(2-etil-hexila); DEHTP; tereftalato de di-(2-etil-hexila); Eastman 168; Eastman TM 168; Kodaflex DOTP; Palatinol DOTP; Plastificante 168; \u00e9ster de bis(2-etil-hexila) de \u00e1cido tereft\u00e1lico.<\/h4>\n<h4>N\u00famero CAS: 6422-86-2<\/h4>\n<h4>F\u00f3rmula molecular: C24H38O4<\/h4>\n<h4>Estrutura qu\u00edmica:<img decoding=\"async\" title=\"Estrutura CAS 6422-86-2\" src=\"https:\/\/www.longchangchemical.com\/wp-content\/uploads\/product-details\/20200612220282.png\" alt=\"Estrutura CAS 6422-86-2\" width=\"149\" height=\"158\" border=\"0\" vspace=\"0\" \/><\/h4>\n<h4>Peso molecular: 390,56<\/h4>\n<h4>Apar\u00eancia: L\u00edquido transparente incolor<\/h4>\n<h4>Ensaio: \u226599%<\/h4>","protected":false},"featured_media":0,"comment_status":"open","ping_status":"closed","template":"","meta":[],"product_brand":[],"product_cat":[111],"product_tag":[],"class_list":{"0":"post-4794","1":"product","2":"type-product","3":"status-publish","5":"product_cat-plasticizer","7":"first","8":"instock","9":"shipping-taxable","10":"product-type-simple"},"yoast_head":"<!-- This site is optimized with the Yoast SEO plugin v25.3.1 - https:\/\/yoast.com\/wordpress\/plugins\/seo\/ -->\n<title>China Dioctyl terephthalate DOTP manufacturer - Longchang chemical<\/title>\n<meta name=\"description\" content=\"China Dioctyl terephthalate DOTP CAS 6422-86-2 manufacturer. This product can replace Bis(2-ethylhexyl) terephthalate, DOTP, Eastman 168, Eastman TM 168, Kodaflex DOTP, NEO-T, Palatinol DOTP, Plasticizer 168, Terephthalic acid, bis(2-ethylhexyl) ester, terephthalic acid, bis(2-ethylhexyl)ester, DEHTP, Dioctyl terephthalate, ADK Cizer D 810.\" \/>\n<meta name=\"robots\" content=\"index, follow, max-snippet:-1, max-image-preview:large, max-video-preview:-1\" \/>\n<link rel=\"canonical\" href=\"https:\/\/longchangchemical.com\/pt\/product\/dotp-cas-6422-86-2\/\" \/>\n<meta property=\"og:locale\" content=\"pt_BR\" \/>\n<meta property=\"og:type\" content=\"article\" \/>\n<meta property=\"og:title\" content=\"China Dioctyl terephthalate DOTP manufacturer - Longchang chemical\" \/>\n<meta property=\"og:description\" content=\"China Dioctyl terephthalate DOTP CAS 6422-86-2 manufacturer. This product can replace Bis(2-ethylhexyl) terephthalate, DOTP, Eastman 168, Eastman TM 168, Kodaflex DOTP, NEO-T, Palatinol DOTP, Plasticizer 168, Terephthalic acid, bis(2-ethylhexyl) ester, terephthalic acid, bis(2-ethylhexyl)ester, DEHTP, Dioctyl terephthalate, ADK Cizer D 810.\" \/>\n<meta property=\"og:url\" content=\"https:\/\/longchangchemical.com\/pt\/product\/dotp-cas-6422-86-2\/\" \/>\n<meta property=\"og:site_name\" content=\"Longchang Chemical\" \/>\n<meta property=\"article:modified_time\" content=\"2025-12-15T08:45:05+00:00\" \/>\n<meta property=\"og:image\" content=\"https:\/\/longchangchemical.com\/wp-content\/uploads\/2024\/02\/logo-jpeg.jpg\" \/>\n\t<meta property=\"og:image:width\" content=\"1000\" \/>\n\t<meta property=\"og:image:height\" content=\"1000\" \/>\n\t<meta property=\"og:image:type\" content=\"image\/jpeg\" \/>\n<meta name=\"twitter:card\" content=\"summary_large_image\" \/>\n<script type=\"application\/ld+json\" class=\"yoast-schema-graph\">{\"@context\":\"https:\/\/schema.org\",\"@graph\":[{\"@type\":\"WebPage\",\"@id\":\"https:\/\/longchangchemical.com\/product\/dotp-cas-6422-86-2\/\",\"url\":\"https:\/\/longchangchemical.com\/product\/dotp-cas-6422-86-2\/\",\"name\":\"China Dioctyl terephthalate DOTP manufacturer - Longchang chemical\",\"isPartOf\":{\"@id\":\"https:\/\/longchangchemical.com\/#website\"},\"datePublished\":\"2021-10-08T14:19:29+00:00\",\"dateModified\":\"2025-12-15T08:45:05+00:00\",\"description\":\"China Dioctyl terephthalate DOTP CAS 6422-86-2 manufacturer. This product can replace Bis(2-ethylhexyl) terephthalate, DOTP, Eastman 168, Eastman TM 168, Kodaflex DOTP, NEO-T, Palatinol DOTP, Plasticizer 168, Terephthalic acid, bis(2-ethylhexyl) ester, terephthalic acid, bis(2-ethylhexyl)ester, DEHTP, Dioctyl terephthalate, ADK Cizer D 810.\",\"breadcrumb\":{\"@id\":\"https:\/\/longchangchemical.com\/product\/dotp-cas-6422-86-2\/#breadcrumb\"},\"inLanguage\":\"pt-BR\",\"potentialAction\":[{\"@type\":\"ReadAction\",\"target\":[\"https:\/\/longchangchemical.com\/product\/dotp-cas-6422-86-2\/\"]}]},{\"@type\":\"BreadcrumbList\",\"@id\":\"https:\/\/longchangchemical.com\/product\/dotp-cas-6422-86-2\/#breadcrumb\",\"itemListElement\":[{\"@type\":\"ListItem\",\"position\":1,\"name\":\"Home\",\"item\":\"https:\/\/longchangchemical.com\/\"},{\"@type\":\"ListItem\",\"position\":2,\"name\":\"Products Longchang\",\"item\":\"https:\/\/longchangchemical.com\/product\/\"},{\"@type\":\"ListItem\",\"position\":3,\"name\":\"CHLUMIFLEX\u00ae DOTP \/ Dioctyl terephthalate CAS 6422-86-2\"}]},{\"@type\":\"WebSite\",\"@id\":\"https:\/\/longchangchemical.com\/#website\",\"url\":\"https:\/\/longchangchemical.com\/\",\"name\":\"Longchang Chemical\",\"description\":\"China chemical manufacturer \uff06 supplier\",\"publisher\":{\"@id\":\"https:\/\/longchangchemical.com\/#organization\"},\"potentialAction\":[{\"@type\":\"SearchAction\",\"target\":{\"@type\":\"EntryPoint\",\"urlTemplate\":\"https:\/\/longchangchemical.com\/?s={search_term_string}\"},\"query-input\":{\"@type\":\"PropertyValueSpecification\",\"valueRequired\":true,\"valueName\":\"search_term_string\"}}],\"inLanguage\":\"pt-BR\"},{\"@type\":\"Organization\",\"@id\":\"https:\/\/longchangchemical.com\/#organization\",\"name\":\"Longchang Chemical\",\"url\":\"https:\/\/longchangchemical.com\/\",\"logo\":{\"@type\":\"ImageObject\",\"inLanguage\":\"pt-BR\",\"@id\":\"https:\/\/longchangchemical.com\/#\/schema\/logo\/image\/\",\"url\":\"https:\/\/longchangchemical.com\/wp-content\/uploads\/2020\/08\/cropped-longchang-logo.png\",\"contentUrl\":\"https:\/\/longchangchemical.com\/wp-content\/uploads\/2020\/08\/cropped-longchang-logo.png\",\"width\":512,\"height\":512,\"caption\":\"Longchang Chemical\"},\"image\":{\"@id\":\"https:\/\/longchangchemical.com\/#\/schema\/logo\/image\/\"}}]}<\/script>\n<!-- \/ Yoast SEO plugin. -->","yoast_head_json":{"title":"Fabricante de DOTP de tereftalato de dioctila na China - Longchang chemical","description":"Fabricante de tereftalato de dioctila DOTP CAS 6422-86-2 na China. Esse produto pode substituir o tereftalato de bis(2-etil-hexila), DOTP, Eastman 168, Eastman TM 168, Kodaflex DOTP, NEO-T, Palatinol DOTP, Plastificante 168, \u00e1cido tereft\u00e1lico, \u00e9ster de bis(2-etil-hexila), \u00e1cido tereft\u00e1lico, \u00e9ster de bis(2-etil-hexila), DEHTP, tereftalato de dioctilo, ADK Cizer D 810.","robots":{"index":"index","follow":"follow","max-snippet":"max-snippet:-1","max-image-preview":"max-image-preview:large","max-video-preview":"max-video-preview:-1"},"canonical":"https:\/\/longchangchemical.com\/pt\/product\/dotp-cas-6422-86-2\/","og_locale":"pt_BR","og_type":"article","og_title":"China Dioctyl terephthalate DOTP manufacturer - Longchang chemical","og_description":"China Dioctyl terephthalate DOTP CAS 6422-86-2 manufacturer. This product can replace Bis(2-ethylhexyl) terephthalate, DOTP, Eastman 168, Eastman TM 168, Kodaflex DOTP, NEO-T, Palatinol DOTP, Plasticizer 168, Terephthalic acid, bis(2-ethylhexyl) ester, terephthalic acid, bis(2-ethylhexyl)ester, DEHTP, Dioctyl terephthalate, ADK Cizer D 810.","og_url":"https:\/\/longchangchemical.com\/pt\/product\/dotp-cas-6422-86-2\/","og_site_name":"Longchang Chemical","article_modified_time":"2025-12-15T08:45:05+00:00","og_image":[{"width":1000,"height":1000,"url":"https:\/\/longchangchemical.com\/wp-content\/uploads\/2024\/02\/logo-jpeg.jpg","type":"image\/jpeg"}],"twitter_card":"summary_large_image","schema":{"@context":"https:\/\/schema.org","@graph":[{"@type":"WebPage","@id":"https:\/\/longchangchemical.com\/product\/dotp-cas-6422-86-2\/","url":"https:\/\/longchangchemical.com\/product\/dotp-cas-6422-86-2\/","name":"Fabricante de DOTP de tereftalato de dioctila na China - Longchang chemical","isPartOf":{"@id":"https:\/\/longchangchemical.com\/#website"},"datePublished":"2021-10-08T14:19:29+00:00","dateModified":"2025-12-15T08:45:05+00:00","description":"Fabricante de tereftalato de dioctila DOTP CAS 6422-86-2 na China. Esse produto pode substituir o tereftalato de bis(2-etil-hexila), DOTP, Eastman 168, Eastman TM 168, Kodaflex DOTP, NEO-T, Palatinol DOTP, Plastificante 168, \u00e1cido tereft\u00e1lico, \u00e9ster de bis(2-etil-hexila), \u00e1cido tereft\u00e1lico, \u00e9ster de bis(2-etil-hexila), DEHTP, tereftalato de dioctilo, ADK Cizer D 810.","breadcrumb":{"@id":"https:\/\/longchangchemical.com\/product\/dotp-cas-6422-86-2\/#breadcrumb"},"inLanguage":"pt-BR","potentialAction":[{"@type":"ReadAction","target":["https:\/\/longchangchemical.com\/product\/dotp-cas-6422-86-2\/"]}]},{"@type":"BreadcrumbList","@id":"https:\/\/longchangchemical.com\/product\/dotp-cas-6422-86-2\/#breadcrumb","itemListElement":[{"@type":"ListItem","position":1,"name":"Home","item":"https:\/\/longchangchemical.com\/"},{"@type":"ListItem","position":2,"name":"Products Longchang","item":"https:\/\/longchangchemical.com\/product\/"},{"@type":"ListItem","position":3,"name":"CHLUMIFLEX\u00ae DOTP \/ Dioctyl terephthalate CAS 6422-86-2"}]},{"@type":"WebSite","@id":"https:\/\/longchangchemical.com\/#website","url":"https:\/\/longchangchemical.com\/","name":"Qu\u00edmica Longchang","description":"Fabricante de produtos qu\u00edmicos na China \uff06 fornecedor","publisher":{"@id":"https:\/\/longchangchemical.com\/#organization"},"potentialAction":[{"@type":"SearchAction","target":{"@type":"EntryPoint","urlTemplate":"https:\/\/longchangchemical.com\/?s={search_term_string}"},"query-input":{"@type":"PropertyValueSpecification","valueRequired":true,"valueName":"search_term_string"}}],"inLanguage":"pt-BR"},{"@type":"Organization","@id":"https:\/\/longchangchemical.com\/#organization","name":"Qu\u00edmica Longchang","url":"https:\/\/longchangchemical.com\/","logo":{"@type":"ImageObject","inLanguage":"pt-BR","@id":"https:\/\/longchangchemical.com\/#\/schema\/logo\/image\/","url":"https:\/\/longchangchemical.com\/wp-content\/uploads\/2020\/08\/cropped-longchang-logo.png","contentUrl":"https:\/\/longchangchemical.com\/wp-content\/uploads\/2020\/08\/cropped-longchang-logo.png","width":512,"height":512,"caption":"Longchang Chemical"},"image":{"@id":"https:\/\/longchangchemical.com\/#\/schema\/logo\/image\/"}}]}},"_links":{"self":[{"href":"https:\/\/longchangchemical.com\/pt\/wp-json\/wp\/v2\/product\/4794","targetHints":{"allow":["GET"]}}],"collection":[{"href":"https:\/\/longchangchemical.com\/pt\/wp-json\/wp\/v2\/product"}],"about":[{"href":"https:\/\/longchangchemical.com\/pt\/wp-json\/wp\/v2\/types\/product"}],"replies":[{"embeddable":true,"href":"https:\/\/longchangchemical.com\/pt\/wp-json\/wp\/v2\/comments?post=4794"}],"wp:attachment":[{"href":"https:\/\/longchangchemical.com\/pt\/wp-json\/wp\/v2\/media?parent=4794"}],"wp:term":[{"taxonomy":"product_brand","embeddable":true,"href":"https:\/\/longchangchemical.com\/pt\/wp-json\/wp\/v2\/product_brand?post=4794"},{"taxonomy":"product_cat","embeddable":true,"href":"https:\/\/longchangchemical.com\/pt\/wp-json\/wp\/v2\/product_cat?post=4794"},{"taxonomy":"product_tag","embeddable":true,"href":"https:\/\/longchangchemical.com\/pt\/wp-json\/wp\/v2\/product_tag?post=4794"}],"curies":[{"name":"wp","href":"https:\/\/api.w.org\/{rel}","templated":true}]}}