{"id":4790,"date":"2021-10-07T08:03:42","date_gmt":"2021-10-07T08:03:42","guid":{"rendered":"https:\/\/longchangchemical.com\/?post_type=product&#038;p=4790"},"modified":"2025-12-22T07:20:23","modified_gmt":"2025-12-22T07:20:23","slug":"liquid-sodium-silicate-cas-1344-09-8","status":"publish","type":"product","link":"https:\/\/longchangchemical.com\/pt\/product\/liquid-sodium-silicate-cas-1344-09-8\/","title":{"rendered":"Silicato de s\u00f3dio l\u00edquido CAS 1344-09-8"},"content":{"rendered":"<h1><strong>Silicato de s\u00f3dio l\u00edquido CAS 1344-09-8<\/strong><\/h1>\n<p><strong>Modelos regulares em estoque: 40BE, 42BE, 50BE.<\/strong><\/p>\n<p><strong>Molaridade: 3,1-3,4; 3,1-3,35; 2,1-2,5<\/strong><\/p>\n<p><strong>Diferentes especifica\u00e7\u00f5es, diferentes pre\u00e7os. Se voc\u00ea n\u00e3o entender as especifica\u00e7\u00f5es, pode nos informar a finalidade e recomendaremos o produto certo para voc\u00ea.<\/strong><\/p>\n<p>&nbsp;<\/p>\n<table width=\"288\">\n<tbody>\n<tr>\n<td width=\"191\">Item<\/td>\n<td width=\"97\">Indicadores<\/td>\n<\/tr>\n<tr>\n<td>Temperatura (20\u2103-g\/ml)<\/td>\n<td>1.368-1.394<\/td>\n<\/tr>\n<tr>\n<td>Teor de \u00f3xido de s\u00f3dio (Na2O)%\u2265<\/td>\n<td>8.2<\/td>\n<\/tr>\n<tr>\n<td>Teor de di\u00f3xido de sil\u00edcio (SiO2)%\u2265<\/td>\n<td>26<\/td>\n<\/tr>\n<tr>\n<td>M\u00f3dulo M<\/td>\n<td>3.10-3.40<\/td>\n<\/tr>\n<\/tbody>\n<\/table>\n<p>&nbsp;<\/p>\n<h2><strong>Explica\u00e7\u00e3o do nome do silicato de s\u00f3dio<\/strong><\/h2>\n<p>F\u00f3rmula molecular: Na2O-mSiO2 m representa o m\u00f3dulo<br \/>\nPropor\u00e7\u00e3o (Na2O: SiO2)<br \/>\nPropor\u00e7\u00e3o (Na2O: SiO2) - A propor\u00e7\u00e3o de areia de quartzo e \u00e1lcali, ou seja, a propor\u00e7\u00e3o molar de SiO2 e Na2O, determina o m\u00f3dulo M do silicato de s\u00f3dio, e o m\u00f3dulo mostra a composi\u00e7\u00e3o do silicato de s\u00f3dio<br \/>\nNa2O% m\u00e9dio - refere-se ao conte\u00fado m\u00e9dio de Na2O<br \/>\nSiO2 m\u00e9dio %-- refere-se ao valor m\u00e9dio do conte\u00fado de SiO2<br \/>\nSolubilidade total (Silicato %):-a solubilidade do silicato de s\u00f3dio<br \/>\nMat\u00e9ria insol\u00favel em \u00e1gua %: teor de mat\u00e9ria insol\u00favel<\/p>\n<p>&nbsp;<\/p>\n<h2>Como usar o silicato de s\u00f3dio?<\/h2>\n<p>1. O silicato de s\u00f3dio 40BE-50BE \u00e9 amplamente utilizado na ind\u00fastria mec\u00e2nica para fundi\u00e7\u00e3o, fabrica\u00e7\u00e3o de rebolos e inibidor de corros\u00e3o de metais.<br \/>\n2. O silicato de s\u00f3dio \u00e9 usado no setor de constru\u00e7\u00e3o para a fabrica\u00e7\u00e3o de cimento de secagem r\u00e1pida, cimento resistente a \u00e1cidos e \u00f3leo \u00e0 prova d'\u00e1gua, agente de cura do solo, materiais refrat\u00e1rios, etc.<br \/>\n3. O silicato de s\u00f3dio \u00e9 usado na agricultura para produzir fertilizante de s\u00edlica.<br \/>\n4. Al\u00e9m disso, como adesivo, o silicato de s\u00f3dio 42BE \u00e9 amplamente utilizado como um adesivo de alta viscosidade para caixas de papel\u00e3o (papel corrugado) e tubos de papel.<\/p>\n<p>&nbsp;<\/p>\n<p>1. Usado no setor de petr\u00f3leo para fabricar catalisadores de s\u00edlica-alumina para cat\u00e1lise e craqueamento de petr\u00f3leo.<\/p>\n<p>2. Na ind\u00fastria qu\u00edmica, \u00e9 usado para produzir s\u00edlica, peneira molecular de ze\u00f3lita, s\u00edlica precipitada e v\u00e1rios tipos de silicato, al\u00e9m de ser a mat\u00e9ria-prima b\u00e1sica dos silicidas.<\/p>\n<p>3. Na ind\u00fastria qu\u00edmica leve, \u00e9 um enchimento indispens\u00e1vel em detergentes e sab\u00f5es para lavanderia, e o pr\u00f3prio silicato de s\u00f3dio \u00e9 um detergente eficiente, um agente amaciante e um auxiliar de pia para \u00e1gua de torneira usada pelo p\u00fablico.<\/p>\n<p>4. Na ind\u00fastria t\u00eaxtil, usado como auxiliar de tingimento, branqueamento e colagem.<\/p>\n<p>5. Na ind\u00fastria de m\u00e1quinas, \u00e9 amplamente utilizado em fundi\u00e7\u00e3o, fundi\u00e7\u00e3o de precis\u00e3o, fabrica\u00e7\u00e3o de rebolos e como conservante de metal.<\/p>\n<p>6. No setor de constru\u00e7\u00e3o, \u00e9 usado na fabrica\u00e7\u00e3o de cimento de secagem r\u00e1pida, cimento resistente a \u00e1cidos, \u00f3leo \u00e0 prova d'\u00e1gua, agente de cura do solo, material refrat\u00e1rio, papel\u00e3o ondulado etc.<\/p>\n<p>7. em minera\u00e7\u00e3o, para processamento de minerais, impermeabiliza\u00e7\u00e3o e entupimento.<\/p>\n<p>8. na agricultura, para a fabrica\u00e7\u00e3o de fertilizantes de s\u00edlica.<\/p>\n<p>9. A madeira tem propriedades \u00e0 prova de fogo quando mergulhada em silicato de s\u00f3dio.<\/p>\n<p>10. Os ovos podem ser armazenados por um longo per\u00edodo sem deteriora\u00e7\u00e3o ap\u00f3s serem mergulhados em silicato de s\u00f3dio; o silicato de s\u00f3dio de alto m\u00f3dulo \u00e9 o aglutinante do papel\u00e3o e da caixa de papel\u00e3o.<\/p>\n<p>&nbsp;<\/p>\n<h2><strong>Pacote de silicato de s\u00f3dio<\/strong><\/h2>\n<p>200 kg\/tambor ou 1000 kg\/tambor.<\/p>\n<p>Temos uma frota de ve\u00edculos de transporte e podemos entregar em sua porta dentro da prov\u00edncia.<\/p>\n<p>&nbsp;<\/p>\n<h2><strong><b>Entre em contato conosco agora!<\/b><\/strong><\/h2>\n<h4><strong><b>Se precisar de COA, MSDS ou TDS, preencha suas informa\u00e7\u00f5es de contato no formul\u00e1rio abaixo. Normalmente, entraremos em contato em 24 horas. Voc\u00ea tamb\u00e9m pode me enviar um e-mail <span style=\"color: #0000ff;\"><a style=\"color: #0000ff;\" href=\"mailto:info@longchangchemical.com\">info@longchangchemical.com<\/a><\/span> durante o hor\u00e1rio comercial (das 8h30 \u00e0s 18h UTC+8 de segunda a s\u00e1bado) ou use o bate-papo ao vivo do site para obter uma resposta imediata.<\/b><\/strong><\/h4>","protected":false},"excerpt":{"rendered":"<p><strong>Nome do produto: Silicato de s\u00f3dio<\/strong><\/p>\n<p><strong>N\u00famero CAS: 1344-09-8<\/strong><\/p>\n<p><strong>Outros nomes: Silicato de s\u00f3dio l\u00edquido; vidro de \u00e1gua de silicato de s\u00f3dio; vidro de \u00e1gua de silicato de s\u00f3dio; silicato de s\u00f3dio l\u00edquido; vidro de silicato de s\u00f3dio l\u00edquido<\/strong><\/p>\n<p><strong>F\u00f3rmula molecular: Na2O3Si<\/strong><\/p>\n<p><strong>Peso molecular: 122,06<\/strong><\/p>\n<p><strong>Apar\u00eancia: L\u00edquido pegajoso incolor a amarelo claro e ciano<\/strong><\/p>\n<p><strong>Embalagem: 200 kgs\/tambor; 1 tonelada\/tambor<\/strong><\/p>\n<p><strong>Produ\u00e7\u00e3o mensal: 15.000 toneladas<\/strong><\/p>\n<p>&nbsp;<\/p>","protected":false},"featured_media":4792,"comment_status":"open","ping_status":"closed","template":"","meta":[],"product_brand":[],"product_cat":[103],"product_tag":[],"class_list":{"0":"post-4790","1":"product","2":"type-product","3":"status-publish","4":"has-post-thumbnail","6":"product_cat-cosmetic-additives","8":"first","9":"instock","10":"shipping-taxable","11":"product-type-simple"},"yoast_head":"<!-- This site is optimized with the Yoast SEO plugin v25.3.1 - https:\/\/yoast.com\/wordpress\/plugins\/seo\/ -->\n<title>China Liquid Sodium silicate manufacturer \uff06 CAS 1344-09-8 supplier - Longchang Chemical Co., Ltd.<\/title>\n<meta name=\"description\" content=\"China Liquid Sodium silicate CAS 1344-09-8 manufacturer and supplier. This product can replace Silicic acid, sodium salt, Sodium hydroxy(oxo)silanolate, sodium hydroxysilanoylolate, Sodium metasilicate, SODIUM SILICATE SOLUTION. Liquid Sodium silicate; water glass sodium silicate; sodium silicate water glass; Sodium silicate Liquid; Sodium silicate Liquid glass.\" \/>\n<meta name=\"robots\" content=\"index, follow, max-snippet:-1, max-image-preview:large, max-video-preview:-1\" \/>\n<link rel=\"canonical\" href=\"https:\/\/longchangchemical.com\/pt\/product\/liquid-sodium-silicate-cas-1344-09-8\/\" \/>\n<meta property=\"og:locale\" content=\"pt_BR\" \/>\n<meta property=\"og:type\" content=\"article\" \/>\n<meta property=\"og:title\" content=\"China Liquid Sodium silicate manufacturer \uff06 CAS 1344-09-8 supplier - Longchang Chemical Co., Ltd.\" \/>\n<meta property=\"og:description\" content=\"China Liquid Sodium silicate CAS 1344-09-8 manufacturer and supplier. This product can replace Silicic acid, sodium salt, Sodium hydroxy(oxo)silanolate, sodium hydroxysilanoylolate, Sodium metasilicate, SODIUM SILICATE SOLUTION. Liquid Sodium silicate; water glass sodium silicate; sodium silicate water glass; Sodium silicate Liquid; Sodium silicate Liquid glass.\" \/>\n<meta property=\"og:url\" content=\"https:\/\/longchangchemical.com\/pt\/product\/liquid-sodium-silicate-cas-1344-09-8\/\" \/>\n<meta property=\"og:site_name\" content=\"Longchang Chemical\" \/>\n<meta property=\"article:modified_time\" content=\"2025-12-22T07:20:23+00:00\" \/>\n<meta property=\"og:image\" content=\"https:\/\/longchangchemical.com\/wp-content\/uploads\/2021\/10\/Appearance.jpg\" \/>\n\t<meta property=\"og:image:width\" content=\"800\" \/>\n\t<meta property=\"og:image:height\" content=\"800\" \/>\n\t<meta property=\"og:image:type\" content=\"image\/jpeg\" \/>\n<meta name=\"twitter:card\" content=\"summary_large_image\" \/>\n<script type=\"application\/ld+json\" class=\"yoast-schema-graph\">{\"@context\":\"https:\/\/schema.org\",\"@graph\":[{\"@type\":\"WebPage\",\"@id\":\"https:\/\/longchangchemical.com\/product\/liquid-sodium-silicate-cas-1344-09-8\/\",\"url\":\"https:\/\/longchangchemical.com\/product\/liquid-sodium-silicate-cas-1344-09-8\/\",\"name\":\"China Liquid Sodium silicate manufacturer \uff06 CAS 1344-09-8 supplier - Longchang Chemical Co., Ltd.\",\"isPartOf\":{\"@id\":\"https:\/\/longchangchemical.com\/#website\"},\"primaryImageOfPage\":{\"@id\":\"https:\/\/longchangchemical.com\/product\/liquid-sodium-silicate-cas-1344-09-8\/#primaryimage\"},\"image\":{\"@id\":\"https:\/\/longchangchemical.com\/product\/liquid-sodium-silicate-cas-1344-09-8\/#primaryimage\"},\"thumbnailUrl\":\"https:\/\/longchangchemical.com\/wp-content\/uploads\/2021\/10\/Appearance.jpg\",\"datePublished\":\"2021-10-07T08:03:42+00:00\",\"dateModified\":\"2025-12-22T07:20:23+00:00\",\"description\":\"China Liquid Sodium silicate CAS 1344-09-8 manufacturer and supplier. This product can replace Silicic acid, sodium salt, Sodium hydroxy(oxo)silanolate, sodium hydroxysilanoylolate, Sodium metasilicate, SODIUM SILICATE SOLUTION. Liquid Sodium silicate; water glass sodium silicate; sodium silicate water glass; Sodium silicate Liquid; Sodium silicate Liquid glass.\",\"breadcrumb\":{\"@id\":\"https:\/\/longchangchemical.com\/product\/liquid-sodium-silicate-cas-1344-09-8\/#breadcrumb\"},\"inLanguage\":\"pt-BR\",\"potentialAction\":[{\"@type\":\"ReadAction\",\"target\":[\"https:\/\/longchangchemical.com\/product\/liquid-sodium-silicate-cas-1344-09-8\/\"]}]},{\"@type\":\"ImageObject\",\"inLanguage\":\"pt-BR\",\"@id\":\"https:\/\/longchangchemical.com\/product\/liquid-sodium-silicate-cas-1344-09-8\/#primaryimage\",\"url\":\"https:\/\/longchangchemical.com\/wp-content\/uploads\/2021\/10\/Appearance.jpg\",\"contentUrl\":\"https:\/\/longchangchemical.com\/wp-content\/uploads\/2021\/10\/Appearance.jpg\",\"width\":800,\"height\":800},{\"@type\":\"BreadcrumbList\",\"@id\":\"https:\/\/longchangchemical.com\/product\/liquid-sodium-silicate-cas-1344-09-8\/#breadcrumb\",\"itemListElement\":[{\"@type\":\"ListItem\",\"position\":1,\"name\":\"Home\",\"item\":\"https:\/\/longchangchemical.com\/\"},{\"@type\":\"ListItem\",\"position\":2,\"name\":\"Products Longchang\",\"item\":\"https:\/\/longchangchemical.com\/product\/\"},{\"@type\":\"ListItem\",\"position\":3,\"name\":\"Liquid Sodium silicate CAS 1344-09-8\"}]},{\"@type\":\"WebSite\",\"@id\":\"https:\/\/longchangchemical.com\/#website\",\"url\":\"https:\/\/longchangchemical.com\/\",\"name\":\"Longchang Chemical\",\"description\":\"China chemical manufacturer \uff06 supplier\",\"publisher\":{\"@id\":\"https:\/\/longchangchemical.com\/#organization\"},\"potentialAction\":[{\"@type\":\"SearchAction\",\"target\":{\"@type\":\"EntryPoint\",\"urlTemplate\":\"https:\/\/longchangchemical.com\/?s={search_term_string}\"},\"query-input\":{\"@type\":\"PropertyValueSpecification\",\"valueRequired\":true,\"valueName\":\"search_term_string\"}}],\"inLanguage\":\"pt-BR\"},{\"@type\":\"Organization\",\"@id\":\"https:\/\/longchangchemical.com\/#organization\",\"name\":\"Longchang Chemical\",\"url\":\"https:\/\/longchangchemical.com\/\",\"logo\":{\"@type\":\"ImageObject\",\"inLanguage\":\"pt-BR\",\"@id\":\"https:\/\/longchangchemical.com\/#\/schema\/logo\/image\/\",\"url\":\"https:\/\/longchangchemical.com\/wp-content\/uploads\/2020\/08\/cropped-longchang-logo.png\",\"contentUrl\":\"https:\/\/longchangchemical.com\/wp-content\/uploads\/2020\/08\/cropped-longchang-logo.png\",\"width\":512,\"height\":512,\"caption\":\"Longchang Chemical\"},\"image\":{\"@id\":\"https:\/\/longchangchemical.com\/#\/schema\/logo\/image\/\"}}]}<\/script>\n<!-- \/ Yoast SEO plugin. -->","yoast_head_json":{"title":"Fabricante de silicato de s\u00f3dio l\u00edquido na China \uff06 fornecedor de CAS 1344-09-8 - Longchang Chemical Co., Ltd.","description":"Fabricante e fornecedor de Silicato de s\u00f3dio l\u00edquido CAS 1344-09-8 da China. Esse produto pode substituir o \u00e1cido sil\u00edcico, sal de s\u00f3dio, hidroxi(oxo)silanolato de s\u00f3dio, hidroxissilanoilato de s\u00f3dio, metassilicato de s\u00f3dio, SOLU\u00c7\u00c3O DE SILICATO DE S\u00d3DIO. Silicato de s\u00f3dio l\u00edquido; vidro de \u00e1gua de silicato de s\u00f3dio; vidro de \u00e1gua de silicato de s\u00f3dio; silicato de s\u00f3dio l\u00edquido; vidro de silicato de s\u00f3dio l\u00edquido.","robots":{"index":"index","follow":"follow","max-snippet":"max-snippet:-1","max-image-preview":"max-image-preview:large","max-video-preview":"max-video-preview:-1"},"canonical":"https:\/\/longchangchemical.com\/pt\/product\/liquid-sodium-silicate-cas-1344-09-8\/","og_locale":"pt_BR","og_type":"article","og_title":"China Liquid Sodium silicate manufacturer \uff06 CAS 1344-09-8 supplier - Longchang Chemical Co., Ltd.","og_description":"China Liquid Sodium silicate CAS 1344-09-8 manufacturer and supplier. This product can replace Silicic acid, sodium salt, Sodium hydroxy(oxo)silanolate, sodium hydroxysilanoylolate, Sodium metasilicate, SODIUM SILICATE SOLUTION. Liquid Sodium silicate; water glass sodium silicate; sodium silicate water glass; Sodium silicate Liquid; Sodium silicate Liquid glass.","og_url":"https:\/\/longchangchemical.com\/pt\/product\/liquid-sodium-silicate-cas-1344-09-8\/","og_site_name":"Longchang Chemical","article_modified_time":"2025-12-22T07:20:23+00:00","og_image":[{"width":800,"height":800,"url":"https:\/\/longchangchemical.com\/wp-content\/uploads\/2021\/10\/Appearance.jpg","type":"image\/jpeg"}],"twitter_card":"summary_large_image","schema":{"@context":"https:\/\/schema.org","@graph":[{"@type":"WebPage","@id":"https:\/\/longchangchemical.com\/product\/liquid-sodium-silicate-cas-1344-09-8\/","url":"https:\/\/longchangchemical.com\/product\/liquid-sodium-silicate-cas-1344-09-8\/","name":"Fabricante de silicato de s\u00f3dio l\u00edquido na China \uff06 fornecedor de CAS 1344-09-8 - Longchang Chemical Co., Ltd.","isPartOf":{"@id":"https:\/\/longchangchemical.com\/#website"},"primaryImageOfPage":{"@id":"https:\/\/longchangchemical.com\/product\/liquid-sodium-silicate-cas-1344-09-8\/#primaryimage"},"image":{"@id":"https:\/\/longchangchemical.com\/product\/liquid-sodium-silicate-cas-1344-09-8\/#primaryimage"},"thumbnailUrl":"https:\/\/longchangchemical.com\/wp-content\/uploads\/2021\/10\/Appearance.jpg","datePublished":"2021-10-07T08:03:42+00:00","dateModified":"2025-12-22T07:20:23+00:00","description":"Fabricante e fornecedor de Silicato de s\u00f3dio l\u00edquido CAS 1344-09-8 da China. Esse produto pode substituir o \u00e1cido sil\u00edcico, sal de s\u00f3dio, hidroxi(oxo)silanolato de s\u00f3dio, hidroxissilanoilato de s\u00f3dio, metassilicato de s\u00f3dio, SOLU\u00c7\u00c3O DE SILICATO DE S\u00d3DIO. Silicato de s\u00f3dio l\u00edquido; vidro de \u00e1gua de silicato de s\u00f3dio; vidro de \u00e1gua de silicato de s\u00f3dio; silicato de s\u00f3dio l\u00edquido; vidro de silicato de s\u00f3dio l\u00edquido.","breadcrumb":{"@id":"https:\/\/longchangchemical.com\/product\/liquid-sodium-silicate-cas-1344-09-8\/#breadcrumb"},"inLanguage":"pt-BR","potentialAction":[{"@type":"ReadAction","target":["https:\/\/longchangchemical.com\/product\/liquid-sodium-silicate-cas-1344-09-8\/"]}]},{"@type":"ImageObject","inLanguage":"pt-BR","@id":"https:\/\/longchangchemical.com\/product\/liquid-sodium-silicate-cas-1344-09-8\/#primaryimage","url":"https:\/\/longchangchemical.com\/wp-content\/uploads\/2021\/10\/Appearance.jpg","contentUrl":"https:\/\/longchangchemical.com\/wp-content\/uploads\/2021\/10\/Appearance.jpg","width":800,"height":800},{"@type":"BreadcrumbList","@id":"https:\/\/longchangchemical.com\/product\/liquid-sodium-silicate-cas-1344-09-8\/#breadcrumb","itemListElement":[{"@type":"ListItem","position":1,"name":"Home","item":"https:\/\/longchangchemical.com\/"},{"@type":"ListItem","position":2,"name":"Products Longchang","item":"https:\/\/longchangchemical.com\/product\/"},{"@type":"ListItem","position":3,"name":"Liquid Sodium silicate CAS 1344-09-8"}]},{"@type":"WebSite","@id":"https:\/\/longchangchemical.com\/#website","url":"https:\/\/longchangchemical.com\/","name":"Qu\u00edmica Longchang","description":"Fabricante de produtos qu\u00edmicos na China \uff06 fornecedor","publisher":{"@id":"https:\/\/longchangchemical.com\/#organization"},"potentialAction":[{"@type":"SearchAction","target":{"@type":"EntryPoint","urlTemplate":"https:\/\/longchangchemical.com\/?s={search_term_string}"},"query-input":{"@type":"PropertyValueSpecification","valueRequired":true,"valueName":"search_term_string"}}],"inLanguage":"pt-BR"},{"@type":"Organization","@id":"https:\/\/longchangchemical.com\/#organization","name":"Qu\u00edmica Longchang","url":"https:\/\/longchangchemical.com\/","logo":{"@type":"ImageObject","inLanguage":"pt-BR","@id":"https:\/\/longchangchemical.com\/#\/schema\/logo\/image\/","url":"https:\/\/longchangchemical.com\/wp-content\/uploads\/2020\/08\/cropped-longchang-logo.png","contentUrl":"https:\/\/longchangchemical.com\/wp-content\/uploads\/2020\/08\/cropped-longchang-logo.png","width":512,"height":512,"caption":"Longchang Chemical"},"image":{"@id":"https:\/\/longchangchemical.com\/#\/schema\/logo\/image\/"}}]}},"_links":{"self":[{"href":"https:\/\/longchangchemical.com\/pt\/wp-json\/wp\/v2\/product\/4790","targetHints":{"allow":["GET"]}}],"collection":[{"href":"https:\/\/longchangchemical.com\/pt\/wp-json\/wp\/v2\/product"}],"about":[{"href":"https:\/\/longchangchemical.com\/pt\/wp-json\/wp\/v2\/types\/product"}],"replies":[{"embeddable":true,"href":"https:\/\/longchangchemical.com\/pt\/wp-json\/wp\/v2\/comments?post=4790"}],"wp:featuredmedia":[{"embeddable":true,"href":"https:\/\/longchangchemical.com\/pt\/wp-json\/wp\/v2\/media\/4792"}],"wp:attachment":[{"href":"https:\/\/longchangchemical.com\/pt\/wp-json\/wp\/v2\/media?parent=4790"}],"wp:term":[{"taxonomy":"product_brand","embeddable":true,"href":"https:\/\/longchangchemical.com\/pt\/wp-json\/wp\/v2\/product_brand?post=4790"},{"taxonomy":"product_cat","embeddable":true,"href":"https:\/\/longchangchemical.com\/pt\/wp-json\/wp\/v2\/product_cat?post=4790"},{"taxonomy":"product_tag","embeddable":true,"href":"https:\/\/longchangchemical.com\/pt\/wp-json\/wp\/v2\/product_tag?post=4790"}],"curies":[{"name":"wp","href":"https:\/\/api.w.org\/{rel}","templated":true}]}}