{"id":4748,"date":"2021-07-30T06:52:43","date_gmt":"2021-07-30T06:52:43","guid":{"rendered":"https:\/\/longchangchemical.com\/?post_type=product&#038;p=4748"},"modified":"2022-02-17T02:42:07","modified_gmt":"2022-02-17T02:42:07","slug":"mct-oil-powder","status":"publish","type":"product","link":"https:\/\/longchangchemical.com\/pt\/product\/mct-oil-powder\/","title":{"rendered":"MCT"},"content":{"rendered":"<h1><strong><b>MCT<\/b><\/strong><\/h1>\n<h2><strong>60% COA para Triglicer\u00eddeos de cadeia m\u00e9dia em p\u00f3<\/strong><\/h2>\n<table>\n<tbody>\n<tr>\n<td width=\"217\"><strong><b>Item<\/b><\/strong><\/td>\n<td width=\"296\"><strong><b>Especifica\u00e7\u00f5es<\/b><\/strong><\/td>\n<td width=\"243\"><strong><b>Resultados<\/b><\/strong><\/td>\n<\/tr>\n<tr>\n<td colspan=\"3\" width=\"757\">Dados f\u00edsicos e qu\u00edmicos<\/td>\n<\/tr>\n<tr>\n<td width=\"217\">Apar\u00eancia<\/td>\n<td width=\"296\">P\u00f3 de fluxo livre branco a quase branco<\/td>\n<td width=\"243\">P\u00f3 quase branco de fluxo livre<\/td>\n<\/tr>\n<tr>\n<td colspan=\"3\" width=\"757\">Qualidade anal\u00edtica<\/td>\n<\/tr>\n<tr>\n<td width=\"217\">Perda na secagem<\/td>\n<td width=\"296\">\u22645.0%<\/td>\n<td width=\"243\">Certificado<\/td>\n<\/tr>\n<tr>\n<td width=\"217\">Gordura total<\/td>\n<td width=\"296\">\u226550.0%<\/td>\n<td width=\"243\">Certificado<\/td>\n<\/tr>\n<tr>\n<td width=\"217\">Ensaio<\/p>\n<p>\u00c1cido oc\u00f3ico (como gordura)<\/p>\n<p>\u00c1cido c\u00e1prico (como gordura)<\/td>\n<td width=\"296\">&nbsp;<\/p>\n<p>\u226550.0%<\/p>\n<p>\u226525.0%<\/td>\n<td width=\"243\">&nbsp;<\/p>\n<p>Certificado<\/p>\n<p>Certificado<\/td>\n<\/tr>\n<tr>\n<td colspan=\"3\" width=\"757\">Contaminantes<\/td>\n<\/tr>\n<tr>\n<td width=\"217\">Metais pesados (como Pb)<\/td>\n<td width=\"296\">\u226410ppm<\/td>\n<td width=\"243\">Certificado<\/td>\n<\/tr>\n<tr>\n<td width=\"217\">Ars\u00eanico<\/td>\n<td width=\"296\">\u22643ppm<\/td>\n<td width=\"243\">Certificado<\/td>\n<\/tr>\n<tr>\n<td colspan=\"3\" width=\"757\">Microbiol\u00f3gico<\/td>\n<\/tr>\n<tr>\n<td width=\"217\">Contagem total de micr\u00f3bios acrob\u00e1ticos<\/td>\n<td width=\"296\">\u22641000cfu\/g<\/td>\n<td width=\"243\">20 ufc\/g<\/td>\n<\/tr>\n<tr>\n<td width=\"217\">Contagem total de bolores e leveduras<\/td>\n<td width=\"296\">\u2264100cfu\/g<\/td>\n<td width=\"243\">0 cfu\/g<\/td>\n<\/tr>\n<tr>\n<td width=\"217\">Enterobactriais<\/td>\n<td width=\"296\">\u226410cfu\/g<\/td>\n<td width=\"243\">0 cfu\/g<\/td>\n<\/tr>\n<tr>\n<td width=\"217\">Salmonela<\/td>\n<td width=\"296\">N. d.\/25g<\/td>\n<td width=\"243\">Certificado<\/td>\n<\/tr>\n<tr>\n<td width=\"217\">Bobina de Escherichia<\/td>\n<td width=\"296\">N.d.\/10g<\/td>\n<td width=\"243\">Certificado<\/td>\n<\/tr>\n<tr>\n<td width=\"217\">Staphylococcus aureus<\/td>\n<td width=\"296\">N.d.\/10g<\/td>\n<td width=\"243\">Certificado<\/td>\n<\/tr>\n<tr>\n<td width=\"217\">Conclus\u00e3o<\/td>\n<td colspan=\"2\" width=\"539\">Os resultados est\u00e3o em conformidade com os padr\u00f5es USP39<\/td>\n<\/tr>\n<\/tbody>\n<\/table>\n<h2><strong>50% COA para Triglicer\u00eddeos de cadeia m\u00e9dia em p\u00f3<\/strong><\/h2>\n<table>\n<tbody>\n<tr>\n<td width=\"217\"><strong><b>Item<\/b><\/strong><\/td>\n<td width=\"296\"><strong><b>Especifica\u00e7\u00f5es<\/b><\/strong><\/td>\n<td width=\"243\"><strong><b>Resultados<\/b><\/strong><\/td>\n<\/tr>\n<tr>\n<td colspan=\"3\" width=\"757\">Dados f\u00edsicos e qu\u00edmicos<\/td>\n<\/tr>\n<tr>\n<td width=\"217\">Apar\u00eancia<\/td>\n<td width=\"296\">P\u00f3 de fluxo livre branco a quase branco<\/td>\n<td width=\"243\">P\u00f3 quase branco de fluxo livre<\/td>\n<\/tr>\n<tr>\n<td colspan=\"3\" width=\"757\">Qualidade anal\u00edtica<\/td>\n<\/tr>\n<tr>\n<td width=\"217\">Perda na secagem<\/td>\n<td width=\"296\">\u22645.0%<\/td>\n<td width=\"243\">Certificado<\/td>\n<\/tr>\n<tr>\n<td width=\"217\">Gordura total<\/td>\n<td width=\"296\">\u226570.0%<\/td>\n<td width=\"243\">Certificado<\/td>\n<\/tr>\n<tr>\n<td width=\"217\">Ensaio<\/p>\n<p>\u00c1cido oc\u00f3ico (como gordura)<\/p>\n<p>\u00c1cido c\u00e1prico (como gordura)<\/td>\n<td width=\"296\">&nbsp;<\/p>\n<p>\u226550.0%<\/p>\n<p>\u226525.0%<\/td>\n<td width=\"243\">&nbsp;<\/p>\n<p>Certificado<\/p>\n<p>Certificado<\/td>\n<\/tr>\n<tr>\n<td colspan=\"3\" width=\"757\">Contaminantes<\/td>\n<\/tr>\n<tr>\n<td width=\"217\">Metais pesados (como Pb)<\/td>\n<td width=\"296\">\u226410ppm<\/td>\n<td width=\"243\">Certificado<\/td>\n<\/tr>\n<tr>\n<td width=\"217\">Ars\u00eanico<\/td>\n<td width=\"296\">\u22643ppm<\/td>\n<td width=\"243\">Certificado<\/td>\n<\/tr>\n<tr>\n<td colspan=\"3\" width=\"757\">Microbiol\u00f3gico<\/td>\n<\/tr>\n<tr>\n<td width=\"217\">Contagem total de micr\u00f3bios acrob\u00e1ticos<\/td>\n<td width=\"296\">\u22641000cfu\/g<\/td>\n<td width=\"243\">20 ufc\/g<\/td>\n<\/tr>\n<tr>\n<td width=\"217\">Contagem total de bolores e leveduras<\/td>\n<td width=\"296\">\u2264100cfu\/g<\/td>\n<td width=\"243\">0 cfu\/g<\/td>\n<\/tr>\n<tr>\n<td width=\"217\">Enterobactriais<\/td>\n<td width=\"296\">\u226410cfu\/g<\/td>\n<td width=\"243\">0 cfu\/g<\/td>\n<\/tr>\n<tr>\n<td width=\"217\">Salmonela<\/td>\n<td width=\"296\">N. d.\/25g<\/td>\n<td width=\"243\">Certificado<\/td>\n<\/tr>\n<tr>\n<td width=\"217\">Bobina de Escherichia<\/td>\n<td width=\"296\">N.d.\/10g<\/td>\n<td width=\"243\">Certificado<\/td>\n<\/tr>\n<tr>\n<td width=\"217\">Staphylococcus aureus<\/td>\n<td width=\"296\">N.d.\/10g<\/td>\n<td width=\"243\">Certificado<\/td>\n<\/tr>\n<tr>\n<td width=\"217\">Conclus\u00e3o<\/td>\n<td colspan=\"2\" width=\"539\">Os resultados est\u00e3o em conformidade com os padr\u00f5es USP39<\/td>\n<\/tr>\n<\/tbody>\n<\/table>\n<h2><strong><b>60% Folha de ingredientes<\/b><\/strong><\/h2>\n<table>\n<tbody>\n<tr>\n<td width=\"362\">Ingredientes<\/td>\n<td width=\"268\">Composi\u00e7\u00e3o<\/td>\n<\/tr>\n<tr>\n<td width=\"362\">Triglicer\u00eddeos de cadeia m\u00e9dia<\/td>\n<td width=\"268\">\u2265 60.0%<\/td>\n<\/tr>\n<tr>\n<td width=\"362\">Octenil Succinato de Amido S\u00f3dico<\/td>\n<td width=\"268\">25.0% ~ 35.0%<\/td>\n<\/tr>\n<tr>\n<td width=\"362\">Maltodextrina<\/td>\n<td width=\"268\">5.0% ~ 15.0%<\/td>\n<\/tr>\n<tr>\n<td width=\"362\">SiO2<\/td>\n<td width=\"268\">\u2264 1,5%<\/td>\n<\/tr>\n<tr>\n<td width=\"362\">\u00c9ster de glicerina de \u00e1cido este\u00e1rico simples e duplo<\/td>\n<td width=\"268\">\u2264 2.0%<\/td>\n<\/tr>\n<\/tbody>\n<\/table>\n<h2><strong><b>Folha de ingredientes do 70%<\/b><\/strong><\/h2>\n<table>\n<tbody>\n<tr>\n<td width=\"353\">Ingredientes<\/td>\n<td width=\"277\">Composi\u00e7\u00e3o<\/td>\n<\/tr>\n<tr>\n<td width=\"353\">Triglicer\u00eddeos de cadeia m\u00e9dia<\/td>\n<td width=\"277\">\u2265 70.0%<\/td>\n<\/tr>\n<tr>\n<td width=\"353\">Caseinato de s\u00f3dio<\/td>\n<td width=\"277\">2.0% ~ 10.0%<\/td>\n<\/tr>\n<tr>\n<td width=\"353\">Isomaltooligossacar\u00eddeo<\/td>\n<td width=\"277\">20.0% ~30.0%<\/td>\n<\/tr>\n<tr>\n<td width=\"353\">\u00c9ster de glicerina de \u00e1cido este\u00e1rico simples e duplo<\/td>\n<td width=\"277\">\u2264 2.0%<\/td>\n<\/tr>\n<tr>\n<td width=\"353\">SiO2<\/td>\n<td width=\"277\">\u2264 1,5%<\/td>\n<\/tr>\n<\/tbody>\n<\/table>\n<p>&nbsp;<\/p>\n<h2><strong>O que \u00e9 MCT em p\u00f3?\u00a0<\/strong><\/h2>\n<h4>O p\u00f3 de MCT \u00e9 um suplemento que se tornou amplamente conhecido. Tanto o p\u00f3 quanto o \u00f3leo podem impulsionar a taxa metab\u00f3lica do corpo humano, independentemente da idade do usu\u00e1rio. Muitos praticantes de exerc\u00edcios f\u00edsicos preferem usar os produtos MCT devido ao aumento instant\u00e2neo de energia que eles proporcionam aos usu\u00e1rios.<\/h4>\n<h4>A maioria das gorduras que ingerimos \u00e9 feita dos chamados \u00e1cidos graxos de cadeia longa (LCTs) - \u00e1tomos de carbono, oxig\u00eanio e hidrog\u00eanio ligados a uma longa cadeia de carbonos. Como o nome sugere, as gorduras de cadeia longa s\u00e3o volumosas e levam tempo para serem quebradas no corpo para abastecer a atividade. Os triglicer\u00eddeos de cadeia m\u00e9dia - MCTs - s\u00e3o gorduras saturadas que, devido \u00e0 cadeia mais curta de \u00e1tomos de carbono, s\u00e3o digeridas muito mais rapidamente e, portanto, fornecem uma fonte de energia mais r\u00e1pida.\u2020<\/h4>\n<h4>Quando os MCTs s\u00e3o consumidos, eles v\u00e3o direto para o f\u00edgado, onde s\u00e3o rapidamente digeridos e absorvidos, ou transformados em cetonas, que o corpo pode usar no lugar do carboidrato como combust\u00edvel.<\/h4>\n<p>&nbsp;<\/p>\n<h2><strong>Onde comprar o \u00f3leo de mct em p\u00f3?<\/strong><\/h2>\n<h4>Voc\u00ea pode clicar diretamente no link da imagem abaixo.<\/h4>\n<p>&nbsp;<\/p>\n<h2><strong><b>Fun\u00e7\u00e3o do \u00f3leo MCT em p\u00f3: para que serve o \u00f3leo mct em p\u00f3<\/b><\/strong><\/h2>\n<h4>Promover o crescimento<\/h4>\n<h4>Diminuir o consumo de prote\u00ednas<\/h4>\n<h4>Reabastece a energia, melhora a resist\u00eancia<\/h4>\n<h4>Aumenta a saciedade e reduz o ac\u00famulo de gordura<\/h4>\n<h4>Melhora a absor\u00e7\u00e3o de outros nutrientes, como minerais e \u00e1cidos graxos essenciais.<\/h4>\n<p><strong><b>\u00a0<\/b><\/strong><\/p>\n<h2><strong><b>\u00d3leo MCT em p\u00f3 P<\/b><\/strong><strong><b>Embalagem e remessa<\/b><\/strong><strong><b>:<\/b><\/strong><\/h2>\n<p><strong><b>\u00a0<\/b><\/strong><\/p>\n<h4>Embalagem: Uma libra\/garrafa<\/h4>\n<h4>Entrega: em 5 a 7 dias \u00fateis, ou voc\u00ea pode fazer um pedido diretamente na Amazon, com garantia de qualidade.<\/h4>\n<p><strong><b>\u00a0<\/b><\/strong><\/p>\n<h2><strong><b>Armazenamento de \u00f3leo MCT em p\u00f3<\/b><\/strong><\/h2>\n<h4>Armazenado em um local fresco e seco, longe da luz solar direta.<\/h4>\n<h4><\/h4>","protected":false},"excerpt":{"rendered":"<h4>Nome qu\u00edmico: Triglicer\u00eddeo de cadeia m\u00e9dia<\/h4>\n<h4>Nome do produto: MCT, \u00f3leo em p\u00f3 MCT, p\u00f3 MCT, \u00f3leo em p\u00f3 ceto mct, prote\u00edna em p\u00f3 com \u00f3leo mct<\/h4>\n<h4>Apar\u00eancia: P\u00f3 homog\u00eaneo branco ou amarelo claro<\/h4>\n<h4>Ensaio: 60%,70%<\/h4>","protected":false},"featured_media":4749,"comment_status":"open","ping_status":"closed","template":"","meta":[],"product_brand":[],"product_cat":[113],"product_tag":[],"class_list":{"0":"post-4748","1":"product","2":"type-product","3":"status-publish","4":"has-post-thumbnail","6":"product_cat-organic-intermediate","8":"first","9":"instock","10":"shipping-taxable","11":"product-type-simple"},"yoast_head":"<!-- This site is optimized with the Yoast SEO plugin v25.3.1 - https:\/\/yoast.com\/wordpress\/plugins\/seo\/ -->\n<title>China MCT Oil powder manufacturer | Medium Chain Triglyceride | Longchang Chemical<\/title>\n<meta name=\"description\" content=\"MCT is a key product of Longchang Chemical. We provide the best price. We are the leading manufacturer in China with the best quality and competitive price.\" \/>\n<meta name=\"robots\" content=\"index, follow, max-snippet:-1, max-image-preview:large, max-video-preview:-1\" \/>\n<link rel=\"canonical\" href=\"https:\/\/longchangchemical.com\/pt\/product\/mct-oil-powder\/\" \/>\n<meta property=\"og:locale\" content=\"pt_BR\" \/>\n<meta property=\"og:type\" content=\"article\" \/>\n<meta property=\"og:title\" content=\"China MCT Oil powder manufacturer | Medium Chain Triglyceride | Longchang Chemical\" \/>\n<meta property=\"og:description\" content=\"MCT is a key product of Longchang Chemical. We provide the best price. We are the leading manufacturer in China with the best quality and competitive price.\" \/>\n<meta property=\"og:url\" content=\"https:\/\/longchangchemical.com\/pt\/product\/mct-oil-powder\/\" \/>\n<meta property=\"og:site_name\" content=\"Longchang Chemical\" \/>\n<meta property=\"article:modified_time\" content=\"2022-02-17T02:42:07+00:00\" \/>\n<meta property=\"og:image\" content=\"https:\/\/longchangchemical.com\/wp-content\/uploads\/2021\/07\/mct-powder.jpg\" \/>\n\t<meta property=\"og:image:width\" content=\"600\" \/>\n\t<meta property=\"og:image:height\" content=\"600\" \/>\n\t<meta property=\"og:image:type\" content=\"image\/jpeg\" \/>\n<meta name=\"twitter:card\" content=\"summary_large_image\" \/>\n<script type=\"application\/ld+json\" class=\"yoast-schema-graph\">{\"@context\":\"https:\/\/schema.org\",\"@graph\":[{\"@type\":\"WebPage\",\"@id\":\"https:\/\/longchangchemical.com\/product\/mct-oil-powder\/\",\"url\":\"https:\/\/longchangchemical.com\/product\/mct-oil-powder\/\",\"name\":\"China MCT Oil powder manufacturer | Medium Chain Triglyceride | Longchang Chemical\",\"isPartOf\":{\"@id\":\"https:\/\/longchangchemical.com\/#website\"},\"primaryImageOfPage\":{\"@id\":\"https:\/\/longchangchemical.com\/product\/mct-oil-powder\/#primaryimage\"},\"image\":{\"@id\":\"https:\/\/longchangchemical.com\/product\/mct-oil-powder\/#primaryimage\"},\"thumbnailUrl\":\"https:\/\/longchangchemical.com\/wp-content\/uploads\/2021\/07\/mct-powder.jpg\",\"datePublished\":\"2021-07-30T06:52:43+00:00\",\"dateModified\":\"2022-02-17T02:42:07+00:00\",\"description\":\"MCT is a key product of Longchang Chemical. We provide the best price. We are the leading manufacturer in China with the best quality and competitive price.\",\"breadcrumb\":{\"@id\":\"https:\/\/longchangchemical.com\/product\/mct-oil-powder\/#breadcrumb\"},\"inLanguage\":\"pt-BR\",\"potentialAction\":[{\"@type\":\"ReadAction\",\"target\":[\"https:\/\/longchangchemical.com\/product\/mct-oil-powder\/\"]}]},{\"@type\":\"ImageObject\",\"inLanguage\":\"pt-BR\",\"@id\":\"https:\/\/longchangchemical.com\/product\/mct-oil-powder\/#primaryimage\",\"url\":\"https:\/\/longchangchemical.com\/wp-content\/uploads\/2021\/07\/mct-powder.jpg\",\"contentUrl\":\"https:\/\/longchangchemical.com\/wp-content\/uploads\/2021\/07\/mct-powder.jpg\",\"width\":600,\"height\":600},{\"@type\":\"BreadcrumbList\",\"@id\":\"https:\/\/longchangchemical.com\/product\/mct-oil-powder\/#breadcrumb\",\"itemListElement\":[{\"@type\":\"ListItem\",\"position\":1,\"name\":\"Home\",\"item\":\"https:\/\/longchangchemical.com\/\"},{\"@type\":\"ListItem\",\"position\":2,\"name\":\"Products Longchang\",\"item\":\"https:\/\/longchangchemical.com\/product\/\"},{\"@type\":\"ListItem\",\"position\":3,\"name\":\"MCT\"}]},{\"@type\":\"WebSite\",\"@id\":\"https:\/\/longchangchemical.com\/#website\",\"url\":\"https:\/\/longchangchemical.com\/\",\"name\":\"Longchang Chemical\",\"description\":\"China chemical manufacturer \uff06 supplier\",\"publisher\":{\"@id\":\"https:\/\/longchangchemical.com\/#organization\"},\"potentialAction\":[{\"@type\":\"SearchAction\",\"target\":{\"@type\":\"EntryPoint\",\"urlTemplate\":\"https:\/\/longchangchemical.com\/?s={search_term_string}\"},\"query-input\":{\"@type\":\"PropertyValueSpecification\",\"valueRequired\":true,\"valueName\":\"search_term_string\"}}],\"inLanguage\":\"pt-BR\"},{\"@type\":\"Organization\",\"@id\":\"https:\/\/longchangchemical.com\/#organization\",\"name\":\"Longchang Chemical\",\"url\":\"https:\/\/longchangchemical.com\/\",\"logo\":{\"@type\":\"ImageObject\",\"inLanguage\":\"pt-BR\",\"@id\":\"https:\/\/longchangchemical.com\/#\/schema\/logo\/image\/\",\"url\":\"https:\/\/longchangchemical.com\/wp-content\/uploads\/2020\/08\/cropped-longchang-logo.png\",\"contentUrl\":\"https:\/\/longchangchemical.com\/wp-content\/uploads\/2020\/08\/cropped-longchang-logo.png\",\"width\":512,\"height\":512,\"caption\":\"Longchang Chemical\"},\"image\":{\"@id\":\"https:\/\/longchangchemical.com\/#\/schema\/logo\/image\/\"}}]}<\/script>\n<!-- \/ Yoast SEO plugin. -->","yoast_head_json":{"title":"Fabricante de \u00f3leo MCT em p\u00f3 na China | Triglicer\u00eddeo de cadeia m\u00e9dia | Longchang Chemical","description":"O MCT \u00e9 um produto-chave da Longchang Chemical. Oferecemos o melhor pre\u00e7o. Somos o fabricante l\u00edder na China, com a melhor qualidade e pre\u00e7o competitivo.","robots":{"index":"index","follow":"follow","max-snippet":"max-snippet:-1","max-image-preview":"max-image-preview:large","max-video-preview":"max-video-preview:-1"},"canonical":"https:\/\/longchangchemical.com\/pt\/product\/mct-oil-powder\/","og_locale":"pt_BR","og_type":"article","og_title":"China MCT Oil powder manufacturer | Medium Chain Triglyceride | Longchang Chemical","og_description":"MCT is a key product of Longchang Chemical. We provide the best price. We are the leading manufacturer in China with the best quality and competitive price.","og_url":"https:\/\/longchangchemical.com\/pt\/product\/mct-oil-powder\/","og_site_name":"Longchang Chemical","article_modified_time":"2022-02-17T02:42:07+00:00","og_image":[{"width":600,"height":600,"url":"https:\/\/longchangchemical.com\/wp-content\/uploads\/2021\/07\/mct-powder.jpg","type":"image\/jpeg"}],"twitter_card":"summary_large_image","schema":{"@context":"https:\/\/schema.org","@graph":[{"@type":"WebPage","@id":"https:\/\/longchangchemical.com\/product\/mct-oil-powder\/","url":"https:\/\/longchangchemical.com\/product\/mct-oil-powder\/","name":"Fabricante de \u00f3leo MCT em p\u00f3 na China | Triglicer\u00eddeo de cadeia m\u00e9dia | Longchang Chemical","isPartOf":{"@id":"https:\/\/longchangchemical.com\/#website"},"primaryImageOfPage":{"@id":"https:\/\/longchangchemical.com\/product\/mct-oil-powder\/#primaryimage"},"image":{"@id":"https:\/\/longchangchemical.com\/product\/mct-oil-powder\/#primaryimage"},"thumbnailUrl":"https:\/\/longchangchemical.com\/wp-content\/uploads\/2021\/07\/mct-powder.jpg","datePublished":"2021-07-30T06:52:43+00:00","dateModified":"2022-02-17T02:42:07+00:00","description":"O MCT \u00e9 um produto-chave da Longchang Chemical. Oferecemos o melhor pre\u00e7o. Somos o fabricante l\u00edder na China, com a melhor qualidade e pre\u00e7o competitivo.","breadcrumb":{"@id":"https:\/\/longchangchemical.com\/product\/mct-oil-powder\/#breadcrumb"},"inLanguage":"pt-BR","potentialAction":[{"@type":"ReadAction","target":["https:\/\/longchangchemical.com\/product\/mct-oil-powder\/"]}]},{"@type":"ImageObject","inLanguage":"pt-BR","@id":"https:\/\/longchangchemical.com\/product\/mct-oil-powder\/#primaryimage","url":"https:\/\/longchangchemical.com\/wp-content\/uploads\/2021\/07\/mct-powder.jpg","contentUrl":"https:\/\/longchangchemical.com\/wp-content\/uploads\/2021\/07\/mct-powder.jpg","width":600,"height":600},{"@type":"BreadcrumbList","@id":"https:\/\/longchangchemical.com\/product\/mct-oil-powder\/#breadcrumb","itemListElement":[{"@type":"ListItem","position":1,"name":"Home","item":"https:\/\/longchangchemical.com\/"},{"@type":"ListItem","position":2,"name":"Products Longchang","item":"https:\/\/longchangchemical.com\/product\/"},{"@type":"ListItem","position":3,"name":"MCT"}]},{"@type":"WebSite","@id":"https:\/\/longchangchemical.com\/#website","url":"https:\/\/longchangchemical.com\/","name":"Qu\u00edmica Longchang","description":"Fabricante de produtos qu\u00edmicos na China \uff06 fornecedor","publisher":{"@id":"https:\/\/longchangchemical.com\/#organization"},"potentialAction":[{"@type":"SearchAction","target":{"@type":"EntryPoint","urlTemplate":"https:\/\/longchangchemical.com\/?s={search_term_string}"},"query-input":{"@type":"PropertyValueSpecification","valueRequired":true,"valueName":"search_term_string"}}],"inLanguage":"pt-BR"},{"@type":"Organization","@id":"https:\/\/longchangchemical.com\/#organization","name":"Qu\u00edmica Longchang","url":"https:\/\/longchangchemical.com\/","logo":{"@type":"ImageObject","inLanguage":"pt-BR","@id":"https:\/\/longchangchemical.com\/#\/schema\/logo\/image\/","url":"https:\/\/longchangchemical.com\/wp-content\/uploads\/2020\/08\/cropped-longchang-logo.png","contentUrl":"https:\/\/longchangchemical.com\/wp-content\/uploads\/2020\/08\/cropped-longchang-logo.png","width":512,"height":512,"caption":"Longchang Chemical"},"image":{"@id":"https:\/\/longchangchemical.com\/#\/schema\/logo\/image\/"}}]}},"_links":{"self":[{"href":"https:\/\/longchangchemical.com\/pt\/wp-json\/wp\/v2\/product\/4748","targetHints":{"allow":["GET"]}}],"collection":[{"href":"https:\/\/longchangchemical.com\/pt\/wp-json\/wp\/v2\/product"}],"about":[{"href":"https:\/\/longchangchemical.com\/pt\/wp-json\/wp\/v2\/types\/product"}],"replies":[{"embeddable":true,"href":"https:\/\/longchangchemical.com\/pt\/wp-json\/wp\/v2\/comments?post=4748"}],"wp:featuredmedia":[{"embeddable":true,"href":"https:\/\/longchangchemical.com\/pt\/wp-json\/wp\/v2\/media\/4749"}],"wp:attachment":[{"href":"https:\/\/longchangchemical.com\/pt\/wp-json\/wp\/v2\/media?parent=4748"}],"wp:term":[{"taxonomy":"product_brand","embeddable":true,"href":"https:\/\/longchangchemical.com\/pt\/wp-json\/wp\/v2\/product_brand?post=4748"},{"taxonomy":"product_cat","embeddable":true,"href":"https:\/\/longchangchemical.com\/pt\/wp-json\/wp\/v2\/product_cat?post=4748"},{"taxonomy":"product_tag","embeddable":true,"href":"https:\/\/longchangchemical.com\/pt\/wp-json\/wp\/v2\/product_tag?post=4748"}],"curies":[{"name":"wp","href":"https:\/\/api.w.org\/{rel}","templated":true}]}}