{"id":4658,"date":"2021-06-07T09:40:54","date_gmt":"2021-06-07T09:40:54","guid":{"rendered":"https:\/\/longchangchemical.com\/?post_type=product&#038;p=4658"},"modified":"2025-12-22T08:03:00","modified_gmt":"2025-12-22T08:03:00","slug":"stearyl-methacrylate-cas-32360-05-7","status":"publish","type":"product","link":"https:\/\/longchangchemical.com\/pt\/product\/stearyl-methacrylate-cas-32360-05-7\/","title":{"rendered":"Metacrilato de estearila \/ Metacrilato de octadecila CAS 32360-05-7"},"content":{"rendered":"<h1><strong>Metacrilato de estearila \/ Metacrilato de octadecila CAS 32360-05-7<\/strong><\/h1>\n<table class=\"table-1\" cellspacing=\"0\">\n<tbody>\n<tr>\n<td>\n<h4>Item<\/h4>\n<\/td>\n<td>\n<h4>Especifica\u00e7\u00f5es<\/h4>\n<\/td>\n<td>\n<h4>Resultados<\/h4>\n<\/td>\n<\/tr>\n<tr>\n<td>\n<h4>Apar\u00eancia (25\u2103)<\/h4>\n<\/td>\n<td>\n<h4>L\u00edquido incolor ou s\u00f3lido ceroso branco<\/h4>\n<\/td>\n<td>\n<h4>S\u00f3lido ceroso branco<\/h4>\n<\/td>\n<\/tr>\n<tr>\n<td>\n<h4>Valor de acidez (mgKOH\/g)<\/h4>\n<\/td>\n<td>\n<h4>\u22641<\/h4>\n<\/td>\n<td>\n<h4>0.28<\/h4>\n<\/td>\n<\/tr>\n<tr>\n<td>\n<h4>Cor (APHA)<\/h4>\n<\/td>\n<td>\n<h4>\u226480<\/h4>\n<\/td>\n<td>\n<h4>60<\/h4>\n<\/td>\n<\/tr>\n<tr>\n<td>\n<h4>\u00c1gua(%)<\/h4>\n<\/td>\n<td>\n<h4>\u22640.2<\/h4>\n<\/td>\n<td>\n<h4>0.18<\/h4>\n<\/td>\n<\/tr>\n<tr>\n<td>\n<h4>Viscosidade (30\u2103, CPS)<\/h4>\n<\/td>\n<td>\n<h4>4~12<\/h4>\n<\/td>\n<td>\n<h4>10<\/h4>\n<\/td>\n<\/tr>\n<tr>\n<td>\n<h4>Solubilidade(30\u2103,%)<\/h4>\n<\/td>\n<td>\n<h4>\u22640.1<\/h4>\n<\/td>\n<td>\n<h4>0.1<\/h4>\n<\/td>\n<\/tr>\n<tr>\n<td>\n<h4>\u00edndice de refra\u00e7\u00e3o (nD25)<\/h4>\n<\/td>\n<td>\n<h4>\u22641.4503<\/h4>\n<\/td>\n<td>\n<h4>1.45<\/h4>\n<\/td>\n<\/tr>\n<tr>\n<td>\n<h4>Teor de inibidor (MEHQ) (ppm)<\/h4>\n<\/td>\n<td>\n<h4>150~250<\/h4>\n<\/td>\n<td>\n<h4>200<\/h4>\n<\/td>\n<\/tr>\n<tr>\n<td>\n<h4>Conte\u00fado (%)<\/h4>\n<\/td>\n<td>\n<h4>\u226596<\/h4>\n<\/td>\n<td>\n<h4>96.47<\/h4>\n<\/td>\n<\/tr>\n<tr>\n<td>\n<h4>Conclus\u00e3o<\/h4>\n<\/td>\n<td colspan=\"2\">\n<h4>Qualificado<\/h4>\n<\/td>\n<\/tr>\n<\/tbody>\n<\/table>\n<p>&nbsp;<\/p>\n<h2><strong>Uso do metacrilato de estearila<\/strong><\/h2>\n<h4>1. O metacrilato de estearila pode ser usado na s\u00edntese de tintas, revestimentos, adesivos, auxiliares de tingimento e acabamento t\u00eaxtil, auxiliares de couro, repelentes de \u00e1gua e \u00f3leo, inibidores de fluxo, aditivos para lubrificantes e redutores de viscosidade de petr\u00f3leo bruto.<\/h4>\n<h4>2. O metacrilato de estearila pode ser usado em blus\u00f5es, e a principal fun\u00e7\u00e3o \u00e9 impermeabilizar contra \u00f3leo e sujeira.<\/h4>\n<p>&nbsp;<\/p>\n<h2><strong>Embalagem e remessa de metacrilato de estearila<\/strong><\/h2>\n<h4>Embalagem: 200 kg\/tambor.<\/h4>\n<h4>Entrega: mercadorias n\u00e3o perigosas<\/h4>\n<p>&nbsp;<\/p>\n<h2><strong>Armazenamento de metacrilato de estearila<\/strong><\/h2>\n<h4>Selado e armazenado em um local seco, de baixa temperatura e bem ventilado, longe do fogo. Abaixo de 21\u00b0C.<\/h4>\n<p>&nbsp;<\/p>\n<h2><strong><b>Entre em contato conosco agora!<\/b><\/strong><\/h2>\n<h4><strong><b>Se precisar de COA, MSDS ou TDS, preencha suas informa\u00e7\u00f5es de contato no formul\u00e1rio abaixo. Normalmente, entraremos em contato em 24 horas. Voc\u00ea tamb\u00e9m pode me enviar um e-mail <span style=\"color: #0000ff;\"><a style=\"color: #0000ff;\" href=\"mailto:info@longchangchemical.com\">info@longchangchemical.com<\/a><\/span> durante o hor\u00e1rio comercial (das 8h30 \u00e0s 18h UTC+8 de segunda a s\u00e1bado) ou use o bate-papo ao vivo do site para obter uma resposta imediata.<\/b><\/strong><\/h4>\n<p>&nbsp;<\/p>","protected":false},"excerpt":{"rendered":"<h4>Nome qu\u00edmico: Metacrilato de estearila (SMA)<\/h4>\n<h4>Outro nome: metacrilato de octadecila<\/h4>\n<h4>N\u00famero CAS: 32360-05-7<\/h4>\n<h4>Peso molecular: 338,57<\/h4>\n<h4>Apar\u00eancia: L\u00edquido incolor ou s\u00f3lido ceroso branco<\/h4>\n<h4>Ensaio: 98%min<\/h4>","protected":false},"featured_media":4659,"comment_status":"open","ping_status":"closed","template":"","meta":[],"product_brand":[],"product_cat":[69],"product_tag":[],"class_list":{"0":"post-4658","1":"product","2":"type-product","3":"status-publish","4":"has-post-thumbnail","6":"product_cat-catalysts-chemical-auxiliary-agents","8":"first","9":"instock","10":"shipping-taxable","11":"product-type-simple"},"yoast_head":"<!-- This site is optimized with the Yoast SEO plugin v25.3.1 - https:\/\/yoast.com\/wordpress\/plugins\/seo\/ -->\n<title>China Stearyl Methacrylate Manufacturer \uff06 32360-05-7 Supplier - Longchang chemical Co., Ltd.<\/title>\n<meta name=\"description\" content=\"Longchang Chemical is a leading manufacturer and supplier of Stearyl Methacrylate in China. Buy Octadecyl methacrylate in china. We can provide the best Stearyl Methacrylate price.\" \/>\n<meta name=\"robots\" content=\"index, follow, max-snippet:-1, max-image-preview:large, max-video-preview:-1\" \/>\n<link rel=\"canonical\" href=\"https:\/\/longchangchemical.com\/pt\/product\/stearyl-methacrylate-cas-32360-05-7\/\" \/>\n<meta property=\"og:locale\" content=\"pt_BR\" \/>\n<meta property=\"og:type\" content=\"article\" \/>\n<meta property=\"og:title\" content=\"China Stearyl Methacrylate Manufacturer \uff06 32360-05-7 Supplier - Longchang chemical Co., Ltd.\" \/>\n<meta property=\"og:description\" content=\"Longchang Chemical is a leading manufacturer and supplier of Stearyl Methacrylate in China. Buy Octadecyl methacrylate in china. We can provide the best Stearyl Methacrylate price.\" \/>\n<meta property=\"og:url\" content=\"https:\/\/longchangchemical.com\/pt\/product\/stearyl-methacrylate-cas-32360-05-7\/\" \/>\n<meta property=\"og:site_name\" content=\"Longchang Chemical\" \/>\n<meta property=\"article:modified_time\" content=\"2025-12-22T08:03:00+00:00\" \/>\n<meta property=\"og:image\" content=\"https:\/\/longchangchemical.com\/wp-content\/uploads\/2021\/06\/Stearyl-Methacrylate-Appearance.jpg\" \/>\n\t<meta property=\"og:image:width\" content=\"600\" \/>\n\t<meta property=\"og:image:height\" content=\"800\" \/>\n\t<meta property=\"og:image:type\" content=\"image\/jpeg\" \/>\n<meta name=\"twitter:card\" content=\"summary_large_image\" \/>\n<script type=\"application\/ld+json\" class=\"yoast-schema-graph\">{\"@context\":\"https:\/\/schema.org\",\"@graph\":[{\"@type\":\"WebPage\",\"@id\":\"https:\/\/longchangchemical.com\/product\/stearyl-methacrylate-cas-32360-05-7\/\",\"url\":\"https:\/\/longchangchemical.com\/product\/stearyl-methacrylate-cas-32360-05-7\/\",\"name\":\"China Stearyl Methacrylate Manufacturer \uff06 32360-05-7 Supplier - Longchang chemical Co., Ltd.\",\"isPartOf\":{\"@id\":\"https:\/\/longchangchemical.com\/#website\"},\"primaryImageOfPage\":{\"@id\":\"https:\/\/longchangchemical.com\/product\/stearyl-methacrylate-cas-32360-05-7\/#primaryimage\"},\"image\":{\"@id\":\"https:\/\/longchangchemical.com\/product\/stearyl-methacrylate-cas-32360-05-7\/#primaryimage\"},\"thumbnailUrl\":\"https:\/\/longchangchemical.com\/wp-content\/uploads\/2021\/06\/Stearyl-Methacrylate-Appearance.jpg\",\"datePublished\":\"2021-06-07T09:40:54+00:00\",\"dateModified\":\"2025-12-22T08:03:00+00:00\",\"description\":\"Longchang Chemical is a leading manufacturer and supplier of Stearyl Methacrylate in China. Buy Octadecyl methacrylate in china. We can provide the best Stearyl Methacrylate price.\",\"breadcrumb\":{\"@id\":\"https:\/\/longchangchemical.com\/product\/stearyl-methacrylate-cas-32360-05-7\/#breadcrumb\"},\"inLanguage\":\"pt-BR\",\"potentialAction\":[{\"@type\":\"ReadAction\",\"target\":[\"https:\/\/longchangchemical.com\/product\/stearyl-methacrylate-cas-32360-05-7\/\"]}]},{\"@type\":\"ImageObject\",\"inLanguage\":\"pt-BR\",\"@id\":\"https:\/\/longchangchemical.com\/product\/stearyl-methacrylate-cas-32360-05-7\/#primaryimage\",\"url\":\"https:\/\/longchangchemical.com\/wp-content\/uploads\/2021\/06\/Stearyl-Methacrylate-Appearance.jpg\",\"contentUrl\":\"https:\/\/longchangchemical.com\/wp-content\/uploads\/2021\/06\/Stearyl-Methacrylate-Appearance.jpg\",\"width\":600,\"height\":800,\"caption\":\"Stearyl-Methacrylate-Appearance\"},{\"@type\":\"BreadcrumbList\",\"@id\":\"https:\/\/longchangchemical.com\/product\/stearyl-methacrylate-cas-32360-05-7\/#breadcrumb\",\"itemListElement\":[{\"@type\":\"ListItem\",\"position\":1,\"name\":\"Home\",\"item\":\"https:\/\/longchangchemical.com\/\"},{\"@type\":\"ListItem\",\"position\":2,\"name\":\"Products Longchang\",\"item\":\"https:\/\/longchangchemical.com\/product\/\"},{\"@type\":\"ListItem\",\"position\":3,\"name\":\"Stearyl methacrylate \/ Octadecyl methacrylate CAS 32360-05-7\"}]},{\"@type\":\"WebSite\",\"@id\":\"https:\/\/longchangchemical.com\/#website\",\"url\":\"https:\/\/longchangchemical.com\/\",\"name\":\"Longchang Chemical\",\"description\":\"China chemical manufacturer \uff06 supplier\",\"publisher\":{\"@id\":\"https:\/\/longchangchemical.com\/#organization\"},\"potentialAction\":[{\"@type\":\"SearchAction\",\"target\":{\"@type\":\"EntryPoint\",\"urlTemplate\":\"https:\/\/longchangchemical.com\/?s={search_term_string}\"},\"query-input\":{\"@type\":\"PropertyValueSpecification\",\"valueRequired\":true,\"valueName\":\"search_term_string\"}}],\"inLanguage\":\"pt-BR\"},{\"@type\":\"Organization\",\"@id\":\"https:\/\/longchangchemical.com\/#organization\",\"name\":\"Longchang Chemical\",\"url\":\"https:\/\/longchangchemical.com\/\",\"logo\":{\"@type\":\"ImageObject\",\"inLanguage\":\"pt-BR\",\"@id\":\"https:\/\/longchangchemical.com\/#\/schema\/logo\/image\/\",\"url\":\"https:\/\/longchangchemical.com\/wp-content\/uploads\/2020\/08\/cropped-longchang-logo.png\",\"contentUrl\":\"https:\/\/longchangchemical.com\/wp-content\/uploads\/2020\/08\/cropped-longchang-logo.png\",\"width\":512,\"height\":512,\"caption\":\"Longchang Chemical\"},\"image\":{\"@id\":\"https:\/\/longchangchemical.com\/#\/schema\/logo\/image\/\"}}]}<\/script>\n<!-- \/ Yoast SEO plugin. -->","yoast_head_json":{"title":"Fabricante de metacrilato de estearila na China \uff06 32360-05-7 Fornecedor - Longchang chemical Co., Ltd.","description":"A Longchang Chemical \u00e9 um dos principais fabricantes e fornecedores de metacrilato de estearila na China. Compre metacrilato de octadecila na China. Podemos fornecer o melhor pre\u00e7o de metacrilato de estearila.","robots":{"index":"index","follow":"follow","max-snippet":"max-snippet:-1","max-image-preview":"max-image-preview:large","max-video-preview":"max-video-preview:-1"},"canonical":"https:\/\/longchangchemical.com\/pt\/product\/stearyl-methacrylate-cas-32360-05-7\/","og_locale":"pt_BR","og_type":"article","og_title":"China Stearyl Methacrylate Manufacturer \uff06 32360-05-7 Supplier - Longchang chemical Co., Ltd.","og_description":"Longchang Chemical is a leading manufacturer and supplier of Stearyl Methacrylate in China. Buy Octadecyl methacrylate in china. We can provide the best Stearyl Methacrylate price.","og_url":"https:\/\/longchangchemical.com\/pt\/product\/stearyl-methacrylate-cas-32360-05-7\/","og_site_name":"Longchang Chemical","article_modified_time":"2025-12-22T08:03:00+00:00","og_image":[{"width":600,"height":800,"url":"https:\/\/longchangchemical.com\/wp-content\/uploads\/2021\/06\/Stearyl-Methacrylate-Appearance.jpg","type":"image\/jpeg"}],"twitter_card":"summary_large_image","schema":{"@context":"https:\/\/schema.org","@graph":[{"@type":"WebPage","@id":"https:\/\/longchangchemical.com\/product\/stearyl-methacrylate-cas-32360-05-7\/","url":"https:\/\/longchangchemical.com\/product\/stearyl-methacrylate-cas-32360-05-7\/","name":"Fabricante de metacrilato de estearila na China \uff06 32360-05-7 Fornecedor - Longchang chemical Co., Ltd.","isPartOf":{"@id":"https:\/\/longchangchemical.com\/#website"},"primaryImageOfPage":{"@id":"https:\/\/longchangchemical.com\/product\/stearyl-methacrylate-cas-32360-05-7\/#primaryimage"},"image":{"@id":"https:\/\/longchangchemical.com\/product\/stearyl-methacrylate-cas-32360-05-7\/#primaryimage"},"thumbnailUrl":"https:\/\/longchangchemical.com\/wp-content\/uploads\/2021\/06\/Stearyl-Methacrylate-Appearance.jpg","datePublished":"2021-06-07T09:40:54+00:00","dateModified":"2025-12-22T08:03:00+00:00","description":"A Longchang Chemical \u00e9 um dos principais fabricantes e fornecedores de metacrilato de estearila na China. Compre metacrilato de octadecila na China. Podemos fornecer o melhor pre\u00e7o de metacrilato de estearila.","breadcrumb":{"@id":"https:\/\/longchangchemical.com\/product\/stearyl-methacrylate-cas-32360-05-7\/#breadcrumb"},"inLanguage":"pt-BR","potentialAction":[{"@type":"ReadAction","target":["https:\/\/longchangchemical.com\/product\/stearyl-methacrylate-cas-32360-05-7\/"]}]},{"@type":"ImageObject","inLanguage":"pt-BR","@id":"https:\/\/longchangchemical.com\/product\/stearyl-methacrylate-cas-32360-05-7\/#primaryimage","url":"https:\/\/longchangchemical.com\/wp-content\/uploads\/2021\/06\/Stearyl-Methacrylate-Appearance.jpg","contentUrl":"https:\/\/longchangchemical.com\/wp-content\/uploads\/2021\/06\/Stearyl-Methacrylate-Appearance.jpg","width":600,"height":800,"caption":"Stearyl-Methacrylate-Appearance"},{"@type":"BreadcrumbList","@id":"https:\/\/longchangchemical.com\/product\/stearyl-methacrylate-cas-32360-05-7\/#breadcrumb","itemListElement":[{"@type":"ListItem","position":1,"name":"Home","item":"https:\/\/longchangchemical.com\/"},{"@type":"ListItem","position":2,"name":"Products Longchang","item":"https:\/\/longchangchemical.com\/product\/"},{"@type":"ListItem","position":3,"name":"Stearyl methacrylate \/ Octadecyl methacrylate CAS 32360-05-7"}]},{"@type":"WebSite","@id":"https:\/\/longchangchemical.com\/#website","url":"https:\/\/longchangchemical.com\/","name":"Qu\u00edmica Longchang","description":"Fabricante de produtos qu\u00edmicos na China \uff06 fornecedor","publisher":{"@id":"https:\/\/longchangchemical.com\/#organization"},"potentialAction":[{"@type":"SearchAction","target":{"@type":"EntryPoint","urlTemplate":"https:\/\/longchangchemical.com\/?s={search_term_string}"},"query-input":{"@type":"PropertyValueSpecification","valueRequired":true,"valueName":"search_term_string"}}],"inLanguage":"pt-BR"},{"@type":"Organization","@id":"https:\/\/longchangchemical.com\/#organization","name":"Qu\u00edmica Longchang","url":"https:\/\/longchangchemical.com\/","logo":{"@type":"ImageObject","inLanguage":"pt-BR","@id":"https:\/\/longchangchemical.com\/#\/schema\/logo\/image\/","url":"https:\/\/longchangchemical.com\/wp-content\/uploads\/2020\/08\/cropped-longchang-logo.png","contentUrl":"https:\/\/longchangchemical.com\/wp-content\/uploads\/2020\/08\/cropped-longchang-logo.png","width":512,"height":512,"caption":"Longchang Chemical"},"image":{"@id":"https:\/\/longchangchemical.com\/#\/schema\/logo\/image\/"}}]}},"_links":{"self":[{"href":"https:\/\/longchangchemical.com\/pt\/wp-json\/wp\/v2\/product\/4658","targetHints":{"allow":["GET"]}}],"collection":[{"href":"https:\/\/longchangchemical.com\/pt\/wp-json\/wp\/v2\/product"}],"about":[{"href":"https:\/\/longchangchemical.com\/pt\/wp-json\/wp\/v2\/types\/product"}],"replies":[{"embeddable":true,"href":"https:\/\/longchangchemical.com\/pt\/wp-json\/wp\/v2\/comments?post=4658"}],"wp:featuredmedia":[{"embeddable":true,"href":"https:\/\/longchangchemical.com\/pt\/wp-json\/wp\/v2\/media\/4659"}],"wp:attachment":[{"href":"https:\/\/longchangchemical.com\/pt\/wp-json\/wp\/v2\/media?parent=4658"}],"wp:term":[{"taxonomy":"product_brand","embeddable":true,"href":"https:\/\/longchangchemical.com\/pt\/wp-json\/wp\/v2\/product_brand?post=4658"},{"taxonomy":"product_cat","embeddable":true,"href":"https:\/\/longchangchemical.com\/pt\/wp-json\/wp\/v2\/product_cat?post=4658"},{"taxonomy":"product_tag","embeddable":true,"href":"https:\/\/longchangchemical.com\/pt\/wp-json\/wp\/v2\/product_tag?post=4658"}],"curies":[{"name":"wp","href":"https:\/\/api.w.org\/{rel}","templated":true}]}}