{"id":4401,"date":"2021-02-24T15:44:14","date_gmt":"2021-02-24T15:44:14","guid":{"rendered":"https:\/\/longchangchemical.com\/?post_type=product&#038;p=4401"},"modified":"2025-12-23T03:04:48","modified_gmt":"2025-12-23T03:04:48","slug":"cas-7529-22-8","status":"publish","type":"product","link":"https:\/\/longchangchemical.com\/pt\/product\/cas-7529-22-8\/","title":{"rendered":"Sasolate\u00ae NMMO \/ N-\u00f3xido de 4-metilmorfolina \/ \u00d3xido de N-metilmorfolina CAS 7529-22-8"},"content":{"rendered":"<h1>N-\u00f3xido de 4-metilmorfolina \/ \u00d3xido de N-metilmorfolina CAS 7529-22-8<\/h1>\n<table class=\"table-1\" cellspacing=\"0\">\n<tbody>\n<tr>\n<td>\n<h4>F\u00f3rmula<\/h4>\n<\/td>\n<td>\n<h4>C5H11NO2<\/h4>\n<\/td>\n<\/tr>\n<tr>\n<td>\n<h4>Peso molecular<\/h4>\n<\/td>\n<td>\n<h4>117.15<\/h4>\n<\/td>\n<\/tr>\n<tr>\n<td>\n<h4>CAS NO.<\/h4>\n<\/td>\n<td>\n<h4>7529-22-8<\/h4>\n<\/td>\n<\/tr>\n<tr>\n<td>\n<h4>Ensaio (G.C.)<\/h4>\n<\/td>\n<td>\n<h4>\u226550%<\/h4>\n<\/td>\n<\/tr>\n<tr>\n<td>\n<h4>Densidade<\/h4>\n<\/td>\n<td>\n<h4>1,25g\/cm3<\/h4>\n<\/td>\n<\/tr>\n<tr>\n<td>\n<h4>Ponto de ebuli\u00e7\u00e3o<\/h4>\n<\/td>\n<td>\n<h4>118-119\u00baC<\/h4>\n<\/td>\n<\/tr>\n<tr>\n<td>\n<h4>Ponto de fulgor<\/h4>\n<\/td>\n<td>\n<h4>120\u2103<\/h4>\n<\/td>\n<\/tr>\n<\/tbody>\n<\/table>\n<h2><\/h2>\n<h2><strong>O que \u00e9 o Sasolate\u00ae NMMO?<\/strong><\/h2>\n<h4>O outro nome do Sasolate\u00ae NMMO \u00e9 N-\u00f3xido de 4-metilmorfolina. \u00c9 um metab\u00f3lito da morfolina (M723725).<\/h4>\n<p>&nbsp;<\/p>\n<h2><strong>Uso do Sasolate\u00ae NMMO<\/strong><\/h2>\n<h4>1. O N-\u00f3xido de 4-metilmorfolina \u00e9 normalmente usado para dissolver a celulose e dissolver prote\u00ednas duras.<\/h4>\n<h4>2. O N-\u00f3xido de 4-metilmorfolina \u00e9 usado como um catalisador n\u00e3o met\u00e1lico para a silicida\u00e7\u00e3o de cetonas.<\/h4>\n<h4>3. O N-\u00f3xido de 4-metilmorfolina \u00e9 usado como co-oxidante para di-hidroxila\u00e7\u00e3o assim\u00e9trica Sharpless em l\u00edquidos i\u00f4nicos<\/h4>\n<p>&nbsp;<\/p>\n<h2><strong>Embalagem e envio do Sasolate\u00ae NMMO<\/strong><\/h2>\n<h4>Embalagem: 250 kg\/tambor.<\/h4>\n<h4>Entrega: em 5 a 7 dias \u00fateis.<\/h4>\n<p>&nbsp;<\/p>\n<h2><strong>Armazenamento de Sasolate\u00ae NMMO<\/strong><\/h2>\n<h4>Armazenado em um local fresco e seco, longe da luz solar direta.<\/h4>\n<p>&nbsp;<\/p>\n<h2><strong>Produtos da mesma s\u00e9rie<\/strong><\/h2>\n<table style=\"border-collapse: collapse; width: 312.02pt;\" border=\"0\" width=\"416\" cellspacing=\"0\" cellpadding=\"0\">\n<tbody>\n<tr style=\"height: 54.00pt;\">\n<td class=\"et3\" style=\"height: 54.00pt; width: 201.75pt;\" width=\"269\" height=\"72\">\n<h4><a href=\"https:\/\/longchangchemical.com\/pt\/product\/4-methylmorpholine-cas-109-02-4\/\"><span style=\"color: #0000ff;\"><strong>N-Metilmorfolina<\/strong><\/span><\/a><\/h4>\n<\/td>\n<td class=\"et3\" style=\"width: 110.25pt;\" width=\"147\">\n<h4><strong>109-02-4<\/strong><\/h4>\n<\/td>\n<\/tr>\n<tr style=\"height: 67.50pt;\">\n<td class=\"et3\" style=\"height: 67.50pt;\" height=\"90\">\n<h4><strong>N-\u00f3xido de 4-metilmorfolina<\/strong><\/h4>\n<\/td>\n<td class=\"et3\">\n<h4><strong>7529-22-8<\/strong><\/h4>\n<\/td>\n<\/tr>\n<tr style=\"height: 54.00pt;\">\n<td class=\"et3\" style=\"height: 54.00pt;\" height=\"72\">\n<h4><a href=\"https:\/\/longchangchemical.com\/pt\/product\/n-ethylmorpholine-cas-100-74-3\/\"><span style=\"color: #0000ff;\"><strong>N-etilmorfolina<\/strong><\/span><\/a><\/h4>\n<\/td>\n<td class=\"et3\">\n<h4><strong>100-74-3<\/strong><\/h4>\n<\/td>\n<\/tr>\n<tr style=\"height: 54.00pt;\">\n<td class=\"et4\" style=\"height: 54.00pt; width: 201.75pt;\" width=\"269\" height=\"72\">\n<h4><a href=\"https:\/\/longchangchemical.com\/pt\/product\/n-formylmorpholine-cas-4394-85-8\/\"><span style=\"color: #0000ff;\"><strong>N-FORMILMORFOLINA<\/strong><\/span><\/a><\/h4>\n<\/td>\n<td class=\"et4\" style=\"width: 110.25pt;\" width=\"147\">\n<h4><strong>4394-85-8<\/strong><\/h4>\n<\/td>\n<\/tr>\n<\/tbody>\n<\/table>\n<h2><\/h2>\n<h2><strong><b>Entre em contato conosco agora!<\/b><\/strong><\/h2>\n<h4><strong><b>Oferecemos servi\u00e7os personalizados e, normalmente, entraremos em contato com voc\u00ea dentro de 24 horas. Voc\u00ea tamb\u00e9m pode me enviar um e-mail para info@longchangchemical.com durante o hor\u00e1rio comercial (das 8h30 \u00e0s 18h UTC+8 de segunda a s\u00e1bado) ou usar o bate-papo ao vivo do site para obter uma resposta r\u00e1pida.<\/b><\/strong><\/h4>\n<p><!--more--><\/p>\n<p>H\u00e1 algumas diferen\u00e7as entre a espuma de poliuretano r\u00edgida e a flex\u00edvel na sele\u00e7\u00e3o e no uso do catalisador:<\/p>\n<p>1, sele\u00e7\u00e3o do catalisador<br \/>\nEspuma r\u00edgida:<br \/>\nOs catalisadores comumente usados incluem compostos organoest\u00e2nicos, como organoestanatos e \u00e9steres organoest\u00e2nicos. Esses catalisadores ajudam a promover a rea\u00e7\u00e3o de polimeriza\u00e7\u00e3o do poliuretano e produzem uma estrutura de espuma mais dura.<br \/>\nEspuma macia:<br \/>\nOs catalisadores comumente usados tamb\u00e9m incluem compostos organoest\u00e2nicos, mas podem ser mais seletivos e, em alguns casos, podem ser usados mais tipos de compostos organoest\u00e2nicos. Esses catalisadores ajudam a controlar a taxa de rea\u00e7\u00e3o de polimeriza\u00e7\u00e3o do poliuretano para produzir uma estrutura de espuma mais macia e flex\u00edvel.<\/p>\n<p>2, Taxa de rea\u00e7\u00e3o e controle de dureza<br \/>\nEspuma r\u00edgida:<br \/>\nA escolha e a quantidade de catalisador levam a um aumento na taxa de rea\u00e7\u00e3o de polimeriza\u00e7\u00e3o, o que produz uma taxa de polimeriza\u00e7\u00e3o mais r\u00e1pida, permitindo que a espuma cure mais rapidamente ap\u00f3s a forma\u00e7\u00e3o, resultando em uma estrutura de espuma mais dura.<br \/>\nEspuma macia:<br \/>\nA sele\u00e7\u00e3o e a dosagem do catalisador se concentram mais no controle da taxa de rea\u00e7\u00e3o de polimeriza\u00e7\u00e3o para manter um certo grau de ductilidade e elasticidade durante a forma\u00e7\u00e3o da espuma, produzindo uma estrutura de espuma macia e flex\u00edvel.<\/p>\n<p>3, Formula\u00e7\u00e3o de aditivos<br \/>\nEspuma r\u00edgida:<br \/>\nNa prepara\u00e7\u00e3o da espuma dura, al\u00e9m do catalisador, podem ser adicionados enchimentos e espessantes para ajustar a densidade e a dureza da espuma.<br \/>\nEspuma macia:<br \/>\nPara obter uma espuma macia e confort\u00e1vel, mais surfactantes, amaciantes etc. podem ser adicionados para ajustar a maciez e a elasticidade da espuma.<\/p>\n<p>De modo geral, a sele\u00e7\u00e3o de catalisadores e formula\u00e7\u00f5es para espumas r\u00edgidas e macias ser\u00e1 diferente na busca de diferentes propriedades, com o objetivo de regular a dureza, a maciez e outras caracter\u00edsticas das espumas de poliuretano para atender \u00e0s necessidades de diferentes cen\u00e1rios de aplica\u00e7\u00e3o.<\/p>","protected":false},"excerpt":{"rendered":"<h4>Nome do produto: Sasolate\u00ae NMMO<\/h4>\n<h4>Outro nome: NMO; NMMO; \u00f3xido de N-metilmorfolina; N-\u00f3xido de 4-metilmorfolina<\/h4>\n<h4>N\u00ba CAS: 7529-22-8<\/h4>\n<h4>F\u00f3rmula molecular: C5H11NO2<\/h4>\n<h4>Peso molecular: 117,15<\/h4>","protected":false},"featured_media":4402,"comment_status":"open","ping_status":"closed","template":"","meta":[],"product_brand":[],"product_cat":[69,119],"product_tag":[],"class_list":{"0":"post-4401","1":"product","2":"type-product","3":"status-publish","4":"has-post-thumbnail","6":"product_cat-catalysts-chemical-auxiliary-agents","7":"product_cat-synocat-polyurethane-catalyst","9":"first","10":"instock","11":"shipping-taxable","12":"product-type-simple"},"yoast_head":"<!-- This site is optimized with the Yoast SEO plugin v25.3.1 - https:\/\/yoast.com\/wordpress\/plugins\/seo\/ -->\n<title>China 4-Methylmorpholine N-oxide Manufacturer \uff06 CAS 7529-22-8 Supplier - Longchang chemical Co., Ltd.<\/title>\n<meta name=\"description\" content=\"Longchang Chemical is a leading manufacturer and supplier of 4-Methylmorpholine N-oxide in China. Buy 4-Methylmorpholine N-oxide in china. We can provide the best 4-Methylmorpholine N-oxide price.\" \/>\n<meta name=\"robots\" content=\"index, follow, max-snippet:-1, max-image-preview:large, max-video-preview:-1\" \/>\n<link rel=\"canonical\" href=\"https:\/\/longchangchemical.com\/pt\/product\/cas-7529-22-8\/\" \/>\n<meta property=\"og:locale\" content=\"pt_BR\" \/>\n<meta property=\"og:type\" content=\"article\" \/>\n<meta property=\"og:title\" content=\"China 4-Methylmorpholine N-oxide Manufacturer \uff06 CAS 7529-22-8 Supplier - Longchang chemical Co., Ltd.\" \/>\n<meta property=\"og:description\" content=\"Longchang Chemical is a leading manufacturer and supplier of 4-Methylmorpholine N-oxide in China. Buy 4-Methylmorpholine N-oxide in china. We can provide the best 4-Methylmorpholine N-oxide price.\" \/>\n<meta property=\"og:url\" content=\"https:\/\/longchangchemical.com\/pt\/product\/cas-7529-22-8\/\" \/>\n<meta property=\"og:site_name\" content=\"Longchang Chemical\" \/>\n<meta property=\"article:modified_time\" content=\"2025-12-23T03:04:48+00:00\" \/>\n<meta property=\"og:image\" content=\"https:\/\/longchangchemical.com\/wp-content\/uploads\/2021\/02\/4-Methylmorpholine-N-oxide-Appearance.jpg\" \/>\n\t<meta property=\"og:image:width\" content=\"600\" \/>\n\t<meta property=\"og:image:height\" content=\"800\" \/>\n\t<meta property=\"og:image:type\" content=\"image\/jpeg\" \/>\n<meta name=\"twitter:card\" content=\"summary_large_image\" \/>\n<script type=\"application\/ld+json\" class=\"yoast-schema-graph\">{\"@context\":\"https:\/\/schema.org\",\"@graph\":[{\"@type\":\"WebPage\",\"@id\":\"https:\/\/longchangchemical.com\/product\/cas-7529-22-8\/\",\"url\":\"https:\/\/longchangchemical.com\/product\/cas-7529-22-8\/\",\"name\":\"China 4-Methylmorpholine N-oxide Manufacturer \uff06 CAS 7529-22-8 Supplier - Longchang chemical Co., Ltd.\",\"isPartOf\":{\"@id\":\"https:\/\/longchangchemical.com\/#website\"},\"primaryImageOfPage\":{\"@id\":\"https:\/\/longchangchemical.com\/product\/cas-7529-22-8\/#primaryimage\"},\"image\":{\"@id\":\"https:\/\/longchangchemical.com\/product\/cas-7529-22-8\/#primaryimage\"},\"thumbnailUrl\":\"https:\/\/longchangchemical.com\/wp-content\/uploads\/2021\/02\/4-Methylmorpholine-N-oxide-Appearance.jpg\",\"datePublished\":\"2021-02-24T15:44:14+00:00\",\"dateModified\":\"2025-12-23T03:04:48+00:00\",\"description\":\"Longchang Chemical is a leading manufacturer and supplier of 4-Methylmorpholine N-oxide in China. Buy 4-Methylmorpholine N-oxide in china. We can provide the best 4-Methylmorpholine N-oxide price.\",\"breadcrumb\":{\"@id\":\"https:\/\/longchangchemical.com\/product\/cas-7529-22-8\/#breadcrumb\"},\"inLanguage\":\"pt-BR\",\"potentialAction\":[{\"@type\":\"ReadAction\",\"target\":[\"https:\/\/longchangchemical.com\/product\/cas-7529-22-8\/\"]}]},{\"@type\":\"ImageObject\",\"inLanguage\":\"pt-BR\",\"@id\":\"https:\/\/longchangchemical.com\/product\/cas-7529-22-8\/#primaryimage\",\"url\":\"https:\/\/longchangchemical.com\/wp-content\/uploads\/2021\/02\/4-Methylmorpholine-N-oxide-Appearance.jpg\",\"contentUrl\":\"https:\/\/longchangchemical.com\/wp-content\/uploads\/2021\/02\/4-Methylmorpholine-N-oxide-Appearance.jpg\",\"width\":600,\"height\":800,\"caption\":\"4-Methylmorpholine-N-oxide-Appearance\"},{\"@type\":\"BreadcrumbList\",\"@id\":\"https:\/\/longchangchemical.com\/product\/cas-7529-22-8\/#breadcrumb\",\"itemListElement\":[{\"@type\":\"ListItem\",\"position\":1,\"name\":\"Home\",\"item\":\"https:\/\/longchangchemical.com\/\"},{\"@type\":\"ListItem\",\"position\":2,\"name\":\"Products Longchang\",\"item\":\"https:\/\/longchangchemical.com\/product\/\"},{\"@type\":\"ListItem\",\"position\":3,\"name\":\"Sasolate\u00ae NMMO \/ 4-Methylmorpholine N-oxide \/ N-methylmorpholine oxide CAS 7529-22-8\"}]},{\"@type\":\"WebSite\",\"@id\":\"https:\/\/longchangchemical.com\/#website\",\"url\":\"https:\/\/longchangchemical.com\/\",\"name\":\"Longchang Chemical\",\"description\":\"China chemical manufacturer \uff06 supplier\",\"publisher\":{\"@id\":\"https:\/\/longchangchemical.com\/#organization\"},\"potentialAction\":[{\"@type\":\"SearchAction\",\"target\":{\"@type\":\"EntryPoint\",\"urlTemplate\":\"https:\/\/longchangchemical.com\/?s={search_term_string}\"},\"query-input\":{\"@type\":\"PropertyValueSpecification\",\"valueRequired\":true,\"valueName\":\"search_term_string\"}}],\"inLanguage\":\"pt-BR\"},{\"@type\":\"Organization\",\"@id\":\"https:\/\/longchangchemical.com\/#organization\",\"name\":\"Longchang Chemical\",\"url\":\"https:\/\/longchangchemical.com\/\",\"logo\":{\"@type\":\"ImageObject\",\"inLanguage\":\"pt-BR\",\"@id\":\"https:\/\/longchangchemical.com\/#\/schema\/logo\/image\/\",\"url\":\"https:\/\/longchangchemical.com\/wp-content\/uploads\/2020\/08\/cropped-longchang-logo.png\",\"contentUrl\":\"https:\/\/longchangchemical.com\/wp-content\/uploads\/2020\/08\/cropped-longchang-logo.png\",\"width\":512,\"height\":512,\"caption\":\"Longchang Chemical\"},\"image\":{\"@id\":\"https:\/\/longchangchemical.com\/#\/schema\/logo\/image\/\"}}]}<\/script>\n<!-- \/ Yoast SEO plugin. -->","yoast_head_json":{"title":"Fabricante de N-\u00f3xido de 4-metilmorfolina na China \uff06 CAS 7529-22-8 Fornecedor - Longchang chemical Co., Ltd.","description":"A Longchang Chemical \u00e9 um dos principais fabricantes e fornecedores de N-\u00f3xido de 4-metilmorfolina na China. Compre N-\u00f3xido de 4-metilmorfolina na China. Podemos fornecer o melhor pre\u00e7o de N-\u00f3xido de 4-metilmorfolina.","robots":{"index":"index","follow":"follow","max-snippet":"max-snippet:-1","max-image-preview":"max-image-preview:large","max-video-preview":"max-video-preview:-1"},"canonical":"https:\/\/longchangchemical.com\/pt\/product\/cas-7529-22-8\/","og_locale":"pt_BR","og_type":"article","og_title":"China 4-Methylmorpholine N-oxide Manufacturer \uff06 CAS 7529-22-8 Supplier - Longchang chemical Co., Ltd.","og_description":"Longchang Chemical is a leading manufacturer and supplier of 4-Methylmorpholine N-oxide in China. Buy 4-Methylmorpholine N-oxide in china. We can provide the best 4-Methylmorpholine N-oxide price.","og_url":"https:\/\/longchangchemical.com\/pt\/product\/cas-7529-22-8\/","og_site_name":"Longchang Chemical","article_modified_time":"2025-12-23T03:04:48+00:00","og_image":[{"width":600,"height":800,"url":"https:\/\/longchangchemical.com\/wp-content\/uploads\/2021\/02\/4-Methylmorpholine-N-oxide-Appearance.jpg","type":"image\/jpeg"}],"twitter_card":"summary_large_image","schema":{"@context":"https:\/\/schema.org","@graph":[{"@type":"WebPage","@id":"https:\/\/longchangchemical.com\/product\/cas-7529-22-8\/","url":"https:\/\/longchangchemical.com\/product\/cas-7529-22-8\/","name":"Fabricante de N-\u00f3xido de 4-metilmorfolina na China \uff06 CAS 7529-22-8 Fornecedor - Longchang chemical Co., Ltd.","isPartOf":{"@id":"https:\/\/longchangchemical.com\/#website"},"primaryImageOfPage":{"@id":"https:\/\/longchangchemical.com\/product\/cas-7529-22-8\/#primaryimage"},"image":{"@id":"https:\/\/longchangchemical.com\/product\/cas-7529-22-8\/#primaryimage"},"thumbnailUrl":"https:\/\/longchangchemical.com\/wp-content\/uploads\/2021\/02\/4-Methylmorpholine-N-oxide-Appearance.jpg","datePublished":"2021-02-24T15:44:14+00:00","dateModified":"2025-12-23T03:04:48+00:00","description":"A Longchang Chemical \u00e9 um dos principais fabricantes e fornecedores de N-\u00f3xido de 4-metilmorfolina na China. Compre N-\u00f3xido de 4-metilmorfolina na China. Podemos fornecer o melhor pre\u00e7o de N-\u00f3xido de 4-metilmorfolina.","breadcrumb":{"@id":"https:\/\/longchangchemical.com\/product\/cas-7529-22-8\/#breadcrumb"},"inLanguage":"pt-BR","potentialAction":[{"@type":"ReadAction","target":["https:\/\/longchangchemical.com\/product\/cas-7529-22-8\/"]}]},{"@type":"ImageObject","inLanguage":"pt-BR","@id":"https:\/\/longchangchemical.com\/product\/cas-7529-22-8\/#primaryimage","url":"https:\/\/longchangchemical.com\/wp-content\/uploads\/2021\/02\/4-Methylmorpholine-N-oxide-Appearance.jpg","contentUrl":"https:\/\/longchangchemical.com\/wp-content\/uploads\/2021\/02\/4-Methylmorpholine-N-oxide-Appearance.jpg","width":600,"height":800,"caption":"4-Methylmorpholine-N-oxide-Appearance"},{"@type":"BreadcrumbList","@id":"https:\/\/longchangchemical.com\/product\/cas-7529-22-8\/#breadcrumb","itemListElement":[{"@type":"ListItem","position":1,"name":"Home","item":"https:\/\/longchangchemical.com\/"},{"@type":"ListItem","position":2,"name":"Products Longchang","item":"https:\/\/longchangchemical.com\/product\/"},{"@type":"ListItem","position":3,"name":"Sasolate\u00ae NMMO \/ 4-Methylmorpholine N-oxide \/ N-methylmorpholine oxide CAS 7529-22-8"}]},{"@type":"WebSite","@id":"https:\/\/longchangchemical.com\/#website","url":"https:\/\/longchangchemical.com\/","name":"Qu\u00edmica Longchang","description":"Fabricante de produtos qu\u00edmicos na China \uff06 fornecedor","publisher":{"@id":"https:\/\/longchangchemical.com\/#organization"},"potentialAction":[{"@type":"SearchAction","target":{"@type":"EntryPoint","urlTemplate":"https:\/\/longchangchemical.com\/?s={search_term_string}"},"query-input":{"@type":"PropertyValueSpecification","valueRequired":true,"valueName":"search_term_string"}}],"inLanguage":"pt-BR"},{"@type":"Organization","@id":"https:\/\/longchangchemical.com\/#organization","name":"Qu\u00edmica Longchang","url":"https:\/\/longchangchemical.com\/","logo":{"@type":"ImageObject","inLanguage":"pt-BR","@id":"https:\/\/longchangchemical.com\/#\/schema\/logo\/image\/","url":"https:\/\/longchangchemical.com\/wp-content\/uploads\/2020\/08\/cropped-longchang-logo.png","contentUrl":"https:\/\/longchangchemical.com\/wp-content\/uploads\/2020\/08\/cropped-longchang-logo.png","width":512,"height":512,"caption":"Longchang Chemical"},"image":{"@id":"https:\/\/longchangchemical.com\/#\/schema\/logo\/image\/"}}]}},"_links":{"self":[{"href":"https:\/\/longchangchemical.com\/pt\/wp-json\/wp\/v2\/product\/4401","targetHints":{"allow":["GET"]}}],"collection":[{"href":"https:\/\/longchangchemical.com\/pt\/wp-json\/wp\/v2\/product"}],"about":[{"href":"https:\/\/longchangchemical.com\/pt\/wp-json\/wp\/v2\/types\/product"}],"replies":[{"embeddable":true,"href":"https:\/\/longchangchemical.com\/pt\/wp-json\/wp\/v2\/comments?post=4401"}],"wp:featuredmedia":[{"embeddable":true,"href":"https:\/\/longchangchemical.com\/pt\/wp-json\/wp\/v2\/media\/4402"}],"wp:attachment":[{"href":"https:\/\/longchangchemical.com\/pt\/wp-json\/wp\/v2\/media?parent=4401"}],"wp:term":[{"taxonomy":"product_brand","embeddable":true,"href":"https:\/\/longchangchemical.com\/pt\/wp-json\/wp\/v2\/product_brand?post=4401"},{"taxonomy":"product_cat","embeddable":true,"href":"https:\/\/longchangchemical.com\/pt\/wp-json\/wp\/v2\/product_cat?post=4401"},{"taxonomy":"product_tag","embeddable":true,"href":"https:\/\/longchangchemical.com\/pt\/wp-json\/wp\/v2\/product_tag?post=4401"}],"curies":[{"name":"wp","href":"https:\/\/api.w.org\/{rel}","templated":true}]}}