{"id":4362,"date":"2021-02-08T12:31:01","date_gmt":"2021-02-08T12:31:01","guid":{"rendered":"https:\/\/longchangchemical.com\/?post_type=product&#038;p=4362"},"modified":"2021-06-16T01:14:45","modified_gmt":"2021-06-16T01:14:45","slug":"cas-768-66-1","status":"publish","type":"product","link":"https:\/\/longchangchemical.com\/pt\/product\/cas-768-66-1\/","title":{"rendered":"2,2,6,6-Tetrametilpiperidina CAS 768-66-1"},"content":{"rendered":"<h1><strong>2,2,6,6-Tetrametilpiperidina CAS 768-66-1<\/strong><\/h1>\n<table class=\"table-1\" cellspacing=\"0\">\n<tbody>\n<tr>\n<td>\n<h4>Item<\/h4>\n<\/td>\n<td>\n<h4>Padr\u00e3o<\/h4>\n<\/td>\n<\/tr>\n<tr>\n<td>\n<h4>Apar\u00eancia<\/h4>\n<\/td>\n<td>\n<h4>L\u00edquido incolor ou amarelo claro<\/h4>\n<\/td>\n<\/tr>\n<tr>\n<td>\n<h4>Ensaio<\/h4>\n<\/td>\n<td>\n<h4>\u226598.5%<\/h4>\n<\/td>\n<\/tr>\n<tr>\n<td>\n<h4>Ponto de ebuli\u00e7\u00e3o<\/h4>\n<\/td>\n<td>\n<h4>152-153\u2103<\/h4>\n<\/td>\n<\/tr>\n<tr>\n<td>\n<h4>\u00c1gua<\/h4>\n<\/td>\n<td>\n<h4>0,5%max<\/h4>\n<\/td>\n<\/tr>\n<\/tbody>\n<\/table>\n<h2><\/h2>\n<h2><strong>2,2,6,6-Tetrametilpiperidina Uso<\/strong><\/h2>\n<h4>1. Ele foi usado para a orto-deprotona\u00e7\u00e3o eficiente da piridina-3-carboxamida.<\/h4>\n<h4>2. Use amida de l\u00edtio, um reagente eficaz de desprotona\u00e7\u00e3o de piridina-3-carboxiamina.<\/h4>\n<p>&nbsp;<\/p>\n<h2><strong>Embalagem e remessa de 2,2,6,6-tetrametilpiperidina<\/strong><\/h2>\n<h4>Embalagem: 160 kg\/tambor<\/h4>\n<h4>Entrega: por via mar\u00edtima.<\/h4>\n<p>&nbsp;<\/p>\n<h2><strong>Produtos da mesma s\u00e9rie<\/strong><\/h2>\n<table style=\"border-collapse: collapse; width: 312.02pt;\" border=\"0\" width=\"416\" cellspacing=\"0\" cellpadding=\"0\">\n<tbody>\n<tr style=\"height: 45.00pt;\">\n<td class=\"et2\" style=\"height: 45.00pt; width: 201.75pt;\" width=\"269\" height=\"60\">\n<h4><a href=\"https:\/\/longchangchemical.com\/pt\/product\/tempo-cas-2564-83-2\/\"><span style=\"color: #3366ff;\"><strong>2,2,6,6-Tetrametilpiperidinooxi<\/strong><\/span><\/a><\/h4>\n<\/td>\n<td class=\"et2\" style=\"width: 110.25pt;\" width=\"147\">\n<h4><a href=\"https:\/\/longchangchemical.com\/pt\/product\/tempo-cas-2564-83-2\/\"><span style=\"color: #3366ff;\"><strong>2564-83-2<\/strong><\/span><\/a><\/h4>\n<\/td>\n<\/tr>\n<tr style=\"height: 45.00pt;\">\n<td class=\"et3\" style=\"height: 45.00pt; width: 201.75pt;\" width=\"269\" height=\"60\">\n<h4><span style=\"color: #3366ff;\"><strong>2,2,6,6-Tetrametilpiperidina<\/strong><\/span><\/h4>\n<\/td>\n<td class=\"et3\" style=\"width: 110.25pt;\" width=\"147\">\n<h4><span style=\"color: #3366ff;\"><strong>768-66-1<\/strong><\/span><\/h4>\n<\/td>\n<\/tr>\n<\/tbody>\n<\/table>\n<h2><\/h2>\n<h2><strong><b>Entre em contato conosco agora!<\/b><\/strong><\/h2>\n<h4><strong><b>Oferecemos servi\u00e7os personalizados e, normalmente, entraremos em contato com voc\u00ea dentro de 24 horas. Voc\u00ea tamb\u00e9m pode me enviar um e-mail para info@longchangchemical.com durante o hor\u00e1rio comercial (das 8h30 \u00e0s 18h UTC+8 de segunda a s\u00e1bado) ou usar o bate-papo ao vivo do site para obter uma resposta r\u00e1pida.<\/b><\/strong><\/h4>","protected":false},"excerpt":{"rendered":"<h4>Nome qu\u00edmico: 2,2,6,6-Tetrametilpiperidina<\/h4>\n<h4>N\u00famero CAS: 768-66-1<\/h4>\n<h4>F\u00f3rmula molecular: C9H19N<\/h4>\n<h4>Peso molecular: 141,25<\/h4>\n<h4>Estrutura qu\u00edmica:<img decoding=\"async\" title=\"Estrutura da 2,2,6,6-tetrametilpiperidina\" src=\"https:\/\/www.longchangchemical.com\/wp-content\/uploads\/product-details\/20200612119860.png\" alt=\"Estrutura da 2,2,6,6-tetrametilpiperidina\" width=\"77\" height=\"60\" border=\"0\" vspace=\"0\" \/><\/h4>\n<h4>Apar\u00eancia: L\u00edquido incolor ou amarelo claro<\/h4>\n<h4>Ensaio: \u226598,5%<\/h4>","protected":false},"featured_media":4363,"comment_status":"open","ping_status":"closed","template":"","meta":[],"product_brand":[],"product_cat":[69],"product_tag":[],"class_list":{"0":"post-4362","1":"product","2":"type-product","3":"status-publish","4":"has-post-thumbnail","6":"product_cat-catalysts-chemical-auxiliary-agents","8":"first","9":"instock","10":"shipping-taxable","11":"product-type-simple"},"yoast_head":"<!-- This site is optimized with the Yoast SEO plugin v25.3.1 - https:\/\/yoast.com\/wordpress\/plugins\/seo\/ -->\n<title>China 2,2,6,6-Tetramethylpiperidine Manufacturer \uff06 Supplier - Longchang chemical Co., Ltd.<\/title>\n<meta name=\"description\" content=\"Longchang Chemical is a leading manufacturer and supplier of 2,2,6,6-Tetramethylpiperidine in China. Buy 2,2,6,6-Tetramethylpiperidine in china. We can provide the best 2,2,6,6-Tetramethylpiperidine price.\" \/>\n<meta name=\"robots\" content=\"index, follow, max-snippet:-1, max-image-preview:large, max-video-preview:-1\" \/>\n<link rel=\"canonical\" href=\"https:\/\/longchangchemical.com\/pt\/product\/cas-768-66-1\/\" \/>\n<meta property=\"og:locale\" content=\"pt_BR\" \/>\n<meta property=\"og:type\" content=\"article\" \/>\n<meta property=\"og:title\" content=\"China 2,2,6,6-Tetramethylpiperidine Manufacturer \uff06 Supplier - Longchang chemical Co., Ltd.\" \/>\n<meta property=\"og:description\" content=\"Longchang Chemical is a leading manufacturer and supplier of 2,2,6,6-Tetramethylpiperidine in China. Buy 2,2,6,6-Tetramethylpiperidine in china. We can provide the best 2,2,6,6-Tetramethylpiperidine price.\" \/>\n<meta property=\"og:url\" content=\"https:\/\/longchangchemical.com\/pt\/product\/cas-768-66-1\/\" \/>\n<meta property=\"og:site_name\" content=\"Longchang Chemical\" \/>\n<meta property=\"article:modified_time\" content=\"2021-06-16T01:14:45+00:00\" \/>\n<meta property=\"og:image\" content=\"https:\/\/longchangchemical.com\/wp-content\/uploads\/2021\/02\/2266-Tetramethylpiperidine-Appearance.jpg\" \/>\n\t<meta property=\"og:image:width\" content=\"600\" \/>\n\t<meta property=\"og:image:height\" content=\"800\" \/>\n\t<meta property=\"og:image:type\" content=\"image\/jpeg\" \/>\n<meta name=\"twitter:card\" content=\"summary_large_image\" \/>\n<script type=\"application\/ld+json\" class=\"yoast-schema-graph\">{\"@context\":\"https:\/\/schema.org\",\"@graph\":[{\"@type\":\"WebPage\",\"@id\":\"https:\/\/longchangchemical.com\/product\/cas-768-66-1\/\",\"url\":\"https:\/\/longchangchemical.com\/product\/cas-768-66-1\/\",\"name\":\"China 2,2,6,6-Tetramethylpiperidine Manufacturer \uff06 Supplier - Longchang chemical Co., Ltd.\",\"isPartOf\":{\"@id\":\"https:\/\/longchangchemical.com\/#website\"},\"primaryImageOfPage\":{\"@id\":\"https:\/\/longchangchemical.com\/product\/cas-768-66-1\/#primaryimage\"},\"image\":{\"@id\":\"https:\/\/longchangchemical.com\/product\/cas-768-66-1\/#primaryimage\"},\"thumbnailUrl\":\"https:\/\/longchangchemical.com\/wp-content\/uploads\/2021\/02\/2266-Tetramethylpiperidine-Appearance.jpg\",\"datePublished\":\"2021-02-08T12:31:01+00:00\",\"dateModified\":\"2021-06-16T01:14:45+00:00\",\"description\":\"Longchang Chemical is a leading manufacturer and supplier of 2,2,6,6-Tetramethylpiperidine in China. Buy 2,2,6,6-Tetramethylpiperidine in china. We can provide the best 2,2,6,6-Tetramethylpiperidine price.\",\"breadcrumb\":{\"@id\":\"https:\/\/longchangchemical.com\/product\/cas-768-66-1\/#breadcrumb\"},\"inLanguage\":\"pt-BR\",\"potentialAction\":[{\"@type\":\"ReadAction\",\"target\":[\"https:\/\/longchangchemical.com\/product\/cas-768-66-1\/\"]}]},{\"@type\":\"ImageObject\",\"inLanguage\":\"pt-BR\",\"@id\":\"https:\/\/longchangchemical.com\/product\/cas-768-66-1\/#primaryimage\",\"url\":\"https:\/\/longchangchemical.com\/wp-content\/uploads\/2021\/02\/2266-Tetramethylpiperidine-Appearance.jpg\",\"contentUrl\":\"https:\/\/longchangchemical.com\/wp-content\/uploads\/2021\/02\/2266-Tetramethylpiperidine-Appearance.jpg\",\"width\":600,\"height\":800,\"caption\":\"2,2,6,6-Tetramethylpiperidine Appearance\"},{\"@type\":\"BreadcrumbList\",\"@id\":\"https:\/\/longchangchemical.com\/product\/cas-768-66-1\/#breadcrumb\",\"itemListElement\":[{\"@type\":\"ListItem\",\"position\":1,\"name\":\"Home\",\"item\":\"https:\/\/longchangchemical.com\/\"},{\"@type\":\"ListItem\",\"position\":2,\"name\":\"Products Longchang\",\"item\":\"https:\/\/longchangchemical.com\/product\/\"},{\"@type\":\"ListItem\",\"position\":3,\"name\":\"2,2,6,6-Tetramethylpiperidine CAS 768-66-1\"}]},{\"@type\":\"WebSite\",\"@id\":\"https:\/\/longchangchemical.com\/#website\",\"url\":\"https:\/\/longchangchemical.com\/\",\"name\":\"Longchang Chemical\",\"description\":\"China chemical manufacturer \uff06 supplier\",\"publisher\":{\"@id\":\"https:\/\/longchangchemical.com\/#organization\"},\"potentialAction\":[{\"@type\":\"SearchAction\",\"target\":{\"@type\":\"EntryPoint\",\"urlTemplate\":\"https:\/\/longchangchemical.com\/?s={search_term_string}\"},\"query-input\":{\"@type\":\"PropertyValueSpecification\",\"valueRequired\":true,\"valueName\":\"search_term_string\"}}],\"inLanguage\":\"pt-BR\"},{\"@type\":\"Organization\",\"@id\":\"https:\/\/longchangchemical.com\/#organization\",\"name\":\"Longchang Chemical\",\"url\":\"https:\/\/longchangchemical.com\/\",\"logo\":{\"@type\":\"ImageObject\",\"inLanguage\":\"pt-BR\",\"@id\":\"https:\/\/longchangchemical.com\/#\/schema\/logo\/image\/\",\"url\":\"https:\/\/longchangchemical.com\/wp-content\/uploads\/2020\/08\/cropped-longchang-logo.png\",\"contentUrl\":\"https:\/\/longchangchemical.com\/wp-content\/uploads\/2020\/08\/cropped-longchang-logo.png\",\"width\":512,\"height\":512,\"caption\":\"Longchang Chemical\"},\"image\":{\"@id\":\"https:\/\/longchangchemical.com\/#\/schema\/logo\/image\/\"}}]}<\/script>\n<!-- \/ Yoast SEO plugin. -->","yoast_head_json":{"title":"China 2,2,6,6-Tetrametilpiperidina Fabricante \uff06 Fornecedor - Longchang chemical Co., Ltd.","description":"A Longchang Chemical \u00e9 um fabricante e fornecedor l\u00edder de 2,2,6,6-Tetrametilpiperidina na China. Compre 2,2,6,6-Tetrametilpiperidina na China. Podemos oferecer o melhor pre\u00e7o de 2,2,6,6-Tetrametilpiperidina.","robots":{"index":"index","follow":"follow","max-snippet":"max-snippet:-1","max-image-preview":"max-image-preview:large","max-video-preview":"max-video-preview:-1"},"canonical":"https:\/\/longchangchemical.com\/pt\/product\/cas-768-66-1\/","og_locale":"pt_BR","og_type":"article","og_title":"China 2,2,6,6-Tetramethylpiperidine Manufacturer \uff06 Supplier - Longchang chemical Co., Ltd.","og_description":"Longchang Chemical is a leading manufacturer and supplier of 2,2,6,6-Tetramethylpiperidine in China. Buy 2,2,6,6-Tetramethylpiperidine in china. We can provide the best 2,2,6,6-Tetramethylpiperidine price.","og_url":"https:\/\/longchangchemical.com\/pt\/product\/cas-768-66-1\/","og_site_name":"Longchang Chemical","article_modified_time":"2021-06-16T01:14:45+00:00","og_image":[{"width":600,"height":800,"url":"https:\/\/longchangchemical.com\/wp-content\/uploads\/2021\/02\/2266-Tetramethylpiperidine-Appearance.jpg","type":"image\/jpeg"}],"twitter_card":"summary_large_image","schema":{"@context":"https:\/\/schema.org","@graph":[{"@type":"WebPage","@id":"https:\/\/longchangchemical.com\/product\/cas-768-66-1\/","url":"https:\/\/longchangchemical.com\/product\/cas-768-66-1\/","name":"China 2,2,6,6-Tetrametilpiperidina Fabricante \uff06 Fornecedor - Longchang chemical Co., Ltd.","isPartOf":{"@id":"https:\/\/longchangchemical.com\/#website"},"primaryImageOfPage":{"@id":"https:\/\/longchangchemical.com\/product\/cas-768-66-1\/#primaryimage"},"image":{"@id":"https:\/\/longchangchemical.com\/product\/cas-768-66-1\/#primaryimage"},"thumbnailUrl":"https:\/\/longchangchemical.com\/wp-content\/uploads\/2021\/02\/2266-Tetramethylpiperidine-Appearance.jpg","datePublished":"2021-02-08T12:31:01+00:00","dateModified":"2021-06-16T01:14:45+00:00","description":"A Longchang Chemical \u00e9 um fabricante e fornecedor l\u00edder de 2,2,6,6-Tetrametilpiperidina na China. Compre 2,2,6,6-Tetrametilpiperidina na China. Podemos oferecer o melhor pre\u00e7o de 2,2,6,6-Tetrametilpiperidina.","breadcrumb":{"@id":"https:\/\/longchangchemical.com\/product\/cas-768-66-1\/#breadcrumb"},"inLanguage":"pt-BR","potentialAction":[{"@type":"ReadAction","target":["https:\/\/longchangchemical.com\/product\/cas-768-66-1\/"]}]},{"@type":"ImageObject","inLanguage":"pt-BR","@id":"https:\/\/longchangchemical.com\/product\/cas-768-66-1\/#primaryimage","url":"https:\/\/longchangchemical.com\/wp-content\/uploads\/2021\/02\/2266-Tetramethylpiperidine-Appearance.jpg","contentUrl":"https:\/\/longchangchemical.com\/wp-content\/uploads\/2021\/02\/2266-Tetramethylpiperidine-Appearance.jpg","width":600,"height":800,"caption":"2,2,6,6-Tetramethylpiperidine Appearance"},{"@type":"BreadcrumbList","@id":"https:\/\/longchangchemical.com\/product\/cas-768-66-1\/#breadcrumb","itemListElement":[{"@type":"ListItem","position":1,"name":"Home","item":"https:\/\/longchangchemical.com\/"},{"@type":"ListItem","position":2,"name":"Products Longchang","item":"https:\/\/longchangchemical.com\/product\/"},{"@type":"ListItem","position":3,"name":"2,2,6,6-Tetramethylpiperidine CAS 768-66-1"}]},{"@type":"WebSite","@id":"https:\/\/longchangchemical.com\/#website","url":"https:\/\/longchangchemical.com\/","name":"Qu\u00edmica Longchang","description":"Fabricante de produtos qu\u00edmicos na China \uff06 fornecedor","publisher":{"@id":"https:\/\/longchangchemical.com\/#organization"},"potentialAction":[{"@type":"SearchAction","target":{"@type":"EntryPoint","urlTemplate":"https:\/\/longchangchemical.com\/?s={search_term_string}"},"query-input":{"@type":"PropertyValueSpecification","valueRequired":true,"valueName":"search_term_string"}}],"inLanguage":"pt-BR"},{"@type":"Organization","@id":"https:\/\/longchangchemical.com\/#organization","name":"Qu\u00edmica Longchang","url":"https:\/\/longchangchemical.com\/","logo":{"@type":"ImageObject","inLanguage":"pt-BR","@id":"https:\/\/longchangchemical.com\/#\/schema\/logo\/image\/","url":"https:\/\/longchangchemical.com\/wp-content\/uploads\/2020\/08\/cropped-longchang-logo.png","contentUrl":"https:\/\/longchangchemical.com\/wp-content\/uploads\/2020\/08\/cropped-longchang-logo.png","width":512,"height":512,"caption":"Longchang Chemical"},"image":{"@id":"https:\/\/longchangchemical.com\/#\/schema\/logo\/image\/"}}]}},"_links":{"self":[{"href":"https:\/\/longchangchemical.com\/pt\/wp-json\/wp\/v2\/product\/4362","targetHints":{"allow":["GET"]}}],"collection":[{"href":"https:\/\/longchangchemical.com\/pt\/wp-json\/wp\/v2\/product"}],"about":[{"href":"https:\/\/longchangchemical.com\/pt\/wp-json\/wp\/v2\/types\/product"}],"replies":[{"embeddable":true,"href":"https:\/\/longchangchemical.com\/pt\/wp-json\/wp\/v2\/comments?post=4362"}],"wp:featuredmedia":[{"embeddable":true,"href":"https:\/\/longchangchemical.com\/pt\/wp-json\/wp\/v2\/media\/4363"}],"wp:attachment":[{"href":"https:\/\/longchangchemical.com\/pt\/wp-json\/wp\/v2\/media?parent=4362"}],"wp:term":[{"taxonomy":"product_brand","embeddable":true,"href":"https:\/\/longchangchemical.com\/pt\/wp-json\/wp\/v2\/product_brand?post=4362"},{"taxonomy":"product_cat","embeddable":true,"href":"https:\/\/longchangchemical.com\/pt\/wp-json\/wp\/v2\/product_cat?post=4362"},{"taxonomy":"product_tag","embeddable":true,"href":"https:\/\/longchangchemical.com\/pt\/wp-json\/wp\/v2\/product_tag?post=4362"}],"curies":[{"name":"wp","href":"https:\/\/api.w.org\/{rel}","templated":true}]}}