{"id":4280,"date":"2024-01-10T08:23:38","date_gmt":"2024-01-10T08:23:38","guid":{"rendered":"https:\/\/longchangchemical.com\/?post_type=product&#038;p=4280"},"modified":"2026-01-12T06:46:39","modified_gmt":"2026-01-12T06:46:39","slug":"methoxypolyethylene-glycols-cas-9004-74-4","status":"publish","type":"product","link":"https:\/\/longchangchemical.com\/pt\/product\/methoxypolyethylene-glycols-cas-9004-74-4\/","title":{"rendered":"metoxipolietilenoglic\u00f3is cas 9004-74-4"},"content":{"rendered":"<h2><strong>Metoxipolietilenoglic\u00f3isPropriedades t\u00edpicas<\/strong><\/h2>\n<table class=\"table-1\" cellspacing=\"0\">\n<tbody>\n<tr>\n<td><strong>Item<\/strong><\/td>\n<td><strong>Especifica\u00e7\u00f5es<\/strong><\/td>\n<td><strong>Resultados<\/strong><\/td>\n<\/tr>\n<tr>\n<td>Apar\u00eancia a 25\u00b0C<\/td>\n<td>Floco branco<\/td>\n<td>Floco branco<\/td>\n<\/tr>\n<tr>\n<td>Cor (Pt-Co)<\/td>\n<td>0~80<\/td>\n<td>30<\/td>\n<\/tr>\n<tr>\n<td>N\u00famero de hidroxila\uff08mgKOH\/g\uff09<\/td>\n<td>23~28<\/td>\n<td>25.3<\/td>\n<\/tr>\n<tr>\n<td>Peso molecular<\/td>\n<td>2000~2400<\/td>\n<td>2218<\/td>\n<\/tr>\n<tr>\n<td>pH<\/td>\n<td>5.0~7.0<\/td>\n<td>6.35<\/td>\n<\/tr>\n<tr>\n<td>\u00c1gua\uff08% m\/m\uff09<\/td>\n<td>\u22641.0<\/td>\n<td>0.32<\/td>\n<\/tr>\n<\/tbody>\n<\/table>\n<h2><strong>Uso de metoxipolietilenoglic\u00f3is<\/strong><\/h2>\n<p>Pode ser aplicado ao concreto comercial de alto desempenho e alta resist\u00eancia (C60 ou superior) na mistura no local e no transporte de longa dist\u00e2ncia.<\/p>\n<ol>\n<li><strong>Ind\u00fastria de pol\u00edmeros:<\/strong> Os metoxipolietilenoglic\u00f3is, com o n\u00famero CAS 9004-74-4, s\u00e3o comumente usados na ind\u00fastria de pol\u00edmeros. Eles atuam como componentes-chave na produ\u00e7\u00e3o de v\u00e1rios pol\u00edmeros e copol\u00edmeros, contribuindo para a modifica\u00e7\u00e3o das propriedades dos pol\u00edmeros.<\/li>\n<li><strong>Agente emulsificante:<\/strong> Esse composto \u00e9 utilizado como agente emulsificante. Os metoxipolietilenoglic\u00f3is podem contribuir para a estabilidade e a textura das emuls\u00f5es, o que os torna valiosos em formula\u00e7\u00f5es como cremes, lo\u00e7\u00f5es e produtos industriais.<\/li>\n<li><strong>Ind\u00fastria t\u00eaxtil:<\/strong> Os metoxipolietilenoglic\u00f3is podem ser empregados no setor t\u00eaxtil. Eles podem ser usados em processos de acabamento t\u00eaxtil, proporcionando maciez e suavidade aos tecidos.<\/li>\n<li><strong>Produtos de cuidados pessoais:<\/strong> Na produ\u00e7\u00e3o de produtos de cuidados pessoais, os metoxipolietilenoglic\u00f3is s\u00e3o usados. Eles s\u00e3o inclu\u00eddos em formula\u00e7\u00f5es para produtos de cuidados com a pele e com os cabelos devido \u00e0s suas propriedades emulsificantes e condicionantes.<\/li>\n<\/ol>\n<h2><strong>Embalagem e envio de metoxipolietilenoglic\u00f3is<\/strong><\/h2>\n<p>Embalagem: 200 kg\/tambor<\/p>\n<h2><strong>Metoxipolietilenoglic\u00f3isArmazenamento<\/strong><\/h2>\n<p>Ele deve ser colocado em local fresco e seco.<\/p>\n<h2><strong><b>Entre em contato conosco agora!<\/b><\/strong><\/h2>\n<h4><strong><b>Se precisar de COA, MSDS ou TDS, preencha suas informa\u00e7\u00f5es de contato no formul\u00e1rio abaixo. Normalmente, entraremos em contato em 24 horas. Voc\u00ea tamb\u00e9m pode me enviar um e-mail <span style=\"color: #0000ff;\"><a style=\"color: #0000ff;\" href=\"mailto:info@longchangchemical.com\">info@longchangchemical.com<\/a><\/span> durante o hor\u00e1rio comercial (das 8h30 \u00e0s 18h UTC+8 de segunda a s\u00e1bado) ou use o bate-papo ao vivo do site para obter uma resposta imediata.<\/b><\/strong><\/h4>","protected":false},"excerpt":{"rendered":"<h2><strong>Metoxipolietilenoglic\u00f3isDetalhes r\u00e1pidos<\/strong><\/h2>\n<p>Nome qu\u00edmico: Metoxipolietilenoglic\u00f3is<\/p>\n<p>N\u00famero CAS: 9004-74-4<\/p>\n<p>F\u00f3rmula molecular: C5H12O3<\/p>\n<p>Estrutura qu\u00edmica:<img decoding=\"async\" title=\"Estrutura dos metoxipolietilenoglic\u00f3is\" src=\"https:\/\/www.longchangchemical.com\/wp-content\/uploads\/product-details\/20200611239401.png\" alt=\"Estrutura dos metoxipolietilenoglic\u00f3is\" width=\"234\" height=\"71\" border=\"0\" vspace=\"0\" \/><\/p>\n<p>Peso molecular: 20,14698<\/p>\n<p>Apar\u00eancia: flocos brancos<\/p>\n<p>Ensaio: 2000~2400<\/p>","protected":false},"featured_media":6391,"comment_status":"open","ping_status":"closed","template":"","meta":[],"product_brand":[],"product_cat":[154],"product_tag":[],"class_list":{"0":"post-4280","1":"product","2":"type-product","3":"status-publish","4":"has-post-thumbnail","6":"product_cat-solvent","8":"first","9":"instock","10":"shipping-taxable","11":"product-type-simple"},"yoast_head":"<!-- This site is optimized with the Yoast SEO plugin v25.3.1 - https:\/\/yoast.com\/wordpress\/plugins\/seo\/ -->\n<title>China Methoxypolyethylene Glycols Manufacturer CAS 9004-74-4 -Longchang Chemical<\/title>\n<meta name=\"description\" content=\"methoxypolyethylene glycols cas 9004-74-4 is key product of Longchang Chemical. We provide best price. We are the leading manufacturer and supplier in China with the best quanlity and competitive price.\" \/>\n<meta name=\"robots\" content=\"index, follow, max-snippet:-1, max-image-preview:large, max-video-preview:-1\" \/>\n<link rel=\"canonical\" href=\"https:\/\/longchangchemical.com\/pt\/product\/methoxypolyethylene-glycols-cas-9004-74-4\/\" \/>\n<meta property=\"og:locale\" content=\"pt_BR\" \/>\n<meta property=\"og:type\" content=\"article\" \/>\n<meta property=\"og:title\" content=\"China Methoxypolyethylene Glycols Manufacturer CAS 9004-74-4 -Longchang Chemical\" \/>\n<meta property=\"og:description\" content=\"methoxypolyethylene glycols cas 9004-74-4 is key product of Longchang Chemical. We provide best price. We are the leading manufacturer and supplier in China with the best quanlity and competitive price.\" \/>\n<meta property=\"og:url\" content=\"https:\/\/longchangchemical.com\/pt\/product\/methoxypolyethylene-glycols-cas-9004-74-4\/\" \/>\n<meta property=\"og:site_name\" content=\"Longchang Chemical\" \/>\n<meta property=\"article:modified_time\" content=\"2026-01-12T06:46:39+00:00\" \/>\n<meta property=\"og:image\" content=\"https:\/\/longchangchemical.com\/wp-content\/uploads\/2021\/01\/3.jpg\" \/>\n\t<meta property=\"og:image:width\" content=\"800\" \/>\n\t<meta property=\"og:image:height\" content=\"800\" \/>\n\t<meta property=\"og:image:type\" content=\"image\/jpeg\" \/>\n<meta name=\"twitter:card\" content=\"summary_large_image\" \/>\n<script type=\"application\/ld+json\" class=\"yoast-schema-graph\">{\"@context\":\"https:\/\/schema.org\",\"@graph\":[{\"@type\":\"WebPage\",\"@id\":\"https:\/\/longchangchemical.com\/product\/methoxypolyethylene-glycols-cas-9004-74-4\/\",\"url\":\"https:\/\/longchangchemical.com\/product\/methoxypolyethylene-glycols-cas-9004-74-4\/\",\"name\":\"China Methoxypolyethylene Glycols Manufacturer CAS 9004-74-4 -Longchang Chemical\",\"isPartOf\":{\"@id\":\"https:\/\/longchangchemical.com\/#website\"},\"primaryImageOfPage\":{\"@id\":\"https:\/\/longchangchemical.com\/product\/methoxypolyethylene-glycols-cas-9004-74-4\/#primaryimage\"},\"image\":{\"@id\":\"https:\/\/longchangchemical.com\/product\/methoxypolyethylene-glycols-cas-9004-74-4\/#primaryimage\"},\"thumbnailUrl\":\"https:\/\/longchangchemical.com\/wp-content\/uploads\/2021\/01\/3.jpg\",\"datePublished\":\"2024-01-10T08:23:38+00:00\",\"dateModified\":\"2026-01-12T06:46:39+00:00\",\"description\":\"methoxypolyethylene glycols cas 9004-74-4 is key product of Longchang Chemical. We provide best price. We are the leading manufacturer and supplier in China with the best quanlity and competitive price.\",\"breadcrumb\":{\"@id\":\"https:\/\/longchangchemical.com\/product\/methoxypolyethylene-glycols-cas-9004-74-4\/#breadcrumb\"},\"inLanguage\":\"pt-BR\",\"potentialAction\":[{\"@type\":\"ReadAction\",\"target\":[\"https:\/\/longchangchemical.com\/product\/methoxypolyethylene-glycols-cas-9004-74-4\/\"]}]},{\"@type\":\"ImageObject\",\"inLanguage\":\"pt-BR\",\"@id\":\"https:\/\/longchangchemical.com\/product\/methoxypolyethylene-glycols-cas-9004-74-4\/#primaryimage\",\"url\":\"https:\/\/longchangchemical.com\/wp-content\/uploads\/2021\/01\/3.jpg\",\"contentUrl\":\"https:\/\/longchangchemical.com\/wp-content\/uploads\/2021\/01\/3.jpg\",\"width\":800,\"height\":800,\"caption\":\"methoxypolyethylene glycols cas 9004-74-4\"},{\"@type\":\"BreadcrumbList\",\"@id\":\"https:\/\/longchangchemical.com\/product\/methoxypolyethylene-glycols-cas-9004-74-4\/#breadcrumb\",\"itemListElement\":[{\"@type\":\"ListItem\",\"position\":1,\"name\":\"Home\",\"item\":\"https:\/\/longchangchemical.com\/\"},{\"@type\":\"ListItem\",\"position\":2,\"name\":\"Products Longchang\",\"item\":\"https:\/\/longchangchemical.com\/product\/\"},{\"@type\":\"ListItem\",\"position\":3,\"name\":\"methoxypolyethylene glycols cas 9004-74-4\"}]},{\"@type\":\"WebSite\",\"@id\":\"https:\/\/longchangchemical.com\/#website\",\"url\":\"https:\/\/longchangchemical.com\/\",\"name\":\"Longchang Chemical\",\"description\":\"China chemical manufacturer \uff06 supplier\",\"publisher\":{\"@id\":\"https:\/\/longchangchemical.com\/#organization\"},\"potentialAction\":[{\"@type\":\"SearchAction\",\"target\":{\"@type\":\"EntryPoint\",\"urlTemplate\":\"https:\/\/longchangchemical.com\/?s={search_term_string}\"},\"query-input\":{\"@type\":\"PropertyValueSpecification\",\"valueRequired\":true,\"valueName\":\"search_term_string\"}}],\"inLanguage\":\"pt-BR\"},{\"@type\":\"Organization\",\"@id\":\"https:\/\/longchangchemical.com\/#organization\",\"name\":\"Longchang Chemical\",\"url\":\"https:\/\/longchangchemical.com\/\",\"logo\":{\"@type\":\"ImageObject\",\"inLanguage\":\"pt-BR\",\"@id\":\"https:\/\/longchangchemical.com\/#\/schema\/logo\/image\/\",\"url\":\"https:\/\/longchangchemical.com\/wp-content\/uploads\/2020\/08\/cropped-longchang-logo.png\",\"contentUrl\":\"https:\/\/longchangchemical.com\/wp-content\/uploads\/2020\/08\/cropped-longchang-logo.png\",\"width\":512,\"height\":512,\"caption\":\"Longchang Chemical\"},\"image\":{\"@id\":\"https:\/\/longchangchemical.com\/#\/schema\/logo\/image\/\"}}]}<\/script>\n<!-- \/ Yoast SEO plugin. -->","yoast_head_json":{"title":"Fabricante de metoxipolietilenoglic\u00f3is na China CAS 9004-74-4 - Longchang Chemical","description":"metoxipolietilenoglic\u00f3is cas 9004-74-4 \u00e9 o principal produto da Longchang Chemical. Oferecemos o melhor pre\u00e7o. Somos o principal fabricante e fornecedor da China, com a melhor qualidade e pre\u00e7o competitivo.","robots":{"index":"index","follow":"follow","max-snippet":"max-snippet:-1","max-image-preview":"max-image-preview:large","max-video-preview":"max-video-preview:-1"},"canonical":"https:\/\/longchangchemical.com\/pt\/product\/methoxypolyethylene-glycols-cas-9004-74-4\/","og_locale":"pt_BR","og_type":"article","og_title":"China Methoxypolyethylene Glycols Manufacturer CAS 9004-74-4 -Longchang Chemical","og_description":"methoxypolyethylene glycols cas 9004-74-4 is key product of Longchang Chemical. We provide best price. We are the leading manufacturer and supplier in China with the best quanlity and competitive price.","og_url":"https:\/\/longchangchemical.com\/pt\/product\/methoxypolyethylene-glycols-cas-9004-74-4\/","og_site_name":"Longchang Chemical","article_modified_time":"2026-01-12T06:46:39+00:00","og_image":[{"width":800,"height":800,"url":"https:\/\/longchangchemical.com\/wp-content\/uploads\/2021\/01\/3.jpg","type":"image\/jpeg"}],"twitter_card":"summary_large_image","schema":{"@context":"https:\/\/schema.org","@graph":[{"@type":"WebPage","@id":"https:\/\/longchangchemical.com\/product\/methoxypolyethylene-glycols-cas-9004-74-4\/","url":"https:\/\/longchangchemical.com\/product\/methoxypolyethylene-glycols-cas-9004-74-4\/","name":"Fabricante de metoxipolietilenoglic\u00f3is na China CAS 9004-74-4 - Longchang Chemical","isPartOf":{"@id":"https:\/\/longchangchemical.com\/#website"},"primaryImageOfPage":{"@id":"https:\/\/longchangchemical.com\/product\/methoxypolyethylene-glycols-cas-9004-74-4\/#primaryimage"},"image":{"@id":"https:\/\/longchangchemical.com\/product\/methoxypolyethylene-glycols-cas-9004-74-4\/#primaryimage"},"thumbnailUrl":"https:\/\/longchangchemical.com\/wp-content\/uploads\/2021\/01\/3.jpg","datePublished":"2024-01-10T08:23:38+00:00","dateModified":"2026-01-12T06:46:39+00:00","description":"metoxipolietilenoglic\u00f3is cas 9004-74-4 \u00e9 o principal produto da Longchang Chemical. Oferecemos o melhor pre\u00e7o. Somos o principal fabricante e fornecedor da China, com a melhor qualidade e pre\u00e7o competitivo.","breadcrumb":{"@id":"https:\/\/longchangchemical.com\/product\/methoxypolyethylene-glycols-cas-9004-74-4\/#breadcrumb"},"inLanguage":"pt-BR","potentialAction":[{"@type":"ReadAction","target":["https:\/\/longchangchemical.com\/product\/methoxypolyethylene-glycols-cas-9004-74-4\/"]}]},{"@type":"ImageObject","inLanguage":"pt-BR","@id":"https:\/\/longchangchemical.com\/product\/methoxypolyethylene-glycols-cas-9004-74-4\/#primaryimage","url":"https:\/\/longchangchemical.com\/wp-content\/uploads\/2021\/01\/3.jpg","contentUrl":"https:\/\/longchangchemical.com\/wp-content\/uploads\/2021\/01\/3.jpg","width":800,"height":800,"caption":"methoxypolyethylene glycols cas 9004-74-4"},{"@type":"BreadcrumbList","@id":"https:\/\/longchangchemical.com\/product\/methoxypolyethylene-glycols-cas-9004-74-4\/#breadcrumb","itemListElement":[{"@type":"ListItem","position":1,"name":"Home","item":"https:\/\/longchangchemical.com\/"},{"@type":"ListItem","position":2,"name":"Products Longchang","item":"https:\/\/longchangchemical.com\/product\/"},{"@type":"ListItem","position":3,"name":"methoxypolyethylene glycols cas 9004-74-4"}]},{"@type":"WebSite","@id":"https:\/\/longchangchemical.com\/#website","url":"https:\/\/longchangchemical.com\/","name":"Qu\u00edmica Longchang","description":"Fabricante de produtos qu\u00edmicos na China \uff06 fornecedor","publisher":{"@id":"https:\/\/longchangchemical.com\/#organization"},"potentialAction":[{"@type":"SearchAction","target":{"@type":"EntryPoint","urlTemplate":"https:\/\/longchangchemical.com\/?s={search_term_string}"},"query-input":{"@type":"PropertyValueSpecification","valueRequired":true,"valueName":"search_term_string"}}],"inLanguage":"pt-BR"},{"@type":"Organization","@id":"https:\/\/longchangchemical.com\/#organization","name":"Qu\u00edmica Longchang","url":"https:\/\/longchangchemical.com\/","logo":{"@type":"ImageObject","inLanguage":"pt-BR","@id":"https:\/\/longchangchemical.com\/#\/schema\/logo\/image\/","url":"https:\/\/longchangchemical.com\/wp-content\/uploads\/2020\/08\/cropped-longchang-logo.png","contentUrl":"https:\/\/longchangchemical.com\/wp-content\/uploads\/2020\/08\/cropped-longchang-logo.png","width":512,"height":512,"caption":"Longchang Chemical"},"image":{"@id":"https:\/\/longchangchemical.com\/#\/schema\/logo\/image\/"}}]}},"_links":{"self":[{"href":"https:\/\/longchangchemical.com\/pt\/wp-json\/wp\/v2\/product\/4280","targetHints":{"allow":["GET"]}}],"collection":[{"href":"https:\/\/longchangchemical.com\/pt\/wp-json\/wp\/v2\/product"}],"about":[{"href":"https:\/\/longchangchemical.com\/pt\/wp-json\/wp\/v2\/types\/product"}],"replies":[{"embeddable":true,"href":"https:\/\/longchangchemical.com\/pt\/wp-json\/wp\/v2\/comments?post=4280"}],"wp:featuredmedia":[{"embeddable":true,"href":"https:\/\/longchangchemical.com\/pt\/wp-json\/wp\/v2\/media\/6391"}],"wp:attachment":[{"href":"https:\/\/longchangchemical.com\/pt\/wp-json\/wp\/v2\/media?parent=4280"}],"wp:term":[{"taxonomy":"product_brand","embeddable":true,"href":"https:\/\/longchangchemical.com\/pt\/wp-json\/wp\/v2\/product_brand?post=4280"},{"taxonomy":"product_cat","embeddable":true,"href":"https:\/\/longchangchemical.com\/pt\/wp-json\/wp\/v2\/product_cat?post=4280"},{"taxonomy":"product_tag","embeddable":true,"href":"https:\/\/longchangchemical.com\/pt\/wp-json\/wp\/v2\/product_tag?post=4280"}],"curies":[{"name":"wp","href":"https:\/\/api.w.org\/{rel}","templated":true}]}}