{"id":4276,"date":"2024-01-10T08:50:11","date_gmt":"2024-01-10T08:50:11","guid":{"rendered":"https:\/\/longchangchemical.com\/?post_type=product&#038;p=4276"},"modified":"2025-12-22T05:54:32","modified_gmt":"2025-12-22T05:54:32","slug":"tween-85-cas-9005-70-3","status":"publish","type":"product","link":"https:\/\/longchangchemical.com\/pt\/product\/tween-85-cas-9005-70-3\/","title":{"rendered":"tween 85 cas 9005-70-3"},"content":{"rendered":"<h2><strong>Propriedades t\u00edpicas do Tween 85<\/strong><\/h2>\n<table class=\"table-1\" cellspacing=\"0\">\n<tbody>\n<tr>\n<td>Apar\u00eancia<\/td>\n<td>L\u00edquido oleoso de cor amarela a \u00e2mbar<\/td>\n<\/tr>\n<tr>\n<td>Valor de acidez (KOH mg\/g)<\/td>\n<td>\u22642.0<\/td>\n<\/tr>\n<tr>\n<td>Valor de saponifica\u00e7\u00e3o (KOH mg\/g)<\/td>\n<td>83-98<\/td>\n<\/tr>\n<tr>\n<td>Valor de hidroxila (KOH mg\/g)<\/td>\n<td>40-60<\/td>\n<\/tr>\n<tr>\n<td>\u00c1gua(%)<\/td>\n<td>\u22643.0%<\/td>\n<\/tr>\n<\/tbody>\n<\/table>\n<h2><strong>Uso do Tween 85<\/strong><\/h2>\n<ol>\n<li><strong>Agente emulsificante:<\/strong> O Tween 85, com n\u00famero CAS 9005-70-3, \u00e9 comumente usado como agente emulsificante. Ele faz parte da s\u00e9rie Tween de surfactantes e \u00e9 particularmente eficaz na forma\u00e7\u00e3o de emuls\u00f5es est\u00e1veis de \u00f3leo em \u00e1gua.<\/li>\n<li><strong>Formula\u00e7\u00f5es farmac\u00eauticas:<\/strong> Esse composto \u00e9 utilizado em formula\u00e7\u00f5es farmac\u00eauticas. O Tween 85 pode ser inclu\u00eddo em determinadas formula\u00e7\u00f5es de medicamentos para aumentar a solubilidade e a biodisponibilidade, especialmente para medicamentos pouco sol\u00faveis em \u00e1gua.<\/li>\n<li><strong>Setor de alimentos e bebidas:<\/strong> O Tween 85 pode ser empregado no setor de alimentos e bebidas. Ele \u00e9 usado em determinadas formula\u00e7\u00f5es para melhorar a textura e a estabilidade de produtos, como produtos de panifica\u00e7\u00e3o e bebidas emulsionadas.<\/li>\n<li><strong>Produtos cosm\u00e9ticos:<\/strong> No setor de cosm\u00e9ticos, o Tween 85 \u00e9 usado em determinadas formula\u00e7\u00f5es. Ele pode estar presente em produtos de cuidados com a pele e cuidados pessoais para ajudar na emulsifica\u00e7\u00e3o dos ingredientes e aumentar a estabilidade do produto.<\/li>\n<\/ol>\n<h2><strong>Tween 85 Embalagem e envio<\/strong><\/h2>\n<p>Embalagem: 25 kg\/tambor, 50 kg\/tambor, 200 kg\/tambor<\/p>\n<h2><strong>Armazenamento Tween 85<\/strong><\/h2>\n<p>Armazenado em local ventilado, longe de \u00e1cidos, oxidantes e alimentos<\/p>\n<h2><strong>entre a gama de produtos<\/strong><\/h2>\n<table style=\"border-collapse: collapse; width: 270.02pt;\" border=\"0\" width=\"360\" cellspacing=\"0\" cellpadding=\"0\">\n<tbody>\n<tr style=\"height: 27.00pt;\">\n<td class=\"et2\" style=\"height: 27.00pt; width: 54.00pt;\" width=\"72\" height=\"36\">Especifica\u00e7\u00e3o<\/td>\n<td class=\"et2\" style=\"width: 54.00pt;\" width=\"72\">Entre 20<\/td>\n<td class=\"et2\" style=\"width: 54.00pt;\" width=\"72\">Entre 40<\/td>\n<td class=\"et2\" style=\"width: 54.00pt;\" width=\"72\">Entre 60<\/td>\n<td class=\"et2\" style=\"width: 54.00pt;\" width=\"72\">Tween-80<\/td>\n<\/tr>\n<tr style=\"height: 13.50pt;\">\n<td class=\"et2\" style=\"height: 13.50pt; width: 54.00pt;\" width=\"72\" height=\"18\">CAS<\/td>\n<td class=\"et2\" style=\"width: 54.00pt;\" width=\"72\">9005-64-5<\/td>\n<td class=\"et2\" style=\"width: 54.00pt;\" width=\"72\">9005-66-7<\/td>\n<td class=\"et2\" style=\"width: 54.00pt;\" width=\"72\">9005-67-8<\/td>\n<td class=\"et2\" style=\"width: 54.00pt;\" width=\"72\">9005-65-6<\/td>\n<\/tr>\n<tr style=\"height: 54.00pt;\">\n<td class=\"et2\" style=\"height: 54.00pt; width: 54.00pt;\" width=\"72\" height=\"72\">Apar\u00eancia (25\u2103)<\/td>\n<td class=\"et3\" style=\"width: 54.00pt;\" width=\"72\">L\u00edquido viscoso de cor \u00e2mbar<\/td>\n<td class=\"et3\" style=\"width: 54.00pt;\" width=\"72\">S\u00f3lido ceroso levemente amarelo<\/td>\n<td class=\"et3\" style=\"width: 54.00pt;\" width=\"72\">S\u00f3lido ceroso levemente amarelo<\/td>\n<td class=\"et3\" style=\"width: 54.00pt;\" width=\"72\">\u00d3leo viscoso de cor \u00e2mbar<\/td>\n<\/tr>\n<tr style=\"height: 40.50pt;\">\n<td class=\"et2\" style=\"height: 40.50pt; width: 54.00pt;\" width=\"72\" height=\"54\">Valor de hidroxila (mgKOH\/g)<\/td>\n<td class=\"et2\" style=\"width: 54.00pt;\" width=\"72\"><span class=\"font1\">90\uff5e110<\/span><\/td>\n<td class=\"et2\" style=\"width: 54.00pt;\" width=\"72\"><span class=\"font1\">85\uff5e100<\/span><\/td>\n<td class=\"et2\" style=\"width: 54.00pt;\" width=\"72\"><span class=\"font1\">80\uff5e105<\/span><\/td>\n<td class=\"et2\" style=\"width: 54.00pt;\" width=\"72\"><span class=\"font1\">65\uff5e82<\/span><\/td>\n<\/tr>\n<tr style=\"height: 54.00pt;\">\n<td class=\"et2\" style=\"height: 54.00pt; width: 54.00pt;\" width=\"72\" height=\"72\">Valor de saponifica\u00e7\u00e3o (mgKOH\/g)<\/td>\n<td class=\"et2\" style=\"width: 54.00pt;\" width=\"72\"><span class=\"font1\">40\uff5e50<\/span><\/td>\n<td class=\"et2\" style=\"width: 54.00pt;\" width=\"72\"><span class=\"font1\">40\uff5e55<\/span><\/td>\n<td class=\"et2\" style=\"width: 54.00pt;\" width=\"72\"><span class=\"font1\">40\uff5e55<\/span><\/td>\n<td class=\"et2\" style=\"width: 54.00pt;\" width=\"72\"><span class=\"font1\">43\uff5e55<\/span><\/td>\n<\/tr>\n<tr style=\"height: 40.50pt;\">\n<td class=\"et2\" style=\"height: 40.50pt; width: 54.00pt;\" width=\"72\" height=\"54\">Valor de acidez (mgKOH\/g)<\/td>\n<td class=\"et2\" style=\"width: 54.00pt;\" width=\"72\"><span class=\"font1\">\u22642.0<\/span><\/td>\n<td class=\"et2\" style=\"width: 54.00pt;\" width=\"72\"><span class=\"font1\">\u22642.0<\/span><\/td>\n<td class=\"et2\" style=\"width: 54.00pt;\" width=\"72\"><span class=\"font1\">\u22642.0<\/span><\/td>\n<td class=\"et2\" style=\"width: 54.00pt;\" width=\"72\"><span class=\"font1\">\u22642.0<\/span><\/td>\n<\/tr>\n<tr style=\"height: 27.00pt;\">\n<td class=\"et2\" style=\"height: 27.00pt; width: 54.00pt;\" width=\"72\" height=\"36\">Umidade (%)<\/td>\n<td class=\"et2\" style=\"width: 54.00pt;\" width=\"72\"><span class=\"font1\">\u22643<\/span><\/td>\n<td class=\"et2\" style=\"width: 54.00pt;\" width=\"72\"><span class=\"font1\">\u22643<\/span><\/td>\n<td class=\"et2\" style=\"width: 54.00pt;\" width=\"72\"><span class=\"font1\">\u22643<\/span><\/td>\n<td class=\"et2\" style=\"width: 54.00pt;\" width=\"72\"><span class=\"font1\">\u22643<\/span><\/td>\n<\/tr>\n<tr style=\"height: 13.50pt;\">\n<td class=\"et2\" style=\"height: 13.50pt; width: 54.00pt;\" width=\"72\" height=\"18\">Valor HLB<\/td>\n<td class=\"et2\" style=\"width: 54.00pt;\" width=\"72\">16.5<\/td>\n<td class=\"et2\" style=\"width: 54.00pt;\" width=\"72\">15.5<\/td>\n<td class=\"et2\" style=\"width: 54.00pt;\" width=\"72\">14.5<\/td>\n<td class=\"et2\" style=\"width: 54.00pt;\" width=\"72\">15<\/td>\n<\/tr>\n<tr style=\"height: 27.00pt;\">\n<td class=\"et2\" style=\"height: 27.00pt; width: 54.00pt;\" width=\"72\" height=\"36\">Gravidade espec\u00edfica<\/td>\n<td class=\"et2\" style=\"width: 54.00pt;\" width=\"72\"><span class=\"font1\">1.08\uff5e1.13<\/span><\/td>\n<td class=\"et2\" style=\"width: 54.00pt;\" width=\"72\"><span class=\"font1\">1.05\uff5e1.10<\/span><\/td>\n<td class=\"et2\" style=\"width: 54.00pt;\" width=\"72\"><span class=\"font1\">1.05\uff5e1.10<\/span><\/td>\n<td class=\"et2\" style=\"width: 54.00pt;\" width=\"72\"><span class=\"font1\">1.06\uff5e1.09<\/span><\/td>\n<\/tr>\n<\/tbody>\n<\/table>\n<p>&nbsp;<\/p>\n<table style=\"border-collapse: collapse; width: 550.52pt;\" border=\"0\" width=\"734\" cellspacing=\"0\" cellpadding=\"0\">\n<tbody>\n<tr style=\"height: 26.25pt;\">\n<td class=\"et2\" style=\"height: 26.25pt; width: 129.75pt;\" width=\"173\" height=\"35\">Especifica\u00e7\u00f5es<\/td>\n<td class=\"et2\" style=\"width: 420.75pt;\" width=\"561\">Desempenho e especifica\u00e7\u00f5es<\/td>\n<\/tr>\n<tr style=\"height: 155.25pt;\">\n<td class=\"et3\" style=\"height: 224.25pt; width: 129.75pt;\" rowspan=\"3\" width=\"173\" height=\"299\"><span class=\"font2\">T-20<\/span><\/td>\n<td class=\"et4\" style=\"width: 420.75pt;\" width=\"561\">1\u3001\u00c9 facilmente sol\u00favel em \u00e1gua, metanol, etanol, isopropanol e outros solventes, insol\u00favel em \u00f3leo m\u00f3vel e mineral, com propriedades de emulsifica\u00e7\u00e3o, difus\u00e3o, solubiliza\u00e7\u00e3o, estabiliza\u00e7\u00e3o e outras.<\/td>\n<\/tr>\n<tr style=\"height: 27.75pt;\">\n<td class=\"et5\" style=\"width: 420.75pt;\" width=\"561\">2 \u3001 Esse produto \u00e9 inofensivo para o corpo humano, n\u00e3o causa irrita\u00e7\u00e3o e, na ind\u00fastria aliment\u00edcia, \u00e9 usado principalmente para a produ\u00e7\u00e3o de bolos, sorvetes, gorduras e outros produtos.<\/td>\n<\/tr>\n<tr style=\"height: 41.25pt;\">\n<td class=\"et6\" style=\"width: 420.75pt;\" width=\"561\">3 \u3001 Em outros aspectos, pode ser usado como emulsificante de \u00f3leo mineral, solvente de corantes, emulsificante de cosm\u00e9ticos, estabilizador de espuma, emulsificante, difusor e estabilizador de produtos farmac\u00eauticos e agente auxiliar de fotoemuls\u00e3o.<\/td>\n<\/tr>\n<tr style=\"height: 41.25pt;\">\n<td class=\"et3\" style=\"height: 41.25pt; width: 129.75pt;\" width=\"173\" height=\"55\"><span class=\"font2\">T-40<\/span><\/td>\n<td class=\"et3\" style=\"width: 420.75pt;\" width=\"561\">1, facilmente sol\u00favel em \u00e1gua, metanol, etanol, isopropanol e outros solventes, insol\u00favel em \u00f3leo din\u00e2mico e mineral, usado como emulsificante do tipo o\/w, solubilizante, estabilizador, agente de difus\u00e3o, agente antiest\u00e1tico e lubrificante.<\/td>\n<\/tr>\n<tr style=\"height: 180.75pt;\">\n<td class=\"et3\" style=\"height: 263.25pt; width: 129.75pt;\" rowspan=\"3\" width=\"173\" height=\"351\"><span class=\"font2\">T-60<\/span><\/td>\n<td class=\"et4\" style=\"width: 420.75pt;\" width=\"561\">1, sol\u00favel em \u00e1gua, metanol, etanol, isopropanol e outros solventes, insol\u00favel em \u00f3leo din\u00e2mico e mineral, tem excelentes propriedades emulsificantes, umectantes, espumantes, de difus\u00e3o e outros efeitos.<\/td>\n<\/tr>\n<tr style=\"height: 27.75pt;\">\n<td class=\"et5\" style=\"width: 420.75pt;\" width=\"561\">2\u3001Usado como emulsificante do tipo o\/w, dispersante, estabilizador, usado em alimentos, medicamentos, cosm\u00e9ticos e na fabrica\u00e7\u00e3o de tintas \u00e0 base de \u00e1gua.<\/td>\n<\/tr>\n<tr style=\"height: 54.75pt;\">\n<td class=\"et6\" style=\"width: 420.75pt;\" width=\"561\">3\u3001Usado como amaciante e agente antiest\u00e1tico na ind\u00fastria t\u00eaxtil, \u00e9 o amaciante do componente de \u00f3leo de fia\u00e7\u00e3o de poliacrilonitrila e do p\u00f3s-processamento da fibra, o que pode fazer com que a fibra elimine a eletricidade est\u00e1tica, melhore sua maciez e proporcione \u00e0 fibra um bom desempenho de tingimento.<\/td>\n<\/tr>\n<tr style=\"height: 193.50pt;\">\n<td class=\"et3\" style=\"height: 316.50pt; width: 129.75pt;\" rowspan=\"3\" width=\"173\" height=\"422\"><span class=\"font2\">T-80<\/span><\/td>\n<td class=\"et4\" style=\"width: 420.75pt;\" width=\"561\">1, sol\u00favel em \u00e1gua, metanol, etanol, insol\u00favel em \u00f3leo mineral, usado como emulsificante, dispersante, agente umectante, solubilizante, estabilizador, usado em medicina, cosm\u00e9ticos, alimentos e outros setores.<\/td>\n<\/tr>\n<tr style=\"height: 81.75pt;\">\n<td class=\"et5\" style=\"width: 420.75pt;\" width=\"561\">2, na produ\u00e7\u00e3o de espuma de poliuretano, usado como estabilizador, agente espumante; em fibras sint\u00e9ticas, pode ser usado como agente antiest\u00e1tico, \u00e9 o intermedi\u00e1rio de \u00f3leos qu\u00edmicos de fibras; na produ\u00e7\u00e3o de materiais fotogr\u00e1ficos, usado como agente umectante e dispersante no filme; no processo de impermeabiliza\u00e7\u00e3o de tecidos por \u00f3leo de silicone emulsionado, com bons resultados, tamb\u00e9m usado em cord\u00f5es de n\u00e1ilon e viscose como agente de \u00f3leo e emulsificante sol\u00favel em \u00e1gua, geralmente misturado com S-80.<\/td>\n<\/tr>\n<tr style=\"height: 41.25pt;\">\n<td class=\"et6\" style=\"width: 420.75pt;\" width=\"561\">3 \u3001 \u00c9 usado como emulsificante, agente anticera, umectante de \u00f3leo espesso, agente redutor de arrasto, agente de tratamento de zona pr\u00f3xima ao po\u00e7o em campos de petr\u00f3leo; \u00e9 usado como refrigerante lubrificante para modula\u00e7\u00e3o de m\u00e1quinas-ferramenta de precis\u00e3o.<\/td>\n<\/tr>\n<\/tbody>\n<\/table>\n<h2><strong><b>Entre em contato conosco agora!<\/b><\/strong><\/h2>\n<h4><strong><b>Se precisar de COA, MSDS ou TDS, preencha suas informa\u00e7\u00f5es de contato no formul\u00e1rio abaixo. Normalmente, entraremos em contato em 24 horas. Voc\u00ea tamb\u00e9m pode me enviar um e-mail <span style=\"color: #0000ff;\"><a style=\"color: #0000ff;\" href=\"mailto:info@longchangchemical.com\">info@longchangchemical.com<\/a><\/span> durante o hor\u00e1rio comercial (das 8h30 \u00e0s 18h UTC+8 de segunda a s\u00e1bado) ou use o bate-papo ao vivo do site para obter uma resposta imediata.<\/b><\/strong><\/h4>","protected":false},"excerpt":{"rendered":"<h2><strong>Detalhes do Tween 85<\/strong><\/h2>\n<p>Nome qu\u00edmico: Tween 85<\/p>\n<p>N\u00famero CAS: 9005-70-3<\/p>\n<p>F\u00f3rmula molecular: CH4<\/p>\n<p>Peso molecular: 16,04246<\/p>\n<p>Estrutura molecular:<img decoding=\"async\" title=\"Tween 85 CAS 9005-70-3\" src=\"https:\/\/www.longchangchemical.com\/wp-content\/uploads\/product-details\/20200610277044.png\" alt=\"Tween 85 CAS 9005-70-3\" \/><\/p>\n<p>Apar\u00eancia: L\u00edquido oleoso amarelo a \u00e2mbar<\/p>","protected":false},"featured_media":6398,"comment_status":"open","ping_status":"closed","template":"","meta":[],"product_brand":[],"product_cat":[69],"product_tag":[],"class_list":{"0":"post-4276","1":"product","2":"type-product","3":"status-publish","4":"has-post-thumbnail","6":"product_cat-catalysts-chemical-auxiliary-agents","8":"first","9":"instock","10":"shipping-taxable","11":"product-type-simple"},"yoast_head":"<!-- This site is optimized with the Yoast SEO plugin v25.3.1 - https:\/\/yoast.com\/wordpress\/plugins\/seo\/ -->\n<title>China Tween 85 Manufacturer CAS 9005-70-3 -Longchang Chemical<\/title>\n<meta name=\"description\" content=\"tween 85 cas 9005-70-3 is key product of Longchang Chemical. We provide best price. We are the leading manufacturer and supplier in China with the best quanlity and competitive price.\" \/>\n<meta name=\"robots\" content=\"index, follow, max-snippet:-1, max-image-preview:large, max-video-preview:-1\" \/>\n<link rel=\"canonical\" href=\"https:\/\/longchangchemical.com\/pt\/product\/tween-85-cas-9005-70-3\/\" \/>\n<meta property=\"og:locale\" content=\"pt_BR\" \/>\n<meta property=\"og:type\" content=\"article\" \/>\n<meta property=\"og:title\" content=\"China Tween 85 Manufacturer CAS 9005-70-3 -Longchang Chemical\" \/>\n<meta property=\"og:description\" content=\"tween 85 cas 9005-70-3 is key product of Longchang Chemical. We provide best price. We are the leading manufacturer and supplier in China with the best quanlity and competitive price.\" \/>\n<meta property=\"og:url\" content=\"https:\/\/longchangchemical.com\/pt\/product\/tween-85-cas-9005-70-3\/\" \/>\n<meta property=\"og:site_name\" content=\"Longchang Chemical\" \/>\n<meta property=\"article:modified_time\" content=\"2025-12-22T05:54:32+00:00\" \/>\n<meta property=\"og:image\" content=\"https:\/\/longchangchemical.com\/wp-content\/uploads\/2021\/01\/5.jpg\" \/>\n\t<meta property=\"og:image:width\" content=\"800\" \/>\n\t<meta property=\"og:image:height\" content=\"800\" \/>\n\t<meta property=\"og:image:type\" content=\"image\/jpeg\" \/>\n<meta name=\"twitter:card\" content=\"summary_large_image\" \/>\n<script type=\"application\/ld+json\" class=\"yoast-schema-graph\">{\"@context\":\"https:\/\/schema.org\",\"@graph\":[{\"@type\":\"WebPage\",\"@id\":\"https:\/\/longchangchemical.com\/product\/tween-85-cas-9005-70-3\/\",\"url\":\"https:\/\/longchangchemical.com\/product\/tween-85-cas-9005-70-3\/\",\"name\":\"China Tween 85 Manufacturer CAS 9005-70-3 -Longchang Chemical\",\"isPartOf\":{\"@id\":\"https:\/\/longchangchemical.com\/#website\"},\"primaryImageOfPage\":{\"@id\":\"https:\/\/longchangchemical.com\/product\/tween-85-cas-9005-70-3\/#primaryimage\"},\"image\":{\"@id\":\"https:\/\/longchangchemical.com\/product\/tween-85-cas-9005-70-3\/#primaryimage\"},\"thumbnailUrl\":\"https:\/\/longchangchemical.com\/wp-content\/uploads\/2021\/01\/5.jpg\",\"datePublished\":\"2024-01-10T08:50:11+00:00\",\"dateModified\":\"2025-12-22T05:54:32+00:00\",\"description\":\"tween 85 cas 9005-70-3 is key product of Longchang Chemical. We provide best price. We are the leading manufacturer and supplier in China with the best quanlity and competitive price.\",\"breadcrumb\":{\"@id\":\"https:\/\/longchangchemical.com\/product\/tween-85-cas-9005-70-3\/#breadcrumb\"},\"inLanguage\":\"pt-BR\",\"potentialAction\":[{\"@type\":\"ReadAction\",\"target\":[\"https:\/\/longchangchemical.com\/product\/tween-85-cas-9005-70-3\/\"]}]},{\"@type\":\"ImageObject\",\"inLanguage\":\"pt-BR\",\"@id\":\"https:\/\/longchangchemical.com\/product\/tween-85-cas-9005-70-3\/#primaryimage\",\"url\":\"https:\/\/longchangchemical.com\/wp-content\/uploads\/2021\/01\/5.jpg\",\"contentUrl\":\"https:\/\/longchangchemical.com\/wp-content\/uploads\/2021\/01\/5.jpg\",\"width\":800,\"height\":800,\"caption\":\"tween 85 cas 9005-70-3\"},{\"@type\":\"BreadcrumbList\",\"@id\":\"https:\/\/longchangchemical.com\/product\/tween-85-cas-9005-70-3\/#breadcrumb\",\"itemListElement\":[{\"@type\":\"ListItem\",\"position\":1,\"name\":\"Home\",\"item\":\"https:\/\/longchangchemical.com\/\"},{\"@type\":\"ListItem\",\"position\":2,\"name\":\"Products Longchang\",\"item\":\"https:\/\/longchangchemical.com\/product\/\"},{\"@type\":\"ListItem\",\"position\":3,\"name\":\"tween 85 cas 9005-70-3\"}]},{\"@type\":\"WebSite\",\"@id\":\"https:\/\/longchangchemical.com\/#website\",\"url\":\"https:\/\/longchangchemical.com\/\",\"name\":\"Longchang Chemical\",\"description\":\"China chemical manufacturer \uff06 supplier\",\"publisher\":{\"@id\":\"https:\/\/longchangchemical.com\/#organization\"},\"potentialAction\":[{\"@type\":\"SearchAction\",\"target\":{\"@type\":\"EntryPoint\",\"urlTemplate\":\"https:\/\/longchangchemical.com\/?s={search_term_string}\"},\"query-input\":{\"@type\":\"PropertyValueSpecification\",\"valueRequired\":true,\"valueName\":\"search_term_string\"}}],\"inLanguage\":\"pt-BR\"},{\"@type\":\"Organization\",\"@id\":\"https:\/\/longchangchemical.com\/#organization\",\"name\":\"Longchang Chemical\",\"url\":\"https:\/\/longchangchemical.com\/\",\"logo\":{\"@type\":\"ImageObject\",\"inLanguage\":\"pt-BR\",\"@id\":\"https:\/\/longchangchemical.com\/#\/schema\/logo\/image\/\",\"url\":\"https:\/\/longchangchemical.com\/wp-content\/uploads\/2020\/08\/cropped-longchang-logo.png\",\"contentUrl\":\"https:\/\/longchangchemical.com\/wp-content\/uploads\/2020\/08\/cropped-longchang-logo.png\",\"width\":512,\"height\":512,\"caption\":\"Longchang Chemical\"},\"image\":{\"@id\":\"https:\/\/longchangchemical.com\/#\/schema\/logo\/image\/\"}}]}<\/script>\n<!-- \/ Yoast SEO plugin. -->","yoast_head_json":{"title":"Fabricante de Tween 85 na China CAS 9005-70-3 - Longchang Chemical","description":"O tween 85 cas 9005-70-3 \u00e9 o principal produto da Longchang Chemical. Oferecemos o melhor pre\u00e7o. Somos o principal fabricante e fornecedor da China, com a melhor qualidade e pre\u00e7o competitivo.","robots":{"index":"index","follow":"follow","max-snippet":"max-snippet:-1","max-image-preview":"max-image-preview:large","max-video-preview":"max-video-preview:-1"},"canonical":"https:\/\/longchangchemical.com\/pt\/product\/tween-85-cas-9005-70-3\/","og_locale":"pt_BR","og_type":"article","og_title":"China Tween 85 Manufacturer CAS 9005-70-3 -Longchang Chemical","og_description":"tween 85 cas 9005-70-3 is key product of Longchang Chemical. We provide best price. We are the leading manufacturer and supplier in China with the best quanlity and competitive price.","og_url":"https:\/\/longchangchemical.com\/pt\/product\/tween-85-cas-9005-70-3\/","og_site_name":"Longchang Chemical","article_modified_time":"2025-12-22T05:54:32+00:00","og_image":[{"width":800,"height":800,"url":"https:\/\/longchangchemical.com\/wp-content\/uploads\/2021\/01\/5.jpg","type":"image\/jpeg"}],"twitter_card":"summary_large_image","schema":{"@context":"https:\/\/schema.org","@graph":[{"@type":"WebPage","@id":"https:\/\/longchangchemical.com\/product\/tween-85-cas-9005-70-3\/","url":"https:\/\/longchangchemical.com\/product\/tween-85-cas-9005-70-3\/","name":"Fabricante de Tween 85 na China CAS 9005-70-3 - Longchang Chemical","isPartOf":{"@id":"https:\/\/longchangchemical.com\/#website"},"primaryImageOfPage":{"@id":"https:\/\/longchangchemical.com\/product\/tween-85-cas-9005-70-3\/#primaryimage"},"image":{"@id":"https:\/\/longchangchemical.com\/product\/tween-85-cas-9005-70-3\/#primaryimage"},"thumbnailUrl":"https:\/\/longchangchemical.com\/wp-content\/uploads\/2021\/01\/5.jpg","datePublished":"2024-01-10T08:50:11+00:00","dateModified":"2025-12-22T05:54:32+00:00","description":"O tween 85 cas 9005-70-3 \u00e9 o principal produto da Longchang Chemical. Oferecemos o melhor pre\u00e7o. Somos o principal fabricante e fornecedor da China, com a melhor qualidade e pre\u00e7o competitivo.","breadcrumb":{"@id":"https:\/\/longchangchemical.com\/product\/tween-85-cas-9005-70-3\/#breadcrumb"},"inLanguage":"pt-BR","potentialAction":[{"@type":"ReadAction","target":["https:\/\/longchangchemical.com\/product\/tween-85-cas-9005-70-3\/"]}]},{"@type":"ImageObject","inLanguage":"pt-BR","@id":"https:\/\/longchangchemical.com\/product\/tween-85-cas-9005-70-3\/#primaryimage","url":"https:\/\/longchangchemical.com\/wp-content\/uploads\/2021\/01\/5.jpg","contentUrl":"https:\/\/longchangchemical.com\/wp-content\/uploads\/2021\/01\/5.jpg","width":800,"height":800,"caption":"tween 85 cas 9005-70-3"},{"@type":"BreadcrumbList","@id":"https:\/\/longchangchemical.com\/product\/tween-85-cas-9005-70-3\/#breadcrumb","itemListElement":[{"@type":"ListItem","position":1,"name":"Home","item":"https:\/\/longchangchemical.com\/"},{"@type":"ListItem","position":2,"name":"Products Longchang","item":"https:\/\/longchangchemical.com\/product\/"},{"@type":"ListItem","position":3,"name":"tween 85 cas 9005-70-3"}]},{"@type":"WebSite","@id":"https:\/\/longchangchemical.com\/#website","url":"https:\/\/longchangchemical.com\/","name":"Qu\u00edmica Longchang","description":"Fabricante de produtos qu\u00edmicos na China \uff06 fornecedor","publisher":{"@id":"https:\/\/longchangchemical.com\/#organization"},"potentialAction":[{"@type":"SearchAction","target":{"@type":"EntryPoint","urlTemplate":"https:\/\/longchangchemical.com\/?s={search_term_string}"},"query-input":{"@type":"PropertyValueSpecification","valueRequired":true,"valueName":"search_term_string"}}],"inLanguage":"pt-BR"},{"@type":"Organization","@id":"https:\/\/longchangchemical.com\/#organization","name":"Qu\u00edmica Longchang","url":"https:\/\/longchangchemical.com\/","logo":{"@type":"ImageObject","inLanguage":"pt-BR","@id":"https:\/\/longchangchemical.com\/#\/schema\/logo\/image\/","url":"https:\/\/longchangchemical.com\/wp-content\/uploads\/2020\/08\/cropped-longchang-logo.png","contentUrl":"https:\/\/longchangchemical.com\/wp-content\/uploads\/2020\/08\/cropped-longchang-logo.png","width":512,"height":512,"caption":"Longchang Chemical"},"image":{"@id":"https:\/\/longchangchemical.com\/#\/schema\/logo\/image\/"}}]}},"_links":{"self":[{"href":"https:\/\/longchangchemical.com\/pt\/wp-json\/wp\/v2\/product\/4276","targetHints":{"allow":["GET"]}}],"collection":[{"href":"https:\/\/longchangchemical.com\/pt\/wp-json\/wp\/v2\/product"}],"about":[{"href":"https:\/\/longchangchemical.com\/pt\/wp-json\/wp\/v2\/types\/product"}],"replies":[{"embeddable":true,"href":"https:\/\/longchangchemical.com\/pt\/wp-json\/wp\/v2\/comments?post=4276"}],"wp:featuredmedia":[{"embeddable":true,"href":"https:\/\/longchangchemical.com\/pt\/wp-json\/wp\/v2\/media\/6398"}],"wp:attachment":[{"href":"https:\/\/longchangchemical.com\/pt\/wp-json\/wp\/v2\/media?parent=4276"}],"wp:term":[{"taxonomy":"product_brand","embeddable":true,"href":"https:\/\/longchangchemical.com\/pt\/wp-json\/wp\/v2\/product_brand?post=4276"},{"taxonomy":"product_cat","embeddable":true,"href":"https:\/\/longchangchemical.com\/pt\/wp-json\/wp\/v2\/product_cat?post=4276"},{"taxonomy":"product_tag","embeddable":true,"href":"https:\/\/longchangchemical.com\/pt\/wp-json\/wp\/v2\/product_tag?post=4276"}],"curies":[{"name":"wp","href":"https:\/\/api.w.org\/{rel}","templated":true}]}}