{"id":4244,"date":"2024-01-12T06:03:03","date_gmt":"2024-01-12T06:03:03","guid":{"rendered":"https:\/\/longchangchemical.com\/?post_type=product&#038;p=4244"},"modified":"2024-04-28T05:45:13","modified_gmt":"2024-04-28T05:45:13","slug":"terpineol-cas-98-55-5","status":"publish","type":"product","link":"https:\/\/longchangchemical.com\/pt\/product\/terpineol-cas-98-55-5\/","title":{"rendered":"\u03b1-terpineol \/ \u03b2-terpineol \/ \u03b3-terpineol CAS 98-55-5 E 8000-41-7"},"content":{"rendered":"<h2>\u03b1-terpineol \/ \u03b2-terpineol \/ \u03b3-terpineol CAS 98-55-5 E 8000-41-7<\/h2>\n<table width=\"342\">\n<tbody>\n<tr>\n<td width=\"129\">Apar\u00eancia<\/td>\n<td width=\"213\">L\u00edquido viscoso incolor<\/td>\n<\/tr>\n<tr>\n<td width=\"129\">Odor<\/td>\n<td width=\"213\">cravo<\/td>\n<\/tr>\n<tr>\n<td width=\"129\">Pureza %<\/td>\n<td width=\"213\">\u2267 96.0<\/td>\n<\/tr>\n<tr>\n<td width=\"129\">Densidade (D420)<\/td>\n<td width=\"213\">0.931-0.938<\/td>\n<\/tr>\n<tr>\n<td width=\"129\">\u00cdndice de refra\u00e7\u00e3o (20\u2103)<\/td>\n<td width=\"213\">1.4825-1.4855<\/td>\n<\/tr>\n<\/tbody>\n<\/table>\n<h2><strong>Uso do \u03b1-Terpineol<\/strong><\/h2>\n<ol>\n<li>O principal ingrediente da ess\u00eancia do tipo lil\u00e1s<\/li>\n<li>Tem forte resist\u00eancia a \u00e1lcalis e \u00e9 adequado para ess\u00eancia de sab\u00e3o.<\/li>\n<li>Seu acetato tem aroma de cidra e lavanda e \u00e9 usado para a prepara\u00e7\u00e3o de aromas.<\/li>\n<li>Usado em medicina, pesticidas, pl\u00e1sticos, sab\u00e3o, tinta, instrumenta\u00e7\u00e3o e ind\u00fastria de telecomunica\u00e7\u00f5es como um excelente solvente para cores em artigos de vidro.<\/li>\n<li><strong>Setor de aromas e fragr\u00e2ncias:<\/strong> O \u03b1-Terpineol, com o n\u00famero CAS 98-55-5, \u00e9 comumente usado no setor de aromas e fragr\u00e2ncias. Ele contribui para a formula\u00e7\u00e3o de aromas e sabores espec\u00edficos, proporcionando um aroma fresco e caracter\u00edstico.<\/li>\n<li><strong>Cosm\u00e9ticos e produtos de cuidados pessoais:<\/strong> Esse composto encontra aplica\u00e7\u00f5es em cosm\u00e9ticos e produtos de cuidados pessoais. O \u03b1-Terpineol \u00e9 usado por sua fragr\u00e2ncia agrad\u00e1vel e pode ser inclu\u00eddo em formula\u00e7\u00f5es como perfumes, lo\u00e7\u00f5es e sabonetes.<\/li>\n<li><strong>Produtos farmac\u00eauticos:<\/strong> O \u03b1-Terpineol \u00e9 utilizado na ind\u00fastria farmac\u00eautica. Ele pode ser inclu\u00eddo em determinadas formula\u00e7\u00f5es de medicamentos e produtos farmac\u00eauticos, desempenhando um papel na qu\u00edmica medicinal.<\/li>\n<li><strong>Aplica\u00e7\u00f5es industriais:<\/strong> Em determinadas aplica\u00e7\u00f5es industriais, o \u03b1-Terpineol pode ser empregado. Ele pode ser usado na formula\u00e7\u00e3o de produtos industriais em que suas propriedades s\u00e3o ben\u00e9ficas.<\/li>\n<\/ol>\n<h2><strong>\u03b1-TerpineolEmbalagem e remessa<\/strong><\/h2>\n<p>18 kg\/tambor<\/p>\n<h2><strong>Armazenamento de \u03b1-Terpineol<\/strong><\/h2>\n<p>Armazenado em um cont\u00eainer lacrado em um dep\u00f3sito fresco e ventilado<\/p>\n<h2><strong><b>Entre em contato conosco agora!<\/b><\/strong><\/h2>\n<h4><strong><b>Se precisar de COA, MSDS ou TDS, preencha suas informa\u00e7\u00f5es de contato no formul\u00e1rio abaixo. Normalmente, entraremos em contato em 24 horas. Voc\u00ea tamb\u00e9m pode me enviar um e-mail <span style=\"color: #0000ff;\"><a style=\"color: #0000ff;\" href=\"mailto:info@longchangchemical.com\">info@longchangchemical.com<\/a><\/span> durante o hor\u00e1rio comercial (das 8h30 \u00e0s 18h UTC+8 de segunda a s\u00e1bado) ou use o bate-papo ao vivo do site para obter uma resposta imediata.<\/b><\/strong><\/h4>","protected":false},"excerpt":{"rendered":"<p>Nome qu\u00edmico: \u03b1-terpineol \/ \u03b2-terpineol \/ \u03b3-terpineol<br \/>\nN\u00famero CAS: 98-55-5<br \/>\nF\u00f3rmula molecular: C10H18O<\/p>\n<p>Estrutura molecular:<img decoding=\"async\" title=\"Estrutura do \u03b1-Terpineol\" src=\"https:\/\/www.longchangchemical.com\/wp-content\/uploads\/product-details\/20200611164524.png\" alt=\"Estrutura do \u03b1-Terpineol\" width=\"219\" height=\"113\" border=\"0\" vspace=\"0\" \/><\/p>\n<p>Peso molecular: 154,25<\/p>\n<p>Apar\u00eancia: L\u00edquido viscoso incolor ou cristal branco<\/p>\n<p>Ensaio: 98,0 %min<\/p>","protected":false},"featured_media":6442,"comment_status":"open","ping_status":"closed","template":"","meta":[],"product_brand":[],"product_cat":[69],"product_tag":[],"class_list":{"0":"post-4244","1":"product","2":"type-product","3":"status-publish","4":"has-post-thumbnail","6":"product_cat-catalysts-chemical-auxiliary-agents","8":"first","9":"instock","10":"shipping-taxable","11":"product-type-simple"},"yoast_head":"<!-- This site is optimized with the Yoast SEO plugin v25.3.1 - https:\/\/yoast.com\/wordpress\/plugins\/seo\/ -->\n<title>China alpha-Terpineol Manufacturer CAS 98-55-5 and 8000-41-7 -Longchang Chemical<\/title>\n<meta name=\"description\" content=\"\u03b1-terpineol cas 98-55-5 is key product of Longchang Chemical. We provide best price. We are the leading manufacturer and supplier in China with the best quanlity and competitive price.\" \/>\n<meta name=\"robots\" content=\"index, follow, max-snippet:-1, max-image-preview:large, max-video-preview:-1\" \/>\n<link rel=\"canonical\" href=\"https:\/\/longchangchemical.com\/pt\/product\/terpineol-cas-98-55-5\/\" \/>\n<meta property=\"og:locale\" content=\"pt_BR\" \/>\n<meta property=\"og:type\" content=\"article\" \/>\n<meta property=\"og:title\" content=\"China alpha-Terpineol Manufacturer CAS 98-55-5 and 8000-41-7 -Longchang Chemical\" \/>\n<meta property=\"og:description\" content=\"\u03b1-terpineol cas 98-55-5 is key product of Longchang Chemical. We provide best price. We are the leading manufacturer and supplier in China with the best quanlity and competitive price.\" \/>\n<meta property=\"og:url\" content=\"https:\/\/longchangchemical.com\/pt\/product\/terpineol-cas-98-55-5\/\" \/>\n<meta property=\"og:site_name\" content=\"Longchang Chemical\" \/>\n<meta property=\"article:modified_time\" content=\"2024-04-28T05:45:13+00:00\" \/>\n<meta property=\"og:image\" content=\"https:\/\/longchangchemical.com\/wp-content\/uploads\/2021\/01\/9-1.jpg\" \/>\n\t<meta property=\"og:image:width\" content=\"800\" \/>\n\t<meta property=\"og:image:height\" content=\"800\" \/>\n\t<meta property=\"og:image:type\" content=\"image\/jpeg\" \/>\n<meta name=\"twitter:card\" content=\"summary_large_image\" \/>\n<script type=\"application\/ld+json\" class=\"yoast-schema-graph\">{\"@context\":\"https:\/\/schema.org\",\"@graph\":[{\"@type\":\"WebPage\",\"@id\":\"https:\/\/longchangchemical.com\/product\/terpineol-cas-98-55-5\/\",\"url\":\"https:\/\/longchangchemical.com\/product\/terpineol-cas-98-55-5\/\",\"name\":\"China alpha-Terpineol Manufacturer CAS 98-55-5 and 8000-41-7 -Longchang Chemical\",\"isPartOf\":{\"@id\":\"https:\/\/longchangchemical.com\/#website\"},\"primaryImageOfPage\":{\"@id\":\"https:\/\/longchangchemical.com\/product\/terpineol-cas-98-55-5\/#primaryimage\"},\"image\":{\"@id\":\"https:\/\/longchangchemical.com\/product\/terpineol-cas-98-55-5\/#primaryimage\"},\"thumbnailUrl\":\"https:\/\/longchangchemical.com\/wp-content\/uploads\/2021\/01\/9-1.jpg\",\"datePublished\":\"2024-01-12T06:03:03+00:00\",\"dateModified\":\"2024-04-28T05:45:13+00:00\",\"description\":\"\u03b1-terpineol cas 98-55-5 is key product of Longchang Chemical. We provide best price. We are the leading manufacturer and supplier in China with the best quanlity and competitive price.\",\"breadcrumb\":{\"@id\":\"https:\/\/longchangchemical.com\/product\/terpineol-cas-98-55-5\/#breadcrumb\"},\"inLanguage\":\"pt-BR\",\"potentialAction\":[{\"@type\":\"ReadAction\",\"target\":[\"https:\/\/longchangchemical.com\/product\/terpineol-cas-98-55-5\/\"]}]},{\"@type\":\"ImageObject\",\"inLanguage\":\"pt-BR\",\"@id\":\"https:\/\/longchangchemical.com\/product\/terpineol-cas-98-55-5\/#primaryimage\",\"url\":\"https:\/\/longchangchemical.com\/wp-content\/uploads\/2021\/01\/9-1.jpg\",\"contentUrl\":\"https:\/\/longchangchemical.com\/wp-content\/uploads\/2021\/01\/9-1.jpg\",\"width\":800,\"height\":800,\"caption\":\"\u03b1-terpineol cas 98-55-5\"},{\"@type\":\"BreadcrumbList\",\"@id\":\"https:\/\/longchangchemical.com\/product\/terpineol-cas-98-55-5\/#breadcrumb\",\"itemListElement\":[{\"@type\":\"ListItem\",\"position\":1,\"name\":\"Home\",\"item\":\"https:\/\/longchangchemical.com\/\"},{\"@type\":\"ListItem\",\"position\":2,\"name\":\"Products Longchang\",\"item\":\"https:\/\/longchangchemical.com\/product\/\"},{\"@type\":\"ListItem\",\"position\":3,\"name\":\"\u03b1-terpineol \/ \u03b2-terpineol \/ \u03b3-terpineol CAS 98-55-5 AND 8000-41-7\"}]},{\"@type\":\"WebSite\",\"@id\":\"https:\/\/longchangchemical.com\/#website\",\"url\":\"https:\/\/longchangchemical.com\/\",\"name\":\"Longchang Chemical\",\"description\":\"China chemical manufacturer \uff06 supplier\",\"publisher\":{\"@id\":\"https:\/\/longchangchemical.com\/#organization\"},\"potentialAction\":[{\"@type\":\"SearchAction\",\"target\":{\"@type\":\"EntryPoint\",\"urlTemplate\":\"https:\/\/longchangchemical.com\/?s={search_term_string}\"},\"query-input\":{\"@type\":\"PropertyValueSpecification\",\"valueRequired\":true,\"valueName\":\"search_term_string\"}}],\"inLanguage\":\"pt-BR\"},{\"@type\":\"Organization\",\"@id\":\"https:\/\/longchangchemical.com\/#organization\",\"name\":\"Longchang Chemical\",\"url\":\"https:\/\/longchangchemical.com\/\",\"logo\":{\"@type\":\"ImageObject\",\"inLanguage\":\"pt-BR\",\"@id\":\"https:\/\/longchangchemical.com\/#\/schema\/logo\/image\/\",\"url\":\"https:\/\/longchangchemical.com\/wp-content\/uploads\/2020\/08\/cropped-longchang-logo.png\",\"contentUrl\":\"https:\/\/longchangchemical.com\/wp-content\/uploads\/2020\/08\/cropped-longchang-logo.png\",\"width\":512,\"height\":512,\"caption\":\"Longchang Chemical\"},\"image\":{\"@id\":\"https:\/\/longchangchemical.com\/#\/schema\/logo\/image\/\"}}]}<\/script>\n<!-- \/ Yoast SEO plugin. -->","yoast_head_json":{"title":"Fabricante de alfa-terpineol na China CAS 98-55-5 e 8000-41-7 - Longchang Chemical","description":"O \u03b1-terpineol cas 98-55-5 \u00e9 o principal produto da Longchang Chemical. Oferecemos o melhor pre\u00e7o. Somos o principal fabricante e fornecedor da China, com a melhor qualidade e pre\u00e7o competitivo.","robots":{"index":"index","follow":"follow","max-snippet":"max-snippet:-1","max-image-preview":"max-image-preview:large","max-video-preview":"max-video-preview:-1"},"canonical":"https:\/\/longchangchemical.com\/pt\/product\/terpineol-cas-98-55-5\/","og_locale":"pt_BR","og_type":"article","og_title":"China alpha-Terpineol Manufacturer CAS 98-55-5 and 8000-41-7 -Longchang Chemical","og_description":"\u03b1-terpineol cas 98-55-5 is key product of Longchang Chemical. We provide best price. We are the leading manufacturer and supplier in China with the best quanlity and competitive price.","og_url":"https:\/\/longchangchemical.com\/pt\/product\/terpineol-cas-98-55-5\/","og_site_name":"Longchang Chemical","article_modified_time":"2024-04-28T05:45:13+00:00","og_image":[{"width":800,"height":800,"url":"https:\/\/longchangchemical.com\/wp-content\/uploads\/2021\/01\/9-1.jpg","type":"image\/jpeg"}],"twitter_card":"summary_large_image","schema":{"@context":"https:\/\/schema.org","@graph":[{"@type":"WebPage","@id":"https:\/\/longchangchemical.com\/product\/terpineol-cas-98-55-5\/","url":"https:\/\/longchangchemical.com\/product\/terpineol-cas-98-55-5\/","name":"Fabricante de alfa-terpineol na China CAS 98-55-5 e 8000-41-7 - Longchang Chemical","isPartOf":{"@id":"https:\/\/longchangchemical.com\/#website"},"primaryImageOfPage":{"@id":"https:\/\/longchangchemical.com\/product\/terpineol-cas-98-55-5\/#primaryimage"},"image":{"@id":"https:\/\/longchangchemical.com\/product\/terpineol-cas-98-55-5\/#primaryimage"},"thumbnailUrl":"https:\/\/longchangchemical.com\/wp-content\/uploads\/2021\/01\/9-1.jpg","datePublished":"2024-01-12T06:03:03+00:00","dateModified":"2024-04-28T05:45:13+00:00","description":"O \u03b1-terpineol cas 98-55-5 \u00e9 o principal produto da Longchang Chemical. Oferecemos o melhor pre\u00e7o. Somos o principal fabricante e fornecedor da China, com a melhor qualidade e pre\u00e7o competitivo.","breadcrumb":{"@id":"https:\/\/longchangchemical.com\/product\/terpineol-cas-98-55-5\/#breadcrumb"},"inLanguage":"pt-BR","potentialAction":[{"@type":"ReadAction","target":["https:\/\/longchangchemical.com\/product\/terpineol-cas-98-55-5\/"]}]},{"@type":"ImageObject","inLanguage":"pt-BR","@id":"https:\/\/longchangchemical.com\/product\/terpineol-cas-98-55-5\/#primaryimage","url":"https:\/\/longchangchemical.com\/wp-content\/uploads\/2021\/01\/9-1.jpg","contentUrl":"https:\/\/longchangchemical.com\/wp-content\/uploads\/2021\/01\/9-1.jpg","width":800,"height":800,"caption":"\u03b1-terpineol cas 98-55-5"},{"@type":"BreadcrumbList","@id":"https:\/\/longchangchemical.com\/product\/terpineol-cas-98-55-5\/#breadcrumb","itemListElement":[{"@type":"ListItem","position":1,"name":"Home","item":"https:\/\/longchangchemical.com\/"},{"@type":"ListItem","position":2,"name":"Products Longchang","item":"https:\/\/longchangchemical.com\/product\/"},{"@type":"ListItem","position":3,"name":"\u03b1-terpineol \/ \u03b2-terpineol \/ \u03b3-terpineol CAS 98-55-5 AND 8000-41-7"}]},{"@type":"WebSite","@id":"https:\/\/longchangchemical.com\/#website","url":"https:\/\/longchangchemical.com\/","name":"Qu\u00edmica Longchang","description":"Fabricante de produtos qu\u00edmicos na China \uff06 fornecedor","publisher":{"@id":"https:\/\/longchangchemical.com\/#organization"},"potentialAction":[{"@type":"SearchAction","target":{"@type":"EntryPoint","urlTemplate":"https:\/\/longchangchemical.com\/?s={search_term_string}"},"query-input":{"@type":"PropertyValueSpecification","valueRequired":true,"valueName":"search_term_string"}}],"inLanguage":"pt-BR"},{"@type":"Organization","@id":"https:\/\/longchangchemical.com\/#organization","name":"Qu\u00edmica Longchang","url":"https:\/\/longchangchemical.com\/","logo":{"@type":"ImageObject","inLanguage":"pt-BR","@id":"https:\/\/longchangchemical.com\/#\/schema\/logo\/image\/","url":"https:\/\/longchangchemical.com\/wp-content\/uploads\/2020\/08\/cropped-longchang-logo.png","contentUrl":"https:\/\/longchangchemical.com\/wp-content\/uploads\/2020\/08\/cropped-longchang-logo.png","width":512,"height":512,"caption":"Longchang Chemical"},"image":{"@id":"https:\/\/longchangchemical.com\/#\/schema\/logo\/image\/"}}]}},"_links":{"self":[{"href":"https:\/\/longchangchemical.com\/pt\/wp-json\/wp\/v2\/product\/4244","targetHints":{"allow":["GET"]}}],"collection":[{"href":"https:\/\/longchangchemical.com\/pt\/wp-json\/wp\/v2\/product"}],"about":[{"href":"https:\/\/longchangchemical.com\/pt\/wp-json\/wp\/v2\/types\/product"}],"replies":[{"embeddable":true,"href":"https:\/\/longchangchemical.com\/pt\/wp-json\/wp\/v2\/comments?post=4244"}],"wp:featuredmedia":[{"embeddable":true,"href":"https:\/\/longchangchemical.com\/pt\/wp-json\/wp\/v2\/media\/6442"}],"wp:attachment":[{"href":"https:\/\/longchangchemical.com\/pt\/wp-json\/wp\/v2\/media?parent=4244"}],"wp:term":[{"taxonomy":"product_brand","embeddable":true,"href":"https:\/\/longchangchemical.com\/pt\/wp-json\/wp\/v2\/product_brand?post=4244"},{"taxonomy":"product_cat","embeddable":true,"href":"https:\/\/longchangchemical.com\/pt\/wp-json\/wp\/v2\/product_cat?post=4244"},{"taxonomy":"product_tag","embeddable":true,"href":"https:\/\/longchangchemical.com\/pt\/wp-json\/wp\/v2\/product_tag?post=4244"}],"curies":[{"name":"wp","href":"https:\/\/api.w.org\/{rel}","templated":true}]}}